{"id":16265,"date":"2021-11-14T14:13:40","date_gmt":"2021-11-14T14:13:40","guid":{"rendered":"https:\/\/welcome-ontour.de\/wordpress\/index.php\/2021-08-17\/"},"modified":"2022-06-30T23:07:07","modified_gmt":"2022-06-30T23:07:07","slug":"2021-08-17","status":"publish","type":"page","link":"https:\/\/welcome-ontour.de\/wordpress\/index.php\/2021-08-17\/","title":{"rendered":"2021 08 17"},"content":{"rendered":"<p style=\"text-align: center;\"><span style=\"font-family: arial, helvetica, sans-serif;\"><span style=\"font-size: 8pt;\"><a href=\"https:\/\/welcome-ontour.de\/wordpress\/index.php\/2021-08-13-prolog\/\">Prolog<\/a>\u00a0 \u00a0 \u00a0\u00a0<a href=\"https:\/\/welcome-ontour.de\/wordpress\/index.php\/2021-08-14\/\">Anreise<\/a>\u00a0 \u00a0 \u00a0\u00a0<a href=\"https:\/\/welcome-ontour.de\/wordpress\/index.php\/2021-08-15\/\">Petrcane<\/a>\u00a0 \u00a0 \u00a0\u00a0<a href=\"https:\/\/welcome-ontour.de\/wordpress\/index.php\/2021-08-21\/\">Voyage<\/a>\u00a0 \u00a0 \u00a0\u00a0<a href=\"https:\/\/welcome-ontour.de\/wordpress\/index.php\/2021-08-22\/\">Krka<\/a>\u00a0\u00a0 \u00a0\u00a0<a href=\"https:\/\/welcome-ontour.de\/wordpress\/index.php\/2021-08-23\/\">Split<\/a>\u00a0 \u00a0 \u00a0\u00a0<a href=\"https:\/\/welcome-ontour.de\/wordpress\/index.php\/2021-08-24\/\">Omis\/Brac<\/a>\u00a0\u00a0 \u00a0\u00a0<a href=\"https:\/\/welcome-ontour.de\/wordpress\/index.php\/2021-08-25\/\">Sibenik<\/a>\u00a0 \u00a0 \u00a0\u00a0<a href=\"https:\/\/welcome-ontour.de\/wordpress\/index.php\/2021-08-26\/\">Kornati<\/a>\u00a0\u00a0 \u00a0\u00a0<a href=\"https:\/\/welcome-ontour.de\/wordpress\/index.php\/2021-08-27\/\">Zadar<\/a>\u00a0 \u00a0 \u00a0\u00a0<a href=\"https:\/\/welcome-ontour.de\/wordpress\/index.php\/2021-08-29\/\">Relax<\/a>\u00a0\u00a0 \u00a0\u00a0<\/span><span style=\"font-size: 8pt;\"><a href=\"https:\/\/welcome-ontour.de\/wordpress\/index.php\/2021-08-31\/\">R\u00fcckreise<\/a>\u00a0 \u00a0 \u00a0\u00a0<a href=\"https:\/\/welcome-ontour.de\/wordpress\/index.php\/2021-09-01-fazit\/\">Fazit<\/a><\/span><\/span><\/p>\n<p style=\"text-align: center;\"><span style=\"font-family: arial, helvetica, sans-serif;\">\u00a0<\/span><\/p>\n<p style=\"text-align: center;\"><span style=\"font-family: arial, helvetica, sans-serif;\"><a href=\"https:\/\/welcome-ontour.de\/wordpress\/index.php\/2021-08-16\/\">&lt; zur\u00fcck<\/a>\u00a0 \u00a0 \u00a0 \u00a0\u00a0 \u00a0 \u00a0 \u00a0 \u00a0 \u00a0 \u00a0 \u00a0 \u00a0 \u00a0 \u00a0 \u00a0 \u00a0 \u00a0 \u00a0 \u00a0 \u00a0 \u00a0 \u00a0 \u00a0 \u00a0 \u00a0 \u00a0 \u00a0 \u00a0 \u00a0 \u00a0 \u00a0 \u00a0 \u00a0 \u00a0 \u00a0 \u00a0 \u00a0 \u00a0 \u00a0 \u00a0 \u00a0 \u00a0 \u00a0 \u00a0 \u00a0 \u00a0 \u00a0 \u00a0 \u00a0 \u00a0 \u00a0 \u00a0 \u00a0 \u00a0 \u00a0 \u00a0 \u00a0 \u00a0 \u00a0 \u00a0 \u00a0 \u00a0 \u00a0 \u00a0 \u00a0 \u00a0 \u00a0 \u00a0 \u00a0 \u00a0 \u00a0 \u00a0 \u00a0 \u00a0 \u00a0 \u00a0 \u00a0 \u00a0 \u00a0 \u00a0 \u00a0 \u00a0 \u00a0 \u00a0 \u00a0 \u00a0 \u00a0 \u00a0 \u00a0 \u00a0 \u00a0 \u00a0 \u00a0 \u00a0 \u00a0 \u00a0 \u00a0 \u00a0 \u00a0 \u00a0 \u00a0 \u00a0\u00a0<a href=\"https:\/\/welcome-ontour.de\/wordpress\/index.php\/2021-08-18\/\">weiter &gt;<\/a><\/span><\/p>\n<p style=\"text-align: center;\">\u00a0<\/p>\n<p style=\"text-align: center;\"><span style=\"font-size: 14pt;\"><strong><span style=\"font-family: arial, helvetica, sans-serif;\">Di 17.8. <\/span><\/strong><\/span><\/p>\n<p style=\"text-align: center;\">\u00a0<\/p>\n<p style=\"text-align: center;\"><span style=\"font-size: 14pt;\"><strong><span style=\"font-family: arial, helvetica, sans-serif;\">Relax<\/span><\/strong><\/span><\/p>\n<p style=\"text-align: center;\"><span style=\"font-family: arial, helvetica, sans-serif; font-size: 12pt;\">\u00a0<\/span><\/p>\n<p style=\"text-align: center;\"><span style=\"font-family: arial, helvetica, sans-serif; font-size: 12pt;\">Wieder erwartet uns ein sonniger Tag.<\/span><\/p>\n<p style=\"text-align: center;\"><span style=\"font-family: arial, helvetica, sans-serif; font-size: 12pt;\">Schon an unserem Fr\u00fchst\u00fcckstisch herrschen 29\u00b0.<\/span><\/p>\n<p style=\"text-align: center;\"><span style=\"font-family: arial, helvetica, sans-serif; font-size: 12pt;\">Trotzdem entscheiden wir, erstmal nach Zadar zu Lidl zu fahren.<\/span><\/p>\n<p style=\"text-align: center;\"><span style=\"font-family: arial, helvetica, sans-serif; font-size: 12pt;\">Dauert bei dem ziemlichen Verkehr gute 30 min.<\/span><\/p>\n<p style=\"text-align: center;\"><span style=\"font-family: arial, helvetica, sans-serif; font-size: 12pt;\">Wir brauchen Sonnenschutz und Wasser.<\/span><\/p>\n<p style=\"text-align: center;\"><span style=\"font-family: arial, helvetica, sans-serif; font-size: 12pt;\">Nicht nur f\u00fcr die restlichen Tage in Petrcane, sondern auch f\u00fcr die Zeit auf dem Schiff.<\/span><\/p>\n<p style=\"text-align: center;\"><span style=\"font-family: arial, helvetica, sans-serif; font-size: 12pt;\">Und da das Lidl Sun Spray 30 bei uns so gut funktioniert, versorgen wir uns gleich f\u00fcr den Rest des Urlaubs.<\/span><\/p>\n<p style=\"text-align: center;\"><span style=\"font-family: arial, helvetica, sans-serif; font-size: 12pt;\">Noch am Vormittag sind wir zur\u00fcck und genehmigen uns zum Lunch im Konoba Orka Restaurant <\/span><\/p>\n<p style=\"text-align: center;\"><span style=\"font-family: arial, helvetica, sans-serif; font-size: 12pt;\">frischen Kalamaris Salat und Spaghetti mit Meeresfr\u00fcchten.<\/span><\/p>\n<p style=\"text-align: center;\"><span style=\"font-family: arial, helvetica, sans-serif; font-size: 12pt;\">\u00a0<\/span><\/p>\n<p style=\"text-align: center;\"><span style=\"font-family: arial, helvetica, sans-serif; font-size: 12pt;\"><img decoding=\"async\" class=\" size-full wp-image-16248\" title=\"Orka\" src=\"https:\/\/welcome-ontour.de\/wordpress\/wp-content\/uploads\/2021\/11\/phoca_thumb_l_2021-08-17-01.jpg\" alt=\"\" width=\"210\" height=\"279\" srcset=\"https:\/\/welcome-ontour.de\/wordpress\/wp-content\/uploads\/2021\/11\/phoca_thumb_l_2021-08-17-01.jpg 301w, https:\/\/welcome-ontour.de\/wordpress\/wp-content\/uploads\/2021\/11\/phoca_thumb_l_2021-08-17-01-226x300.jpg 226w\" sizes=\"(max-width: 210px) 100vw, 210px\" \/>\u00a0 <img decoding=\"async\" class=\" size-full wp-image-16249\" title=\"Petrcane Bucht\" src=\"https:\/\/welcome-ontour.de\/wordpress\/wp-content\/uploads\/2021\/11\/phoca_thumb_l_2021-08-17-02.jpg\" alt=\"\" width=\"370\" height=\"279\" srcset=\"https:\/\/welcome-ontour.de\/wordpress\/wp-content\/uploads\/2021\/11\/phoca_thumb_l_2021-08-17-02.jpg 400w, https:\/\/welcome-ontour.de\/wordpress\/wp-content\/uploads\/2021\/11\/phoca_thumb_l_2021-08-17-02-300x227.jpg 300w\" sizes=\"(max-width: 370px) 100vw, 370px\" \/>\u00a0 <img decoding=\"async\" class=\" size-full wp-image-16250\" title=\"Immer dabei, leckeres frisches Oliven\u00f6l\" src=\"https:\/\/welcome-ontour.de\/wordpress\/wp-content\/uploads\/2021\/11\/phoca_thumb_l_2021-08-17-03.jpg\" alt=\"\" width=\"211\" height=\"279\" srcset=\"https:\/\/welcome-ontour.de\/wordpress\/wp-content\/uploads\/2021\/11\/phoca_thumb_l_2021-08-17-03.jpg 302w, https:\/\/welcome-ontour.de\/wordpress\/wp-content\/uploads\/2021\/11\/phoca_thumb_l_2021-08-17-03-227x300.jpg 227w\" sizes=\"(max-width: 211px) 100vw, 211px\" \/><\/span><\/p>\n<p style=\"text-align: center;\"><span style=\"font-family: arial, helvetica, sans-serif; font-size: 12pt;\"><a href=\"https:\/\/welcome-ontour.de\/wordpress\/wp-content\/uploads\/2021\/11\/phoca_thumb_l_2021-08-17-04.jpg\" target=\"_blank\" rel=\"noopener noreferrer\"><img decoding=\"async\" class=\" size-full wp-image-16252 size-full wp-image-16251\" title=\"icke\" src=\"https:\/\/welcome-ontour.de\/wordpress\/wp-content\/uploads\/2021\/11\/phoca_thumb_l_2021-08-17-05.jpg\" width=\"210\" height=\"279\" srcset=\"https:\/\/welcome-ontour.de\/wordpress\/wp-content\/uploads\/2021\/11\/phoca_thumb_l_2021-08-17-05.jpg 302w, https:\/\/welcome-ontour.de\/wordpress\/wp-content\/uploads\/2021\/11\/phoca_thumb_l_2021-08-17-05-227x300.jpg 227w\" sizes=\"(max-width: 210px) 100vw, 210px\" \/>\u00a0\u00a0<img decoding=\"async\" title=\"Salat Kalamaris\" src=\"https:\/\/welcome-ontour.de\/wordpress\/wp-content\/uploads\/2021\/11\/phoca_thumb_l_2021-08-17-04.jpg\" width=\"370\" height=\"279\" \/><\/a>\u00a0\u00a0<img decoding=\"async\" class=\" size-full wp-image-16253\" title=\"Spaghetti mit Meeresfr\u00fcchten\" src=\"https:\/\/welcome-ontour.de\/wordpress\/wp-content\/uploads\/2021\/11\/phoca_thumb_l_2021-08-17-06.jpg\" width=\"210\" height=\"279\" srcset=\"https:\/\/welcome-ontour.de\/wordpress\/wp-content\/uploads\/2021\/11\/phoca_thumb_l_2021-08-17-06.jpg 302w, https:\/\/welcome-ontour.de\/wordpress\/wp-content\/uploads\/2021\/11\/phoca_thumb_l_2021-08-17-06-227x300.jpg 227w\" sizes=\"(max-width: 210px) 100vw, 210px\" \/><\/span><\/p>\n<p style=\"text-align: center;\"><span style=\"font-family: arial, helvetica, sans-serif; font-size: 12pt;\">\u00a0<\/span><\/p>\n<p style=\"text-align: center;\"><span style=\"font-family: arial, helvetica, sans-serif; font-size: 12pt;\">Ab um eins liegen wir auf unseren Strandliegen in der wunderbar warmen dalmatinischen Sonne.<\/span><\/p>\n<p style=\"text-align: center;\"><span style=\"font-family: arial, helvetica, sans-serif; font-size: 12pt;\">\u00a0<\/span><\/p>\n<p style=\"text-align: center;\"><span style=\"font-family: arial, helvetica, sans-serif; font-size: 12pt;\"><img decoding=\"async\" class=\" size-full wp-image-16254\" title=\"Strand\" src=\"https:\/\/welcome-ontour.de\/wordpress\/wp-content\/uploads\/2021\/11\/phoca_thumb_l_2021-08-17-07.jpg\" alt=\"\" width=\"400\" height=\"302\" srcset=\"https:\/\/welcome-ontour.de\/wordpress\/wp-content\/uploads\/2021\/11\/phoca_thumb_l_2021-08-17-07.jpg 400w, https:\/\/welcome-ontour.de\/wordpress\/wp-content\/uploads\/2021\/11\/phoca_thumb_l_2021-08-17-07-300x227.jpg 300w\" sizes=\"(max-width: 400px) 100vw, 400px\" \/>\u00a0 <img decoding=\"async\" class=\" size-full wp-image-16255\" title=\"Strand\" src=\"https:\/\/welcome-ontour.de\/wordpress\/wp-content\/uploads\/2021\/11\/phoca_thumb_l_2021-08-17-08.jpg\" alt=\"\" width=\"400\" height=\"302\" srcset=\"https:\/\/welcome-ontour.de\/wordpress\/wp-content\/uploads\/2021\/11\/phoca_thumb_l_2021-08-17-08.jpg 400w, https:\/\/welcome-ontour.de\/wordpress\/wp-content\/uploads\/2021\/11\/phoca_thumb_l_2021-08-17-08-300x227.jpg 300w\" sizes=\"(max-width: 400px) 100vw, 400px\" \/><\/span><\/p>\n<p style=\"text-align: center;\"><span style=\"font-family: arial, helvetica, sans-serif; font-size: 12pt;\"><img decoding=\"async\" class=\" size-full wp-image-16256\" title=\"Am Strand\" src=\"https:\/\/welcome-ontour.de\/wordpress\/wp-content\/uploads\/2021\/11\/phoca_thumb_l_2021-08-17-09.jpg\" alt=\"\" width=\"211\" height=\"279\" srcset=\"https:\/\/welcome-ontour.de\/wordpress\/wp-content\/uploads\/2021\/11\/phoca_thumb_l_2021-08-17-09.jpg 302w, https:\/\/welcome-ontour.de\/wordpress\/wp-content\/uploads\/2021\/11\/phoca_thumb_l_2021-08-17-09-227x300.jpg 227w\" sizes=\"(max-width: 211px) 100vw, 211px\" \/>\u00a0 <img decoding=\"async\" class=\" size-full wp-image-16257\" title=\"Stand Up\" src=\"https:\/\/welcome-ontour.de\/wordpress\/wp-content\/uploads\/2021\/11\/phoca_thumb_l_2021-08-17-10.jpg\" alt=\"\" width=\"370\" height=\"279\" srcset=\"https:\/\/welcome-ontour.de\/wordpress\/wp-content\/uploads\/2021\/11\/phoca_thumb_l_2021-08-17-10.jpg 400w, https:\/\/welcome-ontour.de\/wordpress\/wp-content\/uploads\/2021\/11\/phoca_thumb_l_2021-08-17-10-300x227.jpg 300w\" sizes=\"(max-width: 370px) 100vw, 370px\" \/>\u00a0 <img decoding=\"async\" class=\" size-full wp-image-16258\" title=\"Lasko aus Slowenien\" src=\"https:\/\/welcome-ontour.de\/wordpress\/wp-content\/uploads\/2021\/11\/phoca_thumb_l_2021-08-17-11.jpg\" alt=\"\" width=\"211\" height=\"279\" srcset=\"https:\/\/welcome-ontour.de\/wordpress\/wp-content\/uploads\/2021\/11\/phoca_thumb_l_2021-08-17-11.jpg 302w, https:\/\/welcome-ontour.de\/wordpress\/wp-content\/uploads\/2021\/11\/phoca_thumb_l_2021-08-17-11-227x300.jpg 227w\" sizes=\"(max-width: 211px) 100vw, 211px\" \/><\/span><\/p>\n<p style=\"text-align: center;\"><span style=\"font-family: arial, helvetica, sans-serif; font-size: 12pt;\">\u00a0<\/span><\/p>\n<p style=\"text-align: center;\"><span style=\"font-family: arial, helvetica, sans-serif; font-size: 12pt;\">Bei absoluter Windstille kann man heute sehr gut schwimmen.<\/span><\/p>\n<p style=\"text-align: center;\"><span style=\"font-family: arial, helvetica, sans-serif; font-size: 12pt;\">Danach, fast schon traditionell, Duschen, Dinner,<\/span><\/p>\n<p style=\"text-align: center;\"><span style=\"font-family: arial, helvetica, sans-serif; font-size: 12pt;\">\u00a0<\/span><\/p>\n<p style=\"text-align: center;\"><span style=\"font-family: arial, helvetica, sans-serif; font-size: 12pt;\"><img decoding=\"async\" class=\" size-full wp-image-16259\" title=\"Unser Dinner Tisch\" src=\"https:\/\/welcome-ontour.de\/wordpress\/wp-content\/uploads\/2021\/11\/phoca_thumb_l_2021-08-17-12.jpg\" alt=\"\" width=\"211\" height=\"279\" srcset=\"https:\/\/welcome-ontour.de\/wordpress\/wp-content\/uploads\/2021\/11\/phoca_thumb_l_2021-08-17-12.jpg 302w, https:\/\/welcome-ontour.de\/wordpress\/wp-content\/uploads\/2021\/11\/phoca_thumb_l_2021-08-17-12-227x300.jpg 227w\" sizes=\"(max-width: 211px) 100vw, 211px\" \/>\u00a0 <img decoding=\"async\" class=\" size-full wp-image-16260\" title=\"Abendb\u00fcfett\" src=\"https:\/\/welcome-ontour.de\/wordpress\/wp-content\/uploads\/2021\/11\/phoca_thumb_l_2021-08-17-13.jpg\" alt=\"\" width=\"370\" height=\"279\" srcset=\"https:\/\/welcome-ontour.de\/wordpress\/wp-content\/uploads\/2021\/11\/phoca_thumb_l_2021-08-17-13.jpg 400w, https:\/\/welcome-ontour.de\/wordpress\/wp-content\/uploads\/2021\/11\/phoca_thumb_l_2021-08-17-13-300x227.jpg 300w\" sizes=\"(max-width: 370px) 100vw, 370px\" \/>\u00a0 <img decoding=\"async\" class=\" size-full wp-image-16261\" title=\"Limun Radler\" src=\"https:\/\/welcome-ontour.de\/wordpress\/wp-content\/uploads\/2021\/11\/phoca_thumb_l_2021-08-17-14.jpg\" alt=\"\" width=\"211\" height=\"279\" srcset=\"https:\/\/welcome-ontour.de\/wordpress\/wp-content\/uploads\/2021\/11\/phoca_thumb_l_2021-08-17-14.jpg 302w, https:\/\/welcome-ontour.de\/wordpress\/wp-content\/uploads\/2021\/11\/phoca_thumb_l_2021-08-17-14-227x300.jpg 227w\" sizes=\"(max-width: 211px) 100vw, 211px\" \/><\/span><\/p>\n<p style=\"text-align: center;\"><span style=\"font-family: arial, helvetica, sans-serif; font-size: 12pt;\">\u00a0<\/span><\/p>\n<p style=\"text-align: center;\"><span style=\"font-family: arial, helvetica, sans-serif; font-size: 12pt;\">Sunset<\/span><\/p>\n<p style=\"text-align: center;\"><span style=\"font-family: arial, helvetica, sans-serif; font-size: 12pt;\">\u00a0<\/span><\/p>\n<p style=\"text-align: center;\"><span style=\"font-family: arial, helvetica, sans-serif; font-size: 12pt;\"><img decoding=\"async\" class=\" size-full wp-image-16262\" title=\"Sonnenuntergang\" src=\"https:\/\/welcome-ontour.de\/wordpress\/wp-content\/uploads\/2021\/11\/phoca_thumb_l_2021-08-17-15.jpg\" alt=\"\" width=\"810\" height=\"395\" srcset=\"https:\/\/welcome-ontour.de\/wordpress\/wp-content\/uploads\/2021\/11\/phoca_thumb_l_2021-08-17-15.jpg 810w, https:\/\/welcome-ontour.de\/wordpress\/wp-content\/uploads\/2021\/11\/phoca_thumb_l_2021-08-17-15-300x146.jpg 300w, https:\/\/welcome-ontour.de\/wordpress\/wp-content\/uploads\/2021\/11\/phoca_thumb_l_2021-08-17-15-700x341.jpg 700w, https:\/\/welcome-ontour.de\/wordpress\/wp-content\/uploads\/2021\/11\/phoca_thumb_l_2021-08-17-15-768x375.jpg 768w\" sizes=\"(max-width: 810px) 100vw, 810px\" \/><\/span><\/p>\n<p style=\"text-align: center;\"><span style=\"font-family: arial, helvetica, sans-serif; font-size: 12pt;\">\u00a0<\/span><\/p>\n<p style=\"text-align: center;\"><span style=\"font-family: arial, helvetica, sans-serif; font-size: 12pt;\">und ab in die Fratelli Bar.<\/span><\/p>\n<p style=\"text-align: center;\"><span style=\"font-family: arial, helvetica, sans-serif; font-size: 12pt;\">\u00a0<\/span><\/p>\n<p style=\"text-align: center;\"><span style=\"font-family: arial, helvetica, sans-serif; font-size: 12pt;\"><img decoding=\"async\" class=\" size-full wp-image-16263\" title=\"Abendspaziergang\" src=\"https:\/\/welcome-ontour.de\/wordpress\/wp-content\/uploads\/2021\/11\/phoca_thumb_l_2021-08-17-16.jpg\" alt=\"\" width=\"400\" height=\"279\" srcset=\"https:\/\/welcome-ontour.de\/wordpress\/wp-content\/uploads\/2021\/11\/phoca_thumb_l_2021-08-17-16.jpg 400w, https:\/\/welcome-ontour.de\/wordpress\/wp-content\/uploads\/2021\/11\/phoca_thumb_l_2021-08-17-16-300x209.jpg 300w\" sizes=\"(max-width: 400px) 100vw, 400px\" \/>\u00a0 <img decoding=\"async\" class=\" size-full wp-image-16264\" title=\"Fratelli\" src=\"https:\/\/welcome-ontour.de\/wordpress\/wp-content\/uploads\/2021\/11\/phoca_thumb_l_2021-08-17-17.jpg\" alt=\"\" width=\"400\" height=\"279\" srcset=\"https:\/\/welcome-ontour.de\/wordpress\/wp-content\/uploads\/2021\/11\/phoca_thumb_l_2021-08-17-17.jpg 400w, https:\/\/welcome-ontour.de\/wordpress\/wp-content\/uploads\/2021\/11\/phoca_thumb_l_2021-08-17-17-300x209.jpg 300w\" sizes=\"(max-width: 400px) 100vw, 400px\" \/><\/span><\/p>\n<p style=\"text-align: center;\"><span style=\"font-family: arial, helvetica, sans-serif; font-size: 12pt;\">\u00a0<\/span><\/p>\n<p style=\"text-align: center;\"><span style=\"font-family: arial, helvetica, sans-serif; font-size: 12pt;\">Man kennt uns bereits und ein kurzes Kopfnicken reicht f\u00fcr Drinks und Bier.<\/span><\/p>\n<p style=\"text-align: center;\"><span style=\"font-family: arial, helvetica, sans-serif; font-size: 12pt;\">\u00a0<\/span><\/p>\n<p style=\"text-align: center;\"><span style=\"font-family: arial, helvetica, sans-serif; font-size: 12pt;\">Gefahrene Kilometer: 34<\/span><\/p>\n<p style=\"text-align: center;\"><span style=\"font-family: arial, helvetica, sans-serif; font-size: 12pt;\">\u00a0<\/span><\/p>\n<p style=\"text-align: center;\"><span style=\"font-family: arial, helvetica, sans-serif; font-size: 12pt;\">Unterkunft: Pinija Hotel, Petrcane, 141\u20ac *****<\/span><\/p>\n<p style=\"text-align: center;\"><span style=\"font-family: arial, helvetica, sans-serif; font-size: 12pt;\">\u00a0<\/span><\/p>\n<p style=\"text-align: center;\"><span style=\"font-family: arial, helvetica, sans-serif; font-size: 12pt;\"><img decoding=\"async\" class=\" size-full wp-image-16178\" title=\"Kroatien 2021\" src=\"https:\/\/welcome-ontour.de\/wordpress\/wp-content\/uploads\/2021\/11\/phoca_thumb_l_2021-08-13-03.jpg\" width=\"250\" height=\"95\" \/><\/span><\/p>\n<p style=\"text-align: center;\"><span style=\"font-family: arial, helvetica, sans-serif; font-size: 12pt;\">\u00a0<\/span><\/p>\n<p style=\"text-align: center;\"><a href=\"https:\/\/welcome-ontour.de\/wordpress\/index.php\/2021-08-16\/\">&lt; zur\u00fcck<\/a>\u00a0 \u00a0 \u00a0 \u00a0 \u00a0 \u00a0 \u00a0 \u00a0 \u00a0 \u00a0 \u00a0 \u00a0 \u00a0 \u00a0 \u00a0 \u00a0 \u00a0 \u00a0 \u00a0 \u00a0 \u00a0 \u00a0 \u00a0 \u00a0 \u00a0 \u00a0 \u00a0 \u00a0 \u00a0 \u00a0 \u00a0 \u00a0 \u00a0 \u00a0 \u00a0 \u00a0 \u00a0 \u00a0 \u00a0 \u00a0 \u00a0 \u00a0 \u00a0 \u00a0 \u00a0 \u00a0 \u00a0 \u00a0 \u00a0 \u00a0 \u00a0 \u00a0 \u00a0 \u00a0 \u00a0 \u00a0 \u00a0 \u00a0 \u00a0 \u00a0 \u00a0 \u00a0 \u00a0 \u00a0 \u00a0 \u00a0 \u00a0 \u00a0 \u00a0 \u00a0 \u00a0 \u00a0 \u00a0 \u00a0 \u00a0 \u00a0 \u00a0 \u00a0 \u00a0 \u00a0 \u00a0 \u00a0 \u00a0 \u00a0 \u00a0 \u00a0 \u00a0 \u00a0 \u00a0 \u00a0 \u00a0 \u00a0 \u00a0 \u00a0 \u00a0 \u00a0 \u00a0 \u00a0 \u00a0\u00a0<a href=\"https:\/\/welcome-ontour.de\/wordpress\/index.php\/2021-08-18\/\">weiter &gt;<\/a><\/p>\n","protected":false},"excerpt":{"rendered":"<p>Prolog\u00a0 \u00a0 \u00a0\u00a0Anreise\u00a0 \u00a0 \u00a0\u00a0Petrcane\u00a0 \u00a0 \u00a0\u00a0Voyage\u00a0 \u00a0 \u00a0\u00a0Krka\u00a0\u00a0 \u00a0\u00a0Split\u00a0 \u00a0 \u00a0\u00a0Omis\/Brac\u00a0\u00a0 \u00a0\u00a0Sibenik\u00a0 \u00a0 \u00a0\u00a0Kornati\u00a0\u00a0 \u00a0\u00a0Zadar\u00a0 \u00a0 \u00a0\u00a0Relax\u00a0\u00a0 \u00a0\u00a0R\u00fcckreise\u00a0 \u00a0 \u00a0\u00a0Fazit \u00a0 &lt; zur\u00fcck\u00a0 \u00a0 \u00a0 \u00a0\u00a0 \u00a0 \u00a0 \u00a0 \u00a0 \u00a0 \u00a0 \u00a0 \u00a0 \u00a0 \u00a0 \u00a0 \u00a0 \u00a0 \u00a0 \u00a0 \u00a0 \u00a0 \u00a0 \u00a0 \u00a0 \u00a0 \u00a0 \u00a0 \u00a0 \u00a0 \u00a0 \u00a0 \u00a0 \u00a0 \u00a0 \u00a0 \u00a0 \u00a0 \u00a0 \u00a0 \u00a0 \u00a0 \u00a0 \u00a0 \u00a0 \u00a0 \u00a0 \u00a0 \u00a0 \u00a0 \u00a0 \u00a0 \u00a0 \u00a0 \u00a0 \u00a0 \u00a0 \u00a0 \u00a0 \u00a0 \u00a0 \u00a0 \u00a0 \u00a0 \u00a0 \u00a0 \u00a0 \u00a0 \u00a0 \u00a0 \u00a0 \u00a0 \u00a0 \u00a0 \u00a0 \u00a0 \u00a0 \u00a0 \u00a0 \u00a0 \u00a0 \u00a0 \u00a0 \u00a0 \u00a0 \u00a0 \u00a0 \u00a0 \u00a0 \u00a0 \u00a0 \u00a0 \u00a0 \u00a0 \u00a0 \u00a0 \u00a0 \u00a0 \u00a0 \u00a0 \u00a0 \u00a0 \u00a0\u00a0weiter &gt; \u00a0 Di 17.8. \u00a0 Relax \u00a0 Wieder erwartet uns ein sonniger Tag. Schon an unserem Fr\u00fchst\u00fcckstisch herrschen 29\u00b0. Trotzdem entscheiden wir, erstmal nach Zadar zu Lidl zu fahren. Dauert bei dem ziemlichen Verkehr gute 30 min. Wir brauchen Sonnenschutz und Wasser. Nicht nur f\u00fcr die restlichen Tage in Petrcane, sondern auch f\u00fcr die Zeit auf dem Schiff. Und da das Lidl Sun Spray 30 bei uns so gut funktioniert, versorgen wir uns gleich f\u00fcr den Rest des Urlaubs. Noch am Vormittag sind wir zur\u00fcck und genehmigen uns zum Lunch im Konoba Orka Restaurant frischen Kalamaris Salat und Spaghetti mit Meeresfr\u00fcchten. \u00a0 \u00a0 \u00a0 \u00a0\u00a0\u00a0\u00a0 \u00a0 Ab um eins liegen wir auf unseren Strandliegen in der wunderbar warmen dalmatinischen Sonne. \u00a0 \u00a0 \u00a0 \u00a0 \u00a0 Bei absoluter Windstille kann man heute sehr gut schwimmen. Danach, fast schon traditionell, Duschen, Dinner, \u00a0 \u00a0 \u00a0 \u00a0 Sunset \u00a0 \u00a0 und ab in die Fratelli Bar. \u00a0 \u00a0 \u00a0 Man kennt uns bereits und ein kurzes Kopfnicken reicht f\u00fcr Drinks und Bier. \u00a0 Gefahrene Kilometer: 34 \u00a0 Unterkunft: Pinija Hotel, Petrcane, 141\u20ac ***** \u00a0 \u00a0 &lt; zur\u00fcck\u00a0 \u00a0 \u00a0 \u00a0 \u00a0 \u00a0 \u00a0 \u00a0 \u00a0 \u00a0 \u00a0 \u00a0 \u00a0 \u00a0 \u00a0 \u00a0 \u00a0 \u00a0 \u00a0 \u00a0 \u00a0 \u00a0 \u00a0 \u00a0 \u00a0 \u00a0 \u00a0 \u00a0 \u00a0 \u00a0 \u00a0 \u00a0 \u00a0 \u00a0 \u00a0 \u00a0 \u00a0 \u00a0 \u00a0 \u00a0 \u00a0 \u00a0 \u00a0 \u00a0 \u00a0 \u00a0 \u00a0 \u00a0 \u00a0 \u00a0 \u00a0 \u00a0 \u00a0 \u00a0 \u00a0 \u00a0 \u00a0 \u00a0 \u00a0 \u00a0 \u00a0 \u00a0 \u00a0 \u00a0 \u00a0 \u00a0 \u00a0 \u00a0 \u00a0 \u00a0 \u00a0 \u00a0 \u00a0 \u00a0 \u00a0 \u00a0 \u00a0 \u00a0 \u00a0 \u00a0 \u00a0 \u00a0 \u00a0 \u00a0 \u00a0 \u00a0 \u00a0 \u00a0 \u00a0 \u00a0 \u00a0 \u00a0 \u00a0 \u00a0 \u00a0 \u00a0 \u00a0 \u00a0 \u00a0\u00a0weiter &gt;<\/p>\n","protected":false},"author":1,"featured_media":16248,"parent":0,"menu_order":15,"comment_status":"closed","ping_status":"closed","template":"","meta":{"footnotes":""},"class_list":["post-16265","page","type-page","status-publish","has-post-thumbnail","hentry"],"_links":{"self":[{"href":"https:\/\/welcome-ontour.de\/wordpress\/index.php\/wp-json\/wp\/v2\/pages\/16265","targetHints":{"allow":["GET"]}}],"collection":[{"href":"https:\/\/welcome-ontour.de\/wordpress\/index.php\/wp-json\/wp\/v2\/pages"}],"about":[{"href":"https:\/\/welcome-ontour.de\/wordpress\/index.php\/wp-json\/wp\/v2\/types\/page"}],"author":[{"embeddable":true,"href":"https:\/\/welcome-ontour.de\/wordpress\/index.php\/wp-json\/wp\/v2\/users\/1"}],"replies":[{"embeddable":true,"href":"https:\/\/welcome-ontour.de\/wordpress\/index.php\/wp-json\/wp\/v2\/comments?post=16265"}],"version-history":[{"count":1,"href":"https:\/\/welcome-ontour.de\/wordpress\/index.php\/wp-json\/wp\/v2\/pages\/16265\/revisions"}],"predecessor-version":[{"id":16707,"href":"https:\/\/welcome-ontour.de\/wordpress\/index.php\/wp-json\/wp\/v2\/pages\/16265\/revisions\/16707"}],"wp:featuredmedia":[{"embeddable":true,"href":"https:\/\/welcome-ontour.de\/wordpress\/index.php\/wp-json\/wp\/v2\/media\/16248"}],"wp:attachment":[{"href":"https:\/\/welcome-ontour.de\/wordpress\/index.php\/wp-json\/wp\/v2\/media?parent=16265"}],"curies":[{"name":"wp","href":"https:\/\/api.w.org\/{rel}","templated":true}]}}