{"id":16247,"date":"2021-11-14T14:13:32","date_gmt":"2021-11-14T14:13:32","guid":{"rendered":"https:\/\/welcome-ontour.de\/wordpress\/index.php\/2021-08-16\/"},"modified":"2022-06-30T23:07:07","modified_gmt":"2022-06-30T23:07:07","slug":"2021-08-16","status":"publish","type":"page","link":"https:\/\/welcome-ontour.de\/wordpress\/index.php\/2021-08-16\/","title":{"rendered":"2021 08 16"},"content":{"rendered":"<p style=\"text-align: center;\"><span style=\"font-family: arial, helvetica, sans-serif;\"><span style=\"font-size: 8pt;\"><a href=\"https:\/\/welcome-ontour.de\/wordpress\/index.php\/2021-08-13-prolog\/\">Prolog<\/a>\u00a0 \u00a0 \u00a0\u00a0<a href=\"https:\/\/welcome-ontour.de\/wordpress\/index.php\/2021-08-14\/\">Anreise<\/a>\u00a0 \u00a0 \u00a0\u00a0<a href=\"https:\/\/welcome-ontour.de\/wordpress\/index.php\/2021-08-15\/\">Petrcane<\/a>\u00a0 \u00a0 \u00a0\u00a0<a href=\"https:\/\/welcome-ontour.de\/wordpress\/index.php\/2021-08-21\/\">Voyage<\/a>\u00a0 \u00a0 \u00a0\u00a0<a href=\"https:\/\/welcome-ontour.de\/wordpress\/index.php\/2021-08-22\/\">Krka<\/a>\u00a0\u00a0 \u00a0\u00a0<a href=\"https:\/\/welcome-ontour.de\/wordpress\/index.php\/2021-08-23\/\">Split<\/a>\u00a0 \u00a0 \u00a0\u00a0<a href=\"https:\/\/welcome-ontour.de\/wordpress\/index.php\/2021-08-24\/\">Omis\/Brac<\/a>\u00a0\u00a0 \u00a0\u00a0<a href=\"https:\/\/welcome-ontour.de\/wordpress\/index.php\/2021-08-25\/\">Sibenik<\/a>\u00a0 \u00a0 \u00a0\u00a0<a href=\"https:\/\/welcome-ontour.de\/wordpress\/index.php\/2021-08-26\/\">Kornati<\/a>\u00a0\u00a0 \u00a0\u00a0<a href=\"https:\/\/welcome-ontour.de\/wordpress\/index.php\/2021-08-27\/\">Zadar<\/a>\u00a0 \u00a0 \u00a0\u00a0<a href=\"https:\/\/welcome-ontour.de\/wordpress\/index.php\/2021-08-29\/\">Relax<\/a>\u00a0\u00a0 \u00a0\u00a0<\/span><span style=\"font-size: 8pt;\"><a href=\"https:\/\/welcome-ontour.de\/wordpress\/index.php\/2021-08-31\/\">R\u00fcckreise<\/a>\u00a0 \u00a0 \u00a0\u00a0<a href=\"https:\/\/welcome-ontour.de\/wordpress\/index.php\/2021-09-01-fazit\/\">Fazit<\/a><\/span><\/span><\/p>\n<p style=\"text-align: center;\"><span style=\"font-family: arial, helvetica, sans-serif;\">\u00a0<\/span><\/p>\n<p style=\"text-align: center;\"><span style=\"font-family: arial, helvetica, sans-serif;\"><a href=\"https:\/\/welcome-ontour.de\/wordpress\/index.php\/2021-08-15\/\">&lt; zur\u00fcck<\/a>\u00a0 \u00a0 \u00a0 \u00a0\u00a0 \u00a0 \u00a0 \u00a0 \u00a0 \u00a0 \u00a0 \u00a0 \u00a0 \u00a0 \u00a0 \u00a0 \u00a0 \u00a0 \u00a0 \u00a0 \u00a0 \u00a0 \u00a0 \u00a0 \u00a0 \u00a0 \u00a0 \u00a0 \u00a0 \u00a0 \u00a0 \u00a0 \u00a0 \u00a0 \u00a0 \u00a0 \u00a0 \u00a0 \u00a0 \u00a0 \u00a0 \u00a0 \u00a0 \u00a0 \u00a0 \u00a0 \u00a0 \u00a0 \u00a0 \u00a0 \u00a0 \u00a0 \u00a0 \u00a0 \u00a0 \u00a0 \u00a0 \u00a0 \u00a0 \u00a0 \u00a0 \u00a0 \u00a0 \u00a0 \u00a0 \u00a0 \u00a0 \u00a0 \u00a0 \u00a0 \u00a0 \u00a0 \u00a0 \u00a0 \u00a0 \u00a0 \u00a0 \u00a0 \u00a0 \u00a0 \u00a0 \u00a0 \u00a0 \u00a0 \u00a0 \u00a0 \u00a0 \u00a0 \u00a0 \u00a0 \u00a0 \u00a0 \u00a0 \u00a0 \u00a0 \u00a0 \u00a0 \u00a0 \u00a0 \u00a0 \u00a0 \u00a0 \u00a0\u00a0<a href=\"https:\/\/welcome-ontour.de\/wordpress\/index.php\/2021-08-17\/\">weiter &gt;<\/a><\/span><\/p>\n<p style=\"text-align: center;\">\u00a0<\/p>\n<p style=\"text-align: center;\"><span style=\"font-size: 14pt;\"><strong><span style=\"font-family: arial, helvetica, sans-serif;\">Mo 16.8. <\/span><\/strong><\/span><\/p>\n<p style=\"text-align: center;\">\u00a0<\/p>\n<p style=\"text-align: center;\"><span style=\"font-size: 14pt;\"><strong><span style=\"font-family: arial, helvetica, sans-serif;\">Relax<\/span><\/strong><\/span><\/p>\n<p style=\"text-align: center;\"><span style=\"font-family: arial, helvetica, sans-serif; font-size: 12pt;\">\u00a0<\/span><\/p>\n<p style=\"text-align: center;\"><span style=\"font-family: arial, helvetica, sans-serif; font-size: 12pt;\">Um sieben sind wir wach, um acht beim Fr\u00fchst\u00fcck und um neun liegen wir bereits am Strand.<\/span><\/p>\n<p style=\"text-align: center;\"><span style=\"font-family: arial, helvetica, sans-serif; font-size: 12pt;\">\u00a0<\/span><\/p>\n<p style=\"text-align: center;\"><span style=\"font-family: arial, helvetica, sans-serif; font-size: 12pt;\"><img decoding=\"async\" class=\" size-full wp-image-16234\" title=\"Blick vom Fr\u00fchst\u00fcckstisch\" src=\"https:\/\/welcome-ontour.de\/wordpress\/wp-content\/uploads\/2021\/11\/phoca_thumb_l_2021-08-16-01.jpg\" alt=\"\" width=\"810\" height=\"397\" srcset=\"https:\/\/welcome-ontour.de\/wordpress\/wp-content\/uploads\/2021\/11\/phoca_thumb_l_2021-08-16-01.jpg 810w, https:\/\/welcome-ontour.de\/wordpress\/wp-content\/uploads\/2021\/11\/phoca_thumb_l_2021-08-16-01-300x147.jpg 300w, https:\/\/welcome-ontour.de\/wordpress\/wp-content\/uploads\/2021\/11\/phoca_thumb_l_2021-08-16-01-700x343.jpg 700w, https:\/\/welcome-ontour.de\/wordpress\/wp-content\/uploads\/2021\/11\/phoca_thumb_l_2021-08-16-01-768x376.jpg 768w\" sizes=\"(max-width: 810px) 100vw, 810px\" \/><\/span><\/p>\n<p style=\"text-align: center;\"><span style=\"font-family: arial, helvetica, sans-serif; font-size: 12pt;\">\u00a0<\/span><\/p>\n<p style=\"text-align: center;\"><span style=\"font-family: arial, helvetica, sans-serif; font-size: 12pt;\">Es ist teilweise bedeckt, teilweise sonnig und schon so fr\u00fch sind wieder 35\u00b0.<\/span><\/p>\n<p style=\"text-align: center;\"><span style=\"font-family: arial, helvetica, sans-serif; font-size: 12pt;\">Wir freuen uns trotzdem \u00fcber die Schatten spendenden Pinien und Ute l\u00e4uft ein Skorpion \u00fcber den Weg.<\/span><\/p>\n<p style=\"text-align: center;\"><span style=\"font-family: arial, helvetica, sans-serif; font-size: 12pt;\">\u00a0<\/span><\/p>\n<p style=\"text-align: center;\"><span style=\"font-family: arial, helvetica, sans-serif; font-size: 12pt;\"><img decoding=\"async\" class=\" size-full wp-image-16235\" title=\"Pinienzapfen\" src=\"https:\/\/welcome-ontour.de\/wordpress\/wp-content\/uploads\/2021\/11\/phoca_thumb_l_2021-08-16-02.jpg\" alt=\"\" width=\"211\" height=\"279\" srcset=\"https:\/\/welcome-ontour.de\/wordpress\/wp-content\/uploads\/2021\/11\/phoca_thumb_l_2021-08-16-02.jpg 302w, https:\/\/welcome-ontour.de\/wordpress\/wp-content\/uploads\/2021\/11\/phoca_thumb_l_2021-08-16-02-227x300.jpg 227w\" sizes=\"(max-width: 211px) 100vw, 211px\" \/>\u00a0 <img decoding=\"async\" class=\" size-full wp-image-16236\" title=\"Relax\" src=\"https:\/\/welcome-ontour.de\/wordpress\/wp-content\/uploads\/2021\/11\/phoca_thumb_l_2021-08-16-03.jpg\" alt=\"\" width=\"371\" height=\"279\" srcset=\"https:\/\/welcome-ontour.de\/wordpress\/wp-content\/uploads\/2021\/11\/phoca_thumb_l_2021-08-16-03.jpg 400w, https:\/\/welcome-ontour.de\/wordpress\/wp-content\/uploads\/2021\/11\/phoca_thumb_l_2021-08-16-03-300x226.jpg 300w\" sizes=\"(max-width: 371px) 100vw, 371px\" \/>\u00a0 <a href=\"https:\/\/welcome-ontour.de\/wordpress\/wp-content\/uploads\/2021\/11\/phoca_thumb_l_2021-08-16-04.jpg\" target=\"_blank\" rel=\"noopener noreferrer\"><img decoding=\"async\" class=\" size-full wp-image-16237\" title=\"Skorpion direkt neben der Liege\" src=\"https:\/\/welcome-ontour.de\/wordpress\/wp-content\/uploads\/2021\/11\/phoca_thumb_l_2021-08-16-04.jpg\" alt=\"\" width=\"211\" height=\"279\" srcset=\"https:\/\/welcome-ontour.de\/wordpress\/wp-content\/uploads\/2021\/11\/phoca_thumb_l_2021-08-16-04.jpg 302w, https:\/\/welcome-ontour.de\/wordpress\/wp-content\/uploads\/2021\/11\/phoca_thumb_l_2021-08-16-04-227x300.jpg 227w\" sizes=\"(max-width: 211px) 100vw, 211px\" \/><\/a><\/span><\/p>\n<p style=\"text-align: center;\"><span style=\"font-family: arial, helvetica, sans-serif; font-size: 12pt;\">\u00a0<\/span><\/p>\n<p style=\"text-align: center;\"><span style=\"font-family: arial, helvetica, sans-serif; font-size: 12pt;\">Der urspr\u00fcngliche Plan war, t\u00e4gliche Ausfl\u00fcge in die Umgebung und zu sch\u00f6nen Str\u00e4nden zu unternehmen.<\/span><\/p>\n<p style=\"text-align: center;\"><span style=\"font-family: arial, helvetica, sans-serif; font-size: 12pt;\">Aber viel besser wie hier kann es eigentlich woanders auch nicht sein.<\/span><\/p>\n<p style=\"text-align: center;\"><span style=\"font-family: arial, helvetica, sans-serif; font-size: 12pt;\">Keine Anfahrten, keine Parkplatzsuche, keinerlei Sorgen um Diebstahl o.\u00e4.<\/span><\/p>\n<p style=\"text-align: center;\"><span style=\"font-family: arial, helvetica, sans-serif; font-size: 12pt;\">Wir laufen zehn Schritte aus dem Zimmer zum Aufzug und gehen anschlie\u00dfend 30 m ans Meer, <\/span><\/p>\n<p style=\"text-align: center;\"><span style=\"font-family: arial, helvetica, sans-serif; font-size: 12pt;\">um uns auf bequemen Strandliegen niederzulassen.<\/span><\/p>\n<p style=\"text-align: center;\"><span style=\"font-family: arial, helvetica, sans-serif; font-size: 12pt;\">Tut uns auch zu keiner Zeit leid, wir genie\u00dfen einfach nur die Zeit und das wunderbar warme Wetter.<\/span><\/p>\n<p style=\"text-align: center;\"><span style=\"font-family: arial, helvetica, sans-serif; font-size: 12pt;\">Gegen Mittag wird es f\u00fcr einen Moment leicht windig und es gibt ein paar vereinzelte Regentropfen.<\/span><\/p>\n<p style=\"text-align: center;\"><span style=\"font-family: arial, helvetica, sans-serif; font-size: 12pt;\">Doch ab 14 Uhr herrscht wieder totale Sonne.<\/span><\/p>\n<p style=\"text-align: center;\"><span style=\"font-family: arial, helvetica, sans-serif; font-size: 12pt;\">\u00a0<\/span><\/p>\n<p style=\"text-align: center;\"><span style=\"font-family: arial, helvetica, sans-serif; font-size: 12pt;\"><img decoding=\"async\" class=\" size-full wp-image-16238\" title=\"Sonne ...\" src=\"https:\/\/welcome-ontour.de\/wordpress\/wp-content\/uploads\/2021\/11\/phoca_thumb_l_2021-08-16-05.jpg\" alt=\"\" width=\"810\" height=\"563\" srcset=\"https:\/\/welcome-ontour.de\/wordpress\/wp-content\/uploads\/2021\/11\/phoca_thumb_l_2021-08-16-05.jpg 810w, https:\/\/welcome-ontour.de\/wordpress\/wp-content\/uploads\/2021\/11\/phoca_thumb_l_2021-08-16-05-300x209.jpg 300w, https:\/\/welcome-ontour.de\/wordpress\/wp-content\/uploads\/2021\/11\/phoca_thumb_l_2021-08-16-05-700x487.jpg 700w, https:\/\/welcome-ontour.de\/wordpress\/wp-content\/uploads\/2021\/11\/phoca_thumb_l_2021-08-16-05-768x534.jpg 768w\" sizes=\"(max-width: 810px) 100vw, 810px\" \/><\/span><\/p>\n<p style=\"text-align: center;\"><span style=\"font-family: arial, helvetica, sans-serif; font-size: 12pt;\">\u00a0<\/span><\/p>\n<p style=\"text-align: center;\"><span style=\"font-family: arial, helvetica, sans-serif; font-size: 12pt;\">Das Wasser ist heute wegen dem leichten Wind etwas wellig, was das schwimmen etwas behindert.<\/span><\/p>\n<p style=\"text-align: center;\"><span style=\"font-family: arial, helvetica, sans-serif; font-size: 12pt;\">Falls man da \u00fcberhaupt von Behinderung sprechen kann.<\/span><\/p>\n<p style=\"text-align: center;\"><span style=\"font-family: arial, helvetica, sans-serif; font-size: 12pt;\">Halb sechs gehen wir duschen, halb sieben sitzen wir beim Dinner.<\/span><\/p>\n<p style=\"text-align: center;\"><span style=\"font-family: arial, helvetica, sans-serif; font-size: 12pt;\">\u00a0<\/span><\/p>\n<p style=\"text-align: center;\"><span style=\"font-family: arial, helvetica, sans-serif; font-size: 12pt;\"><img decoding=\"async\" class=\" size-full wp-image-16239\" title=\"Strandspaziergang\" src=\"https:\/\/welcome-ontour.de\/wordpress\/wp-content\/uploads\/2021\/11\/phoca_thumb_l_2021-08-16-06.jpg\" alt=\"\" width=\"400\" height=\"193\" srcset=\"https:\/\/welcome-ontour.de\/wordpress\/wp-content\/uploads\/2021\/11\/phoca_thumb_l_2021-08-16-06.jpg 400w, https:\/\/welcome-ontour.de\/wordpress\/wp-content\/uploads\/2021\/11\/phoca_thumb_l_2021-08-16-06-300x145.jpg 300w\" sizes=\"(max-width: 400px) 100vw, 400px\" \/>\u00a0 <img decoding=\"async\" class=\" size-full wp-image-16240\" title=\"Sonnenuntergang\" src=\"https:\/\/welcome-ontour.de\/wordpress\/wp-content\/uploads\/2021\/11\/phoca_thumb_l_2021-08-16-07.jpg\" alt=\"\" width=\"400\" height=\"193\" srcset=\"https:\/\/welcome-ontour.de\/wordpress\/wp-content\/uploads\/2021\/11\/phoca_thumb_l_2021-08-16-07.jpg 400w, https:\/\/welcome-ontour.de\/wordpress\/wp-content\/uploads\/2021\/11\/phoca_thumb_l_2021-08-16-07-300x145.jpg 300w\" sizes=\"(max-width: 400px) 100vw, 400px\" \/><\/span><\/p>\n<p style=\"text-align: center;\"><span style=\"font-family: arial, helvetica, sans-serif; font-size: 12pt;\">\u00a0<\/span><\/p>\n<p style=\"text-align: center;\"><span style=\"font-family: arial, helvetica, sans-serif; font-size: 12pt;\">Anschlie\u00dfend folgt der Sonnenuntergangs-Spaziergang zum Kap der kleinen Pinien Halbinsel.<\/span><\/p>\n<p style=\"text-align: center;\"><span style=\"font-family: arial, helvetica, sans-serif; font-size: 12pt;\">\u00a0<\/span><\/p>\n<p style=\"text-align: center;\"><span style=\"font-family: arial, helvetica, sans-serif; font-size: 12pt;\"><img decoding=\"async\" class=\" size-full wp-image-16241\" title=\"Sonnenuntergang\" src=\"https:\/\/welcome-ontour.de\/wordpress\/wp-content\/uploads\/2021\/11\/phoca_thumb_l_2021-08-16-08.jpg\" alt=\"\" width=\"810\" height=\"387\" srcset=\"https:\/\/welcome-ontour.de\/wordpress\/wp-content\/uploads\/2021\/11\/phoca_thumb_l_2021-08-16-08.jpg 810w, https:\/\/welcome-ontour.de\/wordpress\/wp-content\/uploads\/2021\/11\/phoca_thumb_l_2021-08-16-08-300x143.jpg 300w, https:\/\/welcome-ontour.de\/wordpress\/wp-content\/uploads\/2021\/11\/phoca_thumb_l_2021-08-16-08-700x334.jpg 700w, https:\/\/welcome-ontour.de\/wordpress\/wp-content\/uploads\/2021\/11\/phoca_thumb_l_2021-08-16-08-768x367.jpg 768w\" sizes=\"(max-width: 810px) 100vw, 810px\" \/><\/span><\/p>\n<p style=\"text-align: center;\"><span style=\"font-family: arial, helvetica, sans-serif; font-size: 12pt;\">\u00a0<\/span><\/p>\n<p style=\"text-align: center;\"><span style=\"font-family: arial, helvetica, sans-serif; font-size: 12pt;\">Danach landen wir in der Beachbar Fratelli am Hausstrand von Petrcane.<\/span><\/p>\n<p style=\"text-align: center;\"><span style=\"font-family: arial, helvetica, sans-serif; font-size: 12pt;\">\u00a0<\/span><\/p>\n<p style=\"text-align: center;\"><span style=\"font-family: arial, helvetica, sans-serif; font-size: 12pt;\"><img decoding=\"async\" class=\" size-full wp-image-16242\" title=\"Fratelli\" src=\"https:\/\/welcome-ontour.de\/wordpress\/wp-content\/uploads\/2021\/11\/phoca_thumb_l_2021-08-16-09.jpg\" alt=\"\" width=\"400\" height=\"279\" srcset=\"https:\/\/welcome-ontour.de\/wordpress\/wp-content\/uploads\/2021\/11\/phoca_thumb_l_2021-08-16-09.jpg 400w, https:\/\/welcome-ontour.de\/wordpress\/wp-content\/uploads\/2021\/11\/phoca_thumb_l_2021-08-16-09-300x209.jpg 300w\" sizes=\"(max-width: 400px) 100vw, 400px\" \/>\u00a0 <img decoding=\"async\" class=\" size-full wp-image-16243\" title=\"Fratelli\" src=\"https:\/\/welcome-ontour.de\/wordpress\/wp-content\/uploads\/2021\/11\/phoca_thumb_l_2021-08-16-10.jpg\" alt=\"\" width=\"400\" height=\"279\" srcset=\"https:\/\/welcome-ontour.de\/wordpress\/wp-content\/uploads\/2021\/11\/phoca_thumb_l_2021-08-16-10.jpg 400w, https:\/\/welcome-ontour.de\/wordpress\/wp-content\/uploads\/2021\/11\/phoca_thumb_l_2021-08-16-10-300x209.jpg 300w\" sizes=\"(max-width: 400px) 100vw, 400px\" \/><\/span><\/p>\n<p style=\"text-align: center;\"><span style=\"font-family: arial, helvetica, sans-serif; font-size: 12pt;\">\u00a0<\/span><\/p>\n<p style=\"text-align: center;\"><span style=\"font-family: arial, helvetica, sans-serif; font-size: 12pt;\">Zu angenehmen Club-Sound gibt es leckere Drinks und eiskaltes Estrell Bier.<\/span><\/p>\n<p style=\"text-align: center;\"><span style=\"font-family: arial, helvetica, sans-serif; font-size: 12pt;\">Um zehn sind wir wieder im temperierten Hotelzimmer.<\/span><\/p>\n<p style=\"text-align: center;\"><span style=\"font-family: arial, helvetica, sans-serif; font-size: 12pt;\">\u00a0<\/span><\/p>\n<p style=\"text-align: center;\"><span style=\"font-family: arial, helvetica, sans-serif; font-size: 12pt;\"><img decoding=\"async\" class=\" size-full wp-image-16244\" title=\"Fratelli\" src=\"https:\/\/welcome-ontour.de\/wordpress\/wp-content\/uploads\/2021\/11\/phoca_thumb_l_2021-08-16-11.jpg\" alt=\"\" width=\"307\" height=\"232\" srcset=\"https:\/\/welcome-ontour.de\/wordpress\/wp-content\/uploads\/2021\/11\/phoca_thumb_l_2021-08-16-11.jpg 400w, https:\/\/welcome-ontour.de\/wordpress\/wp-content\/uploads\/2021\/11\/phoca_thumb_l_2021-08-16-11-300x227.jpg 300w\" sizes=\"(max-width: 307px) 100vw, 307px\" \/>\u00a0 <img decoding=\"async\" class=\" size-full wp-image-16245\" title=\"Fratelli\" src=\"https:\/\/welcome-ontour.de\/wordpress\/wp-content\/uploads\/2021\/11\/phoca_thumb_l_2021-08-16-12.jpg\" alt=\"\" width=\"175\" height=\"232\" srcset=\"https:\/\/welcome-ontour.de\/wordpress\/wp-content\/uploads\/2021\/11\/phoca_thumb_l_2021-08-16-12.jpg 301w, https:\/\/welcome-ontour.de\/wordpress\/wp-content\/uploads\/2021\/11\/phoca_thumb_l_2021-08-16-12-226x300.jpg 226w\" sizes=\"(max-width: 175px) 100vw, 175px\" \/>\u00a0 <img decoding=\"async\" class=\" size-full wp-image-16246\" title=\"Zur\u00fcck am Hotel\" src=\"https:\/\/welcome-ontour.de\/wordpress\/wp-content\/uploads\/2021\/11\/phoca_thumb_l_2021-08-16-13.jpg\" alt=\"\" width=\"308\" height=\"232\" srcset=\"https:\/\/welcome-ontour.de\/wordpress\/wp-content\/uploads\/2021\/11\/phoca_thumb_l_2021-08-16-13.jpg 400w, https:\/\/welcome-ontour.de\/wordpress\/wp-content\/uploads\/2021\/11\/phoca_thumb_l_2021-08-16-13-300x226.jpg 300w\" sizes=\"(max-width: 308px) 100vw, 308px\" \/><\/span><\/p>\n<p style=\"text-align: center;\"><span style=\"font-family: arial, helvetica, sans-serif; font-size: 12pt;\">\u00a0<\/span><\/p>\n<p style=\"text-align: center;\"><span style=\"font-family: arial, helvetica, sans-serif; font-size: 12pt;\">Mit der Idee, unseren Urlaub mit einer Woche Strandhotel zu beginnen sind wir vollauf zufrieden.<\/span><\/p>\n<p style=\"text-align: center;\"><span style=\"font-family: arial, helvetica, sans-serif; font-size: 12pt;\">Empfinden es als sehr angenehm, sich um nichts k\u00fcmmern zu m\u00fcssen.<\/span><\/p>\n<p style=\"text-align: center;\"><span style=\"font-family: arial, helvetica, sans-serif; font-size: 12pt;\">Fr\u00fchst\u00fcck und Dinner sind einwandfrei, das Zimmer komfortabel und ruhig.<\/span><\/p>\n<p style=\"text-align: center;\"><span style=\"font-family: arial, helvetica, sans-serif; font-size: 12pt;\">Lediglich den Mietwagen nutzen wir bisher kaum.<\/span><\/p>\n<p style=\"text-align: center;\"><span style=\"font-family: arial, helvetica, sans-serif; font-size: 12pt;\">Bei dem hei\u00dfen Sommerwetter ist es einfach zu verlockend, <\/span><\/p>\n<p style=\"text-align: center;\"><span style=\"font-family: arial, helvetica, sans-serif; font-size: 12pt;\">den Tag badend am Meer zu vertr\u00f6deln.<\/span><\/p>\n<p style=\"text-align: center;\"><span style=\"font-family: arial, helvetica, sans-serif; font-size: 12pt;\">\u00a0<\/span><\/p>\n<p style=\"text-align: center;\"><span style=\"font-family: arial, helvetica, sans-serif; font-size: 12pt;\">Gefahrene Kilometer: 0<\/span><\/p>\n<p style=\"text-align: center;\"><span style=\"font-family: arial, helvetica, sans-serif; font-size: 12pt;\">\u00a0<\/span><\/p>\n<p style=\"text-align: center;\"><span style=\"font-family: arial, helvetica, sans-serif; font-size: 12pt;\">Unterkunft: Pinija Hotel, Petrcane, 141\u20ac *****<\/span><\/p>\n<p style=\"text-align: center;\"><span style=\"font-family: arial, helvetica, sans-serif; font-size: 12pt;\">\u00a0<\/span><\/p>\n<p style=\"text-align: center;\"><span style=\"font-family: arial, helvetica, sans-serif; font-size: 12pt;\"><img decoding=\"async\" class=\" size-full wp-image-16178\" title=\"Kroatien 2021\" src=\"https:\/\/welcome-ontour.de\/wordpress\/wp-content\/uploads\/2021\/11\/phoca_thumb_l_2021-08-13-03.jpg\" width=\"250\" height=\"95\" \/><\/span><\/p>\n<p style=\"text-align: center;\"><span style=\"font-family: arial, helvetica, sans-serif; font-size: 12pt;\">\u00a0<\/span><\/p>\n<p style=\"text-align: center;\"><a href=\"https:\/\/welcome-ontour.de\/wordpress\/index.php\/2021-08-15\/\">&lt; zur\u00fcck<\/a>\u00a0 \u00a0 \u00a0 \u00a0 \u00a0 \u00a0 \u00a0 \u00a0 \u00a0 \u00a0 \u00a0 \u00a0 \u00a0 \u00a0 \u00a0 \u00a0 \u00a0 \u00a0 \u00a0 \u00a0 \u00a0 \u00a0 \u00a0 \u00a0 \u00a0 \u00a0 \u00a0 \u00a0 \u00a0 \u00a0 \u00a0 \u00a0 \u00a0 \u00a0 \u00a0 \u00a0 \u00a0 \u00a0 \u00a0 \u00a0 \u00a0 \u00a0 \u00a0 \u00a0 \u00a0 \u00a0 \u00a0 \u00a0 \u00a0 \u00a0 \u00a0 \u00a0 \u00a0 \u00a0 \u00a0 \u00a0 \u00a0 \u00a0 \u00a0 \u00a0 \u00a0 \u00a0 \u00a0 \u00a0 \u00a0 \u00a0 \u00a0 \u00a0 \u00a0 \u00a0 \u00a0 \u00a0 \u00a0 \u00a0 \u00a0 \u00a0 \u00a0 \u00a0 \u00a0 \u00a0 \u00a0 \u00a0 \u00a0 \u00a0 \u00a0 \u00a0 \u00a0 \u00a0 \u00a0 \u00a0 \u00a0 \u00a0 \u00a0 \u00a0 \u00a0 \u00a0 \u00a0 \u00a0 \u00a0\u00a0<a href=\"https:\/\/welcome-ontour.de\/wordpress\/index.php\/2021-08-17\/\">weiter &gt;<\/a><\/p>\n","protected":false},"excerpt":{"rendered":"<p>Prolog\u00a0 \u00a0 \u00a0\u00a0Anreise\u00a0 \u00a0 \u00a0\u00a0Petrcane\u00a0 \u00a0 \u00a0\u00a0Voyage\u00a0 \u00a0 \u00a0\u00a0Krka\u00a0\u00a0 \u00a0\u00a0Split\u00a0 \u00a0 \u00a0\u00a0Omis\/Brac\u00a0\u00a0 \u00a0\u00a0Sibenik\u00a0 \u00a0 \u00a0\u00a0Kornati\u00a0\u00a0 \u00a0\u00a0Zadar\u00a0 \u00a0 \u00a0\u00a0Relax\u00a0\u00a0 \u00a0\u00a0R\u00fcckreise\u00a0 \u00a0 \u00a0\u00a0Fazit \u00a0 &lt; zur\u00fcck\u00a0 \u00a0 \u00a0 \u00a0\u00a0 \u00a0 \u00a0 \u00a0 \u00a0 \u00a0 \u00a0 \u00a0 \u00a0 \u00a0 \u00a0 \u00a0 \u00a0 \u00a0 \u00a0 \u00a0 \u00a0 \u00a0 \u00a0 \u00a0 \u00a0 \u00a0 \u00a0 \u00a0 \u00a0 \u00a0 \u00a0 \u00a0 \u00a0 \u00a0 \u00a0 \u00a0 \u00a0 \u00a0 \u00a0 \u00a0 \u00a0 \u00a0 \u00a0 \u00a0 \u00a0 \u00a0 \u00a0 \u00a0 \u00a0 \u00a0 \u00a0 \u00a0 \u00a0 \u00a0 \u00a0 \u00a0 \u00a0 \u00a0 \u00a0 \u00a0 \u00a0 \u00a0 \u00a0 \u00a0 \u00a0 \u00a0 \u00a0 \u00a0 \u00a0 \u00a0 \u00a0 \u00a0 \u00a0 \u00a0 \u00a0 \u00a0 \u00a0 \u00a0 \u00a0 \u00a0 \u00a0 \u00a0 \u00a0 \u00a0 \u00a0 \u00a0 \u00a0 \u00a0 \u00a0 \u00a0 \u00a0 \u00a0 \u00a0 \u00a0 \u00a0 \u00a0 \u00a0 \u00a0 \u00a0 \u00a0 \u00a0 \u00a0 \u00a0\u00a0weiter &gt; \u00a0 Mo 16.8. \u00a0 Relax \u00a0 Um sieben sind wir wach, um acht beim Fr\u00fchst\u00fcck und um neun liegen wir bereits am Strand. \u00a0 \u00a0 Es ist teilweise bedeckt, teilweise sonnig und schon so fr\u00fch sind wieder 35\u00b0. Wir freuen uns trotzdem \u00fcber die Schatten spendenden Pinien und Ute l\u00e4uft ein Skorpion \u00fcber den Weg. \u00a0 \u00a0 \u00a0 \u00a0 Der urspr\u00fcngliche Plan war, t\u00e4gliche Ausfl\u00fcge in die Umgebung und zu sch\u00f6nen Str\u00e4nden zu unternehmen. Aber viel besser wie hier kann es eigentlich woanders auch nicht sein. Keine Anfahrten, keine Parkplatzsuche, keinerlei Sorgen um Diebstahl o.\u00e4. Wir laufen zehn Schritte aus dem Zimmer zum Aufzug und gehen anschlie\u00dfend 30 m ans Meer, um uns auf bequemen Strandliegen niederzulassen. Tut uns auch zu keiner Zeit leid, wir genie\u00dfen einfach nur die Zeit und das wunderbar warme Wetter. Gegen Mittag wird es f\u00fcr einen Moment leicht windig und es gibt ein paar vereinzelte Regentropfen. Doch ab 14 Uhr herrscht wieder totale Sonne. \u00a0 \u00a0 Das Wasser ist heute wegen dem leichten Wind etwas wellig, was das schwimmen etwas behindert. Falls man da \u00fcberhaupt von Behinderung sprechen kann. Halb sechs gehen wir duschen, halb sieben sitzen wir beim Dinner. \u00a0 \u00a0 \u00a0 Anschlie\u00dfend folgt der Sonnenuntergangs-Spaziergang zum Kap der kleinen Pinien Halbinsel. \u00a0 \u00a0 Danach landen wir in der Beachbar Fratelli am Hausstrand von Petrcane. \u00a0 \u00a0 \u00a0 Zu angenehmen Club-Sound gibt es leckere Drinks und eiskaltes Estrell Bier. Um zehn sind wir wieder im temperierten Hotelzimmer. \u00a0 \u00a0 \u00a0 \u00a0 Mit der Idee, unseren Urlaub mit einer Woche Strandhotel zu beginnen sind wir vollauf zufrieden. Empfinden es als sehr angenehm, sich um nichts k\u00fcmmern zu m\u00fcssen. Fr\u00fchst\u00fcck und Dinner sind einwandfrei, das Zimmer komfortabel und ruhig. Lediglich den Mietwagen nutzen wir bisher kaum. Bei dem hei\u00dfen Sommerwetter ist es einfach zu verlockend, den Tag badend am Meer zu vertr\u00f6deln. \u00a0 Gefahrene Kilometer: 0 \u00a0 Unterkunft: Pinija Hotel, Petrcane, 141\u20ac ***** \u00a0 \u00a0 &lt; zur\u00fcck\u00a0 \u00a0 \u00a0 \u00a0 \u00a0 \u00a0 \u00a0 \u00a0 \u00a0 \u00a0 \u00a0 \u00a0 \u00a0 \u00a0 \u00a0 \u00a0 \u00a0 \u00a0 \u00a0 \u00a0 \u00a0 \u00a0 \u00a0 \u00a0 \u00a0 \u00a0 \u00a0 \u00a0 \u00a0 \u00a0 \u00a0 \u00a0 \u00a0 \u00a0 \u00a0 \u00a0 \u00a0 \u00a0 \u00a0 \u00a0 \u00a0 \u00a0 \u00a0 \u00a0 \u00a0 \u00a0 \u00a0 \u00a0 \u00a0 \u00a0 \u00a0 \u00a0 \u00a0 \u00a0 \u00a0 \u00a0 \u00a0 \u00a0 \u00a0 \u00a0 \u00a0 \u00a0 \u00a0 \u00a0 \u00a0 \u00a0 \u00a0 \u00a0 \u00a0 \u00a0 \u00a0 \u00a0 \u00a0 \u00a0 \u00a0 \u00a0 \u00a0 \u00a0 \u00a0 \u00a0 \u00a0 \u00a0 \u00a0 \u00a0 \u00a0 \u00a0 \u00a0 \u00a0 \u00a0 \u00a0 \u00a0 \u00a0 \u00a0 \u00a0 \u00a0 \u00a0 \u00a0 \u00a0 \u00a0\u00a0weiter &gt;<\/p>\n","protected":false},"author":1,"featured_media":16234,"parent":0,"menu_order":16,"comment_status":"closed","ping_status":"closed","template":"","meta":{"footnotes":""},"class_list":["post-16247","page","type-page","status-publish","has-post-thumbnail","hentry"],"_links":{"self":[{"href":"https:\/\/welcome-ontour.de\/wordpress\/index.php\/wp-json\/wp\/v2\/pages\/16247","targetHints":{"allow":["GET"]}}],"collection":[{"href":"https:\/\/welcome-ontour.de\/wordpress\/index.php\/wp-json\/wp\/v2\/pages"}],"about":[{"href":"https:\/\/welcome-ontour.de\/wordpress\/index.php\/wp-json\/wp\/v2\/types\/page"}],"author":[{"embeddable":true,"href":"https:\/\/welcome-ontour.de\/wordpress\/index.php\/wp-json\/wp\/v2\/users\/1"}],"replies":[{"embeddable":true,"href":"https:\/\/welcome-ontour.de\/wordpress\/index.php\/wp-json\/wp\/v2\/comments?post=16247"}],"version-history":[{"count":1,"href":"https:\/\/welcome-ontour.de\/wordpress\/index.php\/wp-json\/wp\/v2\/pages\/16247\/revisions"}],"predecessor-version":[{"id":16706,"href":"https:\/\/welcome-ontour.de\/wordpress\/index.php\/wp-json\/wp\/v2\/pages\/16247\/revisions\/16706"}],"wp:featuredmedia":[{"embeddable":true,"href":"https:\/\/welcome-ontour.de\/wordpress\/index.php\/wp-json\/wp\/v2\/media\/16234"}],"wp:attachment":[{"href":"https:\/\/welcome-ontour.de\/wordpress\/index.php\/wp-json\/wp\/v2\/media?parent=16247"}],"curies":[{"name":"wp","href":"https:\/\/api.w.org\/{rel}","templated":true}]}}