{"id":1578,"date":"2012-09-24T15:00:28","date_gmt":"2012-09-24T15:00:28","guid":{"rendered":"https:\/\/welcome-ontour.de\/wordpress\/index.php\/2010-09-28\/"},"modified":"2022-06-30T23:07:30","modified_gmt":"2022-06-30T23:07:30","slug":"2010-09-28","status":"publish","type":"page","link":"https:\/\/welcome-ontour.de\/wordpress\/index.php\/2010-09-28\/","title":{"rendered":"2010 09 28"},"content":{"rendered":"<p style=\"text-align: center;\"><a style=\"font-family: arial, helvetica, sans-serif; font-size: x-small;\" href=\"https:\/\/welcome-ontour.de\/wordpress\/index.php\/2010-09-08-prolog\/\">prolog<\/a><span style=\"font-family: arial, helvetica, sans-serif; font-size: x-small;\">\u00a0&#8211;\u00a0<\/span><a style=\"font-family: arial, helvetica, sans-serif; font-size: x-small;\" href=\"https:\/\/welcome-ontour.de\/wordpress\/index.php\/2010-09-09\/\">hinflug<\/a><span style=\"font-family: arial, helvetica, sans-serif; font-size: x-small;\">\u00a0&#8211;\u00a0<\/span><a style=\"font-family: arial, helvetica, sans-serif; font-size: x-small;\" href=\"https:\/\/welcome-ontour.de\/wordpress\/index.php\/2010-09-10\/\">rocky mts nationalpark<\/a><span style=\"font-family: arial, helvetica, sans-serif; font-size: x-small;\">\u00a0&#8211;\u00a0<\/span><a style=\"font-family: arial, helvetica, sans-serif; font-size: x-small;\" href=\"https:\/\/welcome-ontour.de\/wordpress\/index.php\/2010-09-11\/\">glenwood springs<\/a><span style=\"font-family: arial, helvetica, sans-serif; font-size: x-small;\">\u00a0&#8211;\u00a0<\/span><a style=\"font-family: arial, helvetica, sans-serif; font-size: x-small;\" href=\"https:\/\/welcome-ontour.de\/wordpress\/index.php\/2010-09-12\/\">san rafael swell<\/a><span style=\"font-family: arial, helvetica, sans-serif; font-size: x-small;\">\u00a0&#8211;\u00a0<\/span><a style=\"font-family: arial, helvetica, sans-serif; font-size: x-small;\" href=\"https:\/\/welcome-ontour.de\/wordpress\/index.php\/2010-09-13\/\">escalante<\/a><span style=\"font-family: arial, helvetica, sans-serif; font-size: x-small;\">\u00a0&#8211;\u00a0<\/span><a style=\"font-family: arial, helvetica, sans-serif; font-size: x-small;\" href=\"https:\/\/welcome-ontour.de\/wordpress\/index.php\/2010-09-17\/\">farmington<\/a><span style=\"font-family: arial, helvetica, sans-serif; font-size: x-small;\">\u00a0&#8211;\u00a0<\/span><a style=\"font-family: arial, helvetica, sans-serif; font-size: x-small;\" href=\"https:\/\/welcome-ontour.de\/wordpress\/index.php\/2010-09-18\/\">albuquerque<\/a><span style=\"font-family: arial, helvetica, sans-serif; font-size: x-small;\">\u00a0&#8211;\u00a0<\/span><a style=\"font-family: arial, helvetica, sans-serif; font-size: x-small;\" href=\"https:\/\/welcome-ontour.de\/wordpress\/index.php\/2010-09-19\/\">santa fe<\/a><span style=\"font-family: arial, helvetica, sans-serif; font-size: x-small;\">\u00a0&#8211;\u00a0<\/span><a style=\"font-family: arial, helvetica, sans-serif; font-size: x-small;\" href=\"https:\/\/welcome-ontour.de\/wordpress\/index.php\/2010-09-21\/\">taos<\/a><span style=\"font-family: arial, helvetica, sans-serif; font-size: x-small;\">\u00a0&#8211;\u00a0<\/span><a style=\"font-family: arial, helvetica, sans-serif; font-size: x-small;\" href=\"https:\/\/welcome-ontour.de\/wordpress\/index.php\/2010-09-22\/\">alamosa<\/a><span style=\"font-family: arial, helvetica, sans-serif; font-size: x-small;\">\u00a0&#8211;\u00a0<\/span><a style=\"font-family: arial, helvetica, sans-serif; font-size: x-small;\" href=\"https:\/\/welcome-ontour.de\/wordpress\/index.php\/2010-09-23\/\">royal gorge<\/a><span style=\"font-family: arial, helvetica, sans-serif; font-size: x-small;\">\u00a0&#8211;\u00a0<\/span><a style=\"font-family: arial, helvetica, sans-serif; font-size: x-small;\" href=\"https:\/\/welcome-ontour.de\/wordpress\/index.php\/2010-09-24\/\">victor<\/a><span style=\"font-family: arial, helvetica, sans-serif; font-size: x-small;\">\u00a0&#8211;\u00a0<\/span><a style=\"font-family: arial, helvetica, sans-serif; font-size: x-small;\" href=\"https:\/\/welcome-ontour.de\/wordpress\/index.php\/2010-09-25\/\">colo springs<\/a><span style=\"font-family: arial, helvetica, sans-serif; font-size: x-small;\">\u00a0&#8211;\u00a0<\/span><a style=\"font-family: arial, helvetica, sans-serif; font-size: x-small;\" href=\"https:\/\/welcome-ontour.de\/wordpress\/index.php\/2010-09-27\/\">denver&amp;r\u00fcckflug<\/a><span style=\"font-family: arial, helvetica, sans-serif; font-size: x-small;\">\u00a0&#8211;\u00a0<\/span><a style=\"font-family: arial, helvetica, sans-serif; font-size: x-small;\" href=\"https:\/\/welcome-ontour.de\/wordpress\/index.php\/2010-09-29-fazit\/\">fazit<\/a><\/p>\n<p style=\"text-align: center;\">\u00a0<\/p>\n<p style=\"text-align: center;\"><a style=\"font-family: arial, helvetica, sans-serif; font-size: small;\" href=\"https:\/\/welcome-ontour.de\/wordpress\/index.php\/2010-09-27\/\">&lt; Zur\u00fcck<\/a><span style=\"font-family: arial, helvetica, sans-serif; font-size: small;\">\u00a0\u00a0 \u00a0\u00a0\u00a0 \u00a0 \u00a0 \u00a0 \u00a0 \u00a0 \u00a0 \u00a0 \u00a0 \u00a0 \u00a0 \u00a0 \u00a0 \u00a0 \u00a0 \u00a0 \u00a0 \u00a0 \u00a0 \u00a0 \u00a0 \u00a0 \u00a0 \u00a0 \u00a0 \u00a0 \u00a0 \u00a0 \u00a0 \u00a0 \u00a0 \u00a0 \u00a0 \u00a0 \u00a0 \u00a0 \u00a0 \u00a0 \u00a0 \u00a0 \u00a0 \u00a0 \u00a0 \u00a0 \u00a0 \u00a0 \u00a0 \u00a0 \u00a0 \u00a0 \u00a0 \u00a0 \u00a0 \u00a0 \u00a0 \u00a0 \u00a0 \u00a0 \u00a0 \u00a0 \u00a0 \u00a0 \u00a0 \u00a0 \u00a0 \u00a0 \u00a0 \u00a0 \u00a0 \u00a0 \u00a0 \u00a0 \u00a0 \u00a0 \u00a0 \u00a0 \u00a0 \u00a0 \u00a0 \u00a0 \u00a0 \u00a0 \u00a0 \u00a0 \u00a0 \u00a0 \u00a0 \u00a0 \u00a0 \u00a0 \u00a0 \u00a0 \u00a0 \u00a0 \u00a0 \u00a0 \u00a0 \u00a0 \u00a0\u00a0<\/span><a style=\"font-family: arial, helvetica, sans-serif; font-size: small;\" href=\"https:\/\/welcome-ontour.de\/wordpress\/index.php\/2010-09-29-fazit\/\">Weiter &gt;<\/a><\/p>\n<p style=\"text-align: center;\">\u00a0\u00a0<\/p>\n<p style=\"text-align: center;\"><strong><span style=\"font-family: arial, helvetica, sans-serif; font-size: medium;\">Di 28.09.2010, 3.Woche, 20.Tag<\/span><\/strong><\/p>\n<p style=\"text-align: center;\"><strong><span style=\"font-family: arial, helvetica, sans-serif; font-size: medium;\">R\u00fcckflug<\/span><\/strong><\/p>\n<p style=\"text-align: center;\"><span style=\"font-family: arial, helvetica, sans-serif; font-size: medium;\">\u00a0<\/span><\/p>\n<p style=\"text-align: center;\"><span style=\"font-family: arial, helvetica, sans-serif; font-size: medium;\">Wir bekommen am Rande mit, wie sich einige Flugg\u00e4ste aufregen,<\/span><\/p>\n<p style=\"text-align: center;\"><span style=\"font-family: arial, helvetica, sans-serif; font-size: medium;\">dass das Inseat Entertainment nicht richtig funktioniert.<\/span><\/p>\n<p style=\"text-align: center;\"><span style=\"font-family: arial, helvetica, sans-serif; font-size: medium;\">Interessiert uns nicht besonders, denn nach dem Essen stellen wir unsere Sitze in Schlafposition<\/span><\/p>\n<p style=\"text-align: center;\"><span style=\"font-family: arial, helvetica, sans-serif; font-size: medium;\">und schlafen beide bis 11:00 durch.<\/span><\/p>\n<p style=\"text-align: center;\"><span style=\"font-family: arial, helvetica, sans-serif; font-size: medium;\">Geweckt werden wir durch den Cafe-Duft des British Airways Breakfast.<\/span><\/p>\n<p style=\"text-align: center;\"><span style=\"font-family: arial, helvetica, sans-serif; font-size: medium;\">Danach beginnt auch schon der Landeanflug auf London Heathrow.<\/span><\/p>\n<p style=\"text-align: center;\"><span style=\"font-family: arial, helvetica, sans-serif; font-size: medium;\">Genau um zw\u00f6lf setzen wir auf, unsere bisher angenehmsten Fl\u00fcge.<\/span><\/p>\n<p style=\"text-align: center;\"><span style=\"font-family: arial, helvetica, sans-serif; font-size: medium;\">Von 8,5 Stunden Flugzeit haben wir 7 geschlafen.<\/span><\/p>\n<p style=\"text-align: center;\"><span style=\"font-family: arial, helvetica, sans-serif; font-size: medium;\">Die sp\u00e4ten BA-Abflugzeiten in den USA liegen uns sehr.<\/span><\/p>\n<p style=\"text-align: center;\"><span style=\"font-family: arial, helvetica, sans-serif; font-size: medium;\">Das wars dann auch mit der Gl\u00fccksstr\u00e4hne.<\/span><\/p>\n<p style=\"text-align: center;\"><span style=\"font-family: arial, helvetica, sans-serif; font-size: medium;\">Als wir nach vier Stunden Aufenthalt unser letztes Flugsegment antreten wollen,<\/span><\/p>\n<p style=\"text-align: center;\"><span style=\"font-family: arial, helvetica, sans-serif; font-size: medium;\">k\u00f6nnen wir merkw\u00fcrdige Hektik im Cockpit feststellen.<\/span><\/p>\n<p style=\"text-align: center;\"><span style=\"font-family: arial, helvetica, sans-serif; font-size: medium;\">Nach etwa einer Stunde im Flieger d\u00fcrfen alle wieder aussteigen.<\/span><\/p>\n<p style=\"text-align: center;\"><span style=\"font-family: arial, helvetica, sans-serif; font-size: medium;\">Die Maschine mu\u00df gewechselt werden.<\/span><\/p>\n<p style=\"text-align: center;\"><span style=\"font-family: arial, helvetica, sans-serif; font-size: medium;\">Es dauert bis nach sechs bis alle in der Ersatzmaschine sind und der Airbus 319 abhebt.<\/span><\/p>\n<p style=\"text-align: center;\"><span style=\"font-family: arial, helvetica, sans-serif; font-size: medium;\">Uhren noch mal eine Stunde vor.<\/span><\/p>\n<p style=\"text-align: center;\"><span style=\"font-family: arial, helvetica, sans-serif; font-size: medium;\">Mit viel R\u00fcckenwind und Vollgas brauchen wir nur 90min und landen halb neun in Berlin Tegel.<\/span><\/p>\n<p style=\"text-align: center;\"><span style=\"font-family: arial, helvetica, sans-serif; font-size: medium;\">Tochter und Schwiegersohn warten seit 1,5 Stunden.<\/span><\/p>\n<p style=\"text-align: center;\"><span style=\"font-family: arial, helvetica, sans-serif; font-size: medium;\">Nach einer schnellen Autofahrt sind wir um zehn zu Hause.<\/span><\/p>\n<p style=\"text-align: center;\"><span style=\"font-family: arial, helvetica, sans-serif; font-size: medium;\">\u00a0<\/span><\/p>\n<p style=\"text-align: center;\">\u00a0<\/p>\n<p style=\"text-align: center;\"><span style=\"font-family: arial, helvetica, sans-serif; font-size: medium;\"><img decoding=\"async\" class=\" size-full wp-image-1577\" title=\"Adios\" src=\"https:\/\/welcome-ontour.de\/wordpress\/wp-content\/uploads\/2012\/09\/phoca_thumb_l_2010-09-29-01-img_0989.jpg\" width=\"600\" height=\"414\" border=\"0\" srcset=\"https:\/\/welcome-ontour.de\/wordpress\/wp-content\/uploads\/2012\/09\/phoca_thumb_l_2010-09-29-01-img_0989.jpg 600w, https:\/\/welcome-ontour.de\/wordpress\/wp-content\/uploads\/2012\/09\/phoca_thumb_l_2010-09-29-01-img_0989-300x207.jpg 300w\" sizes=\"(max-width: 600px) 100vw, 600px\" \/><\/span><\/p>\n<p style=\"text-align: center;\"><span style=\"font-family: arial, helvetica, sans-serif; font-size: medium;\">\u00a0<\/span><\/p>\n<p style=\"text-align: center;\"><span style=\"font-family: arial, helvetica, sans-serif; font-size: medium;\">\u00a0<\/span><\/p>\n<p style=\"text-align: center;\"><span style=\"font-family: arial, helvetica, sans-serif; font-size: small;\"><a href=\"https:\/\/welcome-ontour.de\/wordpress\/index.php\/2010-09-27\/\">&lt; Zur\u00fcck<\/a>\u00a0\u00a0 \u00a0\u00a0\u00a0 \u00a0 \u00a0 \u00a0 \u00a0 \u00a0 \u00a0 \u00a0 \u00a0 \u00a0 \u00a0 \u00a0 \u00a0 \u00a0 \u00a0 \u00a0 \u00a0 \u00a0 \u00a0 \u00a0 \u00a0 \u00a0 \u00a0 \u00a0 \u00a0 \u00a0 \u00a0 \u00a0 \u00a0 \u00a0 \u00a0 \u00a0 \u00a0 \u00a0 \u00a0 \u00a0 \u00a0 \u00a0 \u00a0 \u00a0 \u00a0 \u00a0 \u00a0 \u00a0 \u00a0 \u00a0 \u00a0 \u00a0 \u00a0 \u00a0 \u00a0 \u00a0 \u00a0 \u00a0 \u00a0 \u00a0 \u00a0 \u00a0 \u00a0 \u00a0 \u00a0 \u00a0 \u00a0 \u00a0 \u00a0 \u00a0 \u00a0 \u00a0 \u00a0 \u00a0 \u00a0 \u00a0 \u00a0 \u00a0 \u00a0 \u00a0 \u00a0 \u00a0 \u00a0 \u00a0 \u00a0 \u00a0 \u00a0 \u00a0 \u00a0 \u00a0 \u00a0 \u00a0 \u00a0 \u00a0 \u00a0 \u00a0 \u00a0 \u00a0 \u00a0 \u00a0 \u00a0 \u00a0 \u00a0\u00a0<a href=\"https:\/\/welcome-ontour.de\/wordpress\/index.php\/2010-09-29-fazit\/\">Weiter &gt;<\/a><\/span><\/p>\n","protected":false},"excerpt":{"rendered":"<p>prolog\u00a0&#8211;\u00a0hinflug\u00a0&#8211;\u00a0rocky mts nationalpark\u00a0&#8211;\u00a0glenwood springs\u00a0&#8211;\u00a0san rafael swell\u00a0&#8211;\u00a0escalante\u00a0&#8211;\u00a0farmington\u00a0&#8211;\u00a0albuquerque\u00a0&#8211;\u00a0santa fe\u00a0&#8211;\u00a0taos\u00a0&#8211;\u00a0alamosa\u00a0&#8211;\u00a0royal gorge\u00a0&#8211;\u00a0victor\u00a0&#8211;\u00a0colo springs\u00a0&#8211;\u00a0denver&amp;r\u00fcckflug\u00a0&#8211;\u00a0fazit \u00a0 &lt; Zur\u00fcck\u00a0\u00a0 \u00a0\u00a0\u00a0 \u00a0 \u00a0 \u00a0 \u00a0 \u00a0 \u00a0 \u00a0 \u00a0 \u00a0 \u00a0 \u00a0 \u00a0 \u00a0 \u00a0 \u00a0 \u00a0 \u00a0 \u00a0 \u00a0 \u00a0 \u00a0 \u00a0 \u00a0 \u00a0 \u00a0 \u00a0 \u00a0 \u00a0 \u00a0 \u00a0 \u00a0 \u00a0 \u00a0 \u00a0 \u00a0 \u00a0 \u00a0 \u00a0 \u00a0 \u00a0 \u00a0 \u00a0 \u00a0 \u00a0 \u00a0 \u00a0 \u00a0 \u00a0 \u00a0 \u00a0 \u00a0 \u00a0 \u00a0 \u00a0 \u00a0 \u00a0 \u00a0 \u00a0 \u00a0 \u00a0 \u00a0 \u00a0 \u00a0 \u00a0 \u00a0 \u00a0 \u00a0 \u00a0 \u00a0 \u00a0 \u00a0 \u00a0 \u00a0 \u00a0 \u00a0 \u00a0 \u00a0 \u00a0 \u00a0 \u00a0 \u00a0 \u00a0 \u00a0 \u00a0 \u00a0 \u00a0 \u00a0 \u00a0 \u00a0 \u00a0 \u00a0 \u00a0 \u00a0 \u00a0 \u00a0 \u00a0 \u00a0 \u00a0\u00a0Weiter &gt; \u00a0\u00a0 Di 28.09.2010, 3.Woche, 20.Tag R\u00fcckflug \u00a0 Wir bekommen am Rande mit, wie sich einige Flugg\u00e4ste aufregen, dass das Inseat Entertainment nicht richtig funktioniert. Interessiert uns nicht besonders, denn nach dem Essen stellen wir unsere Sitze in Schlafposition und schlafen beide bis 11:00 durch. Geweckt werden wir durch den Cafe-Duft des British Airways Breakfast. Danach beginnt auch schon der Landeanflug auf London Heathrow. Genau um zw\u00f6lf setzen wir auf, unsere bisher angenehmsten Fl\u00fcge. Von 8,5 Stunden Flugzeit haben wir 7 geschlafen. Die sp\u00e4ten BA-Abflugzeiten in den USA liegen uns sehr. Das wars dann auch mit der Gl\u00fccksstr\u00e4hne. Als wir nach vier Stunden Aufenthalt unser letztes Flugsegment antreten wollen, k\u00f6nnen wir merkw\u00fcrdige Hektik im Cockpit feststellen. Nach etwa einer Stunde im Flieger d\u00fcrfen alle wieder aussteigen. Die Maschine mu\u00df gewechselt werden. Es dauert bis nach sechs bis alle in der Ersatzmaschine sind und der Airbus 319 abhebt. Uhren noch mal eine Stunde vor. Mit viel R\u00fcckenwind und Vollgas brauchen wir nur 90min und landen halb neun in Berlin Tegel. Tochter und Schwiegersohn warten seit 1,5 Stunden. Nach einer schnellen Autofahrt sind wir um zehn zu Hause. \u00a0 \u00a0 \u00a0 \u00a0 &lt; Zur\u00fcck\u00a0\u00a0 \u00a0\u00a0\u00a0 \u00a0 \u00a0 \u00a0 \u00a0 \u00a0 \u00a0 \u00a0 \u00a0 \u00a0 \u00a0 \u00a0 \u00a0 \u00a0 \u00a0 \u00a0 \u00a0 \u00a0 \u00a0 \u00a0 \u00a0 \u00a0 \u00a0 \u00a0 \u00a0 \u00a0 \u00a0 \u00a0 \u00a0 \u00a0 \u00a0 \u00a0 \u00a0 \u00a0 \u00a0 \u00a0 \u00a0 \u00a0 \u00a0 \u00a0 \u00a0 \u00a0 \u00a0 \u00a0 \u00a0 \u00a0 \u00a0 \u00a0 \u00a0 \u00a0 \u00a0 \u00a0 \u00a0 \u00a0 \u00a0 \u00a0 \u00a0 \u00a0 \u00a0 \u00a0 \u00a0 \u00a0 \u00a0 \u00a0 \u00a0 \u00a0 \u00a0 \u00a0 \u00a0 \u00a0 \u00a0 \u00a0 \u00a0 \u00a0 \u00a0 \u00a0 \u00a0 \u00a0 \u00a0 \u00a0 \u00a0 \u00a0 \u00a0 \u00a0 \u00a0 \u00a0 \u00a0 \u00a0 \u00a0 \u00a0 \u00a0 \u00a0 \u00a0 \u00a0 \u00a0 \u00a0 \u00a0 \u00a0 \u00a0\u00a0Weiter &gt;<\/p>\n","protected":false},"author":1,"featured_media":1577,"parent":0,"menu_order":21,"comment_status":"closed","ping_status":"closed","template":"","meta":{"footnotes":""},"class_list":["post-1578","page","type-page","status-publish","has-post-thumbnail","hentry"],"_links":{"self":[{"href":"https:\/\/welcome-ontour.de\/wordpress\/index.php\/wp-json\/wp\/v2\/pages\/1578","targetHints":{"allow":["GET"]}}],"collection":[{"href":"https:\/\/welcome-ontour.de\/wordpress\/index.php\/wp-json\/wp\/v2\/pages"}],"about":[{"href":"https:\/\/welcome-ontour.de\/wordpress\/index.php\/wp-json\/wp\/v2\/types\/page"}],"author":[{"embeddable":true,"href":"https:\/\/welcome-ontour.de\/wordpress\/index.php\/wp-json\/wp\/v2\/users\/1"}],"replies":[{"embeddable":true,"href":"https:\/\/welcome-ontour.de\/wordpress\/index.php\/wp-json\/wp\/v2\/comments?post=1578"}],"version-history":[{"count":1,"href":"https:\/\/welcome-ontour.de\/wordpress\/index.php\/wp-json\/wp\/v2\/pages\/1578\/revisions"}],"predecessor-version":[{"id":3012,"href":"https:\/\/welcome-ontour.de\/wordpress\/index.php\/wp-json\/wp\/v2\/pages\/1578\/revisions\/3012"}],"wp:featuredmedia":[{"embeddable":true,"href":"https:\/\/welcome-ontour.de\/wordpress\/index.php\/wp-json\/wp\/v2\/media\/1577"}],"wp:attachment":[{"href":"https:\/\/welcome-ontour.de\/wordpress\/index.php\/wp-json\/wp\/v2\/media?parent=1578"}],"curies":[{"name":"wp","href":"https:\/\/api.w.org\/{rel}","templated":true}]}}