{"id":1561,"date":"2012-09-24T14:59:31","date_gmt":"2012-09-24T14:59:31","guid":{"rendered":"https:\/\/welcome-ontour.de\/wordpress\/index.php\/2010-09-26\/"},"modified":"2022-06-30T23:07:29","modified_gmt":"2022-06-30T23:07:29","slug":"2010-09-26","status":"publish","type":"page","link":"https:\/\/welcome-ontour.de\/wordpress\/index.php\/2010-09-26\/","title":{"rendered":"2010 09 26"},"content":{"rendered":"<p style=\"text-align: center;\"><a style=\"font-family: arial, helvetica, sans-serif; font-size: x-small;\" href=\"https:\/\/welcome-ontour.de\/wordpress\/index.php\/2010-09-08-prolog\/\">prolog<\/a><span style=\"font-family: arial, helvetica, sans-serif; font-size: x-small;\">\u00a0&#8211;\u00a0<\/span><a style=\"font-family: arial, helvetica, sans-serif; font-size: x-small;\" href=\"https:\/\/welcome-ontour.de\/wordpress\/index.php\/2010-09-09\/\">hinflug<\/a><span style=\"font-family: arial, helvetica, sans-serif; font-size: x-small;\">\u00a0&#8211;\u00a0<\/span><a style=\"font-family: arial, helvetica, sans-serif; font-size: x-small;\" href=\"https:\/\/welcome-ontour.de\/wordpress\/index.php\/2010-09-10\/\">rocky mts nationalpark<\/a><span style=\"font-family: arial, helvetica, sans-serif; font-size: x-small;\">\u00a0&#8211;\u00a0<\/span><a style=\"font-family: arial, helvetica, sans-serif; font-size: x-small;\" href=\"https:\/\/welcome-ontour.de\/wordpress\/index.php\/2010-09-11\/\">glenwood springs<\/a><span style=\"font-family: arial, helvetica, sans-serif; font-size: x-small;\">\u00a0&#8211;\u00a0<\/span><a style=\"font-family: arial, helvetica, sans-serif; font-size: x-small;\" href=\"https:\/\/welcome-ontour.de\/wordpress\/index.php\/2010-09-12\/\">san rafael swell<\/a><span style=\"font-family: arial, helvetica, sans-serif; font-size: x-small;\">\u00a0&#8211;\u00a0<\/span><a style=\"font-family: arial, helvetica, sans-serif; font-size: x-small;\" href=\"https:\/\/welcome-ontour.de\/wordpress\/index.php\/2010-09-13\/\">escalante<\/a><span style=\"font-family: arial, helvetica, sans-serif; font-size: x-small;\">\u00a0&#8211;\u00a0<\/span><a style=\"font-family: arial, helvetica, sans-serif; font-size: x-small;\" href=\"https:\/\/welcome-ontour.de\/wordpress\/index.php\/2010-09-17\/\">farmington<\/a><span style=\"font-family: arial, helvetica, sans-serif; font-size: x-small;\">\u00a0&#8211;\u00a0<\/span><a style=\"font-family: arial, helvetica, sans-serif; font-size: x-small;\" href=\"https:\/\/welcome-ontour.de\/wordpress\/index.php\/2010-09-18\/\">albuquerque<\/a><span style=\"font-family: arial, helvetica, sans-serif; font-size: x-small;\">\u00a0&#8211;\u00a0<\/span><a style=\"font-family: arial, helvetica, sans-serif; font-size: x-small;\" href=\"https:\/\/welcome-ontour.de\/wordpress\/index.php\/2010-09-19\/\">santa fe<\/a><span style=\"font-family: arial, helvetica, sans-serif; font-size: x-small;\">\u00a0&#8211;\u00a0<\/span><a style=\"font-family: arial, helvetica, sans-serif; font-size: x-small;\" href=\"https:\/\/welcome-ontour.de\/wordpress\/index.php\/2010-09-21\/\">taos<\/a><span style=\"font-family: arial, helvetica, sans-serif; font-size: x-small;\">\u00a0&#8211;\u00a0<\/span><a style=\"font-family: arial, helvetica, sans-serif; font-size: x-small;\" href=\"https:\/\/welcome-ontour.de\/wordpress\/index.php\/2010-09-22\/\">alamosa<\/a><span style=\"font-family: arial, helvetica, sans-serif; font-size: x-small;\">\u00a0&#8211;\u00a0<\/span><a style=\"font-family: arial, helvetica, sans-serif; font-size: x-small;\" href=\"https:\/\/welcome-ontour.de\/wordpress\/index.php\/2010-09-23\/\">royal gorge<\/a><span style=\"font-family: arial, helvetica, sans-serif; font-size: x-small;\">\u00a0&#8211;\u00a0<\/span><a style=\"font-family: arial, helvetica, sans-serif; font-size: x-small;\" href=\"https:\/\/welcome-ontour.de\/wordpress\/index.php\/2010-09-24\/\">victor<\/a><span style=\"font-family: arial, helvetica, sans-serif; font-size: x-small;\">\u00a0&#8211;\u00a0<\/span><a style=\"font-family: arial, helvetica, sans-serif; font-size: x-small;\" href=\"https:\/\/welcome-ontour.de\/wordpress\/index.php\/2010-09-25\/\">colo springs<\/a><span style=\"font-family: arial, helvetica, sans-serif; font-size: x-small;\">\u00a0&#8211;\u00a0<\/span><a style=\"font-family: arial, helvetica, sans-serif; font-size: x-small;\" href=\"https:\/\/welcome-ontour.de\/wordpress\/index.php\/2010-09-27\/\">denver&amp;r\u00fcckflug<\/a><span style=\"font-family: arial, helvetica, sans-serif; font-size: x-small;\">\u00a0&#8211;\u00a0<\/span><a style=\"font-family: arial, helvetica, sans-serif; font-size: x-small;\" href=\"https:\/\/welcome-ontour.de\/wordpress\/index.php\/2010-09-29-fazit\/\">fazit<\/a><\/p>\n<p style=\"text-align: center;\">\u00a0<\/p>\n<p style=\"text-align: center;\"><a style=\"font-family: arial, helvetica, sans-serif; font-size: small;\" href=\"https:\/\/welcome-ontour.de\/wordpress\/index.php\/2010-09-25\/\">&lt; Zur\u00fcck<\/a><span style=\"font-family: arial, helvetica, sans-serif; font-size: small;\">\u00a0\u00a0 \u00a0\u00a0\u00a0 \u00a0 \u00a0 \u00a0 \u00a0 \u00a0 \u00a0 \u00a0 \u00a0 \u00a0 \u00a0 \u00a0 \u00a0 \u00a0 \u00a0 \u00a0 \u00a0 \u00a0 \u00a0 \u00a0 \u00a0 \u00a0 \u00a0 \u00a0 \u00a0 \u00a0 \u00a0 \u00a0 \u00a0 \u00a0 \u00a0 \u00a0 \u00a0 \u00a0 \u00a0 \u00a0 \u00a0 \u00a0 \u00a0 \u00a0 \u00a0 \u00a0 \u00a0 \u00a0 \u00a0 \u00a0 \u00a0 \u00a0 \u00a0 \u00a0 \u00a0 \u00a0 \u00a0 \u00a0 \u00a0 \u00a0 \u00a0 \u00a0 \u00a0 \u00a0 \u00a0 \u00a0 \u00a0 \u00a0 \u00a0 \u00a0 \u00a0 \u00a0 \u00a0 \u00a0 \u00a0 \u00a0 \u00a0 \u00a0 \u00a0 \u00a0 \u00a0 \u00a0 \u00a0 \u00a0 \u00a0 \u00a0 \u00a0 \u00a0 \u00a0 \u00a0 \u00a0 \u00a0 \u00a0 \u00a0 \u00a0 \u00a0 \u00a0 \u00a0 \u00a0 \u00a0 \u00a0 \u00a0 \u00a0\u00a0<\/span><a style=\"font-family: arial, helvetica, sans-serif; font-size: small;\" href=\"https:\/\/welcome-ontour.de\/wordpress\/index.php\/2010-09-27\/\">Weiter &gt;<\/a><\/p>\n<p style=\"text-align: center;\">\u00a0<span style=\"font-family: arial, helvetica, sans-serif; font-size: medium;\">\u00a0<\/span><\/p>\n<p style=\"text-align: center;\"><strong><span style=\"font-family: arial, helvetica, sans-serif; font-size: medium;\">So 26.09.2010, 3.Woche, 18.Tag<\/span><\/strong><\/p>\n<p style=\"text-align: center;\"><strong><span style=\"font-family: arial, helvetica, sans-serif; font-size: medium;\">Colorado Springs \u2013 Denver<\/span><\/strong><\/p>\n<p style=\"text-align: center;\"><span style=\"font-family: arial, helvetica, sans-serif; font-size: medium;\">\u00a0<\/span><\/p>\n<p style=\"text-align: center;\"><span style=\"font-family: arial, helvetica, sans-serif; font-size: medium;\">Wieder ewig lange und gut geschlafen und wieder mit Schlaf in den Augen schwimmen gegangen.<\/span><\/p>\n<p style=\"text-align: center;\"><span style=\"font-family: arial, helvetica, sans-serif; font-size: medium;\">K\u00f6nnte man sich dran gew\u00f6hnen.<\/span><\/p>\n<p style=\"text-align: center;\"><span style=\"font-family: arial, helvetica, sans-serif; font-size: medium;\">Um zehn checken wir aus.<\/span><\/p>\n<p style=\"text-align: center;\"><span style=\"font-family: arial, helvetica, sans-serif; font-size: medium;\">In der N\u00e4he der <a href=\"http:\/\/www.usafa.af.mil\/information\/visitors\/\" target=\"_blank\" rel=\"noopener noreferrer\">Airforce Academy<\/a>\u00a0gibt es ein Dennys Breakfast.<\/span><\/p>\n<p style=\"text-align: center;\"><span style=\"font-family: arial, helvetica, sans-serif; font-size: medium;\">\u00a0<\/span><\/p>\n<p style=\"text-align: center;\"><span style=\"font-family: arial, helvetica, sans-serif; font-size: medium;\"><img decoding=\"async\" class=\" size-full wp-image-1558\" title=\"Dennys\" src=\"https:\/\/welcome-ontour.de\/wordpress\/wp-content\/uploads\/2012\/09\/phoca_thumb_l_2010-09-26-01-img_1012.jpg\" width=\"400\" height=\"301\" border=\"0\" srcset=\"https:\/\/welcome-ontour.de\/wordpress\/wp-content\/uploads\/2012\/09\/phoca_thumb_l_2010-09-26-01-img_1012.jpg 600w, https:\/\/welcome-ontour.de\/wordpress\/wp-content\/uploads\/2012\/09\/phoca_thumb_l_2010-09-26-01-img_1012-300x226.jpg 300w\" sizes=\"(max-width: 400px) 100vw, 400px\" \/><\/span><\/p>\n<p style=\"text-align: center;\"><span style=\"font-family: arial, helvetica, sans-serif; font-size: medium;\">\u00a0<\/span><\/p>\n<p style=\"text-align: center;\"><span style=\"font-family: arial, helvetica, sans-serif; font-size: medium;\">Kurze 30 Meilen weiter stoppen wir an den <a href=\"http:\/\/www.outletsatcastlerock.com\/\" target=\"_blank\" rel=\"noopener noreferrer\">Castle Rock Outlets<\/a>.<\/span><\/p>\n<p style=\"text-align: center;\"><span style=\"font-family: arial, helvetica, sans-serif; font-size: medium;\">Hier waren wir vor einigen Jahren bereits und hatten das Einkaufscenter angenehm in Erinnerung.<\/span><\/p>\n<p style=\"text-align: center;\"><span style=\"font-family: arial, helvetica, sans-serif; font-size: medium;\">\u00a0<\/span><\/p>\n<p style=\"text-align: center;\"><span style=\"font-family: arial, helvetica, sans-serif; font-size: medium;\"><img decoding=\"async\" class=\" size-full wp-image-1559\" title=\"Castle Rock Outlets\" src=\"https:\/\/welcome-ontour.de\/wordpress\/wp-content\/uploads\/2012\/09\/phoca_thumb_l_2010-09-26-02-img_1014.jpg\" width=\"600\" height=\"451\" border=\"0\" srcset=\"https:\/\/welcome-ontour.de\/wordpress\/wp-content\/uploads\/2012\/09\/phoca_thumb_l_2010-09-26-02-img_1014.jpg 600w, https:\/\/welcome-ontour.de\/wordpress\/wp-content\/uploads\/2012\/09\/phoca_thumb_l_2010-09-26-02-img_1014-300x226.jpg 300w\" sizes=\"(max-width: 600px) 100vw, 600px\" \/><\/span><\/p>\n<p style=\"text-align: center;\"><span style=\"font-family: arial, helvetica, sans-serif; font-size: medium;\">\u00a0<\/span><\/p>\n<p style=\"text-align: center;\"><span style=\"font-family: arial, helvetica, sans-serif; font-size: medium;\">Gezielt wird die vorher erstellte Liste abgearbeitet und abschlie\u00dfend gibt es im Foodcourt einen Imbiss.<\/span><\/p>\n<p style=\"text-align: center;\"><span style=\"font-family: arial, helvetica, sans-serif; font-size: medium;\">Die weitere Fahrt zu unserem Hotel f\u00fcr die letzte Nacht ist kurz.<\/span><\/p>\n<p style=\"text-align: center;\"><span style=\"font-family: arial, helvetica, sans-serif; font-size: medium;\">15:00 sind wir am Townplace and Suites in Englewood.<\/span><\/p>\n<p style=\"text-align: center;\"><span style=\"font-family: arial, helvetica, sans-serif; font-size: medium;\">Zu unserem Erschrecken ist der Pool abgedeckt.<\/span><\/p>\n<p style=\"text-align: center;\"><span style=\"font-family: arial, helvetica, sans-serif; font-size: medium;\">Macht man hier ab Mitte September generell, erfahren wir.<\/span><\/p>\n<p style=\"text-align: center;\"><span style=\"font-family: arial, helvetica, sans-serif; font-size: medium;\">Als wir das Auto leer r\u00e4umen, merke ich, dass das Navi-Display schwarz ist.<\/span><\/p>\n<p style=\"text-align: center;\"><span style=\"font-family: arial, helvetica, sans-serif; font-size: medium;\">Mehrere Resets helfen nichts<\/span><\/p>\n<p style=\"text-align: center;\"><span style=\"font-family: arial, helvetica, sans-serif; font-size: medium;\">Wir bekommen unsere gebuchte Suite im 2.Obergescho\u00df.<\/span><\/p>\n<p style=\"text-align: center;\"><span style=\"font-family: arial, helvetica, sans-serif; font-size: medium;\">Gleich mal schnell das Laptop an und im Tomtom-Forum nachgefragt.<\/span><\/p>\n<p style=\"text-align: center;\"><span style=\"font-family: arial, helvetica, sans-serif; font-size: medium;\">Reparatur nur nach einschicken m\u00f6glich und zudem relativ teuer.<\/span><\/p>\n<p style=\"text-align: center;\"><span style=\"font-family: arial, helvetica, sans-serif; font-size: medium;\">Unser treuer Begleiter ist jetzt f\u00fcnf Jahre alt und wir wollten eh demn\u00e4chst was Neues.<\/span><\/p>\n<p style=\"text-align: center;\"><span style=\"font-family: arial, helvetica, sans-serif; font-size: medium;\">Also fahren wir ins n\u00e4chste Best Buy und holen uns f\u00fcr 109$ ein neues <a href=\"http:\/\/www.crutchfield.com\/S-mD4KEePQSMe\/p_625XL350TM\/TomTom-XL-350-TM.html?tab=review\" target=\"_blank\" rel=\"noopener noreferrer\">TT XL350<\/a>.<\/span><\/p>\n<p style=\"text-align: center;\"><span style=\"font-family: arial, helvetica, sans-serif; font-size: medium;\">Danach geht es wie geplant in eine Riesen Mall zu <a href=\"http:\/\/www.abercrombie.com\/webapp\/wcs\/stores\/servlet\/home_14607_10901_-1\" target=\"_blank\" rel=\"noopener noreferrer\">Abercrombie und Fitch<\/a>.<\/span><\/p>\n<p style=\"text-align: center;\"><span style=\"font-family: arial, helvetica, sans-serif; font-size: medium;\">\u00a0<\/span><\/p>\n<p style=\"text-align: center;\"><span style=\"font-family: arial, helvetica, sans-serif; font-size: medium;\"><img decoding=\"async\" class=\" size-full wp-image-1560\" title=\"A&amp;F Denver\" src=\"https:\/\/welcome-ontour.de\/wordpress\/wp-content\/uploads\/2012\/09\/phoca_thumb_l_2010-09-26-03-img_1016.jpg\" width=\"600\" height=\"451\" border=\"0\" srcset=\"https:\/\/welcome-ontour.de\/wordpress\/wp-content\/uploads\/2012\/09\/phoca_thumb_l_2010-09-26-03-img_1016.jpg 600w, https:\/\/welcome-ontour.de\/wordpress\/wp-content\/uploads\/2012\/09\/phoca_thumb_l_2010-09-26-03-img_1016-300x226.jpg 300w\" sizes=\"(max-width: 600px) 100vw, 600px\" \/><\/span><\/p>\n<p style=\"text-align: center;\"><span style=\"font-family: arial, helvetica, sans-serif; font-size: medium;\">\u00a0<\/span><\/p>\n<p style=\"text-align: center;\"><span style=\"font-family: arial, helvetica, sans-serif; font-size: medium;\">Eigentlich wollten wir anschlie\u00dfend noch eine Wanderung unternehmen, aber es ist schon zu sp\u00e4t.<\/span><\/p>\n<p style=\"text-align: center;\"><span style=\"font-family: arial, helvetica, sans-serif; font-size: medium;\">Abendessen gibt es heute im <a href=\"http:\/\/www.oldcountrybuffet.com\/\" target=\"_blank\" rel=\"noopener noreferrer\">Country B\u00fcfett<\/a>.<\/span><\/p>\n<p style=\"text-align: center;\"><span style=\"font-family: arial, helvetica, sans-serif; font-size: medium;\">Zur\u00fcck sind wir gerade noch rechtzeitig zum Online Check In bei British Airways.<\/span><\/p>\n<p style=\"text-align: center;\"><span style=\"font-family: arial, helvetica, sans-serif; font-size: medium;\">Mit Gl\u00fcck bekommen wir unsere Wunschpl\u00e4tze in der Boeing 777.<\/span><\/p>\n<p style=\"text-align: center;\"><span style=\"font-family: arial, helvetica, sans-serif; font-size: medium;\">Danach dauert es nicht mehr lange<\/span><\/p>\n<p style=\"text-align: center;\"><span style=\"font-family: arial, helvetica, sans-serif; font-size: medium;\">und wir k\u00f6nnen mit ein paar kalten Buds in meinen Geburtstag hinein ansto\u00dfen.<\/span><\/p>\n<p style=\"text-align: center;\"><span style=\"font-family: arial, helvetica, sans-serif; font-size: medium;\">Prost!<\/span><\/p>\n<p style=\"text-align: center;\"><span style=\"font-family: arial, helvetica, sans-serif; font-size: medium;\">\u00a0<\/span><\/p>\n<p style=\"text-align: center;\"><span style=\"font-family: arial, helvetica, sans-serif; font-size: medium;\">Gefahrene Meilen \/ Kilometer: 151 \/ 243<\/span><\/p>\n<p style=\"text-align: center;\"><span style=\"font-family: arial, helvetica, sans-serif; font-size: medium;\">\u00a0<\/span><\/p>\n<p style=\"text-align: center;\"><span style=\"font-family: arial, helvetica, sans-serif; font-size: medium;\">\u00dcbernachtung: <a href=\"http:\/\/www.marriott.com\/hotels\/travel\/dents-towneplace-suites-denver-tech-center\/\" target=\"_blank\" rel=\"noopener noreferrer\">Townplace and Suites by Marriott<\/a>, Denver Englewood, Colorado, 7500 Marriott Reward Points ****<\/span><\/p>\n<p style=\"text-align: center;\"><span style=\"font-family: arial, helvetica, sans-serif; font-size: medium;\">\u00a0<\/span><\/p>\n<p style=\"text-align: center;\"><span style=\"font-family: arial, helvetica, sans-serif; font-size: small;\"><a href=\"https:\/\/welcome-ontour.de\/wordpress\/index.php\/2010-09-25\/\">&lt; Zur\u00fcck<\/a>\u00a0\u00a0 \u00a0\u00a0\u00a0 \u00a0 \u00a0 \u00a0 \u00a0 \u00a0 \u00a0 \u00a0 \u00a0 \u00a0 \u00a0 \u00a0 \u00a0 \u00a0 \u00a0 \u00a0 \u00a0 \u00a0 \u00a0 \u00a0 \u00a0 \u00a0 \u00a0 \u00a0 \u00a0 \u00a0 \u00a0 \u00a0 \u00a0 \u00a0 \u00a0 \u00a0 \u00a0 \u00a0 \u00a0 \u00a0 \u00a0 \u00a0 \u00a0 \u00a0 \u00a0 \u00a0 \u00a0 \u00a0 \u00a0 \u00a0 \u00a0 \u00a0 \u00a0 \u00a0 \u00a0 \u00a0 \u00a0 \u00a0 \u00a0 \u00a0 \u00a0 \u00a0 \u00a0 \u00a0 \u00a0 \u00a0 \u00a0 \u00a0 \u00a0 \u00a0 \u00a0 \u00a0 \u00a0 \u00a0 \u00a0 \u00a0 \u00a0 \u00a0 \u00a0 \u00a0 \u00a0 \u00a0 \u00a0 \u00a0 \u00a0 \u00a0 \u00a0 \u00a0 \u00a0 \u00a0 \u00a0 \u00a0 \u00a0 \u00a0 \u00a0 \u00a0 \u00a0 \u00a0 \u00a0 \u00a0 \u00a0 \u00a0 \u00a0\u00a0<a href=\"https:\/\/welcome-ontour.de\/wordpress\/index.php\/2010-09-27\/\">Weiter &gt;<\/a>\u00a0<\/span><\/p>\n","protected":false},"excerpt":{"rendered":"<p>prolog\u00a0&#8211;\u00a0hinflug\u00a0&#8211;\u00a0rocky mts nationalpark\u00a0&#8211;\u00a0glenwood springs\u00a0&#8211;\u00a0san rafael swell\u00a0&#8211;\u00a0escalante\u00a0&#8211;\u00a0farmington\u00a0&#8211;\u00a0albuquerque\u00a0&#8211;\u00a0santa fe\u00a0&#8211;\u00a0taos\u00a0&#8211;\u00a0alamosa\u00a0&#8211;\u00a0royal gorge\u00a0&#8211;\u00a0victor\u00a0&#8211;\u00a0colo springs\u00a0&#8211;\u00a0denver&amp;r\u00fcckflug\u00a0&#8211;\u00a0fazit \u00a0 &lt; Zur\u00fcck\u00a0\u00a0 \u00a0\u00a0\u00a0 \u00a0 \u00a0 \u00a0 \u00a0 \u00a0 \u00a0 \u00a0 \u00a0 \u00a0 \u00a0 \u00a0 \u00a0 \u00a0 \u00a0 \u00a0 \u00a0 \u00a0 \u00a0 \u00a0 \u00a0 \u00a0 \u00a0 \u00a0 \u00a0 \u00a0 \u00a0 \u00a0 \u00a0 \u00a0 \u00a0 \u00a0 \u00a0 \u00a0 \u00a0 \u00a0 \u00a0 \u00a0 \u00a0 \u00a0 \u00a0 \u00a0 \u00a0 \u00a0 \u00a0 \u00a0 \u00a0 \u00a0 \u00a0 \u00a0 \u00a0 \u00a0 \u00a0 \u00a0 \u00a0 \u00a0 \u00a0 \u00a0 \u00a0 \u00a0 \u00a0 \u00a0 \u00a0 \u00a0 \u00a0 \u00a0 \u00a0 \u00a0 \u00a0 \u00a0 \u00a0 \u00a0 \u00a0 \u00a0 \u00a0 \u00a0 \u00a0 \u00a0 \u00a0 \u00a0 \u00a0 \u00a0 \u00a0 \u00a0 \u00a0 \u00a0 \u00a0 \u00a0 \u00a0 \u00a0 \u00a0 \u00a0 \u00a0 \u00a0 \u00a0 \u00a0 \u00a0 \u00a0 \u00a0\u00a0Weiter &gt; \u00a0\u00a0 So 26.09.2010, 3.Woche, 18.Tag Colorado Springs \u2013 Denver \u00a0 Wieder ewig lange und gut geschlafen und wieder mit Schlaf in den Augen schwimmen gegangen. K\u00f6nnte man sich dran gew\u00f6hnen. Um zehn checken wir aus. In der N\u00e4he der Airforce Academy\u00a0gibt es ein Dennys Breakfast. \u00a0 \u00a0 Kurze 30 Meilen weiter stoppen wir an den Castle Rock Outlets. Hier waren wir vor einigen Jahren bereits und hatten das Einkaufscenter angenehm in Erinnerung. \u00a0 \u00a0 Gezielt wird die vorher erstellte Liste abgearbeitet und abschlie\u00dfend gibt es im Foodcourt einen Imbiss. Die weitere Fahrt zu unserem Hotel f\u00fcr die letzte Nacht ist kurz. 15:00 sind wir am Townplace and Suites in Englewood. Zu unserem Erschrecken ist der Pool abgedeckt. Macht man hier ab Mitte September generell, erfahren wir. Als wir das Auto leer r\u00e4umen, merke ich, dass das Navi-Display schwarz ist. Mehrere Resets helfen nichts Wir bekommen unsere gebuchte Suite im 2.Obergescho\u00df. Gleich mal schnell das Laptop an und im Tomtom-Forum nachgefragt. Reparatur nur nach einschicken m\u00f6glich und zudem relativ teuer. Unser treuer Begleiter ist jetzt f\u00fcnf Jahre alt und wir wollten eh demn\u00e4chst was Neues. Also fahren wir ins n\u00e4chste Best Buy und holen uns f\u00fcr 109$ ein neues TT XL350. Danach geht es wie geplant in eine Riesen Mall zu Abercrombie und Fitch. \u00a0 \u00a0 Eigentlich wollten wir anschlie\u00dfend noch eine Wanderung unternehmen, aber es ist schon zu sp\u00e4t. Abendessen gibt es heute im Country B\u00fcfett. Zur\u00fcck sind wir gerade noch rechtzeitig zum Online Check In bei British Airways. Mit Gl\u00fcck bekommen wir unsere Wunschpl\u00e4tze in der Boeing 777. Danach dauert es nicht mehr lange und wir k\u00f6nnen mit ein paar kalten Buds in meinen Geburtstag hinein ansto\u00dfen. Prost! \u00a0 Gefahrene Meilen \/ Kilometer: 151 \/ 243 \u00a0 \u00dcbernachtung: Townplace and Suites by Marriott, Denver Englewood, Colorado, 7500 Marriott Reward Points **** \u00a0 &lt; Zur\u00fcck\u00a0\u00a0 \u00a0\u00a0\u00a0 \u00a0 \u00a0 \u00a0 \u00a0 \u00a0 \u00a0 \u00a0 \u00a0 \u00a0 \u00a0 \u00a0 \u00a0 \u00a0 \u00a0 \u00a0 \u00a0 \u00a0 \u00a0 \u00a0 \u00a0 \u00a0 \u00a0 \u00a0 \u00a0 \u00a0 \u00a0 \u00a0 \u00a0 \u00a0 \u00a0 \u00a0 \u00a0 \u00a0 \u00a0 \u00a0 \u00a0 \u00a0 \u00a0 \u00a0 \u00a0 \u00a0 \u00a0 \u00a0 \u00a0 \u00a0 \u00a0 \u00a0 \u00a0 \u00a0 \u00a0 \u00a0 \u00a0 \u00a0 \u00a0 \u00a0 \u00a0 \u00a0 \u00a0 \u00a0 \u00a0 \u00a0 \u00a0 \u00a0 \u00a0 \u00a0 \u00a0 \u00a0 \u00a0 \u00a0 \u00a0 \u00a0 \u00a0 \u00a0 \u00a0 \u00a0 \u00a0 \u00a0 \u00a0 \u00a0 \u00a0 \u00a0 \u00a0 \u00a0 \u00a0 \u00a0 \u00a0 \u00a0 \u00a0 \u00a0 \u00a0 \u00a0 \u00a0 \u00a0 \u00a0 \u00a0 \u00a0 \u00a0 \u00a0\u00a0Weiter &gt;\u00a0<\/p>\n","protected":false},"author":1,"featured_media":1558,"parent":0,"menu_order":19,"comment_status":"closed","ping_status":"closed","template":"","meta":{"footnotes":""},"class_list":["post-1561","page","type-page","status-publish","has-post-thumbnail","hentry"],"_links":{"self":[{"href":"https:\/\/welcome-ontour.de\/wordpress\/index.php\/wp-json\/wp\/v2\/pages\/1561","targetHints":{"allow":["GET"]}}],"collection":[{"href":"https:\/\/welcome-ontour.de\/wordpress\/index.php\/wp-json\/wp\/v2\/pages"}],"about":[{"href":"https:\/\/welcome-ontour.de\/wordpress\/index.php\/wp-json\/wp\/v2\/types\/page"}],"author":[{"embeddable":true,"href":"https:\/\/welcome-ontour.de\/wordpress\/index.php\/wp-json\/wp\/v2\/users\/1"}],"replies":[{"embeddable":true,"href":"https:\/\/welcome-ontour.de\/wordpress\/index.php\/wp-json\/wp\/v2\/comments?post=1561"}],"version-history":[{"count":1,"href":"https:\/\/welcome-ontour.de\/wordpress\/index.php\/wp-json\/wp\/v2\/pages\/1561\/revisions"}],"predecessor-version":[{"id":3009,"href":"https:\/\/welcome-ontour.de\/wordpress\/index.php\/wp-json\/wp\/v2\/pages\/1561\/revisions\/3009"}],"wp:featuredmedia":[{"embeddable":true,"href":"https:\/\/welcome-ontour.de\/wordpress\/index.php\/wp-json\/wp\/v2\/media\/1558"}],"wp:attachment":[{"href":"https:\/\/welcome-ontour.de\/wordpress\/index.php\/wp-json\/wp\/v2\/media?parent=1561"}],"curies":[{"name":"wp","href":"https:\/\/api.w.org\/{rel}","templated":true}]}}