{"id":14813,"date":"2021-06-07T09:48:24","date_gmt":"2021-06-07T09:48:24","guid":{"rendered":"https:\/\/welcome-ontour.de\/wordpress\/index.php\/2007-01-16\/"},"modified":"2022-06-30T23:06:17","modified_gmt":"2022-06-30T23:06:17","slug":"2007-01-16","status":"publish","type":"page","link":"https:\/\/welcome-ontour.de\/wordpress\/index.php\/2007-01-16\/","title":{"rendered":"2007 01 16"},"content":{"rendered":"<p style=\"text-align: center;\"><span style=\"font-size: 8pt;\"><a href=\"https:\/\/welcome-ontour.de\/wordpress\/index.php\/2007-01-09-prolog\/\">Prolog<\/a>\u00a0 \u00a0 \u00a0 \u00a0 \u00a0\u00a0<a href=\"https:\/\/welcome-ontour.de\/wordpress\/index.php\/2007-01-10\/\">Anreise<\/a>\u00a0 \u00a0 \u00a0 \u00a0 \u00a0\u00a0<a href=\"https:\/\/welcome-ontour.de\/wordpress\/index.php\/2007-01-11\/\">Palmitos<\/a>\u00a0 \u00a0 \u00a0 \u00a0 \u00a0\u00a0<a href=\"https:\/\/welcome-ontour.de\/wordpress\/index.php\/2007-01-12\/\">Mandelwanderung<\/a>\u00a0 \u00a0 \u00a0 \u00a0 \u00a0\u00a0<\/span><span style=\"font-size: 8pt;\"><a href=\"https:\/\/welcome-ontour.de\/wordpress\/index.php\/2007-01-13\/\">Strand&amp;D\u00fcnen<\/a>\u00a0 \u00a0 \u00a0 \u00a0 \u00a0\u00a0<a href=\"https:\/\/welcome-ontour.de\/wordpress\/index.php\/2007-01-14\/\">Gipfelsturm<\/a>\u00a0\u00a0 \u00a0 \u00a0 \u00a0\u00a0<a href=\"https:\/\/welcome-ontour.de\/wordpress\/index.php\/2007-01-15\/\">Soria<\/a>\u00a0 \u00a0 \u00a0 \u00a0 \u00a0\u00a0<a href=\"https:\/\/welcome-ontour.de\/wordpress\/index.php\/2007-01-16\/\">Relax<\/a>\u00a0\u00a0 \u00a0 \u00a0 \u00a0 \u00a0\u00a0<a href=\"https:\/\/welcome-ontour.de\/wordpress\/index.php\/2007-01-17\/\">R\u00fcckreise<\/a>\u00a0\u00a0 \u00a0 \u00a0 \u00a0 \u00a0<a href=\"https:\/\/welcome-ontour.de\/wordpress\/index.php\/2007-01-18-fazit\/\">Fazit<\/a><\/span><\/p>\n<p style=\"text-align: center;\">\u00a0<\/p>\n<p style=\"text-align: center;\"><a href=\"https:\/\/welcome-ontour.de\/wordpress\/index.php\/2007-01-15\/\">&lt; zur\u00fcck<\/a>\u00a0 \u00a0 \u00a0 \u00a0 \u00a0 \u00a0 \u00a0 \u00a0 \u00a0 \u00a0 \u00a0 \u00a0 \u00a0 \u00a0 \u00a0 \u00a0 \u00a0 \u00a0 \u00a0 \u00a0 \u00a0 \u00a0 \u00a0 \u00a0 \u00a0 \u00a0 \u00a0 \u00a0 \u00a0 \u00a0 \u00a0 \u00a0 \u00a0 \u00a0 \u00a0 \u00a0 \u00a0 \u00a0 \u00a0 \u00a0 \u00a0 \u00a0 \u00a0 \u00a0 \u00a0 \u00a0 \u00a0 \u00a0 \u00a0 \u00a0 \u00a0 \u00a0 \u00a0 \u00a0 \u00a0 \u00a0 \u00a0 \u00a0 \u00a0 \u00a0 \u00a0 \u00a0 \u00a0 \u00a0 \u00a0 \u00a0 \u00a0 \u00a0 \u00a0 \u00a0 \u00a0 \u00a0 \u00a0 \u00a0 \u00a0 \u00a0 \u00a0 \u00a0 \u00a0 \u00a0 \u00a0 \u00a0 \u00a0 \u00a0 \u00a0 \u00a0 \u00a0 \u00a0 \u00a0 \u00a0 \u00a0 \u00a0 \u00a0 \u00a0 \u00a0\u00a0<a href=\"https:\/\/welcome-ontour.de\/wordpress\/index.php\/2007-01-17\/\">weiter &gt;<\/a><\/p>\n<p style=\"text-align: center;\">\u00a0<\/p>\n<p style=\"text-align: center;\"><span style=\"font-size: 14pt;\"><strong><span style=\"font-family: arial, helvetica, sans-serif;\">Di 16.1.<\/span><\/strong><\/span><\/p>\n<p style=\"text-align: center;\"><span style=\"font-size: 14pt;\"><strong><span style=\"font-family: arial, helvetica, sans-serif;\">\u00a0<\/span><\/strong><\/span><\/p>\n<p style=\"text-align: center;\"><span style=\"font-size: 14pt;\"><strong><span style=\"font-family: arial, helvetica, sans-serif;\">Relax<\/span><\/strong><\/span><\/p>\n<p style=\"text-align: center;\"><span style=\"font-family: arial, helvetica, sans-serif; font-size: 12pt;\">\u00a0<\/span><\/p>\n<p style=\"text-align: center;\"><span style=\"font-family: arial, helvetica, sans-serif; font-size: 12pt;\">Bei dem herrlich sommerlichen Wetter bleiben wir heute zu Hause.<\/span><\/p>\n<p style=\"text-align: center;\"><span style=\"font-family: arial, helvetica, sans-serif; font-size: 12pt;\">Es sind zwar nur 23\u00b0, aber in der Sonne kommt es uns erheblich w\u00e4rmer vor.<\/span><\/p>\n<p style=\"text-align: center;\"><span style=\"font-family: arial, helvetica, sans-serif; font-size: 12pt;\">Den Pool haben wir fast f\u00fcr uns allein, das Wasser ist saukalt.<\/span><\/p>\n<p style=\"text-align: center;\"><span style=\"font-family: arial, helvetica, sans-serif; font-size: 12pt;\">\u00a0<\/span><\/p>\n<p style=\"text-align: center;\"><span style=\"font-family: arial, helvetica, sans-serif; font-size: 12pt;\"><img decoding=\"async\" class=\" size-full wp-image-14806\" src=\"https:\/\/welcome-ontour.de\/wordpress\/wp-content\/uploads\/2021\/06\/phoca_thumb_l_2007-01-16-01.jpg\" alt=\"\" width=\"400\" height=\"302\" srcset=\"https:\/\/welcome-ontour.de\/wordpress\/wp-content\/uploads\/2021\/06\/phoca_thumb_l_2007-01-16-01.jpg 400w, https:\/\/welcome-ontour.de\/wordpress\/wp-content\/uploads\/2021\/06\/phoca_thumb_l_2007-01-16-01-300x227.jpg 300w\" sizes=\"(max-width: 400px) 100vw, 400px\" \/>\u00a0 <img decoding=\"async\" class=\" size-full wp-image-14807\" src=\"https:\/\/welcome-ontour.de\/wordpress\/wp-content\/uploads\/2021\/06\/phoca_thumb_l_2007-01-16-02.jpg\" alt=\"\" width=\"400\" height=\"302\" srcset=\"https:\/\/welcome-ontour.de\/wordpress\/wp-content\/uploads\/2021\/06\/phoca_thumb_l_2007-01-16-02.jpg 400w, https:\/\/welcome-ontour.de\/wordpress\/wp-content\/uploads\/2021\/06\/phoca_thumb_l_2007-01-16-02-300x227.jpg 300w\" sizes=\"(max-width: 400px) 100vw, 400px\" \/><\/span><\/p>\n<p style=\"text-align: center;\"><span style=\"font-family: arial, helvetica, sans-serif; font-size: 12pt;\">\u00a0<\/span><\/p>\n<p style=\"text-align: center;\"><span style=\"font-family: arial, helvetica, sans-serif; font-size: 12pt;\">Aber so ein Ruhetag mit Gratisgetr\u00e4nken von der Poolbar tut uns auch mal gut.<\/span><\/p>\n<p style=\"text-align: center;\"><span style=\"font-family: arial, helvetica, sans-serif; font-size: 12pt;\">\u00a0<\/span><\/p>\n<p style=\"text-align: center;\"><span style=\"font-family: arial, helvetica, sans-serif; font-size: 12pt;\"><img decoding=\"async\" class=\" size-full wp-image-14808\" src=\"https:\/\/welcome-ontour.de\/wordpress\/wp-content\/uploads\/2021\/06\/phoca_thumb_l_2007-01-16-03.jpg\" alt=\"\" width=\"400\" height=\"301\" srcset=\"https:\/\/welcome-ontour.de\/wordpress\/wp-content\/uploads\/2021\/06\/phoca_thumb_l_2007-01-16-03.jpg 400w, https:\/\/welcome-ontour.de\/wordpress\/wp-content\/uploads\/2021\/06\/phoca_thumb_l_2007-01-16-03-300x226.jpg 300w\" sizes=\"(max-width: 400px) 100vw, 400px\" \/>\u00a0 <img decoding=\"async\" class=\" size-full wp-image-14809\" src=\"https:\/\/welcome-ontour.de\/wordpress\/wp-content\/uploads\/2021\/06\/phoca_thumb_l_2007-01-16-04.jpg\" alt=\"\" width=\"399\" height=\"301\" srcset=\"https:\/\/welcome-ontour.de\/wordpress\/wp-content\/uploads\/2021\/06\/phoca_thumb_l_2007-01-16-04.jpg 400w, https:\/\/welcome-ontour.de\/wordpress\/wp-content\/uploads\/2021\/06\/phoca_thumb_l_2007-01-16-04-300x227.jpg 300w\" sizes=\"(max-width: 399px) 100vw, 399px\" \/><\/span><\/p>\n<p style=\"text-align: center;\"><span style=\"font-family: arial, helvetica, sans-serif; font-size: 12pt;\">\u00a0<\/span><\/p>\n<p style=\"text-align: center;\"><span style=\"font-family: arial, helvetica, sans-serif; font-size: 12pt;\">Schlie\u00dflich ist Urlaubszeit.<\/span><\/p>\n<p style=\"text-align: center;\"><span style=\"font-family: arial, helvetica, sans-serif; font-size: 12pt;\">Danach besuchen wir den Hausstrand am Resort.<\/span><\/p>\n<p style=\"text-align: center;\"><span style=\"font-family: arial, helvetica, sans-serif; font-size: 12pt;\">\u00a0<\/span><\/p>\n<p style=\"text-align: center;\"><span style=\"font-family: arial, helvetica, sans-serif; font-size: 12pt;\"><img decoding=\"async\" class=\" size-full wp-image-14810\" src=\"https:\/\/welcome-ontour.de\/wordpress\/wp-content\/uploads\/2021\/06\/phoca_thumb_l_2007-01-16-05.jpg\" alt=\"\" width=\"810\" height=\"544\" srcset=\"https:\/\/welcome-ontour.de\/wordpress\/wp-content\/uploads\/2021\/06\/phoca_thumb_l_2007-01-16-05.jpg 810w, https:\/\/welcome-ontour.de\/wordpress\/wp-content\/uploads\/2021\/06\/phoca_thumb_l_2007-01-16-05-300x201.jpg 300w, https:\/\/welcome-ontour.de\/wordpress\/wp-content\/uploads\/2021\/06\/phoca_thumb_l_2007-01-16-05-768x516.jpg 768w\" sizes=\"(max-width: 810px) 100vw, 810px\" \/><\/span><\/p>\n<p style=\"text-align: center;\"><span style=\"font-family: arial, helvetica, sans-serif; font-size: 12pt;\">\u00a0<\/span><\/p>\n<p style=\"text-align: center;\"><span style=\"font-family: arial, helvetica, sans-serif; font-size: 12pt;\">Am Nachmittag spazieren wir zum Sandstrand nach San Augustin.<\/span><\/p>\n<p style=\"text-align: center;\"><span style=\"font-family: arial, helvetica, sans-serif; font-size: 12pt;\">Die Kulisse ist nicht gerade einladend, weil es zu viel Bebauung direkt am Meer gibt.<\/span><\/p>\n<p style=\"text-align: center;\"><span style=\"font-family: arial, helvetica, sans-serif; font-size: 12pt;\">\u00a0<\/span><\/p>\n<p style=\"text-align: center;\"><span style=\"font-family: arial, helvetica, sans-serif; font-size: 12pt;\"><img decoding=\"async\" class=\" size-full wp-image-14811\" src=\"https:\/\/welcome-ontour.de\/wordpress\/wp-content\/uploads\/2021\/06\/phoca_thumb_l_2007-01-16-06.jpg\" alt=\"\" width=\"400\" height=\"302\" srcset=\"https:\/\/welcome-ontour.de\/wordpress\/wp-content\/uploads\/2021\/06\/phoca_thumb_l_2007-01-16-06.jpg 400w, https:\/\/welcome-ontour.de\/wordpress\/wp-content\/uploads\/2021\/06\/phoca_thumb_l_2007-01-16-06-300x227.jpg 300w\" sizes=\"(max-width: 400px) 100vw, 400px\" \/>\u00a0 <img decoding=\"async\" class=\" size-full wp-image-14812\" src=\"https:\/\/welcome-ontour.de\/wordpress\/wp-content\/uploads\/2021\/06\/phoca_thumb_l_2007-01-16-07.jpg\" alt=\"\" width=\"400\" height=\"302\" srcset=\"https:\/\/welcome-ontour.de\/wordpress\/wp-content\/uploads\/2021\/06\/phoca_thumb_l_2007-01-16-07.jpg 400w, https:\/\/welcome-ontour.de\/wordpress\/wp-content\/uploads\/2021\/06\/phoca_thumb_l_2007-01-16-07-300x227.jpg 300w\" sizes=\"(max-width: 400px) 100vw, 400px\" \/><\/span><\/p>\n<p style=\"text-align: center;\"><span style=\"font-family: arial, helvetica, sans-serif; font-size: 12pt;\">\u00a0<\/span><\/p>\n<p style=\"text-align: center;\"><span style=\"font-family: arial, helvetica, sans-serif; font-size: 12pt;\">Zum Baden ist die Playa San Augustin aber gut geeignet.<\/span><\/p>\n<p style=\"text-align: center;\"><span style=\"font-family: arial, helvetica, sans-serif; font-size: 12pt;\">In den Wellen macht es richtig Spa\u00df und das Wasser des Atlantiks ist auch nicht k\u00e4lter als in unserem Pool.<\/span><\/p>\n<p style=\"text-align: center;\"><span style=\"font-family: arial, helvetica, sans-serif; font-size: 12pt;\">Abends ein letztes Mal am B\u00fcfett schlemmen und die leckeren Rum mit Honig an der Bar genie\u00dfen.<\/span><\/p>\n<p style=\"text-align: center;\"><span style=\"font-family: arial, helvetica, sans-serif; font-size: 12pt;\">\u00a0<\/span><\/p>\n<p><span style=\"font-family: arial, helvetica, sans-serif; font-size: 12pt;\"><img decoding=\"async\" class=\" size-full wp-image-14690\" style=\"display: block; margin-left: auto; margin-right: auto;\" title=\"Gran Canaria\" src=\"https:\/\/welcome-ontour.de\/wordpress\/wp-content\/uploads\/2021\/06\/phoca_thumb_l_2007-01-09-02.jpg\" width=\"133\" height=\"109\" \/><\/span><\/p>\n<p>\u00a0<\/p>\n<p style=\"text-align: center;\"><span style=\"font-size: 12pt;\"><span style=\"font-family: arial, helvetica, sans-serif;\">\u00a0<\/span><\/span><\/p>\n<p style=\"text-align: center;\"><span style=\"font-size: 10pt;\"><span style=\"font-family: arial, helvetica, sans-serif;\"><a href=\"https:\/\/welcome-ontour.de\/wordpress\/index.php\/2007-01-15\/\">&lt; zur\u00fcck<\/a>\u00a0 \u00a0 \u00a0 \u00a0 \u00a0 \u00a0 \u00a0 \u00a0 \u00a0 \u00a0 \u00a0 \u00a0 \u00a0 \u00a0 \u00a0 \u00a0 \u00a0 \u00a0 \u00a0 \u00a0 \u00a0 \u00a0 \u00a0 \u00a0 \u00a0 \u00a0 \u00a0 \u00a0 \u00a0 \u00a0 \u00a0 \u00a0 \u00a0 \u00a0 \u00a0 \u00a0 \u00a0 \u00a0 \u00a0 \u00a0 \u00a0 \u00a0 \u00a0 \u00a0 \u00a0 \u00a0 \u00a0 \u00a0 \u00a0 \u00a0 \u00a0 \u00a0 \u00a0 \u00a0 \u00a0 \u00a0 \u00a0 \u00a0 \u00a0 \u00a0 \u00a0 \u00a0 \u00a0 \u00a0 \u00a0 \u00a0 \u00a0 \u00a0 \u00a0 \u00a0 \u00a0 \u00a0 \u00a0 \u00a0 \u00a0 \u00a0 \u00a0 \u00a0 \u00a0 \u00a0 \u00a0 \u00a0 \u00a0 \u00a0 \u00a0 \u00a0 \u00a0 \u00a0 \u00a0 \u00a0 \u00a0 \u00a0 \u00a0 \u00a0 \u00a0\u00a0<a href=\"https:\/\/welcome-ontour.de\/wordpress\/index.php\/2007-01-17\/\">weiter &gt;<\/a><\/span><\/span><\/p>\n","protected":false},"excerpt":{"rendered":"<p>Prolog\u00a0 \u00a0 \u00a0 \u00a0 \u00a0\u00a0Anreise\u00a0 \u00a0 \u00a0 \u00a0 \u00a0\u00a0Palmitos\u00a0 \u00a0 \u00a0 \u00a0 \u00a0\u00a0Mandelwanderung\u00a0 \u00a0 \u00a0 \u00a0 \u00a0\u00a0Strand&amp;D\u00fcnen\u00a0 \u00a0 \u00a0 \u00a0 \u00a0\u00a0Gipfelsturm\u00a0\u00a0 \u00a0 \u00a0 \u00a0\u00a0Soria\u00a0 \u00a0 \u00a0 \u00a0 \u00a0\u00a0Relax\u00a0\u00a0 \u00a0 \u00a0 \u00a0 \u00a0\u00a0R\u00fcckreise\u00a0\u00a0 \u00a0 \u00a0 \u00a0 \u00a0Fazit \u00a0 &lt; zur\u00fcck\u00a0 \u00a0 \u00a0 \u00a0 \u00a0 \u00a0 \u00a0 \u00a0 \u00a0 \u00a0 \u00a0 \u00a0 \u00a0 \u00a0 \u00a0 \u00a0 \u00a0 \u00a0 \u00a0 \u00a0 \u00a0 \u00a0 \u00a0 \u00a0 \u00a0 \u00a0 \u00a0 \u00a0 \u00a0 \u00a0 \u00a0 \u00a0 \u00a0 \u00a0 \u00a0 \u00a0 \u00a0 \u00a0 \u00a0 \u00a0 \u00a0 \u00a0 \u00a0 \u00a0 \u00a0 \u00a0 \u00a0 \u00a0 \u00a0 \u00a0 \u00a0 \u00a0 \u00a0 \u00a0 \u00a0 \u00a0 \u00a0 \u00a0 \u00a0 \u00a0 \u00a0 \u00a0 \u00a0 \u00a0 \u00a0 \u00a0 \u00a0 \u00a0 \u00a0 \u00a0 \u00a0 \u00a0 \u00a0 \u00a0 \u00a0 \u00a0 \u00a0 \u00a0 \u00a0 \u00a0 \u00a0 \u00a0 \u00a0 \u00a0 \u00a0 \u00a0 \u00a0 \u00a0 \u00a0 \u00a0 \u00a0 \u00a0 \u00a0 \u00a0 \u00a0\u00a0weiter &gt; \u00a0 Di 16.1. \u00a0 Relax \u00a0 Bei dem herrlich sommerlichen Wetter bleiben wir heute zu Hause. Es sind zwar nur 23\u00b0, aber in der Sonne kommt es uns erheblich w\u00e4rmer vor. Den Pool haben wir fast f\u00fcr uns allein, das Wasser ist saukalt. \u00a0 \u00a0 \u00a0 Aber so ein Ruhetag mit Gratisgetr\u00e4nken von der Poolbar tut uns auch mal gut. \u00a0 \u00a0 \u00a0 Schlie\u00dflich ist Urlaubszeit. Danach besuchen wir den Hausstrand am Resort. \u00a0 \u00a0 Am Nachmittag spazieren wir zum Sandstrand nach San Augustin. Die Kulisse ist nicht gerade einladend, weil es zu viel Bebauung direkt am Meer gibt. \u00a0 \u00a0 \u00a0 Zum Baden ist die Playa San Augustin aber gut geeignet. In den Wellen macht es richtig Spa\u00df und das Wasser des Atlantiks ist auch nicht k\u00e4lter als in unserem Pool. Abends ein letztes Mal am B\u00fcfett schlemmen und die leckeren Rum mit Honig an der Bar genie\u00dfen. \u00a0 \u00a0 \u00a0 &lt; zur\u00fcck\u00a0 \u00a0 \u00a0 \u00a0 \u00a0 \u00a0 \u00a0 \u00a0 \u00a0 \u00a0 \u00a0 \u00a0 \u00a0 \u00a0 \u00a0 \u00a0 \u00a0 \u00a0 \u00a0 \u00a0 \u00a0 \u00a0 \u00a0 \u00a0 \u00a0 \u00a0 \u00a0 \u00a0 \u00a0 \u00a0 \u00a0 \u00a0 \u00a0 \u00a0 \u00a0 \u00a0 \u00a0 \u00a0 \u00a0 \u00a0 \u00a0 \u00a0 \u00a0 \u00a0 \u00a0 \u00a0 \u00a0 \u00a0 \u00a0 \u00a0 \u00a0 \u00a0 \u00a0 \u00a0 \u00a0 \u00a0 \u00a0 \u00a0 \u00a0 \u00a0 \u00a0 \u00a0 \u00a0 \u00a0 \u00a0 \u00a0 \u00a0 \u00a0 \u00a0 \u00a0 \u00a0 \u00a0 \u00a0 \u00a0 \u00a0 \u00a0 \u00a0 \u00a0 \u00a0 \u00a0 \u00a0 \u00a0 \u00a0 \u00a0 \u00a0 \u00a0 \u00a0 \u00a0 \u00a0 \u00a0 \u00a0 \u00a0 \u00a0 \u00a0 \u00a0\u00a0weiter &gt;<\/p>\n","protected":false},"author":1,"featured_media":14806,"parent":0,"menu_order":2,"comment_status":"closed","ping_status":"closed","template":"","meta":{"footnotes":""},"class_list":["post-14813","page","type-page","status-publish","has-post-thumbnail","hentry"],"_links":{"self":[{"href":"https:\/\/welcome-ontour.de\/wordpress\/index.php\/wp-json\/wp\/v2\/pages\/14813","targetHints":{"allow":["GET"]}}],"collection":[{"href":"https:\/\/welcome-ontour.de\/wordpress\/index.php\/wp-json\/wp\/v2\/pages"}],"about":[{"href":"https:\/\/welcome-ontour.de\/wordpress\/index.php\/wp-json\/wp\/v2\/types\/page"}],"author":[{"embeddable":true,"href":"https:\/\/welcome-ontour.de\/wordpress\/index.php\/wp-json\/wp\/v2\/users\/1"}],"replies":[{"embeddable":true,"href":"https:\/\/welcome-ontour.de\/wordpress\/index.php\/wp-json\/wp\/v2\/comments?post=14813"}],"version-history":[{"count":1,"href":"https:\/\/welcome-ontour.de\/wordpress\/index.php\/wp-json\/wp\/v2\/pages\/14813\/revisions"}],"predecessor-version":[{"id":15023,"href":"https:\/\/welcome-ontour.de\/wordpress\/index.php\/wp-json\/wp\/v2\/pages\/14813\/revisions\/15023"}],"wp:featuredmedia":[{"embeddable":true,"href":"https:\/\/welcome-ontour.de\/wordpress\/index.php\/wp-json\/wp\/v2\/media\/14806"}],"wp:attachment":[{"href":"https:\/\/welcome-ontour.de\/wordpress\/index.php\/wp-json\/wp\/v2\/media?parent=14813"}],"curies":[{"name":"wp","href":"https:\/\/api.w.org\/{rel}","templated":true}]}}