{"id":14805,"date":"2021-06-07T09:48:13","date_gmt":"2021-06-07T09:48:13","guid":{"rendered":"https:\/\/welcome-ontour.de\/wordpress\/index.php\/2007-01-15\/"},"modified":"2022-06-30T23:06:17","modified_gmt":"2022-06-30T23:06:17","slug":"2007-01-15","status":"publish","type":"page","link":"https:\/\/welcome-ontour.de\/wordpress\/index.php\/2007-01-15\/","title":{"rendered":"2007 01 15"},"content":{"rendered":"<p style=\"text-align: center;\"><span style=\"font-size: 8pt;\"><a href=\"https:\/\/welcome-ontour.de\/wordpress\/index.php\/2007-01-09-prolog\/\">Prolog<\/a>\u00a0 \u00a0 \u00a0 \u00a0 \u00a0\u00a0<a href=\"https:\/\/welcome-ontour.de\/wordpress\/index.php\/2007-01-10\/\">Anreise<\/a>\u00a0 \u00a0 \u00a0 \u00a0 \u00a0\u00a0<a href=\"https:\/\/welcome-ontour.de\/wordpress\/index.php\/2007-01-11\/\">Palmitos<\/a>\u00a0 \u00a0 \u00a0 \u00a0 \u00a0\u00a0<a href=\"https:\/\/welcome-ontour.de\/wordpress\/index.php\/2007-01-12\/\">Mandelwanderung<\/a>\u00a0 \u00a0 \u00a0 \u00a0 \u00a0\u00a0<\/span><span style=\"font-size: 8pt;\"><a href=\"https:\/\/welcome-ontour.de\/wordpress\/index.php\/2007-01-13\/\">Strand&amp;D\u00fcnen<\/a>\u00a0 \u00a0 \u00a0 \u00a0 \u00a0\u00a0<a href=\"https:\/\/welcome-ontour.de\/wordpress\/index.php\/2007-01-14\/\">Gipfelsturm<\/a>\u00a0\u00a0 \u00a0 \u00a0 \u00a0\u00a0<a href=\"https:\/\/welcome-ontour.de\/wordpress\/index.php\/2007-01-15\/\">Soria<\/a>\u00a0 \u00a0 \u00a0 \u00a0 \u00a0\u00a0<a href=\"https:\/\/welcome-ontour.de\/wordpress\/index.php\/2007-01-16\/\">Relax<\/a>\u00a0\u00a0 \u00a0 \u00a0 \u00a0 \u00a0\u00a0<a href=\"https:\/\/welcome-ontour.de\/wordpress\/index.php\/2007-01-17\/\">R\u00fcckreise<\/a>\u00a0\u00a0 \u00a0 \u00a0 \u00a0 \u00a0<a href=\"https:\/\/welcome-ontour.de\/wordpress\/index.php\/2007-01-18-fazit\/\">Fazit<\/a><\/span><\/p>\n<p style=\"text-align: center;\">\u00a0<\/p>\n<p style=\"text-align: center;\"><a href=\"https:\/\/welcome-ontour.de\/wordpress\/index.php\/2007-01-14\/\">&lt; zur\u00fcck<\/a>\u00a0 \u00a0 \u00a0 \u00a0 \u00a0 \u00a0 \u00a0 \u00a0 \u00a0 \u00a0 \u00a0 \u00a0 \u00a0 \u00a0 \u00a0 \u00a0 \u00a0 \u00a0 \u00a0 \u00a0 \u00a0 \u00a0 \u00a0 \u00a0 \u00a0 \u00a0 \u00a0 \u00a0 \u00a0 \u00a0 \u00a0 \u00a0 \u00a0 \u00a0 \u00a0 \u00a0 \u00a0 \u00a0 \u00a0 \u00a0 \u00a0 \u00a0 \u00a0 \u00a0 \u00a0 \u00a0 \u00a0 \u00a0 \u00a0 \u00a0 \u00a0 \u00a0 \u00a0 \u00a0 \u00a0 \u00a0 \u00a0 \u00a0 \u00a0 \u00a0 \u00a0 \u00a0 \u00a0 \u00a0 \u00a0 \u00a0 \u00a0 \u00a0 \u00a0 \u00a0 \u00a0 \u00a0 \u00a0 \u00a0 \u00a0 \u00a0 \u00a0 \u00a0 \u00a0 \u00a0 \u00a0 \u00a0 \u00a0 \u00a0 \u00a0 \u00a0 \u00a0 \u00a0 \u00a0 \u00a0 \u00a0 \u00a0 \u00a0 \u00a0 \u00a0\u00a0<a href=\"https:\/\/welcome-ontour.de\/wordpress\/index.php\/2007-01-16\/\">weiter &gt;<\/a><\/p>\n<p style=\"text-align: center;\">\u00a0<\/p>\n<p style=\"text-align: center;\"><span style=\"font-size: 14pt;\"><strong><span style=\"font-family: arial, helvetica, sans-serif;\">Mo 15.1.<\/span><\/strong><\/span><\/p>\n<p style=\"text-align: center;\"><span style=\"font-size: 14pt;\"><strong><span style=\"font-family: arial, helvetica, sans-serif;\">\u00a0<\/span><\/strong><\/span><\/p>\n<p style=\"text-align: center;\"><span style=\"font-size: 14pt;\"><strong><span style=\"font-family: arial, helvetica, sans-serif;\">Soria Stausee<\/span><\/strong><\/span><\/p>\n<p style=\"text-align: center;\"><span style=\"font-family: arial, helvetica, sans-serif; font-size: 12pt;\">\u00a0<\/span><\/p>\n<p style=\"text-align: center;\"><span style=\"font-family: arial, helvetica, sans-serif; font-size: 12pt;\">Die Landschaft im Inselinneren hat uns gestern so begeistert, dass wir heute wieder in die Berge fahren.<\/span><\/p>\n<p style=\"text-align: center;\"><span style=\"font-family: arial, helvetica, sans-serif; font-size: 12pt;\">Als wir nach langem Fr\u00fchst\u00fcck abreisebereit sind, ist es auch schon fast Mittag.<\/span><\/p>\n<p style=\"text-align: center;\"><span style=\"font-family: arial, helvetica, sans-serif; font-size: 12pt;\">\u00a0<\/span><\/p>\n<p style=\"text-align: center;\"><span style=\"font-family: arial, helvetica, sans-serif; font-size: 12pt;\"><img decoding=\"async\" class=\" size-full wp-image-14791\" src=\"https:\/\/welcome-ontour.de\/wordpress\/wp-content\/uploads\/2021\/06\/phoca_thumb_l_2007-01-15-01.jpg\" alt=\"\" width=\"810\" height=\"447\" srcset=\"https:\/\/welcome-ontour.de\/wordpress\/wp-content\/uploads\/2021\/06\/phoca_thumb_l_2007-01-15-01.jpg 810w, https:\/\/welcome-ontour.de\/wordpress\/wp-content\/uploads\/2021\/06\/phoca_thumb_l_2007-01-15-01-300x166.jpg 300w, https:\/\/welcome-ontour.de\/wordpress\/wp-content\/uploads\/2021\/06\/phoca_thumb_l_2007-01-15-01-768x424.jpg 768w\" sizes=\"(max-width: 810px) 100vw, 810px\" \/><\/span><\/p>\n<p style=\"text-align: center;\"><span style=\"font-family: arial, helvetica, sans-serif; font-size: 12pt;\">\u00a0<\/span><\/p>\n<p style=\"text-align: center;\"><span style=\"font-family: arial, helvetica, sans-serif; font-size: 12pt;\"><img decoding=\"async\" class=\" size-full wp-image-14792\" src=\"https:\/\/welcome-ontour.de\/wordpress\/wp-content\/uploads\/2021\/06\/phoca_thumb_l_2007-01-15-02.jpg\" alt=\"\" width=\"400\" height=\"301\" srcset=\"https:\/\/welcome-ontour.de\/wordpress\/wp-content\/uploads\/2021\/06\/phoca_thumb_l_2007-01-15-02.jpg 400w, https:\/\/welcome-ontour.de\/wordpress\/wp-content\/uploads\/2021\/06\/phoca_thumb_l_2007-01-15-02-300x226.jpg 300w\" sizes=\"(max-width: 400px) 100vw, 400px\" \/>\u00a0 <img decoding=\"async\" class=\" size-full wp-image-14793\" src=\"https:\/\/welcome-ontour.de\/wordpress\/wp-content\/uploads\/2021\/06\/phoca_thumb_l_2007-01-15-03.jpg\" alt=\"\" width=\"400\" height=\"301\" srcset=\"https:\/\/welcome-ontour.de\/wordpress\/wp-content\/uploads\/2021\/06\/phoca_thumb_l_2007-01-15-03.jpg 400w, https:\/\/welcome-ontour.de\/wordpress\/wp-content\/uploads\/2021\/06\/phoca_thumb_l_2007-01-15-03-300x226.jpg 300w\" sizes=\"(max-width: 400px) 100vw, 400px\" \/><\/span><\/p>\n<p style=\"text-align: center;\"><span style=\"font-family: arial, helvetica, sans-serif; font-size: 12pt;\">\u00a0<\/span><\/p>\n<p style=\"text-align: center;\"><span style=\"font-family: arial, helvetica, sans-serif; font-size: 12pt;\"><img decoding=\"async\" class=\" size-full wp-image-14794\" src=\"https:\/\/welcome-ontour.de\/wordpress\/wp-content\/uploads\/2021\/06\/phoca_thumb_l_2007-01-15-04.jpg\" alt=\"\" width=\"810\" height=\"490\" srcset=\"https:\/\/welcome-ontour.de\/wordpress\/wp-content\/uploads\/2021\/06\/phoca_thumb_l_2007-01-15-04.jpg 810w, https:\/\/welcome-ontour.de\/wordpress\/wp-content\/uploads\/2021\/06\/phoca_thumb_l_2007-01-15-04-300x181.jpg 300w, https:\/\/welcome-ontour.de\/wordpress\/wp-content\/uploads\/2021\/06\/phoca_thumb_l_2007-01-15-04-768x465.jpg 768w\" sizes=\"(max-width: 810px) 100vw, 810px\" \/><\/span><\/p>\n<p style=\"text-align: center;\"><span style=\"font-family: arial, helvetica, sans-serif; font-size: 12pt;\">\u00a0<\/span><\/p>\n<p style=\"text-align: center;\"><span style=\"font-family: arial, helvetica, sans-serif; font-size: 12pt;\">Wir fahren in den S\u00fcdwesten und machen am Soria Stausee ein Picknick.<\/span><\/p>\n<p style=\"text-align: center;\"><span style=\"font-family: arial, helvetica, sans-serif; font-size: 12pt;\">\u00a0<\/span><\/p>\n<p style=\"text-align: center;\"><span style=\"font-family: arial, helvetica, sans-serif; font-size: 12pt;\"><img decoding=\"async\" class=\" size-full wp-image-14795\" src=\"https:\/\/welcome-ontour.de\/wordpress\/wp-content\/uploads\/2021\/06\/phoca_thumb_l_2007-01-15-05.jpg\" alt=\"\" width=\"400\" height=\"301\" srcset=\"https:\/\/welcome-ontour.de\/wordpress\/wp-content\/uploads\/2021\/06\/phoca_thumb_l_2007-01-15-05.jpg 400w, https:\/\/welcome-ontour.de\/wordpress\/wp-content\/uploads\/2021\/06\/phoca_thumb_l_2007-01-15-05-300x226.jpg 300w\" sizes=\"(max-width: 400px) 100vw, 400px\" \/>\u00a0 <img decoding=\"async\" class=\" size-full wp-image-14796\" src=\"https:\/\/welcome-ontour.de\/wordpress\/wp-content\/uploads\/2021\/06\/phoca_thumb_l_2007-01-15-06.jpg\" alt=\"\" width=\"400\" height=\"301\" srcset=\"https:\/\/welcome-ontour.de\/wordpress\/wp-content\/uploads\/2021\/06\/phoca_thumb_l_2007-01-15-06.jpg 400w, https:\/\/welcome-ontour.de\/wordpress\/wp-content\/uploads\/2021\/06\/phoca_thumb_l_2007-01-15-06-300x226.jpg 300w\" sizes=\"(max-width: 400px) 100vw, 400px\" \/><\/span><\/p>\n<p style=\"text-align: center;\"><span style=\"font-family: arial, helvetica, sans-serif; font-size: 12pt;\">\u00a0<\/span><\/p>\n<p style=\"text-align: center;\"><span style=\"font-family: arial, helvetica, sans-serif; font-size: 12pt;\">Der Wasserstand ist ziemlich niedrig, es hat lange nicht geregnet.<\/span><\/p>\n<p style=\"text-align: center;\"><span style=\"font-family: arial, helvetica, sans-serif; font-size: 12pt;\">\u00a0<\/span><\/p>\n<p style=\"text-align: center;\"><span style=\"font-family: arial, helvetica, sans-serif; font-size: 12pt;\"><img decoding=\"async\" class=\" size-full wp-image-14797\" src=\"https:\/\/welcome-ontour.de\/wordpress\/wp-content\/uploads\/2021\/06\/phoca_thumb_l_2007-01-15-07.jpg\" alt=\"\" width=\"400\" height=\"301\" srcset=\"https:\/\/welcome-ontour.de\/wordpress\/wp-content\/uploads\/2021\/06\/phoca_thumb_l_2007-01-15-07.jpg 400w, https:\/\/welcome-ontour.de\/wordpress\/wp-content\/uploads\/2021\/06\/phoca_thumb_l_2007-01-15-07-300x226.jpg 300w\" sizes=\"(max-width: 400px) 100vw, 400px\" \/>\u00a0 <img decoding=\"async\" class=\" size-full wp-image-14798\" src=\"https:\/\/welcome-ontour.de\/wordpress\/wp-content\/uploads\/2021\/06\/phoca_thumb_l_2007-01-15-08.jpg\" alt=\"\" width=\"400\" height=\"301\" srcset=\"https:\/\/welcome-ontour.de\/wordpress\/wp-content\/uploads\/2021\/06\/phoca_thumb_l_2007-01-15-08.jpg 400w, https:\/\/welcome-ontour.de\/wordpress\/wp-content\/uploads\/2021\/06\/phoca_thumb_l_2007-01-15-08-300x226.jpg 300w\" sizes=\"(max-width: 400px) 100vw, 400px\" \/><\/span><\/p>\n<p style=\"text-align: center;\"><span style=\"font-family: arial, helvetica, sans-serif; font-size: 12pt;\">\u00a0<\/span><\/p>\n<p style=\"text-align: center;\"><span style=\"font-family: arial, helvetica, sans-serif; font-size: 12pt;\"><img decoding=\"async\" class=\" size-full wp-image-14799\" src=\"https:\/\/welcome-ontour.de\/wordpress\/wp-content\/uploads\/2021\/06\/phoca_thumb_l_2007-01-15-09.jpg\" alt=\"\" width=\"810\" height=\"549\" srcset=\"https:\/\/welcome-ontour.de\/wordpress\/wp-content\/uploads\/2021\/06\/phoca_thumb_l_2007-01-15-09.jpg 810w, https:\/\/welcome-ontour.de\/wordpress\/wp-content\/uploads\/2021\/06\/phoca_thumb_l_2007-01-15-09-300x203.jpg 300w, https:\/\/welcome-ontour.de\/wordpress\/wp-content\/uploads\/2021\/06\/phoca_thumb_l_2007-01-15-09-768x521.jpg 768w\" sizes=\"(max-width: 810px) 100vw, 810px\" \/><\/span><\/p>\n<p style=\"text-align: center;\"><span style=\"font-family: arial, helvetica, sans-serif; font-size: 12pt;\">\u00a0<\/span><\/p>\n<p style=\"text-align: center;\"><span style=\"font-family: arial, helvetica, sans-serif; font-size: 12pt;\">Die R\u00fcckfahrt f\u00fchrt uns \u00fcber Morgan an den Atlantik zum gleichnamigen K\u00fcstenort.<\/span><\/p>\n<p style=\"text-align: center;\"><span style=\"font-family: arial, helvetica, sans-serif; font-size: 12pt;\">\u00a0<\/span><\/p>\n<p style=\"text-align: center;\"><span style=\"font-family: arial, helvetica, sans-serif; font-size: 12pt;\"><img decoding=\"async\" class=\" size-full wp-image-14800\" src=\"https:\/\/welcome-ontour.de\/wordpress\/wp-content\/uploads\/2021\/06\/phoca_thumb_l_2007-01-15-10.jpg\" alt=\"\" width=\"810\" height=\"416\" srcset=\"https:\/\/welcome-ontour.de\/wordpress\/wp-content\/uploads\/2021\/06\/phoca_thumb_l_2007-01-15-10.jpg 810w, https:\/\/welcome-ontour.de\/wordpress\/wp-content\/uploads\/2021\/06\/phoca_thumb_l_2007-01-15-10-300x154.jpg 300w, https:\/\/welcome-ontour.de\/wordpress\/wp-content\/uploads\/2021\/06\/phoca_thumb_l_2007-01-15-10-768x394.jpg 768w\" sizes=\"(max-width: 810px) 100vw, 810px\" \/><\/span><\/p>\n<p style=\"text-align: center;\"><span style=\"font-family: arial, helvetica, sans-serif; font-size: 12pt;\">\u00a0<\/span><\/p>\n<p style=\"text-align: center;\"><span style=\"font-family: arial, helvetica, sans-serif; font-size: 12pt;\"><img decoding=\"async\" class=\" size-full wp-image-14801\" src=\"https:\/\/welcome-ontour.de\/wordpress\/wp-content\/uploads\/2021\/06\/phoca_thumb_l_2007-01-15-11.jpg\" alt=\"\" width=\"810\" height=\"424\" srcset=\"https:\/\/welcome-ontour.de\/wordpress\/wp-content\/uploads\/2021\/06\/phoca_thumb_l_2007-01-15-11.jpg 810w, https:\/\/welcome-ontour.de\/wordpress\/wp-content\/uploads\/2021\/06\/phoca_thumb_l_2007-01-15-11-300x157.jpg 300w, https:\/\/welcome-ontour.de\/wordpress\/wp-content\/uploads\/2021\/06\/phoca_thumb_l_2007-01-15-11-768x402.jpg 768w\" sizes=\"(max-width: 810px) 100vw, 810px\" \/><\/span><\/p>\n<p style=\"text-align: center;\"><span style=\"font-family: arial, helvetica, sans-serif; font-size: 12pt;\">\u00a0<\/span><\/p>\n<p style=\"text-align: center;\"><span style=\"font-family: arial, helvetica, sans-serif; font-size: 12pt;\">Von hier f\u00fchrt eine gut ausgebaute Schnellstra\u00dfe oberhalb der Klippen nach Maspalomas.<\/span><\/p>\n<p style=\"text-align: center;\"><span style=\"font-family: arial, helvetica, sans-serif; font-size: 12pt;\">\u00a0<\/span><\/p>\n<p style=\"text-align: center;\"><span style=\"font-family: arial, helvetica, sans-serif; font-size: 12pt;\"><img decoding=\"async\" class=\" size-full wp-image-14802\" src=\"https:\/\/welcome-ontour.de\/wordpress\/wp-content\/uploads\/2021\/06\/phoca_thumb_l_2007-01-15-12.jpg\" alt=\"\" width=\"400\" height=\"279\" srcset=\"https:\/\/welcome-ontour.de\/wordpress\/wp-content\/uploads\/2021\/06\/phoca_thumb_l_2007-01-15-12.jpg 400w, https:\/\/welcome-ontour.de\/wordpress\/wp-content\/uploads\/2021\/06\/phoca_thumb_l_2007-01-15-12-300x209.jpg 300w\" sizes=\"(max-width: 400px) 100vw, 400px\" \/>\u00a0 <img decoding=\"async\" class=\" size-full wp-image-14803\" src=\"https:\/\/welcome-ontour.de\/wordpress\/wp-content\/uploads\/2021\/06\/phoca_thumb_l_2007-01-15-13.jpg\" alt=\"\" width=\"400\" height=\"279\" srcset=\"https:\/\/welcome-ontour.de\/wordpress\/wp-content\/uploads\/2021\/06\/phoca_thumb_l_2007-01-15-13.jpg 400w, https:\/\/welcome-ontour.de\/wordpress\/wp-content\/uploads\/2021\/06\/phoca_thumb_l_2007-01-15-13-300x209.jpg 300w\" sizes=\"(max-width: 400px) 100vw, 400px\" \/><\/span><\/p>\n<p style=\"text-align: center;\"><span style=\"font-family: arial, helvetica, sans-serif; font-size: 12pt;\">\u00a0<\/span><\/p>\n<p style=\"text-align: center;\"><span style=\"font-family: arial, helvetica, sans-serif; font-size: 12pt;\"><img decoding=\"async\" class=\" size-full wp-image-14804\" src=\"https:\/\/welcome-ontour.de\/wordpress\/wp-content\/uploads\/2021\/06\/phoca_thumb_l_2007-01-15-14.jpg\" alt=\"\" width=\"810\" height=\"483\" srcset=\"https:\/\/welcome-ontour.de\/wordpress\/wp-content\/uploads\/2021\/06\/phoca_thumb_l_2007-01-15-14.jpg 810w, https:\/\/welcome-ontour.de\/wordpress\/wp-content\/uploads\/2021\/06\/phoca_thumb_l_2007-01-15-14-300x179.jpg 300w, https:\/\/welcome-ontour.de\/wordpress\/wp-content\/uploads\/2021\/06\/phoca_thumb_l_2007-01-15-14-768x458.jpg 768w\" sizes=\"(max-width: 810px) 100vw, 810px\" \/><\/span><\/p>\n<p style=\"text-align: center;\"><span style=\"font-family: arial, helvetica, sans-serif; font-size: 12pt;\">\u00a0<\/span><\/p>\n<p style=\"text-align: center;\"><span style=\"font-family: arial, helvetica, sans-serif; font-size: 12pt;\">Die Autovermietung macht 17 Uhr zu und wir schaffen es gerade so, den Clio p\u00fcnktlich abzugeben.<\/span><\/p>\n<p style=\"text-align: center;\"><span style=\"font-family: arial, helvetica, sans-serif; font-size: 12pt;\">Vor dem Abendessen genehmigen wir uns ein paar Drinks an der Poolbar.<\/span><\/p>\n<p style=\"text-align: center;\"><span style=\"font-family: arial, helvetica, sans-serif; font-size: 12pt;\">Wozu haben wir schlie\u00dflich All-Inklusive gebucht.<\/span><\/p>\n<p style=\"text-align: center;\"><span style=\"font-family: arial, helvetica, sans-serif; font-size: 12pt;\">Nach dem B\u00fcfett geht der Abend dann heute bis Mitternacht.<\/span><\/p>\n<p style=\"text-align: center;\"><span style=\"font-family: arial, helvetica, sans-serif; font-size: 12pt;\">Sehr angenehm bei den abendlichen 20\u00b0 drau\u00dfen zu sitzen.<\/span><\/p>\n<p style=\"text-align: center;\"><span style=\"font-family: arial, helvetica, sans-serif; font-size: 12pt;\">\u00a0<\/span><\/p>\n<p><span style=\"font-family: arial, helvetica, sans-serif; font-size: 12pt;\"><img decoding=\"async\" class=\" size-full wp-image-14690\" style=\"display: block; margin-left: auto; margin-right: auto;\" title=\"Gran Canaria\" src=\"https:\/\/welcome-ontour.de\/wordpress\/wp-content\/uploads\/2021\/06\/phoca_thumb_l_2007-01-09-02.jpg\" width=\"133\" height=\"109\" \/><\/span><\/p>\n<p>\u00a0<\/p>\n<p style=\"text-align: center;\"><span style=\"font-size: 12pt;\"><span style=\"font-family: arial, helvetica, sans-serif;\">\u00a0<\/span><\/span><\/p>\n<p style=\"text-align: center;\"><span style=\"font-size: 10pt;\"><span style=\"font-family: arial, helvetica, sans-serif;\"><a href=\"https:\/\/welcome-ontour.de\/wordpress\/index.php\/2007-01-14\/\">&lt; zur\u00fcck<\/a>\u00a0 \u00a0 \u00a0 \u00a0 \u00a0 \u00a0 \u00a0 \u00a0 \u00a0 \u00a0 \u00a0 \u00a0 \u00a0 \u00a0 \u00a0 \u00a0 \u00a0 \u00a0 \u00a0 \u00a0 \u00a0 \u00a0 \u00a0 \u00a0 \u00a0 \u00a0 \u00a0 \u00a0 \u00a0 \u00a0 \u00a0 \u00a0 \u00a0 \u00a0 \u00a0 \u00a0 \u00a0 \u00a0 \u00a0 \u00a0 \u00a0 \u00a0 \u00a0 \u00a0 \u00a0 \u00a0 \u00a0 \u00a0 \u00a0 \u00a0 \u00a0 \u00a0 \u00a0 \u00a0 \u00a0 \u00a0 \u00a0 \u00a0 \u00a0 \u00a0 \u00a0 \u00a0 \u00a0 \u00a0 \u00a0 \u00a0 \u00a0 \u00a0 \u00a0 \u00a0 \u00a0 \u00a0 \u00a0 \u00a0 \u00a0 \u00a0 \u00a0 \u00a0 \u00a0 \u00a0 \u00a0 \u00a0 \u00a0 \u00a0 \u00a0 \u00a0 \u00a0 \u00a0 \u00a0 \u00a0 \u00a0 \u00a0 \u00a0 \u00a0 \u00a0\u00a0<a href=\"https:\/\/welcome-ontour.de\/wordpress\/index.php\/2007-01-16\/\">weiter &gt;<\/a><\/span><\/span><\/p>\n","protected":false},"excerpt":{"rendered":"<p>Prolog\u00a0 \u00a0 \u00a0 \u00a0 \u00a0\u00a0Anreise\u00a0 \u00a0 \u00a0 \u00a0 \u00a0\u00a0Palmitos\u00a0 \u00a0 \u00a0 \u00a0 \u00a0\u00a0Mandelwanderung\u00a0 \u00a0 \u00a0 \u00a0 \u00a0\u00a0Strand&amp;D\u00fcnen\u00a0 \u00a0 \u00a0 \u00a0 \u00a0\u00a0Gipfelsturm\u00a0\u00a0 \u00a0 \u00a0 \u00a0\u00a0Soria\u00a0 \u00a0 \u00a0 \u00a0 \u00a0\u00a0Relax\u00a0\u00a0 \u00a0 \u00a0 \u00a0 \u00a0\u00a0R\u00fcckreise\u00a0\u00a0 \u00a0 \u00a0 \u00a0 \u00a0Fazit \u00a0 &lt; zur\u00fcck\u00a0 \u00a0 \u00a0 \u00a0 \u00a0 \u00a0 \u00a0 \u00a0 \u00a0 \u00a0 \u00a0 \u00a0 \u00a0 \u00a0 \u00a0 \u00a0 \u00a0 \u00a0 \u00a0 \u00a0 \u00a0 \u00a0 \u00a0 \u00a0 \u00a0 \u00a0 \u00a0 \u00a0 \u00a0 \u00a0 \u00a0 \u00a0 \u00a0 \u00a0 \u00a0 \u00a0 \u00a0 \u00a0 \u00a0 \u00a0 \u00a0 \u00a0 \u00a0 \u00a0 \u00a0 \u00a0 \u00a0 \u00a0 \u00a0 \u00a0 \u00a0 \u00a0 \u00a0 \u00a0 \u00a0 \u00a0 \u00a0 \u00a0 \u00a0 \u00a0 \u00a0 \u00a0 \u00a0 \u00a0 \u00a0 \u00a0 \u00a0 \u00a0 \u00a0 \u00a0 \u00a0 \u00a0 \u00a0 \u00a0 \u00a0 \u00a0 \u00a0 \u00a0 \u00a0 \u00a0 \u00a0 \u00a0 \u00a0 \u00a0 \u00a0 \u00a0 \u00a0 \u00a0 \u00a0 \u00a0 \u00a0 \u00a0 \u00a0 \u00a0 \u00a0\u00a0weiter &gt; \u00a0 Mo 15.1. \u00a0 Soria Stausee \u00a0 Die Landschaft im Inselinneren hat uns gestern so begeistert, dass wir heute wieder in die Berge fahren. Als wir nach langem Fr\u00fchst\u00fcck abreisebereit sind, ist es auch schon fast Mittag. \u00a0 \u00a0 \u00a0 \u00a0 \u00a0 Wir fahren in den S\u00fcdwesten und machen am Soria Stausee ein Picknick. \u00a0 \u00a0 \u00a0 Der Wasserstand ist ziemlich niedrig, es hat lange nicht geregnet. \u00a0 \u00a0 \u00a0 \u00a0 Die R\u00fcckfahrt f\u00fchrt uns \u00fcber Morgan an den Atlantik zum gleichnamigen K\u00fcstenort. \u00a0 \u00a0 \u00a0 Von hier f\u00fchrt eine gut ausgebaute Schnellstra\u00dfe oberhalb der Klippen nach Maspalomas. \u00a0 \u00a0 \u00a0 \u00a0 Die Autovermietung macht 17 Uhr zu und wir schaffen es gerade so, den Clio p\u00fcnktlich abzugeben. Vor dem Abendessen genehmigen wir uns ein paar Drinks an der Poolbar. Wozu haben wir schlie\u00dflich All-Inklusive gebucht. Nach dem B\u00fcfett geht der Abend dann heute bis Mitternacht. Sehr angenehm bei den abendlichen 20\u00b0 drau\u00dfen zu sitzen. \u00a0 \u00a0 \u00a0 &lt; zur\u00fcck\u00a0 \u00a0 \u00a0 \u00a0 \u00a0 \u00a0 \u00a0 \u00a0 \u00a0 \u00a0 \u00a0 \u00a0 \u00a0 \u00a0 \u00a0 \u00a0 \u00a0 \u00a0 \u00a0 \u00a0 \u00a0 \u00a0 \u00a0 \u00a0 \u00a0 \u00a0 \u00a0 \u00a0 \u00a0 \u00a0 \u00a0 \u00a0 \u00a0 \u00a0 \u00a0 \u00a0 \u00a0 \u00a0 \u00a0 \u00a0 \u00a0 \u00a0 \u00a0 \u00a0 \u00a0 \u00a0 \u00a0 \u00a0 \u00a0 \u00a0 \u00a0 \u00a0 \u00a0 \u00a0 \u00a0 \u00a0 \u00a0 \u00a0 \u00a0 \u00a0 \u00a0 \u00a0 \u00a0 \u00a0 \u00a0 \u00a0 \u00a0 \u00a0 \u00a0 \u00a0 \u00a0 \u00a0 \u00a0 \u00a0 \u00a0 \u00a0 \u00a0 \u00a0 \u00a0 \u00a0 \u00a0 \u00a0 \u00a0 \u00a0 \u00a0 \u00a0 \u00a0 \u00a0 \u00a0 \u00a0 \u00a0 \u00a0 \u00a0 \u00a0 \u00a0\u00a0weiter &gt;<\/p>\n","protected":false},"author":1,"featured_media":14791,"parent":0,"menu_order":3,"comment_status":"closed","ping_status":"closed","template":"","meta":{"footnotes":""},"class_list":["post-14805","page","type-page","status-publish","has-post-thumbnail","hentry"],"_links":{"self":[{"href":"https:\/\/welcome-ontour.de\/wordpress\/index.php\/wp-json\/wp\/v2\/pages\/14805","targetHints":{"allow":["GET"]}}],"collection":[{"href":"https:\/\/welcome-ontour.de\/wordpress\/index.php\/wp-json\/wp\/v2\/pages"}],"about":[{"href":"https:\/\/welcome-ontour.de\/wordpress\/index.php\/wp-json\/wp\/v2\/types\/page"}],"author":[{"embeddable":true,"href":"https:\/\/welcome-ontour.de\/wordpress\/index.php\/wp-json\/wp\/v2\/users\/1"}],"replies":[{"embeddable":true,"href":"https:\/\/welcome-ontour.de\/wordpress\/index.php\/wp-json\/wp\/v2\/comments?post=14805"}],"version-history":[{"count":1,"href":"https:\/\/welcome-ontour.de\/wordpress\/index.php\/wp-json\/wp\/v2\/pages\/14805\/revisions"}],"predecessor-version":[{"id":15022,"href":"https:\/\/welcome-ontour.de\/wordpress\/index.php\/wp-json\/wp\/v2\/pages\/14805\/revisions\/15022"}],"wp:featuredmedia":[{"embeddable":true,"href":"https:\/\/welcome-ontour.de\/wordpress\/index.php\/wp-json\/wp\/v2\/media\/14791"}],"wp:attachment":[{"href":"https:\/\/welcome-ontour.de\/wordpress\/index.php\/wp-json\/wp\/v2\/media?parent=14805"}],"curies":[{"name":"wp","href":"https:\/\/api.w.org\/{rel}","templated":true}]}}