{"id":14710,"date":"2021-06-07T09:47:13","date_gmt":"2021-06-07T09:47:13","guid":{"rendered":"https:\/\/welcome-ontour.de\/wordpress\/index.php\/2007-01-10\/"},"modified":"2022-06-30T23:06:39","modified_gmt":"2022-06-30T23:06:39","slug":"2007-01-10","status":"publish","type":"page","link":"https:\/\/welcome-ontour.de\/wordpress\/index.php\/2007-01-10\/","title":{"rendered":"2007 01 10"},"content":{"rendered":"<p style=\"text-align: center;\"><span style=\"font-size: 8pt;\"><a href=\"https:\/\/welcome-ontour.de\/wordpress\/index.php\/2007-01-09-prolog\/\">Prolog<\/a>\u00a0 \u00a0 \u00a0 \u00a0 \u00a0\u00a0<a href=\"https:\/\/welcome-ontour.de\/wordpress\/index.php\/2007-01-10\/\">Anreise<\/a>\u00a0 \u00a0 \u00a0 \u00a0 \u00a0\u00a0<a href=\"https:\/\/welcome-ontour.de\/wordpress\/index.php\/2007-01-11\/\">Palmitos<\/a>\u00a0 \u00a0 \u00a0 \u00a0 \u00a0\u00a0<a href=\"https:\/\/welcome-ontour.de\/wordpress\/index.php\/2007-01-12\/\">Mandelwanderung<\/a>\u00a0 \u00a0 \u00a0 \u00a0 \u00a0\u00a0<\/span><span style=\"font-size: 8pt;\"><a href=\"https:\/\/welcome-ontour.de\/wordpress\/index.php\/2007-01-13\/\">Strand&amp;D\u00fcnen<\/a>\u00a0 \u00a0 \u00a0 \u00a0 \u00a0 <a href=\"https:\/\/welcome-ontour.de\/wordpress\/index.php\/2007-01-14\/\">Gipfelsturm<\/a> \u00a0 \u00a0 \u00a0 \u00a0 <a href=\"https:\/\/welcome-ontour.de\/wordpress\/index.php\/2007-01-15\/\">Soria<\/a>\u00a0 \u00a0 \u00a0 \u00a0 \u00a0 <a href=\"https:\/\/welcome-ontour.de\/wordpress\/index.php\/2007-01-16\/\">Relax<\/a> \u00a0 \u00a0 \u00a0 \u00a0 \u00a0 <a href=\"https:\/\/welcome-ontour.de\/wordpress\/index.php\/2007-01-17\/\">R\u00fcckreise<\/a> \u00a0 \u00a0 \u00a0 \u00a0 \u00a0<a href=\"https:\/\/welcome-ontour.de\/wordpress\/index.php\/2007-01-18-fazit\/\">Fazit<\/a><\/span><\/p>\n<p style=\"text-align: center;\">\u00a0<\/p>\n<p style=\"text-align: center;\"><a href=\"https:\/\/welcome-ontour.de\/wordpress\/index.php\/2007-01-09-prolog\/\">&lt; zur\u00fcck<\/a>\u00a0 \u00a0 \u00a0 \u00a0 \u00a0 \u00a0 \u00a0 \u00a0 \u00a0 \u00a0 \u00a0 \u00a0 \u00a0 \u00a0 \u00a0 \u00a0 \u00a0 \u00a0 \u00a0 \u00a0 \u00a0 \u00a0 \u00a0 \u00a0 \u00a0 \u00a0 \u00a0 \u00a0 \u00a0 \u00a0 \u00a0 \u00a0 \u00a0 \u00a0 \u00a0 \u00a0 \u00a0 \u00a0 \u00a0 \u00a0 \u00a0 \u00a0 \u00a0 \u00a0 \u00a0 \u00a0 \u00a0 \u00a0 \u00a0 \u00a0 \u00a0 \u00a0 \u00a0 \u00a0 \u00a0 \u00a0 \u00a0 \u00a0 \u00a0 \u00a0 \u00a0 \u00a0 \u00a0 \u00a0 \u00a0 \u00a0 \u00a0 \u00a0 \u00a0 \u00a0 \u00a0 \u00a0 \u00a0 \u00a0 \u00a0 \u00a0 \u00a0 \u00a0 \u00a0 \u00a0 \u00a0 \u00a0 \u00a0 \u00a0 \u00a0 \u00a0 \u00a0 \u00a0 \u00a0 \u00a0 \u00a0 \u00a0 \u00a0 \u00a0 \u00a0\u00a0<a href=\"https:\/\/welcome-ontour.de\/wordpress\/index.php\/2007-01-11\/\">weiter &gt;<\/a><\/p>\n<p style=\"text-align: center;\">\u00a0<\/p>\n<p style=\"text-align: center;\"><span style=\"font-size: 14pt;\"><strong><span style=\"font-family: arial, helvetica, sans-serif;\">Mi 10.1.<\/span><\/strong><\/span><\/p>\n<p style=\"text-align: center;\"><span style=\"font-size: 14pt;\"><strong><span style=\"font-family: arial, helvetica, sans-serif;\">\u00a0<\/span><\/strong><\/span><\/p>\n<p style=\"text-align: center;\"><span style=\"font-size: 14pt;\"><strong><span style=\"font-family: arial, helvetica, sans-serif;\">Anreise<\/span><\/strong><\/span><\/p>\n<p style=\"text-align: center;\"><span style=\"font-family: arial, helvetica, sans-serif; font-size: 12pt;\">\u00a0<\/span><\/p>\n<p style=\"text-align: center;\"><span style=\"font-family: arial, helvetica, sans-serif; font-size: 12pt;\">Mitten in der Nacht lassen wir uns zum Flughafen nach Tegel bringen.<\/span><\/p>\n<p style=\"text-align: center;\"><span style=\"font-family: arial, helvetica, sans-serif; font-size: 12pt;\">Kurz nach sechs startet der volle LTU-Airbus nach Gran Canaria.<\/span><\/p>\n<p style=\"text-align: center;\"><span style=\"font-family: arial, helvetica, sans-serif; font-size: 12pt;\">\u00a0<\/span><\/p>\n<p style=\"text-align: center;\"><span style=\"font-family: arial, helvetica, sans-serif; font-size: 12pt;\"><img decoding=\"async\" class=\" size-full wp-image-14692\" title=\"LTU Airbus\" src=\"https:\/\/welcome-ontour.de\/wordpress\/wp-content\/uploads\/2021\/06\/phoca_thumb_l_2007-01-10-01.jpg\" alt=\"\" width=\"500\" height=\"237\" srcset=\"https:\/\/welcome-ontour.de\/wordpress\/wp-content\/uploads\/2021\/06\/phoca_thumb_l_2007-01-10-01.jpg 810w, https:\/\/welcome-ontour.de\/wordpress\/wp-content\/uploads\/2021\/06\/phoca_thumb_l_2007-01-10-01-300x142.jpg 300w, https:\/\/welcome-ontour.de\/wordpress\/wp-content\/uploads\/2021\/06\/phoca_thumb_l_2007-01-10-01-768x364.jpg 768w\" sizes=\"(max-width: 500px) 100vw, 500px\" \/><\/span><\/p>\n<p style=\"text-align: center;\"><span style=\"font-family: arial, helvetica, sans-serif; font-size: 12pt;\">\u00a0<\/span><\/p>\n<p style=\"text-align: center;\"><span style=\"font-family: arial, helvetica, sans-serif; font-size: 12pt;\">Als erstes stellen wir unsere Uhren eine Stunde zur\u00fcck auf die Ortszeit unseres Ziels.<\/span><\/p>\n<p style=\"text-align: center;\"><span style=\"font-family: arial, helvetica, sans-serif; font-size: 12pt;\">Der Flug verl\u00e4uft ruhig und dauert fast f\u00fcnf Stunden.<\/span><\/p>\n<p style=\"text-align: center;\"><span style=\"font-family: arial, helvetica, sans-serif; font-size: 12pt;\">Gegen zehn landen wir am Aeropuerto de Gran Canaria, dem Flughafen der Insel.<\/span><\/p>\n<p style=\"text-align: center;\"><span style=\"font-family: arial, helvetica, sans-serif; font-size: 12pt;\">Warten erst recht lange auf unsere Koffer und anschlie\u00dfend dauert es eine Ewigkeit, <\/span><\/p>\n<p style=\"text-align: center;\"><span style=\"font-family: arial, helvetica, sans-serif; font-size: 12pt;\">bis uns der Shuttlebus an der Anlage absetzt.<\/span><\/p>\n<p style=\"text-align: center;\"><span style=\"font-family: arial, helvetica, sans-serif; font-size: 12pt;\">Das Wetter ist bedeckt, aber mit 25\u00b0C angenehm warm.<\/span><\/p>\n<p style=\"text-align: center;\"><span style=\"font-family: arial, helvetica, sans-serif; font-size: 12pt;\">Wir bekommen unser gebuchtes Apartment mit zwei Schlafzimmern.<\/span><\/p>\n<p style=\"text-align: center;\"><span style=\"font-family: arial, helvetica, sans-serif; font-size: 12pt;\">\u00a0<\/span><\/p>\n<p style=\"text-align: center;\"><span style=\"font-family: arial, helvetica, sans-serif; font-size: 12pt;\"><img decoding=\"async\" class=\" size-full wp-image-14693\" title=\"Sun Club Resort\" src=\"https:\/\/welcome-ontour.de\/wordpress\/wp-content\/uploads\/2021\/06\/phoca_thumb_l_2007-01-10-02.jpg\" alt=\"\" width=\"308\" height=\"232\" srcset=\"https:\/\/welcome-ontour.de\/wordpress\/wp-content\/uploads\/2021\/06\/phoca_thumb_l_2007-01-10-02.jpg 400w, https:\/\/welcome-ontour.de\/wordpress\/wp-content\/uploads\/2021\/06\/phoca_thumb_l_2007-01-10-02-300x226.jpg 300w\" sizes=\"(max-width: 308px) 100vw, 308px\" \/>\u00a0 <img decoding=\"async\" class=\" size-full wp-image-14694\" title=\"Unser Apartment\" src=\"https:\/\/welcome-ontour.de\/wordpress\/wp-content\/uploads\/2021\/06\/phoca_thumb_l_2007-01-10-03.jpg\" alt=\"\" width=\"175\" height=\"232\" srcset=\"https:\/\/welcome-ontour.de\/wordpress\/wp-content\/uploads\/2021\/06\/phoca_thumb_l_2007-01-10-03.jpg 301w, https:\/\/welcome-ontour.de\/wordpress\/wp-content\/uploads\/2021\/06\/phoca_thumb_l_2007-01-10-03-226x300.jpg 226w\" sizes=\"(max-width: 175px) 100vw, 175px\" \/>\u00a0 <img decoding=\"async\" class=\" size-full wp-image-14695\" src=\"https:\/\/welcome-ontour.de\/wordpress\/wp-content\/uploads\/2021\/06\/phoca_thumb_l_2007-01-10-04.jpg\" alt=\"\" width=\"308\" height=\"232\" srcset=\"https:\/\/welcome-ontour.de\/wordpress\/wp-content\/uploads\/2021\/06\/phoca_thumb_l_2007-01-10-04.jpg 400w, https:\/\/welcome-ontour.de\/wordpress\/wp-content\/uploads\/2021\/06\/phoca_thumb_l_2007-01-10-04-300x226.jpg 300w\" sizes=\"(max-width: 308px) 100vw, 308px\" \/><\/span><\/p>\n<p style=\"text-align: center;\"><span style=\"font-family: arial, helvetica, sans-serif; font-size: 12pt;\">\u00a0<\/span><\/p>\n<p style=\"text-align: center;\"><span style=\"font-family: arial, helvetica, sans-serif; font-size: 12pt;\">Unser Quartier bietet im Erdgescho\u00df eine Terrasse und\u00a0 einen ger\u00e4umigen Wohnbereich mit K\u00fcchenecke.<\/span><\/p>\n<p style=\"text-align: center;\"><span style=\"font-family: arial, helvetica, sans-serif; font-size: 12pt;\">K\u00fchlschrank und Kaffeemaschine sind vorhanden und au\u00dferdem gibt es hier unten ein kleines Bad.<\/span><\/p>\n<p style=\"text-align: center;\"><span style=\"font-family: arial, helvetica, sans-serif; font-size: 12pt;\">Im Obergescho\u00df gibt es ein gro\u00dfes Bad und zwei Schlafzimmer mit je einem gro\u00dfen Doppelbett.<\/span><\/p>\n<p style=\"text-align: center;\"><span style=\"font-family: arial, helvetica, sans-serif; font-size: 12pt;\">\u00a0<\/span><\/p>\n<p style=\"text-align: center;\"><span style=\"font-family: arial, helvetica, sans-serif; font-size: 12pt;\"><img decoding=\"async\" class=\" size-full wp-image-14696\" src=\"https:\/\/welcome-ontour.de\/wordpress\/wp-content\/uploads\/2021\/06\/phoca_thumb_l_2007-01-10-05.jpg\" alt=\"\" width=\"264\" height=\"199\" srcset=\"https:\/\/welcome-ontour.de\/wordpress\/wp-content\/uploads\/2021\/06\/phoca_thumb_l_2007-01-10-05.jpg 400w, https:\/\/welcome-ontour.de\/wordpress\/wp-content\/uploads\/2021\/06\/phoca_thumb_l_2007-01-10-05-300x226.jpg 300w\" sizes=\"(max-width: 264px) 100vw, 264px\" \/>\u00a0 <img decoding=\"async\" class=\" size-full wp-image-14697\" src=\"https:\/\/welcome-ontour.de\/wordpress\/wp-content\/uploads\/2021\/06\/phoca_thumb_l_2007-01-10-06.jpg\" alt=\"\" width=\"264\" height=\"199\" srcset=\"https:\/\/welcome-ontour.de\/wordpress\/wp-content\/uploads\/2021\/06\/phoca_thumb_l_2007-01-10-06.jpg 400w, https:\/\/welcome-ontour.de\/wordpress\/wp-content\/uploads\/2021\/06\/phoca_thumb_l_2007-01-10-06-300x226.jpg 300w\" sizes=\"(max-width: 264px) 100vw, 264px\" \/>\u00a0 <img decoding=\"async\" class=\" size-full wp-image-14698\" title=\"Sun Club\" src=\"https:\/\/welcome-ontour.de\/wordpress\/wp-content\/uploads\/2021\/06\/phoca_thumb_l_2007-01-10-07.jpg\" alt=\"\" width=\"264\" height=\"199\" srcset=\"https:\/\/welcome-ontour.de\/wordpress\/wp-content\/uploads\/2021\/06\/phoca_thumb_l_2007-01-10-07.jpg 400w, https:\/\/welcome-ontour.de\/wordpress\/wp-content\/uploads\/2021\/06\/phoca_thumb_l_2007-01-10-07-300x226.jpg 300w\" sizes=\"(max-width: 264px) 100vw, 264px\" \/><\/span><\/p>\n<p style=\"text-align: center;\"><span style=\"font-family: arial, helvetica, sans-serif; font-size: 12pt;\">\u00a0<\/span><\/p>\n<p style=\"text-align: center;\"><span style=\"font-family: arial, helvetica, sans-serif; font-size: 12pt;\">Das Sun-Club-Resort ist bereits etwas in die Jahre gekommen, unser Apartment jedoch frisch renoviert.<\/span><\/p>\n<p style=\"text-align: center;\"><span style=\"font-family: arial, helvetica, sans-serif; font-size: 12pt;\">\u00a0<\/span><\/p>\n<p style=\"text-align: center;\"><span style=\"font-family: arial, helvetica, sans-serif; font-size: 12pt;\"><img decoding=\"async\" class=\" size-full wp-image-14699\" title=\"Sun Club\" src=\"https:\/\/welcome-ontour.de\/wordpress\/wp-content\/uploads\/2021\/06\/phoca_thumb_l_2007-01-10-08.jpg\" alt=\"\" width=\"400\" height=\"301\" srcset=\"https:\/\/welcome-ontour.de\/wordpress\/wp-content\/uploads\/2021\/06\/phoca_thumb_l_2007-01-10-08.jpg 400w, https:\/\/welcome-ontour.de\/wordpress\/wp-content\/uploads\/2021\/06\/phoca_thumb_l_2007-01-10-08-300x226.jpg 300w\" sizes=\"(max-width: 400px) 100vw, 400px\" \/>\u00a0 <img decoding=\"async\" class=\" size-full wp-image-14700\" title=\"Sun Club\" src=\"https:\/\/welcome-ontour.de\/wordpress\/wp-content\/uploads\/2021\/06\/phoca_thumb_l_2007-01-10-09.jpg\" alt=\"\" width=\"400\" height=\"301\" srcset=\"https:\/\/welcome-ontour.de\/wordpress\/wp-content\/uploads\/2021\/06\/phoca_thumb_l_2007-01-10-09.jpg 400w, https:\/\/welcome-ontour.de\/wordpress\/wp-content\/uploads\/2021\/06\/phoca_thumb_l_2007-01-10-09-300x226.jpg 300w\" sizes=\"(max-width: 400px) 100vw, 400px\" \/><\/span><\/p>\n<p style=\"text-align: center;\"><span style=\"font-family: arial, helvetica, sans-serif; font-size: 12pt;\"><img decoding=\"async\" class=\" size-full wp-image-14701\" title=\"Sun Club\" src=\"https:\/\/welcome-ontour.de\/wordpress\/wp-content\/uploads\/2021\/06\/phoca_thumb_l_2007-01-10-10.jpg\" alt=\"\" width=\"400\" height=\"301\" srcset=\"https:\/\/welcome-ontour.de\/wordpress\/wp-content\/uploads\/2021\/06\/phoca_thumb_l_2007-01-10-10.jpg 400w, https:\/\/welcome-ontour.de\/wordpress\/wp-content\/uploads\/2021\/06\/phoca_thumb_l_2007-01-10-10-300x226.jpg 300w\" sizes=\"(max-width: 400px) 100vw, 400px\" \/>\u00a0 <img decoding=\"async\" class=\" size-full wp-image-14702\" title=\"Sun Club\" src=\"https:\/\/welcome-ontour.de\/wordpress\/wp-content\/uploads\/2021\/06\/phoca_thumb_l_2007-01-10-11.jpg\" alt=\"\" width=\"400\" height=\"301\" srcset=\"https:\/\/welcome-ontour.de\/wordpress\/wp-content\/uploads\/2021\/06\/phoca_thumb_l_2007-01-10-11.jpg 400w, https:\/\/welcome-ontour.de\/wordpress\/wp-content\/uploads\/2021\/06\/phoca_thumb_l_2007-01-10-11-300x226.jpg 300w\" sizes=\"(max-width: 400px) 100vw, 400px\" \/><\/span><\/p>\n<p style=\"text-align: center;\"><span style=\"font-family: arial, helvetica, sans-serif; font-size: 12pt;\">\u00a0<\/span><\/p>\n<p style=\"text-align: center;\"><span style=\"font-family: arial, helvetica, sans-serif; font-size: 12pt;\">Der Strand ist recht steinig und das Wasser im Atlantik 18\u00b0 warm.<\/span><\/p>\n<p style=\"text-align: center;\"><span style=\"font-family: arial, helvetica, sans-serif; font-size: 12pt;\">\u00a0<\/span><\/p>\n<p style=\"text-align: center;\"><span style=\"font-family: arial, helvetica, sans-serif; font-size: 12pt;\"><img decoding=\"async\" class=\" size-full wp-image-14703\" title=\"Strandrestaurant\" src=\"https:\/\/welcome-ontour.de\/wordpress\/wp-content\/uploads\/2021\/06\/phoca_thumb_l_2007-01-10-12.jpg\" alt=\"\" width=\"400\" height=\"301\" srcset=\"https:\/\/welcome-ontour.de\/wordpress\/wp-content\/uploads\/2021\/06\/phoca_thumb_l_2007-01-10-12.jpg 400w, https:\/\/welcome-ontour.de\/wordpress\/wp-content\/uploads\/2021\/06\/phoca_thumb_l_2007-01-10-12-300x226.jpg 300w\" sizes=\"(max-width: 400px) 100vw, 400px\" \/>\u00a0 <img decoding=\"async\" class=\" size-full wp-image-14704\" title=\"Playa Aguila\" src=\"https:\/\/welcome-ontour.de\/wordpress\/wp-content\/uploads\/2021\/06\/phoca_thumb_l_2007-01-10-13.jpg\" alt=\"\" width=\"400\" height=\"301\" srcset=\"https:\/\/welcome-ontour.de\/wordpress\/wp-content\/uploads\/2021\/06\/phoca_thumb_l_2007-01-10-13.jpg 400w, https:\/\/welcome-ontour.de\/wordpress\/wp-content\/uploads\/2021\/06\/phoca_thumb_l_2007-01-10-13-300x227.jpg 300w\" sizes=\"(max-width: 400px) 100vw, 400px\" \/><\/span><\/p>\n<p style=\"text-align: center;\"><span style=\"font-family: arial, helvetica, sans-serif; font-size: 12pt;\">\u00a0<\/span><\/p>\n<p style=\"text-align: center;\"><span style=\"font-family: arial, helvetica, sans-serif; font-size: 12pt;\">Nachdem wir uns eingerichtet haben, erkunden wir die n\u00e4here Umgebung <\/span><\/p>\n<p style=\"text-align: center;\"><span style=\"font-family: arial, helvetica, sans-serif; font-size: 12pt;\">und kaufen im n\u00e4chsten Spar Supermarkt etwas ein.<\/span><\/p>\n<p style=\"text-align: center;\"><span style=\"font-family: arial, helvetica, sans-serif; font-size: 12pt;\">\u00a0<\/span><\/p>\n<p style=\"text-align: center;\"><span style=\"font-family: arial, helvetica, sans-serif; font-size: 12pt;\"><img decoding=\"async\" class=\" size-full wp-image-14705\" title=\"Zum Supermarkt\" src=\"https:\/\/welcome-ontour.de\/wordpress\/wp-content\/uploads\/2021\/06\/phoca_thumb_l_2007-01-10-14.jpg\" alt=\"\" width=\"400\" height=\"301\" srcset=\"https:\/\/welcome-ontour.de\/wordpress\/wp-content\/uploads\/2021\/06\/phoca_thumb_l_2007-01-10-14.jpg 400w, https:\/\/welcome-ontour.de\/wordpress\/wp-content\/uploads\/2021\/06\/phoca_thumb_l_2007-01-10-14-300x226.jpg 300w\" sizes=\"(max-width: 400px) 100vw, 400px\" \/><\/span><\/p>\n<p style=\"text-align: center;\"><span style=\"font-family: arial, helvetica, sans-serif; font-size: 12pt;\">\u00a0<\/span><\/p>\n<p style=\"text-align: center;\"><span style=\"font-family: arial, helvetica, sans-serif; font-size: 12pt;\">Zum Abendessen wird ein gro\u00dfes B\u00fcfett angeboten.<\/span><\/p>\n<p style=\"text-align: center;\"><span style=\"font-family: arial, helvetica, sans-serif; font-size: 12pt;\">\u00a0<\/span><\/p>\n<p style=\"text-align: center;\"><span style=\"font-family: arial, helvetica, sans-serif; font-size: 12pt;\"><img decoding=\"async\" class=\" size-full wp-image-14706\" title=\"Zum Abendessen\" src=\"https:\/\/welcome-ontour.de\/wordpress\/wp-content\/uploads\/2021\/06\/phoca_thumb_l_2007-01-10-15.jpg\" alt=\"\" width=\"400\" height=\"301\" srcset=\"https:\/\/welcome-ontour.de\/wordpress\/wp-content\/uploads\/2021\/06\/phoca_thumb_l_2007-01-10-15.jpg 400w, https:\/\/welcome-ontour.de\/wordpress\/wp-content\/uploads\/2021\/06\/phoca_thumb_l_2007-01-10-15-300x226.jpg 300w\" sizes=\"(max-width: 400px) 100vw, 400px\" \/>\u00a0 <img decoding=\"async\" class=\" size-full wp-image-14707\" title=\"Sun Club\" src=\"https:\/\/welcome-ontour.de\/wordpress\/wp-content\/uploads\/2021\/06\/phoca_thumb_l_2007-01-10-16.jpg\" alt=\"\" width=\"400\" height=\"301\" srcset=\"https:\/\/welcome-ontour.de\/wordpress\/wp-content\/uploads\/2021\/06\/phoca_thumb_l_2007-01-10-16.jpg 400w, https:\/\/welcome-ontour.de\/wordpress\/wp-content\/uploads\/2021\/06\/phoca_thumb_l_2007-01-10-16-300x226.jpg 300w\" sizes=\"(max-width: 400px) 100vw, 400px\" \/><\/span><\/p>\n<p style=\"text-align: center;\"><span style=\"font-family: arial, helvetica, sans-serif; font-size: 12pt;\"><img decoding=\"async\" class=\" size-full wp-image-14708\" title=\"Abendessen\" src=\"https:\/\/welcome-ontour.de\/wordpress\/wp-content\/uploads\/2021\/06\/phoca_thumb_l_2007-01-10-17.jpg\" alt=\"\" width=\"400\" height=\"301\" srcset=\"https:\/\/welcome-ontour.de\/wordpress\/wp-content\/uploads\/2021\/06\/phoca_thumb_l_2007-01-10-17.jpg 400w, https:\/\/welcome-ontour.de\/wordpress\/wp-content\/uploads\/2021\/06\/phoca_thumb_l_2007-01-10-17-300x227.jpg 300w\" sizes=\"(max-width: 400px) 100vw, 400px\" \/>\u00a0 <img decoding=\"async\" class=\" size-full wp-image-14709\" title=\"icke\" src=\"https:\/\/welcome-ontour.de\/wordpress\/wp-content\/uploads\/2021\/06\/phoca_thumb_l_2007-01-10-18.jpg\" alt=\"\" width=\"400\" height=\"301\" srcset=\"https:\/\/welcome-ontour.de\/wordpress\/wp-content\/uploads\/2021\/06\/phoca_thumb_l_2007-01-10-18.jpg 400w, https:\/\/welcome-ontour.de\/wordpress\/wp-content\/uploads\/2021\/06\/phoca_thumb_l_2007-01-10-18-300x226.jpg 300w\" sizes=\"(max-width: 400px) 100vw, 400px\" \/><\/span><\/p>\n<p style=\"text-align: center;\"><span style=\"font-family: arial, helvetica, sans-serif; font-size: 12pt;\">\u00a0<\/span><\/p>\n<p style=\"text-align: center;\"><span style=\"font-family: arial, helvetica, sans-serif; font-size: 12pt;\">Regionale Getr\u00e4nke sind im Pauschalpreis inbegriffen.<\/span><\/p>\n<p style=\"text-align: center;\"><span style=\"font-family: arial, helvetica, sans-serif; font-size: 12pt;\">Dann ist der erste Tag auch schon vorbei.<\/span><\/p>\n<p style=\"text-align: center;\"><span style=\"font-family: arial, helvetica, sans-serif; font-size: 12pt;\">\u00a0<\/span><\/p>\n<p><span style=\"font-family: arial, helvetica, sans-serif; font-size: 12pt;\"><img decoding=\"async\" class=\" size-full wp-image-14690\" style=\"display: block; margin-left: auto; margin-right: auto;\" title=\"Gran Canaria\" src=\"https:\/\/welcome-ontour.de\/wordpress\/wp-content\/uploads\/2021\/06\/phoca_thumb_l_2007-01-09-02.jpg\" width=\"133\" height=\"109\" \/><\/span><\/p>\n<p>\u00a0<\/p>\n<p style=\"text-align: center;\"><span style=\"font-size: 12pt;\"><span style=\"font-family: arial, helvetica, sans-serif;\">\u00a0<\/span><\/span><\/p>\n<p style=\"text-align: center;\"><span style=\"font-size: 10pt;\"><span style=\"font-family: arial, helvetica, sans-serif;\"><a href=\"https:\/\/welcome-ontour.de\/wordpress\/index.php\/2007-01-09-prolog\/\">&lt; zur\u00fcck<\/a>\u00a0 \u00a0 \u00a0 \u00a0 \u00a0 \u00a0 \u00a0 \u00a0 \u00a0 \u00a0 \u00a0 \u00a0 \u00a0 \u00a0 \u00a0 \u00a0 \u00a0 \u00a0 \u00a0 \u00a0 \u00a0 \u00a0 \u00a0 \u00a0 \u00a0 \u00a0 \u00a0 \u00a0 \u00a0 \u00a0 \u00a0 \u00a0 \u00a0 \u00a0 \u00a0 \u00a0 \u00a0 \u00a0 \u00a0 \u00a0 \u00a0 \u00a0 \u00a0 \u00a0 \u00a0 \u00a0 \u00a0 \u00a0 \u00a0 \u00a0 \u00a0 \u00a0 \u00a0 \u00a0 \u00a0 \u00a0 \u00a0 \u00a0 \u00a0 \u00a0 \u00a0 \u00a0 \u00a0 \u00a0 \u00a0 \u00a0 \u00a0 \u00a0 \u00a0 \u00a0 \u00a0 \u00a0 \u00a0 \u00a0 \u00a0 \u00a0 \u00a0 \u00a0 \u00a0 \u00a0 \u00a0 \u00a0 \u00a0 \u00a0 \u00a0 \u00a0 \u00a0 \u00a0 \u00a0 \u00a0 \u00a0 \u00a0 \u00a0 \u00a0 \u00a0\u00a0<a href=\"https:\/\/welcome-ontour.de\/wordpress\/index.php\/2007-01-11\/\">weiter &gt;<\/a><\/span><\/span><\/p>\n","protected":false},"excerpt":{"rendered":"<p>Prolog\u00a0 \u00a0 \u00a0 \u00a0 \u00a0\u00a0Anreise\u00a0 \u00a0 \u00a0 \u00a0 \u00a0\u00a0Palmitos\u00a0 \u00a0 \u00a0 \u00a0 \u00a0\u00a0Mandelwanderung\u00a0 \u00a0 \u00a0 \u00a0 \u00a0\u00a0Strand&amp;D\u00fcnen\u00a0 \u00a0 \u00a0 \u00a0 \u00a0 Gipfelsturm \u00a0 \u00a0 \u00a0 \u00a0 Soria\u00a0 \u00a0 \u00a0 \u00a0 \u00a0 Relax \u00a0 \u00a0 \u00a0 \u00a0 \u00a0 R\u00fcckreise \u00a0 \u00a0 \u00a0 \u00a0 \u00a0Fazit \u00a0 &lt; zur\u00fcck\u00a0 \u00a0 \u00a0 \u00a0 \u00a0 \u00a0 \u00a0 \u00a0 \u00a0 \u00a0 \u00a0 \u00a0 \u00a0 \u00a0 \u00a0 \u00a0 \u00a0 \u00a0 \u00a0 \u00a0 \u00a0 \u00a0 \u00a0 \u00a0 \u00a0 \u00a0 \u00a0 \u00a0 \u00a0 \u00a0 \u00a0 \u00a0 \u00a0 \u00a0 \u00a0 \u00a0 \u00a0 \u00a0 \u00a0 \u00a0 \u00a0 \u00a0 \u00a0 \u00a0 \u00a0 \u00a0 \u00a0 \u00a0 \u00a0 \u00a0 \u00a0 \u00a0 \u00a0 \u00a0 \u00a0 \u00a0 \u00a0 \u00a0 \u00a0 \u00a0 \u00a0 \u00a0 \u00a0 \u00a0 \u00a0 \u00a0 \u00a0 \u00a0 \u00a0 \u00a0 \u00a0 \u00a0 \u00a0 \u00a0 \u00a0 \u00a0 \u00a0 \u00a0 \u00a0 \u00a0 \u00a0 \u00a0 \u00a0 \u00a0 \u00a0 \u00a0 \u00a0 \u00a0 \u00a0 \u00a0 \u00a0 \u00a0 \u00a0 \u00a0 \u00a0\u00a0weiter &gt; \u00a0 Mi 10.1. \u00a0 Anreise \u00a0 Mitten in der Nacht lassen wir uns zum Flughafen nach Tegel bringen. Kurz nach sechs startet der volle LTU-Airbus nach Gran Canaria. \u00a0 \u00a0 Als erstes stellen wir unsere Uhren eine Stunde zur\u00fcck auf die Ortszeit unseres Ziels. Der Flug verl\u00e4uft ruhig und dauert fast f\u00fcnf Stunden. Gegen zehn landen wir am Aeropuerto de Gran Canaria, dem Flughafen der Insel. Warten erst recht lange auf unsere Koffer und anschlie\u00dfend dauert es eine Ewigkeit, bis uns der Shuttlebus an der Anlage absetzt. Das Wetter ist bedeckt, aber mit 25\u00b0C angenehm warm. Wir bekommen unser gebuchtes Apartment mit zwei Schlafzimmern. \u00a0 \u00a0 \u00a0 \u00a0 Unser Quartier bietet im Erdgescho\u00df eine Terrasse und\u00a0 einen ger\u00e4umigen Wohnbereich mit K\u00fcchenecke. K\u00fchlschrank und Kaffeemaschine sind vorhanden und au\u00dferdem gibt es hier unten ein kleines Bad. Im Obergescho\u00df gibt es ein gro\u00dfes Bad und zwei Schlafzimmer mit je einem gro\u00dfen Doppelbett. \u00a0 \u00a0 \u00a0 \u00a0 Das Sun-Club-Resort ist bereits etwas in die Jahre gekommen, unser Apartment jedoch frisch renoviert. \u00a0 \u00a0 \u00a0 \u00a0 Der Strand ist recht steinig und das Wasser im Atlantik 18\u00b0 warm. \u00a0 \u00a0 \u00a0 Nachdem wir uns eingerichtet haben, erkunden wir die n\u00e4here Umgebung und kaufen im n\u00e4chsten Spar Supermarkt etwas ein. \u00a0 \u00a0 Zum Abendessen wird ein gro\u00dfes B\u00fcfett angeboten. \u00a0 \u00a0 \u00a0 \u00a0 Regionale Getr\u00e4nke sind im Pauschalpreis inbegriffen. Dann ist der erste Tag auch schon vorbei. \u00a0 \u00a0 \u00a0 &lt; zur\u00fcck\u00a0 \u00a0 \u00a0 \u00a0 \u00a0 \u00a0 \u00a0 \u00a0 \u00a0 \u00a0 \u00a0 \u00a0 \u00a0 \u00a0 \u00a0 \u00a0 \u00a0 \u00a0 \u00a0 \u00a0 \u00a0 \u00a0 \u00a0 \u00a0 \u00a0 \u00a0 \u00a0 \u00a0 \u00a0 \u00a0 \u00a0 \u00a0 \u00a0 \u00a0 \u00a0 \u00a0 \u00a0 \u00a0 \u00a0 \u00a0 \u00a0 \u00a0 \u00a0 \u00a0 \u00a0 \u00a0 \u00a0 \u00a0 \u00a0 \u00a0 \u00a0 \u00a0 \u00a0 \u00a0 \u00a0 \u00a0 \u00a0 \u00a0 \u00a0 \u00a0 \u00a0 \u00a0 \u00a0 \u00a0 \u00a0 \u00a0 \u00a0 \u00a0 \u00a0 \u00a0 \u00a0 \u00a0 \u00a0 \u00a0 \u00a0 \u00a0 \u00a0 \u00a0 \u00a0 \u00a0 \u00a0 \u00a0 \u00a0 \u00a0 \u00a0 \u00a0 \u00a0 \u00a0 \u00a0 \u00a0 \u00a0 \u00a0 \u00a0 \u00a0 \u00a0\u00a0weiter &gt;<\/p>\n","protected":false},"author":1,"featured_media":14692,"parent":0,"menu_order":8,"comment_status":"closed","ping_status":"closed","template":"","meta":{"footnotes":""},"class_list":["post-14710","page","type-page","status-publish","has-post-thumbnail","hentry"],"_links":{"self":[{"href":"https:\/\/welcome-ontour.de\/wordpress\/index.php\/wp-json\/wp\/v2\/pages\/14710","targetHints":{"allow":["GET"]}}],"collection":[{"href":"https:\/\/welcome-ontour.de\/wordpress\/index.php\/wp-json\/wp\/v2\/pages"}],"about":[{"href":"https:\/\/welcome-ontour.de\/wordpress\/index.php\/wp-json\/wp\/v2\/types\/page"}],"author":[{"embeddable":true,"href":"https:\/\/welcome-ontour.de\/wordpress\/index.php\/wp-json\/wp\/v2\/users\/1"}],"replies":[{"embeddable":true,"href":"https:\/\/welcome-ontour.de\/wordpress\/index.php\/wp-json\/wp\/v2\/comments?post=14710"}],"version-history":[{"count":1,"href":"https:\/\/welcome-ontour.de\/wordpress\/index.php\/wp-json\/wp\/v2\/pages\/14710\/revisions"}],"predecessor-version":[{"id":15017,"href":"https:\/\/welcome-ontour.de\/wordpress\/index.php\/wp-json\/wp\/v2\/pages\/14710\/revisions\/15017"}],"wp:featuredmedia":[{"embeddable":true,"href":"https:\/\/welcome-ontour.de\/wordpress\/index.php\/wp-json\/wp\/v2\/media\/14692"}],"wp:attachment":[{"href":"https:\/\/welcome-ontour.de\/wordpress\/index.php\/wp-json\/wp\/v2\/media?parent=14710"}],"curies":[{"name":"wp","href":"https:\/\/api.w.org\/{rel}","templated":true}]}}