{"id":14688,"date":"2021-04-03T07:42:53","date_gmt":"2021-04-03T07:42:53","guid":{"rendered":"https:\/\/welcome-ontour.de\/wordpress\/index.php\/2019-01-03-fazit\/"},"modified":"2022-06-30T23:06:16","modified_gmt":"2022-06-30T23:06:16","slug":"2019-01-03-fazit","status":"publish","type":"page","link":"https:\/\/welcome-ontour.de\/wordpress\/index.php\/2019-01-03-fazit\/","title":{"rendered":"2019 01 03 fazit"},"content":{"rendered":"<p style=\"text-align: center;\"><span style=\"font-family: arial, helvetica, sans-serif;\"><span style=\"font-size: 8pt;\"><a href=\"https:\/\/welcome-ontour.de\/wordpress\/index.php\/2018-12-26-prolog\/\">Prolog<\/a>\u00a0 \u00a0 \u00a0 \u00a0 \u00a0\u00a0<a href=\"https:\/\/welcome-ontour.de\/wordpress\/index.php\/2018-12-27\/\">Anreise<\/a>\u00a0 \u00a0 \u00a0 \u00a0 \u00a0\u00a0<a href=\"https:\/\/welcome-ontour.de\/wordpress\/index.php\/2018-12-28\/\">Plitvicer Seen<\/a>\u00a0 \u00a0 \u00a0 \u00a0 \u00a0\u00a0<a href=\"https:\/\/welcome-ontour.de\/wordpress\/index.php\/2018-12-31\/\">Zagreb<\/a>\u00a0 \u00a0 \u00a0 \u00a0 \u00a0\u00a0<\/span><span style=\"font-size: 8pt;\"><a href=\"https:\/\/welcome-ontour.de\/wordpress\/index.php\/2019-01-02\/\">R\u00fcckreise<\/a>\u00a0 \u00a0 \u00a0 \u00a0 \u00a0\u00a0<a href=\"https:\/\/welcome-ontour.de\/wordpress\/index.php\/2019-01-03-fazit\/\">Fazit<\/a><\/span><\/span><\/p>\n<p style=\"text-align: center;\"><span style=\"font-family: arial, helvetica, sans-serif;\">\u00a0<\/span><\/p>\n<p style=\"text-align: center;\"><span style=\"font-family: arial, helvetica, sans-serif;\"><a href=\"https:\/\/welcome-ontour.de\/wordpress\/index.php\/2019-01-02\/\">&lt; zur\u00fcck<\/a>\u00a0 \u00a0 \u00a0 \u00a0 \u00a0 \u00a0 \u00a0 \u00a0 \u00a0 \u00a0 \u00a0 \u00a0 \u00a0 \u00a0 \u00a0 \u00a0 \u00a0 \u00a0 \u00a0 \u00a0 \u00a0 \u00a0 \u00a0 \u00a0 \u00a0 \u00a0 \u00a0 \u00a0 \u00a0 \u00a0 \u00a0 \u00a0 \u00a0 \u00a0 \u00a0 \u00a0 \u00a0 \u00a0 \u00a0 \u00a0 \u00a0 \u00a0 \u00a0 \u00a0 \u00a0 \u00a0 \u00a0 \u00a0 \u00a0 \u00a0 \u00a0 \u00a0 \u00a0 \u00a0 \u00a0 \u00a0 \u00a0 \u00a0 \u00a0 \u00a0 \u00a0 \u00a0 \u00a0 \u00a0 \u00a0 \u00a0 \u00a0 \u00a0 \u00a0 \u00a0 \u00a0 \u00a0 \u00a0 \u00a0 \u00a0 \u00a0 \u00a0 \u00a0 \u00a0 \u00a0 \u00a0 \u00a0 \u00a0 \u00a0 \u00a0 \u00a0 \u00a0 \u00a0 \u00a0 \u00a0 \u00a0 \u00a0 \u00a0 \u00a0 \u00a0 \u00a0 \u00a0 \u00a0 \u00a0 \u00a0 \u00a0 <a href=\"https:\/\/welcome-ontour.de\/wordpress\/index.php\/reiseberichte\/\">Reiseberichte &gt;<\/a><\/span><\/p>\n<p style=\"text-align: center;\">\n<p style=\"text-align: center;\"><span style=\"font-size: 14pt;\"><strong><span style=\"font-family: arial, helvetica, sans-serif;\">Fazit<\/span><\/strong><\/span><\/p>\n<p style=\"text-align: center;\"><span style=\"font-family: arial, helvetica, sans-serif; font-size: 12pt;\">\u00a0<\/span><\/p>\n<p style=\"text-align: center;\"><span style=\"font-family: arial, helvetica, sans-serif; font-size: 12pt;\"><img decoding=\"async\" class=\" size-full wp-image-14684\" title=\"National Park Plitvicer Seen\" src=\"https:\/\/welcome-ontour.de\/wordpress\/wp-content\/uploads\/2021\/04\/phoca_thumb_l_2019-01-03-01.jpg\" width=\"700\" height=\"396\" srcset=\"https:\/\/welcome-ontour.de\/wordpress\/wp-content\/uploads\/2021\/04\/phoca_thumb_l_2019-01-03-01.jpg 1006w, https:\/\/welcome-ontour.de\/wordpress\/wp-content\/uploads\/2021\/04\/phoca_thumb_l_2019-01-03-01-300x170.jpg 300w, https:\/\/welcome-ontour.de\/wordpress\/wp-content\/uploads\/2021\/04\/phoca_thumb_l_2019-01-03-01-768x434.jpg 768w\" sizes=\"(max-width: 700px) 100vw, 700px\" \/><\/span><\/p>\n<p style=\"text-align: center;\"><span style=\"font-family: arial, helvetica, sans-serif; font-size: 12pt;\">\u00a0<\/span><\/p>\n<p style=\"text-align: center;\"><span style=\"font-family: arial, helvetica, sans-serif; font-size: 12pt;\">Ein Urlaub im frostigen Winter?<\/span><\/p>\n<p style=\"text-align: center;\"><span style=\"font-family: arial, helvetica, sans-serif; font-size: 12pt;\">Haben wir seit Ewigkeiten nicht mehr gemacht.<\/span><\/p>\n<p style=\"text-align: center;\"><span style=\"font-family: arial, helvetica, sans-serif; font-size: 12pt;\">Wenn im Winter weg von zu Hause, dann ins Warme, war bisher die Devise.<\/span><\/p>\n<p style=\"text-align: center;\"><span style=\"font-family: arial, helvetica, sans-serif; font-size: 12pt;\">Aber die Reise in die kroatische K\u00e4lte hat uns beiden super gefallen und vor allem auch gut getan.<\/span><\/p>\n<p style=\"text-align: center;\"><span style=\"font-family: arial, helvetica, sans-serif; font-size: 12pt;\">Die Warmherzigkeit des Gastgeberlandes und unserer Mitreisenden hat daran gro\u00dfen Anteil.<\/span><\/p>\n<p style=\"text-align: center;\"><span style=\"font-family: arial, helvetica, sans-serif; font-size: 12pt;\">Das winterliche Zauberland im Nationalpark Plitvicer Seen ist auf jeden Fall eine Reise wert.<\/span><\/p>\n<p style=\"text-align: center;\"><span style=\"font-family: arial, helvetica, sans-serif; font-size: 12pt;\">Die K\u00e4lte hat daf\u00fcr gesorgt, dass wir oftmals fast allein unterwegs sein durften.<\/span><\/p>\n<p style=\"text-align: center;\"><span style=\"font-family: arial, helvetica, sans-serif; font-size: 12pt;\">Zagreb fanden wir faszinierend.<\/span><\/p>\n<p style=\"text-align: center;\"><span style=\"font-family: arial, helvetica, sans-serif; font-size: 12pt;\">Der \u00fcberschaubare Innenstadtbereich bietet eine Unmenge Historie.<\/span><\/p>\n<p style=\"text-align: center;\"><span style=\"font-family: arial, helvetica, sans-serif; font-size: 12pt;\">An jeder zweiten Ecke gibt es Einblicke in alle Zeitetappen der vielf\u00e4ltigen kroatischen Geschichte.<\/span><\/p>\n<p style=\"text-align: center;\"><span style=\"font-family: arial, helvetica, sans-serif; font-size: 12pt;\">Dazu sind uns die vielen jungen Menschen aufgefallen, Zagreb ist Universit\u00e4tsstadt.<\/span><\/p>\n<p style=\"text-align: center;\"><span style=\"font-family: arial, helvetica, sans-serif; font-size: 12pt;\">Au\u00dferdem ist Kroatiens Metropole mit komfortablen Direktverbindungen<\/span><\/p>\n<p style=\"text-align: center;\"><span style=\"font-family: arial, helvetica, sans-serif; font-size: 12pt;\"> in kurzer Flugzeit von Berlin aus erreichbar.<\/span><\/p>\n<p style=\"text-align: center;\"><span style=\"font-family: arial, helvetica, sans-serif; font-size: 12pt;\">\u00a0<\/span><\/p>\n<p style=\"text-align: center;\"><span style=\"font-family: arial, helvetica, sans-serif; font-size: 12pt;\"><img decoding=\"async\" class=\" size-full wp-image-14685\" title=\"Croatia\" src=\"https:\/\/welcome-ontour.de\/wordpress\/wp-content\/uploads\/2021\/04\/phoca_thumb_l_2019-01-03-02.jpg\" alt=\"\" width=\"300\" height=\"161\" srcset=\"https:\/\/welcome-ontour.de\/wordpress\/wp-content\/uploads\/2021\/04\/phoca_thumb_l_2019-01-03-02.jpg 394w, https:\/\/welcome-ontour.de\/wordpress\/wp-content\/uploads\/2021\/04\/phoca_thumb_l_2019-01-03-02-300x161.jpg 300w\" sizes=\"(max-width: 300px) 100vw, 300px\" \/><\/span><\/p>\n<p style=\"text-align: center;\"><span style=\"font-family: arial, helvetica, sans-serif; font-size: 12pt;\">\u00a0<\/span><\/p>\n<p style=\"text-align: center;\"><span style=\"font-family: arial, helvetica, sans-serif; font-size: 12pt;\">Mit den Fl\u00fcgen waren wir zufrieden.<\/span><\/p>\n<p style=\"text-align: center;\"><span style=\"font-family: arial, helvetica, sans-serif; font-size: 12pt;\">Eurowings hat uns auf angenehmen Sitzpl\u00e4tzen schnell und direkt transportiert.<\/span><\/p>\n<p style=\"text-align: center;\"><span style=\"font-family: arial, helvetica, sans-serif; font-size: 12pt;\">Die kurze Versp\u00e4tung auf dem R\u00fcckflug war verschmerzbar und kein Problem.<\/span><\/p>\n<p style=\"text-align: center;\"><span style=\"font-family: arial, helvetica, sans-serif; font-size: 12pt;\">Auch die Unterk\u00fcnfte waren mehr als zufriedenstellend.<\/span><\/p>\n<p style=\"text-align: center;\"><span style=\"font-family: arial, helvetica, sans-serif; font-size: 12pt;\">Die Wohnung in Plitvice war modern eingerichtet <\/span><\/p>\n<p style=\"text-align: center;\"><span style=\"font-family: arial, helvetica, sans-serif; font-size: 12pt;\">und wir haben uns dort zu keiner Zeit unsicher o.\u00e4. gef\u00fchlt.<\/span><\/p>\n<p style=\"text-align: center;\"><span style=\"font-family: arial, helvetica, sans-serif; font-size: 12pt;\">Schl\u00fcssel\u00fcbergabe und Betreuung durch eine Beauftragte des Eigent\u00fcmers <\/span><\/p>\n<p style=\"text-align: center;\"><span style=\"font-family: arial, helvetica, sans-serif; font-size: 12pt;\">funktionierten einwandfrei und zuverl\u00e4ssig.<\/span><\/p>\n<p style=\"text-align: center;\"><span style=\"font-family: arial, helvetica, sans-serif; font-size: 12pt;\">Das Hotel Dubrovnik mitten in Zagreb war dann eigentlich schon fast luxuri\u00f6s.<\/span><\/p>\n<p style=\"text-align: center;\"><span style=\"font-family: arial, helvetica, sans-serif; font-size: 12pt;\">Eine wunderbare Unterkunft mit allem Komfort, den man sich w\u00fcnscht.<\/span><\/p>\n<p style=\"text-align: center;\"><span style=\"font-family: arial, helvetica, sans-serif; font-size: 12pt;\">Abgerundet wurde der Aufenthalt durch eines der besten Fr\u00fchst\u00fccksb\u00fcfetts, <\/span><\/p>\n<p style=\"text-align: center;\"><span style=\"font-family: arial, helvetica, sans-serif; font-size: 12pt;\">die wir in den letzten Jahren besuchen durften.<\/span><\/p>\n<p style=\"text-align: center;\"><span style=\"font-family: arial, helvetica, sans-serif; font-size: 12pt;\">Der regionale Mietwagen-Anbieter NOVA Cars hat uns direkt am Flughafen <\/span><\/p>\n<p style=\"text-align: center;\"><span style=\"font-family: arial, helvetica, sans-serif; font-size: 12pt;\">einen fast neuen Renault Megane bereitgestellt.<\/span><\/p>\n<p style=\"text-align: center;\"><span style=\"font-family: arial, helvetica, sans-serif; font-size: 12pt;\">Die gute Ausstattung mit Sitzheizung usw. haben wir genossen.<\/span><\/p>\n<p style=\"text-align: center;\"><span style=\"font-family: arial, helvetica, sans-serif; font-size: 12pt;\">Die montierten Winterreifen sind in Kroatien zu dieser Jahreszeit Pflicht <\/span><\/p>\n<p style=\"text-align: center;\"><span style=\"font-family: arial, helvetica, sans-serif; font-size: 12pt;\">und auf den glatten Stra\u00dfen im Gebirge um Plitvice haben wir sie auch gebraucht.<\/span><\/p>\n<p style=\"text-align: center;\"><span style=\"font-family: arial, helvetica, sans-serif; font-size: 12pt;\">Der Megane hat uns zuverl\u00e4ssig und bequem insgesamt 350 Kilometer durch den kroatischen Winter gefahren.<\/span><\/p>\n<p style=\"text-align: center;\"><span style=\"font-family: arial, helvetica, sans-serif; font-size: 12pt;\">Die Abwicklung bei NOVA Cars war einfach und schnell.<\/span><\/p>\n<p style=\"text-align: center;\"><span style=\"font-family: arial, helvetica, sans-serif; font-size: 12pt;\">\u00a0<\/span><\/p>\n<p style=\"text-align: center;\"><span style=\"font-family: arial, helvetica, sans-serif; font-size: 12pt;\"><a href=\"https:\/\/welcome-ontour.de\/wordpress\/wp-content\/uploads\/2021\/04\/phoca_thumb_l_2019-01-03-03.jpg\" target=\"_blank\" rel=\"noopener noreferrer\"><img decoding=\"async\" class=\" size-full wp-image-14686\" title=\"Kroatien 18\/19\" src=\"https:\/\/welcome-ontour.de\/wordpress\/wp-content\/uploads\/2021\/04\/phoca_thumb_l_2019-01-03-03.jpg\" alt=\"\" width=\"810\" height=\"166\" srcset=\"https:\/\/welcome-ontour.de\/wordpress\/wp-content\/uploads\/2021\/04\/phoca_thumb_l_2019-01-03-03.jpg 1606w, https:\/\/welcome-ontour.de\/wordpress\/wp-content\/uploads\/2021\/04\/phoca_thumb_l_2019-01-03-03-300x62.jpg 300w, https:\/\/welcome-ontour.de\/wordpress\/wp-content\/uploads\/2021\/04\/phoca_thumb_l_2019-01-03-03-1024x210.jpg 1024w, https:\/\/welcome-ontour.de\/wordpress\/wp-content\/uploads\/2021\/04\/phoca_thumb_l_2019-01-03-03-768x158.jpg 768w, https:\/\/welcome-ontour.de\/wordpress\/wp-content\/uploads\/2021\/04\/phoca_thumb_l_2019-01-03-03-1536x316.jpg 1536w, https:\/\/welcome-ontour.de\/wordpress\/wp-content\/uploads\/2021\/04\/phoca_thumb_l_2019-01-03-03-1568x322.jpg 1568w\" sizes=\"(max-width: 810px) 100vw, 810px\" \/><\/a><\/span><\/p>\n<p style=\"text-align: center;\"><span style=\"font-family: arial, helvetica, sans-serif; font-size: 12pt;\">\u00a0<\/span><\/p>\n<p style=\"text-align: center;\"><span style=\"font-family: arial, helvetica, sans-serif; font-size: 12pt;\">Zum Abschluss die Frage, was das alles kostet.<\/span><\/p>\n<p style=\"text-align: center;\"><span style=\"font-family: arial, helvetica, sans-serif; font-size: 12pt;\">Fl\u00fcge, Unterk\u00fcnfte und Mietwagen haben wir etwa vier Wochen vor der Reise gebucht.<\/span><\/p>\n<p style=\"text-align: center;\"><span style=\"font-family: arial, helvetica, sans-serif; font-size: 12pt;\">Eurowings wollte f\u00fcr den Nonstopservice von Tegel nach Zagreb und zur\u00fcck insgesamt 440 Euro von uns haben.<\/span><\/p>\n<p style=\"text-align: center;\"><span style=\"font-family: arial, helvetica, sans-serif; font-size: 12pt;\">Den Aufpreis f\u00fcr die bevorzugten Sitzpl\u00e4tze konnten wir mit Lufthansa Miles begleichen, <\/span><\/p>\n<p style=\"text-align: center;\"><span style=\"font-family: arial, helvetica, sans-serif; font-size: 12pt;\">die sonst demn\u00e4chst verfallen w\u00e4ren.<\/span><\/p>\n<p style=\"text-align: center;\"><span style=\"font-family: arial, helvetica, sans-serif; font-size: 12pt;\">Gebucht haben wir die Fl\u00fcge direkt bei der Fluggesellschaft.<\/span><\/p>\n<p style=\"text-align: center;\"><span style=\"font-family: arial, helvetica, sans-serif; font-size: 12pt;\">Das Blue Ivy Studio in Plitvice haben wir bei Booking.com gefunden.<\/span><\/p>\n<p style=\"text-align: center;\"><span style=\"font-family: arial, helvetica, sans-serif; font-size: 12pt;\">F\u00fcr das Apartment mit Schlafzimmer waren insgesamt 265 Euro f\u00e4llig.<\/span><\/p>\n<p style=\"text-align: center;\"><span style=\"font-family: arial, helvetica, sans-serif; font-size: 12pt;\">Als Offerte bei Hotels.com ist uns das Hotel Dubrovnik in der Innenstadt von Zagreb aufgefallen.<\/span><\/p>\n<p style=\"text-align: center;\"><span style=\"font-family: arial, helvetica, sans-serif; font-size: 12pt;\">Abz\u00fcglich aller auffindbaren Rabatte <\/span><\/p>\n<p style=\"text-align: center;\"><span style=\"font-family: arial, helvetica, sans-serif; font-size: 12pt;\">haben wir f\u00fcr zwei N\u00e4chte in der 4 Sterne Unterkunft mit Fr\u00fchst\u00fcck 270 Euro \u00fcberwiesen.<\/span><\/p>\n<p style=\"text-align: center;\"><span style=\"font-family: arial, helvetica, sans-serif; font-size: 12pt;\">F\u00fcr das Auto haben wir uns wie so oft f\u00fcr billiger-mietwagen.de entschieden.<\/span><\/p>\n<p style=\"text-align: center;\"><span style=\"font-family: arial, helvetica, sans-serif; font-size: 12pt;\">Die haben uns an NOVA Cars vermittelt.<\/span><\/p>\n<p style=\"text-align: center;\"><span style=\"font-family: arial, helvetica, sans-serif; font-size: 12pt;\">F\u00fcr eine Woche Kompaktcar mit Winterreifen und allen notwendigen Versicherungen haben wir 88 Euro bezahlt.<\/span><\/p>\n<p style=\"text-align: center;\"><span style=\"font-family: arial, helvetica, sans-serif; font-size: 12pt;\">Unser eigenes Auto f\u00fcr die gesamte Reisezeit bei Mc Parking in Tegel abzustellen, hat uns 29 Euro gekostet.<\/span><\/p>\n<p style=\"text-align: center;\">\n<p style=\"text-align: center;\"><span style=\"font-family: arial, helvetica, sans-serif; font-size: 12pt;\"><img decoding=\"async\" class=\" size-full wp-image-14687\" style=\"display: block; margin-left: auto; margin-right: auto;\" src=\"https:\/\/welcome-ontour.de\/wordpress\/wp-content\/uploads\/2021\/04\/phoca_thumb_l_2019-01-03-04.jpg\" alt=\"\" width=\"123\" height=\"180\" srcset=\"https:\/\/welcome-ontour.de\/wordpress\/wp-content\/uploads\/2021\/04\/phoca_thumb_l_2019-01-03-04.jpg 270w, https:\/\/welcome-ontour.de\/wordpress\/wp-content\/uploads\/2021\/04\/phoca_thumb_l_2019-01-03-04-206x300.jpg 206w\" sizes=\"(max-width: 123px) 100vw, 123px\" \/><\/span><\/p>\n<p style=\"text-align: center;\"><span style=\"font-family: arial, helvetica, sans-serif; font-size: 12pt;\">\u00a0<\/span><\/p>\n<p style=\"text-align: center;\"><span style=\"font-family: arial, helvetica, sans-serif; font-size: 12pt;\">R\u00fcckblickend betrachtet war es trotz der K\u00e4lte ein erholsamer Urlaub.<\/span><\/p>\n<p style=\"text-align: center;\"><span style=\"font-family: arial, helvetica, sans-serif; font-size: 12pt;\">Betr\u00e4chtlichen Anteil daran hat, wie anfangs schon erw\u00e4hnt, unsere Reisebegleitung.<\/span><\/p>\n<p style=\"text-align: center;\"><span style=\"font-family: arial, helvetica, sans-serif; font-size: 12pt;\">War sehr angenehm, die Tage zu viert verbringen zu d\u00fcrfen.<\/span><\/p>\n<p style=\"text-align: center;\"><span style=\"font-family: arial, helvetica, sans-serif; font-size: 12pt;\">Gemeinsam wurde vieles unternommen, wir haben jeden Abend <\/span><\/p>\n<p style=\"text-align: center;\"><span style=\"font-family: arial, helvetica, sans-serif; font-size: 12pt;\">zusammen gesessen und was haben wir gelacht!<\/span><\/p>\n<p style=\"text-align: center;\"><span style=\"font-family: arial, helvetica, sans-serif; font-size: 12pt;\">Kroatien wird uns auf jeden Fall wieder sehen.<\/span><\/p>\n<p style=\"text-align: center;\"><span style=\"font-family: arial, helvetica, sans-serif; font-size: 12pt;\">Wann und zu welcher Jahreszeit?<\/span><\/p>\n<p style=\"text-align: center;\"><span style=\"font-family: arial, helvetica, sans-serif; font-size: 12pt;\">Keine Ahnung.<\/span><\/p>\n<p style=\"text-align: center;\"><span style=\"font-family: arial, helvetica, sans-serif; font-size: 12pt;\">Einerseits gibt es noch so viel anderes zu entdecken.<\/span><\/p>\n<p style=\"text-align: center;\"><span style=\"font-family: arial, helvetica, sans-serif; font-size: 12pt;\">Andererseits ist das Land verlockend schnell erreichbar und bietet so viel fantastische Landschaft.<\/span><\/p>\n<p style=\"text-align: center;\"><span style=\"font-family: arial, helvetica, sans-serif; font-size: 12pt;\">Es kann also dauern oder auch ganz schnell gehen.<\/span><\/p>\n<p style=\"text-align: center;\"><span style=\"font-family: arial, helvetica, sans-serif; font-size: 12pt;\">Bis dahin seid gegr\u00fc\u00dft und macht\u2019s gut, Leute.<\/span><\/p>\n<p style=\"text-align: center;\">\n<p style=\"text-align: center;\"><span style=\"font-family: arial, helvetica, sans-serif; font-size: 12pt;\"><img decoding=\"async\" class=\" size-full wp-image-14635\" title=\"Macht's gut Leute!\" src=\"https:\/\/welcome-ontour.de\/wordpress\/wp-content\/uploads\/2021\/04\/phoca_thumb_l_2019-01-01-10.jpg\" width=\"300\" height=\"227\" srcset=\"https:\/\/welcome-ontour.de\/wordpress\/wp-content\/uploads\/2021\/04\/phoca_thumb_l_2019-01-01-10.jpg 400w, https:\/\/welcome-ontour.de\/wordpress\/wp-content\/uploads\/2021\/04\/phoca_thumb_l_2019-01-01-10-300x227.jpg 300w\" sizes=\"(max-width: 300px) 100vw, 300px\" \/><\/span><\/p>\n<p style=\"text-align: center;\"><span style=\"font-family: arial, helvetica, sans-serif;\"><a href=\"https:\/\/welcome-ontour.de\/wordpress\/index.php\/2019-01-02\/\">&lt; zur\u00fcck<\/a>\u00a0 \u00a0 \u00a0 \u00a0 \u00a0 \u00a0 \u00a0 \u00a0 \u00a0 \u00a0 \u00a0 \u00a0 \u00a0 \u00a0 \u00a0 \u00a0 \u00a0 \u00a0 \u00a0 \u00a0 \u00a0 \u00a0 \u00a0 \u00a0 \u00a0 \u00a0 \u00a0 \u00a0 \u00a0 \u00a0 \u00a0 \u00a0 \u00a0 \u00a0 \u00a0 \u00a0 \u00a0 \u00a0 \u00a0 \u00a0 \u00a0 \u00a0 \u00a0 \u00a0 \u00a0 \u00a0 \u00a0 \u00a0 \u00a0 \u00a0 \u00a0 \u00a0 \u00a0 \u00a0 \u00a0 \u00a0 \u00a0 \u00a0 \u00a0 \u00a0 \u00a0 \u00a0 \u00a0 \u00a0 \u00a0 \u00a0 \u00a0 \u00a0 \u00a0 \u00a0 \u00a0 \u00a0 \u00a0 \u00a0 \u00a0 \u00a0 \u00a0 \u00a0 \u00a0 \u00a0 \u00a0 \u00a0 \u00a0 \u00a0 \u00a0 \u00a0 \u00a0 \u00a0 \u00a0 \u00a0 \u00a0 \u00a0 \u00a0 \u00a0 \u00a0 \u00a0 \u00a0 \u00a0 \u00a0 \u00a0 \u00a0 <a href=\"https:\/\/welcome-ontour.de\/wordpress\/index.php\/reiseberichte\/\">Reiseberichte &gt;<\/a><\/span><\/p>\n","protected":false},"excerpt":{"rendered":"<p>Prolog\u00a0 \u00a0 \u00a0 \u00a0 \u00a0\u00a0Anreise\u00a0 \u00a0 \u00a0 \u00a0 \u00a0\u00a0Plitvicer Seen\u00a0 \u00a0 \u00a0 \u00a0 \u00a0\u00a0Zagreb\u00a0 \u00a0 \u00a0 \u00a0 \u00a0\u00a0R\u00fcckreise\u00a0 \u00a0 \u00a0 \u00a0 \u00a0\u00a0Fazit \u00a0 &lt; zur\u00fcck\u00a0 \u00a0 \u00a0 \u00a0 \u00a0 \u00a0 \u00a0 \u00a0 \u00a0 \u00a0 \u00a0 \u00a0 \u00a0 \u00a0 \u00a0 \u00a0 \u00a0 \u00a0 \u00a0 \u00a0 \u00a0 \u00a0 \u00a0 \u00a0 \u00a0 \u00a0 \u00a0 \u00a0 \u00a0 \u00a0 \u00a0 \u00a0 \u00a0 \u00a0 \u00a0 \u00a0 \u00a0 \u00a0 \u00a0 \u00a0 \u00a0 \u00a0 \u00a0 \u00a0 \u00a0 \u00a0 \u00a0 \u00a0 \u00a0 \u00a0 \u00a0 \u00a0 \u00a0 \u00a0 \u00a0 \u00a0 \u00a0 \u00a0 \u00a0 \u00a0 \u00a0 \u00a0 \u00a0 \u00a0 \u00a0 \u00a0 \u00a0 \u00a0 \u00a0 \u00a0 \u00a0 \u00a0 \u00a0 \u00a0 \u00a0 \u00a0 \u00a0 \u00a0 \u00a0 \u00a0 \u00a0 \u00a0 \u00a0 \u00a0 \u00a0 \u00a0 \u00a0 \u00a0 \u00a0 \u00a0 \u00a0 \u00a0 \u00a0 \u00a0 \u00a0 \u00a0 \u00a0 \u00a0 \u00a0 \u00a0 \u00a0 Reiseberichte &gt; Fazit \u00a0 \u00a0 Ein Urlaub im frostigen Winter? Haben wir seit Ewigkeiten nicht mehr gemacht. Wenn im Winter weg von zu Hause, dann ins Warme, war bisher die Devise. Aber die Reise in die kroatische K\u00e4lte hat uns beiden super gefallen und vor allem auch gut getan. Die Warmherzigkeit des Gastgeberlandes und unserer Mitreisenden hat daran gro\u00dfen Anteil. Das winterliche Zauberland im Nationalpark Plitvicer Seen ist auf jeden Fall eine Reise wert. Die K\u00e4lte hat daf\u00fcr gesorgt, dass wir oftmals fast allein unterwegs sein durften. Zagreb fanden wir faszinierend. Der \u00fcberschaubare Innenstadtbereich bietet eine Unmenge Historie. An jeder zweiten Ecke gibt es Einblicke in alle Zeitetappen der vielf\u00e4ltigen kroatischen Geschichte. Dazu sind uns die vielen jungen Menschen aufgefallen, Zagreb ist Universit\u00e4tsstadt. Au\u00dferdem ist Kroatiens Metropole mit komfortablen Direktverbindungen in kurzer Flugzeit von Berlin aus erreichbar. \u00a0 \u00a0 Mit den Fl\u00fcgen waren wir zufrieden. Eurowings hat uns auf angenehmen Sitzpl\u00e4tzen schnell und direkt transportiert. Die kurze Versp\u00e4tung auf dem R\u00fcckflug war verschmerzbar und kein Problem. Auch die Unterk\u00fcnfte waren mehr als zufriedenstellend. Die Wohnung in Plitvice war modern eingerichtet und wir haben uns dort zu keiner Zeit unsicher o.\u00e4. gef\u00fchlt. Schl\u00fcssel\u00fcbergabe und Betreuung durch eine Beauftragte des Eigent\u00fcmers funktionierten einwandfrei und zuverl\u00e4ssig. Das Hotel Dubrovnik mitten in Zagreb war dann eigentlich schon fast luxuri\u00f6s. Eine wunderbare Unterkunft mit allem Komfort, den man sich w\u00fcnscht. Abgerundet wurde der Aufenthalt durch eines der besten Fr\u00fchst\u00fccksb\u00fcfetts, die wir in den letzten Jahren besuchen durften. Der regionale Mietwagen-Anbieter NOVA Cars hat uns direkt am Flughafen einen fast neuen Renault Megane bereitgestellt. Die gute Ausstattung mit Sitzheizung usw. haben wir genossen. Die montierten Winterreifen sind in Kroatien zu dieser Jahreszeit Pflicht und auf den glatten Stra\u00dfen im Gebirge um Plitvice haben wir sie auch gebraucht. Der Megane hat uns zuverl\u00e4ssig und bequem insgesamt 350 Kilometer durch den kroatischen Winter gefahren. Die Abwicklung bei NOVA Cars war einfach und schnell. \u00a0 \u00a0 Zum Abschluss die Frage, was das alles kostet. Fl\u00fcge, Unterk\u00fcnfte und Mietwagen haben wir etwa vier Wochen vor der Reise gebucht. Eurowings wollte f\u00fcr den Nonstopservice von Tegel nach Zagreb und zur\u00fcck insgesamt 440 Euro von uns haben. Den Aufpreis f\u00fcr die bevorzugten Sitzpl\u00e4tze konnten wir mit Lufthansa Miles begleichen, die sonst demn\u00e4chst verfallen w\u00e4ren. Gebucht haben wir die Fl\u00fcge direkt bei der Fluggesellschaft. Das Blue Ivy Studio in Plitvice haben wir bei Booking.com gefunden. F\u00fcr das Apartment mit Schlafzimmer waren insgesamt 265 Euro f\u00e4llig. Als Offerte bei Hotels.com ist uns das Hotel Dubrovnik in der Innenstadt von Zagreb aufgefallen. Abz\u00fcglich aller auffindbaren Rabatte haben wir f\u00fcr zwei N\u00e4chte in der 4 Sterne Unterkunft mit Fr\u00fchst\u00fcck 270 Euro \u00fcberwiesen. F\u00fcr das Auto haben wir uns wie so oft f\u00fcr billiger-mietwagen.de entschieden. Die haben uns an NOVA Cars vermittelt. F\u00fcr eine Woche Kompaktcar mit Winterreifen und allen notwendigen Versicherungen haben wir 88 Euro bezahlt. Unser eigenes Auto f\u00fcr die gesamte Reisezeit bei Mc Parking in Tegel abzustellen, hat uns 29 Euro gekostet. \u00a0 R\u00fcckblickend betrachtet war es trotz der K\u00e4lte ein erholsamer Urlaub. Betr\u00e4chtlichen Anteil daran hat, wie anfangs schon erw\u00e4hnt, unsere Reisebegleitung. War sehr angenehm, die Tage zu viert verbringen zu d\u00fcrfen. Gemeinsam wurde vieles unternommen, wir haben jeden Abend zusammen gesessen und was haben wir gelacht! Kroatien wird uns auf jeden Fall wieder sehen. Wann und zu welcher Jahreszeit? Keine Ahnung. Einerseits gibt es noch so viel anderes zu entdecken. Andererseits ist das Land verlockend schnell erreichbar und bietet so viel fantastische Landschaft. Es kann also dauern oder auch ganz schnell gehen. Bis dahin seid gegr\u00fc\u00dft und macht\u2019s gut, Leute. &lt; zur\u00fcck\u00a0 \u00a0 \u00a0 \u00a0 \u00a0 \u00a0 \u00a0 \u00a0 \u00a0 \u00a0 \u00a0 \u00a0 \u00a0 \u00a0 \u00a0 \u00a0 \u00a0 \u00a0 \u00a0 \u00a0 \u00a0 \u00a0 \u00a0 \u00a0 \u00a0 \u00a0 \u00a0 \u00a0 \u00a0 \u00a0 \u00a0 \u00a0 \u00a0 \u00a0 \u00a0 \u00a0 \u00a0 \u00a0 \u00a0 \u00a0 \u00a0 \u00a0 \u00a0 \u00a0 \u00a0 \u00a0 \u00a0 \u00a0 \u00a0 \u00a0 \u00a0 \u00a0 \u00a0 \u00a0 \u00a0 \u00a0 \u00a0 \u00a0 \u00a0 \u00a0 \u00a0 \u00a0 \u00a0 \u00a0 \u00a0 \u00a0 \u00a0 \u00a0 \u00a0 \u00a0 \u00a0 \u00a0 \u00a0 \u00a0 \u00a0 \u00a0 \u00a0 \u00a0 \u00a0 \u00a0 \u00a0 \u00a0 \u00a0 \u00a0 \u00a0 \u00a0 \u00a0 \u00a0 \u00a0 \u00a0 \u00a0 \u00a0 \u00a0 \u00a0 \u00a0 \u00a0 \u00a0 \u00a0 \u00a0 \u00a0 \u00a0 Reiseberichte &gt;<\/p>\n","protected":false},"author":1,"featured_media":14684,"parent":0,"menu_order":0,"comment_status":"closed","ping_status":"closed","template":"","meta":{"footnotes":""},"class_list":["post-14688","page","type-page","status-publish","has-post-thumbnail","hentry"],"_links":{"self":[{"href":"https:\/\/welcome-ontour.de\/wordpress\/index.php\/wp-json\/wp\/v2\/pages\/14688","targetHints":{"allow":["GET"]}}],"collection":[{"href":"https:\/\/welcome-ontour.de\/wordpress\/index.php\/wp-json\/wp\/v2\/pages"}],"about":[{"href":"https:\/\/welcome-ontour.de\/wordpress\/index.php\/wp-json\/wp\/v2\/types\/page"}],"author":[{"embeddable":true,"href":"https:\/\/welcome-ontour.de\/wordpress\/index.php\/wp-json\/wp\/v2\/users\/1"}],"replies":[{"embeddable":true,"href":"https:\/\/welcome-ontour.de\/wordpress\/index.php\/wp-json\/wp\/v2\/comments?post=14688"}],"version-history":[{"count":2,"href":"https:\/\/welcome-ontour.de\/wordpress\/index.php\/wp-json\/wp\/v2\/pages\/14688\/revisions"}],"predecessor-version":[{"id":16805,"href":"https:\/\/welcome-ontour.de\/wordpress\/index.php\/wp-json\/wp\/v2\/pages\/14688\/revisions\/16805"}],"wp:featuredmedia":[{"embeddable":true,"href":"https:\/\/welcome-ontour.de\/wordpress\/index.php\/wp-json\/wp\/v2\/media\/14684"}],"wp:attachment":[{"href":"https:\/\/welcome-ontour.de\/wordpress\/index.php\/wp-json\/wp\/v2\/media?parent=14688"}],"curies":[{"name":"wp","href":"https:\/\/api.w.org\/{rel}","templated":true}]}}