{"id":1459,"date":"2012-09-24T14:56:46","date_gmt":"2012-09-24T14:56:46","guid":{"rendered":"https:\/\/welcome-ontour.de\/wordpress\/index.php\/2010-09-20\/"},"modified":"2022-06-30T23:07:06","modified_gmt":"2022-06-30T23:07:06","slug":"2010-09-20","status":"publish","type":"page","link":"https:\/\/welcome-ontour.de\/wordpress\/index.php\/2010-09-20\/","title":{"rendered":"2010 09 20"},"content":{"rendered":"<p style=\"text-align: center;\"><a style=\"font-family: arial, helvetica, sans-serif; font-size: x-small;\" href=\"https:\/\/welcome-ontour.de\/wordpress\/index.php\/2010-09-08-prolog\/\">prolog<\/a><span style=\"font-family: arial, helvetica, sans-serif; font-size: x-small;\">\u00a0&#8211;\u00a0<\/span><a style=\"font-family: arial, helvetica, sans-serif; font-size: x-small;\" href=\"https:\/\/welcome-ontour.de\/wordpress\/index.php\/2010-09-09\/\">hinflug<\/a><span style=\"font-family: arial, helvetica, sans-serif; font-size: x-small;\">\u00a0&#8211;\u00a0<\/span><a style=\"font-family: arial, helvetica, sans-serif; font-size: x-small;\" href=\"https:\/\/welcome-ontour.de\/wordpress\/index.php\/2010-09-10\/\">rocky mts nationalpark<\/a><span style=\"font-family: arial, helvetica, sans-serif; font-size: x-small;\">\u00a0&#8211;\u00a0<\/span><a style=\"font-family: arial, helvetica, sans-serif; font-size: x-small;\" href=\"https:\/\/welcome-ontour.de\/wordpress\/index.php\/2010-09-11\/\">glenwood springs<\/a><span style=\"font-family: arial, helvetica, sans-serif; font-size: x-small;\">\u00a0&#8211;\u00a0<\/span><a style=\"font-family: arial, helvetica, sans-serif; font-size: x-small;\" href=\"https:\/\/welcome-ontour.de\/wordpress\/index.php\/2010-09-12\/\">san rafael swell<\/a><span style=\"font-family: arial, helvetica, sans-serif; font-size: x-small;\">\u00a0&#8211;\u00a0<\/span><a style=\"font-family: arial, helvetica, sans-serif; font-size: x-small;\" href=\"https:\/\/welcome-ontour.de\/wordpress\/index.php\/2010-09-13\/\">escalante<\/a><span style=\"font-family: arial, helvetica, sans-serif; font-size: x-small;\">\u00a0&#8211;\u00a0<\/span><a style=\"font-family: arial, helvetica, sans-serif; font-size: x-small;\" href=\"https:\/\/welcome-ontour.de\/wordpress\/index.php\/2010-09-17\/\">farmington<\/a><span style=\"font-family: arial, helvetica, sans-serif; font-size: x-small;\">\u00a0&#8211;\u00a0<\/span><a style=\"font-family: arial, helvetica, sans-serif; font-size: x-small;\" href=\"https:\/\/welcome-ontour.de\/wordpress\/index.php\/2010-09-18\/\">albuquerque<\/a><span style=\"font-family: arial, helvetica, sans-serif; font-size: x-small;\">\u00a0&#8211;\u00a0<\/span><a style=\"font-family: arial, helvetica, sans-serif; font-size: x-small;\" href=\"https:\/\/welcome-ontour.de\/wordpress\/index.php\/2010-09-19\/\">santa fe<\/a><span style=\"font-family: arial, helvetica, sans-serif; font-size: x-small;\">\u00a0&#8211;\u00a0<\/span><a style=\"font-family: arial, helvetica, sans-serif; font-size: x-small;\" href=\"https:\/\/welcome-ontour.de\/wordpress\/index.php\/2010-09-21\/\">taos<\/a><span style=\"font-family: arial, helvetica, sans-serif; font-size: x-small;\">\u00a0&#8211;\u00a0<\/span><a style=\"font-family: arial, helvetica, sans-serif; font-size: x-small;\" href=\"https:\/\/welcome-ontour.de\/wordpress\/index.php\/2010-09-22\/\">alamosa<\/a><span style=\"font-family: arial, helvetica, sans-serif; font-size: x-small;\">\u00a0&#8211;\u00a0<\/span><a style=\"font-family: arial, helvetica, sans-serif; font-size: x-small;\" href=\"https:\/\/welcome-ontour.de\/wordpress\/index.php\/2010-09-23\/\">royal gorge<\/a><span style=\"font-family: arial, helvetica, sans-serif; font-size: x-small;\">\u00a0&#8211;\u00a0<\/span><a style=\"font-family: arial, helvetica, sans-serif; font-size: x-small;\" href=\"https:\/\/welcome-ontour.de\/wordpress\/index.php\/2010-09-24\/\">victor<\/a><span style=\"font-family: arial, helvetica, sans-serif; font-size: x-small;\">\u00a0&#8211;\u00a0<\/span><a style=\"font-family: arial, helvetica, sans-serif; font-size: x-small;\" href=\"https:\/\/welcome-ontour.de\/wordpress\/index.php\/2010-09-25\/\">colo springs<\/a><span style=\"font-family: arial, helvetica, sans-serif; font-size: x-small;\">\u00a0&#8211;\u00a0<\/span><a style=\"font-family: arial, helvetica, sans-serif; font-size: x-small;\" href=\"https:\/\/welcome-ontour.de\/wordpress\/index.php\/2010-09-27\/\">denver&amp;r\u00fcckflug<\/a><span style=\"font-family: arial, helvetica, sans-serif; font-size: x-small;\">\u00a0&#8211;\u00a0<\/span><a style=\"font-family: arial, helvetica, sans-serif; font-size: x-small;\" href=\"https:\/\/welcome-ontour.de\/wordpress\/index.php\/2010-09-29-fazit\/\">fazit<\/a><\/p>\n<p style=\"text-align: center;\">\u00a0<\/p>\n<p style=\"text-align: center;\"><a style=\"font-family: arial, helvetica, sans-serif; font-size: small;\" href=\"https:\/\/welcome-ontour.de\/wordpress\/index.php\/2010-09-19\/\">&lt; Zur\u00fcck<\/a><span style=\"font-family: arial, helvetica, sans-serif; font-size: small;\">\u00a0\u00a0 \u00a0\u00a0\u00a0 \u00a0 \u00a0 \u00a0 \u00a0 \u00a0 \u00a0 \u00a0 \u00a0 \u00a0 \u00a0 \u00a0 \u00a0 \u00a0 \u00a0 \u00a0 \u00a0 \u00a0 \u00a0 \u00a0 \u00a0 \u00a0 \u00a0 \u00a0 \u00a0 \u00a0 \u00a0 \u00a0 \u00a0 \u00a0 \u00a0 \u00a0 \u00a0 \u00a0 \u00a0 \u00a0 \u00a0 \u00a0 \u00a0 \u00a0 \u00a0 \u00a0 \u00a0 \u00a0 \u00a0 \u00a0 \u00a0 \u00a0 \u00a0 \u00a0 \u00a0 \u00a0 \u00a0 \u00a0 \u00a0 \u00a0 \u00a0 \u00a0 \u00a0 \u00a0 \u00a0 \u00a0 \u00a0 \u00a0 \u00a0 \u00a0 \u00a0 \u00a0 \u00a0 \u00a0 \u00a0 \u00a0 \u00a0 \u00a0 \u00a0 \u00a0 \u00a0 \u00a0 \u00a0 \u00a0 \u00a0 \u00a0 \u00a0 \u00a0 \u00a0 \u00a0 \u00a0 \u00a0 \u00a0 \u00a0 \u00a0 \u00a0 \u00a0 \u00a0 \u00a0 \u00a0 \u00a0 \u00a0 \u00a0\u00a0<\/span><a style=\"font-family: arial, helvetica, sans-serif; font-size: small;\" href=\"https:\/\/welcome-ontour.de\/wordpress\/index.php\/2010-09-21\/\">Weiter &gt;<\/a><\/p>\n<p style=\"text-align: center;\">\u00a0\u00a0<\/p>\n<p style=\"text-align: center;\"><strong><span style=\"font-family: arial, helvetica, sans-serif; font-size: medium;\">Mo 20.09.2010, 2.Woche, 12.Tag<\/span><\/strong><\/p>\n<p style=\"text-align: center;\"><strong><span style=\"font-family: arial, helvetica, sans-serif; font-size: medium;\">Santa Fe<\/span><\/strong><\/p>\n<p style=\"text-align: center;\"><span style=\"font-family: arial, helvetica, sans-serif; font-size: medium;\">\u00a0<\/span><\/p>\n<p style=\"text-align: center;\"><span style=\"font-family: arial, helvetica, sans-serif; font-size: medium;\">Gute Betten, ruhige Nacht, kannst Du schlafen bis um acht \u2026<\/span><\/p>\n<p style=\"text-align: center;\"><span style=\"font-family: arial, helvetica, sans-serif; font-size: medium;\">Auch hier probieren wir das Marriott Breakfast.<\/span><\/p>\n<p style=\"text-align: center;\"><span style=\"font-family: arial, helvetica, sans-serif; font-size: medium;\">Nicht schlecht, wenn nur nicht die nervenden Busreisekolonnen w\u00e4ren.<\/span><\/p>\n<p style=\"text-align: center;\"><span style=\"font-family: arial, helvetica, sans-serif; font-size: medium;\">Bei <a href=\"https:\/\/shop.albertsons.com\/eCommerceWeb\/AboutAlbertsonsAction.do?action=beginAbout\" target=\"_blank\" rel=\"noopener noreferrer\">Albertson<\/a>\u00a0frischen wir die Proviantvorr\u00e4te auf<\/span><\/p>\n<p style=\"text-align: center;\"><span style=\"font-family: arial, helvetica, sans-serif; font-size: medium;\">und machen uns dann auf den Weg in die Berge nordwestlich von Santa Fe.<\/span><\/p>\n<p style=\"text-align: center;\"><span style=\"font-family: arial, helvetica, sans-serif; font-size: medium;\">Wir wollen in den <a href=\"http:\/\/www.newmexico.org\/explore\/state_parks\/hyde.php\" target=\"_blank\" rel=\"noopener noreferrer\">Hyde Memorial State Park<\/a>, der sich bereits in den Sangre de Christo Mountains befindet.<\/span><\/p>\n<p style=\"text-align: center;\"><span style=\"font-family: arial, helvetica, sans-serif; font-size: medium;\">Relativ kurze Fahrt und wir sind da.<\/span><\/p>\n<p style=\"text-align: center;\"><span style=\"font-family: arial, helvetica, sans-serif; font-size: medium;\">\u00a0<\/span><\/p>\n<p style=\"text-align: center;\"><span style=\"font-family: arial, helvetica, sans-serif; font-size: medium;\"><img decoding=\"async\" class=\" size-full wp-image-1453\" title=\"Hyde Memorial State Park\" src=\"https:\/\/welcome-ontour.de\/wordpress\/wp-content\/uploads\/2012\/09\/phoca_thumb_l_2010-09-20-01-img_0226.jpg\" width=\"600\" height=\"451\" border=\"0\" srcset=\"https:\/\/welcome-ontour.de\/wordpress\/wp-content\/uploads\/2012\/09\/phoca_thumb_l_2010-09-20-01-img_0226.jpg 600w, https:\/\/welcome-ontour.de\/wordpress\/wp-content\/uploads\/2012\/09\/phoca_thumb_l_2010-09-20-01-img_0226-300x226.jpg 300w\" sizes=\"(max-width: 600px) 100vw, 600px\" \/><\/span><\/p>\n<p style=\"text-align: center;\"><span style=\"font-family: arial, helvetica, sans-serif; font-size: medium;\">\u00a0<\/span><\/p>\n<p style=\"text-align: center;\"><span style=\"font-family: arial, helvetica, sans-serif; font-size: medium;\">Das Visitorcenter ist leider geschlossen.<\/span><\/p>\n<p style=\"text-align: center;\"><span style=\"font-family: arial, helvetica, sans-serif; font-size: medium;\">\u00a0<\/span><\/p>\n<p style=\"text-align: center;\"><span style=\"font-family: arial, helvetica, sans-serif; font-size: medium;\"><img decoding=\"async\" class=\" size-full wp-image-1454\" title=\"Visitor Center and Lodge\" src=\"https:\/\/welcome-ontour.de\/wordpress\/wp-content\/uploads\/2012\/09\/phoca_thumb_l_2010-09-20-02-img_0228.jpg\" width=\"600\" height=\"451\" border=\"0\" srcset=\"https:\/\/welcome-ontour.de\/wordpress\/wp-content\/uploads\/2012\/09\/phoca_thumb_l_2010-09-20-02-img_0228.jpg 600w, https:\/\/welcome-ontour.de\/wordpress\/wp-content\/uploads\/2012\/09\/phoca_thumb_l_2010-09-20-02-img_0228-300x226.jpg 300w\" sizes=\"(max-width: 600px) 100vw, 600px\" \/><\/span><\/p>\n<p style=\"text-align: center;\"><span style=\"font-family: arial, helvetica, sans-serif; font-size: medium;\">\u00a0<\/span><\/p>\n<p style=\"text-align: center;\"><span style=\"font-family: arial, helvetica, sans-serif; font-size: medium;\">Der Borego Loop Trail f\u00fchrt uns durch dichte Waldlandschaft und hat betr\u00e4chtliche Auf- und Abg\u00e4nge zu bieten.<\/span><\/p>\n<p style=\"text-align: center;\"><span style=\"font-family: arial, helvetica, sans-serif; font-size: medium;\">Nach der H\u00e4lfte der Strecke \u00fcberqueren wir auf glitschigen Baumst\u00e4mmen den Tesuque Creek.<\/span><\/p>\n<p style=\"text-align: center;\"><span style=\"font-family: arial, helvetica, sans-serif; font-size: medium;\">\u00a0<\/span><\/p>\n<p style=\"text-align: center;\"><span style=\"font-family: arial, helvetica, sans-serif; font-size: medium;\"><img decoding=\"async\" class=\" size-full wp-image-1455\" title=\"Teseque Creek\" src=\"https:\/\/welcome-ontour.de\/wordpress\/wp-content\/uploads\/2012\/09\/phoca_thumb_l_2010-09-20-03-dsc00020.jpg\" width=\"600\" height=\"403\" border=\"0\" srcset=\"https:\/\/welcome-ontour.de\/wordpress\/wp-content\/uploads\/2012\/09\/phoca_thumb_l_2010-09-20-03-dsc00020.jpg 600w, https:\/\/welcome-ontour.de\/wordpress\/wp-content\/uploads\/2012\/09\/phoca_thumb_l_2010-09-20-03-dsc00020-300x202.jpg 300w\" sizes=\"(max-width: 600px) 100vw, 600px\" \/><\/span><\/p>\n<p style=\"text-align: center;\"><span style=\"font-family: arial, helvetica, sans-serif; font-size: medium;\">\u00a0<\/span><\/p>\n<p style=\"text-align: center;\"><span style=\"font-family: arial, helvetica, sans-serif; font-size: medium;\">Danach immer weiter am River entlang<\/span><\/p>\n<p style=\"text-align: center;\"><span style=\"font-family: arial, helvetica, sans-serif; font-size: medium;\">bis wir nach 4 Meilen und etwa 3 Stunden wieder am Trailhead angekommen sind.<\/span><\/p>\n<p style=\"text-align: center;\"><span style=\"font-family: arial, helvetica, sans-serif; font-size: medium;\">Erhoffte Aussichten auf Santa Fe gab es unterwegs nicht, aber zum Beine vertreten war die Wanderung okay.<\/span><\/p>\n<p style=\"text-align: center;\"><span style=\"font-family: arial, helvetica, sans-serif; font-size: medium;\">Zur\u00fcck am Hotel wird geduscht und dann geht es wieder ab in die Innenstadt.<\/span><\/p>\n<p style=\"text-align: center;\"><span style=\"font-family: arial, helvetica, sans-serif; font-size: medium;\">\u00a0<\/span><\/p>\n<p style=\"text-align: center;\"><a href=\"https:\/\/welcome-ontour.de\/wordpress\/wp-content\/uploads\/2012\/09\/phoca_thumb_l_2010-09-20-04-dsc00027-kopie.jpg\" target=\"_blank\" rel=\"noopener noreferrer\"><span style=\"font-family: arial, helvetica, sans-serif; font-size: medium;\"><img decoding=\"async\" class=\" size-full wp-image-1456\" title=\"Santa Fe - Klick\" src=\"https:\/\/welcome-ontour.de\/wordpress\/wp-content\/uploads\/2012\/09\/phoca_thumb_l_2010-09-20-04-dsc00027-kopie.jpg\" width=\"600\" height=\"402\" border=\"0\" srcset=\"https:\/\/welcome-ontour.de\/wordpress\/wp-content\/uploads\/2012\/09\/phoca_thumb_l_2010-09-20-04-dsc00027-kopie.jpg 1400w, https:\/\/welcome-ontour.de\/wordpress\/wp-content\/uploads\/2012\/09\/phoca_thumb_l_2010-09-20-04-dsc00027-kopie-300x201.jpg 300w, https:\/\/welcome-ontour.de\/wordpress\/wp-content\/uploads\/2012\/09\/phoca_thumb_l_2010-09-20-04-dsc00027-kopie-1024x687.jpg 1024w, https:\/\/welcome-ontour.de\/wordpress\/wp-content\/uploads\/2012\/09\/phoca_thumb_l_2010-09-20-04-dsc00027-kopie-768x515.jpg 768w\" sizes=\"(max-width: 600px) 100vw, 600px\" \/><\/span><\/a><\/p>\n<p style=\"text-align: center;\"><span style=\"font-family: arial, helvetica, sans-serif; font-size: medium;\">\u00a0<\/span><\/p>\n<p style=\"text-align: center;\"><span style=\"font-family: arial, helvetica, sans-serif; font-size: medium;\"><img decoding=\"async\" class=\" size-full wp-image-1457\" title=\"Walk of Fame\" src=\"https:\/\/welcome-ontour.de\/wordpress\/wp-content\/uploads\/2012\/09\/phoca_thumb_l_2010-09-20-05-dsc00029.jpg\" width=\"600\" height=\"403\" border=\"0\" srcset=\"https:\/\/welcome-ontour.de\/wordpress\/wp-content\/uploads\/2012\/09\/phoca_thumb_l_2010-09-20-05-dsc00029.jpg 600w, https:\/\/welcome-ontour.de\/wordpress\/wp-content\/uploads\/2012\/09\/phoca_thumb_l_2010-09-20-05-dsc00029-300x202.jpg 300w\" sizes=\"(max-width: 600px) 100vw, 600px\" \/><\/span><\/p>\n<p style=\"text-align: center;\"><span style=\"font-family: arial, helvetica, sans-serif; font-size: medium;\">\u00a0<\/span><\/p>\n<p style=\"text-align: center;\"><span style=\"font-family: arial, helvetica, sans-serif; font-size: medium;\">Wir genie\u00dfen noch einmal die w\u00e4rmende Nachmittagssonne<\/span><\/p>\n<p style=\"text-align: center;\"><span style=\"font-family: arial, helvetica, sans-serif; font-size: medium;\">und wundern uns \u00fcber die vielen Polizei-Absperrungen rund um die City Hall.<\/span><\/p>\n<p style=\"text-align: center;\"><span style=\"font-family: arial, helvetica, sans-serif; font-size: medium;\">In einem der Stores gibt es die Antwort.<\/span><\/p>\n<p style=\"text-align: center;\"><span style=\"font-family: arial, helvetica, sans-serif; font-size: medium;\">Bill Clinton ist zu Besuch beim Gouverneur New Mexicos.<\/span><\/p>\n<p style=\"text-align: center;\"><span style=\"font-family: arial, helvetica, sans-serif; font-size: medium;\">Abendessen gibt es bei Applebees in der Rodeo Road.<\/span><\/p>\n<p style=\"text-align: center;\"><span style=\"font-family: arial, helvetica, sans-serif; font-size: medium;\">Das liebliche Sommerwetter hat sich in eine bedrohliche Sandsturm Wolkenstimmung verwandelt.<\/span><\/p>\n<p style=\"text-align: center;\"><span style=\"font-family: arial, helvetica, sans-serif; font-size: medium;\">\u00a0<\/span><\/p>\n<p style=\"text-align: center;\"><span style=\"font-family: arial, helvetica, sans-serif; font-size: medium;\"><img decoding=\"async\" class=\" size-full wp-image-1458\" title=\"Aufkommender Sandsturm\" src=\"https:\/\/welcome-ontour.de\/wordpress\/wp-content\/uploads\/2012\/09\/phoca_thumb_l_2010-09-20-06-dsc00036.jpg\" width=\"600\" height=\"403\" border=\"0\" srcset=\"https:\/\/welcome-ontour.de\/wordpress\/wp-content\/uploads\/2012\/09\/phoca_thumb_l_2010-09-20-06-dsc00036.jpg 600w, https:\/\/welcome-ontour.de\/wordpress\/wp-content\/uploads\/2012\/09\/phoca_thumb_l_2010-09-20-06-dsc00036-300x202.jpg 300w\" sizes=\"(max-width: 600px) 100vw, 600px\" \/><\/span><\/p>\n<p style=\"text-align: center;\"><span style=\"font-family: arial, helvetica, sans-serif; font-size: medium;\">\u00a0<\/span><\/p>\n<p style=\"text-align: center;\"><span style=\"font-family: arial, helvetica, sans-serif; font-size: medium;\">Wir sind froh, dass wir drin sitzen.<\/span><\/p>\n<p style=\"text-align: center;\"><span style=\"font-family: arial, helvetica, sans-serif; font-size: medium;\">Wieder im Hotel wollen wir uns noch ein Quartier f\u00fcr morgen Abend in Taos besorgen.<\/span><\/p>\n<p style=\"text-align: center;\"><span style=\"font-family: arial, helvetica, sans-serif; font-size: medium;\">Mit unserer sonst so erfolgreichen Priceline Taktik bleiben wir diesmal ohne Ergebnis.<\/span><\/p>\n<p style=\"text-align: center;\"><span style=\"font-family: arial, helvetica, sans-serif; font-size: medium;\">F\u00fcr knapp 100$ k\u00f6nnen wir wenigstens einen Room im Comfort Suites reservieren.<\/span><\/p>\n<p style=\"text-align: center;\"><span style=\"font-family: arial, helvetica, sans-serif; font-size: medium;\">Um elf ist Ruhe.<\/span><\/p>\n<p style=\"text-align: center;\"><span style=\"font-family: arial, helvetica, sans-serif; font-size: medium;\">\u00a0<\/span><\/p>\n<p style=\"text-align: center;\"><span style=\"font-family: arial, helvetica, sans-serif; font-size: medium;\">Gefahrene Meilen \/ Kilometer: 79 \/ 127<\/span><\/p>\n<p style=\"text-align: center;\"><span style=\"font-family: arial, helvetica, sans-serif; font-size: medium;\">\u00a0<\/span><\/p>\n<p style=\"text-align: center;\"><span style=\"font-family: arial, helvetica, sans-serif; font-size: medium;\">\u00dcbernachtung: <a href=\"http:\/\/www.marriott.com\/hotels\/travel\/safcy-courtyard-santa-fe\/\" target=\"_blank\" rel=\"noopener noreferrer\">Courtyard by Marriott<\/a>, Santa Fe, New Mexico $69 ***<\/span><\/p>\n<p style=\"text-align: center;\"><span style=\"font-family: arial, helvetica, sans-serif; font-size: medium;\">\u00a0<\/span><\/p>\n<p style=\"text-align: center;\"><span style=\"font-family: arial, helvetica, sans-serif; font-size: small;\"><a href=\"https:\/\/welcome-ontour.de\/wordpress\/index.php\/2010-09-19\/\">&lt; Zur\u00fcck<\/a>\u00a0\u00a0 \u00a0\u00a0\u00a0 \u00a0 \u00a0 \u00a0 \u00a0 \u00a0 \u00a0 \u00a0 \u00a0 \u00a0 \u00a0 \u00a0 \u00a0 \u00a0 \u00a0 \u00a0 \u00a0 \u00a0 \u00a0 \u00a0 \u00a0 \u00a0 \u00a0 \u00a0 \u00a0 \u00a0 \u00a0 \u00a0 \u00a0 \u00a0 \u00a0 \u00a0 \u00a0 \u00a0 \u00a0 \u00a0 \u00a0 \u00a0 \u00a0 \u00a0 \u00a0 \u00a0 \u00a0 \u00a0 \u00a0 \u00a0 \u00a0 \u00a0 \u00a0 \u00a0 \u00a0 \u00a0 \u00a0 \u00a0 \u00a0 \u00a0 \u00a0 \u00a0 \u00a0 \u00a0 \u00a0 \u00a0 \u00a0 \u00a0 \u00a0 \u00a0 \u00a0 \u00a0 \u00a0 \u00a0 \u00a0 \u00a0 \u00a0 \u00a0 \u00a0 \u00a0 \u00a0 \u00a0 \u00a0 \u00a0 \u00a0 \u00a0 \u00a0 \u00a0 \u00a0 \u00a0 \u00a0 \u00a0 \u00a0 \u00a0 \u00a0 \u00a0 \u00a0 \u00a0 \u00a0 \u00a0 \u00a0 \u00a0 \u00a0\u00a0<a href=\"https:\/\/welcome-ontour.de\/wordpress\/index.php\/2010-09-21\/\">Weiter &gt;<\/a>\u00a0<\/span><\/p>\n","protected":false},"excerpt":{"rendered":"<p>prolog\u00a0&#8211;\u00a0hinflug\u00a0&#8211;\u00a0rocky mts nationalpark\u00a0&#8211;\u00a0glenwood springs\u00a0&#8211;\u00a0san rafael swell\u00a0&#8211;\u00a0escalante\u00a0&#8211;\u00a0farmington\u00a0&#8211;\u00a0albuquerque\u00a0&#8211;\u00a0santa fe\u00a0&#8211;\u00a0taos\u00a0&#8211;\u00a0alamosa\u00a0&#8211;\u00a0royal gorge\u00a0&#8211;\u00a0victor\u00a0&#8211;\u00a0colo springs\u00a0&#8211;\u00a0denver&amp;r\u00fcckflug\u00a0&#8211;\u00a0fazit \u00a0 &lt; Zur\u00fcck\u00a0\u00a0 \u00a0\u00a0\u00a0 \u00a0 \u00a0 \u00a0 \u00a0 \u00a0 \u00a0 \u00a0 \u00a0 \u00a0 \u00a0 \u00a0 \u00a0 \u00a0 \u00a0 \u00a0 \u00a0 \u00a0 \u00a0 \u00a0 \u00a0 \u00a0 \u00a0 \u00a0 \u00a0 \u00a0 \u00a0 \u00a0 \u00a0 \u00a0 \u00a0 \u00a0 \u00a0 \u00a0 \u00a0 \u00a0 \u00a0 \u00a0 \u00a0 \u00a0 \u00a0 \u00a0 \u00a0 \u00a0 \u00a0 \u00a0 \u00a0 \u00a0 \u00a0 \u00a0 \u00a0 \u00a0 \u00a0 \u00a0 \u00a0 \u00a0 \u00a0 \u00a0 \u00a0 \u00a0 \u00a0 \u00a0 \u00a0 \u00a0 \u00a0 \u00a0 \u00a0 \u00a0 \u00a0 \u00a0 \u00a0 \u00a0 \u00a0 \u00a0 \u00a0 \u00a0 \u00a0 \u00a0 \u00a0 \u00a0 \u00a0 \u00a0 \u00a0 \u00a0 \u00a0 \u00a0 \u00a0 \u00a0 \u00a0 \u00a0 \u00a0 \u00a0 \u00a0 \u00a0 \u00a0 \u00a0 \u00a0 \u00a0 \u00a0\u00a0Weiter &gt; \u00a0\u00a0 Mo 20.09.2010, 2.Woche, 12.Tag Santa Fe \u00a0 Gute Betten, ruhige Nacht, kannst Du schlafen bis um acht \u2026 Auch hier probieren wir das Marriott Breakfast. Nicht schlecht, wenn nur nicht die nervenden Busreisekolonnen w\u00e4ren. Bei Albertson\u00a0frischen wir die Proviantvorr\u00e4te auf und machen uns dann auf den Weg in die Berge nordwestlich von Santa Fe. Wir wollen in den Hyde Memorial State Park, der sich bereits in den Sangre de Christo Mountains befindet. Relativ kurze Fahrt und wir sind da. \u00a0 \u00a0 Das Visitorcenter ist leider geschlossen. \u00a0 \u00a0 Der Borego Loop Trail f\u00fchrt uns durch dichte Waldlandschaft und hat betr\u00e4chtliche Auf- und Abg\u00e4nge zu bieten. Nach der H\u00e4lfte der Strecke \u00fcberqueren wir auf glitschigen Baumst\u00e4mmen den Tesuque Creek. \u00a0 \u00a0 Danach immer weiter am River entlang bis wir nach 4 Meilen und etwa 3 Stunden wieder am Trailhead angekommen sind. Erhoffte Aussichten auf Santa Fe gab es unterwegs nicht, aber zum Beine vertreten war die Wanderung okay. Zur\u00fcck am Hotel wird geduscht und dann geht es wieder ab in die Innenstadt. \u00a0 \u00a0 \u00a0 Wir genie\u00dfen noch einmal die w\u00e4rmende Nachmittagssonne und wundern uns \u00fcber die vielen Polizei-Absperrungen rund um die City Hall. In einem der Stores gibt es die Antwort. Bill Clinton ist zu Besuch beim Gouverneur New Mexicos. Abendessen gibt es bei Applebees in der Rodeo Road. Das liebliche Sommerwetter hat sich in eine bedrohliche Sandsturm Wolkenstimmung verwandelt. \u00a0 \u00a0 Wir sind froh, dass wir drin sitzen. Wieder im Hotel wollen wir uns noch ein Quartier f\u00fcr morgen Abend in Taos besorgen. Mit unserer sonst so erfolgreichen Priceline Taktik bleiben wir diesmal ohne Ergebnis. F\u00fcr knapp 100$ k\u00f6nnen wir wenigstens einen Room im Comfort Suites reservieren. Um elf ist Ruhe. \u00a0 Gefahrene Meilen \/ Kilometer: 79 \/ 127 \u00a0 \u00dcbernachtung: Courtyard by Marriott, Santa Fe, New Mexico $69 *** \u00a0 &lt; Zur\u00fcck\u00a0\u00a0 \u00a0\u00a0\u00a0 \u00a0 \u00a0 \u00a0 \u00a0 \u00a0 \u00a0 \u00a0 \u00a0 \u00a0 \u00a0 \u00a0 \u00a0 \u00a0 \u00a0 \u00a0 \u00a0 \u00a0 \u00a0 \u00a0 \u00a0 \u00a0 \u00a0 \u00a0 \u00a0 \u00a0 \u00a0 \u00a0 \u00a0 \u00a0 \u00a0 \u00a0 \u00a0 \u00a0 \u00a0 \u00a0 \u00a0 \u00a0 \u00a0 \u00a0 \u00a0 \u00a0 \u00a0 \u00a0 \u00a0 \u00a0 \u00a0 \u00a0 \u00a0 \u00a0 \u00a0 \u00a0 \u00a0 \u00a0 \u00a0 \u00a0 \u00a0 \u00a0 \u00a0 \u00a0 \u00a0 \u00a0 \u00a0 \u00a0 \u00a0 \u00a0 \u00a0 \u00a0 \u00a0 \u00a0 \u00a0 \u00a0 \u00a0 \u00a0 \u00a0 \u00a0 \u00a0 \u00a0 \u00a0 \u00a0 \u00a0 \u00a0 \u00a0 \u00a0 \u00a0 \u00a0 \u00a0 \u00a0 \u00a0 \u00a0 \u00a0 \u00a0 \u00a0 \u00a0 \u00a0 \u00a0 \u00a0 \u00a0 \u00a0\u00a0Weiter &gt;\u00a0<\/p>\n","protected":false},"author":1,"featured_media":1453,"parent":0,"menu_order":13,"comment_status":"closed","ping_status":"closed","template":"","meta":{"footnotes":""},"class_list":["post-1459","page","type-page","status-publish","has-post-thumbnail","hentry"],"_links":{"self":[{"href":"https:\/\/welcome-ontour.de\/wordpress\/index.php\/wp-json\/wp\/v2\/pages\/1459","targetHints":{"allow":["GET"]}}],"collection":[{"href":"https:\/\/welcome-ontour.de\/wordpress\/index.php\/wp-json\/wp\/v2\/pages"}],"about":[{"href":"https:\/\/welcome-ontour.de\/wordpress\/index.php\/wp-json\/wp\/v2\/types\/page"}],"author":[{"embeddable":true,"href":"https:\/\/welcome-ontour.de\/wordpress\/index.php\/wp-json\/wp\/v2\/users\/1"}],"replies":[{"embeddable":true,"href":"https:\/\/welcome-ontour.de\/wordpress\/index.php\/wp-json\/wp\/v2\/comments?post=1459"}],"version-history":[{"count":1,"href":"https:\/\/welcome-ontour.de\/wordpress\/index.php\/wp-json\/wp\/v2\/pages\/1459\/revisions"}],"predecessor-version":[{"id":3000,"href":"https:\/\/welcome-ontour.de\/wordpress\/index.php\/wp-json\/wp\/v2\/pages\/1459\/revisions\/3000"}],"wp:featuredmedia":[{"embeddable":true,"href":"https:\/\/welcome-ontour.de\/wordpress\/index.php\/wp-json\/wp\/v2\/media\/1453"}],"wp:attachment":[{"href":"https:\/\/welcome-ontour.de\/wordpress\/index.php\/wp-json\/wp\/v2\/media?parent=1459"}],"curies":[{"name":"wp","href":"https:\/\/api.w.org\/{rel}","templated":true}]}}