{"id":14219,"date":"2021-03-12T07:19:41","date_gmt":"2021-03-12T07:19:41","guid":{"rendered":"https:\/\/welcome-ontour.de\/wordpress\/index.php\/2019-05-19-fazit\/"},"modified":"2022-06-30T23:06:16","modified_gmt":"2022-06-30T23:06:16","slug":"2019-05-19-fazit","status":"publish","type":"page","link":"https:\/\/welcome-ontour.de\/wordpress\/index.php\/2019-05-19-fazit\/","title":{"rendered":"2019 05 19 fazit"},"content":{"rendered":"<p style=\"text-align: center;\"><span style=\"font-size: 8pt;\"><a href=\"https:\/\/welcome-ontour.de\/wordpress\/index.php\/2019-05-10-prolog\/\">Prolog<\/a>\u00a0 \u00a0 \u00a0 \u00a0 \u00a0 \u00a0 \u00a0\u00a0<a href=\"https:\/\/welcome-ontour.de\/wordpress\/index.php\/2019-05-11\/\">Anreise<\/a>\u00a0 \u00a0 \u00a0 \u00a0 \u00a0 \u00a0 \u00a0\u00a0<a href=\"https:\/\/welcome-ontour.de\/wordpress\/index.php\/2019-05-12\/\">Kiotari<\/a>\u00a0 \u00a0 \u00a0 \u00a0 \u00a0 \u00a0 \u00a0\u00a0<a href=\"https:\/\/welcome-ontour.de\/wordpress\/index.php\/2019-05-13\/\">Lindos<\/a>\u00a0 \u00a0 \u00a0 \u00a0 \u00a0 \u00a0 \u00a0\u00a0<\/span><span style=\"font-size: 8pt;\"><a href=\"https:\/\/welcome-ontour.de\/wordpress\/index.php\/2019-05-18\/\">R\u00fcckreise<\/a>\u00a0 \u00a0 \u00a0 \u00a0 \u00a0 \u00a0 \u00a0\u00a0<a href=\"https:\/\/welcome-ontour.de\/wordpress\/index.php\/2019-05-19-fazit\/\">Fazit<\/a><\/span><\/p>\n<p style=\"text-align: center;\">\n<p style=\"text-align: center;\"><a href=\"https:\/\/welcome-ontour.de\/wordpress\/index.php\/2019-05-18\/\">&lt; zur\u00fcck<\/a>\u00a0 \u00a0 \u00a0 \u00a0 \u00a0 \u00a0 \u00a0 \u00a0 \u00a0 \u00a0 \u00a0 \u00a0 \u00a0 \u00a0 \u00a0 \u00a0 \u00a0 \u00a0 \u00a0 \u00a0 \u00a0 \u00a0 \u00a0 \u00a0 \u00a0 \u00a0 \u00a0 \u00a0 \u00a0 \u00a0 \u00a0 \u00a0 \u00a0 \u00a0 \u00a0 \u00a0 \u00a0 \u00a0 \u00a0 \u00a0 \u00a0 \u00a0 \u00a0 \u00a0 \u00a0 \u00a0 \u00a0 \u00a0 \u00a0 \u00a0 \u00a0 \u00a0 \u00a0 \u00a0 \u00a0 \u00a0 \u00a0 \u00a0 \u00a0 \u00a0 \u00a0 \u00a0 \u00a0 \u00a0 \u00a0 \u00a0 \u00a0 \u00a0 \u00a0 \u00a0 \u00a0 \u00a0 \u00a0 \u00a0 \u00a0 \u00a0 \u00a0 \u00a0 \u00a0 \u00a0 \u00a0 \u00a0 \u00a0 \u00a0 \u00a0 \u00a0 \u00a0 \u00a0 \u00a0 \u00a0 \u00a0 \u00a0<a href=\"https:\/\/welcome-ontour.de\/wordpress\/index.php\/reiseberichte\/\">Reiseberichte &gt;<\/a><\/p>\n<p style=\"text-align: center;\">\n<p style=\"text-align: center;\"><span style=\"font-size: 14pt;\"><strong><span style=\"font-family: arial, helvetica, sans-serif;\">Fazit<\/span><\/strong><\/span><\/p>\n<p style=\"text-align: center;\"><span style=\"font-size: 12pt; font-family: arial, helvetica, sans-serif;\">\u00a0<\/span><\/p>\n<p style=\"text-align: center;\"><span style=\"font-size: 12pt; font-family: arial, helvetica, sans-serif;\">Eine Woche in der Vorsaison ins Warme fliegen, das mochten wir schon immer gern.<\/span><\/p>\n<p style=\"text-align: center;\"><span style=\"font-size: 12pt; font-family: arial, helvetica, sans-serif;\">In der Hoffnung auf warmes Klima haben wir uns dieses Mal f\u00fcr Rhodos entschieden<\/span><\/p>\n<p style=\"text-align: center;\"><span style=\"font-size: 12pt; font-family: arial, helvetica, sans-serif;\">und wurden nicht entt\u00e4uscht.<\/span><\/p>\n<p style=\"text-align: center;\"><span style=\"font-size: 12pt; font-family: arial, helvetica, sans-serif;\">\u00a0<\/span><\/p>\n<p style=\"text-align: center;\"><span style=\"font-size: 12pt; font-family: arial, helvetica, sans-serif;\"><img decoding=\"async\" class=\" size-full wp-image-14213\" title=\"Rhodos\" src=\"https:\/\/welcome-ontour.de\/wordpress\/wp-content\/uploads\/2021\/03\/phoca_thumb_l_2019-05-19-01.jpg\" width=\"333\" height=\"205\" srcset=\"https:\/\/welcome-ontour.de\/wordpress\/wp-content\/uploads\/2021\/03\/phoca_thumb_l_2019-05-19-01.jpg 394w, https:\/\/welcome-ontour.de\/wordpress\/wp-content\/uploads\/2021\/03\/phoca_thumb_l_2019-05-19-01-300x185.jpg 300w\" sizes=\"(max-width: 333px) 100vw, 333px\" \/><\/span><\/p>\n<p style=\"text-align: center;\"><span style=\"font-size: 12pt; font-family: arial, helvetica, sans-serif;\">\u00a0<\/span><\/p>\n<p style=\"text-align: center;\"><span style=\"font-size: 12pt; font-family: arial, helvetica, sans-serif;\">Die ganze Woche hatten wir Tagestemperaturen zwischen 25 und 29\u00b0C, <\/span><\/p>\n<p style=\"text-align: center;\"><span style=\"font-size: 12pt; font-family: arial, helvetica, sans-serif;\">die uns fast schon zu viel des Guten waren.<\/span><\/p>\n<p style=\"text-align: center;\"><span style=\"font-size: 12pt; font-family: arial, helvetica, sans-serif;\">Nachts gingen die Temperaturen auf 18\u00b0C runter, da war die Klimaanlage im Zimmer schon notwendig.<\/span><\/p>\n<p style=\"text-align: center;\"><span style=\"font-size: 12pt; font-family: arial, helvetica, sans-serif;\">Das \u00fcberschaubare 5* Luxus Resort Lindian Village haben wir gew\u00e4hlt, weil wir keine Lust <\/span><\/p>\n<p style=\"text-align: center;\"><span style=\"font-size: 12pt; font-family: arial, helvetica, sans-serif;\">auf riesige Klubanlagen oder zehngeschossige Betonbunker hatten.<\/span><\/p>\n<p style=\"text-align: center;\"><span style=\"font-size: 12pt; font-family: arial, helvetica, sans-serif;\">Mit eigener Anreise und Fr\u00fchst\u00fcck habe ich es als Offerte bei Jahnreisen gefunden.<\/span><\/p>\n<p style=\"text-align: center;\"><span style=\"font-size: 12pt; font-family: arial, helvetica, sans-serif;\">Service- und Essensqualit\u00e4t waren hervorragend, die vielen guten Bewertungen k\u00f6nnen wir best\u00e4tigen.<\/span><\/p>\n<p style=\"text-align: center;\"><span style=\"font-size: 12pt; font-family: arial, helvetica, sans-serif;\">Trotzdem haben wir uns im Vorfeld entschieden, hier nicht auch noch das Abendessen einzunehmen.<\/span><\/p>\n<p style=\"text-align: center;\"><span style=\"font-size: 12pt; font-family: arial, helvetica, sans-serif;\">Haben uns stattdessen jeden Abend auf den etwa 10 km langen Weg nach Pefkos gemacht.<\/span><\/p>\n<p style=\"text-align: center;\"><span style=\"font-size: 12pt; font-family: arial, helvetica, sans-serif;\">Die dortige Beachbar war quasi unser Hauptquartier.<\/span><\/p>\n<p style=\"text-align: center;\"><span style=\"font-size: 12pt; font-family: arial, helvetica, sans-serif;\">Ich glaub, wir waren die Einzigen, die das Resort abends verlassen haben.<\/span><\/p>\n<p style=\"text-align: center;\"><span style=\"font-size: 12pt; font-family: arial, helvetica, sans-serif;\">Hat nat\u00fcrlich nur funktioniert, weil wir f\u00fcr die gesamte Reisezeit einen Mietwagen hatten.<\/span><\/p>\n<p style=\"text-align: center;\"><span style=\"font-size: 12pt; font-family: arial, helvetica, sans-serif;\">Da wir Fl\u00fcge und Unterkunft separat gebucht haben, war dies auch zwingend notwendig.<\/span><\/p>\n<p style=\"text-align: center;\"><span style=\"font-size: 12pt; font-family: arial, helvetica, sans-serif;\">Der rote Suzuki hat uns zuverl\u00e4ssig und komfortabel \u00fcberall hin kutschiert.<\/span><\/p>\n<p style=\"text-align: center;\"><span style=\"font-size: 12pt; font-family: arial, helvetica, sans-serif;\">Wir m\u00f6gen diese Art der Unabh\u00e4ngigkeit.<\/span><\/p>\n<p style=\"text-align: center;\"><span style=\"font-size: 12pt; font-family: arial, helvetica, sans-serif;\">Zu den Fl\u00fcgen gibt es nicht viel zu sagen.<\/span><\/p>\n<p style=\"text-align: center;\"><span style=\"font-size: 12pt; font-family: arial, helvetica, sans-serif;\">P\u00fcnktlich, servicefreundlich, g\u00fcnstig und auf Exit-Sitzen auch bequem, was will man mehr.<\/span><\/p>\n<p style=\"text-align: center;\"><span style=\"font-size: 12pt; font-family: arial, helvetica, sans-serif;\">Wir fliegen gern easyJet und hoffen, dass sich die Airline am Markt behaupten kann.<\/span><\/p>\n<p style=\"text-align: center;\"><span style=\"font-size: 12pt; font-family: arial, helvetica, sans-serif;\">\u00a0<\/span><\/p>\n<p style=\"text-align: center;\"><span style=\"font-size: 12pt; font-family: arial, helvetica, sans-serif;\"><img decoding=\"async\" class=\" size-full wp-image-14214\" title=\"EASYJET\" src=\"https:\/\/welcome-ontour.de\/wordpress\/wp-content\/uploads\/2021\/03\/phoca_thumb_l_2019-05-19-02.jpg\" width=\"300\" height=\"112\" srcset=\"https:\/\/welcome-ontour.de\/wordpress\/wp-content\/uploads\/2021\/03\/phoca_thumb_l_2019-05-19-02.jpg 394w, https:\/\/welcome-ontour.de\/wordpress\/wp-content\/uploads\/2021\/03\/phoca_thumb_l_2019-05-19-02-300x112.jpg 300w\" sizes=\"(max-width: 300px) 100vw, 300px\" \/>\u00a0 \u00a0\u00a0<img decoding=\"async\" class=\" size-full wp-image-14215\" title=\"Lindian Village Resort\" src=\"https:\/\/welcome-ontour.de\/wordpress\/wp-content\/uploads\/2021\/03\/phoca_thumb_l_2019-05-19-03.jpg\" width=\"144\" height=\"144\" srcset=\"https:\/\/welcome-ontour.de\/wordpress\/wp-content\/uploads\/2021\/03\/phoca_thumb_l_2019-05-19-03.jpg 256w, https:\/\/welcome-ontour.de\/wordpress\/wp-content\/uploads\/2021\/03\/phoca_thumb_l_2019-05-19-03-150x150.jpg 150w\" sizes=\"(max-width: 144px) 100vw, 144px\" \/>\u00a0 \u00a0 \u00a0 \u00a0<img decoding=\"async\" class=\" size-full wp-image-14216\" title=\"Suzuki Baleno Leihwagen\" src=\"https:\/\/welcome-ontour.de\/wordpress\/wp-content\/uploads\/2021\/03\/phoca_thumb_l_2019-05-19-04.jpg\" width=\"149\" height=\"112\" \/><\/span><\/p>\n<p style=\"text-align: center;\"><span style=\"font-size: 12pt; font-family: arial, helvetica, sans-serif;\">\u00a0<\/span><\/p>\n<p style=\"text-align: center;\"><span style=\"font-size: 12pt; font-family: arial, helvetica, sans-serif;\">F\u00fcr alle, die es interessiert, wie immer der Zahlensalat.<\/span><\/p>\n<p style=\"text-align: center;\"><span style=\"font-size: 12pt; font-family: arial, helvetica, sans-serif;\">Das Lindian Village ist mir aufgrund der vielen guten Bewertungen aufgefallen.<\/span><\/p>\n<p style=\"text-align: center;\"><span style=\"font-size: 12pt; font-family: arial, helvetica, sans-serif;\">Und ich war angenehm \u00fcberrascht, was das Hotel als Einzelleistung mit eigener Anreise kostet.<\/span><\/p>\n<p style=\"text-align: center;\"><span style=\"font-size: 12pt; font-family: arial, helvetica, sans-serif;\">F\u00fcr eine Woche Riverpassage Juniorsuite mit Fr\u00fchst\u00fcck wollte Jahnreisen 817 Euro haben.<\/span><\/p>\n<p style=\"text-align: center;\"><span style=\"font-size: 12pt; font-family: arial, helvetica, sans-serif;\">Die Fl\u00fcge haben wir direkt bei easyJet gebucht.<\/span><\/p>\n<p style=\"text-align: center;\"><span style=\"font-size: 12pt; font-family: arial, helvetica, sans-serif;\">Hin- und R\u00fcckflug f\u00fcr 2 Personen haben 298 Euro gekostet.<\/span><\/p>\n<p style=\"text-align: center;\"><span style=\"font-size: 12pt; font-family: arial, helvetica, sans-serif;\">Den roten Flitzer gab es bei Alamo \u00fcber Car Del Mar.<\/span><\/p>\n<p style=\"text-align: center;\"><span style=\"font-size: 12pt; font-family: arial, helvetica, sans-serif;\">Der Suzuki Baleno war fast neu, f\u00fcnft\u00fcrig, gut ausgestattet, ausreichend motorisiert und ger\u00e4umig.<\/span><\/p>\n<p style=\"text-align: center;\"><span style=\"font-size: 12pt; font-family: arial, helvetica, sans-serif;\">Zum Zeitpunkt der Buchung geltende Coupons haben geholfen, <\/span><\/p>\n<p style=\"text-align: center;\"><span style=\"font-size: 12pt; font-family: arial, helvetica, sans-serif;\">den Wochenpreis des Mietwagens auf 104 Euro zu dr\u00fccken.<\/span><\/p>\n<p style=\"text-align: center;\"><span style=\"font-size: 12pt; font-family: arial, helvetica, sans-serif;\">\u00a0<\/span><\/p>\n<p style=\"text-align: center;\"><span style=\"font-size: 12pt; font-family: arial, helvetica, sans-serif;\"><img decoding=\"async\" class=\" size-full wp-image-14217\" title=\"Kiotari Beach\" src=\"https:\/\/welcome-ontour.de\/wordpress\/wp-content\/uploads\/2021\/03\/phoca_thumb_l_2019-05-19-05.jpg\" width=\"500\" height=\"206\" srcset=\"https:\/\/welcome-ontour.de\/wordpress\/wp-content\/uploads\/2021\/03\/phoca_thumb_l_2019-05-19-05.jpg 810w, https:\/\/welcome-ontour.de\/wordpress\/wp-content\/uploads\/2021\/03\/phoca_thumb_l_2019-05-19-05-300x123.jpg 300w, https:\/\/welcome-ontour.de\/wordpress\/wp-content\/uploads\/2021\/03\/phoca_thumb_l_2019-05-19-05-768x316.jpg 768w\" sizes=\"(max-width: 500px) 100vw, 500px\" \/><\/span><\/p>\n<p style=\"text-align: center;\"><span style=\"font-size: 12pt; font-family: arial, helvetica, sans-serif;\">\u00a0<\/span><\/p>\n<p style=\"text-align: center;\"><span style=\"font-size: 12pt; font-family: arial, helvetica, sans-serif;\">Nach 27 Jahren mal wieder nach Griechenland zu reisen fanden wir beide prima.<\/span><\/p>\n<p style=\"text-align: center;\"><span style=\"font-size: 12pt; font-family: arial, helvetica, sans-serif;\">Das wunderbare mediterrane Klima und die Gastfreundlichkeit der Leute <\/span><\/p>\n<p style=\"text-align: center;\"><span style=\"font-size: 12pt; font-family: arial, helvetica, sans-serif;\">haben uns einen erholsamen Urlaub verleben lassen.<\/span><\/p>\n<p style=\"text-align: center;\"><span style=\"font-size: 12pt; font-family: arial, helvetica, sans-serif;\">\u00a0<\/span><\/p>\n<p style=\"text-align: center;\"><span style=\"font-size: 12pt; font-family: arial, helvetica, sans-serif;\"><img decoding=\"async\" class=\" size-full wp-image-14218\" title=\"Lindos\" src=\"https:\/\/welcome-ontour.de\/wordpress\/wp-content\/uploads\/2021\/03\/phoca_thumb_l_2019-05-19-06.jpg\" alt=\"\" width=\"810\" height=\"326\" srcset=\"https:\/\/welcome-ontour.de\/wordpress\/wp-content\/uploads\/2021\/03\/phoca_thumb_l_2019-05-19-06.jpg 810w, https:\/\/welcome-ontour.de\/wordpress\/wp-content\/uploads\/2021\/03\/phoca_thumb_l_2019-05-19-06-300x121.jpg 300w, https:\/\/welcome-ontour.de\/wordpress\/wp-content\/uploads\/2021\/03\/phoca_thumb_l_2019-05-19-06-768x309.jpg 768w\" sizes=\"(max-width: 810px) 100vw, 810px\" \/><\/span><\/p>\n<p style=\"text-align: center;\"><span style=\"font-size: 12pt; font-family: arial, helvetica, sans-serif;\">\u00a0<\/span><\/p>\n<p style=\"text-align: center;\"><span style=\"font-size: 12pt; font-family: arial, helvetica, sans-serif;\">K\u00f6nnen wir auf jeden Fall so weiterempfehlen.<\/span><\/p>\n<p style=\"text-align: center;\"><span style=\"font-size: 12pt; font-family: arial, helvetica, sans-serif;\">Also bis demn\u00e4chst und macht\u2019s gut Leute!<\/span><\/p>\n<p style=\"text-align: center;\"><span style=\"font-size: 12pt; font-family: arial, helvetica, sans-serif;\">\u00a0<\/span><\/p>\n<p style=\"text-align: center;\"><span style=\"font-size: 12pt; font-family: arial, helvetica, sans-serif;\">Ute &amp; Andie<\/span><\/p>\n<p style=\"text-align: center;\"><span style=\"font-size: 12pt;\"><span style=\"font-family: arial, helvetica, sans-serif;\">\u00a0<\/span><\/span><\/p>\n<p style=\"text-align: center;\"><span style=\"font-size: 12pt;\"><span style=\"font-family: arial, helvetica, sans-serif;\"><img decoding=\"async\" class=\" size-full wp-image-14053\" title=\"Rhodos\" src=\"https:\/\/welcome-ontour.de\/wordpress\/wp-content\/uploads\/2021\/03\/phoca_thumb_l_2019-05-10-z.jpg\" width=\"180\" height=\"142\" srcset=\"https:\/\/welcome-ontour.de\/wordpress\/wp-content\/uploads\/2021\/03\/phoca_thumb_l_2019-05-10-z.jpg 394w, https:\/\/welcome-ontour.de\/wordpress\/wp-content\/uploads\/2021\/03\/phoca_thumb_l_2019-05-10-z-300x237.jpg 300w\" sizes=\"(max-width: 180px) 100vw, 180px\" \/><\/span><\/span><\/p>\n<p style=\"text-align: center;\"><span style=\"font-size: 12pt;\"><span style=\"font-family: arial, helvetica, sans-serif;\">\u00a0<\/span><\/span><\/p>\n<p style=\"text-align: center;\"><span style=\"font-size: 10pt;\"><span style=\"font-family: arial, helvetica, sans-serif;\"><a href=\"https:\/\/welcome-ontour.de\/wordpress\/index.php\/2019-05-18\/\">&lt; zur\u00fcck<\/a>\u00a0 \u00a0 \u00a0 \u00a0 \u00a0 \u00a0 \u00a0 \u00a0 \u00a0 \u00a0 \u00a0 \u00a0 \u00a0 \u00a0 \u00a0 \u00a0 \u00a0 \u00a0 \u00a0 \u00a0 \u00a0 \u00a0 \u00a0 \u00a0 \u00a0 \u00a0 \u00a0 \u00a0 \u00a0 \u00a0 \u00a0 \u00a0 \u00a0 \u00a0 \u00a0 \u00a0 \u00a0 \u00a0 \u00a0 \u00a0 \u00a0 \u00a0 \u00a0 \u00a0 \u00a0 \u00a0 \u00a0 \u00a0 \u00a0 \u00a0 \u00a0 \u00a0 \u00a0 \u00a0 \u00a0 \u00a0 \u00a0 \u00a0 \u00a0 \u00a0 \u00a0 \u00a0 \u00a0 \u00a0 \u00a0 \u00a0 \u00a0 \u00a0 \u00a0 \u00a0 \u00a0 \u00a0 \u00a0 \u00a0 \u00a0 \u00a0 \u00a0 \u00a0 \u00a0 \u00a0 \u00a0 \u00a0 \u00a0 \u00a0 \u00a0 \u00a0 \u00a0 \u00a0 \u00a0 \u00a0 \u00a0 \u00a0<a href=\"https:\/\/welcome-ontour.de\/wordpress\/index.php\/reiseberichte\/\">Reiseberichte &gt;<\/a><\/span><\/span><\/p>\n","protected":false},"excerpt":{"rendered":"<p>Prolog\u00a0 \u00a0 \u00a0 \u00a0 \u00a0 \u00a0 \u00a0\u00a0Anreise\u00a0 \u00a0 \u00a0 \u00a0 \u00a0 \u00a0 \u00a0\u00a0Kiotari\u00a0 \u00a0 \u00a0 \u00a0 \u00a0 \u00a0 \u00a0\u00a0Lindos\u00a0 \u00a0 \u00a0 \u00a0 \u00a0 \u00a0 \u00a0\u00a0R\u00fcckreise\u00a0 \u00a0 \u00a0 \u00a0 \u00a0 \u00a0 \u00a0\u00a0Fazit &lt; zur\u00fcck\u00a0 \u00a0 \u00a0 \u00a0 \u00a0 \u00a0 \u00a0 \u00a0 \u00a0 \u00a0 \u00a0 \u00a0 \u00a0 \u00a0 \u00a0 \u00a0 \u00a0 \u00a0 \u00a0 \u00a0 \u00a0 \u00a0 \u00a0 \u00a0 \u00a0 \u00a0 \u00a0 \u00a0 \u00a0 \u00a0 \u00a0 \u00a0 \u00a0 \u00a0 \u00a0 \u00a0 \u00a0 \u00a0 \u00a0 \u00a0 \u00a0 \u00a0 \u00a0 \u00a0 \u00a0 \u00a0 \u00a0 \u00a0 \u00a0 \u00a0 \u00a0 \u00a0 \u00a0 \u00a0 \u00a0 \u00a0 \u00a0 \u00a0 \u00a0 \u00a0 \u00a0 \u00a0 \u00a0 \u00a0 \u00a0 \u00a0 \u00a0 \u00a0 \u00a0 \u00a0 \u00a0 \u00a0 \u00a0 \u00a0 \u00a0 \u00a0 \u00a0 \u00a0 \u00a0 \u00a0 \u00a0 \u00a0 \u00a0 \u00a0 \u00a0 \u00a0 \u00a0 \u00a0 \u00a0 \u00a0 \u00a0 \u00a0Reiseberichte &gt; Fazit \u00a0 Eine Woche in der Vorsaison ins Warme fliegen, das mochten wir schon immer gern. In der Hoffnung auf warmes Klima haben wir uns dieses Mal f\u00fcr Rhodos entschieden und wurden nicht entt\u00e4uscht. \u00a0 \u00a0 Die ganze Woche hatten wir Tagestemperaturen zwischen 25 und 29\u00b0C, die uns fast schon zu viel des Guten waren. Nachts gingen die Temperaturen auf 18\u00b0C runter, da war die Klimaanlage im Zimmer schon notwendig. Das \u00fcberschaubare 5* Luxus Resort Lindian Village haben wir gew\u00e4hlt, weil wir keine Lust auf riesige Klubanlagen oder zehngeschossige Betonbunker hatten. Mit eigener Anreise und Fr\u00fchst\u00fcck habe ich es als Offerte bei Jahnreisen gefunden. Service- und Essensqualit\u00e4t waren hervorragend, die vielen guten Bewertungen k\u00f6nnen wir best\u00e4tigen. Trotzdem haben wir uns im Vorfeld entschieden, hier nicht auch noch das Abendessen einzunehmen. Haben uns stattdessen jeden Abend auf den etwa 10 km langen Weg nach Pefkos gemacht. Die dortige Beachbar war quasi unser Hauptquartier. Ich glaub, wir waren die Einzigen, die das Resort abends verlassen haben. Hat nat\u00fcrlich nur funktioniert, weil wir f\u00fcr die gesamte Reisezeit einen Mietwagen hatten. Da wir Fl\u00fcge und Unterkunft separat gebucht haben, war dies auch zwingend notwendig. Der rote Suzuki hat uns zuverl\u00e4ssig und komfortabel \u00fcberall hin kutschiert. Wir m\u00f6gen diese Art der Unabh\u00e4ngigkeit. Zu den Fl\u00fcgen gibt es nicht viel zu sagen. P\u00fcnktlich, servicefreundlich, g\u00fcnstig und auf Exit-Sitzen auch bequem, was will man mehr. Wir fliegen gern easyJet und hoffen, dass sich die Airline am Markt behaupten kann. \u00a0 \u00a0 \u00a0\u00a0\u00a0 \u00a0 \u00a0 \u00a0 \u00a0 F\u00fcr alle, die es interessiert, wie immer der Zahlensalat. Das Lindian Village ist mir aufgrund der vielen guten Bewertungen aufgefallen. Und ich war angenehm \u00fcberrascht, was das Hotel als Einzelleistung mit eigener Anreise kostet. F\u00fcr eine Woche Riverpassage Juniorsuite mit Fr\u00fchst\u00fcck wollte Jahnreisen 817 Euro haben. Die Fl\u00fcge haben wir direkt bei easyJet gebucht. Hin- und R\u00fcckflug f\u00fcr 2 Personen haben 298 Euro gekostet. Den roten Flitzer gab es bei Alamo \u00fcber Car Del Mar. Der Suzuki Baleno war fast neu, f\u00fcnft\u00fcrig, gut ausgestattet, ausreichend motorisiert und ger\u00e4umig. Zum Zeitpunkt der Buchung geltende Coupons haben geholfen, den Wochenpreis des Mietwagens auf 104 Euro zu dr\u00fccken. \u00a0 \u00a0 Nach 27 Jahren mal wieder nach Griechenland zu reisen fanden wir beide prima. Das wunderbare mediterrane Klima und die Gastfreundlichkeit der Leute haben uns einen erholsamen Urlaub verleben lassen. \u00a0 \u00a0 K\u00f6nnen wir auf jeden Fall so weiterempfehlen. Also bis demn\u00e4chst und macht\u2019s gut Leute! \u00a0 Ute &amp; Andie \u00a0 \u00a0 &lt; zur\u00fcck\u00a0 \u00a0 \u00a0 \u00a0 \u00a0 \u00a0 \u00a0 \u00a0 \u00a0 \u00a0 \u00a0 \u00a0 \u00a0 \u00a0 \u00a0 \u00a0 \u00a0 \u00a0 \u00a0 \u00a0 \u00a0 \u00a0 \u00a0 \u00a0 \u00a0 \u00a0 \u00a0 \u00a0 \u00a0 \u00a0 \u00a0 \u00a0 \u00a0 \u00a0 \u00a0 \u00a0 \u00a0 \u00a0 \u00a0 \u00a0 \u00a0 \u00a0 \u00a0 \u00a0 \u00a0 \u00a0 \u00a0 \u00a0 \u00a0 \u00a0 \u00a0 \u00a0 \u00a0 \u00a0 \u00a0 \u00a0 \u00a0 \u00a0 \u00a0 \u00a0 \u00a0 \u00a0 \u00a0 \u00a0 \u00a0 \u00a0 \u00a0 \u00a0 \u00a0 \u00a0 \u00a0 \u00a0 \u00a0 \u00a0 \u00a0 \u00a0 \u00a0 \u00a0 \u00a0 \u00a0 \u00a0 \u00a0 \u00a0 \u00a0 \u00a0 \u00a0 \u00a0 \u00a0 \u00a0 \u00a0 \u00a0 \u00a0Reiseberichte &gt;<\/p>\n","protected":false},"author":1,"featured_media":14213,"parent":0,"menu_order":0,"comment_status":"closed","ping_status":"closed","template":"","meta":{"footnotes":""},"class_list":["post-14219","page","type-page","status-publish","has-post-thumbnail","hentry"],"_links":{"self":[{"href":"https:\/\/welcome-ontour.de\/wordpress\/index.php\/wp-json\/wp\/v2\/pages\/14219","targetHints":{"allow":["GET"]}}],"collection":[{"href":"https:\/\/welcome-ontour.de\/wordpress\/index.php\/wp-json\/wp\/v2\/pages"}],"about":[{"href":"https:\/\/welcome-ontour.de\/wordpress\/index.php\/wp-json\/wp\/v2\/types\/page"}],"author":[{"embeddable":true,"href":"https:\/\/welcome-ontour.de\/wordpress\/index.php\/wp-json\/wp\/v2\/users\/1"}],"replies":[{"embeddable":true,"href":"https:\/\/welcome-ontour.de\/wordpress\/index.php\/wp-json\/wp\/v2\/comments?post=14219"}],"version-history":[{"count":2,"href":"https:\/\/welcome-ontour.de\/wordpress\/index.php\/wp-json\/wp\/v2\/pages\/14219\/revisions"}],"predecessor-version":[{"id":16801,"href":"https:\/\/welcome-ontour.de\/wordpress\/index.php\/wp-json\/wp\/v2\/pages\/14219\/revisions\/16801"}],"wp:featuredmedia":[{"embeddable":true,"href":"https:\/\/welcome-ontour.de\/wordpress\/index.php\/wp-json\/wp\/v2\/media\/14213"}],"wp:attachment":[{"href":"https:\/\/welcome-ontour.de\/wordpress\/index.php\/wp-json\/wp\/v2\/media?parent=14219"}],"curies":[{"name":"wp","href":"https:\/\/api.w.org\/{rel}","templated":true}]}}