{"id":14160,"date":"2021-03-12T07:18:57","date_gmt":"2021-03-12T07:18:57","guid":{"rendered":"https:\/\/welcome-ontour.de\/wordpress\/index.php\/2019-05-16\/"},"modified":"2022-06-30T23:06:18","modified_gmt":"2022-06-30T23:06:18","slug":"2019-05-16","status":"publish","type":"page","link":"https:\/\/welcome-ontour.de\/wordpress\/index.php\/2019-05-16\/","title":{"rendered":"2019 05 16"},"content":{"rendered":"<p style=\"text-align: center;\"><span style=\"font-size: 8pt;\"><a href=\"https:\/\/welcome-ontour.de\/wordpress\/index.php\/2019-05-10-prolog\/\">Prolog<\/a>\u00a0 \u00a0 \u00a0 \u00a0 \u00a0 \u00a0 \u00a0\u00a0<a href=\"https:\/\/welcome-ontour.de\/wordpress\/index.php\/2019-05-11\/\">Anreise<\/a>\u00a0 \u00a0 \u00a0 \u00a0 \u00a0 \u00a0 \u00a0\u00a0<a href=\"https:\/\/welcome-ontour.de\/wordpress\/index.php\/2019-05-12\/\">Kiotari<\/a>\u00a0 \u00a0 \u00a0 \u00a0 \u00a0 \u00a0 \u00a0\u00a0<a href=\"https:\/\/welcome-ontour.de\/wordpress\/index.php\/2019-05-13\/\">Lindos<\/a>\u00a0 \u00a0 \u00a0 \u00a0 \u00a0 \u00a0 \u00a0\u00a0<\/span><span style=\"font-size: 8pt;\"><a href=\"https:\/\/welcome-ontour.de\/wordpress\/index.php\/2019-05-18\/\">R\u00fcckreise<\/a>\u00a0 \u00a0 \u00a0 \u00a0 \u00a0 \u00a0 \u00a0\u00a0<a href=\"https:\/\/welcome-ontour.de\/wordpress\/index.php\/2019-05-19-fazit\/\">Fazit<\/a><\/span><\/p>\n<p style=\"text-align: center;\">\u00a0<\/p>\n<p style=\"text-align: center;\"><a href=\"https:\/\/welcome-ontour.de\/wordpress\/index.php\/2019-05-15\/\">&lt; zur\u00fcck<\/a>\u00a0 \u00a0 \u00a0 \u00a0 \u00a0 \u00a0 \u00a0 \u00a0 \u00a0 \u00a0 \u00a0 \u00a0 \u00a0 \u00a0 \u00a0 \u00a0 \u00a0 \u00a0 \u00a0 \u00a0 \u00a0 \u00a0 \u00a0 \u00a0 \u00a0 \u00a0 \u00a0 \u00a0 \u00a0 \u00a0 \u00a0 \u00a0 \u00a0 \u00a0 \u00a0 \u00a0 \u00a0 \u00a0 \u00a0 \u00a0 \u00a0 \u00a0 \u00a0 \u00a0 \u00a0 \u00a0 \u00a0 \u00a0 \u00a0 \u00a0 \u00a0 \u00a0 \u00a0 \u00a0 \u00a0 \u00a0 \u00a0 \u00a0 \u00a0 \u00a0 \u00a0 \u00a0 \u00a0 \u00a0 \u00a0 \u00a0 \u00a0 \u00a0 \u00a0 \u00a0 \u00a0 \u00a0 \u00a0 \u00a0 \u00a0 \u00a0 \u00a0 \u00a0 \u00a0 \u00a0 \u00a0 \u00a0 \u00a0 \u00a0 \u00a0 \u00a0 \u00a0 \u00a0 \u00a0 \u00a0 \u00a0 \u00a0 \u00a0 \u00a0 \u00a0\u00a0<a href=\"https:\/\/welcome-ontour.de\/wordpress\/index.php\/2019-05-17\/\">weiter &gt;<\/a><\/p>\n<p style=\"text-align: center;\">\u00a0<\/p>\n<p style=\"text-align: center;\"><span style=\"font-size: 14pt;\"><strong><span style=\"font-family: arial, helvetica, sans-serif;\">Do 16.5.<\/span><\/strong><\/span><\/p>\n<p style=\"text-align: center;\"><span style=\"font-size: 12pt; font-family: arial, helvetica, sans-serif;\">\u00a0<\/span><\/p>\n<p style=\"text-align: center;\"><span style=\"font-size: 12pt; font-family: arial, helvetica, sans-serif;\">Heute vor 33 Jahren haben wir geheiratet.<\/span><\/p>\n<p style=\"text-align: center;\"><span style=\"font-size: 12pt; font-family: arial, helvetica, sans-serif;\">Zum Breakfast gibt es Sekt, wie jeden Tag.<\/span><\/p>\n<p style=\"text-align: center;\"><span style=\"font-size: 12pt; font-family: arial, helvetica, sans-serif;\">Auch heute ist es wieder ausgesprochen warm.<\/span><\/p>\n<p style=\"text-align: center;\"><span style=\"font-size: 12pt; font-family: arial, helvetica, sans-serif;\">Das hei\u00dfe Wetter l\u00e4hmt jeden Willen, etwas zu unternehmen.<\/span><\/p>\n<p style=\"text-align: center;\"><span style=\"font-size: 12pt; font-family: arial, helvetica, sans-serif;\">Und so landen wir nat\u00fcrlich wieder am Strand.<\/span><\/p>\n<p style=\"text-align: center;\"><span style=\"font-size: 12pt; font-family: arial, helvetica, sans-serif;\">\u00a0<\/span><\/p>\n<p style=\"text-align: center;\"><span style=\"font-size: 12pt; font-family: arial, helvetica, sans-serif;\"><img decoding=\"async\" class=\" size-full wp-image-14152\" title=\"Beach\" src=\"https:\/\/welcome-ontour.de\/wordpress\/wp-content\/uploads\/2021\/03\/phoca_thumb_l_2019-05-16-01.jpg\" alt=\"\" width=\"400\" height=\"279\" srcset=\"https:\/\/welcome-ontour.de\/wordpress\/wp-content\/uploads\/2021\/03\/phoca_thumb_l_2019-05-16-01.jpg 400w, https:\/\/welcome-ontour.de\/wordpress\/wp-content\/uploads\/2021\/03\/phoca_thumb_l_2019-05-16-01-300x209.jpg 300w\" sizes=\"(max-width: 400px) 100vw, 400px\" \/>\u00a0 <img decoding=\"async\" class=\" size-full wp-image-14153\" title=\"Beach\" src=\"https:\/\/welcome-ontour.de\/wordpress\/wp-content\/uploads\/2021\/03\/phoca_thumb_l_2019-05-16-02.jpg\" alt=\"\" width=\"400\" height=\"279\" srcset=\"https:\/\/welcome-ontour.de\/wordpress\/wp-content\/uploads\/2021\/03\/phoca_thumb_l_2019-05-16-02.jpg 400w, https:\/\/welcome-ontour.de\/wordpress\/wp-content\/uploads\/2021\/03\/phoca_thumb_l_2019-05-16-02-300x209.jpg 300w\" sizes=\"(max-width: 400px) 100vw, 400px\" \/><\/span><\/p>\n<p style=\"text-align: center;\"><span style=\"font-size: 12pt; font-family: arial, helvetica, sans-serif;\">\u00a0<\/span><\/p>\n<p style=\"text-align: center;\"><span style=\"font-size: 12pt; font-family: arial, helvetica, sans-serif;\">Ab und an finden ein paar vereinzelte Wolken den Weg an Rhodos\u2018 S\u00fcdostk\u00fcste, aber das ist eher die Ausnahme.<\/span><\/p>\n<p style=\"text-align: center;\"><span style=\"font-size: 12pt; font-family: arial, helvetica, sans-serif;\">Sonne satt und herrliches Wasser, was will man mehr.<\/span><\/p>\n<p style=\"text-align: center;\"><span style=\"font-size: 12pt; font-family: arial, helvetica, sans-serif;\">Als es sich etwas bedeckt, setzen wir uns heute an die Poolbar des Resorts.<\/span><\/p>\n<p style=\"text-align: center;\"><span style=\"font-size: 12pt; font-family: arial, helvetica, sans-serif;\">\u00a0<\/span><\/p>\n<p style=\"text-align: center;\"><span style=\"font-size: 12pt; font-family: arial, helvetica, sans-serif;\"><img decoding=\"async\" class=\" size-full wp-image-14154\" title=\"Poolbar\" src=\"https:\/\/welcome-ontour.de\/wordpress\/wp-content\/uploads\/2021\/03\/phoca_thumb_l_2019-05-16-03.jpg\" alt=\"\" width=\"400\" height=\"279\" srcset=\"https:\/\/welcome-ontour.de\/wordpress\/wp-content\/uploads\/2021\/03\/phoca_thumb_l_2019-05-16-03.jpg 400w, https:\/\/welcome-ontour.de\/wordpress\/wp-content\/uploads\/2021\/03\/phoca_thumb_l_2019-05-16-03-300x209.jpg 300w\" sizes=\"(max-width: 400px) 100vw, 400px\" \/>\u00a0 <img decoding=\"async\" class=\" size-full wp-image-14155\" title=\"Poolbar\" src=\"https:\/\/welcome-ontour.de\/wordpress\/wp-content\/uploads\/2021\/03\/phoca_thumb_l_2019-05-16-04.jpg\" alt=\"\" width=\"400\" height=\"279\" srcset=\"https:\/\/welcome-ontour.de\/wordpress\/wp-content\/uploads\/2021\/03\/phoca_thumb_l_2019-05-16-04.jpg 400w, https:\/\/welcome-ontour.de\/wordpress\/wp-content\/uploads\/2021\/03\/phoca_thumb_l_2019-05-16-04-300x209.jpg 300w\" sizes=\"(max-width: 400px) 100vw, 400px\" \/><\/span><\/p>\n<p style=\"text-align: center;\"><span style=\"font-size: 12pt; font-family: arial, helvetica, sans-serif;\">\u00a0<\/span><\/p>\n<p style=\"text-align: center;\"><span style=\"font-size: 12pt; font-family: arial, helvetica, sans-serif;\">G\u00f6nnen uns leckere Caipirinhas und eiskaltes Alpha Fassbier.<\/span><\/p>\n<p style=\"text-align: center;\"><span style=\"font-size: 12pt; font-family: arial, helvetica, sans-serif;\">Der weitere Tagesablauf ist wie immer.<\/span><\/p>\n<p style=\"text-align: center;\"><span style=\"font-size: 12pt; font-family: arial, helvetica, sans-serif;\">\u00a0<\/span><\/p>\n<p style=\"text-align: center;\"><span style=\"font-size: 12pt; font-family: arial, helvetica, sans-serif;\"><img decoding=\"async\" class=\" size-full wp-image-14156\" title=\"Pefkos Beach Bar\" src=\"https:\/\/welcome-ontour.de\/wordpress\/wp-content\/uploads\/2021\/03\/phoca_thumb_l_2019-05-16-05.jpg\" alt=\"\" width=\"810\" height=\"452\" srcset=\"https:\/\/welcome-ontour.de\/wordpress\/wp-content\/uploads\/2021\/03\/phoca_thumb_l_2019-05-16-05.jpg 810w, https:\/\/welcome-ontour.de\/wordpress\/wp-content\/uploads\/2021\/03\/phoca_thumb_l_2019-05-16-05-300x167.jpg 300w, https:\/\/welcome-ontour.de\/wordpress\/wp-content\/uploads\/2021\/03\/phoca_thumb_l_2019-05-16-05-768x429.jpg 768w\" sizes=\"(max-width: 810px) 100vw, 810px\" \/><\/span><\/p>\n<p style=\"text-align: center;\"><span style=\"font-size: 12pt; font-family: arial, helvetica, sans-serif;\">\u00a0<\/span><\/p>\n<p style=\"text-align: center;\"><span style=\"font-size: 12pt; font-family: arial, helvetica, sans-serif;\"><img decoding=\"async\" class=\" size-full wp-image-14157\" title=\"Beach Bar\" src=\"https:\/\/welcome-ontour.de\/wordpress\/wp-content\/uploads\/2021\/03\/phoca_thumb_l_2019-05-16-06.jpg\" alt=\"\" width=\"400\" height=\"203\" srcset=\"https:\/\/welcome-ontour.de\/wordpress\/wp-content\/uploads\/2021\/03\/phoca_thumb_l_2019-05-16-06.jpg 400w, https:\/\/welcome-ontour.de\/wordpress\/wp-content\/uploads\/2021\/03\/phoca_thumb_l_2019-05-16-06-300x152.jpg 300w\" sizes=\"(max-width: 400px) 100vw, 400px\" \/>\u00a0 <img decoding=\"async\" class=\" size-full wp-image-14158\" title=\"Beach Bar\" src=\"https:\/\/welcome-ontour.de\/wordpress\/wp-content\/uploads\/2021\/03\/phoca_thumb_l_2019-05-16-07.jpg\" alt=\"\" width=\"400\" height=\"203\" srcset=\"https:\/\/welcome-ontour.de\/wordpress\/wp-content\/uploads\/2021\/03\/phoca_thumb_l_2019-05-16-07.jpg 400w, https:\/\/welcome-ontour.de\/wordpress\/wp-content\/uploads\/2021\/03\/phoca_thumb_l_2019-05-16-07-300x152.jpg 300w\" sizes=\"(max-width: 400px) 100vw, 400px\" \/><\/span><\/p>\n<p style=\"text-align: center;\"><span style=\"font-size: 12pt; font-family: arial, helvetica, sans-serif;\">\u00a0<\/span><\/p>\n<p style=\"text-align: center;\"><span style=\"font-size: 12pt; font-family: arial, helvetica, sans-serif;\"><img decoding=\"async\" class=\" size-full wp-image-14159\" title=\"Sunset\" src=\"https:\/\/welcome-ontour.de\/wordpress\/wp-content\/uploads\/2021\/03\/phoca_thumb_l_2019-05-16-08.jpg\" alt=\"\" width=\"810\" height=\"419\" srcset=\"https:\/\/welcome-ontour.de\/wordpress\/wp-content\/uploads\/2021\/03\/phoca_thumb_l_2019-05-16-08.jpg 810w, https:\/\/welcome-ontour.de\/wordpress\/wp-content\/uploads\/2021\/03\/phoca_thumb_l_2019-05-16-08-300x155.jpg 300w, https:\/\/welcome-ontour.de\/wordpress\/wp-content\/uploads\/2021\/03\/phoca_thumb_l_2019-05-16-08-768x397.jpg 768w\" sizes=\"(max-width: 810px) 100vw, 810px\" \/><\/span><\/p>\n<p style=\"text-align: center;\"><span style=\"font-size: 12pt; font-family: arial, helvetica, sans-serif;\">\u00a0<\/span><\/p>\n<p style=\"text-align: center;\"><span style=\"font-size: 12pt; font-family: arial, helvetica, sans-serif;\">Zehn Minuten Fahrt nach Pefkos, wo wir uns heute mit Salaten und Pitas in der Beachbar zufrieden geben.<\/span><\/p>\n<p style=\"text-align: center;\"><span style=\"font-size: 12pt; font-family: arial, helvetica, sans-serif;\">\u00a0<\/span><\/p>\n<p style=\"text-align: center;\"><span style=\"font-size: 12pt; font-family: arial, helvetica, sans-serif;\">Gefahrene Kilometer: 20<\/span><\/p>\n<p style=\"text-align: center;\"><span style=\"font-size: 12pt; font-family: arial, helvetica, sans-serif;\">\u00a0<\/span><\/p>\n<p style=\"text-align: center;\"><span style=\"font-size: 12pt; font-family: arial, helvetica, sans-serif;\">\u00dcbernachtung: Lindian Village Lardos *****<\/span><\/p>\n<p style=\"text-align: center;\"><span style=\"font-size: 12pt;\"><span style=\"font-family: arial, helvetica, sans-serif;\">\u00a0<\/span><\/span><\/p>\n<p style=\"text-align: center;\"><span style=\"font-size: 12pt;\"><span style=\"font-family: arial, helvetica, sans-serif;\"><img decoding=\"async\" class=\" size-full wp-image-14053\" title=\"Rhodos\" src=\"https:\/\/welcome-ontour.de\/wordpress\/wp-content\/uploads\/2021\/03\/phoca_thumb_l_2019-05-10-z.jpg\" width=\"180\" height=\"142\" srcset=\"https:\/\/welcome-ontour.de\/wordpress\/wp-content\/uploads\/2021\/03\/phoca_thumb_l_2019-05-10-z.jpg 394w, https:\/\/welcome-ontour.de\/wordpress\/wp-content\/uploads\/2021\/03\/phoca_thumb_l_2019-05-10-z-300x237.jpg 300w\" sizes=\"(max-width: 180px) 100vw, 180px\" \/><\/span><\/span><\/p>\n<p style=\"text-align: center;\"><span style=\"font-size: 12pt;\"><span style=\"font-family: arial, helvetica, sans-serif;\">\u00a0<\/span><\/span><\/p>\n<p style=\"text-align: center;\"><span style=\"font-size: 10pt;\"><span style=\"font-family: arial, helvetica, sans-serif;\"><a href=\"https:\/\/welcome-ontour.de\/wordpress\/index.php\/2019-05-15\/\">&lt; zur\u00fcck<\/a>\u00a0 \u00a0 \u00a0 \u00a0 \u00a0 \u00a0 \u00a0 \u00a0 \u00a0 \u00a0 \u00a0 \u00a0 \u00a0 \u00a0 \u00a0 \u00a0 \u00a0 \u00a0 \u00a0 \u00a0 \u00a0 \u00a0 \u00a0 \u00a0 \u00a0 \u00a0 \u00a0 \u00a0 \u00a0 \u00a0 \u00a0 \u00a0 \u00a0 \u00a0 \u00a0 \u00a0 \u00a0 \u00a0 \u00a0 \u00a0 \u00a0 \u00a0 \u00a0 \u00a0 \u00a0 \u00a0 \u00a0 \u00a0 \u00a0 \u00a0 \u00a0 \u00a0 \u00a0 \u00a0 \u00a0 \u00a0 \u00a0 \u00a0 \u00a0 \u00a0 \u00a0 \u00a0 \u00a0 \u00a0 \u00a0 \u00a0 \u00a0 \u00a0 \u00a0 \u00a0 \u00a0 \u00a0 \u00a0 \u00a0 \u00a0 \u00a0 \u00a0 \u00a0 \u00a0 \u00a0 \u00a0 \u00a0 \u00a0 \u00a0 \u00a0 \u00a0 \u00a0 \u00a0 \u00a0 \u00a0 \u00a0 \u00a0 \u00a0 \u00a0 \u00a0\u00a0<a href=\"https:\/\/welcome-ontour.de\/wordpress\/index.php\/2019-05-17\/\">weiter &gt;<\/a><\/span><\/span><\/p>\n","protected":false},"excerpt":{"rendered":"<p>Prolog\u00a0 \u00a0 \u00a0 \u00a0 \u00a0 \u00a0 \u00a0\u00a0Anreise\u00a0 \u00a0 \u00a0 \u00a0 \u00a0 \u00a0 \u00a0\u00a0Kiotari\u00a0 \u00a0 \u00a0 \u00a0 \u00a0 \u00a0 \u00a0\u00a0Lindos\u00a0 \u00a0 \u00a0 \u00a0 \u00a0 \u00a0 \u00a0\u00a0R\u00fcckreise\u00a0 \u00a0 \u00a0 \u00a0 \u00a0 \u00a0 \u00a0\u00a0Fazit \u00a0 &lt; zur\u00fcck\u00a0 \u00a0 \u00a0 \u00a0 \u00a0 \u00a0 \u00a0 \u00a0 \u00a0 \u00a0 \u00a0 \u00a0 \u00a0 \u00a0 \u00a0 \u00a0 \u00a0 \u00a0 \u00a0 \u00a0 \u00a0 \u00a0 \u00a0 \u00a0 \u00a0 \u00a0 \u00a0 \u00a0 \u00a0 \u00a0 \u00a0 \u00a0 \u00a0 \u00a0 \u00a0 \u00a0 \u00a0 \u00a0 \u00a0 \u00a0 \u00a0 \u00a0 \u00a0 \u00a0 \u00a0 \u00a0 \u00a0 \u00a0 \u00a0 \u00a0 \u00a0 \u00a0 \u00a0 \u00a0 \u00a0 \u00a0 \u00a0 \u00a0 \u00a0 \u00a0 \u00a0 \u00a0 \u00a0 \u00a0 \u00a0 \u00a0 \u00a0 \u00a0 \u00a0 \u00a0 \u00a0 \u00a0 \u00a0 \u00a0 \u00a0 \u00a0 \u00a0 \u00a0 \u00a0 \u00a0 \u00a0 \u00a0 \u00a0 \u00a0 \u00a0 \u00a0 \u00a0 \u00a0 \u00a0 \u00a0 \u00a0 \u00a0 \u00a0 \u00a0 \u00a0\u00a0weiter &gt; \u00a0 Do 16.5. \u00a0 Heute vor 33 Jahren haben wir geheiratet. Zum Breakfast gibt es Sekt, wie jeden Tag. Auch heute ist es wieder ausgesprochen warm. Das hei\u00dfe Wetter l\u00e4hmt jeden Willen, etwas zu unternehmen. Und so landen wir nat\u00fcrlich wieder am Strand. \u00a0 \u00a0 \u00a0 Ab und an finden ein paar vereinzelte Wolken den Weg an Rhodos\u2018 S\u00fcdostk\u00fcste, aber das ist eher die Ausnahme. Sonne satt und herrliches Wasser, was will man mehr. Als es sich etwas bedeckt, setzen wir uns heute an die Poolbar des Resorts. \u00a0 \u00a0 \u00a0 G\u00f6nnen uns leckere Caipirinhas und eiskaltes Alpha Fassbier. Der weitere Tagesablauf ist wie immer. \u00a0 \u00a0 \u00a0 \u00a0 \u00a0 Zehn Minuten Fahrt nach Pefkos, wo wir uns heute mit Salaten und Pitas in der Beachbar zufrieden geben. \u00a0 Gefahrene Kilometer: 20 \u00a0 \u00dcbernachtung: Lindian Village Lardos ***** \u00a0 \u00a0 &lt; zur\u00fcck\u00a0 \u00a0 \u00a0 \u00a0 \u00a0 \u00a0 \u00a0 \u00a0 \u00a0 \u00a0 \u00a0 \u00a0 \u00a0 \u00a0 \u00a0 \u00a0 \u00a0 \u00a0 \u00a0 \u00a0 \u00a0 \u00a0 \u00a0 \u00a0 \u00a0 \u00a0 \u00a0 \u00a0 \u00a0 \u00a0 \u00a0 \u00a0 \u00a0 \u00a0 \u00a0 \u00a0 \u00a0 \u00a0 \u00a0 \u00a0 \u00a0 \u00a0 \u00a0 \u00a0 \u00a0 \u00a0 \u00a0 \u00a0 \u00a0 \u00a0 \u00a0 \u00a0 \u00a0 \u00a0 \u00a0 \u00a0 \u00a0 \u00a0 \u00a0 \u00a0 \u00a0 \u00a0 \u00a0 \u00a0 \u00a0 \u00a0 \u00a0 \u00a0 \u00a0 \u00a0 \u00a0 \u00a0 \u00a0 \u00a0 \u00a0 \u00a0 \u00a0 \u00a0 \u00a0 \u00a0 \u00a0 \u00a0 \u00a0 \u00a0 \u00a0 \u00a0 \u00a0 \u00a0 \u00a0 \u00a0 \u00a0 \u00a0 \u00a0 \u00a0 \u00a0\u00a0weiter &gt;<\/p>\n","protected":false},"author":1,"featured_media":14152,"parent":0,"menu_order":3,"comment_status":"closed","ping_status":"closed","template":"","meta":{"footnotes":""},"class_list":["post-14160","page","type-page","status-publish","has-post-thumbnail","hentry"],"_links":{"self":[{"href":"https:\/\/welcome-ontour.de\/wordpress\/index.php\/wp-json\/wp\/v2\/pages\/14160","targetHints":{"allow":["GET"]}}],"collection":[{"href":"https:\/\/welcome-ontour.de\/wordpress\/index.php\/wp-json\/wp\/v2\/pages"}],"about":[{"href":"https:\/\/welcome-ontour.de\/wordpress\/index.php\/wp-json\/wp\/v2\/types\/page"}],"author":[{"embeddable":true,"href":"https:\/\/welcome-ontour.de\/wordpress\/index.php\/wp-json\/wp\/v2\/users\/1"}],"replies":[{"embeddable":true,"href":"https:\/\/welcome-ontour.de\/wordpress\/index.php\/wp-json\/wp\/v2\/comments?post=14160"}],"version-history":[{"count":1,"href":"https:\/\/welcome-ontour.de\/wordpress\/index.php\/wp-json\/wp\/v2\/pages\/14160\/revisions"}],"predecessor-version":[{"id":14997,"href":"https:\/\/welcome-ontour.de\/wordpress\/index.php\/wp-json\/wp\/v2\/pages\/14160\/revisions\/14997"}],"wp:featuredmedia":[{"embeddable":true,"href":"https:\/\/welcome-ontour.de\/wordpress\/index.php\/wp-json\/wp\/v2\/media\/14152"}],"wp:attachment":[{"href":"https:\/\/welcome-ontour.de\/wordpress\/index.php\/wp-json\/wp\/v2\/media?parent=14160"}],"curies":[{"name":"wp","href":"https:\/\/api.w.org\/{rel}","templated":true}]}}