{"id":14151,"date":"2021-03-12T07:18:41","date_gmt":"2021-03-12T07:18:41","guid":{"rendered":"https:\/\/welcome-ontour.de\/wordpress\/index.php\/2019-05-15\/"},"modified":"2022-06-30T23:06:37","modified_gmt":"2022-06-30T23:06:37","slug":"2019-05-15","status":"publish","type":"page","link":"https:\/\/welcome-ontour.de\/wordpress\/index.php\/2019-05-15\/","title":{"rendered":"2019 05 15"},"content":{"rendered":"<p style=\"text-align: center;\"><span style=\"font-size: 8pt;\"><a href=\"https:\/\/welcome-ontour.de\/wordpress\/index.php\/2019-05-10-prolog\/\">Prolog<\/a>\u00a0 \u00a0 \u00a0 \u00a0 \u00a0 \u00a0 \u00a0\u00a0<a href=\"https:\/\/welcome-ontour.de\/wordpress\/index.php\/2019-05-11\/\">Anreise<\/a>\u00a0 \u00a0 \u00a0 \u00a0 \u00a0 \u00a0 \u00a0\u00a0<a href=\"https:\/\/welcome-ontour.de\/wordpress\/index.php\/2019-05-12\/\">Kiotari<\/a>\u00a0 \u00a0 \u00a0 \u00a0 \u00a0 \u00a0 \u00a0\u00a0<a href=\"https:\/\/welcome-ontour.de\/wordpress\/index.php\/2019-05-13\/\">Lindos<\/a>\u00a0 \u00a0 \u00a0 \u00a0 \u00a0 \u00a0 \u00a0\u00a0<\/span><span style=\"font-size: 8pt;\"><a href=\"https:\/\/welcome-ontour.de\/wordpress\/index.php\/2019-05-18\/\">R\u00fcckreise<\/a>\u00a0 \u00a0 \u00a0 \u00a0 \u00a0 \u00a0 \u00a0\u00a0<a href=\"https:\/\/welcome-ontour.de\/wordpress\/index.php\/2019-05-19-fazit\/\">Fazit<\/a><\/span><\/p>\n<p style=\"text-align: center;\">\u00a0<\/p>\n<p style=\"text-align: center;\"><a href=\"https:\/\/welcome-ontour.de\/wordpress\/index.php\/2019-05-14\/\">&lt; zur\u00fcck<\/a>\u00a0 \u00a0 \u00a0 \u00a0 \u00a0 \u00a0 \u00a0 \u00a0 \u00a0 \u00a0 \u00a0 \u00a0 \u00a0 \u00a0 \u00a0 \u00a0 \u00a0 \u00a0 \u00a0 \u00a0 \u00a0 \u00a0 \u00a0 \u00a0 \u00a0 \u00a0 \u00a0 \u00a0 \u00a0 \u00a0 \u00a0 \u00a0 \u00a0 \u00a0 \u00a0 \u00a0 \u00a0 \u00a0 \u00a0 \u00a0 \u00a0 \u00a0 \u00a0 \u00a0 \u00a0 \u00a0 \u00a0 \u00a0 \u00a0 \u00a0 \u00a0 \u00a0 \u00a0 \u00a0 \u00a0 \u00a0 \u00a0 \u00a0 \u00a0 \u00a0 \u00a0 \u00a0 \u00a0 \u00a0 \u00a0 \u00a0 \u00a0 \u00a0 \u00a0 \u00a0 \u00a0 \u00a0 \u00a0 \u00a0 \u00a0 \u00a0 \u00a0 \u00a0 \u00a0 \u00a0 \u00a0 \u00a0 \u00a0 \u00a0 \u00a0 \u00a0 \u00a0 \u00a0 \u00a0 \u00a0 \u00a0 \u00a0 \u00a0 \u00a0 \u00a0\u00a0<a href=\"https:\/\/welcome-ontour.de\/wordpress\/index.php\/2019-05-16\/\">weiter &gt;<\/a><\/p>\n<p style=\"text-align: center;\">\u00a0<\/p>\n<p style=\"text-align: center;\"><span style=\"font-size: 14pt;\"><strong><span style=\"font-family: arial, helvetica, sans-serif;\">Mi 15.5.<\/span><\/strong><\/span><\/p>\n<p style=\"text-align: center;\"><span style=\"font-size: 12pt; font-family: arial, helvetica, sans-serif;\">\u00a0<\/span><\/p>\n<p style=\"text-align: center;\"><span style=\"font-size: 12pt; font-family: arial, helvetica, sans-serif;\">Keine Ahnung warum, aber wir schlafen bis halb zehn und sind beim Fr\u00fchst\u00fcck die letzten.<\/span><\/p>\n<p style=\"text-align: center;\"><span style=\"font-size: 12pt; font-family: arial, helvetica, sans-serif;\">Dementsprechend sind wir erst sp\u00e4t am Beach.<\/span><\/p>\n<p style=\"text-align: center;\"><span style=\"font-size: 12pt; font-family: arial, helvetica, sans-serif;\">\u00a0<\/span><\/p>\n<p style=\"text-align: center;\"><span style=\"font-size: 12pt; font-family: arial, helvetica, sans-serif;\"><img decoding=\"async\" class=\" size-full wp-image-14138\" title=\"Beach\" src=\"https:\/\/welcome-ontour.de\/wordpress\/wp-content\/uploads\/2021\/03\/phoca_thumb_l_2019-05-15-01.jpg\" alt=\"\" width=\"510\" height=\"384\" srcset=\"https:\/\/welcome-ontour.de\/wordpress\/wp-content\/uploads\/2021\/03\/phoca_thumb_l_2019-05-15-01.jpg 606w, https:\/\/welcome-ontour.de\/wordpress\/wp-content\/uploads\/2021\/03\/phoca_thumb_l_2019-05-15-01-300x226.jpg 300w\" sizes=\"(max-width: 510px) 100vw, 510px\" \/>\u00a0 <img decoding=\"async\" class=\" size-full wp-image-14139\" title=\"Beach\" src=\"https:\/\/welcome-ontour.de\/wordpress\/wp-content\/uploads\/2021\/03\/phoca_thumb_l_2019-05-15-02.jpg\" alt=\"\" width=\"290\" height=\"384\" srcset=\"https:\/\/welcome-ontour.de\/wordpress\/wp-content\/uploads\/2021\/03\/phoca_thumb_l_2019-05-15-02.jpg 302w, https:\/\/welcome-ontour.de\/wordpress\/wp-content\/uploads\/2021\/03\/phoca_thumb_l_2019-05-15-02-227x300.jpg 227w\" sizes=\"(max-width: 290px) 100vw, 290px\" \/><\/span><\/p>\n<p style=\"text-align: center;\"><span style=\"font-size: 12pt; font-family: arial, helvetica, sans-serif;\">\u00a0<\/span><\/p>\n<p style=\"text-align: center;\"><span style=\"font-size: 12pt; font-family: arial, helvetica, sans-serif;\">Dort ist es heute windstill und mit 29\u00b0C fast schon br\u00fctend hei\u00df.<\/span><\/p>\n<p style=\"text-align: center;\"><span style=\"font-size: 12pt; font-family: arial, helvetica, sans-serif;\">\u00a0<\/span><\/p>\n<p style=\"text-align: center;\"><span style=\"font-size: 12pt; font-family: arial, helvetica, sans-serif;\"><img decoding=\"async\" class=\" size-full wp-image-14140\" title=\"Beach\" src=\"https:\/\/welcome-ontour.de\/wordpress\/wp-content\/uploads\/2021\/03\/phoca_thumb_l_2019-05-15-03.jpg\" alt=\"\" width=\"290\" height=\"384\" srcset=\"https:\/\/welcome-ontour.de\/wordpress\/wp-content\/uploads\/2021\/03\/phoca_thumb_l_2019-05-15-03.jpg 302w, https:\/\/welcome-ontour.de\/wordpress\/wp-content\/uploads\/2021\/03\/phoca_thumb_l_2019-05-15-03-227x300.jpg 227w\" sizes=\"(max-width: 290px) 100vw, 290px\" \/>\u00a0 <img decoding=\"async\" class=\" size-full wp-image-14141\" title=\"Beach\" src=\"https:\/\/welcome-ontour.de\/wordpress\/wp-content\/uploads\/2021\/03\/phoca_thumb_l_2019-05-15-04.jpg\" alt=\"\" width=\"510\" height=\"384\" srcset=\"https:\/\/welcome-ontour.de\/wordpress\/wp-content\/uploads\/2021\/03\/phoca_thumb_l_2019-05-15-04.jpg 606w, https:\/\/welcome-ontour.de\/wordpress\/wp-content\/uploads\/2021\/03\/phoca_thumb_l_2019-05-15-04-300x226.jpg 300w\" sizes=\"(max-width: 510px) 100vw, 510px\" \/><\/span><\/p>\n<p style=\"text-align: center;\"><span style=\"font-size: 12pt; font-family: arial, helvetica, sans-serif;\">\u00a0<\/span><\/p>\n<p style=\"text-align: center;\"><span style=\"font-size: 12pt; font-family: arial, helvetica, sans-serif;\">Im Sonnenschirmschatten und mit coolen Drinks der Poolbar l\u00e4sst es sich super aushalten.<\/span><\/p>\n<p style=\"text-align: center;\"><span style=\"font-size: 12pt; font-family: arial, helvetica, sans-serif;\">Und so ist es heute auch bereits halb f\u00fcnf als wir den Strand verlassen.<\/span><\/p>\n<p style=\"text-align: center;\"><span style=\"font-size: 12pt; font-family: arial, helvetica, sans-serif;\">\u00a0<\/span><\/p>\n<p style=\"text-align: center;\"><span style=\"font-size: 12pt; font-family: arial, helvetica, sans-serif;\"><img decoding=\"async\" class=\" size-full wp-image-14142\" title=\"Lindian Village\" src=\"https:\/\/welcome-ontour.de\/wordpress\/wp-content\/uploads\/2021\/03\/phoca_thumb_l_2019-05-15-05.jpg\" alt=\"\" width=\"510\" height=\"384\" srcset=\"https:\/\/welcome-ontour.de\/wordpress\/wp-content\/uploads\/2021\/03\/phoca_thumb_l_2019-05-15-05.jpg 606w, https:\/\/welcome-ontour.de\/wordpress\/wp-content\/uploads\/2021\/03\/phoca_thumb_l_2019-05-15-05-300x226.jpg 300w\" sizes=\"(max-width: 510px) 100vw, 510px\" \/>\u00a0 <img decoding=\"async\" class=\" size-full wp-image-14143\" title=\"Lindian Village\" src=\"https:\/\/welcome-ontour.de\/wordpress\/wp-content\/uploads\/2021\/03\/phoca_thumb_l_2019-05-15-06.jpg\" alt=\"\" width=\"290\" height=\"384\" srcset=\"https:\/\/welcome-ontour.de\/wordpress\/wp-content\/uploads\/2021\/03\/phoca_thumb_l_2019-05-15-06.jpg 302w, https:\/\/welcome-ontour.de\/wordpress\/wp-content\/uploads\/2021\/03\/phoca_thumb_l_2019-05-15-06-227x300.jpg 227w\" sizes=\"(max-width: 290px) 100vw, 290px\" \/><\/span><\/p>\n<p style=\"text-align: center;\"><span style=\"font-size: 12pt; font-family: arial, helvetica, sans-serif;\">\u00a0<\/span><\/p>\n<p style=\"text-align: center;\"><span style=\"font-size: 12pt; font-family: arial, helvetica, sans-serif;\"><img decoding=\"async\" class=\" size-full wp-image-14144\" title=\"Lindian Village\" src=\"https:\/\/welcome-ontour.de\/wordpress\/wp-content\/uploads\/2021\/03\/phoca_thumb_l_2019-05-15-07.jpg\" alt=\"\" width=\"290\" height=\"384\" srcset=\"https:\/\/welcome-ontour.de\/wordpress\/wp-content\/uploads\/2021\/03\/phoca_thumb_l_2019-05-15-07.jpg 302w, https:\/\/welcome-ontour.de\/wordpress\/wp-content\/uploads\/2021\/03\/phoca_thumb_l_2019-05-15-07-227x300.jpg 227w\" sizes=\"(max-width: 290px) 100vw, 290px\" \/>\u00a0 <img decoding=\"async\" class=\" size-full wp-image-14145\" title=\"Lindian Village\" src=\"https:\/\/welcome-ontour.de\/wordpress\/wp-content\/uploads\/2021\/03\/phoca_thumb_l_2019-05-15-08.jpg\" alt=\"\" width=\"510\" height=\"384\" srcset=\"https:\/\/welcome-ontour.de\/wordpress\/wp-content\/uploads\/2021\/03\/phoca_thumb_l_2019-05-15-08.jpg 606w, https:\/\/welcome-ontour.de\/wordpress\/wp-content\/uploads\/2021\/03\/phoca_thumb_l_2019-05-15-08-300x226.jpg 300w\" sizes=\"(max-width: 510px) 100vw, 510px\" \/><\/span><\/p>\n<p style=\"text-align: center;\"><span style=\"font-size: 12pt; font-family: arial, helvetica, sans-serif;\">\u00a0<\/span><\/p>\n<p style=\"text-align: center;\"><span style=\"font-size: 12pt; font-family: arial, helvetica, sans-serif;\">Frisch geduscht sitzen wir eine Stunde sp\u00e4ter im Kyma Restaurant in Pefkos.<\/span><\/p>\n<p style=\"text-align: center;\"><span style=\"font-size: 12pt; font-family: arial, helvetica, sans-serif;\">F\u00fcr Ute gibt es Lammhaxe, mir reicht die griechische Vorspeiseplatte.<\/span><\/p>\n<p style=\"text-align: center;\"><span style=\"font-size: 12pt; font-family: arial, helvetica, sans-serif;\">\u00a0<\/span><\/p>\n<p style=\"text-align: center;\"><span style=\"font-size: 12pt; font-family: arial, helvetica, sans-serif;\"><img decoding=\"async\" class=\" size-full wp-image-14146\" title=\"Kyma\" src=\"https:\/\/welcome-ontour.de\/wordpress\/wp-content\/uploads\/2021\/03\/phoca_thumb_l_2019-05-15-09.jpg\" alt=\"\" width=\"400\" height=\"279\" srcset=\"https:\/\/welcome-ontour.de\/wordpress\/wp-content\/uploads\/2021\/03\/phoca_thumb_l_2019-05-15-09.jpg 400w, https:\/\/welcome-ontour.de\/wordpress\/wp-content\/uploads\/2021\/03\/phoca_thumb_l_2019-05-15-09-300x209.jpg 300w\" sizes=\"(max-width: 400px) 100vw, 400px\" \/>\u00a0 <img decoding=\"async\" class=\" size-full wp-image-14147\" title=\"Kyma\" src=\"https:\/\/welcome-ontour.de\/wordpress\/wp-content\/uploads\/2021\/03\/phoca_thumb_l_2019-05-15-10.jpg\" alt=\"\" width=\"400\" height=\"279\" srcset=\"https:\/\/welcome-ontour.de\/wordpress\/wp-content\/uploads\/2021\/03\/phoca_thumb_l_2019-05-15-10.jpg 400w, https:\/\/welcome-ontour.de\/wordpress\/wp-content\/uploads\/2021\/03\/phoca_thumb_l_2019-05-15-10-300x209.jpg 300w\" sizes=\"(max-width: 400px) 100vw, 400px\" \/><\/span><\/p>\n<p style=\"text-align: center;\"><span style=\"font-size: 12pt; font-family: arial, helvetica, sans-serif;\">\u00a0<\/span><\/p>\n<p style=\"text-align: center;\"><span style=\"font-size: 12pt; font-family: arial, helvetica, sans-serif;\"><img decoding=\"async\" class=\" size-full wp-image-14148\" title=\"Kyma\" src=\"https:\/\/welcome-ontour.de\/wordpress\/wp-content\/uploads\/2021\/03\/phoca_thumb_l_2019-05-15-11.jpg\" alt=\"\" width=\"400\" height=\"279\" srcset=\"https:\/\/welcome-ontour.de\/wordpress\/wp-content\/uploads\/2021\/03\/phoca_thumb_l_2019-05-15-11.jpg 400w, https:\/\/welcome-ontour.de\/wordpress\/wp-content\/uploads\/2021\/03\/phoca_thumb_l_2019-05-15-11-300x209.jpg 300w\" sizes=\"(max-width: 400px) 100vw, 400px\" \/>\u00a0 <img decoding=\"async\" class=\" size-full wp-image-14149\" title=\"Kyma Lammhaxe\" src=\"https:\/\/welcome-ontour.de\/wordpress\/wp-content\/uploads\/2021\/03\/phoca_thumb_l_2019-05-15-12.jpg\" alt=\"\" width=\"400\" height=\"279\" srcset=\"https:\/\/welcome-ontour.de\/wordpress\/wp-content\/uploads\/2021\/03\/phoca_thumb_l_2019-05-15-12.jpg 400w, https:\/\/welcome-ontour.de\/wordpress\/wp-content\/uploads\/2021\/03\/phoca_thumb_l_2019-05-15-12-300x209.jpg 300w\" sizes=\"(max-width: 400px) 100vw, 400px\" \/><\/span><\/p>\n<p style=\"text-align: center;\"><span style=\"font-size: 12pt; font-family: arial, helvetica, sans-serif;\">\u00a0<\/span><\/p>\n<p style=\"text-align: center;\"><span style=\"font-size: 12pt; font-family: arial, helvetica, sans-serif;\">Ibiza Club Musik begleitet den Sonnenuntergang.<\/span><\/p>\n<p style=\"text-align: center;\"><span style=\"font-size: 12pt; font-family: arial, helvetica, sans-serif;\">\u00a0<\/span><\/p>\n<p style=\"text-align: center;\"><span style=\"font-size: 12pt; font-family: arial, helvetica, sans-serif;\"><img decoding=\"async\" class=\" size-full wp-image-14150\" title=\"Sonnenuntergang\" src=\"https:\/\/welcome-ontour.de\/wordpress\/wp-content\/uploads\/2021\/03\/phoca_thumb_l_2019-05-15-13.jpg\" alt=\"\" width=\"810\" height=\"385\" srcset=\"https:\/\/welcome-ontour.de\/wordpress\/wp-content\/uploads\/2021\/03\/phoca_thumb_l_2019-05-15-13.jpg 810w, https:\/\/welcome-ontour.de\/wordpress\/wp-content\/uploads\/2021\/03\/phoca_thumb_l_2019-05-15-13-300x143.jpg 300w, https:\/\/welcome-ontour.de\/wordpress\/wp-content\/uploads\/2021\/03\/phoca_thumb_l_2019-05-15-13-768x365.jpg 768w\" sizes=\"(max-width: 810px) 100vw, 810px\" \/><\/span><\/p>\n<p style=\"text-align: center;\"><span style=\"font-size: 12pt; font-family: arial, helvetica, sans-serif;\">\u00a0<\/span><\/p>\n<p style=\"text-align: center;\"><span style=\"font-size: 12pt; font-family: arial, helvetica, sans-serif;\">Um neun sind wir wieder im Lindian Village.<\/span><\/p>\n<p style=\"text-align: center;\"><span style=\"font-size: 12pt; font-family: arial, helvetica, sans-serif;\">Weil wir tags\u00fcber am Strand des \u00d6fteren abnicken, sind wir abends nicht m\u00fcde.<\/span><\/p>\n<p style=\"text-align: center;\"><span style=\"font-size: 12pt; font-family: arial, helvetica, sans-serif;\">Und so dauert es bis Mitternacht, ehe wir in den Schlaf kommen.<\/span><\/p>\n<p style=\"text-align: center;\"><span style=\"font-size: 12pt; font-family: arial, helvetica, sans-serif;\">\u00a0<\/span><\/p>\n<p style=\"text-align: center;\"><span style=\"font-size: 12pt; font-family: arial, helvetica, sans-serif;\">Gefahrene Kilometer: 20<\/span><\/p>\n<p style=\"text-align: center;\"><span style=\"font-size: 12pt; font-family: arial, helvetica, sans-serif;\">\u00a0<\/span><\/p>\n<p style=\"text-align: center;\"><span style=\"font-size: 12pt; font-family: arial, helvetica, sans-serif;\">\u00dcbernachtung: Lindian Village Lardos *****<\/span><\/p>\n<p style=\"text-align: center;\"><span style=\"font-size: 12pt;\"><span style=\"font-family: arial, helvetica, sans-serif;\">\u00a0<\/span><\/span><\/p>\n<p style=\"text-align: center;\"><span style=\"font-size: 12pt;\"><span style=\"font-family: arial, helvetica, sans-serif;\"><img decoding=\"async\" class=\" size-full wp-image-14053\" title=\"Rhodos\" src=\"https:\/\/welcome-ontour.de\/wordpress\/wp-content\/uploads\/2021\/03\/phoca_thumb_l_2019-05-10-z.jpg\" width=\"180\" height=\"142\" srcset=\"https:\/\/welcome-ontour.de\/wordpress\/wp-content\/uploads\/2021\/03\/phoca_thumb_l_2019-05-10-z.jpg 394w, https:\/\/welcome-ontour.de\/wordpress\/wp-content\/uploads\/2021\/03\/phoca_thumb_l_2019-05-10-z-300x237.jpg 300w\" sizes=\"(max-width: 180px) 100vw, 180px\" \/><\/span><\/span><\/p>\n<p style=\"text-align: center;\"><span style=\"font-size: 12pt;\"><span style=\"font-family: arial, helvetica, sans-serif;\">\u00a0<\/span><\/span><\/p>\n<p style=\"text-align: center;\"><span style=\"font-size: 10pt;\"><span style=\"font-family: arial, helvetica, sans-serif;\"><a href=\"https:\/\/welcome-ontour.de\/wordpress\/index.php\/2019-05-14\/\">&lt; zur\u00fcck<\/a>\u00a0 \u00a0 \u00a0 \u00a0 \u00a0 \u00a0 \u00a0 \u00a0 \u00a0 \u00a0 \u00a0 \u00a0 \u00a0 \u00a0 \u00a0 \u00a0 \u00a0 \u00a0 \u00a0 \u00a0 \u00a0 \u00a0 \u00a0 \u00a0 \u00a0 \u00a0 \u00a0 \u00a0 \u00a0 \u00a0 \u00a0 \u00a0 \u00a0 \u00a0 \u00a0 \u00a0 \u00a0 \u00a0 \u00a0 \u00a0 \u00a0 \u00a0 \u00a0 \u00a0 \u00a0 \u00a0 \u00a0 \u00a0 \u00a0 \u00a0 \u00a0 \u00a0 \u00a0 \u00a0 \u00a0 \u00a0 \u00a0 \u00a0 \u00a0 \u00a0 \u00a0 \u00a0 \u00a0 \u00a0 \u00a0 \u00a0 \u00a0 \u00a0 \u00a0 \u00a0 \u00a0 \u00a0 \u00a0 \u00a0 \u00a0 \u00a0 \u00a0 \u00a0 \u00a0 \u00a0 \u00a0 \u00a0 \u00a0 \u00a0 \u00a0 \u00a0 \u00a0 \u00a0 \u00a0 \u00a0 \u00a0 \u00a0 \u00a0 \u00a0 \u00a0\u00a0<a href=\"https:\/\/welcome-ontour.de\/wordpress\/index.php\/2019-05-16\/\">weiter &gt;<\/a><\/span><\/span><\/p>\n","protected":false},"excerpt":{"rendered":"<p>Prolog\u00a0 \u00a0 \u00a0 \u00a0 \u00a0 \u00a0 \u00a0\u00a0Anreise\u00a0 \u00a0 \u00a0 \u00a0 \u00a0 \u00a0 \u00a0\u00a0Kiotari\u00a0 \u00a0 \u00a0 \u00a0 \u00a0 \u00a0 \u00a0\u00a0Lindos\u00a0 \u00a0 \u00a0 \u00a0 \u00a0 \u00a0 \u00a0\u00a0R\u00fcckreise\u00a0 \u00a0 \u00a0 \u00a0 \u00a0 \u00a0 \u00a0\u00a0Fazit \u00a0 &lt; zur\u00fcck\u00a0 \u00a0 \u00a0 \u00a0 \u00a0 \u00a0 \u00a0 \u00a0 \u00a0 \u00a0 \u00a0 \u00a0 \u00a0 \u00a0 \u00a0 \u00a0 \u00a0 \u00a0 \u00a0 \u00a0 \u00a0 \u00a0 \u00a0 \u00a0 \u00a0 \u00a0 \u00a0 \u00a0 \u00a0 \u00a0 \u00a0 \u00a0 \u00a0 \u00a0 \u00a0 \u00a0 \u00a0 \u00a0 \u00a0 \u00a0 \u00a0 \u00a0 \u00a0 \u00a0 \u00a0 \u00a0 \u00a0 \u00a0 \u00a0 \u00a0 \u00a0 \u00a0 \u00a0 \u00a0 \u00a0 \u00a0 \u00a0 \u00a0 \u00a0 \u00a0 \u00a0 \u00a0 \u00a0 \u00a0 \u00a0 \u00a0 \u00a0 \u00a0 \u00a0 \u00a0 \u00a0 \u00a0 \u00a0 \u00a0 \u00a0 \u00a0 \u00a0 \u00a0 \u00a0 \u00a0 \u00a0 \u00a0 \u00a0 \u00a0 \u00a0 \u00a0 \u00a0 \u00a0 \u00a0 \u00a0 \u00a0 \u00a0 \u00a0 \u00a0 \u00a0\u00a0weiter &gt; \u00a0 Mi 15.5. \u00a0 Keine Ahnung warum, aber wir schlafen bis halb zehn und sind beim Fr\u00fchst\u00fcck die letzten. Dementsprechend sind wir erst sp\u00e4t am Beach. \u00a0 \u00a0 \u00a0 Dort ist es heute windstill und mit 29\u00b0C fast schon br\u00fctend hei\u00df. \u00a0 \u00a0 \u00a0 Im Sonnenschirmschatten und mit coolen Drinks der Poolbar l\u00e4sst es sich super aushalten. Und so ist es heute auch bereits halb f\u00fcnf als wir den Strand verlassen. \u00a0 \u00a0 \u00a0 \u00a0 \u00a0 Frisch geduscht sitzen wir eine Stunde sp\u00e4ter im Kyma Restaurant in Pefkos. F\u00fcr Ute gibt es Lammhaxe, mir reicht die griechische Vorspeiseplatte. \u00a0 \u00a0 \u00a0 \u00a0 \u00a0 Ibiza Club Musik begleitet den Sonnenuntergang. \u00a0 \u00a0 Um neun sind wir wieder im Lindian Village. Weil wir tags\u00fcber am Strand des \u00d6fteren abnicken, sind wir abends nicht m\u00fcde. Und so dauert es bis Mitternacht, ehe wir in den Schlaf kommen. \u00a0 Gefahrene Kilometer: 20 \u00a0 \u00dcbernachtung: Lindian Village Lardos ***** \u00a0 \u00a0 &lt; zur\u00fcck\u00a0 \u00a0 \u00a0 \u00a0 \u00a0 \u00a0 \u00a0 \u00a0 \u00a0 \u00a0 \u00a0 \u00a0 \u00a0 \u00a0 \u00a0 \u00a0 \u00a0 \u00a0 \u00a0 \u00a0 \u00a0 \u00a0 \u00a0 \u00a0 \u00a0 \u00a0 \u00a0 \u00a0 \u00a0 \u00a0 \u00a0 \u00a0 \u00a0 \u00a0 \u00a0 \u00a0 \u00a0 \u00a0 \u00a0 \u00a0 \u00a0 \u00a0 \u00a0 \u00a0 \u00a0 \u00a0 \u00a0 \u00a0 \u00a0 \u00a0 \u00a0 \u00a0 \u00a0 \u00a0 \u00a0 \u00a0 \u00a0 \u00a0 \u00a0 \u00a0 \u00a0 \u00a0 \u00a0 \u00a0 \u00a0 \u00a0 \u00a0 \u00a0 \u00a0 \u00a0 \u00a0 \u00a0 \u00a0 \u00a0 \u00a0 \u00a0 \u00a0 \u00a0 \u00a0 \u00a0 \u00a0 \u00a0 \u00a0 \u00a0 \u00a0 \u00a0 \u00a0 \u00a0 \u00a0 \u00a0 \u00a0 \u00a0 \u00a0 \u00a0 \u00a0\u00a0weiter &gt;<\/p>\n","protected":false},"author":1,"featured_media":14138,"parent":0,"menu_order":4,"comment_status":"closed","ping_status":"closed","template":"","meta":{"footnotes":""},"class_list":["post-14151","page","type-page","status-publish","has-post-thumbnail","hentry"],"_links":{"self":[{"href":"https:\/\/welcome-ontour.de\/wordpress\/index.php\/wp-json\/wp\/v2\/pages\/14151","targetHints":{"allow":["GET"]}}],"collection":[{"href":"https:\/\/welcome-ontour.de\/wordpress\/index.php\/wp-json\/wp\/v2\/pages"}],"about":[{"href":"https:\/\/welcome-ontour.de\/wordpress\/index.php\/wp-json\/wp\/v2\/types\/page"}],"author":[{"embeddable":true,"href":"https:\/\/welcome-ontour.de\/wordpress\/index.php\/wp-json\/wp\/v2\/users\/1"}],"replies":[{"embeddable":true,"href":"https:\/\/welcome-ontour.de\/wordpress\/index.php\/wp-json\/wp\/v2\/comments?post=14151"}],"version-history":[{"count":1,"href":"https:\/\/welcome-ontour.de\/wordpress\/index.php\/wp-json\/wp\/v2\/pages\/14151\/revisions"}],"predecessor-version":[{"id":14996,"href":"https:\/\/welcome-ontour.de\/wordpress\/index.php\/wp-json\/wp\/v2\/pages\/14151\/revisions\/14996"}],"wp:featuredmedia":[{"embeddable":true,"href":"https:\/\/welcome-ontour.de\/wordpress\/index.php\/wp-json\/wp\/v2\/media\/14138"}],"wp:attachment":[{"href":"https:\/\/welcome-ontour.de\/wordpress\/index.php\/wp-json\/wp\/v2\/media?parent=14151"}],"curies":[{"name":"wp","href":"https:\/\/api.w.org\/{rel}","templated":true}]}}