{"id":14050,"date":"2021-01-25T10:39:07","date_gmt":"2021-01-25T10:39:07","guid":{"rendered":"https:\/\/welcome-ontour.de\/wordpress\/index.php\/2019-11-23-fazit\/"},"modified":"2022-06-30T23:06:17","modified_gmt":"2022-06-30T23:06:17","slug":"2019-11-23-fazit","status":"publish","type":"page","link":"https:\/\/welcome-ontour.de\/wordpress\/index.php\/2019-11-23-fazit\/","title":{"rendered":"2019 11 23 fazit"},"content":{"rendered":"<p style=\"text-align: center;\"><span style=\"font-size: 8pt;\"><a href=\"https:\/\/welcome-ontour.de\/wordpress\/index.php\/2019-11-01-prolog\/\">Prolog<\/a>\u00a0 \u00a0 \u00a0 \u00a0<a href=\"https:\/\/welcome-ontour.de\/wordpress\/index.php\/2019-11-02\/\">Anreise<\/a>\u00a0 \u00a0 \u00a0 \u00a0<a href=\"https:\/\/welcome-ontour.de\/wordpress\/index.php\/2019-11-03\/\">Naples<\/a>\u00a0 \u00a0 \u00a0 \u00a0<a href=\"https:\/\/welcome-ontour.de\/wordpress\/index.php\/2019-11-04\/\">Lovers Key<\/a>\u00a0 \u00a0 \u00a0 \u00a0<a href=\"https:\/\/welcome-ontour.de\/wordpress\/index.php\/2019-11-06\/\">St. Petersburg<\/a>\u00a0 \u00a0 \u00a0\u00a0<a href=\"https:\/\/welcome-ontour.de\/wordpress\/index.php\/2019-11-07\/\">Honeymoon Island<\/a>\u00a0 \u00a0 \u00a0\u00a0<a href=\"https:\/\/welcome-ontour.de\/wordpress\/index.php\/2019-11-08\/\">Dali<\/a>\u00a0 \u00a0 \u00a0\u00a0<a href=\"https:\/\/welcome-ontour.de\/wordpress\/index.php\/2019-11-09\/\">Fort De Soto<\/a>\u00a0 \u00a0 \u00a0<a href=\"https:\/\/welcome-ontour.de\/wordpress\/index.php\/2019-11-10\/\">Crystal River<\/a>\u00a0 \u00a0 \u00a0\u00a0<a href=\"https:\/\/welcome-ontour.de\/wordpress\/index.php\/2019-11-12\/\">Orlando<\/a>\u00a0 \u00a0 \u00a0<a href=\"https:\/\/welcome-ontour.de\/wordpress\/index.php\/2019-11-14\/\">Atlantik<\/a>\u00a0 \u00a0 \u00a0\u00a0<\/span><\/p>\n<p style=\"text-align: center;\"><span style=\"font-size: 8pt;\"><a href=\"https:\/\/welcome-ontour.de\/wordpress\/index.php\/2019-11-15\/\">Sarasota<\/a>\u00a0 \u00a0 \u00a0<a href=\"https:\/\/welcome-ontour.de\/wordpress\/index.php\/2019-11-16\/\">Ringling<\/a>\u00a0 \u00a0 \u00a0\u00a0<\/span><span style=\"font-size: 8pt;\"><a href=\"https:\/\/welcome-ontour.de\/wordpress\/index.php\/2019-11-17\/\">Anna Maria Island<\/a>\u00a0 \u00a0 \u00a0<a href=\"https:\/\/welcome-ontour.de\/wordpress\/index.php\/2019-11-18\/\">Cape Coral<\/a><\/span><span style=\"font-size: 8pt;\">\u00a0 \u00a0 \u00a0\u00a0<a href=\"https:\/\/welcome-ontour.de\/wordpress\/index.php\/2019-11-19\/\">Ft. Myers Beach<\/a>\u00a0 \u00a0 \u00a0<a href=\"https:\/\/welcome-ontour.de\/wordpress\/index.php\/2019-11-20\/\">Miami<\/a>\u00a0 \u00a0 \u00a0\u00a0<a href=\"https:\/\/welcome-ontour.de\/wordpress\/index.php\/2019-11-21\/\">R\u00fcckreise<\/a>\u00a0 \u00a0 \u00a0 \u00a0<a href=\"https:\/\/welcome-ontour.de\/wordpress\/index.php\/2019-11-23-fazit\/\">Fazit<\/a><\/span><\/p>\n<p style=\"text-align: center;\">\n<p style=\"text-align: center;\"><a href=\"https:\/\/welcome-ontour.de\/wordpress\/index.php\/2019-11-22\/\">&lt; zur\u00fcck<\/a>\u00a0 \u00a0 \u00a0 \u00a0 \u00a0 \u00a0 \u00a0 \u00a0 \u00a0 \u00a0 \u00a0 \u00a0 \u00a0 \u00a0 \u00a0 \u00a0 \u00a0 \u00a0 \u00a0 \u00a0 \u00a0 \u00a0 \u00a0 \u00a0 \u00a0 \u00a0 \u00a0 \u00a0 \u00a0 \u00a0 \u00a0 \u00a0 \u00a0 \u00a0 \u00a0 \u00a0 \u00a0 \u00a0 \u00a0 \u00a0 \u00a0 \u00a0 \u00a0 \u00a0 \u00a0 \u00a0 \u00a0 \u00a0 \u00a0 \u00a0 \u00a0 \u00a0 \u00a0 \u00a0 \u00a0 \u00a0 \u00a0 \u00a0 \u00a0 \u00a0 \u00a0 \u00a0 \u00a0 \u00a0 \u00a0 \u00a0 \u00a0 \u00a0 \u00a0 \u00a0 \u00a0 \u00a0 \u00a0 \u00a0 \u00a0 \u00a0 \u00a0 \u00a0 \u00a0 \u00a0 \u00a0 \u00a0 \u00a0 \u00a0 \u00a0 \u00a0 \u00a0 \u00a0 \u00a0<a href=\"https:\/\/welcome-ontour.de\/wordpress\/index.php\/reiseberichte\/\">Reiseberichte &gt;<\/a><\/p>\n<p style=\"text-align: center;\">\n<p style=\"text-align: center;\"><span style=\"font-size: 14pt;\"><strong><span style=\"font-family: arial, helvetica, sans-serif;\">Fazit<\/span><\/strong><\/span><\/p>\n<p style=\"text-align: center;\"><span style=\"font-size: 12pt; font-family: arial, helvetica, sans-serif;\">\u00a0<\/span><\/p>\n<p style=\"text-align: center;\"><span style=\"font-size: 12pt; font-family: arial, helvetica, sans-serif;\"><a href=\"https:\/\/welcome-ontour.de\/wordpress\/wp-content\/uploads\/2021\/01\/phoca_thumb_l_2019-11-23-01.jpg\" target=\"_blank\" rel=\"noopener noreferrer\"><img decoding=\"async\" class=\" size-full wp-image-14044\" title=\"Florida 2019\" src=\"https:\/\/welcome-ontour.de\/wordpress\/wp-content\/uploads\/2021\/01\/phoca_thumb_l_2019-11-23-01.jpg\" alt=\"\" width=\"810\" height=\"344\" srcset=\"https:\/\/welcome-ontour.de\/wordpress\/wp-content\/uploads\/2021\/01\/phoca_thumb_l_2019-11-23-01.jpg 1206w, https:\/\/welcome-ontour.de\/wordpress\/wp-content\/uploads\/2021\/01\/phoca_thumb_l_2019-11-23-01-300x127.jpg 300w, https:\/\/welcome-ontour.de\/wordpress\/wp-content\/uploads\/2021\/01\/phoca_thumb_l_2019-11-23-01-1024x435.jpg 1024w, https:\/\/welcome-ontour.de\/wordpress\/wp-content\/uploads\/2021\/01\/phoca_thumb_l_2019-11-23-01-768x326.jpg 768w\" sizes=\"(max-width: 810px) 100vw, 810px\" \/><\/a><\/span><\/p>\n<p style=\"text-align: center;\"><span style=\"font-size: 12pt; font-family: arial, helvetica, sans-serif;\">\u00a0<\/span><\/p>\n<p style=\"text-align: center;\"><span style=\"font-size: 12pt; font-family: arial, helvetica, sans-serif;\">November in Florida ist gut machbar.<\/span><\/p>\n<p style=\"text-align: center;\"><span style=\"font-size: 12pt; font-family: arial, helvetica, sans-serif;\">Die Hurricane Saison ist vorbei, Klima und Meerwasser sind noch sommerlich warm<\/span><\/p>\n<p style=\"text-align: center;\"><span style=\"font-size: 12pt; font-family: arial, helvetica, sans-serif;\"> und die Kosten f\u00fcr Hotels und Fl\u00fcge erschwinglich.<\/span><\/p>\n<p style=\"text-align: center;\"><span style=\"font-size: 12pt; font-family: arial, helvetica, sans-serif;\">Die amerikanischen Rentner sind noch nicht eingeflogen und die Weihnachtssaison hat noch nicht begonnen.<\/span><\/p>\n<p style=\"text-align: center;\"><span style=\"font-size: 12pt; font-family: arial, helvetica, sans-serif;\">All diese Faktoren sind ein guter Grund, den europ\u00e4ischen Sommer hier zu verl\u00e4ngern.<\/span><\/p>\n<p style=\"text-align: center;\"><span style=\"font-size: 12pt; font-family: arial, helvetica, sans-serif;\">\u00dcberall ist es merklich leerer als zu Saisonzeiten.<\/span><\/p>\n<p style=\"text-align: center;\"><span style=\"font-size: 12pt; font-family: arial, helvetica, sans-serif;\">Leider haben wir auch ein paar Tage k\u00fchleres Wetter dabei gehabt.<\/span><\/p>\n<p style=\"text-align: center;\"><span style=\"font-size: 12pt; font-family: arial, helvetica, sans-serif;\">Konnten es aber gut mit anderen Aktivit\u00e4ten \u00fcberbr\u00fccken.<\/span><\/p>\n<p style=\"text-align: center;\"><span style=\"font-size: 12pt; font-family: arial, helvetica, sans-serif;\">Insgesamt war die Tour sehr erholsam.<\/span><\/p>\n<p style=\"text-align: center;\"><span style=\"font-size: 12pt; font-family: arial, helvetica, sans-serif;\">Besonders gut haben uns die Aufenthalte in den Beach Parks an der Golfk\u00fcste gefallen.<\/span><\/p>\n<p style=\"text-align: center;\"><span style=\"font-size: 12pt; font-family: arial, helvetica, sans-serif;\">F\u00fcr immer unvergessen ist das Schwimmen mit den Manatees.<\/span><\/p>\n<p style=\"text-align: center;\"><span style=\"font-size: 12pt; font-family: arial, helvetica, sans-serif;\">\u00a0<\/span><\/p>\n<p style=\"text-align: center;\"><span style=\"font-size: 12pt; font-family: arial, helvetica, sans-serif;\"><img decoding=\"async\" class=\" size-full wp-image-14045\" title=\"A 380\" src=\"https:\/\/welcome-ontour.de\/wordpress\/wp-content\/uploads\/2021\/01\/phoca_thumb_l_2019-11-23-02.jpg\" width=\"300\" height=\"123\" srcset=\"https:\/\/welcome-ontour.de\/wordpress\/wp-content\/uploads\/2021\/01\/phoca_thumb_l_2019-11-23-02.jpg 600w, https:\/\/welcome-ontour.de\/wordpress\/wp-content\/uploads\/2021\/01\/phoca_thumb_l_2019-11-23-02-300x123.jpg 300w\" sizes=\"(max-width: 300px) 100vw, 300px\" \/><\/span><\/p>\n<p style=\"text-align: center;\"><span style=\"font-size: 12pt; font-family: arial, helvetica, sans-serif;\">\u00a0<\/span><\/p>\n<p style=\"text-align: center;\"><span style=\"font-size: 12pt; font-family: arial, helvetica, sans-serif;\">Zu den Fl\u00fcgen gibt es nicht viel zu sagen, im A380 sind wir gern unterwegs.<\/span><\/p>\n<p style=\"text-align: center;\"><span style=\"font-size: 12pt; font-family: arial, helvetica, sans-serif;\">Modern, leise, bequem und dieses Mal auch sehr g\u00fcnstig.<\/span><\/p>\n<p style=\"text-align: center;\"><span style=\"font-size: 12pt; font-family: arial, helvetica, sans-serif;\">Bei den Unterk\u00fcnften war von okay bis super alles dabei.<\/span><\/p>\n<p style=\"text-align: center;\"><span style=\"font-size: 12pt; font-family: arial, helvetica, sans-serif;\">Entt\u00e4uscht waren wir vom Hilton Resort in Orlando.<\/span><\/p>\n<p style=\"text-align: center;\"><span style=\"font-size: 12pt; font-family: arial, helvetica, sans-serif;\">Da haben wir in vielen einfacheren Hotels besser \u00fcbernachtet und auch beim Service besteht Nachholebedarf.<\/span><\/p>\n<p style=\"text-align: center;\"><span style=\"font-size: 12pt; font-family: arial, helvetica, sans-serif;\">Sch\u00f6n war es auch auf dieser Tour, wieder Zeit mit Freunden verbringen zu k\u00f6nnen, <\/span><\/p>\n<p style=\"text-align: center;\"><span style=\"font-size: 12pt; font-family: arial, helvetica, sans-serif;\">auch wenn es manchmal nur wenige Stunden waren.<\/span><\/p>\n<p style=\"text-align: center;\">\n<p style=\"text-align: center;\"><span style=\"font-size: 12pt; font-family: arial, helvetica, sans-serif;\">Beim Mietwagen fragen sich einige von euch vielleicht, wie das funktionieren soll.<\/span><\/p>\n<p style=\"text-align: center;\"><span style=\"font-size: 12pt; font-family: arial, helvetica, sans-serif;\">Drei Wochen Roadtrip mit einem Cabrio?<\/span><\/p>\n<p style=\"text-align: center;\"><span style=\"font-size: 12pt; font-family: arial, helvetica, sans-serif;\">Das f\u00e4ngt schon damit an, dass man sich auf Notwendigkeiten beschr\u00e4nkt und ausschlie\u00dflich mit Handgep\u00e4ck reist.<\/span><\/p>\n<p style=\"text-align: center;\"><span style=\"font-size: 12pt; font-family: arial, helvetica, sans-serif;\">Dazu kommt, dass man als Fahrzeug den Mustang w\u00e4hlen sollte, <\/span><\/p>\n<p style=\"text-align: center;\"><span style=\"font-size: 12pt; font-family: arial, helvetica, sans-serif;\">denn der hat auch als Cabrio einen fast schon ger\u00e4umigen Kofferraum.<\/span><\/p>\n<p style=\"text-align: center;\"><span style=\"font-size: 12pt; font-family: arial, helvetica, sans-serif;\">Wir bekommen es problemlos hin, all unser Zeug im Kofferraum unterzubringen.<\/span><\/p>\n<p style=\"text-align: center;\"><span style=\"font-size: 12pt; font-family: arial, helvetica, sans-serif;\">Neben dem Gep\u00e4ck, Handt\u00fcchern und Wasserpacks waren das dieses Mal auch die 2 Strandst\u00fchle.<\/span><\/p>\n<p style=\"text-align: center;\"><span style=\"font-size: 12pt; font-family: arial, helvetica, sans-serif;\">Lassen den Wagen beim Einkauf oder am Restaurant gern mit ge\u00f6ffneten Verdeck stehen.<\/span><\/p>\n<p style=\"text-align: center;\"><span style=\"font-size: 12pt; font-family: arial, helvetica, sans-serif;\">Da sollte nichts auf R\u00fccksitzen, in Fu\u00dfraum oder T\u00fcren sein.<\/span><\/p>\n<p style=\"text-align: center;\"><span style=\"font-size: 12pt; font-family: arial, helvetica, sans-serif;\">Der rote Mustang hat uns in den drei Wochen \u00fcberaus bequem <\/span><\/p>\n<p style=\"text-align: center;\"><span style=\"font-size: 12pt; font-family: arial, helvetica, sans-serif;\">und fast immer oben ohne 1570 Meilen (2520 km) durch die Landschaft gefahren.<\/span><\/p>\n<p style=\"text-align: center;\"><span style=\"font-size: 12pt; font-family: arial, helvetica, sans-serif;\">F\u00fcr uns der ideale Reisewagen f\u00fcr eine Florida Tour.<\/span><\/p>\n<p style=\"text-align: center;\"><span style=\"font-size: 12pt; font-family: arial, helvetica, sans-serif;\">\u00a0<\/span><\/p>\n<p style=\"text-align: center;\"><span style=\"font-size: 12pt; font-family: arial, helvetica, sans-serif;\"><a href=\"https:\/\/welcome-ontour.de\/wordpress\/wp-content\/uploads\/2021\/01\/phoca_thumb_l_2019-11-23-03.jpg\" target=\"_blank\" rel=\"noopener noreferrer\"><img decoding=\"async\" class=\" size-full wp-image-14046\" title=\"Mustang\" src=\"https:\/\/welcome-ontour.de\/wordpress\/wp-content\/uploads\/2021\/01\/phoca_thumb_l_2019-11-23-03.jpg\" width=\"700\" height=\"395\" srcset=\"https:\/\/welcome-ontour.de\/wordpress\/wp-content\/uploads\/2021\/01\/phoca_thumb_l_2019-11-23-03.jpg 1206w, https:\/\/welcome-ontour.de\/wordpress\/wp-content\/uploads\/2021\/01\/phoca_thumb_l_2019-11-23-03-300x169.jpg 300w, https:\/\/welcome-ontour.de\/wordpress\/wp-content\/uploads\/2021\/01\/phoca_thumb_l_2019-11-23-03-1024x578.jpg 1024w, https:\/\/welcome-ontour.de\/wordpress\/wp-content\/uploads\/2021\/01\/phoca_thumb_l_2019-11-23-03-768x434.jpg 768w\" sizes=\"(max-width: 700px) 100vw, 700px\" \/><\/a><\/span><\/p>\n<p style=\"text-align: center;\"><span style=\"font-size: 12pt; font-family: arial, helvetica, sans-serif;\">\u00a0<\/span><\/p>\n<p style=\"text-align: center;\"><span style=\"font-size: 12pt; font-family: arial, helvetica, sans-serif;\">Bei warmen Wetter sich Sonne und Fahrtwind um die Nase wehen lassen, auch das ist f\u00fcr uns American Way of Life.<\/span><\/p>\n<p style=\"text-align: center;\"><span style=\"font-size: 12pt; font-family: arial, helvetica, sans-serif;\">Dazu genie\u00dfen wir es auch nach so vielen Touren noch immer, amerikanische Rock-Radiosender zu h\u00f6ren.<\/span><\/p>\n<p style=\"text-align: center;\"><span style=\"font-size: 12pt; font-family: arial, helvetica, sans-serif;\">Fast alle Songs erinnern einen an eine Zeit ohne Gelenk- und R\u00fcckenschmerzen.<\/span><\/p>\n<p style=\"text-align: center;\"><span style=\"font-size: 12pt; font-family: arial, helvetica, sans-serif;\">Die Bestenliste der meistgeh\u00f6rten Tracks dieser Tour wird angef\u00fchrt von Heart mit \u201eCrazy On You\u201c.<\/span><\/p>\n<p style=\"text-align: center;\"><span style=\"font-size: 12pt; font-family: arial, helvetica, sans-serif;\">Dicht gefolgt von Boston\u2019s \u201eDon\u2019t Look Back\u201c und \u201ePhotograph\u201c von Deff Leppard.<\/span><\/p>\n<p style=\"text-align: center;\"><span style=\"font-size: 12pt; font-family: arial, helvetica, sans-serif;\">\u00a0<\/span><\/p>\n<p style=\"text-align: center;\"><span style=\"font-size: 12pt; font-family: arial, helvetica, sans-serif;\"><img decoding=\"async\" class=\" size-full wp-image-14047\" title=\"Floridas Nationalparks \" src=\"https:\/\/welcome-ontour.de\/wordpress\/wp-content\/uploads\/2021\/01\/phoca_thumb_l_2019-11-23-04.jpg\" width=\"500\" height=\"339\" srcset=\"https:\/\/welcome-ontour.de\/wordpress\/wp-content\/uploads\/2021\/01\/phoca_thumb_l_2019-11-23-04.jpg 600w, https:\/\/welcome-ontour.de\/wordpress\/wp-content\/uploads\/2021\/01\/phoca_thumb_l_2019-11-23-04-300x204.jpg 300w\" sizes=\"(max-width: 500px) 100vw, 500px\" \/><\/span><\/p>\n<p style=\"text-align: center;\"><span style=\"font-size: 12pt; font-family: arial, helvetica, sans-serif;\">\u00a0<\/span><\/p>\n<p style=\"text-align: center;\"><span style=\"font-size: 12pt; font-family: arial, helvetica, sans-serif;\">Wie immer abschlie\u00dfend der Zahlensalat.<\/span><\/p>\n<p style=\"text-align: center;\"><span style=\"font-size: 12pt; font-family: arial, helvetica, sans-serif;\">Der erste Gedanke an diese Tour kam mit den Flugangeboten im Fr\u00fchjahr 2019.<\/span><\/p>\n<p style=\"text-align: center;\"><span style=\"font-size: 12pt; font-family: arial, helvetica, sans-serif;\">Florida Fl\u00fcge im November mit Air France f\u00fcr rund 300 Euro pro Person, da konnten wir nicht nein sagen.<\/span><\/p>\n<p style=\"text-align: center;\"><span style=\"font-size: 12pt; font-family: arial, helvetica, sans-serif;\">Das Auto gab es dieses Mal bei Billiger-Mietwagen.<\/span><\/p>\n<p style=\"text-align: center;\"><span style=\"font-size: 12pt; font-family: arial, helvetica, sans-serif;\">F\u00fcr knapp drei Wochen Cabrio inklusive aller n\u00f6tigen Versicherungen waren 750 Euro f\u00e4llig.<\/span><\/p>\n<p style=\"text-align: center;\"><span style=\"font-size: 12pt; font-family: arial, helvetica, sans-serif;\">Die Hotels habe ich bei verschiedenen Anbietern wie Hotels.com, Priceline oder Hotwire gebucht.<\/span><\/p>\n<p style=\"text-align: center;\"><span style=\"font-size: 12pt; font-family: arial, helvetica, sans-serif;\">Der durchschnittliche Zimmerpreis dieser Tour lag bei 85 Euro.<\/span><\/p>\n<p style=\"text-align: center;\"><span style=\"font-size: 12pt; font-family: arial, helvetica, sans-serif;\">\u00a0<\/span><\/p>\n<p style=\"text-align: center;\"><span style=\"font-size: 12pt; font-family: arial, helvetica, sans-serif;\"><img decoding=\"async\" class=\" size-full wp-image-14048\" title=\"Macht's gut Leute\" src=\"https:\/\/welcome-ontour.de\/wordpress\/wp-content\/uploads\/2021\/01\/phoca_thumb_l_2019-11-23-05.jpg\" width=\"500\" height=\"283\" srcset=\"https:\/\/welcome-ontour.de\/wordpress\/wp-content\/uploads\/2021\/01\/phoca_thumb_l_2019-11-23-05.jpg 606w, https:\/\/welcome-ontour.de\/wordpress\/wp-content\/uploads\/2021\/01\/phoca_thumb_l_2019-11-23-05-300x170.jpg 300w\" sizes=\"(max-width: 500px) 100vw, 500px\" \/><\/span><\/p>\n<p style=\"text-align: center;\"><span style=\"font-size: 12pt; font-family: arial, helvetica, sans-serif;\">\u00a0<\/span><\/p>\n<p style=\"text-align: center;\"><span style=\"font-size: 12pt; font-family: arial, helvetica, sans-serif;\">R\u00fcckblickend war es mit ziemlicher Sicherheit nicht unsere letzte Florida Reise im Sp\u00e4therbst.<\/span><\/p>\n<p style=\"text-align: center;\"><span style=\"font-size: 12pt; font-family: arial, helvetica, sans-serif;\">Eine nicht sonderlich beschwerliche An- und Abreise, <\/span><\/p>\n<p style=\"text-align: center;\"><span style=\"font-size: 12pt; font-family: arial, helvetica, sans-serif;\">\u00fcberschaubare Kosten und das sommerliche Wetter sind f\u00fcr uns Grund genug.<\/span><\/p>\n<p style=\"text-align: center;\"><span style=\"font-size: 12pt; font-family: arial, helvetica, sans-serif;\">In diesem Sinne, bis zum n\u00e4chsten Mal.<\/span><\/p>\n<p style=\"text-align: center;\"><span style=\"font-size: 12pt; font-family: arial, helvetica, sans-serif;\">\u00a0<\/span><\/p>\n<p style=\"text-align: center;\"><span style=\"font-size: 12pt; font-family: arial, helvetica, sans-serif;\">Macht\u2019s gut Leute<\/span><\/p>\n<p style=\"text-align: center;\"><span style=\"font-size: 12pt; font-family: arial, helvetica, sans-serif;\">\u00a0<\/span><\/p>\n<p style=\"text-align: center;\"><span style=\"font-size: 12pt; font-family: arial, helvetica, sans-serif;\">Ute und Andie<\/span><\/p>\n<p style=\"text-align: center;\"><span style=\"font-size: 12pt; font-family: arial, helvetica, sans-serif;\">\u00a0<\/span><\/p>\n<p><span style=\"font-size: 12pt; font-family: arial, helvetica, sans-serif;\"><img decoding=\"async\" class=\" size-full wp-image-14049\" style=\"display: block; margin-left: auto; margin-right: auto;\" title=\"The Sunshine State\" src=\"https:\/\/welcome-ontour.de\/wordpress\/wp-content\/uploads\/2021\/01\/phoca_thumb_l_2019-11-23-06z.jpg\" width=\"160\" height=\"156\" srcset=\"https:\/\/welcome-ontour.de\/wordpress\/wp-content\/uploads\/2021\/01\/phoca_thumb_l_2019-11-23-06z.jpg 600w, https:\/\/welcome-ontour.de\/wordpress\/wp-content\/uploads\/2021\/01\/phoca_thumb_l_2019-11-23-06z-300x293.jpg 300w\" sizes=\"(max-width: 160px) 100vw, 160px\" \/><\/span><\/p>\n<p style=\"text-align: center;\">\n<p style=\"text-align: center;\"><a href=\"https:\/\/welcome-ontour.de\/wordpress\/index.php\/2019-11-22\/\">&lt; zur\u00fcck<\/a>\u00a0 \u00a0 \u00a0 \u00a0 \u00a0 \u00a0 \u00a0 \u00a0 \u00a0 \u00a0 \u00a0 \u00a0 \u00a0 \u00a0 \u00a0 \u00a0 \u00a0 \u00a0 \u00a0 \u00a0 \u00a0 \u00a0 \u00a0 \u00a0 \u00a0 \u00a0 \u00a0 \u00a0 \u00a0 \u00a0 \u00a0 \u00a0 \u00a0 \u00a0 \u00a0 \u00a0 \u00a0 \u00a0 \u00a0 \u00a0 \u00a0 \u00a0 \u00a0 \u00a0 \u00a0 \u00a0 \u00a0 \u00a0 \u00a0 \u00a0 \u00a0 \u00a0 \u00a0 \u00a0 \u00a0 \u00a0 \u00a0 \u00a0 \u00a0 \u00a0 \u00a0 \u00a0 \u00a0 \u00a0 \u00a0 \u00a0 \u00a0 \u00a0 \u00a0 \u00a0 \u00a0 \u00a0 \u00a0 \u00a0 \u00a0 \u00a0 \u00a0 \u00a0 \u00a0 \u00a0 \u00a0 \u00a0 \u00a0 \u00a0 \u00a0 \u00a0 \u00a0 \u00a0 \u00a0<a href=\"https:\/\/welcome-ontour.de\/wordpress\/index.php\/reiseberichte\/\">Reiseberichte &gt;<\/a><\/p>\n","protected":false},"excerpt":{"rendered":"<p>Prolog\u00a0 \u00a0 \u00a0 \u00a0Anreise\u00a0 \u00a0 \u00a0 \u00a0Naples\u00a0 \u00a0 \u00a0 \u00a0Lovers Key\u00a0 \u00a0 \u00a0 \u00a0St. Petersburg\u00a0 \u00a0 \u00a0\u00a0Honeymoon Island\u00a0 \u00a0 \u00a0\u00a0Dali\u00a0 \u00a0 \u00a0\u00a0Fort De Soto\u00a0 \u00a0 \u00a0Crystal River\u00a0 \u00a0 \u00a0\u00a0Orlando\u00a0 \u00a0 \u00a0Atlantik\u00a0 \u00a0 \u00a0\u00a0 Sarasota\u00a0 \u00a0 \u00a0Ringling\u00a0 \u00a0 \u00a0\u00a0Anna Maria Island\u00a0 \u00a0 \u00a0Cape Coral\u00a0 \u00a0 \u00a0\u00a0Ft. Myers Beach\u00a0 \u00a0 \u00a0Miami\u00a0 \u00a0 \u00a0\u00a0R\u00fcckreise\u00a0 \u00a0 \u00a0 \u00a0Fazit &lt; zur\u00fcck\u00a0 \u00a0 \u00a0 \u00a0 \u00a0 \u00a0 \u00a0 \u00a0 \u00a0 \u00a0 \u00a0 \u00a0 \u00a0 \u00a0 \u00a0 \u00a0 \u00a0 \u00a0 \u00a0 \u00a0 \u00a0 \u00a0 \u00a0 \u00a0 \u00a0 \u00a0 \u00a0 \u00a0 \u00a0 \u00a0 \u00a0 \u00a0 \u00a0 \u00a0 \u00a0 \u00a0 \u00a0 \u00a0 \u00a0 \u00a0 \u00a0 \u00a0 \u00a0 \u00a0 \u00a0 \u00a0 \u00a0 \u00a0 \u00a0 \u00a0 \u00a0 \u00a0 \u00a0 \u00a0 \u00a0 \u00a0 \u00a0 \u00a0 \u00a0 \u00a0 \u00a0 \u00a0 \u00a0 \u00a0 \u00a0 \u00a0 \u00a0 \u00a0 \u00a0 \u00a0 \u00a0 \u00a0 \u00a0 \u00a0 \u00a0 \u00a0 \u00a0 \u00a0 \u00a0 \u00a0 \u00a0 \u00a0 \u00a0 \u00a0 \u00a0 \u00a0 \u00a0 \u00a0 \u00a0Reiseberichte &gt; Fazit \u00a0 \u00a0 November in Florida ist gut machbar. Die Hurricane Saison ist vorbei, Klima und Meerwasser sind noch sommerlich warm und die Kosten f\u00fcr Hotels und Fl\u00fcge erschwinglich. Die amerikanischen Rentner sind noch nicht eingeflogen und die Weihnachtssaison hat noch nicht begonnen. All diese Faktoren sind ein guter Grund, den europ\u00e4ischen Sommer hier zu verl\u00e4ngern. \u00dcberall ist es merklich leerer als zu Saisonzeiten. Leider haben wir auch ein paar Tage k\u00fchleres Wetter dabei gehabt. Konnten es aber gut mit anderen Aktivit\u00e4ten \u00fcberbr\u00fccken. Insgesamt war die Tour sehr erholsam. Besonders gut haben uns die Aufenthalte in den Beach Parks an der Golfk\u00fcste gefallen. F\u00fcr immer unvergessen ist das Schwimmen mit den Manatees. \u00a0 \u00a0 Zu den Fl\u00fcgen gibt es nicht viel zu sagen, im A380 sind wir gern unterwegs. Modern, leise, bequem und dieses Mal auch sehr g\u00fcnstig. Bei den Unterk\u00fcnften war von okay bis super alles dabei. Entt\u00e4uscht waren wir vom Hilton Resort in Orlando. Da haben wir in vielen einfacheren Hotels besser \u00fcbernachtet und auch beim Service besteht Nachholebedarf. Sch\u00f6n war es auch auf dieser Tour, wieder Zeit mit Freunden verbringen zu k\u00f6nnen, auch wenn es manchmal nur wenige Stunden waren. Beim Mietwagen fragen sich einige von euch vielleicht, wie das funktionieren soll. Drei Wochen Roadtrip mit einem Cabrio? Das f\u00e4ngt schon damit an, dass man sich auf Notwendigkeiten beschr\u00e4nkt und ausschlie\u00dflich mit Handgep\u00e4ck reist. Dazu kommt, dass man als Fahrzeug den Mustang w\u00e4hlen sollte, denn der hat auch als Cabrio einen fast schon ger\u00e4umigen Kofferraum. Wir bekommen es problemlos hin, all unser Zeug im Kofferraum unterzubringen. Neben dem Gep\u00e4ck, Handt\u00fcchern und Wasserpacks waren das dieses Mal auch die 2 Strandst\u00fchle. Lassen den Wagen beim Einkauf oder am Restaurant gern mit ge\u00f6ffneten Verdeck stehen. Da sollte nichts auf R\u00fccksitzen, in Fu\u00dfraum oder T\u00fcren sein. Der rote Mustang hat uns in den drei Wochen \u00fcberaus bequem und fast immer oben ohne 1570 Meilen (2520 km) durch die Landschaft gefahren. F\u00fcr uns der ideale Reisewagen f\u00fcr eine Florida Tour. \u00a0 \u00a0 Bei warmen Wetter sich Sonne und Fahrtwind um die Nase wehen lassen, auch das ist f\u00fcr uns American Way of Life. Dazu genie\u00dfen wir es auch nach so vielen Touren noch immer, amerikanische Rock-Radiosender zu h\u00f6ren. Fast alle Songs erinnern einen an eine Zeit ohne Gelenk- und R\u00fcckenschmerzen. Die Bestenliste der meistgeh\u00f6rten Tracks dieser Tour wird angef\u00fchrt von Heart mit \u201eCrazy On You\u201c. Dicht gefolgt von Boston\u2019s \u201eDon\u2019t Look Back\u201c und \u201ePhotograph\u201c von Deff Leppard. \u00a0 \u00a0 Wie immer abschlie\u00dfend der Zahlensalat. Der erste Gedanke an diese Tour kam mit den Flugangeboten im Fr\u00fchjahr 2019. Florida Fl\u00fcge im November mit Air France f\u00fcr rund 300 Euro pro Person, da konnten wir nicht nein sagen. Das Auto gab es dieses Mal bei Billiger-Mietwagen. F\u00fcr knapp drei Wochen Cabrio inklusive aller n\u00f6tigen Versicherungen waren 750 Euro f\u00e4llig. Die Hotels habe ich bei verschiedenen Anbietern wie Hotels.com, Priceline oder Hotwire gebucht. Der durchschnittliche Zimmerpreis dieser Tour lag bei 85 Euro. \u00a0 \u00a0 R\u00fcckblickend war es mit ziemlicher Sicherheit nicht unsere letzte Florida Reise im Sp\u00e4therbst. Eine nicht sonderlich beschwerliche An- und Abreise, \u00fcberschaubare Kosten und das sommerliche Wetter sind f\u00fcr uns Grund genug. In diesem Sinne, bis zum n\u00e4chsten Mal. \u00a0 Macht\u2019s gut Leute \u00a0 Ute und Andie \u00a0 &lt; zur\u00fcck\u00a0 \u00a0 \u00a0 \u00a0 \u00a0 \u00a0 \u00a0 \u00a0 \u00a0 \u00a0 \u00a0 \u00a0 \u00a0 \u00a0 \u00a0 \u00a0 \u00a0 \u00a0 \u00a0 \u00a0 \u00a0 \u00a0 \u00a0 \u00a0 \u00a0 \u00a0 \u00a0 \u00a0 \u00a0 \u00a0 \u00a0 \u00a0 \u00a0 \u00a0 \u00a0 \u00a0 \u00a0 \u00a0 \u00a0 \u00a0 \u00a0 \u00a0 \u00a0 \u00a0 \u00a0 \u00a0 \u00a0 \u00a0 \u00a0 \u00a0 \u00a0 \u00a0 \u00a0 \u00a0 \u00a0 \u00a0 \u00a0 \u00a0 \u00a0 \u00a0 \u00a0 \u00a0 \u00a0 \u00a0 \u00a0 \u00a0 \u00a0 \u00a0 \u00a0 \u00a0 \u00a0 \u00a0 \u00a0 \u00a0 \u00a0 \u00a0 \u00a0 \u00a0 \u00a0 \u00a0 \u00a0 \u00a0 \u00a0 \u00a0 \u00a0 \u00a0 \u00a0 \u00a0 \u00a0Reiseberichte &gt;<\/p>\n","protected":false},"author":1,"featured_media":14044,"parent":0,"menu_order":2,"comment_status":"closed","ping_status":"closed","template":"","meta":{"footnotes":""},"class_list":["post-14050","page","type-page","status-publish","has-post-thumbnail","hentry"],"_links":{"self":[{"href":"https:\/\/welcome-ontour.de\/wordpress\/index.php\/wp-json\/wp\/v2\/pages\/14050","targetHints":{"allow":["GET"]}}],"collection":[{"href":"https:\/\/welcome-ontour.de\/wordpress\/index.php\/wp-json\/wp\/v2\/pages"}],"about":[{"href":"https:\/\/welcome-ontour.de\/wordpress\/index.php\/wp-json\/wp\/v2\/types\/page"}],"author":[{"embeddable":true,"href":"https:\/\/welcome-ontour.de\/wordpress\/index.php\/wp-json\/wp\/v2\/users\/1"}],"replies":[{"embeddable":true,"href":"https:\/\/welcome-ontour.de\/wordpress\/index.php\/wp-json\/wp\/v2\/comments?post=14050"}],"version-history":[{"count":3,"href":"https:\/\/welcome-ontour.de\/wordpress\/index.php\/wp-json\/wp\/v2\/pages\/14050\/revisions"}],"predecessor-version":[{"id":16789,"href":"https:\/\/welcome-ontour.de\/wordpress\/index.php\/wp-json\/wp\/v2\/pages\/14050\/revisions\/16789"}],"wp:featuredmedia":[{"embeddable":true,"href":"https:\/\/welcome-ontour.de\/wordpress\/index.php\/wp-json\/wp\/v2\/media\/14044"}],"wp:attachment":[{"href":"https:\/\/welcome-ontour.de\/wordpress\/index.php\/wp-json\/wp\/v2\/media?parent=14050"}],"curies":[{"name":"wp","href":"https:\/\/api.w.org\/{rel}","templated":true}]}}