{"id":14043,"date":"2021-01-25T10:38:55","date_gmt":"2021-01-25T10:38:55","guid":{"rendered":"https:\/\/welcome-ontour.de\/wordpress\/index.php\/2019-11-22\/"},"modified":"2022-06-30T23:06:16","modified_gmt":"2022-06-30T23:06:16","slug":"2019-11-22","status":"publish","type":"page","link":"https:\/\/welcome-ontour.de\/wordpress\/index.php\/2019-11-22\/","title":{"rendered":"2019 11 22"},"content":{"rendered":"<p style=\"text-align: center;\"><span style=\"font-size: 8pt;\"><a href=\"https:\/\/welcome-ontour.de\/wordpress\/index.php\/2019-11-01-prolog\/\">Prolog<\/a>\u00a0 \u00a0 \u00a0 \u00a0<a href=\"https:\/\/welcome-ontour.de\/wordpress\/index.php\/2019-11-02\/\">Anreise<\/a>\u00a0 \u00a0 \u00a0 \u00a0<a href=\"https:\/\/welcome-ontour.de\/wordpress\/index.php\/2019-11-03\/\">Naples<\/a>\u00a0 \u00a0 \u00a0 \u00a0<a href=\"https:\/\/welcome-ontour.de\/wordpress\/index.php\/2019-11-04\/\">Lovers Key<\/a>\u00a0 \u00a0 \u00a0 \u00a0<a href=\"https:\/\/welcome-ontour.de\/wordpress\/index.php\/2019-11-06\/\">St. Petersburg<\/a>\u00a0 \u00a0 \u00a0\u00a0<a href=\"https:\/\/welcome-ontour.de\/wordpress\/index.php\/2019-11-07\/\">Honeymoon Island<\/a>\u00a0 \u00a0 \u00a0\u00a0<a href=\"https:\/\/welcome-ontour.de\/wordpress\/index.php\/2019-11-08\/\">Dali<\/a>\u00a0 \u00a0 \u00a0\u00a0<a href=\"https:\/\/welcome-ontour.de\/wordpress\/index.php\/2019-11-09\/\">Fort De Soto<\/a>\u00a0 \u00a0 \u00a0<a href=\"https:\/\/welcome-ontour.de\/wordpress\/index.php\/2019-11-10\/\">Crystal River<\/a>\u00a0 \u00a0 \u00a0\u00a0<a href=\"https:\/\/welcome-ontour.de\/wordpress\/index.php\/2019-11-12\/\">Orlando<\/a>\u00a0 \u00a0 \u00a0<a href=\"https:\/\/welcome-ontour.de\/wordpress\/index.php\/2019-11-14\/\">Atlantik<\/a>\u00a0 \u00a0 \u00a0\u00a0<\/span><\/p>\n<p style=\"text-align: center;\"><span style=\"font-size: 8pt;\"><a href=\"https:\/\/welcome-ontour.de\/wordpress\/index.php\/2019-11-15\/\">Sarasota<\/a>\u00a0 \u00a0 \u00a0<a href=\"https:\/\/welcome-ontour.de\/wordpress\/index.php\/2019-11-16\/\">Ringling<\/a>\u00a0 \u00a0 \u00a0\u00a0<\/span><span style=\"font-size: 8pt;\"><a href=\"https:\/\/welcome-ontour.de\/wordpress\/index.php\/2019-11-17\/\">Anna Maria Island<\/a>\u00a0 \u00a0 \u00a0<a href=\"https:\/\/welcome-ontour.de\/wordpress\/index.php\/2019-11-18\/\">Cape Coral<\/a><\/span><span style=\"font-size: 8pt;\">\u00a0 \u00a0 \u00a0\u00a0<a href=\"https:\/\/welcome-ontour.de\/wordpress\/index.php\/2019-11-19\/\">Ft. Myers Beach<\/a>\u00a0 \u00a0 \u00a0<a href=\"https:\/\/welcome-ontour.de\/wordpress\/index.php\/2019-11-20\/\">Miami<\/a>\u00a0 \u00a0 \u00a0\u00a0<a href=\"https:\/\/welcome-ontour.de\/wordpress\/index.php\/2019-11-21\/\">R\u00fcckreise<\/a>\u00a0 \u00a0 \u00a0 \u00a0<a href=\"https:\/\/welcome-ontour.de\/wordpress\/index.php\/2019-11-23-fazit\/\">Fazit<\/a><\/span><\/p>\n<p style=\"text-align: center;\">\u00a0<\/p>\n<p style=\"text-align: center;\"><a href=\"https:\/\/welcome-ontour.de\/wordpress\/index.php\/2019-11-21\/\">&lt; zur\u00fcck<\/a>\u00a0 \u00a0 \u00a0 \u00a0\u00a0 \u00a0 \u00a0 \u00a0 \u00a0 \u00a0 \u00a0 \u00a0 \u00a0 \u00a0 \u00a0 \u00a0 \u00a0 \u00a0 \u00a0 \u00a0 \u00a0 \u00a0 \u00a0 \u00a0 \u00a0 \u00a0 \u00a0 \u00a0 \u00a0 \u00a0 \u00a0 \u00a0 \u00a0 \u00a0 \u00a0 \u00a0 \u00a0 \u00a0 \u00a0 \u00a0 \u00a0 \u00a0 \u00a0 \u00a0 \u00a0 \u00a0 \u00a0 \u00a0 \u00a0 \u00a0 \u00a0 \u00a0 \u00a0 \u00a0 \u00a0 \u00a0 \u00a0 \u00a0 \u00a0 \u00a0 \u00a0 \u00a0 \u00a0 \u00a0 \u00a0 \u00a0 \u00a0 \u00a0 \u00a0 \u00a0 \u00a0 \u00a0 \u00a0 \u00a0 \u00a0 \u00a0 \u00a0 \u00a0 \u00a0 \u00a0 \u00a0 \u00a0 \u00a0 \u00a0 \u00a0 \u00a0 \u00a0 \u00a0 \u00a0 \u00a0 \u00a0 \u00a0 \u00a0 \u00a0 \u00a0 \u00a0<a href=\"https:\/\/welcome-ontour.de\/wordpress\/index.php\/2019-11-23-fazit\/\">weiter &gt;<\/a><\/p>\n<p style=\"text-align: center;\">\u00a0<\/p>\n<p style=\"text-align: center;\"><span style=\"font-size: 14pt;\"><strong><span style=\"font-family: arial, helvetica, sans-serif;\">Fr 22.11.<\/span><\/strong><\/span><\/p>\n<p style=\"text-align: center;\"><span style=\"font-size: 14pt;\"><strong><span style=\"font-family: arial, helvetica, sans-serif;\">\u00a0<\/span><\/strong><\/span><\/p>\n<p style=\"text-align: center;\"><span style=\"font-size: 14pt;\"><strong><span style=\"font-family: arial, helvetica, sans-serif;\">Ankunft Berlin<\/span><\/strong><\/span><\/p>\n<p style=\"text-align: center;\"><span style=\"font-family: arial, helvetica, sans-serif; font-size: 12pt;\">\u00a0<\/span><\/p>\n<p style=\"text-align: center;\"><span style=\"font-family: arial, helvetica, sans-serif; font-size: 12pt;\">Bis etwa Neufundland fliegen wir an der nordamerikanischen Ostk\u00fcste entlang, <\/span><\/p>\n<p style=\"text-align: center;\"><span style=\"font-family: arial, helvetica, sans-serif; font-size: 12pt;\">von dort in direkter Linie nach Frankreich.<\/span><\/p>\n<p style=\"text-align: center;\"><span style=\"font-family: arial, helvetica, sans-serif; font-size: 12pt;\">Wir schaffen es, ein paar Stunden zu schlafen.<\/span><\/p>\n<p style=\"text-align: center;\"><span style=\"font-family: arial, helvetica, sans-serif; font-size: 12pt;\">Das geht auf unseren Sitzpl\u00e4tzen recht gut, wenn man die Sitzlehnen zur\u00fcckklappt.<\/span><\/p>\n<p style=\"text-align: center;\"><span style=\"font-family: arial, helvetica, sans-serif; font-size: 12pt;\">Irgendwo \u00fcber dem Nordatlantik melden sich dann die angek\u00fcndigten Turbulenzen.<\/span><\/p>\n<p style=\"text-align: center;\"><span style=\"font-family: arial, helvetica, sans-serif; font-size: 12pt;\">Und zwar in einer Heftigkeit, wie wir sie noch nicht erlebt haben.<\/span><\/p>\n<p style=\"text-align: center;\"><span style=\"font-family: arial, helvetica, sans-serif; font-size: 12pt;\">An Schlaf ist nicht mehr zu denken.<\/span><\/p>\n<p style=\"text-align: center;\"><span style=\"font-family: arial, helvetica, sans-serif; font-size: 12pt;\">Das Heck des gro\u00dfen Doppelstockflugzeugs schl\u00e4gt horizontal und vertikal stark aus.<\/span><\/p>\n<p style=\"text-align: center;\"><span style=\"font-family: arial, helvetica, sans-serif; font-size: 12pt;\">Wir klammern uns an unsere Armlehnen, um nicht aus den Sitzen gehoben zu werden.<\/span><\/p>\n<p style=\"text-align: center;\"><span style=\"font-family: arial, helvetica, sans-serif; font-size: 12pt;\">Als der Spuk vorbei ist, atmen alle kr\u00e4ftig durch.<\/span><\/p>\n<p style=\"text-align: center;\"><span style=\"font-family: arial, helvetica, sans-serif; font-size: 12pt;\">Ich schau mir noch zwei Filme an, die nicht in Erinnerung geblieben sind.<\/span><\/p>\n<p style=\"text-align: center;\"><span style=\"font-family: arial, helvetica, sans-serif; font-size: 12pt;\">Vor dem Landeanflug wird noch ein warmes Fr\u00fchst\u00fcck serviert und morgens um sieben <\/span><\/p>\n<p style=\"text-align: center;\"><span style=\"font-family: arial, helvetica, sans-serif; font-size: 12pt;\">setzen wir noch im Dunkeln am Charles De Gaulle Airport in Paris auf.<\/span><\/p>\n<p style=\"text-align: center;\"><span style=\"font-family: arial, helvetica, sans-serif; font-size: 12pt;\">\u00a0<\/span><\/p>\n<p style=\"text-align: center;\"><span style=\"font-family: arial, helvetica, sans-serif; font-size: 12pt;\"><img decoding=\"async\" class=\" size-full wp-image-14033\" title=\"Paris bei Nacht\" src=\"https:\/\/welcome-ontour.de\/wordpress\/wp-content\/uploads\/2021\/01\/phoca_thumb_l_2019-11-22-01.jpg\" alt=\"\" width=\"400\" height=\"302\" srcset=\"https:\/\/welcome-ontour.de\/wordpress\/wp-content\/uploads\/2021\/01\/phoca_thumb_l_2019-11-22-01.jpg 400w, https:\/\/welcome-ontour.de\/wordpress\/wp-content\/uploads\/2021\/01\/phoca_thumb_l_2019-11-22-01-300x227.jpg 300w\" sizes=\"(max-width: 400px) 100vw, 400px\" \/>\u00a0 <img decoding=\"async\" class=\" size-full wp-image-14034\" title=\"Airport Paris\" src=\"https:\/\/welcome-ontour.de\/wordpress\/wp-content\/uploads\/2021\/01\/phoca_thumb_l_2019-11-22-02.jpg\" alt=\"\" width=\"400\" height=\"302\" srcset=\"https:\/\/welcome-ontour.de\/wordpress\/wp-content\/uploads\/2021\/01\/phoca_thumb_l_2019-11-22-02.jpg 400w, https:\/\/welcome-ontour.de\/wordpress\/wp-content\/uploads\/2021\/01\/phoca_thumb_l_2019-11-22-02-300x227.jpg 300w\" sizes=\"(max-width: 400px) 100vw, 400px\" \/><\/span><\/p>\n<p style=\"text-align: center;\"><span style=\"font-family: arial, helvetica, sans-serif; font-size: 12pt;\">\u00a0<\/span><\/p>\n<p style=\"text-align: center;\"><span style=\"font-family: arial, helvetica, sans-serif; font-size: 12pt;\">Sind letztendlich doch acht Stunden Flugzeit geworden.<\/span><\/p>\n<p style=\"text-align: center;\"><span style=\"font-family: arial, helvetica, sans-serif; font-size: 12pt;\">Den Weg von den M-Gates des Terminal 2E zu unserem Weiterflug vom Terminal 2F kennen wir aus den Vorjahren.<\/span><\/p>\n<p style=\"text-align: center;\"><span style=\"font-family: arial, helvetica, sans-serif; font-size: 12pt;\">Rolltreppen bringen uns ins Untergescho\u00df, von wo die kleine Magnetbahn zu den Pass- und Sicherheitskontrollen f\u00e4hrt.<\/span><\/p>\n<p style=\"text-align: center;\"><span style=\"font-family: arial, helvetica, sans-serif; font-size: 12pt;\">Um acht sitzen wir 20 m von unserem n\u00e4chsten Abfluggate F53 im Cafe und schl\u00fcrfen hei\u00dfe Caramel Macchiato.<\/span><\/p>\n<p style=\"text-align: center;\"><span style=\"font-family: arial, helvetica, sans-serif; font-size: 12pt;\">\u00a0<\/span><\/p>\n<p style=\"text-align: center;\"><span style=\"font-family: arial, helvetica, sans-serif; font-size: 12pt;\"><img decoding=\"async\" class=\" size-full wp-image-14035\" title=\"Cafe\" src=\"https:\/\/welcome-ontour.de\/wordpress\/wp-content\/uploads\/2021\/01\/phoca_thumb_l_2019-11-22-03.jpg\" alt=\"\" width=\"264\" height=\"199\" srcset=\"https:\/\/welcome-ontour.de\/wordpress\/wp-content\/uploads\/2021\/01\/phoca_thumb_l_2019-11-22-03.jpg 400w, https:\/\/welcome-ontour.de\/wordpress\/wp-content\/uploads\/2021\/01\/phoca_thumb_l_2019-11-22-03-300x227.jpg 300w\" sizes=\"(max-width: 264px) 100vw, 264px\" \/>\u00a0 <img decoding=\"async\" class=\" size-full wp-image-14036\" title=\"9:35 nach Berlin\" src=\"https:\/\/welcome-ontour.de\/wordpress\/wp-content\/uploads\/2021\/01\/phoca_thumb_l_2019-11-22-04.jpg\" alt=\"\" width=\"264\" height=\"199\" srcset=\"https:\/\/welcome-ontour.de\/wordpress\/wp-content\/uploads\/2021\/01\/phoca_thumb_l_2019-11-22-04.jpg 400w, https:\/\/welcome-ontour.de\/wordpress\/wp-content\/uploads\/2021\/01\/phoca_thumb_l_2019-11-22-04-300x227.jpg 300w\" sizes=\"(max-width: 264px) 100vw, 264px\" \/>\u00a0 <img decoding=\"async\" class=\" size-full wp-image-14037\" title=\"Joon Airbus\" src=\"https:\/\/welcome-ontour.de\/wordpress\/wp-content\/uploads\/2021\/01\/phoca_thumb_l_2019-11-22-05.jpg\" alt=\"\" width=\"264\" height=\"199\" srcset=\"https:\/\/welcome-ontour.de\/wordpress\/wp-content\/uploads\/2021\/01\/phoca_thumb_l_2019-11-22-05.jpg 400w, https:\/\/welcome-ontour.de\/wordpress\/wp-content\/uploads\/2021\/01\/phoca_thumb_l_2019-11-22-05-300x227.jpg 300w\" sizes=\"(max-width: 264px) 100vw, 264px\" \/><\/span><\/p>\n<p style=\"text-align: center;\"><span style=\"font-family: arial, helvetica, sans-serif; font-size: 12pt;\">\u00a0<\/span><\/p>\n<p style=\"text-align: center;\"><span style=\"font-family: arial, helvetica, sans-serif; font-size: 12pt;\">Der Flug nach Berlin wird, wie \u00fcblich von Joon durchgef\u00fchrt.<\/span><\/p>\n<p style=\"text-align: center;\"><span style=\"font-family: arial, helvetica, sans-serif; font-size: 12pt;\">Der Airbus 321 ist fast voll, nur wenige Pl\u00e4tze bleiben frei.<\/span><\/p>\n<p style=\"text-align: center;\"><span style=\"font-family: arial, helvetica, sans-serif; font-size: 12pt;\">\u00a0<\/span><\/p>\n<p style=\"text-align: center;\"><span style=\"font-family: arial, helvetica, sans-serif; font-size: 12pt;\"><img decoding=\"async\" class=\" size-full wp-image-14038\" title=\"Joon\" src=\"https:\/\/welcome-ontour.de\/wordpress\/wp-content\/uploads\/2021\/01\/phoca_thumb_l_2019-11-22-06.jpg\" alt=\"\" width=\"307\" height=\"232\" srcset=\"https:\/\/welcome-ontour.de\/wordpress\/wp-content\/uploads\/2021\/01\/phoca_thumb_l_2019-11-22-06.jpg 400w, https:\/\/welcome-ontour.de\/wordpress\/wp-content\/uploads\/2021\/01\/phoca_thumb_l_2019-11-22-06-300x227.jpg 300w\" sizes=\"(max-width: 307px) 100vw, 307px\" \/>\u00a0 <img decoding=\"async\" class=\" size-full wp-image-14039\" title=\"Joon\" src=\"https:\/\/welcome-ontour.de\/wordpress\/wp-content\/uploads\/2021\/01\/phoca_thumb_l_2019-11-22-07.jpg\" alt=\"\" width=\"307\" height=\"232\" srcset=\"https:\/\/welcome-ontour.de\/wordpress\/wp-content\/uploads\/2021\/01\/phoca_thumb_l_2019-11-22-07.jpg 400w, https:\/\/welcome-ontour.de\/wordpress\/wp-content\/uploads\/2021\/01\/phoca_thumb_l_2019-11-22-07-300x227.jpg 300w\" sizes=\"(max-width: 307px) 100vw, 307px\" \/>\u00a0 <img decoding=\"async\" class=\" size-full wp-image-14040\" title=\"Fertig ...\" src=\"https:\/\/welcome-ontour.de\/wordpress\/wp-content\/uploads\/2021\/01\/phoca_thumb_l_2019-11-22-08.jpg\" alt=\"\" width=\"175\" height=\"232\" srcset=\"https:\/\/welcome-ontour.de\/wordpress\/wp-content\/uploads\/2021\/01\/phoca_thumb_l_2019-11-22-08.jpg 301w, https:\/\/welcome-ontour.de\/wordpress\/wp-content\/uploads\/2021\/01\/phoca_thumb_l_2019-11-22-08-226x300.jpg 226w\" sizes=\"(max-width: 175px) 100vw, 175px\" \/><\/span><\/p>\n<p style=\"text-align: center;\"><span style=\"font-family: arial, helvetica, sans-serif; font-size: 12pt;\">\u00a0<\/span><\/p>\n<p style=\"text-align: center;\"><span style=\"font-family: arial, helvetica, sans-serif; font-size: 12pt;\">Wir haben Notausgangspl\u00e4tze 25D und F, der Sitz zwischen uns bleibt unbesetzt.<\/span><\/p>\n<p style=\"text-align: center;\"><span style=\"font-family: arial, helvetica, sans-serif; font-size: 12pt;\">9:45 starten wir in den verregneten Pariser Morgenhimmel.<\/span><\/p>\n<p style=\"text-align: center;\"><span style=\"font-family: arial, helvetica, sans-serif; font-size: 12pt;\">Die Exitseats bieten Beinfreiheit ohne Ende, wir schlafen sofort ein.<\/span><\/p>\n<p style=\"text-align: center;\"><span style=\"font-family: arial, helvetica, sans-serif; font-size: 12pt;\">\u00a0<\/span><\/p>\n<p style=\"text-align: center;\"><span style=\"font-family: arial, helvetica, sans-serif; font-size: 12pt;\"><img decoding=\"async\" class=\" size-full wp-image-14041\" title=\"\u00dcber den Wolken\" src=\"https:\/\/welcome-ontour.de\/wordpress\/wp-content\/uploads\/2021\/01\/phoca_thumb_l_2019-11-22-09.jpg\" alt=\"\" width=\"810\" height=\"458\" srcset=\"https:\/\/welcome-ontour.de\/wordpress\/wp-content\/uploads\/2021\/01\/phoca_thumb_l_2019-11-22-09.jpg 810w, https:\/\/welcome-ontour.de\/wordpress\/wp-content\/uploads\/2021\/01\/phoca_thumb_l_2019-11-22-09-300x170.jpg 300w, https:\/\/welcome-ontour.de\/wordpress\/wp-content\/uploads\/2021\/01\/phoca_thumb_l_2019-11-22-09-768x434.jpg 768w\" sizes=\"(max-width: 810px) 100vw, 810px\" \/><\/span><\/p>\n<p style=\"text-align: center;\"><span style=\"font-family: arial, helvetica, sans-serif; font-size: 12pt;\">\u00a0<\/span><\/p>\n<p style=\"text-align: center;\"><span style=\"font-family: arial, helvetica, sans-serif; font-size: 12pt;\">Ute schafft es gerade noch so, vor Landeanflug ihre Ohrenst\u00f6psel einzusetzen.<\/span><\/p>\n<p style=\"text-align: center;\"><span style=\"font-family: arial, helvetica, sans-serif; font-size: 12pt;\">11:15 setzen wir nach 1,5 Stunden Flug in Tegel auf.<\/span><\/p>\n<p style=\"text-align: center;\"><span style=\"font-family: arial, helvetica, sans-serif; font-size: 12pt;\">Berlin empf\u00e4ngt uns mit sonnigen 6\u00b0C.<\/span><\/p>\n<p style=\"text-align: center;\"><span style=\"font-family: arial, helvetica, sans-serif; font-size: 12pt;\">Nur mit Handgep\u00e4ck sind wir schnell am Mc Parking Treffpunkt und 15 min sp\u00e4ter an unserem Auto.<\/span><\/p>\n<p style=\"text-align: center;\"><span style=\"font-family: arial, helvetica, sans-serif; font-size: 12pt;\">Die Fahrt nach Hause verl\u00e4uft dann wie in Trance, sind beide \u00fcberm\u00fcdet.<\/span><\/p>\n<p style=\"text-align: center;\"><span style=\"font-family: arial, helvetica, sans-serif; font-size: 12pt;\">Mittags um eins sind wir daheim, schlaftrunken und gut erholt.<\/span><\/p>\n<p style=\"text-align: center;\"><span style=\"font-family: arial, helvetica, sans-serif; font-size: 12pt;\">\u00a0<\/span><\/p>\n<p><span style=\"font-family: arial, helvetica, sans-serif; font-size: 12pt;\"><img decoding=\"async\" class=\" size-full wp-image-14042\" style=\"display: block; margin-left: auto; margin-right: auto;\" title=\"Greetings from Florida\" src=\"https:\/\/welcome-ontour.de\/wordpress\/wp-content\/uploads\/2021\/01\/phoca_thumb_l_2019-11-22-10.jpg\" alt=\"\" width=\"160\" height=\"160\" srcset=\"https:\/\/welcome-ontour.de\/wordpress\/wp-content\/uploads\/2021\/01\/phoca_thumb_l_2019-11-22-10.jpg 394w, https:\/\/welcome-ontour.de\/wordpress\/wp-content\/uploads\/2021\/01\/phoca_thumb_l_2019-11-22-10-300x300.jpg 300w, https:\/\/welcome-ontour.de\/wordpress\/wp-content\/uploads\/2021\/01\/phoca_thumb_l_2019-11-22-10-150x150.jpg 150w\" sizes=\"(max-width: 160px) 100vw, 160px\" \/><\/span><\/p>\n<p style=\"text-align: center;\">\u00a0<\/p>\n<p style=\"text-align: center;\"><a href=\"https:\/\/welcome-ontour.de\/wordpress\/index.php\/2019-11-21\/\">&lt; zur\u00fcck<\/a>\u00a0 \u00a0 \u00a0 \u00a0\u00a0 \u00a0 \u00a0 \u00a0 \u00a0 \u00a0 \u00a0 \u00a0 \u00a0 \u00a0 \u00a0 \u00a0 \u00a0 \u00a0 \u00a0 \u00a0 \u00a0 \u00a0 \u00a0 \u00a0 \u00a0 \u00a0 \u00a0 \u00a0 \u00a0 \u00a0 \u00a0 \u00a0 \u00a0 \u00a0 \u00a0 \u00a0 \u00a0 \u00a0 \u00a0 \u00a0 \u00a0 \u00a0 \u00a0 \u00a0 \u00a0 \u00a0 \u00a0 \u00a0 \u00a0 \u00a0 \u00a0 \u00a0 \u00a0 \u00a0 \u00a0 \u00a0 \u00a0 \u00a0 \u00a0 \u00a0 \u00a0 \u00a0 \u00a0 \u00a0 \u00a0 \u00a0 \u00a0 \u00a0 \u00a0 \u00a0 \u00a0 \u00a0 \u00a0 \u00a0 \u00a0 \u00a0 \u00a0 \u00a0 \u00a0 \u00a0 \u00a0 \u00a0 \u00a0 \u00a0 \u00a0 \u00a0 \u00a0 \u00a0 \u00a0 \u00a0 \u00a0 \u00a0 \u00a0 \u00a0 \u00a0 \u00a0<a href=\"https:\/\/welcome-ontour.de\/wordpress\/index.php\/2019-11-23-fazit\/\">weiter &gt;<\/a>\u00a0<\/p>\n","protected":false},"excerpt":{"rendered":"<p>Prolog\u00a0 \u00a0 \u00a0 \u00a0Anreise\u00a0 \u00a0 \u00a0 \u00a0Naples\u00a0 \u00a0 \u00a0 \u00a0Lovers Key\u00a0 \u00a0 \u00a0 \u00a0St. Petersburg\u00a0 \u00a0 \u00a0\u00a0Honeymoon Island\u00a0 \u00a0 \u00a0\u00a0Dali\u00a0 \u00a0 \u00a0\u00a0Fort De Soto\u00a0 \u00a0 \u00a0Crystal River\u00a0 \u00a0 \u00a0\u00a0Orlando\u00a0 \u00a0 \u00a0Atlantik\u00a0 \u00a0 \u00a0\u00a0 Sarasota\u00a0 \u00a0 \u00a0Ringling\u00a0 \u00a0 \u00a0\u00a0Anna Maria Island\u00a0 \u00a0 \u00a0Cape Coral\u00a0 \u00a0 \u00a0\u00a0Ft. Myers Beach\u00a0 \u00a0 \u00a0Miami\u00a0 \u00a0 \u00a0\u00a0R\u00fcckreise\u00a0 \u00a0 \u00a0 \u00a0Fazit \u00a0 &lt; zur\u00fcck\u00a0 \u00a0 \u00a0 \u00a0\u00a0 \u00a0 \u00a0 \u00a0 \u00a0 \u00a0 \u00a0 \u00a0 \u00a0 \u00a0 \u00a0 \u00a0 \u00a0 \u00a0 \u00a0 \u00a0 \u00a0 \u00a0 \u00a0 \u00a0 \u00a0 \u00a0 \u00a0 \u00a0 \u00a0 \u00a0 \u00a0 \u00a0 \u00a0 \u00a0 \u00a0 \u00a0 \u00a0 \u00a0 \u00a0 \u00a0 \u00a0 \u00a0 \u00a0 \u00a0 \u00a0 \u00a0 \u00a0 \u00a0 \u00a0 \u00a0 \u00a0 \u00a0 \u00a0 \u00a0 \u00a0 \u00a0 \u00a0 \u00a0 \u00a0 \u00a0 \u00a0 \u00a0 \u00a0 \u00a0 \u00a0 \u00a0 \u00a0 \u00a0 \u00a0 \u00a0 \u00a0 \u00a0 \u00a0 \u00a0 \u00a0 \u00a0 \u00a0 \u00a0 \u00a0 \u00a0 \u00a0 \u00a0 \u00a0 \u00a0 \u00a0 \u00a0 \u00a0 \u00a0 \u00a0 \u00a0 \u00a0 \u00a0 \u00a0 \u00a0 \u00a0 \u00a0weiter &gt; \u00a0 Fr 22.11. \u00a0 Ankunft Berlin \u00a0 Bis etwa Neufundland fliegen wir an der nordamerikanischen Ostk\u00fcste entlang, von dort in direkter Linie nach Frankreich. Wir schaffen es, ein paar Stunden zu schlafen. Das geht auf unseren Sitzpl\u00e4tzen recht gut, wenn man die Sitzlehnen zur\u00fcckklappt. Irgendwo \u00fcber dem Nordatlantik melden sich dann die angek\u00fcndigten Turbulenzen. Und zwar in einer Heftigkeit, wie wir sie noch nicht erlebt haben. An Schlaf ist nicht mehr zu denken. Das Heck des gro\u00dfen Doppelstockflugzeugs schl\u00e4gt horizontal und vertikal stark aus. Wir klammern uns an unsere Armlehnen, um nicht aus den Sitzen gehoben zu werden. Als der Spuk vorbei ist, atmen alle kr\u00e4ftig durch. Ich schau mir noch zwei Filme an, die nicht in Erinnerung geblieben sind. Vor dem Landeanflug wird noch ein warmes Fr\u00fchst\u00fcck serviert und morgens um sieben setzen wir noch im Dunkeln am Charles De Gaulle Airport in Paris auf. \u00a0 \u00a0 \u00a0 Sind letztendlich doch acht Stunden Flugzeit geworden. Den Weg von den M-Gates des Terminal 2E zu unserem Weiterflug vom Terminal 2F kennen wir aus den Vorjahren. Rolltreppen bringen uns ins Untergescho\u00df, von wo die kleine Magnetbahn zu den Pass- und Sicherheitskontrollen f\u00e4hrt. Um acht sitzen wir 20 m von unserem n\u00e4chsten Abfluggate F53 im Cafe und schl\u00fcrfen hei\u00dfe Caramel Macchiato. \u00a0 \u00a0 \u00a0 \u00a0 Der Flug nach Berlin wird, wie \u00fcblich von Joon durchgef\u00fchrt. Der Airbus 321 ist fast voll, nur wenige Pl\u00e4tze bleiben frei. \u00a0 \u00a0 \u00a0 \u00a0 Wir haben Notausgangspl\u00e4tze 25D und F, der Sitz zwischen uns bleibt unbesetzt. 9:45 starten wir in den verregneten Pariser Morgenhimmel. Die Exitseats bieten Beinfreiheit ohne Ende, wir schlafen sofort ein. \u00a0 \u00a0 Ute schafft es gerade noch so, vor Landeanflug ihre Ohrenst\u00f6psel einzusetzen. 11:15 setzen wir nach 1,5 Stunden Flug in Tegel auf. Berlin empf\u00e4ngt uns mit sonnigen 6\u00b0C. Nur mit Handgep\u00e4ck sind wir schnell am Mc Parking Treffpunkt und 15 min sp\u00e4ter an unserem Auto. Die Fahrt nach Hause verl\u00e4uft dann wie in Trance, sind beide \u00fcberm\u00fcdet. Mittags um eins sind wir daheim, schlaftrunken und gut erholt. \u00a0 \u00a0 &lt; zur\u00fcck\u00a0 \u00a0 \u00a0 \u00a0\u00a0 \u00a0 \u00a0 \u00a0 \u00a0 \u00a0 \u00a0 \u00a0 \u00a0 \u00a0 \u00a0 \u00a0 \u00a0 \u00a0 \u00a0 \u00a0 \u00a0 \u00a0 \u00a0 \u00a0 \u00a0 \u00a0 \u00a0 \u00a0 \u00a0 \u00a0 \u00a0 \u00a0 \u00a0 \u00a0 \u00a0 \u00a0 \u00a0 \u00a0 \u00a0 \u00a0 \u00a0 \u00a0 \u00a0 \u00a0 \u00a0 \u00a0 \u00a0 \u00a0 \u00a0 \u00a0 \u00a0 \u00a0 \u00a0 \u00a0 \u00a0 \u00a0 \u00a0 \u00a0 \u00a0 \u00a0 \u00a0 \u00a0 \u00a0 \u00a0 \u00a0 \u00a0 \u00a0 \u00a0 \u00a0 \u00a0 \u00a0 \u00a0 \u00a0 \u00a0 \u00a0 \u00a0 \u00a0 \u00a0 \u00a0 \u00a0 \u00a0 \u00a0 \u00a0 \u00a0 \u00a0 \u00a0 \u00a0 \u00a0 \u00a0 \u00a0 \u00a0 \u00a0 \u00a0 \u00a0 \u00a0 \u00a0weiter &gt;\u00a0<\/p>\n","protected":false},"author":1,"featured_media":14033,"parent":0,"menu_order":0,"comment_status":"closed","ping_status":"closed","template":"","meta":{"footnotes":""},"class_list":["post-14043","page","type-page","status-publish","has-post-thumbnail","hentry"],"_links":{"self":[{"href":"https:\/\/welcome-ontour.de\/wordpress\/index.php\/wp-json\/wp\/v2\/pages\/14043","targetHints":{"allow":["GET"]}}],"collection":[{"href":"https:\/\/welcome-ontour.de\/wordpress\/index.php\/wp-json\/wp\/v2\/pages"}],"about":[{"href":"https:\/\/welcome-ontour.de\/wordpress\/index.php\/wp-json\/wp\/v2\/types\/page"}],"author":[{"embeddable":true,"href":"https:\/\/welcome-ontour.de\/wordpress\/index.php\/wp-json\/wp\/v2\/users\/1"}],"replies":[{"embeddable":true,"href":"https:\/\/welcome-ontour.de\/wordpress\/index.php\/wp-json\/wp\/v2\/comments?post=14043"}],"version-history":[{"count":1,"href":"https:\/\/welcome-ontour.de\/wordpress\/index.php\/wp-json\/wp\/v2\/pages\/14043\/revisions"}],"predecessor-version":[{"id":14989,"href":"https:\/\/welcome-ontour.de\/wordpress\/index.php\/wp-json\/wp\/v2\/pages\/14043\/revisions\/14989"}],"wp:featuredmedia":[{"embeddable":true,"href":"https:\/\/welcome-ontour.de\/wordpress\/index.php\/wp-json\/wp\/v2\/media\/14033"}],"wp:attachment":[{"href":"https:\/\/welcome-ontour.de\/wordpress\/index.php\/wp-json\/wp\/v2\/media?parent=14043"}],"curies":[{"name":"wp","href":"https:\/\/api.w.org\/{rel}","templated":true}]}}