{"id":13424,"date":"2021-01-25T10:23:38","date_gmt":"2021-01-25T10:23:38","guid":{"rendered":"https:\/\/welcome-ontour.de\/wordpress\/index.php\/2019-11-01-prolog\/"},"modified":"2022-06-30T23:07:30","modified_gmt":"2022-06-30T23:07:30","slug":"2019-11-01-prolog","status":"publish","type":"page","link":"https:\/\/welcome-ontour.de\/wordpress\/index.php\/2019-11-01-prolog\/","title":{"rendered":"2019 11 01 prolog"},"content":{"rendered":"<p style=\"text-align: center;\"><span style=\"font-size: 8pt;\"><a href=\"https:\/\/welcome-ontour.de\/wordpress\/index.php\/2019-11-01-prolog\/\">Prolog<\/a>\u00a0 \u00a0 \u00a0 \u00a0<a href=\"https:\/\/welcome-ontour.de\/wordpress\/index.php\/2019-11-02\/\">Anreise<\/a>\u00a0 \u00a0 \u00a0 \u00a0<a href=\"https:\/\/welcome-ontour.de\/wordpress\/index.php\/2019-11-03\/\">Naples<\/a>\u00a0 \u00a0 \u00a0 \u00a0<a href=\"https:\/\/welcome-ontour.de\/wordpress\/index.php\/2019-11-04\/\">Lovers Key<\/a>\u00a0 \u00a0 \u00a0 \u00a0<a href=\"https:\/\/welcome-ontour.de\/wordpress\/index.php\/2019-11-06\/\">St. Petersburg<\/a>\u00a0 \u00a0 \u00a0\u00a0<a href=\"https:\/\/welcome-ontour.de\/wordpress\/index.php\/2019-11-07\/\">Honeymoon Island<\/a>\u00a0 \u00a0 \u00a0\u00a0<a href=\"https:\/\/welcome-ontour.de\/wordpress\/index.php\/2019-11-08\/\">Dali<\/a>\u00a0 \u00a0 \u00a0\u00a0<a href=\"https:\/\/welcome-ontour.de\/wordpress\/index.php\/2019-11-09\/\">Fort De Soto<\/a>\u00a0 \u00a0 \u00a0<a href=\"https:\/\/welcome-ontour.de\/wordpress\/index.php\/2019-11-10\/\">Crystal River<\/a>\u00a0 \u00a0 \u00a0\u00a0<a href=\"https:\/\/welcome-ontour.de\/wordpress\/index.php\/2019-11-12\/\">Orlando<\/a>\u00a0 \u00a0 \u00a0<a href=\"https:\/\/welcome-ontour.de\/wordpress\/index.php\/2019-11-14\/\">Atlantik<\/a>\u00a0 \u00a0 \u00a0\u00a0<\/span><\/p>\n<p style=\"text-align: center;\"><span style=\"font-size: 8pt;\"><a href=\"https:\/\/welcome-ontour.de\/wordpress\/index.php\/2019-11-15\/\">Sarasota<\/a>\u00a0 \u00a0 \u00a0<a href=\"https:\/\/welcome-ontour.de\/wordpress\/index.php\/2019-11-16\/\">Ringling<\/a>\u00a0 \u00a0 \u00a0\u00a0<\/span><span style=\"font-size: 8pt;\"><a href=\"https:\/\/welcome-ontour.de\/wordpress\/index.php\/2019-11-17\/\">Anna Maria Island<\/a>\u00a0 \u00a0 \u00a0<a href=\"https:\/\/welcome-ontour.de\/wordpress\/index.php\/2019-11-18\/\">Cape Coral<\/a><\/span><span style=\"font-size: 8pt;\">\u00a0 \u00a0 \u00a0\u00a0<a href=\"https:\/\/welcome-ontour.de\/wordpress\/index.php\/2019-11-19\/\">Ft. Myers Beach<\/a>\u00a0 \u00a0 \u00a0<a href=\"https:\/\/welcome-ontour.de\/wordpress\/index.php\/2019-11-20\/\">Miami<\/a>\u00a0 \u00a0 \u00a0\u00a0<a href=\"https:\/\/welcome-ontour.de\/wordpress\/index.php\/2019-11-21\/\">R\u00fcckreise<\/a>\u00a0 \u00a0 \u00a0 \u00a0<a href=\"https:\/\/welcome-ontour.de\/wordpress\/index.php\/2019-11-23-fazit\/\">Fazit<\/a><\/span><\/p>\n<p style=\"text-align: center;\">\n<p style=\"text-align: center;\"><a href=\"https:\/\/welcome-ontour.de\/wordpress\/index.php\/reiseberichte\/\">&lt; Reiseberichte<\/a>\u00a0 \u00a0 \u00a0 \u00a0 \u00a0 \u00a0 \u00a0 \u00a0 \u00a0 \u00a0 \u00a0 \u00a0 \u00a0 \u00a0 \u00a0 \u00a0 \u00a0 \u00a0 \u00a0 \u00a0 \u00a0 \u00a0 \u00a0 \u00a0 \u00a0 \u00a0 \u00a0 \u00a0 \u00a0 \u00a0 \u00a0 \u00a0 \u00a0 \u00a0 \u00a0 \u00a0 \u00a0 \u00a0 \u00a0 \u00a0 \u00a0 \u00a0 \u00a0 \u00a0 \u00a0 \u00a0 \u00a0 \u00a0 \u00a0 \u00a0 \u00a0 \u00a0 \u00a0 \u00a0 \u00a0 \u00a0 \u00a0 \u00a0 \u00a0 \u00a0 \u00a0 \u00a0 \u00a0 \u00a0 \u00a0 \u00a0 \u00a0 \u00a0 \u00a0 \u00a0 \u00a0 \u00a0 \u00a0 \u00a0 \u00a0 \u00a0 \u00a0 \u00a0 \u00a0 \u00a0 \u00a0 \u00a0 \u00a0 \u00a0 \u00a0 \u00a0 \u00a0 \u00a0 \u00a0 \u00a0 \u00a0 \u00a0<a href=\"https:\/\/welcome-ontour.de\/wordpress\/index.php\/2019-11-02\/\">weiter &gt;<\/a><\/p>\n<p style=\"text-align: center;\">\n<p style=\"text-align: center;\"><span style=\"font-size: 24pt;\"><strong><span style=\"font-family: arial, helvetica, sans-serif;\">Easy Livin&#8216;<\/span><\/strong><\/span><\/p>\n<p style=\"text-align: center;\"><span style=\"font-size: 18pt;\"><strong><span style=\"font-family: arial, helvetica, sans-serif;\">\u00a0<\/span><\/strong><\/span><\/p>\n<p style=\"text-align: center;\"><span style=\"font-size: 18pt;\"><strong><span style=\"font-family: arial, helvetica, sans-serif;\">Florida 2019<\/span><\/strong><\/span><\/p>\n<p style=\"text-align: center;\"><span style=\"font-family: arial, helvetica, sans-serif; font-size: 12pt;\">\u00a0<\/span><\/p>\n<p style=\"text-align: center;\"><span style=\"font-family: arial, helvetica, sans-serif; font-size: 12pt;\"><a href=\"https:\/\/welcome-ontour.de\/wordpress\/wp-content\/uploads\/2012\/11\/phoca_thumb_l_2019-11-01-001-pano.jpg\" target=\"_blank\" rel=\"noopener noreferrer\"><img decoding=\"async\" class=\" size-full wp-image-1589\" title=\"Florida 2019\" src=\"https:\/\/welcome-ontour.de\/wordpress\/wp-content\/uploads\/2012\/11\/phoca_thumb_l_2019-11-01-001-pano.jpg\" width=\"700\" height=\"297\" srcset=\"https:\/\/welcome-ontour.de\/wordpress\/wp-content\/uploads\/2012\/11\/phoca_thumb_l_2019-11-01-001-pano.jpg 1206w, https:\/\/welcome-ontour.de\/wordpress\/wp-content\/uploads\/2012\/11\/phoca_thumb_l_2019-11-01-001-pano-300x127.jpg 300w, https:\/\/welcome-ontour.de\/wordpress\/wp-content\/uploads\/2012\/11\/phoca_thumb_l_2019-11-01-001-pano-1024x435.jpg 1024w, https:\/\/welcome-ontour.de\/wordpress\/wp-content\/uploads\/2012\/11\/phoca_thumb_l_2019-11-01-001-pano-768x326.jpg 768w\" sizes=\"(max-width: 700px) 100vw, 700px\" \/><\/a><\/span><\/p>\n<p style=\"text-align: center;\"><span style=\"font-family: arial, helvetica, sans-serif; font-size: 12pt;\">\u00a0<\/span><\/p>\n<p style=\"text-align: center;\"><span style=\"font-size: 14pt;\"><strong><span style=\"font-family: arial, helvetica, sans-serif;\">Prolog<\/span><\/strong><\/span><\/p>\n<p style=\"text-align: center;\">\n<p style=\"text-align: center;\"><span style=\"font-size: 12pt; font-family: arial, helvetica, sans-serif;\">Im November nach Florida? Wollten wir schon immer mal.<\/span><\/p>\n<p style=\"text-align: center;\"><span style=\"font-size: 12pt; font-family: arial, helvetica, sans-serif;\">Wenn es in Deutschland ungem\u00fctlich nass und kalt wird, einfach noch einmal in den Sommer.<\/span><\/p>\n<p style=\"text-align: center;\"><span style=\"font-size: 12pt; font-family: arial, helvetica, sans-serif;\">Amerikas Sunshine State lockt in dieser Zeit mit g\u00fcnstigen \u00dcbernachtungskosten und warmen Sommerwetter.<\/span><\/p>\n<p style=\"text-align: center;\"><span style=\"font-size: 12pt; font-family: arial, helvetica, sans-serif;\">Also haben wir im Fr\u00fchjahr 2019 die Flugpreise beobachtet und im Mai zugeschlagen.<\/span><\/p>\n<p style=\"text-align: center;\"><span style=\"font-size: 12pt; font-family: arial, helvetica, sans-serif;\">Wir fliegen mit Air France \u00fcber Paris nach Miami und genauso wieder zur\u00fcck.<\/span><\/p>\n<p style=\"text-align: center;\"><span style=\"font-size: 12pt; font-family: arial, helvetica, sans-serif;\">Gebucht bei KLM als eingeloggte Flying-Blue-Member f\u00fcr rund 300 Euro pro Person.<\/span><\/p>\n<p style=\"text-align: center;\"><span style=\"font-size: 12pt; font-family: arial, helvetica, sans-serif;\">Alle Fl\u00fcge werden von Air France durchgef\u00fchrt und erlauben nur Handgep\u00e4ck mitzuf\u00fchren.<\/span><\/p>\n<p style=\"text-align: center;\"><span style=\"font-size: 12pt; font-family: arial, helvetica, sans-serif;\">H\u00e4tten wir bei AF direkt gebucht, h\u00e4tte es das Doppelte gekostet.<\/span><\/p>\n<p style=\"text-align: center;\"><span style=\"font-size: 12pt; font-family: arial, helvetica, sans-serif;\">Muss man nicht unbedingt verstehen \u2026<\/span><\/p>\n<p style=\"text-align: center;\"><span style=\"font-size: 12pt; font-family: arial, helvetica, sans-serif;\">Jetzt hatte ich ein halbes Jahr Zeit, mich um Route, Hotels und Mietwagen zu k\u00fcmmern.<\/span><\/p>\n<p style=\"text-align: center;\"><span style=\"font-size: 12pt; font-family: arial, helvetica, sans-serif;\">Generell haben die Preiserh\u00f6hungen um die USA keinen Bogen gemacht.<\/span><\/p>\n<p style=\"text-align: center;\"><span style=\"font-size: 12pt; font-family: arial, helvetica, sans-serif;\">Aber mit etwas Geschick konnten wir die Kosten ertr\u00e4glich halten.<\/span><\/p>\n<p style=\"text-align: center;\"><span style=\"font-size: 12pt; font-family: arial, helvetica, sans-serif;\">Die Tour f\u00fchrt uns von Miami zur Golfk\u00fcste, an der wir gr\u00f6\u00dftenteils bleiben werden.<\/span><\/p>\n<p style=\"text-align: center;\"><span style=\"font-size: 12pt; font-family: arial, helvetica, sans-serif;\">Verbringen immer mehrere N\u00e4chte an einem Ort und unternehmen t\u00e4gliche Ausfl\u00fcge.<\/span><\/p>\n<p style=\"text-align: center;\"><span style=\"font-size: 12pt; font-family: arial, helvetica, sans-serif;\">Gefahren wird mit Mustang Cabrio.<\/span><\/p>\n<p style=\"text-align: center;\"><span style=\"font-size: 12pt; font-family: arial, helvetica, sans-serif;\">Mit unserem Minigep\u00e4ck haben wir da keine Probleme.<\/span><\/p>\n<p style=\"text-align: center;\"><span style=\"font-size: 12pt; font-family: arial, helvetica, sans-serif;\">\u00a0<\/span><\/p>\n<p style=\"text-align: center;\"><span style=\"font-size: 12pt; font-family: arial, helvetica, sans-serif;\"><a href=\"https:\/\/welcome-ontour.de\/wordpress\/wp-content\/uploads\/2021\/01\/phoca_thumb_l_2019-11-01-02.jpg\" target=\"_blank\" rel=\"noopener noreferrer\"><img decoding=\"async\" class=\" size-full wp-image-13422\" title=\"USA mit Florida\" src=\"https:\/\/welcome-ontour.de\/wordpress\/wp-content\/uploads\/2021\/01\/phoca_thumb_l_2019-11-01-02.jpg\" width=\"500\" height=\"318\" srcset=\"https:\/\/welcome-ontour.de\/wordpress\/wp-content\/uploads\/2021\/01\/phoca_thumb_l_2019-11-01-02.jpg 1200w, https:\/\/welcome-ontour.de\/wordpress\/wp-content\/uploads\/2021\/01\/phoca_thumb_l_2019-11-01-02-300x191.jpg 300w, https:\/\/welcome-ontour.de\/wordpress\/wp-content\/uploads\/2021\/01\/phoca_thumb_l_2019-11-01-02-1024x650.jpg 1024w, https:\/\/welcome-ontour.de\/wordpress\/wp-content\/uploads\/2021\/01\/phoca_thumb_l_2019-11-01-02-768x488.jpg 768w\" sizes=\"(max-width: 500px) 100vw, 500px\" \/><\/a><\/span><\/p>\n<p style=\"text-align: center;\"><span style=\"font-size: 12pt; font-family: arial, helvetica, sans-serif;\">\u00a0<\/span><\/p>\n<p style=\"text-align: center;\"><span style=\"font-size: 12pt; font-family: arial, helvetica, sans-serif;\">Am Vortag der Abreise erledige ich noch vor der Fahrt zur Arbeit den Online Check In.<\/span><\/p>\n<p style=\"text-align: center;\"><span style=\"font-size: 12pt; font-family: arial, helvetica, sans-serif;\">Air France erlaubt das 30 Stunden vor Abflug des ersten Fluges.<\/span><\/p>\n<p style=\"text-align: center;\"><span style=\"font-size: 12pt; font-family: arial, helvetica, sans-serif;\">Abends Klamotten in die Kabinentrolleys.<\/span><\/p>\n<p style=\"text-align: center;\"><span style=\"font-size: 12pt; font-family: arial, helvetica, sans-serif;\">Beide wiegen je 8,5 kg, was braucht man schon im Sommer.<\/span><\/p>\n<p style=\"text-align: center;\"><span style=\"font-size: 12pt; font-family: arial, helvetica, sans-serif;\">Wecker gestellt und zeitig ins Bett, wir m\u00fcssen fr\u00fch raus.<\/span><\/p>\n<p style=\"text-align: center;\"><span style=\"font-size: 12pt; font-family: arial, helvetica, sans-serif;\">\u00a0<\/span><\/p>\n<p><span style=\"font-size: 12pt; font-family: arial, helvetica, sans-serif;\"><img decoding=\"async\" class=\" size-full wp-image-13423\" style=\"display: block; margin-left: auto; margin-right: auto;\" title=\"Florida\" src=\"https:\/\/welcome-ontour.de\/wordpress\/wp-content\/uploads\/2021\/01\/phoca_thumb_l_2019-11-01-z.jpg\" width=\"180\" height=\"176\" srcset=\"https:\/\/welcome-ontour.de\/wordpress\/wp-content\/uploads\/2021\/01\/phoca_thumb_l_2019-11-01-z.jpg 600w, https:\/\/welcome-ontour.de\/wordpress\/wp-content\/uploads\/2021\/01\/phoca_thumb_l_2019-11-01-z-300x293.jpg 300w\" sizes=\"(max-width: 180px) 100vw, 180px\" \/><\/span><\/p>\n<p style=\"text-align: center;\">\n<p style=\"text-align: center;\"><a href=\"https:\/\/welcome-ontour.de\/wordpress\/index.php\/reiseberichte\/\">&lt; Reiseberichte<\/a>\u00a0 \u00a0 \u00a0 \u00a0 \u00a0 \u00a0 \u00a0 \u00a0 \u00a0 \u00a0 \u00a0 \u00a0 \u00a0 \u00a0 \u00a0 \u00a0 \u00a0 \u00a0 \u00a0 \u00a0 \u00a0 \u00a0 \u00a0 \u00a0 \u00a0 \u00a0 \u00a0 \u00a0 \u00a0 \u00a0 \u00a0 \u00a0 \u00a0 \u00a0 \u00a0 \u00a0 \u00a0 \u00a0 \u00a0 \u00a0 \u00a0 \u00a0 \u00a0 \u00a0 \u00a0 \u00a0 \u00a0 \u00a0 \u00a0 \u00a0 \u00a0 \u00a0 \u00a0 \u00a0 \u00a0 \u00a0 \u00a0 \u00a0 \u00a0 \u00a0 \u00a0 \u00a0 \u00a0 \u00a0 \u00a0 \u00a0 \u00a0 \u00a0 \u00a0 \u00a0 \u00a0 \u00a0 \u00a0 \u00a0 \u00a0 \u00a0 \u00a0 \u00a0 \u00a0 \u00a0 \u00a0 \u00a0 \u00a0 \u00a0 \u00a0 \u00a0 \u00a0 \u00a0 \u00a0 \u00a0 \u00a0 \u00a0<a href=\"https:\/\/welcome-ontour.de\/wordpress\/index.php\/2019-11-02\/\">weiter &gt;<\/a><\/p>\n","protected":false},"excerpt":{"rendered":"<p>Prolog\u00a0 \u00a0 \u00a0 \u00a0Anreise\u00a0 \u00a0 \u00a0 \u00a0Naples\u00a0 \u00a0 \u00a0 \u00a0Lovers Key\u00a0 \u00a0 \u00a0 \u00a0St. Petersburg\u00a0 \u00a0 \u00a0\u00a0Honeymoon Island\u00a0 \u00a0 \u00a0\u00a0Dali\u00a0 \u00a0 \u00a0\u00a0Fort De Soto\u00a0 \u00a0 \u00a0Crystal River\u00a0 \u00a0 \u00a0\u00a0Orlando\u00a0 \u00a0 \u00a0Atlantik\u00a0 \u00a0 \u00a0\u00a0 Sarasota\u00a0 \u00a0 \u00a0Ringling\u00a0 \u00a0 \u00a0\u00a0Anna Maria Island\u00a0 \u00a0 \u00a0Cape Coral\u00a0 \u00a0 \u00a0\u00a0Ft. Myers Beach\u00a0 \u00a0 \u00a0Miami\u00a0 \u00a0 \u00a0\u00a0R\u00fcckreise\u00a0 \u00a0 \u00a0 \u00a0Fazit &lt; Reiseberichte\u00a0 \u00a0 \u00a0 \u00a0 \u00a0 \u00a0 \u00a0 \u00a0 \u00a0 \u00a0 \u00a0 \u00a0 \u00a0 \u00a0 \u00a0 \u00a0 \u00a0 \u00a0 \u00a0 \u00a0 \u00a0 \u00a0 \u00a0 \u00a0 \u00a0 \u00a0 \u00a0 \u00a0 \u00a0 \u00a0 \u00a0 \u00a0 \u00a0 \u00a0 \u00a0 \u00a0 \u00a0 \u00a0 \u00a0 \u00a0 \u00a0 \u00a0 \u00a0 \u00a0 \u00a0 \u00a0 \u00a0 \u00a0 \u00a0 \u00a0 \u00a0 \u00a0 \u00a0 \u00a0 \u00a0 \u00a0 \u00a0 \u00a0 \u00a0 \u00a0 \u00a0 \u00a0 \u00a0 \u00a0 \u00a0 \u00a0 \u00a0 \u00a0 \u00a0 \u00a0 \u00a0 \u00a0 \u00a0 \u00a0 \u00a0 \u00a0 \u00a0 \u00a0 \u00a0 \u00a0 \u00a0 \u00a0 \u00a0 \u00a0 \u00a0 \u00a0 \u00a0 \u00a0 \u00a0 \u00a0 \u00a0 \u00a0weiter &gt; Easy Livin&#8216; \u00a0 Florida 2019 \u00a0 \u00a0 Prolog Im November nach Florida? Wollten wir schon immer mal. Wenn es in Deutschland ungem\u00fctlich nass und kalt wird, einfach noch einmal in den Sommer. Amerikas Sunshine State lockt in dieser Zeit mit g\u00fcnstigen \u00dcbernachtungskosten und warmen Sommerwetter. Also haben wir im Fr\u00fchjahr 2019 die Flugpreise beobachtet und im Mai zugeschlagen. Wir fliegen mit Air France \u00fcber Paris nach Miami und genauso wieder zur\u00fcck. Gebucht bei KLM als eingeloggte Flying-Blue-Member f\u00fcr rund 300 Euro pro Person. Alle Fl\u00fcge werden von Air France durchgef\u00fchrt und erlauben nur Handgep\u00e4ck mitzuf\u00fchren. H\u00e4tten wir bei AF direkt gebucht, h\u00e4tte es das Doppelte gekostet. Muss man nicht unbedingt verstehen \u2026 Jetzt hatte ich ein halbes Jahr Zeit, mich um Route, Hotels und Mietwagen zu k\u00fcmmern. Generell haben die Preiserh\u00f6hungen um die USA keinen Bogen gemacht. Aber mit etwas Geschick konnten wir die Kosten ertr\u00e4glich halten. Die Tour f\u00fchrt uns von Miami zur Golfk\u00fcste, an der wir gr\u00f6\u00dftenteils bleiben werden. Verbringen immer mehrere N\u00e4chte an einem Ort und unternehmen t\u00e4gliche Ausfl\u00fcge. Gefahren wird mit Mustang Cabrio. Mit unserem Minigep\u00e4ck haben wir da keine Probleme. \u00a0 \u00a0 Am Vortag der Abreise erledige ich noch vor der Fahrt zur Arbeit den Online Check In. Air France erlaubt das 30 Stunden vor Abflug des ersten Fluges. Abends Klamotten in die Kabinentrolleys. Beide wiegen je 8,5 kg, was braucht man schon im Sommer. Wecker gestellt und zeitig ins Bett, wir m\u00fcssen fr\u00fch raus. \u00a0 &lt; Reiseberichte\u00a0 \u00a0 \u00a0 \u00a0 \u00a0 \u00a0 \u00a0 \u00a0 \u00a0 \u00a0 \u00a0 \u00a0 \u00a0 \u00a0 \u00a0 \u00a0 \u00a0 \u00a0 \u00a0 \u00a0 \u00a0 \u00a0 \u00a0 \u00a0 \u00a0 \u00a0 \u00a0 \u00a0 \u00a0 \u00a0 \u00a0 \u00a0 \u00a0 \u00a0 \u00a0 \u00a0 \u00a0 \u00a0 \u00a0 \u00a0 \u00a0 \u00a0 \u00a0 \u00a0 \u00a0 \u00a0 \u00a0 \u00a0 \u00a0 \u00a0 \u00a0 \u00a0 \u00a0 \u00a0 \u00a0 \u00a0 \u00a0 \u00a0 \u00a0 \u00a0 \u00a0 \u00a0 \u00a0 \u00a0 \u00a0 \u00a0 \u00a0 \u00a0 \u00a0 \u00a0 \u00a0 \u00a0 \u00a0 \u00a0 \u00a0 \u00a0 \u00a0 \u00a0 \u00a0 \u00a0 \u00a0 \u00a0 \u00a0 \u00a0 \u00a0 \u00a0 \u00a0 \u00a0 \u00a0 \u00a0 \u00a0 \u00a0weiter &gt;<\/p>\n","protected":false},"author":1,"featured_media":1589,"parent":0,"menu_order":21,"comment_status":"closed","ping_status":"closed","template":"","meta":{"footnotes":""},"class_list":["post-13424","page","type-page","status-publish","has-post-thumbnail","hentry"],"_links":{"self":[{"href":"https:\/\/welcome-ontour.de\/wordpress\/index.php\/wp-json\/wp\/v2\/pages\/13424","targetHints":{"allow":["GET"]}}],"collection":[{"href":"https:\/\/welcome-ontour.de\/wordpress\/index.php\/wp-json\/wp\/v2\/pages"}],"about":[{"href":"https:\/\/welcome-ontour.de\/wordpress\/index.php\/wp-json\/wp\/v2\/types\/page"}],"author":[{"embeddable":true,"href":"https:\/\/welcome-ontour.de\/wordpress\/index.php\/wp-json\/wp\/v2\/users\/1"}],"replies":[{"embeddable":true,"href":"https:\/\/welcome-ontour.de\/wordpress\/index.php\/wp-json\/wp\/v2\/comments?post=13424"}],"version-history":[{"count":2,"href":"https:\/\/welcome-ontour.de\/wordpress\/index.php\/wp-json\/wp\/v2\/pages\/13424\/revisions"}],"predecessor-version":[{"id":16788,"href":"https:\/\/welcome-ontour.de\/wordpress\/index.php\/wp-json\/wp\/v2\/pages\/13424\/revisions\/16788"}],"wp:featuredmedia":[{"embeddable":true,"href":"https:\/\/welcome-ontour.de\/wordpress\/index.php\/wp-json\/wp\/v2\/media\/1589"}],"wp:attachment":[{"href":"https:\/\/welcome-ontour.de\/wordpress\/index.php\/wp-json\/wp\/v2\/media?parent=13424"}],"curies":[{"name":"wp","href":"https:\/\/api.w.org\/{rel}","templated":true}]}}