{"id":13400,"date":"2020-12-28T12:46:17","date_gmt":"2020-12-28T12:46:17","guid":{"rendered":"https:\/\/welcome-ontour.de\/wordpress\/index.php\/2020-09-27\/"},"modified":"2022-06-30T23:06:17","modified_gmt":"2022-06-30T23:06:17","slug":"2020-09-27","status":"publish","type":"page","link":"https:\/\/welcome-ontour.de\/wordpress\/index.php\/2020-09-27\/","title":{"rendered":"2020 09 27"},"content":{"rendered":"<p style=\"text-align: center;\"><span style=\"font-size: 8pt;\"><a href=\"https:\/\/welcome-ontour.de\/wordpress\/index.php\/2020-09-05-prolog\/\">Prolog<\/a>\u00a0 \u00a0 \u00a0 \u00a0<a href=\"https:\/\/welcome-ontour.de\/wordpress\/index.php\/2020-09-05-prolog-2\/\">Anreise<\/a>\u00a0 \u00a0 \u00a0 \u00a0<a href=\"https:\/\/welcome-ontour.de\/wordpress\/index.php\/2020-09-07\/\">Castelsardo<\/a>\u00a0 \u00a0 \u00a0 \u00a0<a href=\"https:\/\/welcome-ontour.de\/wordpress\/index.php\/2020-09-08\/\">Stintino<\/a>\u00a0 \u00a0 \u00a0 \u00a0<a href=\"https:\/\/welcome-ontour.de\/wordpress\/index.php\/2020-09-09\/\">Cabo Testa<\/a>\u00a0 \u00a0 \u00a0\u00a0<a href=\"https:\/\/welcome-ontour.de\/wordpress\/index.php\/2020-09-10\/\">Badesi<\/a>\u00a0 \u00a0 \u00a0\u00a0<a href=\"https:\/\/welcome-ontour.de\/wordpress\/index.php\/2020-09-11\/\">Alghero<\/a>\u00a0 \u00a0 \u00a0\u00a0<a href=\"https:\/\/welcome-ontour.de\/wordpress\/index.php\/2020-09-13\/\">Grotta Nettuno<\/a>\u00a0 \u00a0 \u00a0<a href=\"https:\/\/welcome-ontour.de\/wordpress\/index.php\/2020-09-14\/\">Torregrande<\/a>\u00a0 \u00a0 \u00a0\u00a0<a href=\"https:\/\/welcome-ontour.de\/wordpress\/index.php\/2020-09-15\/\">Arutas<\/a>\u00a0 \u00a0 \u00a0<a href=\"https:\/\/welcome-ontour.de\/wordpress\/index.php\/2020-09-16\/\">Oristano<\/a>\u00a0 \u00a0 \u00a0\u00a0<a href=\"https:\/\/welcome-ontour.de\/wordpress\/index.php\/2020-09-17\/\">Cagliari<\/a>\u00a0\u00a0 \u00a0\u00a0<a href=\"https:\/\/welcome-ontour.de\/wordpress\/index.php\/2020-09-18\/\">Giudeu<\/a><\/span><\/p>\n<p style=\"text-align: center;\"><span style=\"font-size: 8pt;\"><a href=\"https:\/\/welcome-ontour.de\/wordpress\/index.php\/2020-09-19\/\">Simius<\/a>\u00a0\u00a0 \u00a0\u00a0<a href=\"https:\/\/welcome-ontour.de\/wordpress\/index.php\/2020-09-20\/\">Santa Maria Navarrese<\/a><\/span><span style=\"font-size: 8pt;\">\u00a0 \u00a0 \u00a0\u00a0<a href=\"https:\/\/welcome-ontour.de\/wordpress\/index.php\/2020-09-21\/\">Bootstour<\/a>\u00a0\u00a0 \u00a0\u00a0<a href=\"https:\/\/welcome-ontour.de\/wordpress\/index.php\/2020-09-22\/\">Milanese<\/a>\u00a0 \u00a0 \u00a0\u00a0<a href=\"https:\/\/welcome-ontour.de\/wordpress\/index.php\/2020-09-23\/\">Olbia<\/a>\u00a0\u00a0 \u00a0\u00a0<a href=\"https:\/\/welcome-ontour.de\/wordpress\/index.php\/2020-09-24\/\">Costa Dorata<\/a>\u00a0 \u00a0 \u00a0\u00a0<a href=\"https:\/\/welcome-ontour.de\/wordpress\/index.php\/2020-09-25\/\">Costa Smeralda<\/a>\u00a0\u00a0 \u00a0\u00a0<a href=\"https:\/\/welcome-ontour.de\/wordpress\/index.php\/2020-09-26\/\">Spiaggia Bianca<\/a>\u00a0\u00a0 \u00a0 \u00a0<a href=\"https:\/\/welcome-ontour.de\/wordpress\/index.php\/2020-09-27\/\">R\u00fcckreise<\/a>\u00a0 \u00a0 \u00a0 \u00a0<a href=\"https:\/\/welcome-ontour.de\/wordpress\/index.php\/2020-09-28-fazit\/\">Fazit<\/a><\/span><\/p>\n<p style=\"text-align: center;\">\u00a0<\/p>\n<p style=\"text-align: center;\"><a href=\"https:\/\/welcome-ontour.de\/wordpress\/index.php\/2020-09-26\/\">&lt; zur\u00fcck<\/a>\u00a0 \u00a0 \u00a0 \u00a0 \u00a0 \u00a0 \u00a0\u00a0 \u00a0 \u00a0 \u00a0 \u00a0 \u00a0 \u00a0 \u00a0 \u00a0 \u00a0 \u00a0 \u00a0 \u00a0 \u00a0 \u00a0 \u00a0 \u00a0 \u00a0 \u00a0 \u00a0 \u00a0 \u00a0 \u00a0 \u00a0 \u00a0 \u00a0 \u00a0 \u00a0 \u00a0 \u00a0 \u00a0 \u00a0 \u00a0 \u00a0 \u00a0 \u00a0 \u00a0 \u00a0 \u00a0 \u00a0 \u00a0 \u00a0 \u00a0 \u00a0 \u00a0 \u00a0 \u00a0 \u00a0 \u00a0 \u00a0 \u00a0 \u00a0 \u00a0 \u00a0 \u00a0 \u00a0 \u00a0 \u00a0 \u00a0 \u00a0 \u00a0 \u00a0 \u00a0 \u00a0 \u00a0 \u00a0 \u00a0 \u00a0 \u00a0 \u00a0 \u00a0 \u00a0 \u00a0 \u00a0 \u00a0 \u00a0 \u00a0 \u00a0 \u00a0 \u00a0 \u00a0 \u00a0 \u00a0 \u00a0 \u00a0 \u00a0 \u00a0 \u00a0 \u00a0 \u00a0 \u00a0<a href=\"https:\/\/welcome-ontour.de\/wordpress\/index.php\/2020-09-28-fazit\/\">weiter &gt;<\/a><\/p>\n<p style=\"text-align: center;\">\u00a0<\/p>\n<p style=\"text-align: center;\"><span style=\"font-size: 14pt;\"><strong><span style=\"font-family: arial, helvetica, sans-serif;\">So 27.9.<\/span><\/strong><\/span><\/p>\n<p style=\"text-align: center;\"><span style=\"font-size: 14pt;\"><strong><span style=\"font-family: arial, helvetica, sans-serif;\">\u00a0<\/span><\/strong><\/span><\/p>\n<p style=\"text-align: center;\"><span style=\"font-size: 14pt;\"><strong><span style=\"font-family: arial, helvetica, sans-serif;\">Abreise<\/span><\/strong><\/span><\/p>\n<p style=\"text-align: center;\"><span style=\"font-family: arial, helvetica, sans-serif; font-size: 12pt;\">\u00a0<\/span><\/p>\n<p style=\"text-align: center;\"><span style=\"font-family: arial, helvetica, sans-serif; font-size: 12pt;\">Letztes Doubletree Breakfast.<\/span><\/p>\n<p style=\"text-align: center;\"><span style=\"font-family: arial, helvetica, sans-serif; font-size: 12pt;\">Das Hotel genehmigt uns einen kostenlosen Late Check Out zu 13 Uhr.<\/span><\/p>\n<p style=\"text-align: center;\"><span style=\"font-family: arial, helvetica, sans-serif; font-size: 12pt;\">Normalerweise h\u00e4tten wir um elf abzwitschern d\u00fcrfen.<\/span><\/p>\n<p style=\"text-align: center;\"><span style=\"font-family: arial, helvetica, sans-serif; font-size: 12pt;\">Drau\u00dfen ist das Wetter zum Heulen, 15\u00b0 und regnerisch.<\/span><\/p>\n<p style=\"text-align: center;\"><span style=\"font-family: arial, helvetica, sans-serif; font-size: 12pt;\">Bis zum Verlassen des Hotels lassen wir uns ewig Zeit.<\/span><\/p>\n<p style=\"text-align: center;\"><span style=\"font-family: arial, helvetica, sans-serif; font-size: 12pt;\">Auf dem Weg zum Flughafen wird der Golf ein letztes Mal vollgetankt.<\/span><\/p>\n<p style=\"text-align: center;\"><span style=\"font-family: arial, helvetica, sans-serif; font-size: 12pt;\">Die Mietwagenr\u00fcckgabe bei Locautos funktioniert schnell und problemlos.<\/span><\/p>\n<p style=\"text-align: center;\"><span style=\"font-family: arial, helvetica, sans-serif; font-size: 12pt;\">Kurzer Check, ob der Tank voll ist und keine Unfallsch\u00e4den, dann gibt es die Rechnung \u00fcber 0 Euro per Email.<\/span><\/p>\n<p style=\"text-align: center;\"><span style=\"font-family: arial, helvetica, sans-serif; font-size: 12pt;\">\u00a0<\/span><\/p>\n<p style=\"text-align: center;\"><span style=\"font-family: arial, helvetica, sans-serif; font-size: 12pt;\"><img decoding=\"async\" class=\" size-full wp-image-13386\" title=\"OLB Airport\" src=\"https:\/\/welcome-ontour.de\/wordpress\/wp-content\/uploads\/2020\/12\/phoca_thumb_l_2020-09-27-01.jpg\" alt=\"\" width=\"400\" height=\"279\" srcset=\"https:\/\/welcome-ontour.de\/wordpress\/wp-content\/uploads\/2020\/12\/phoca_thumb_l_2020-09-27-01.jpg 400w, https:\/\/welcome-ontour.de\/wordpress\/wp-content\/uploads\/2020\/12\/phoca_thumb_l_2020-09-27-01-300x209.jpg 300w\" sizes=\"(max-width: 400px) 100vw, 400px\" \/>\u00a0 <img decoding=\"async\" class=\" size-full wp-image-13387\" title=\"Security\" src=\"https:\/\/welcome-ontour.de\/wordpress\/wp-content\/uploads\/2020\/12\/phoca_thumb_l_2020-09-27-02.jpg\" alt=\"\" width=\"400\" height=\"279\" srcset=\"https:\/\/welcome-ontour.de\/wordpress\/wp-content\/uploads\/2020\/12\/phoca_thumb_l_2020-09-27-02.jpg 400w, https:\/\/welcome-ontour.de\/wordpress\/wp-content\/uploads\/2020\/12\/phoca_thumb_l_2020-09-27-02-300x209.jpg 300w\" sizes=\"(max-width: 400px) 100vw, 400px\" \/><\/span><\/p>\n<p style=\"text-align: center;\"><span style=\"font-family: arial, helvetica, sans-serif; font-size: 12pt;\">\u00a0<\/span><\/p>\n<p style=\"text-align: center;\"><span style=\"font-family: arial, helvetica, sans-serif; font-size: 12pt;\">Der Airport ist so gut wie leer, Sicherheitskontrolle ohne anstehen.<\/span><\/p>\n<p style=\"text-align: center;\"><span style=\"font-family: arial, helvetica, sans-serif; font-size: 12pt;\">\u00a0<\/span><\/p>\n<p style=\"text-align: center;\"><span style=\"font-family: arial, helvetica, sans-serif; font-size: 12pt;\"><img decoding=\"async\" class=\" size-full wp-image-13388\" title=\"OLB Kunst\" src=\"https:\/\/welcome-ontour.de\/wordpress\/wp-content\/uploads\/2020\/12\/phoca_thumb_l_2020-09-27-03.jpg\" alt=\"\" width=\"810\" height=\"248\" srcset=\"https:\/\/welcome-ontour.de\/wordpress\/wp-content\/uploads\/2020\/12\/phoca_thumb_l_2020-09-27-03.jpg 810w, https:\/\/welcome-ontour.de\/wordpress\/wp-content\/uploads\/2020\/12\/phoca_thumb_l_2020-09-27-03-300x92.jpg 300w, https:\/\/welcome-ontour.de\/wordpress\/wp-content\/uploads\/2020\/12\/phoca_thumb_l_2020-09-27-03-768x235.jpg 768w\" sizes=\"(max-width: 810px) 100vw, 810px\" \/><\/span><\/p>\n<p style=\"text-align: center;\"><span style=\"font-family: arial, helvetica, sans-serif; font-size: 12pt;\">\u00a0<\/span><\/p>\n<p style=\"text-align: center;\"><span style=\"font-family: arial, helvetica, sans-serif; font-size: 12pt;\"><img decoding=\"async\" class=\" size-full wp-image-13389\" title=\"OLB Airport\" src=\"https:\/\/welcome-ontour.de\/wordpress\/wp-content\/uploads\/2020\/12\/phoca_thumb_l_2020-09-27-04.jpg\" alt=\"\" width=\"400\" height=\"279\" srcset=\"https:\/\/welcome-ontour.de\/wordpress\/wp-content\/uploads\/2020\/12\/phoca_thumb_l_2020-09-27-04.jpg 400w, https:\/\/welcome-ontour.de\/wordpress\/wp-content\/uploads\/2020\/12\/phoca_thumb_l_2020-09-27-04-300x209.jpg 300w\" sizes=\"(max-width: 400px) 100vw, 400px\" \/>\u00a0 <img decoding=\"async\" class=\" size-full wp-image-13390\" title=\"Partenze\" src=\"https:\/\/welcome-ontour.de\/wordpress\/wp-content\/uploads\/2020\/12\/phoca_thumb_l_2020-09-27-05.jpg\" alt=\"\" width=\"400\" height=\"279\" srcset=\"https:\/\/welcome-ontour.de\/wordpress\/wp-content\/uploads\/2020\/12\/phoca_thumb_l_2020-09-27-05.jpg 400w, https:\/\/welcome-ontour.de\/wordpress\/wp-content\/uploads\/2020\/12\/phoca_thumb_l_2020-09-27-05-300x209.jpg 300w\" sizes=\"(max-width: 400px) 100vw, 400px\" \/><\/span><\/p>\n<p style=\"text-align: center;\"><span style=\"font-family: arial, helvetica, sans-serif; font-size: 12pt;\">\u00a0<\/span><\/p>\n<p style=\"text-align: center;\"><span style=\"font-family: arial, helvetica, sans-serif; font-size: 12pt;\">Anschlie\u00dfend gibt es ein letztes Ichnusa Nonfiltrata, dann beginnt halb vier auch schon das Boarding bei Easyjet.<\/span><\/p>\n<p style=\"text-align: center;\"><span style=\"font-family: arial, helvetica, sans-serif; font-size: 12pt;\">\u00a0<\/span><\/p>\n<p style=\"text-align: center;\"><span style=\"font-family: arial, helvetica, sans-serif; font-size: 12pt;\"><img decoding=\"async\" class=\" size-full wp-image-13391\" title=\"Ein letztes Ichnusa\" src=\"https:\/\/welcome-ontour.de\/wordpress\/wp-content\/uploads\/2020\/12\/phoca_thumb_l_2020-09-27-06.jpg\" alt=\"\" width=\"289\" height=\"384\" srcset=\"https:\/\/welcome-ontour.de\/wordpress\/wp-content\/uploads\/2020\/12\/phoca_thumb_l_2020-09-27-06.jpg 609w, https:\/\/welcome-ontour.de\/wordpress\/wp-content\/uploads\/2020\/12\/phoca_thumb_l_2020-09-27-06-226x300.jpg 226w\" sizes=\"(max-width: 289px) 100vw, 289px\" \/>\u00a0 <img decoding=\"async\" class=\" size-full wp-image-13392\" title=\"Fiat Duty Free\" src=\"https:\/\/welcome-ontour.de\/wordpress\/wp-content\/uploads\/2020\/12\/phoca_thumb_l_2020-09-27-07.jpg\" alt=\"\" width=\"511\" height=\"384\" srcset=\"https:\/\/welcome-ontour.de\/wordpress\/wp-content\/uploads\/2020\/12\/phoca_thumb_l_2020-09-27-07.jpg 810w, https:\/\/welcome-ontour.de\/wordpress\/wp-content\/uploads\/2020\/12\/phoca_thumb_l_2020-09-27-07-300x226.jpg 300w, https:\/\/welcome-ontour.de\/wordpress\/wp-content\/uploads\/2020\/12\/phoca_thumb_l_2020-09-27-07-768x577.jpg 768w\" sizes=\"(max-width: 511px) 100vw, 511px\" \/><\/span><\/p>\n<p style=\"text-align: center;\"><span style=\"font-family: arial, helvetica, sans-serif; font-size: 12pt;\">\u00a0<\/span><\/p>\n<p style=\"text-align: center;\"><span style=\"font-family: arial, helvetica, sans-serif; font-size: 12pt;\"><img decoding=\"async\" class=\" size-full wp-image-13393\" title=\"Unser Airbus\" src=\"https:\/\/welcome-ontour.de\/wordpress\/wp-content\/uploads\/2020\/12\/phoca_thumb_l_2020-09-27-08.jpg\" alt=\"\" width=\"810\" height=\"374\" srcset=\"https:\/\/welcome-ontour.de\/wordpress\/wp-content\/uploads\/2020\/12\/phoca_thumb_l_2020-09-27-08.jpg 810w, https:\/\/welcome-ontour.de\/wordpress\/wp-content\/uploads\/2020\/12\/phoca_thumb_l_2020-09-27-08-300x139.jpg 300w, https:\/\/welcome-ontour.de\/wordpress\/wp-content\/uploads\/2020\/12\/phoca_thumb_l_2020-09-27-08-768x355.jpg 768w\" sizes=\"(max-width: 810px) 100vw, 810px\" \/><\/span><\/p>\n<p style=\"text-align: center;\"><span style=\"font-family: arial, helvetica, sans-serif; font-size: 12pt;\">\u00a0<\/span><\/p>\n<p style=\"text-align: center;\"><span style=\"font-family: arial, helvetica, sans-serif; font-size: 12pt;\"><img decoding=\"async\" class=\" size-full wp-image-13394\" title=\"16:35 nach Berlin\" src=\"https:\/\/welcome-ontour.de\/wordpress\/wp-content\/uploads\/2020\/12\/phoca_thumb_l_2020-09-27-09.jpg\" width=\"400\" height=\"278\" srcset=\"https:\/\/welcome-ontour.de\/wordpress\/wp-content\/uploads\/2020\/12\/phoca_thumb_l_2020-09-27-09.jpg 810w, https:\/\/welcome-ontour.de\/wordpress\/wp-content\/uploads\/2020\/12\/phoca_thumb_l_2020-09-27-09-300x208.jpg 300w, https:\/\/welcome-ontour.de\/wordpress\/wp-content\/uploads\/2020\/12\/phoca_thumb_l_2020-09-27-09-768x533.jpg 768w\" sizes=\"(max-width: 400px) 100vw, 400px\" \/>\u00a0 <a href=\"https:\/\/welcome-ontour.de\/wordpress\/wp-content\/uploads\/2020\/12\/phoca_thumb_l_2020-09-27-10.jpg\" target=\"_blank\" rel=\"noopener noreferrer\"><img decoding=\"async\" class=\" size-full wp-image-13395\" title=\"Flugroute\" src=\"https:\/\/welcome-ontour.de\/wordpress\/wp-content\/uploads\/2020\/12\/phoca_thumb_l_2020-09-27-10.jpg\" alt=\"\" width=\"400\" height=\"278\" srcset=\"https:\/\/welcome-ontour.de\/wordpress\/wp-content\/uploads\/2020\/12\/phoca_thumb_l_2020-09-27-10.jpg 810w, https:\/\/welcome-ontour.de\/wordpress\/wp-content\/uploads\/2020\/12\/phoca_thumb_l_2020-09-27-10-300x209.jpg 300w, https:\/\/welcome-ontour.de\/wordpress\/wp-content\/uploads\/2020\/12\/phoca_thumb_l_2020-09-27-10-768x534.jpg 768w\" sizes=\"(max-width: 400px) 100vw, 400px\" \/><\/a><\/span><\/p>\n<p style=\"text-align: center;\"><span style=\"font-family: arial, helvetica, sans-serif; font-size: 12pt;\">\u00a0<\/span><\/p>\n<p style=\"text-align: center;\"><span style=\"font-family: arial, helvetica, sans-serif; font-size: 12pt;\">Die A319 ist zu 90% voll, es gibt nur vereinzelt freie Sitzpl\u00e4tze.<\/span><\/p>\n<p style=\"text-align: center;\"><span style=\"font-family: arial, helvetica, sans-serif; font-size: 12pt;\">Wir sitzen auf den bequemen Notausgangspl\u00e4tzen 10D und F.<\/span><\/p>\n<p style=\"text-align: center;\"><span style=\"font-family: arial, helvetica, sans-serif; font-size: 12pt;\">Gl\u00fccklicherweise bleibt 10E frei, so haben wir sch\u00f6n viel Platz.<\/span><\/p>\n<p style=\"text-align: center;\"><span style=\"font-family: arial, helvetica, sans-serif; font-size: 12pt;\">Der kleine Airbus hebt bereits halb f\u00fcnf ab, f\u00fcnf Minuten fr\u00fcher als geplant.<\/span><\/p>\n<p style=\"text-align: center;\"><span style=\"font-family: arial, helvetica, sans-serif; font-size: 12pt;\">Bei der Runde \u00fcber das mittlerweile sonnige Olbia genie\u00dfen wir ein letztes Mal die Blicke auf Sardinien.<\/span><\/p>\n<p style=\"text-align: center;\"><span style=\"font-family: arial, helvetica, sans-serif; font-size: 12pt;\">\u00a0<\/span><\/p>\n<p style=\"text-align: center;\"><span style=\"font-family: arial, helvetica, sans-serif; font-size: 12pt;\"><a href=\"https:\/\/welcome-ontour.de\/wordpress\/wp-content\/uploads\/2020\/12\/phoca_thumb_l_2020-09-27-11.jpg\" target=\"_blank\" rel=\"noopener noreferrer\"><img decoding=\"async\" class=\" size-full wp-image-13396\" title=\"Blick auf den Gro\u00dfraum Olbia\" src=\"https:\/\/welcome-ontour.de\/wordpress\/wp-content\/uploads\/2020\/12\/phoca_thumb_l_2020-09-27-11.jpg\" alt=\"\" width=\"810\" height=\"358\" srcset=\"https:\/\/welcome-ontour.de\/wordpress\/wp-content\/uploads\/2020\/12\/phoca_thumb_l_2020-09-27-11.jpg 1606w, https:\/\/welcome-ontour.de\/wordpress\/wp-content\/uploads\/2020\/12\/phoca_thumb_l_2020-09-27-11-300x133.jpg 300w, https:\/\/welcome-ontour.de\/wordpress\/wp-content\/uploads\/2020\/12\/phoca_thumb_l_2020-09-27-11-1024x453.jpg 1024w, https:\/\/welcome-ontour.de\/wordpress\/wp-content\/uploads\/2020\/12\/phoca_thumb_l_2020-09-27-11-768x340.jpg 768w, https:\/\/welcome-ontour.de\/wordpress\/wp-content\/uploads\/2020\/12\/phoca_thumb_l_2020-09-27-11-1536x679.jpg 1536w, https:\/\/welcome-ontour.de\/wordpress\/wp-content\/uploads\/2020\/12\/phoca_thumb_l_2020-09-27-11-1568x693.jpg 1568w\" sizes=\"(max-width: 810px) 100vw, 810px\" \/><\/a><\/span><\/p>\n<p style=\"text-align: center;\"><span style=\"font-family: arial, helvetica, sans-serif; font-size: 12pt;\">\u00a0<\/span><\/p>\n<p style=\"text-align: center;\"><span style=\"font-family: arial, helvetica, sans-serif; font-size: 12pt;\">Flugzeit nach Berlin-Sch\u00f6nefeld soll 1 Stunde und 45 Minuten betragen, die Route f\u00fchrt \u00fcber Bologna und Salzburg.<\/span><\/p>\n<p style=\"text-align: center;\"><span style=\"font-family: arial, helvetica, sans-serif; font-size: 12pt;\">Als wir 18:15 in Sch\u00f6nefeld landen, ist es noch hell, mit 11\u00b0 recht frisch und regenfrei.<\/span><\/p>\n<p style=\"text-align: center;\"><span style=\"font-family: arial, helvetica, sans-serif; font-size: 12pt;\">\u00a0<\/span><\/p>\n<p style=\"text-align: center;\"><span style=\"font-family: arial, helvetica, sans-serif; font-size: 12pt;\"><img decoding=\"async\" class=\" size-full wp-image-13397\" title=\"Sch\u00f6nefeld\" src=\"https:\/\/welcome-ontour.de\/wordpress\/wp-content\/uploads\/2020\/12\/phoca_thumb_l_2020-09-27-12.jpg\" alt=\"\" width=\"334\" height=\"233\" srcset=\"https:\/\/welcome-ontour.de\/wordpress\/wp-content\/uploads\/2020\/12\/phoca_thumb_l_2020-09-27-12.jpg 400w, https:\/\/welcome-ontour.de\/wordpress\/wp-content\/uploads\/2020\/12\/phoca_thumb_l_2020-09-27-12-300x209.jpg 300w\" sizes=\"(max-width: 334px) 100vw, 334px\" \/>\u00a0 <a href=\"https:\/\/welcome-ontour.de\/wordpress\/wp-content\/uploads\/2020\/12\/phoca_thumb_l_2020-09-27-13.jpg\" target=\"_blank\" rel=\"noopener noreferrer\"><img decoding=\"async\" class=\" size-full wp-image-13398\" title=\"Ankunft Sch\u00f6nefeld\" src=\"https:\/\/welcome-ontour.de\/wordpress\/wp-content\/uploads\/2020\/12\/phoca_thumb_l_2020-09-27-13.jpg\" alt=\"\" width=\"128\" height=\"233\" srcset=\"https:\/\/welcome-ontour.de\/wordpress\/wp-content\/uploads\/2020\/12\/phoca_thumb_l_2020-09-27-13.jpg 220w, https:\/\/welcome-ontour.de\/wordpress\/wp-content\/uploads\/2020\/12\/phoca_thumb_l_2020-09-27-13-165x300.jpg 165w\" sizes=\"(max-width: 128px) 100vw, 128px\" \/><\/a>\u00a0 <img decoding=\"async\" class=\" size-full wp-image-13399\" title=\"Sch\u00f6nefeld\" src=\"https:\/\/welcome-ontour.de\/wordpress\/wp-content\/uploads\/2020\/12\/phoca_thumb_l_2020-09-27-14.jpg\" alt=\"\" width=\"334\" height=\"233\" srcset=\"https:\/\/welcome-ontour.de\/wordpress\/wp-content\/uploads\/2020\/12\/phoca_thumb_l_2020-09-27-14.jpg 400w, https:\/\/welcome-ontour.de\/wordpress\/wp-content\/uploads\/2020\/12\/phoca_thumb_l_2020-09-27-14-300x209.jpg 300w\" sizes=\"(max-width: 334px) 100vw, 334px\" \/><\/span><\/p>\n<p style=\"text-align: center;\"><span style=\"font-family: arial, helvetica, sans-serif; font-size: 12pt;\">\u00a0<\/span><\/p>\n<p style=\"text-align: center;\"><span style=\"font-family: arial, helvetica, sans-serif; font-size: 12pt;\">Bei Mc Parking steigen wir in unser Auto und sind nach gem\u00fctlicher Fahrt eine Stunde sp\u00e4ter zu Hause.<\/span><\/p>\n<p style=\"text-align: center;\"><span style=\"font-family: arial, helvetica, sans-serif; font-size: 12pt;\">Entspannt, erholt und zufrieden.<\/span><\/p>\n<p style=\"text-align: center;\">\u00a0<\/p>\n<p style=\"text-align: center;\">\u00a0<\/p>\n<p style=\"text-align: center;\"><span style=\"font-family: arial, helvetica, sans-serif; font-size: 12pt;\"><img decoding=\"async\" class=\" size-full wp-image-12937\" title=\"Sardinien\" src=\"https:\/\/welcome-ontour.de\/wordpress\/wp-content\/uploads\/2020\/12\/phoca_thumb_l_2020-09-05-03.jpg\" width=\"200\" height=\"140\" srcset=\"https:\/\/welcome-ontour.de\/wordpress\/wp-content\/uploads\/2020\/12\/phoca_thumb_l_2020-09-05-03.jpg 500w, https:\/\/welcome-ontour.de\/wordpress\/wp-content\/uploads\/2020\/12\/phoca_thumb_l_2020-09-05-03-300x210.jpg 300w\" sizes=\"(max-width: 200px) 100vw, 200px\" \/><\/span><\/p>\n<p style=\"text-align: center;\">\u00a0<\/p>\n<p style=\"text-align: center;\"><a href=\"https:\/\/welcome-ontour.de\/wordpress\/index.php\/2020-09-26\/\">&lt; zur\u00fcck<\/a>\u00a0 \u00a0 \u00a0 \u00a0 \u00a0 \u00a0 \u00a0\u00a0 \u00a0 \u00a0 \u00a0 \u00a0 \u00a0 \u00a0 \u00a0 \u00a0 \u00a0 \u00a0 \u00a0 \u00a0 \u00a0 \u00a0 \u00a0 \u00a0 \u00a0 \u00a0 \u00a0 \u00a0 \u00a0 \u00a0 \u00a0 \u00a0 \u00a0 \u00a0 \u00a0 \u00a0 \u00a0 \u00a0 \u00a0 \u00a0 \u00a0 \u00a0 \u00a0 \u00a0 \u00a0 \u00a0 \u00a0 \u00a0 \u00a0 \u00a0 \u00a0 \u00a0 \u00a0 \u00a0 \u00a0 \u00a0 \u00a0 \u00a0 \u00a0 \u00a0 \u00a0 \u00a0 \u00a0 \u00a0 \u00a0 \u00a0 \u00a0 \u00a0 \u00a0 \u00a0 \u00a0 \u00a0 \u00a0 \u00a0 \u00a0 \u00a0 \u00a0 \u00a0 \u00a0 \u00a0 \u00a0 \u00a0 \u00a0 \u00a0 \u00a0 \u00a0 \u00a0 \u00a0 \u00a0 \u00a0 \u00a0 \u00a0 \u00a0 \u00a0 \u00a0 \u00a0 \u00a0 \u00a0<a href=\"https:\/\/welcome-ontour.de\/wordpress\/index.php\/2020-09-28-fazit\/\">weiter &gt;<\/a><\/p>\n","protected":false},"excerpt":{"rendered":"<p>Prolog\u00a0 \u00a0 \u00a0 \u00a0Anreise\u00a0 \u00a0 \u00a0 \u00a0Castelsardo\u00a0 \u00a0 \u00a0 \u00a0Stintino\u00a0 \u00a0 \u00a0 \u00a0Cabo Testa\u00a0 \u00a0 \u00a0\u00a0Badesi\u00a0 \u00a0 \u00a0\u00a0Alghero\u00a0 \u00a0 \u00a0\u00a0Grotta Nettuno\u00a0 \u00a0 \u00a0Torregrande\u00a0 \u00a0 \u00a0\u00a0Arutas\u00a0 \u00a0 \u00a0Oristano\u00a0 \u00a0 \u00a0\u00a0Cagliari\u00a0\u00a0 \u00a0\u00a0Giudeu Simius\u00a0\u00a0 \u00a0\u00a0Santa Maria Navarrese\u00a0 \u00a0 \u00a0\u00a0Bootstour\u00a0\u00a0 \u00a0\u00a0Milanese\u00a0 \u00a0 \u00a0\u00a0Olbia\u00a0\u00a0 \u00a0\u00a0Costa Dorata\u00a0 \u00a0 \u00a0\u00a0Costa Smeralda\u00a0\u00a0 \u00a0\u00a0Spiaggia Bianca\u00a0\u00a0 \u00a0 \u00a0R\u00fcckreise\u00a0 \u00a0 \u00a0 \u00a0Fazit \u00a0 &lt; zur\u00fcck\u00a0 \u00a0 \u00a0 \u00a0 \u00a0 \u00a0 \u00a0\u00a0 \u00a0 \u00a0 \u00a0 \u00a0 \u00a0 \u00a0 \u00a0 \u00a0 \u00a0 \u00a0 \u00a0 \u00a0 \u00a0 \u00a0 \u00a0 \u00a0 \u00a0 \u00a0 \u00a0 \u00a0 \u00a0 \u00a0 \u00a0 \u00a0 \u00a0 \u00a0 \u00a0 \u00a0 \u00a0 \u00a0 \u00a0 \u00a0 \u00a0 \u00a0 \u00a0 \u00a0 \u00a0 \u00a0 \u00a0 \u00a0 \u00a0 \u00a0 \u00a0 \u00a0 \u00a0 \u00a0 \u00a0 \u00a0 \u00a0 \u00a0 \u00a0 \u00a0 \u00a0 \u00a0 \u00a0 \u00a0 \u00a0 \u00a0 \u00a0 \u00a0 \u00a0 \u00a0 \u00a0 \u00a0 \u00a0 \u00a0 \u00a0 \u00a0 \u00a0 \u00a0 \u00a0 \u00a0 \u00a0 \u00a0 \u00a0 \u00a0 \u00a0 \u00a0 \u00a0 \u00a0 \u00a0 \u00a0 \u00a0 \u00a0 \u00a0 \u00a0 \u00a0 \u00a0 \u00a0 \u00a0weiter &gt; \u00a0 So 27.9. \u00a0 Abreise \u00a0 Letztes Doubletree Breakfast. Das Hotel genehmigt uns einen kostenlosen Late Check Out zu 13 Uhr. Normalerweise h\u00e4tten wir um elf abzwitschern d\u00fcrfen. Drau\u00dfen ist das Wetter zum Heulen, 15\u00b0 und regnerisch. Bis zum Verlassen des Hotels lassen wir uns ewig Zeit. Auf dem Weg zum Flughafen wird der Golf ein letztes Mal vollgetankt. Die Mietwagenr\u00fcckgabe bei Locautos funktioniert schnell und problemlos. Kurzer Check, ob der Tank voll ist und keine Unfallsch\u00e4den, dann gibt es die Rechnung \u00fcber 0 Euro per Email. \u00a0 \u00a0 \u00a0 Der Airport ist so gut wie leer, Sicherheitskontrolle ohne anstehen. \u00a0 \u00a0 \u00a0 \u00a0 Anschlie\u00dfend gibt es ein letztes Ichnusa Nonfiltrata, dann beginnt halb vier auch schon das Boarding bei Easyjet. \u00a0 \u00a0 \u00a0 \u00a0 \u00a0 \u00a0 Die A319 ist zu 90% voll, es gibt nur vereinzelt freie Sitzpl\u00e4tze. Wir sitzen auf den bequemen Notausgangspl\u00e4tzen 10D und F. Gl\u00fccklicherweise bleibt 10E frei, so haben wir sch\u00f6n viel Platz. Der kleine Airbus hebt bereits halb f\u00fcnf ab, f\u00fcnf Minuten fr\u00fcher als geplant. Bei der Runde \u00fcber das mittlerweile sonnige Olbia genie\u00dfen wir ein letztes Mal die Blicke auf Sardinien. \u00a0 \u00a0 Flugzeit nach Berlin-Sch\u00f6nefeld soll 1 Stunde und 45 Minuten betragen, die Route f\u00fchrt \u00fcber Bologna und Salzburg. Als wir 18:15 in Sch\u00f6nefeld landen, ist es noch hell, mit 11\u00b0 recht frisch und regenfrei. \u00a0 \u00a0 \u00a0 \u00a0 Bei Mc Parking steigen wir in unser Auto und sind nach gem\u00fctlicher Fahrt eine Stunde sp\u00e4ter zu Hause. Entspannt, erholt und zufrieden. \u00a0 \u00a0 \u00a0 &lt; zur\u00fcck\u00a0 \u00a0 \u00a0 \u00a0 \u00a0 \u00a0 \u00a0\u00a0 \u00a0 \u00a0 \u00a0 \u00a0 \u00a0 \u00a0 \u00a0 \u00a0 \u00a0 \u00a0 \u00a0 \u00a0 \u00a0 \u00a0 \u00a0 \u00a0 \u00a0 \u00a0 \u00a0 \u00a0 \u00a0 \u00a0 \u00a0 \u00a0 \u00a0 \u00a0 \u00a0 \u00a0 \u00a0 \u00a0 \u00a0 \u00a0 \u00a0 \u00a0 \u00a0 \u00a0 \u00a0 \u00a0 \u00a0 \u00a0 \u00a0 \u00a0 \u00a0 \u00a0 \u00a0 \u00a0 \u00a0 \u00a0 \u00a0 \u00a0 \u00a0 \u00a0 \u00a0 \u00a0 \u00a0 \u00a0 \u00a0 \u00a0 \u00a0 \u00a0 \u00a0 \u00a0 \u00a0 \u00a0 \u00a0 \u00a0 \u00a0 \u00a0 \u00a0 \u00a0 \u00a0 \u00a0 \u00a0 \u00a0 \u00a0 \u00a0 \u00a0 \u00a0 \u00a0 \u00a0 \u00a0 \u00a0 \u00a0 \u00a0 \u00a0 \u00a0 \u00a0 \u00a0 \u00a0 \u00a0weiter &gt;<\/p>\n","protected":false},"author":1,"featured_media":13386,"parent":0,"menu_order":1,"comment_status":"closed","ping_status":"closed","template":"","meta":{"footnotes":""},"class_list":["post-13400","page","type-page","status-publish","has-post-thumbnail","hentry"],"_links":{"self":[{"href":"https:\/\/welcome-ontour.de\/wordpress\/index.php\/wp-json\/wp\/v2\/pages\/13400","targetHints":{"allow":["GET"]}}],"collection":[{"href":"https:\/\/welcome-ontour.de\/wordpress\/index.php\/wp-json\/wp\/v2\/pages"}],"about":[{"href":"https:\/\/welcome-ontour.de\/wordpress\/index.php\/wp-json\/wp\/v2\/types\/page"}],"author":[{"embeddable":true,"href":"https:\/\/welcome-ontour.de\/wordpress\/index.php\/wp-json\/wp\/v2\/users\/1"}],"replies":[{"embeddable":true,"href":"https:\/\/welcome-ontour.de\/wordpress\/index.php\/wp-json\/wp\/v2\/comments?post=13400"}],"version-history":[{"count":1,"href":"https:\/\/welcome-ontour.de\/wordpress\/index.php\/wp-json\/wp\/v2\/pages\/13400\/revisions"}],"predecessor-version":[{"id":14966,"href":"https:\/\/welcome-ontour.de\/wordpress\/index.php\/wp-json\/wp\/v2\/pages\/13400\/revisions\/14966"}],"wp:featuredmedia":[{"embeddable":true,"href":"https:\/\/welcome-ontour.de\/wordpress\/index.php\/wp-json\/wp\/v2\/media\/13386"}],"wp:attachment":[{"href":"https:\/\/welcome-ontour.de\/wordpress\/index.php\/wp-json\/wp\/v2\/media?parent=13400"}],"curies":[{"name":"wp","href":"https:\/\/api.w.org\/{rel}","templated":true}]}}