{"id":13385,"date":"2020-12-28T12:46:07","date_gmt":"2020-12-28T12:46:07","guid":{"rendered":"https:\/\/welcome-ontour.de\/wordpress\/index.php\/2020-09-26\/"},"modified":"2022-06-30T23:06:17","modified_gmt":"2022-06-30T23:06:17","slug":"2020-09-26","status":"publish","type":"page","link":"https:\/\/welcome-ontour.de\/wordpress\/index.php\/2020-09-26\/","title":{"rendered":"2020 09 26"},"content":{"rendered":"<p style=\"text-align: center;\"><span style=\"font-size: 8pt;\"><a href=\"https:\/\/welcome-ontour.de\/wordpress\/index.php\/2020-09-05-prolog\/\">Prolog<\/a>\u00a0 \u00a0 \u00a0 \u00a0<a href=\"https:\/\/welcome-ontour.de\/wordpress\/index.php\/2020-09-05-prolog-2\/\">Anreise<\/a>\u00a0 \u00a0 \u00a0 \u00a0<a href=\"https:\/\/welcome-ontour.de\/wordpress\/index.php\/2020-09-07\/\">Castelsardo<\/a>\u00a0 \u00a0 \u00a0 \u00a0<a href=\"https:\/\/welcome-ontour.de\/wordpress\/index.php\/2020-09-08\/\">Stintino<\/a>\u00a0 \u00a0 \u00a0 \u00a0<a href=\"https:\/\/welcome-ontour.de\/wordpress\/index.php\/2020-09-09\/\">Cabo Testa<\/a>\u00a0 \u00a0 \u00a0\u00a0<a href=\"https:\/\/welcome-ontour.de\/wordpress\/index.php\/2020-09-10\/\">Badesi<\/a>\u00a0 \u00a0 \u00a0\u00a0<a href=\"https:\/\/welcome-ontour.de\/wordpress\/index.php\/2020-09-11\/\">Alghero<\/a>\u00a0 \u00a0 \u00a0\u00a0<a href=\"https:\/\/welcome-ontour.de\/wordpress\/index.php\/2020-09-13\/\">Grotta Nettuno<\/a>\u00a0 \u00a0 \u00a0<a href=\"https:\/\/welcome-ontour.de\/wordpress\/index.php\/2020-09-14\/\">Torregrande<\/a>\u00a0 \u00a0 \u00a0\u00a0<a href=\"https:\/\/welcome-ontour.de\/wordpress\/index.php\/2020-09-15\/\">Arutas<\/a>\u00a0 \u00a0 \u00a0<a href=\"https:\/\/welcome-ontour.de\/wordpress\/index.php\/2020-09-16\/\">Oristano<\/a>\u00a0 \u00a0 \u00a0\u00a0<a href=\"https:\/\/welcome-ontour.de\/wordpress\/index.php\/2020-09-17\/\">Cagliari<\/a>\u00a0\u00a0 \u00a0\u00a0<a href=\"https:\/\/welcome-ontour.de\/wordpress\/index.php\/2020-09-18\/\">Giudeu<\/a><\/span><\/p>\n<p style=\"text-align: center;\"><span style=\"font-size: 8pt;\"><a href=\"https:\/\/welcome-ontour.de\/wordpress\/index.php\/2020-09-19\/\">Simius<\/a>\u00a0\u00a0 \u00a0\u00a0<a href=\"https:\/\/welcome-ontour.de\/wordpress\/index.php\/2020-09-20\/\">Santa Maria Navarrese<\/a><\/span><span style=\"font-size: 8pt;\">\u00a0 \u00a0 \u00a0\u00a0<a href=\"https:\/\/welcome-ontour.de\/wordpress\/index.php\/2020-09-21\/\">Bootstour<\/a>\u00a0\u00a0 \u00a0\u00a0<a href=\"https:\/\/welcome-ontour.de\/wordpress\/index.php\/2020-09-22\/\">Milanese<\/a>\u00a0 \u00a0 \u00a0\u00a0<a href=\"https:\/\/welcome-ontour.de\/wordpress\/index.php\/2020-09-23\/\">Olbia<\/a>\u00a0\u00a0 \u00a0\u00a0<a href=\"https:\/\/welcome-ontour.de\/wordpress\/index.php\/2020-09-24\/\">Costa Dorata<\/a>\u00a0 \u00a0 \u00a0\u00a0<a href=\"https:\/\/welcome-ontour.de\/wordpress\/index.php\/2020-09-25\/\">Costa Smeralda<\/a>\u00a0\u00a0 \u00a0\u00a0<a href=\"https:\/\/welcome-ontour.de\/wordpress\/index.php\/2020-09-26\/\">Spiaggia Bianca<\/a>\u00a0\u00a0 \u00a0 \u00a0<a href=\"https:\/\/welcome-ontour.de\/wordpress\/index.php\/2020-09-27\/\">R\u00fcckreise<\/a>\u00a0 \u00a0 \u00a0 \u00a0<a href=\"https:\/\/welcome-ontour.de\/wordpress\/index.php\/2020-09-28-fazit\/\">Fazit<\/a><\/span><\/p>\n<p style=\"text-align: center;\">\u00a0<\/p>\n<p style=\"text-align: center;\"><a href=\"https:\/\/welcome-ontour.de\/wordpress\/index.php\/2020-09-25\/\">&lt; zur\u00fcck<\/a>\u00a0 \u00a0 \u00a0 \u00a0 \u00a0 \u00a0 \u00a0\u00a0 \u00a0 \u00a0 \u00a0 \u00a0 \u00a0 \u00a0 \u00a0 \u00a0 \u00a0 \u00a0 \u00a0 \u00a0 \u00a0 \u00a0 \u00a0 \u00a0 \u00a0 \u00a0 \u00a0 \u00a0 \u00a0 \u00a0 \u00a0 \u00a0 \u00a0 \u00a0 \u00a0 \u00a0 \u00a0 \u00a0 \u00a0 \u00a0 \u00a0 \u00a0 \u00a0 \u00a0 \u00a0 \u00a0 \u00a0 \u00a0 \u00a0 \u00a0 \u00a0 \u00a0 \u00a0 \u00a0 \u00a0 \u00a0 \u00a0 \u00a0 \u00a0 \u00a0 \u00a0 \u00a0 \u00a0 \u00a0 \u00a0 \u00a0 \u00a0 \u00a0 \u00a0 \u00a0 \u00a0 \u00a0 \u00a0 \u00a0 \u00a0 \u00a0 \u00a0 \u00a0 \u00a0 \u00a0 \u00a0 \u00a0 \u00a0 \u00a0 \u00a0 \u00a0 \u00a0 \u00a0 \u00a0 \u00a0 \u00a0 \u00a0 \u00a0 \u00a0 \u00a0 \u00a0 \u00a0 \u00a0<a href=\"https:\/\/welcome-ontour.de\/wordpress\/index.php\/2020-09-27\/\">weiter &gt;<\/a><\/p>\n<p style=\"text-align: center;\">\u00a0<\/p>\n<p style=\"text-align: center;\"><span style=\"font-size: 14pt;\"><strong><span style=\"font-family: arial, helvetica, sans-serif;\">Sa 26.9.<\/span><\/strong><\/span><\/p>\n<p style=\"text-align: center;\"><span style=\"font-size: 14pt;\"><strong><span style=\"font-family: arial, helvetica, sans-serif;\">\u00a0<\/span><\/strong><\/span><\/p>\n<p style=\"text-align: center;\"><span style=\"font-size: 14pt;\"><strong><span style=\"font-family: arial, helvetica, sans-serif;\">Spiaggia Bianca<\/span><\/strong><\/span><\/p>\n<p style=\"text-align: center;\"><span style=\"font-family: arial, helvetica, sans-serif; font-size: 12pt;\">\u00a0<\/span><\/p>\n<p style=\"text-align: center;\"><span style=\"font-family: arial, helvetica, sans-serif; font-size: 12pt;\">Gemeinsames Breakfast, Jessi ins Auto geladen und ab nach Golfo Aranci.<\/span><\/p>\n<p style=\"text-align: center;\"><span style=\"font-family: arial, helvetica, sans-serif; font-size: 12pt;\">Dort ist es zwar sonnig, aber unheimlich windig, also eher noch ungem\u00fctlicher als in Olbia.<\/span><\/p>\n<p style=\"text-align: center;\"><span style=\"font-family: arial, helvetica, sans-serif; font-size: 12pt;\">Zur\u00fcck zur Spiaggia Bianca und in der dortigen Beach Bar Capucchinis und Bierchen in der Sonne.<\/span><\/p>\n<p style=\"text-align: center;\"><span style=\"font-family: arial, helvetica, sans-serif; font-size: 12pt;\">\u00a0<\/span><\/p>\n<p style=\"text-align: center;\"><span style=\"font-family: arial, helvetica, sans-serif; font-size: 12pt;\"><img decoding=\"async\" class=\" size-full wp-image-13378\" title=\"Spiaggia Bianca\" src=\"https:\/\/welcome-ontour.de\/wordpress\/wp-content\/uploads\/2020\/12\/phoca_thumb_l_2020-09-26-01.jpg\" width=\"385\" height=\"555\" srcset=\"https:\/\/welcome-ontour.de\/wordpress\/wp-content\/uploads\/2020\/12\/phoca_thumb_l_2020-09-26-01.jpg 562w, https:\/\/welcome-ontour.de\/wordpress\/wp-content\/uploads\/2020\/12\/phoca_thumb_l_2020-09-26-01-208x300.jpg 208w\" sizes=\"(max-width: 385px) 100vw, 385px\" \/>\u00a0 <img decoding=\"async\" class=\" size-full wp-image-13379\" title=\"Bierchen\" src=\"https:\/\/welcome-ontour.de\/wordpress\/wp-content\/uploads\/2020\/12\/phoca_thumb_l_2020-09-26-02.jpg\" alt=\"\" width=\"386\" height=\"555\" srcset=\"https:\/\/welcome-ontour.de\/wordpress\/wp-content\/uploads\/2020\/12\/phoca_thumb_l_2020-09-26-02.jpg 563w, https:\/\/welcome-ontour.de\/wordpress\/wp-content\/uploads\/2020\/12\/phoca_thumb_l_2020-09-26-02-209x300.jpg 209w\" sizes=\"(max-width: 386px) 100vw, 386px\" \/><\/span><\/p>\n<p style=\"text-align: center;\"><span style=\"font-family: arial, helvetica, sans-serif; font-size: 12pt;\">\u00a0<\/span><\/p>\n<p style=\"text-align: center;\"><span style=\"font-family: arial, helvetica, sans-serif; font-size: 12pt;\">Obwohl nur 22\u00b0 sind, ist es in der Sonne sehr angenehm, wenn nur der kr\u00e4ftige Wind nicht w\u00e4re.<\/span><\/p>\n<p style=\"text-align: center;\"><span style=\"font-family: arial, helvetica, sans-serif; font-size: 12pt;\">\u00a0<\/span><\/p>\n<p style=\"text-align: center;\"><span style=\"font-family: arial, helvetica, sans-serif; font-size: 12pt;\"><img decoding=\"async\" class=\" size-full wp-image-13380\" title=\"Spiaggia Bianca\" src=\"https:\/\/welcome-ontour.de\/wordpress\/wp-content\/uploads\/2020\/12\/phoca_thumb_l_2020-09-26-03.jpg\" alt=\"\" width=\"810\" height=\"397\" srcset=\"https:\/\/welcome-ontour.de\/wordpress\/wp-content\/uploads\/2020\/12\/phoca_thumb_l_2020-09-26-03.jpg 810w, https:\/\/welcome-ontour.de\/wordpress\/wp-content\/uploads\/2020\/12\/phoca_thumb_l_2020-09-26-03-300x147.jpg 300w, https:\/\/welcome-ontour.de\/wordpress\/wp-content\/uploads\/2020\/12\/phoca_thumb_l_2020-09-26-03-768x376.jpg 768w\" sizes=\"(max-width: 810px) 100vw, 810px\" \/><\/span><\/p>\n<p style=\"text-align: center;\"><span style=\"font-family: arial, helvetica, sans-serif; font-size: 12pt;\">\u00a0<\/span><\/p>\n<p style=\"text-align: center;\"><span style=\"font-family: arial, helvetica, sans-serif; font-size: 12pt;\">Als die Sonne sich immer mehr gegen die Wolken durchsetzt, suchen wir uns ein windgesch\u00fctztes Pl\u00e4tzchen.<\/span><\/p>\n<p style=\"text-align: center;\"><span style=\"font-family: arial, helvetica, sans-serif; font-size: 12pt;\">\u00a0<\/span><\/p>\n<p style=\"text-align: center;\"><span style=\"font-family: arial, helvetica, sans-serif; font-size: 12pt;\"><a href=\"https:\/\/welcome-ontour.de\/wordpress\/wp-content\/uploads\/2020\/12\/phoca_thumb_l_2020-09-26-04.jpg\" target=\"_blank\" rel=\"noopener noreferrer\"><img decoding=\"async\" class=\" size-full wp-image-13381\" title=\"Spiaggia Bianca\" src=\"https:\/\/welcome-ontour.de\/wordpress\/wp-content\/uploads\/2020\/12\/phoca_thumb_l_2020-09-26-04.jpg\" width=\"197\" height=\"295\" srcset=\"https:\/\/welcome-ontour.de\/wordpress\/wp-content\/uploads\/2020\/12\/phoca_thumb_l_2020-09-26-04.jpg 542w, https:\/\/welcome-ontour.de\/wordpress\/wp-content\/uploads\/2020\/12\/phoca_thumb_l_2020-09-26-04-201x300.jpg 201w\" sizes=\"(max-width: 197px) 100vw, 197px\" \/><\/a>\u00a0 <a href=\"https:\/\/welcome-ontour.de\/wordpress\/wp-content\/uploads\/2020\/12\/phoca_thumb_l_2020-09-26-05.jpg\" target=\"_blank\" rel=\"noopener noreferrer\"><img decoding=\"async\" class=\" size-full wp-image-13382\" title=\"Spiaggia Bianca\" src=\"https:\/\/welcome-ontour.de\/wordpress\/wp-content\/uploads\/2020\/12\/phoca_thumb_l_2020-09-26-05.jpg\" width=\"609\" height=\"295\" srcset=\"https:\/\/welcome-ontour.de\/wordpress\/wp-content\/uploads\/2020\/12\/phoca_thumb_l_2020-09-26-05.jpg 810w, https:\/\/welcome-ontour.de\/wordpress\/wp-content\/uploads\/2020\/12\/phoca_thumb_l_2020-09-26-05-300x145.jpg 300w, https:\/\/welcome-ontour.de\/wordpress\/wp-content\/uploads\/2020\/12\/phoca_thumb_l_2020-09-26-05-768x372.jpg 768w\" sizes=\"(max-width: 609px) 100vw, 609px\" \/><\/a><\/span><\/p>\n<p style=\"text-align: center;\"><span style=\"font-family: arial, helvetica, sans-serif; font-size: 12pt;\">\u00a0<\/span><\/p>\n<p style=\"text-align: center;\"><span style=\"font-family: arial, helvetica, sans-serif; font-size: 12pt;\">Hinter den Steinen der Anh\u00f6he am S\u00fcdende des Beaches, bereiten wir unser Tuch aus und machen eine Sonnen-Siesta.<\/span><\/p>\n<p style=\"text-align: center;\"><span style=\"font-family: arial, helvetica, sans-serif; font-size: 12pt;\">Das Wasser leuchtet T\u00fcrkisblau, ich geh schwimmen.<\/span><\/p>\n<p style=\"text-align: center;\"><span style=\"font-family: arial, helvetica, sans-serif; font-size: 12pt;\">\u00a0<\/span><\/p>\n<p style=\"text-align: center;\"><span style=\"font-family: arial, helvetica, sans-serif; font-size: 12pt;\"><img decoding=\"async\" class=\" size-full wp-image-13383\" title=\"Isola Tavolara\" src=\"https:\/\/welcome-ontour.de\/wordpress\/wp-content\/uploads\/2020\/12\/phoca_thumb_l_2020-09-26-06.jpg\" alt=\"\" width=\"810\" height=\"347\" srcset=\"https:\/\/welcome-ontour.de\/wordpress\/wp-content\/uploads\/2020\/12\/phoca_thumb_l_2020-09-26-06.jpg 810w, https:\/\/welcome-ontour.de\/wordpress\/wp-content\/uploads\/2020\/12\/phoca_thumb_l_2020-09-26-06-300x129.jpg 300w, https:\/\/welcome-ontour.de\/wordpress\/wp-content\/uploads\/2020\/12\/phoca_thumb_l_2020-09-26-06-768x329.jpg 768w\" sizes=\"(max-width: 810px) 100vw, 810px\" \/><\/span><\/p>\n<p style=\"text-align: center;\"><span style=\"font-family: arial, helvetica, sans-serif; font-size: 12pt;\">\u00a0<\/span><\/p>\n<p style=\"text-align: center;\"><span style=\"font-family: arial, helvetica, sans-serif; font-size: 12pt;\">So chillen wir bis um vier und fahren dann zur\u00fcck zum Hotel.<\/span><\/p>\n<p style=\"text-align: center;\"><span style=\"font-family: arial, helvetica, sans-serif; font-size: 12pt;\">Abendessen gibt es heute in der Pizzeria Adriano in Olbia.<\/span><\/p>\n<p style=\"text-align: center;\"><span style=\"font-family: arial, helvetica, sans-serif; font-size: 12pt;\">\u00a0<\/span><\/p>\n<p style=\"text-align: center;\"><span style=\"font-family: arial, helvetica, sans-serif; font-size: 12pt;\"><img decoding=\"async\" class=\" size-full wp-image-13384\" title=\"Pizzeria Adriano\" src=\"https:\/\/welcome-ontour.de\/wordpress\/wp-content\/uploads\/2020\/12\/phoca_thumb_l_2020-09-26-07.jpg\" alt=\"\" width=\"810\" height=\"375\" srcset=\"https:\/\/welcome-ontour.de\/wordpress\/wp-content\/uploads\/2020\/12\/phoca_thumb_l_2020-09-26-07.jpg 810w, https:\/\/welcome-ontour.de\/wordpress\/wp-content\/uploads\/2020\/12\/phoca_thumb_l_2020-09-26-07-300x139.jpg 300w, https:\/\/welcome-ontour.de\/wordpress\/wp-content\/uploads\/2020\/12\/phoca_thumb_l_2020-09-26-07-768x356.jpg 768w\" sizes=\"(max-width: 810px) 100vw, 810px\" \/><\/span><\/p>\n<p style=\"text-align: center;\"><span style=\"font-family: arial, helvetica, sans-serif; font-size: 12pt;\">\u00a0<\/span><\/p>\n<p style=\"text-align: center;\"><span style=\"font-family: arial, helvetica, sans-serif; font-size: 12pt;\">Die Pizzen haben WC-Deckel-Format und schmecken super.<\/span><\/p>\n<p style=\"text-align: center;\"><span style=\"font-family: arial, helvetica, sans-serif; font-size: 12pt;\">In unserem Hotelzimmer geht es dann wieder bis weit nach Mitternacht.<\/span><\/p>\n<p style=\"text-align: center;\"><span style=\"font-family: arial, helvetica, sans-serif; font-size: 12pt;\">Warum?<\/span><\/p>\n<p style=\"text-align: center;\"><span style=\"font-family: arial, helvetica, sans-serif; font-size: 12pt;\">Weil ich am 27. Geburtstag habe, wir reinfeiern und es au\u00dferdem unserer letzter Abend ist.<\/span><\/p>\n<p style=\"text-align: center;\"><span style=\"font-family: arial, helvetica, sans-serif; font-size: 12pt;\">\u00a0<\/span><\/p>\n<p style=\"text-align: center;\"><span style=\"font-family: arial, helvetica, sans-serif; font-size: 12pt;\">Gefahrene Kilometer: 47<\/span><\/p>\n<p style=\"text-align: center;\"><span style=\"font-family: arial, helvetica, sans-serif; font-size: 12pt;\">\u00a0<\/span><\/p>\n<p style=\"text-align: center;\"><span style=\"font-family: arial, helvetica, sans-serif; font-size: 12pt;\">Unterkunft: Doubletree by Hilton, Olbia 87\u20ac ****<\/span><\/p>\n<p style=\"text-align: center;\">\u00a0<\/p>\n<p style=\"text-align: center;\">\u00a0<\/p>\n<p style=\"text-align: center;\"><span style=\"font-family: arial, helvetica, sans-serif; font-size: 12pt;\"><img decoding=\"async\" class=\" size-full wp-image-12937\" title=\"Sardinien\" src=\"https:\/\/welcome-ontour.de\/wordpress\/wp-content\/uploads\/2020\/12\/phoca_thumb_l_2020-09-05-03.jpg\" width=\"200\" height=\"140\" srcset=\"https:\/\/welcome-ontour.de\/wordpress\/wp-content\/uploads\/2020\/12\/phoca_thumb_l_2020-09-05-03.jpg 500w, https:\/\/welcome-ontour.de\/wordpress\/wp-content\/uploads\/2020\/12\/phoca_thumb_l_2020-09-05-03-300x210.jpg 300w\" sizes=\"(max-width: 200px) 100vw, 200px\" \/><\/span><\/p>\n<p style=\"text-align: center;\">\u00a0<\/p>\n<p style=\"text-align: center;\"><a href=\"https:\/\/welcome-ontour.de\/wordpress\/index.php\/2020-09-25\/\">&lt; zur\u00fcck<\/a>\u00a0 \u00a0 \u00a0 \u00a0 \u00a0 \u00a0 \u00a0\u00a0 \u00a0 \u00a0 \u00a0 \u00a0 \u00a0 \u00a0 \u00a0 \u00a0 \u00a0 \u00a0 \u00a0 \u00a0 \u00a0 \u00a0 \u00a0 \u00a0 \u00a0 \u00a0 \u00a0 \u00a0 \u00a0 \u00a0 \u00a0 \u00a0 \u00a0 \u00a0 \u00a0 \u00a0 \u00a0 \u00a0 \u00a0 \u00a0 \u00a0 \u00a0 \u00a0 \u00a0 \u00a0 \u00a0 \u00a0 \u00a0 \u00a0 \u00a0 \u00a0 \u00a0 \u00a0 \u00a0 \u00a0 \u00a0 \u00a0 \u00a0 \u00a0 \u00a0 \u00a0 \u00a0 \u00a0 \u00a0 \u00a0 \u00a0 \u00a0 \u00a0 \u00a0 \u00a0 \u00a0 \u00a0 \u00a0 \u00a0 \u00a0 \u00a0 \u00a0 \u00a0 \u00a0 \u00a0 \u00a0 \u00a0 \u00a0 \u00a0 \u00a0 \u00a0 \u00a0 \u00a0 \u00a0 \u00a0 \u00a0 \u00a0 \u00a0 \u00a0 \u00a0 \u00a0 \u00a0 \u00a0<a href=\"https:\/\/welcome-ontour.de\/wordpress\/index.php\/2020-09-27\/\">weiter &gt;<\/a><\/p>\n","protected":false},"excerpt":{"rendered":"<p>Prolog\u00a0 \u00a0 \u00a0 \u00a0Anreise\u00a0 \u00a0 \u00a0 \u00a0Castelsardo\u00a0 \u00a0 \u00a0 \u00a0Stintino\u00a0 \u00a0 \u00a0 \u00a0Cabo Testa\u00a0 \u00a0 \u00a0\u00a0Badesi\u00a0 \u00a0 \u00a0\u00a0Alghero\u00a0 \u00a0 \u00a0\u00a0Grotta Nettuno\u00a0 \u00a0 \u00a0Torregrande\u00a0 \u00a0 \u00a0\u00a0Arutas\u00a0 \u00a0 \u00a0Oristano\u00a0 \u00a0 \u00a0\u00a0Cagliari\u00a0\u00a0 \u00a0\u00a0Giudeu Simius\u00a0\u00a0 \u00a0\u00a0Santa Maria Navarrese\u00a0 \u00a0 \u00a0\u00a0Bootstour\u00a0\u00a0 \u00a0\u00a0Milanese\u00a0 \u00a0 \u00a0\u00a0Olbia\u00a0\u00a0 \u00a0\u00a0Costa Dorata\u00a0 \u00a0 \u00a0\u00a0Costa Smeralda\u00a0\u00a0 \u00a0\u00a0Spiaggia Bianca\u00a0\u00a0 \u00a0 \u00a0R\u00fcckreise\u00a0 \u00a0 \u00a0 \u00a0Fazit \u00a0 &lt; zur\u00fcck\u00a0 \u00a0 \u00a0 \u00a0 \u00a0 \u00a0 \u00a0\u00a0 \u00a0 \u00a0 \u00a0 \u00a0 \u00a0 \u00a0 \u00a0 \u00a0 \u00a0 \u00a0 \u00a0 \u00a0 \u00a0 \u00a0 \u00a0 \u00a0 \u00a0 \u00a0 \u00a0 \u00a0 \u00a0 \u00a0 \u00a0 \u00a0 \u00a0 \u00a0 \u00a0 \u00a0 \u00a0 \u00a0 \u00a0 \u00a0 \u00a0 \u00a0 \u00a0 \u00a0 \u00a0 \u00a0 \u00a0 \u00a0 \u00a0 \u00a0 \u00a0 \u00a0 \u00a0 \u00a0 \u00a0 \u00a0 \u00a0 \u00a0 \u00a0 \u00a0 \u00a0 \u00a0 \u00a0 \u00a0 \u00a0 \u00a0 \u00a0 \u00a0 \u00a0 \u00a0 \u00a0 \u00a0 \u00a0 \u00a0 \u00a0 \u00a0 \u00a0 \u00a0 \u00a0 \u00a0 \u00a0 \u00a0 \u00a0 \u00a0 \u00a0 \u00a0 \u00a0 \u00a0 \u00a0 \u00a0 \u00a0 \u00a0 \u00a0 \u00a0 \u00a0 \u00a0 \u00a0 \u00a0weiter &gt; \u00a0 Sa 26.9. \u00a0 Spiaggia Bianca \u00a0 Gemeinsames Breakfast, Jessi ins Auto geladen und ab nach Golfo Aranci. Dort ist es zwar sonnig, aber unheimlich windig, also eher noch ungem\u00fctlicher als in Olbia. Zur\u00fcck zur Spiaggia Bianca und in der dortigen Beach Bar Capucchinis und Bierchen in der Sonne. \u00a0 \u00a0 \u00a0 Obwohl nur 22\u00b0 sind, ist es in der Sonne sehr angenehm, wenn nur der kr\u00e4ftige Wind nicht w\u00e4re. \u00a0 \u00a0 Als die Sonne sich immer mehr gegen die Wolken durchsetzt, suchen wir uns ein windgesch\u00fctztes Pl\u00e4tzchen. \u00a0 \u00a0 \u00a0 Hinter den Steinen der Anh\u00f6he am S\u00fcdende des Beaches, bereiten wir unser Tuch aus und machen eine Sonnen-Siesta. Das Wasser leuchtet T\u00fcrkisblau, ich geh schwimmen. \u00a0 \u00a0 So chillen wir bis um vier und fahren dann zur\u00fcck zum Hotel. Abendessen gibt es heute in der Pizzeria Adriano in Olbia. \u00a0 \u00a0 Die Pizzen haben WC-Deckel-Format und schmecken super. In unserem Hotelzimmer geht es dann wieder bis weit nach Mitternacht. Warum? Weil ich am 27. Geburtstag habe, wir reinfeiern und es au\u00dferdem unserer letzter Abend ist. \u00a0 Gefahrene Kilometer: 47 \u00a0 Unterkunft: Doubletree by Hilton, Olbia 87\u20ac **** \u00a0 \u00a0 \u00a0 &lt; zur\u00fcck\u00a0 \u00a0 \u00a0 \u00a0 \u00a0 \u00a0 \u00a0\u00a0 \u00a0 \u00a0 \u00a0 \u00a0 \u00a0 \u00a0 \u00a0 \u00a0 \u00a0 \u00a0 \u00a0 \u00a0 \u00a0 \u00a0 \u00a0 \u00a0 \u00a0 \u00a0 \u00a0 \u00a0 \u00a0 \u00a0 \u00a0 \u00a0 \u00a0 \u00a0 \u00a0 \u00a0 \u00a0 \u00a0 \u00a0 \u00a0 \u00a0 \u00a0 \u00a0 \u00a0 \u00a0 \u00a0 \u00a0 \u00a0 \u00a0 \u00a0 \u00a0 \u00a0 \u00a0 \u00a0 \u00a0 \u00a0 \u00a0 \u00a0 \u00a0 \u00a0 \u00a0 \u00a0 \u00a0 \u00a0 \u00a0 \u00a0 \u00a0 \u00a0 \u00a0 \u00a0 \u00a0 \u00a0 \u00a0 \u00a0 \u00a0 \u00a0 \u00a0 \u00a0 \u00a0 \u00a0 \u00a0 \u00a0 \u00a0 \u00a0 \u00a0 \u00a0 \u00a0 \u00a0 \u00a0 \u00a0 \u00a0 \u00a0 \u00a0 \u00a0 \u00a0 \u00a0 \u00a0 \u00a0weiter &gt;<\/p>\n","protected":false},"author":1,"featured_media":13378,"parent":0,"menu_order":2,"comment_status":"closed","ping_status":"closed","template":"","meta":{"footnotes":""},"class_list":["post-13385","page","type-page","status-publish","has-post-thumbnail","hentry"],"_links":{"self":[{"href":"https:\/\/welcome-ontour.de\/wordpress\/index.php\/wp-json\/wp\/v2\/pages\/13385","targetHints":{"allow":["GET"]}}],"collection":[{"href":"https:\/\/welcome-ontour.de\/wordpress\/index.php\/wp-json\/wp\/v2\/pages"}],"about":[{"href":"https:\/\/welcome-ontour.de\/wordpress\/index.php\/wp-json\/wp\/v2\/types\/page"}],"author":[{"embeddable":true,"href":"https:\/\/welcome-ontour.de\/wordpress\/index.php\/wp-json\/wp\/v2\/users\/1"}],"replies":[{"embeddable":true,"href":"https:\/\/welcome-ontour.de\/wordpress\/index.php\/wp-json\/wp\/v2\/comments?post=13385"}],"version-history":[{"count":1,"href":"https:\/\/welcome-ontour.de\/wordpress\/index.php\/wp-json\/wp\/v2\/pages\/13385\/revisions"}],"predecessor-version":[{"id":14965,"href":"https:\/\/welcome-ontour.de\/wordpress\/index.php\/wp-json\/wp\/v2\/pages\/13385\/revisions\/14965"}],"wp:featuredmedia":[{"embeddable":true,"href":"https:\/\/welcome-ontour.de\/wordpress\/index.php\/wp-json\/wp\/v2\/media\/13378"}],"wp:attachment":[{"href":"https:\/\/welcome-ontour.de\/wordpress\/index.php\/wp-json\/wp\/v2\/media?parent=13385"}],"curies":[{"name":"wp","href":"https:\/\/api.w.org\/{rel}","templated":true}]}}