{"id":13082,"date":"2020-12-28T12:42:41","date_gmt":"2020-12-28T12:42:41","guid":{"rendered":"https:\/\/welcome-ontour.de\/wordpress\/index.php\/2020-09-12\/"},"modified":"2022-06-30T23:07:07","modified_gmt":"2022-06-30T23:07:07","slug":"2020-09-12","status":"publish","type":"page","link":"https:\/\/welcome-ontour.de\/wordpress\/index.php\/2020-09-12\/","title":{"rendered":"2020 09 12"},"content":{"rendered":"<p style=\"text-align: center;\"><span style=\"font-size: 8pt;\"><a href=\"https:\/\/welcome-ontour.de\/wordpress\/index.php\/2020-09-05-prolog\/\">Prolog<\/a>\u00a0 \u00a0 \u00a0 \u00a0<a href=\"https:\/\/welcome-ontour.de\/wordpress\/index.php\/2020-09-05-prolog-2\/\">Anreise<\/a>\u00a0 \u00a0 \u00a0 \u00a0<a href=\"https:\/\/welcome-ontour.de\/wordpress\/index.php\/2020-09-07\/\">Castelsardo<\/a>\u00a0 \u00a0 \u00a0 \u00a0<a href=\"https:\/\/welcome-ontour.de\/wordpress\/index.php\/2020-09-08\/\">Stintino<\/a>\u00a0 \u00a0 \u00a0 \u00a0<a href=\"https:\/\/welcome-ontour.de\/wordpress\/index.php\/2020-09-09\/\">Cabo Testa<\/a>\u00a0 \u00a0 \u00a0\u00a0<a href=\"https:\/\/welcome-ontour.de\/wordpress\/index.php\/2020-09-10\/\">Badesi<\/a>\u00a0 \u00a0 \u00a0\u00a0<a href=\"https:\/\/welcome-ontour.de\/wordpress\/index.php\/2020-09-11\/\">Alghero<\/a>\u00a0 \u00a0 \u00a0\u00a0<a href=\"https:\/\/welcome-ontour.de\/wordpress\/index.php\/2020-09-13\/\">Grotta Nettuno<\/a>\u00a0 \u00a0 \u00a0<a href=\"https:\/\/welcome-ontour.de\/wordpress\/index.php\/2020-09-14\/\">Torregrande<\/a>\u00a0 \u00a0 \u00a0\u00a0<a href=\"https:\/\/welcome-ontour.de\/wordpress\/index.php\/2020-09-15\/\">Arutas<\/a>\u00a0 \u00a0 \u00a0<a href=\"https:\/\/welcome-ontour.de\/wordpress\/index.php\/2020-09-16\/\">Oristano<\/a>\u00a0 \u00a0 \u00a0\u00a0<a href=\"https:\/\/welcome-ontour.de\/wordpress\/index.php\/2020-09-17\/\">Cagliari<\/a>\u00a0\u00a0 \u00a0\u00a0<a href=\"https:\/\/welcome-ontour.de\/wordpress\/index.php\/2020-09-18\/\">Giudeu<\/a><\/span><\/p>\n<p style=\"text-align: center;\"><span style=\"font-size: 8pt;\"><a href=\"https:\/\/welcome-ontour.de\/wordpress\/index.php\/2020-09-19\/\">Simius<\/a>\u00a0\u00a0 \u00a0\u00a0<a href=\"https:\/\/welcome-ontour.de\/wordpress\/index.php\/2020-09-20\/\">Santa Maria Navarrese<\/a><\/span><span style=\"font-size: 8pt;\">\u00a0 \u00a0 \u00a0\u00a0<a href=\"https:\/\/welcome-ontour.de\/wordpress\/index.php\/2020-09-21\/\">Bootstour<\/a>\u00a0\u00a0 \u00a0\u00a0<a href=\"https:\/\/welcome-ontour.de\/wordpress\/index.php\/2020-09-22\/\">Milanese<\/a>\u00a0 \u00a0 \u00a0\u00a0<a href=\"https:\/\/welcome-ontour.de\/wordpress\/index.php\/2020-09-23\/\">Olbia<\/a>\u00a0\u00a0 \u00a0\u00a0<a href=\"https:\/\/welcome-ontour.de\/wordpress\/index.php\/2020-09-24\/\">Costa Dorata<\/a>\u00a0 \u00a0 \u00a0\u00a0<a href=\"https:\/\/welcome-ontour.de\/wordpress\/index.php\/2020-09-25\/\">Costa Smeralda<\/a>\u00a0\u00a0 \u00a0\u00a0<a href=\"https:\/\/welcome-ontour.de\/wordpress\/index.php\/2020-09-26\/\">Spiaggia Bianca<\/a>\u00a0\u00a0 \u00a0 \u00a0<a href=\"https:\/\/welcome-ontour.de\/wordpress\/index.php\/2020-09-27\/\">R\u00fcckreise<\/a>\u00a0 \u00a0 \u00a0 \u00a0<a href=\"https:\/\/welcome-ontour.de\/wordpress\/index.php\/2020-09-28-fazit\/\">Fazit<\/a><\/span><\/p>\n<p style=\"text-align: center;\">\u00a0<\/p>\n<p style=\"text-align: center;\"><a href=\"https:\/\/welcome-ontour.de\/wordpress\/index.php\/2020-09-11\/\">&lt; zur\u00fcck<\/a>\u00a0 \u00a0 \u00a0 \u00a0 \u00a0 \u00a0 \u00a0\u00a0 \u00a0 \u00a0 \u00a0 \u00a0 \u00a0 \u00a0 \u00a0 \u00a0 \u00a0 \u00a0 \u00a0 \u00a0 \u00a0 \u00a0 \u00a0 \u00a0 \u00a0 \u00a0 \u00a0 \u00a0 \u00a0 \u00a0 \u00a0 \u00a0 \u00a0 \u00a0 \u00a0 \u00a0 \u00a0 \u00a0 \u00a0 \u00a0 \u00a0 \u00a0 \u00a0 \u00a0 \u00a0 \u00a0 \u00a0 \u00a0 \u00a0 \u00a0 \u00a0 \u00a0 \u00a0 \u00a0 \u00a0 \u00a0 \u00a0 \u00a0 \u00a0 \u00a0 \u00a0 \u00a0 \u00a0 \u00a0 \u00a0 \u00a0 \u00a0 \u00a0 \u00a0 \u00a0 \u00a0 \u00a0 \u00a0 \u00a0 \u00a0 \u00a0 \u00a0 \u00a0 \u00a0 \u00a0 \u00a0 \u00a0 \u00a0 \u00a0 \u00a0 \u00a0 \u00a0 \u00a0 \u00a0 \u00a0 \u00a0 \u00a0 \u00a0 \u00a0 \u00a0 \u00a0 \u00a0 \u00a0<a href=\"https:\/\/welcome-ontour.de\/wordpress\/index.php\/2020-09-13\/\">weiter &gt;<\/a><\/p>\n<p style=\"text-align: center;\">\u00a0<\/p>\n<p style=\"text-align: center;\"><span style=\"font-size: 14pt;\"><strong><span style=\"font-family: arial, helvetica, sans-serif;\">Sa 12.9. <\/span><\/strong><\/span><\/p>\n<p style=\"text-align: center;\">\u00a0<\/p>\n<p style=\"text-align: center;\"><span style=\"font-size: 14pt;\"><strong><span style=\"font-family: arial, helvetica, sans-serif;\">Alghero<\/span><\/strong><\/span><\/p>\n<p style=\"text-align: center;\"><span style=\"font-family: arial, helvetica, sans-serif; font-size: 12pt;\">\u00a0<\/span><\/p>\n<p style=\"text-align: center;\"><span style=\"font-family: arial, helvetica, sans-serif; font-size: 12pt;\">Wir schlafen herrlich und lange.<\/span><\/p>\n<p style=\"text-align: center;\"><span style=\"font-family: arial, helvetica, sans-serif; font-size: 12pt;\">Beim ersten Blick vom Balkon zeigt sich der Himmel voller Wolken <\/span><\/p>\n<p style=\"text-align: center;\"><span style=\"font-family: arial, helvetica, sans-serif; font-size: 12pt;\">und w\u00e4hrend des wunderbaren Fr\u00fchst\u00fccks gie\u00dft es in Str\u00f6men.<\/span><\/p>\n<p style=\"text-align: center;\"><span style=\"font-family: arial, helvetica, sans-serif; font-size: 12pt;\">\u00a0<\/span><\/p>\n<p style=\"text-align: center;\"><span style=\"font-family: arial, helvetica, sans-serif; font-size: 12pt;\"><img decoding=\"async\" class=\" size-full wp-image-13068\" title=\"Regen\" src=\"https:\/\/welcome-ontour.de\/wordpress\/wp-content\/uploads\/2020\/12\/phoca_thumb_l_2020-09-12-01.jpg\" alt=\"\" width=\"810\" height=\"389\" srcset=\"https:\/\/welcome-ontour.de\/wordpress\/wp-content\/uploads\/2020\/12\/phoca_thumb_l_2020-09-12-01.jpg 810w, https:\/\/welcome-ontour.de\/wordpress\/wp-content\/uploads\/2020\/12\/phoca_thumb_l_2020-09-12-01-300x144.jpg 300w, https:\/\/welcome-ontour.de\/wordpress\/wp-content\/uploads\/2020\/12\/phoca_thumb_l_2020-09-12-01-768x369.jpg 768w\" sizes=\"(max-width: 810px) 100vw, 810px\" \/><\/span><\/p>\n<p style=\"text-align: center;\"><span style=\"font-family: arial, helvetica, sans-serif; font-size: 12pt;\">\u00a0<\/span><\/p>\n<p style=\"text-align: center;\"><span style=\"font-family: arial, helvetica, sans-serif; font-size: 12pt;\">Laut Wetterbericht soll es ab elf wieder besser sein.<\/span><\/p>\n<p style=\"text-align: center;\"><span style=\"font-family: arial, helvetica, sans-serif; font-size: 12pt;\">Also lassen wir uns ewig viel Zeit und starten erst halb elf zur Spiaggia Bombarde.<\/span><\/p>\n<p style=\"text-align: center;\"><span style=\"font-family: arial, helvetica, sans-serif; font-size: 12pt;\">\u00a0<\/span><\/p>\n<p style=\"text-align: center;\"><span style=\"font-family: arial, helvetica, sans-serif; font-size: 12pt;\"><img decoding=\"async\" class=\" size-full wp-image-13069\" title=\"Playa\" src=\"https:\/\/welcome-ontour.de\/wordpress\/wp-content\/uploads\/2020\/12\/phoca_thumb_l_2020-09-12-02.jpg\" alt=\"\" width=\"810\" height=\"439\" srcset=\"https:\/\/welcome-ontour.de\/wordpress\/wp-content\/uploads\/2020\/12\/phoca_thumb_l_2020-09-12-02.jpg 810w, https:\/\/welcome-ontour.de\/wordpress\/wp-content\/uploads\/2020\/12\/phoca_thumb_l_2020-09-12-02-300x163.jpg 300w, https:\/\/welcome-ontour.de\/wordpress\/wp-content\/uploads\/2020\/12\/phoca_thumb_l_2020-09-12-02-768x416.jpg 768w\" sizes=\"(max-width: 810px) 100vw, 810px\" \/><\/span><\/p>\n<p style=\"text-align: center;\"><span style=\"font-family: arial, helvetica, sans-serif; font-size: 12pt;\">\u00a0<\/span><\/p>\n<p style=\"text-align: center;\"><span style=\"font-family: arial, helvetica, sans-serif; font-size: 12pt;\">Als wir dort ankommen, ist die Sonne wieder voll da.<\/span><\/p>\n<p style=\"text-align: center;\"><span style=\"font-family: arial, helvetica, sans-serif; font-size: 12pt;\">\u00a0<\/span><\/p>\n<p style=\"text-align: center;\"><span style=\"font-family: arial, helvetica, sans-serif; font-size: 12pt;\"><img decoding=\"async\" class=\" size-full wp-image-13070\" title=\"Spiaggia Bombarde\" src=\"https:\/\/welcome-ontour.de\/wordpress\/wp-content\/uploads\/2020\/12\/phoca_thumb_l_2020-09-12-03.jpg\" alt=\"\" width=\"810\" height=\"446\" srcset=\"https:\/\/welcome-ontour.de\/wordpress\/wp-content\/uploads\/2020\/12\/phoca_thumb_l_2020-09-12-03.jpg 810w, https:\/\/welcome-ontour.de\/wordpress\/wp-content\/uploads\/2020\/12\/phoca_thumb_l_2020-09-12-03-300x165.jpg 300w, https:\/\/welcome-ontour.de\/wordpress\/wp-content\/uploads\/2020\/12\/phoca_thumb_l_2020-09-12-03-768x423.jpg 768w\" sizes=\"(max-width: 810px) 100vw, 810px\" \/><\/span><\/p>\n<p style=\"text-align: center;\"><span style=\"font-family: arial, helvetica, sans-serif; font-size: 12pt;\">\u00a0<\/span><\/p>\n<p style=\"text-align: center;\"><span style=\"font-family: arial, helvetica, sans-serif; font-size: 12pt;\">Bei mittlerweile immer besser werdendem Wetter h\u00e4ngen wir die n\u00e4chsten Stunden am Strand ab.<\/span><\/p>\n<p style=\"text-align: center;\"><span style=\"font-family: arial, helvetica, sans-serif; font-size: 12pt;\">\u00a0<\/span><\/p>\n<p style=\"text-align: center;\"><span style=\"font-family: arial, helvetica, sans-serif; font-size: 12pt;\"><img decoding=\"async\" class=\" size-full wp-image-13071\" title=\"Lunch\" src=\"https:\/\/welcome-ontour.de\/wordpress\/wp-content\/uploads\/2020\/12\/phoca_thumb_l_2020-09-12-04.jpg\" width=\"341\" height=\"190\" srcset=\"https:\/\/welcome-ontour.de\/wordpress\/wp-content\/uploads\/2020\/12\/phoca_thumb_l_2020-09-12-04.jpg 400w, https:\/\/welcome-ontour.de\/wordpress\/wp-content\/uploads\/2020\/12\/phoca_thumb_l_2020-09-12-04-300x167.jpg 300w\" sizes=\"(max-width: 341px) 100vw, 341px\" \/>\u00a0 <a href=\"https:\/\/welcome-ontour.de\/wordpress\/wp-content\/uploads\/2020\/12\/phoca_thumb_l_2020-09-12-05.jpg\" target=\"_blank\" rel=\"noopener noreferrer\"><img decoding=\"async\" class=\" size-full wp-image-13072\" title=\"Lunch\" src=\"https:\/\/welcome-ontour.de\/wordpress\/wp-content\/uploads\/2020\/12\/phoca_thumb_l_2020-09-12-05.jpg\" width=\"342\" height=\"190\" srcset=\"https:\/\/welcome-ontour.de\/wordpress\/wp-content\/uploads\/2020\/12\/phoca_thumb_l_2020-09-12-05.jpg 400w, https:\/\/welcome-ontour.de\/wordpress\/wp-content\/uploads\/2020\/12\/phoca_thumb_l_2020-09-12-05-300x167.jpg 300w\" sizes=\"(max-width: 342px) 100vw, 342px\" \/><\/a>\u00a0 <a href=\"https:\/\/welcome-ontour.de\/wordpress\/wp-content\/uploads\/2020\/12\/phoca_thumb_l_2020-09-12-06.jpg\" target=\"_blank\" rel=\"noopener noreferrer\"><img decoding=\"async\" class=\" size-full wp-image-13073\" title=\"Lunch\" src=\"https:\/\/welcome-ontour.de\/wordpress\/wp-content\/uploads\/2020\/12\/phoca_thumb_l_2020-09-12-06.jpg\" width=\"117\" height=\"190\" srcset=\"https:\/\/welcome-ontour.de\/wordpress\/wp-content\/uploads\/2020\/12\/phoca_thumb_l_2020-09-12-06.jpg 246w, https:\/\/welcome-ontour.de\/wordpress\/wp-content\/uploads\/2020\/12\/phoca_thumb_l_2020-09-12-06-185x300.jpg 185w\" sizes=\"(max-width: 117px) 100vw, 117px\" \/><\/a><\/span><\/p>\n<p style=\"text-align: center;\"><span style=\"font-family: arial, helvetica, sans-serif; font-size: 12pt;\">\u00a0<\/span><\/p>\n<p style=\"text-align: center;\"><span style=\"font-family: arial, helvetica, sans-serif; font-size: 12pt;\">Und genehmigen uns dann im Strandrestaurant kaltes Bier und leckere Muscheln.<\/span><\/p>\n<p style=\"text-align: center;\"><span style=\"font-family: arial, helvetica, sans-serif; font-size: 12pt;\">Mittlerweile haben sich Wolken- und Besucherzahl erh\u00f6ht.<\/span><\/p>\n<p style=\"text-align: center;\"><span style=\"font-family: arial, helvetica, sans-serif; font-size: 12pt;\">\u00a0<\/span><\/p>\n<p style=\"text-align: center;\"><span style=\"font-family: arial, helvetica, sans-serif; font-size: 12pt;\"><img decoding=\"async\" class=\" size-full wp-image-13074\" src=\"https:\/\/welcome-ontour.de\/wordpress\/wp-content\/uploads\/2020\/12\/phoca_thumb_l_2020-09-12-07.jpg\" alt=\"\" width=\"810\" height=\"386\" srcset=\"https:\/\/welcome-ontour.de\/wordpress\/wp-content\/uploads\/2020\/12\/phoca_thumb_l_2020-09-12-07.jpg 810w, https:\/\/welcome-ontour.de\/wordpress\/wp-content\/uploads\/2020\/12\/phoca_thumb_l_2020-09-12-07-300x143.jpg 300w, https:\/\/welcome-ontour.de\/wordpress\/wp-content\/uploads\/2020\/12\/phoca_thumb_l_2020-09-12-07-768x366.jpg 768w\" sizes=\"(max-width: 810px) 100vw, 810px\" \/><\/span><\/p>\n<p style=\"text-align: center;\"><span style=\"font-family: arial, helvetica, sans-serif; font-size: 12pt;\">\u00a0<\/span><\/p>\n<p style=\"text-align: center;\"><span style=\"font-family: arial, helvetica, sans-serif; font-size: 12pt;\">Im Hotel wird geduscht und mit dem Sonnenuntergang<\/span><\/p>\n<p style=\"text-align: center;\"><span style=\"font-family: arial, helvetica, sans-serif; font-size: 12pt;\">\u00a0<\/span><\/p>\n<p style=\"text-align: center;\"><span style=\"font-family: arial, helvetica, sans-serif; font-size: 12pt;\"><img decoding=\"async\" class=\" size-full wp-image-13075\" title=\"Sunset\" src=\"https:\/\/welcome-ontour.de\/wordpress\/wp-content\/uploads\/2020\/12\/phoca_thumb_l_2020-09-12-08.jpg\" alt=\"\" width=\"810\" height=\"375\" srcset=\"https:\/\/welcome-ontour.de\/wordpress\/wp-content\/uploads\/2020\/12\/phoca_thumb_l_2020-09-12-08.jpg 810w, https:\/\/welcome-ontour.de\/wordpress\/wp-content\/uploads\/2020\/12\/phoca_thumb_l_2020-09-12-08-300x139.jpg 300w, https:\/\/welcome-ontour.de\/wordpress\/wp-content\/uploads\/2020\/12\/phoca_thumb_l_2020-09-12-08-768x356.jpg 768w\" sizes=\"(max-width: 810px) 100vw, 810px\" \/><\/span><\/p>\n<p style=\"text-align: center;\"><span style=\"font-family: arial, helvetica, sans-serif; font-size: 12pt;\">\u00a0<\/span><\/p>\n<p style=\"text-align: center;\"><span style=\"font-family: arial, helvetica, sans-serif; font-size: 12pt;\">geht\u2019s zu Fu\u00df in die Innenstadt.<\/span><\/p>\n<p style=\"text-align: center;\"><span style=\"font-family: arial, helvetica, sans-serif; font-size: 12pt;\">\u00a0<\/span><\/p>\n<p style=\"text-align: center;\"><span style=\"font-family: arial, helvetica, sans-serif; font-size: 12pt;\"><img decoding=\"async\" class=\" size-full wp-image-13076\" title=\"Cabo Cacchio\" src=\"https:\/\/welcome-ontour.de\/wordpress\/wp-content\/uploads\/2020\/12\/phoca_thumb_l_2020-09-12-09.jpg\" width=\"600\" height=\"286\" srcset=\"https:\/\/welcome-ontour.de\/wordpress\/wp-content\/uploads\/2020\/12\/phoca_thumb_l_2020-09-12-09.jpg 810w, https:\/\/welcome-ontour.de\/wordpress\/wp-content\/uploads\/2020\/12\/phoca_thumb_l_2020-09-12-09-300x143.jpg 300w, https:\/\/welcome-ontour.de\/wordpress\/wp-content\/uploads\/2020\/12\/phoca_thumb_l_2020-09-12-09-768x366.jpg 768w\" sizes=\"(max-width: 600px) 100vw, 600px\" \/><\/span><\/p>\n<p style=\"text-align: center;\"><span style=\"font-family: arial, helvetica, sans-serif; font-size: 12pt;\">\u00a0<\/span><\/p>\n<p style=\"text-align: center;\"><span style=\"font-family: arial, helvetica, sans-serif; font-size: 12pt;\">Im Aragon Restaurant bekommen wir gerade noch einen der letzten freien, nicht reservierten Tische.<\/span><\/p>\n<p style=\"text-align: center;\"><span style=\"font-family: arial, helvetica, sans-serif; font-size: 12pt;\">\u00a0<\/span><\/p>\n<p style=\"text-align: center;\"><span style=\"font-family: arial, helvetica, sans-serif; font-size: 12pt;\"><a href=\"https:\/\/welcome-ontour.de\/wordpress\/wp-content\/uploads\/2020\/12\/phoca_thumb_l_2020-09-12-10.jpg\" target=\"_blank\" rel=\"noopener noreferrer\"><img decoding=\"async\" class=\" size-full wp-image-13077\" title=\"Aragon\" src=\"https:\/\/welcome-ontour.de\/wordpress\/wp-content\/uploads\/2020\/12\/phoca_thumb_l_2020-09-12-10.jpg\" alt=\"\" width=\"264\" height=\"184\" srcset=\"https:\/\/welcome-ontour.de\/wordpress\/wp-content\/uploads\/2020\/12\/phoca_thumb_l_2020-09-12-10.jpg 400w, https:\/\/welcome-ontour.de\/wordpress\/wp-content\/uploads\/2020\/12\/phoca_thumb_l_2020-09-12-10-300x209.jpg 300w\" sizes=\"(max-width: 264px) 100vw, 264px\" \/><\/a>\u00a0 <a href=\"https:\/\/welcome-ontour.de\/wordpress\/wp-content\/uploads\/2020\/12\/phoca_thumb_l_2020-09-12-11.jpg\" target=\"_blank\" rel=\"noopener noreferrer\"><img decoding=\"async\" class=\" size-full wp-image-13078\" title=\"Pulpo\" src=\"https:\/\/welcome-ontour.de\/wordpress\/wp-content\/uploads\/2020\/12\/phoca_thumb_l_2020-09-12-11.jpg\" alt=\"\" width=\"264\" height=\"184\" srcset=\"https:\/\/welcome-ontour.de\/wordpress\/wp-content\/uploads\/2020\/12\/phoca_thumb_l_2020-09-12-11.jpg 400w, https:\/\/welcome-ontour.de\/wordpress\/wp-content\/uploads\/2020\/12\/phoca_thumb_l_2020-09-12-11-300x209.jpg 300w\" sizes=\"(max-width: 264px) 100vw, 264px\" \/><\/a>\u00a0 <a href=\"https:\/\/welcome-ontour.de\/wordpress\/wp-content\/uploads\/2020\/12\/phoca_thumb_l_2020-09-12-12.jpg\" target=\"_blank\" rel=\"noopener noreferrer\"><img decoding=\"async\" class=\" size-full wp-image-13079\" title=\"Napoli\" src=\"https:\/\/welcome-ontour.de\/wordpress\/wp-content\/uploads\/2020\/12\/phoca_thumb_l_2020-09-12-12.jpg\" width=\"264\" height=\"184\" srcset=\"https:\/\/welcome-ontour.de\/wordpress\/wp-content\/uploads\/2020\/12\/phoca_thumb_l_2020-09-12-12.jpg 400w, https:\/\/welcome-ontour.de\/wordpress\/wp-content\/uploads\/2020\/12\/phoca_thumb_l_2020-09-12-12-300x209.jpg 300w\" sizes=\"(max-width: 264px) 100vw, 264px\" \/><\/a><\/span><\/p>\n<p style=\"text-align: center;\"><span style=\"font-family: arial, helvetica, sans-serif; font-size: 12pt;\">\u00a0<\/span><\/p>\n<p style=\"text-align: center;\"><span style=\"font-family: arial, helvetica, sans-serif; font-size: 12pt;\">Weil das Essen so lecker ist, bestellen wir f\u00fcr Morgen Abend gleich nochmal einen Tisch f\u00fcr zwei Personen.<\/span><\/p>\n<p style=\"text-align: center;\"><span style=\"font-family: arial, helvetica, sans-serif; font-size: 12pt;\">Flanieren dann die Uferpromenade entlang und sind erst um zehn wieder im Hotel.<\/span><\/p>\n<p style=\"text-align: center;\"><span style=\"font-family: arial, helvetica, sans-serif; font-size: 12pt;\">\u00a0<\/span><\/p>\n<p style=\"text-align: center;\"><span style=\"font-family: arial, helvetica, sans-serif; font-size: 12pt;\"><img decoding=\"async\" class=\" size-full wp-image-13080\" title=\"Balkonblick\" src=\"https:\/\/welcome-ontour.de\/wordpress\/wp-content\/uploads\/2020\/12\/phoca_thumb_l_2020-09-12-13.jpg\" width=\"607\" height=\"354\" srcset=\"https:\/\/welcome-ontour.de\/wordpress\/wp-content\/uploads\/2020\/12\/phoca_thumb_l_2020-09-12-13.jpg 810w, https:\/\/welcome-ontour.de\/wordpress\/wp-content\/uploads\/2020\/12\/phoca_thumb_l_2020-09-12-13-300x175.jpg 300w, https:\/\/welcome-ontour.de\/wordpress\/wp-content\/uploads\/2020\/12\/phoca_thumb_l_2020-09-12-13-768x448.jpg 768w\" sizes=\"(max-width: 607px) 100vw, 607px\" \/>\u00a0 <img decoding=\"async\" class=\" size-full wp-image-13081\" title=\"Abbye\" src=\"https:\/\/welcome-ontour.de\/wordpress\/wp-content\/uploads\/2020\/12\/phoca_thumb_l_2020-09-12-14.jpg\" width=\"188\" height=\"354\" srcset=\"https:\/\/welcome-ontour.de\/wordpress\/wp-content\/uploads\/2020\/12\/phoca_thumb_l_2020-09-12-14.jpg 429w, https:\/\/welcome-ontour.de\/wordpress\/wp-content\/uploads\/2020\/12\/phoca_thumb_l_2020-09-12-14-159x300.jpg 159w\" sizes=\"(max-width: 188px) 100vw, 188px\" \/><\/span><\/p>\n<p style=\"text-align: center;\"><span style=\"font-family: arial, helvetica, sans-serif; font-size: 12pt;\">\u00a0<\/span><\/p>\n<p style=\"text-align: center;\"><span style=\"font-family: arial, helvetica, sans-serif; font-size: 12pt;\">Auf dem Balkon gibt es noch eiskalte Fragolino und leckeres Abbaye Bier aus Frankreich.<\/span><\/p>\n<p style=\"text-align: center;\"><span style=\"font-family: arial, helvetica, sans-serif; font-size: 12pt;\">\u00a0<\/span><\/p>\n<p style=\"text-align: center;\"><span style=\"font-family: arial, helvetica, sans-serif; font-size: 12pt;\">Gefahrene Kilometer: 31<\/span><\/p>\n<p style=\"text-align: center;\"><span style=\"font-family: arial, helvetica, sans-serif; font-size: 12pt;\">\u00a0<\/span><\/p>\n<p style=\"text-align: center;\"><span style=\"font-family: arial, helvetica, sans-serif; font-size: 12pt;\">Unterkunft: Carlos V Resort and Spa, Alghero, 133\u20ac *****<\/span><\/p>\n<p style=\"text-align: center;\">\u00a0<\/p>\n<p style=\"text-align: center;\">\u00a0<\/p>\n<p style=\"text-align: center;\"><span style=\"font-family: arial, helvetica, sans-serif; font-size: 12pt;\"><img decoding=\"async\" class=\" size-full wp-image-12937\" title=\"Sardinien\" src=\"https:\/\/welcome-ontour.de\/wordpress\/wp-content\/uploads\/2020\/12\/phoca_thumb_l_2020-09-05-03.jpg\" width=\"200\" height=\"140\" srcset=\"https:\/\/welcome-ontour.de\/wordpress\/wp-content\/uploads\/2020\/12\/phoca_thumb_l_2020-09-05-03.jpg 500w, https:\/\/welcome-ontour.de\/wordpress\/wp-content\/uploads\/2020\/12\/phoca_thumb_l_2020-09-05-03-300x210.jpg 300w\" sizes=\"(max-width: 200px) 100vw, 200px\" \/><\/span><\/p>\n<p style=\"text-align: center;\">\u00a0<\/p>\n<p style=\"text-align: center;\"><a href=\"https:\/\/welcome-ontour.de\/wordpress\/index.php\/2020-09-11\/\">&lt; zur\u00fcck<\/a>\u00a0 \u00a0 \u00a0 \u00a0 \u00a0 \u00a0 \u00a0\u00a0 \u00a0 \u00a0 \u00a0 \u00a0 \u00a0 \u00a0 \u00a0 \u00a0 \u00a0 \u00a0 \u00a0 \u00a0 \u00a0 \u00a0 \u00a0 \u00a0 \u00a0 \u00a0 \u00a0 \u00a0 \u00a0 \u00a0 \u00a0 \u00a0 \u00a0 \u00a0 \u00a0 \u00a0 \u00a0 \u00a0 \u00a0 \u00a0 \u00a0 \u00a0 \u00a0 \u00a0 \u00a0 \u00a0 \u00a0 \u00a0 \u00a0 \u00a0 \u00a0 \u00a0 \u00a0 \u00a0 \u00a0 \u00a0 \u00a0 \u00a0 \u00a0 \u00a0 \u00a0 \u00a0 \u00a0 \u00a0 \u00a0 \u00a0 \u00a0 \u00a0 \u00a0 \u00a0 \u00a0 \u00a0 \u00a0 \u00a0 \u00a0 \u00a0 \u00a0 \u00a0 \u00a0 \u00a0 \u00a0 \u00a0 \u00a0 \u00a0 \u00a0 \u00a0 \u00a0 \u00a0 \u00a0 \u00a0 \u00a0 \u00a0 \u00a0 \u00a0 \u00a0 \u00a0 \u00a0 \u00a0<a href=\"https:\/\/welcome-ontour.de\/wordpress\/index.php\/2020-09-13\/\">weiter &gt;<\/a><\/p>\n","protected":false},"excerpt":{"rendered":"<p>Prolog\u00a0 \u00a0 \u00a0 \u00a0Anreise\u00a0 \u00a0 \u00a0 \u00a0Castelsardo\u00a0 \u00a0 \u00a0 \u00a0Stintino\u00a0 \u00a0 \u00a0 \u00a0Cabo Testa\u00a0 \u00a0 \u00a0\u00a0Badesi\u00a0 \u00a0 \u00a0\u00a0Alghero\u00a0 \u00a0 \u00a0\u00a0Grotta Nettuno\u00a0 \u00a0 \u00a0Torregrande\u00a0 \u00a0 \u00a0\u00a0Arutas\u00a0 \u00a0 \u00a0Oristano\u00a0 \u00a0 \u00a0\u00a0Cagliari\u00a0\u00a0 \u00a0\u00a0Giudeu Simius\u00a0\u00a0 \u00a0\u00a0Santa Maria Navarrese\u00a0 \u00a0 \u00a0\u00a0Bootstour\u00a0\u00a0 \u00a0\u00a0Milanese\u00a0 \u00a0 \u00a0\u00a0Olbia\u00a0\u00a0 \u00a0\u00a0Costa Dorata\u00a0 \u00a0 \u00a0\u00a0Costa Smeralda\u00a0\u00a0 \u00a0\u00a0Spiaggia Bianca\u00a0\u00a0 \u00a0 \u00a0R\u00fcckreise\u00a0 \u00a0 \u00a0 \u00a0Fazit \u00a0 &lt; zur\u00fcck\u00a0 \u00a0 \u00a0 \u00a0 \u00a0 \u00a0 \u00a0\u00a0 \u00a0 \u00a0 \u00a0 \u00a0 \u00a0 \u00a0 \u00a0 \u00a0 \u00a0 \u00a0 \u00a0 \u00a0 \u00a0 \u00a0 \u00a0 \u00a0 \u00a0 \u00a0 \u00a0 \u00a0 \u00a0 \u00a0 \u00a0 \u00a0 \u00a0 \u00a0 \u00a0 \u00a0 \u00a0 \u00a0 \u00a0 \u00a0 \u00a0 \u00a0 \u00a0 \u00a0 \u00a0 \u00a0 \u00a0 \u00a0 \u00a0 \u00a0 \u00a0 \u00a0 \u00a0 \u00a0 \u00a0 \u00a0 \u00a0 \u00a0 \u00a0 \u00a0 \u00a0 \u00a0 \u00a0 \u00a0 \u00a0 \u00a0 \u00a0 \u00a0 \u00a0 \u00a0 \u00a0 \u00a0 \u00a0 \u00a0 \u00a0 \u00a0 \u00a0 \u00a0 \u00a0 \u00a0 \u00a0 \u00a0 \u00a0 \u00a0 \u00a0 \u00a0 \u00a0 \u00a0 \u00a0 \u00a0 \u00a0 \u00a0 \u00a0 \u00a0 \u00a0 \u00a0 \u00a0 \u00a0weiter &gt; \u00a0 Sa 12.9. \u00a0 Alghero \u00a0 Wir schlafen herrlich und lange. Beim ersten Blick vom Balkon zeigt sich der Himmel voller Wolken und w\u00e4hrend des wunderbaren Fr\u00fchst\u00fccks gie\u00dft es in Str\u00f6men. \u00a0 \u00a0 Laut Wetterbericht soll es ab elf wieder besser sein. Also lassen wir uns ewig viel Zeit und starten erst halb elf zur Spiaggia Bombarde. \u00a0 \u00a0 Als wir dort ankommen, ist die Sonne wieder voll da. \u00a0 \u00a0 Bei mittlerweile immer besser werdendem Wetter h\u00e4ngen wir die n\u00e4chsten Stunden am Strand ab. \u00a0 \u00a0 \u00a0 \u00a0 Und genehmigen uns dann im Strandrestaurant kaltes Bier und leckere Muscheln. Mittlerweile haben sich Wolken- und Besucherzahl erh\u00f6ht. \u00a0 \u00a0 Im Hotel wird geduscht und mit dem Sonnenuntergang \u00a0 \u00a0 geht\u2019s zu Fu\u00df in die Innenstadt. \u00a0 \u00a0 Im Aragon Restaurant bekommen wir gerade noch einen der letzten freien, nicht reservierten Tische. \u00a0 \u00a0 \u00a0 \u00a0 Weil das Essen so lecker ist, bestellen wir f\u00fcr Morgen Abend gleich nochmal einen Tisch f\u00fcr zwei Personen. Flanieren dann die Uferpromenade entlang und sind erst um zehn wieder im Hotel. \u00a0 \u00a0 \u00a0 Auf dem Balkon gibt es noch eiskalte Fragolino und leckeres Abbaye Bier aus Frankreich. \u00a0 Gefahrene Kilometer: 31 \u00a0 Unterkunft: Carlos V Resort and Spa, Alghero, 133\u20ac ***** \u00a0 \u00a0 \u00a0 &lt; zur\u00fcck\u00a0 \u00a0 \u00a0 \u00a0 \u00a0 \u00a0 \u00a0\u00a0 \u00a0 \u00a0 \u00a0 \u00a0 \u00a0 \u00a0 \u00a0 \u00a0 \u00a0 \u00a0 \u00a0 \u00a0 \u00a0 \u00a0 \u00a0 \u00a0 \u00a0 \u00a0 \u00a0 \u00a0 \u00a0 \u00a0 \u00a0 \u00a0 \u00a0 \u00a0 \u00a0 \u00a0 \u00a0 \u00a0 \u00a0 \u00a0 \u00a0 \u00a0 \u00a0 \u00a0 \u00a0 \u00a0 \u00a0 \u00a0 \u00a0 \u00a0 \u00a0 \u00a0 \u00a0 \u00a0 \u00a0 \u00a0 \u00a0 \u00a0 \u00a0 \u00a0 \u00a0 \u00a0 \u00a0 \u00a0 \u00a0 \u00a0 \u00a0 \u00a0 \u00a0 \u00a0 \u00a0 \u00a0 \u00a0 \u00a0 \u00a0 \u00a0 \u00a0 \u00a0 \u00a0 \u00a0 \u00a0 \u00a0 \u00a0 \u00a0 \u00a0 \u00a0 \u00a0 \u00a0 \u00a0 \u00a0 \u00a0 \u00a0 \u00a0 \u00a0 \u00a0 \u00a0 \u00a0 \u00a0weiter &gt;<\/p>\n","protected":false},"author":1,"featured_media":13068,"parent":0,"menu_order":16,"comment_status":"closed","ping_status":"closed","template":"","meta":{"footnotes":""},"class_list":["post-13082","page","type-page","status-publish","has-post-thumbnail","hentry"],"_links":{"self":[{"href":"https:\/\/welcome-ontour.de\/wordpress\/index.php\/wp-json\/wp\/v2\/pages\/13082","targetHints":{"allow":["GET"]}}],"collection":[{"href":"https:\/\/welcome-ontour.de\/wordpress\/index.php\/wp-json\/wp\/v2\/pages"}],"about":[{"href":"https:\/\/welcome-ontour.de\/wordpress\/index.php\/wp-json\/wp\/v2\/types\/page"}],"author":[{"embeddable":true,"href":"https:\/\/welcome-ontour.de\/wordpress\/index.php\/wp-json\/wp\/v2\/users\/1"}],"replies":[{"embeddable":true,"href":"https:\/\/welcome-ontour.de\/wordpress\/index.php\/wp-json\/wp\/v2\/comments?post=13082"}],"version-history":[{"count":1,"href":"https:\/\/welcome-ontour.de\/wordpress\/index.php\/wp-json\/wp\/v2\/pages\/13082\/revisions"}],"predecessor-version":[{"id":14951,"href":"https:\/\/welcome-ontour.de\/wordpress\/index.php\/wp-json\/wp\/v2\/pages\/13082\/revisions\/14951"}],"wp:featuredmedia":[{"embeddable":true,"href":"https:\/\/welcome-ontour.de\/wordpress\/index.php\/wp-json\/wp\/v2\/media\/13068"}],"wp:attachment":[{"href":"https:\/\/welcome-ontour.de\/wordpress\/index.php\/wp-json\/wp\/v2\/media?parent=13082"}],"curies":[{"name":"wp","href":"https:\/\/api.w.org\/{rel}","templated":true}]}}