{"id":12935,"date":"2020-08-15T14:29:25","date_gmt":"2020-08-15T14:29:25","guid":{"rendered":"https:\/\/welcome-ontour.de\/wordpress\/index.php\/2020-03-21-fazit\/"},"modified":"2022-06-30T23:06:16","modified_gmt":"2022-06-30T23:06:16","slug":"2020-03-21-fazit","status":"publish","type":"page","link":"https:\/\/welcome-ontour.de\/wordpress\/index.php\/2020-03-21-fazit\/","title":{"rendered":"2020 03 21 fazit"},"content":{"rendered":"<p style=\"text-align: center;\"><span style=\"font-size: 8pt;\"><a href=\"https:\/\/welcome-ontour.de\/wordpress\/index.php\/2020-03-06-prolog\/3-california\/720-2020-03-06-prolog\"><span style=\"font-family: arial, helvetica, sans-serif; font-size: 8pt;\">Prolog<\/span><\/a><span style=\"font-family: arial, helvetica, sans-serif;\">\u00a0 \u00a0 \u00a0 \u00a0<a href=\"https:\/\/welcome-ontour.de\/wordpress\/index.php\/2020-03-07\">Anreise<\/a>\u00a0 \u00a0 \u00a0 \u00a0<a href=\"https:\/\/welcome-ontour.de\/wordpress\/index.php\/2020-03-08\">San Diego<\/a>\u00a0 \u00a0 \u00a0 \u00a0<a href=\"https:\/\/welcome-ontour.de\/wordpress\/index.php\/2020-03-10\">Borrego Springs<\/a>\u00a0 \u00a0 \u00a0 \u00a0<a href=\"https:\/\/welcome-ontour.de\/wordpress\/index.php\/2020-03-11\">Gila Bend<\/a>\u00a0 \u00a0 \u00a0\u00a0<a href=\"https:\/\/welcome-ontour.de\/wordpress\/index.php\/2020-03-12\">Organ Pipe<\/a>\u00a0 \u00a0 \u00a0\u00a0<a href=\"https:\/\/welcome-ontour.de\/wordpress\/index.php\/2020-03-13\">Tucson<\/a>\u00a0 \u00a0 \u00a0 <a href=\"https:\/\/welcome-ontour.de\/wordpress\/index.php\/2020-03-15\">Mesa<\/a> \u00a0 \u00a0 <a href=\"https:\/\/welcome-ontour.de\/wordpress\/index.php\/2020-03-16\">Lost Dutchman<\/a>\u00a0 \u00a0 \u00a0 <a href=\"https:\/\/welcome-ontour.de\/wordpress\/index.php\/2020-03-17\">First Water<\/a> \u00a0 \u00a0 <a href=\"https:\/\/welcome-ontour.de\/wordpress\/index.php\/2020-03-18\">Los Angeles<\/a> \u00a0 \u00a0 \u00a0<a href=\"https:\/\/welcome-ontour.de\/wordpress\/index.php\/2020-03-19\">R\u00fcckreise<\/a>\u00a0 \u00a0 \u00a0 \u00a0<a href=\"https:\/\/welcome-ontour.de\/wordpress\/index.php\/2020-03-21\">Fazit<\/a><\/span><\/span><\/p>\n<p style=\"text-align: center;\"><span style=\"font-family: arial, helvetica, sans-serif; font-size: 10pt;\"><a href=\"https:\/\/welcome-ontour.de\/wordpress\/index.php\/2020-03-20\">&lt; zur\u00fcck<\/a>\u00a0 \u00a0 \u00a0 \u00a0 \u00a0 \u00a0 \u00a0 \u00a0 \u00a0 \u00a0 \u00a0 \u00a0 \u00a0 \u00a0 \u00a0 \u00a0 \u00a0 \u00a0 \u00a0 \u00a0 \u00a0 \u00a0 \u00a0 \u00a0 \u00a0 \u00a0 \u00a0 \u00a0 \u00a0 \u00a0 \u00a0 \u00a0 \u00a0 \u00a0 \u00a0 \u00a0 \u00a0 \u00a0 \u00a0 \u00a0 \u00a0 \u00a0 \u00a0 \u00a0 \u00a0 \u00a0 \u00a0 \u00a0 \u00a0 \u00a0 \u00a0 \u00a0 \u00a0 \u00a0 \u00a0 \u00a0 \u00a0 \u00a0 \u00a0 \u00a0 \u00a0 \u00a0 \u00a0 \u00a0 \u00a0 \u00a0 \u00a0 \u00a0 \u00a0 \u00a0 \u00a0 \u00a0 \u00a0 \u00a0 \u00a0 \u00a0 \u00a0 \u00a0 \u00a0 \u00a0 \u00a0 \u00a0 \u00a0 \u00a0 \u00a0 \u00a0 \u00a0 \u00a0 \u00a0 \u00a0 \u00a0 \u00a0<a href=\"https:\/\/welcome-ontour.de\/wordpress\/index.php\/reiseberichte\/\">Reiseberichte &gt;<\/a><\/span><\/p>\n<p style=\"text-align: center;\"><span style=\"font-size: 14pt;\"><strong><span style=\"font-family: arial, helvetica, sans-serif;\">Fazit<\/span><\/strong><\/span><\/p>\n<p style=\"text-align: center;\"><span style=\"font-size: 12pt; font-family: arial, helvetica, sans-serif;\">\u00a0<\/span><\/p>\n<p style=\"text-align: center;\"><span style=\"font-size: 12pt; font-family: arial, helvetica, sans-serif;\"><a href=\"https:\/\/welcome-ontour.de\/wordpress\/wp-content\/uploads\/2020\/08\/phoca_thumb_l_2020-03-21-01.jpg\" target=\"_blank\" rel=\"noopener noreferrer\"><img decoding=\"async\" class=\" size-full wp-image-12931\" src=\"https:\/\/welcome-ontour.de\/wordpress\/wp-content\/uploads\/2020\/08\/phoca_thumb_l_2020-03-21-01.jpg\" alt=\"\" width=\"810\" height=\"286\" srcset=\"https:\/\/welcome-ontour.de\/wordpress\/wp-content\/uploads\/2020\/08\/phoca_thumb_l_2020-03-21-01.jpg 1606w, https:\/\/welcome-ontour.de\/wordpress\/wp-content\/uploads\/2020\/08\/phoca_thumb_l_2020-03-21-01-300x106.jpg 300w, https:\/\/welcome-ontour.de\/wordpress\/wp-content\/uploads\/2020\/08\/phoca_thumb_l_2020-03-21-01-1024x362.jpg 1024w, https:\/\/welcome-ontour.de\/wordpress\/wp-content\/uploads\/2020\/08\/phoca_thumb_l_2020-03-21-01-768x272.jpg 768w, https:\/\/welcome-ontour.de\/wordpress\/wp-content\/uploads\/2020\/08\/phoca_thumb_l_2020-03-21-01-1536x543.jpg 1536w, https:\/\/welcome-ontour.de\/wordpress\/wp-content\/uploads\/2020\/08\/phoca_thumb_l_2020-03-21-01-1568x555.jpg 1568w\" sizes=\"(max-width: 810px) 100vw, 810px\" \/><\/a><\/span><\/p>\n<p style=\"text-align: center;\"><span style=\"font-size: 12pt; font-family: arial, helvetica, sans-serif;\">\u00a0<\/span><\/p>\n<p style=\"text-align: center;\"><span style=\"font-size: 12pt; font-family: arial, helvetica, sans-serif;\">Solch eine US-Tour haben wir noch nicht erlebt.<\/span><\/p>\n<p style=\"text-align: center;\"><span style=\"font-size: 12pt; font-family: arial, helvetica, sans-serif;\">Bis zum 11. Tag war es ein wunderbarer Urlaub.<\/span><\/p>\n<p style=\"text-align: center;\"><span style=\"font-size: 12pt; font-family: arial, helvetica, sans-serif;\">Zwar machte uns ab und an das Wetter einen Strich durch die Rechnung, <\/span><\/p>\n<p style=\"text-align: center;\"><span style=\"font-size: 12pt; font-family: arial, helvetica, sans-serif;\">aber im Gro\u00dfen und Ganzen konnten wir uns nicht beschweren.<\/span><\/p>\n<p style=\"text-align: center;\"><span style=\"font-size: 12pt; font-family: arial, helvetica, sans-serif;\">Als dann die allgemeine Alltagssituation immer mehr vom Corona-Virus beeintr\u00e4chtigt wurde, mussten wir handeln.<\/span><\/p>\n<p style=\"text-align: center;\"><span style=\"font-size: 12pt; font-family: arial, helvetica, sans-serif;\">Sind auch im Nachhinein heilfroh, noch mit einem der letzten Fl\u00fcge nach Europa gekommen zu sein.<\/span><\/p>\n<p style=\"text-align: center;\"><span style=\"font-size: 12pt; font-family: arial, helvetica, sans-serif;\">Ein Wort zur Fluggesellschaft dieses Urlaubs.<\/span><\/p>\n<p style=\"text-align: center;\"><span style=\"font-size: 12pt; font-family: arial, helvetica, sans-serif;\">Air France hat sich nicht gerade mit Ruhm bekleckert.<\/span><\/p>\n<p style=\"text-align: center;\"><span style=\"font-size: 12pt; font-family: arial, helvetica, sans-serif;\">Als es darauf ankam, Hilfestellung zu bekommen, waren wir auf uns allein gestellt.<\/span><\/p>\n<p style=\"text-align: center;\"><span style=\"font-size: 12pt; font-family: arial, helvetica, sans-serif;\">Nur Eigeninitiative und unendliche Diskussionen haben die Umbuchung der R\u00fcckfl\u00fcge erm\u00f6glicht.<\/span><\/p>\n<p style=\"text-align: center;\"><span style=\"font-size: 12pt; font-family: arial, helvetica, sans-serif;\">Wir waren mehrmals kurz davor, die Fl\u00fcge aus eigener Tasche zu bezahlen, um \u00fcberhaupt noch weg zu kommen.<\/span><\/p>\n<p style=\"text-align: center;\"><span style=\"font-size: 12pt; font-family: arial, helvetica, sans-serif;\">W\u00e4hrend wir bisher mit Air France zufrieden waren, so war es dieses Mal definitiv nicht der Fall.<\/span><\/p>\n<p style=\"text-align: center;\"><span style=\"font-size: 12pt; font-family: arial, helvetica, sans-serif;\">Die Unterk\u00fcnfte der Tour waren mehr als okay.<\/span><\/p>\n<p style=\"text-align: center;\"><span style=\"font-size: 12pt; font-family: arial, helvetica, sans-serif;\">Luxus Quartiere gab es keine, aber mit dem gebotenen Komfort konnten wir gut leben.<\/span><\/p>\n<p style=\"text-align: center;\"><span style=\"font-size: 12pt; font-family: arial, helvetica, sans-serif;\">Der Mietwagen war ein Volltreffer.<\/span><\/p>\n<p style=\"text-align: center;\"><span style=\"font-size: 12pt; font-family: arial, helvetica, sans-serif;\">Den gro\u00dfen Pick Up haben wir genossen.<\/span><\/p>\n<p style=\"text-align: center;\"><span style=\"font-size: 12pt; font-family: arial, helvetica, sans-serif;\">Gerade auf den l\u00e4ngeren Etappen war es sehr angenehm.<\/span><\/p>\n<p style=\"text-align: center;\"><span style=\"font-size: 12pt; font-family: arial, helvetica, sans-serif;\">\u00a0<\/span><\/p>\n<p style=\"text-align: center;\"><span style=\"font-size: 12pt; font-family: arial, helvetica, sans-serif;\"><a href=\"https:\/\/welcome-ontour.de\/wordpress\/wp-content\/uploads\/2020\/08\/phoca_thumb_l_2020-03-21-02.jpg\" target=\"_blank\" rel=\"noopener noreferrer\"><img decoding=\"async\" class=\" size-full wp-image-12932\" title=\"Unser Chevy\" src=\"https:\/\/welcome-ontour.de\/wordpress\/wp-content\/uploads\/2020\/08\/phoca_thumb_l_2020-03-21-02.jpg\" alt=\"\" width=\"810\" height=\"445\" srcset=\"https:\/\/welcome-ontour.de\/wordpress\/wp-content\/uploads\/2020\/08\/phoca_thumb_l_2020-03-21-02.jpg 1606w, https:\/\/welcome-ontour.de\/wordpress\/wp-content\/uploads\/2020\/08\/phoca_thumb_l_2020-03-21-02-300x165.jpg 300w, https:\/\/welcome-ontour.de\/wordpress\/wp-content\/uploads\/2020\/08\/phoca_thumb_l_2020-03-21-02-1024x562.jpg 1024w, https:\/\/welcome-ontour.de\/wordpress\/wp-content\/uploads\/2020\/08\/phoca_thumb_l_2020-03-21-02-768x422.jpg 768w, https:\/\/welcome-ontour.de\/wordpress\/wp-content\/uploads\/2020\/08\/phoca_thumb_l_2020-03-21-02-1536x844.jpg 1536w, https:\/\/welcome-ontour.de\/wordpress\/wp-content\/uploads\/2020\/08\/phoca_thumb_l_2020-03-21-02-1568x861.jpg 1568w\" sizes=\"(max-width: 810px) 100vw, 810px\" \/><\/a><\/span><\/p>\n<p style=\"text-align: center;\"><span style=\"font-size: 12pt; font-family: arial, helvetica, sans-serif;\">\u00a0<\/span><\/p>\n<p style=\"text-align: center;\"><span style=\"font-size: 12pt; font-family: arial, helvetica, sans-serif;\">Der gro\u00dfe V8 Motor hatte 420 PS und leichtes Spiel mit dem schweren Chevy.<\/span><\/p>\n<p style=\"text-align: center;\"><span style=\"font-size: 12pt; font-family: arial, helvetica, sans-serif;\">Da wir fast immer mit Cruise-Control unterwegs waren <\/span><\/p>\n<p style=\"text-align: center;\"><span style=\"font-size: 12pt; font-family: arial, helvetica, sans-serif;\">und auch keine Beschleunigungsrekorde gebrochen haben, <\/span><span style=\"font-size: 12pt; font-family: arial, helvetica, sans-serif;\">war der Spritverbrauch erstaunlich gering.<\/span><\/p>\n<p style=\"text-align: center;\"><span style=\"font-size: 12pt; font-family: arial, helvetica, sans-serif;\">Der Bordcomputer hat zum Ende der Tour einen Durchschnittsverbrauch von 23,5 mpg angezeigt.<\/span><\/p>\n<p style=\"text-align: center;\"><span style=\"font-size: 12pt; font-family: arial, helvetica, sans-serif;\">Das sind umgerechnet 10 Liter auf 100 km.<\/span><\/p>\n<p style=\"text-align: center;\"><span style=\"font-size: 12pt; font-family: arial, helvetica, sans-serif;\">\u00a0<\/span><\/p>\n<p style=\"text-align: center;\"><span style=\"font-size: 12pt; font-family: arial, helvetica, sans-serif;\">Die absoluten Zahlen dieser Tour sehen folgenderma\u00dfen aus.<\/span><\/p>\n<p style=\"text-align: center;\"><span style=\"font-size: 12pt; font-family: arial, helvetica, sans-serif;\">Der Flugpreis war der urspr\u00fcngliche Ausl\u00f6ser f\u00fcr diese Reise.<\/span><\/p>\n<p style=\"text-align: center;\"><span style=\"font-size: 12pt; font-family: arial, helvetica, sans-serif;\">Wir haben die Fl\u00fcge von Berlin nach Los Angeles und zur\u00fcck f\u00fcr 290 Euro pro Person bekommen.<\/span><\/p>\n<p style=\"text-align: center;\"><span style=\"font-size: 12pt; font-family: arial, helvetica, sans-serif;\">Da konnten wir nicht nein sagen.<\/span><\/p>\n<p style=\"text-align: center;\"><span style=\"font-size: 12pt; font-family: arial, helvetica, sans-serif;\">Das Auto hat f\u00fcr die geplanten 20 Tage 570 Dollar gekostet.<\/span><\/p>\n<p style=\"text-align: center;\"><span style=\"font-size: 12pt; font-family: arial, helvetica, sans-serif;\">Hotels gibt es zu dieser Reisezeit im S\u00fcden Kaliforniens oder Arizonas nicht zum Sonderpreis.<\/span><\/p>\n<p style=\"text-align: center;\"><span style=\"font-size: 12pt; font-family: arial, helvetica, sans-serif;\">Im Durchschnitt waren etwa 100 Dollar f\u00fcr eine \u00dcbernachtung f\u00e4llig.<\/span><\/p>\n<p style=\"text-align: center;\"><span style=\"font-size: 12pt; font-family: arial, helvetica, sans-serif;\">Alles in allem ein entspannter Trip.<\/span><\/p>\n<p style=\"text-align: center;\"><span style=\"font-size: 12pt; font-family: arial, helvetica, sans-serif;\">Bis zu dem Zeitpunkt, als uns zwischen den Kakteen die aktuelle Weltlage eingeholt hat.<\/span><\/p>\n<p style=\"text-align: center;\"><span style=\"font-size: 12pt; font-family: arial, helvetica, sans-serif;\">Beim Schreiben dieser Zeilen ist nicht absehbar, wie sich die Situation weiter entwickelt.<\/span><\/p>\n<p style=\"text-align: center;\"><span style=\"font-size: 12pt; font-family: arial, helvetica, sans-serif;\">War es unsere letzte USA Reise?<\/span><\/p>\n<p style=\"text-align: center;\"><span style=\"font-size: 12pt; font-family: arial, helvetica, sans-serif;\">Wollen wir \u00fcberhaupt noch solche langen Fl\u00fcge auf uns nehmen?<\/span><\/p>\n<p style=\"text-align: center;\"><span style=\"font-size: 12pt; font-family: arial, helvetica, sans-serif;\">Sollten wir generell unsere Reisegewohnheiten \u00fcberdenken?<\/span><\/p>\n<p style=\"text-align: center;\"><span style=\"font-size: 12pt; font-family: arial, helvetica, sans-serif;\">Ohne die inzwischen immens fortgeschrittene Globalisierung, <\/span><\/p>\n<p style=\"text-align: center;\"><span style=\"font-size: 12pt; font-family: arial, helvetica, sans-serif;\">zu der auch die mittlerweile allt\u00e4glichen Fernreisen geh\u00f6ren, <\/span><\/p>\n<p style=\"text-align: center;\"><span style=\"font-size: 12pt; font-family: arial, helvetica, sans-serif;\">h\u00e4tten es weltweite Pandemien erheblich schwerer.<\/span><\/p>\n<p style=\"text-align: center;\"><span style=\"font-size: 12pt; font-family: arial, helvetica, sans-serif;\">Wir denken dr\u00fcber nach.<\/span><\/p>\n<p style=\"text-align: center;\"><span style=\"font-size: 12pt; font-family: arial, helvetica, sans-serif;\">\u00a0<\/span><\/p>\n<p style=\"text-align: center;\"><span style=\"font-size: 12pt; font-family: arial, helvetica, sans-serif;\"><img decoding=\"async\" class=\" size-full wp-image-12933\" title=\"Macht's gut Leute\" src=\"https:\/\/welcome-ontour.de\/wordpress\/wp-content\/uploads\/2020\/08\/phoca_thumb_l_2020-03-21-03.jpg\" width=\"400\" height=\"255\" srcset=\"https:\/\/welcome-ontour.de\/wordpress\/wp-content\/uploads\/2020\/08\/phoca_thumb_l_2020-03-21-03.jpg 810w, https:\/\/welcome-ontour.de\/wordpress\/wp-content\/uploads\/2020\/08\/phoca_thumb_l_2020-03-21-03-300x191.jpg 300w, https:\/\/welcome-ontour.de\/wordpress\/wp-content\/uploads\/2020\/08\/phoca_thumb_l_2020-03-21-03-768x489.jpg 768w\" sizes=\"(max-width: 400px) 100vw, 400px\" \/><\/span><\/p>\n<p style=\"text-align: center;\"><span style=\"font-size: 12pt; font-family: arial, helvetica, sans-serif;\">\u00a0<\/span><\/p>\n<p style=\"text-align: center;\"><span style=\"font-size: 12pt; font-family: arial, helvetica, sans-serif;\">Bis dahin, macht\u2019s gut Leute.<\/span><\/p>\n<p style=\"text-align: center;\"><span style=\"font-size: 12pt; font-family: arial, helvetica, sans-serif;\">\u00a0<\/span><\/p>\n<p><span style=\"font-size: 12pt; font-family: arial, helvetica, sans-serif;\"><img decoding=\"async\" class=\" size-full wp-image-12934\" style=\"display: block; margin-left: auto; margin-right: auto;\" title=\"Breakdown 2020\" src=\"https:\/\/welcome-ontour.de\/wordpress\/wp-content\/uploads\/2020\/08\/phoca_thumb_l_2020-03-21-04.jpg\" alt=\"\" width=\"810\" height=\"194\" srcset=\"https:\/\/welcome-ontour.de\/wordpress\/wp-content\/uploads\/2020\/08\/phoca_thumb_l_2020-03-21-04.jpg 810w, https:\/\/welcome-ontour.de\/wordpress\/wp-content\/uploads\/2020\/08\/phoca_thumb_l_2020-03-21-04-300x72.jpg 300w, https:\/\/welcome-ontour.de\/wordpress\/wp-content\/uploads\/2020\/08\/phoca_thumb_l_2020-03-21-04-768x184.jpg 768w\" sizes=\"(max-width: 810px) 100vw, 810px\" \/><\/span><\/p>\n<p style=\"text-align: center;\"><span style=\"font-family: arial, helvetica, sans-serif; font-size: 12pt;\">\u00a0<\/span><\/p>\n<p style=\"text-align: center;\"><span style=\"font-family: arial, helvetica, sans-serif; font-size: 10pt;\"><a href=\"https:\/\/welcome-ontour.de\/wordpress\/index.php\/2020-03-20\">&lt; zur\u00fcck<\/a>\u00a0 \u00a0 \u00a0 \u00a0\u00a0 \u00a0 \u00a0 \u00a0 \u00a0 \u00a0 \u00a0 \u00a0 \u00a0 \u00a0 \u00a0 \u00a0 \u00a0 \u00a0 \u00a0 \u00a0 \u00a0 \u00a0 \u00a0 \u00a0 \u00a0 \u00a0 \u00a0 \u00a0 \u00a0 \u00a0 \u00a0 \u00a0 \u00a0 \u00a0 \u00a0 \u00a0 \u00a0 \u00a0 \u00a0 \u00a0 \u00a0 \u00a0 \u00a0 \u00a0 \u00a0 \u00a0 \u00a0 \u00a0 \u00a0 \u00a0 \u00a0 \u00a0 \u00a0 \u00a0 \u00a0 \u00a0 \u00a0 \u00a0 \u00a0 \u00a0 \u00a0 \u00a0 \u00a0 \u00a0 \u00a0 \u00a0 \u00a0 \u00a0 \u00a0 \u00a0 \u00a0 \u00a0 \u00a0 \u00a0 \u00a0 \u00a0 \u00a0 \u00a0 \u00a0 \u00a0 \u00a0 \u00a0 \u00a0 \u00a0 \u00a0 \u00a0 \u00a0 \u00a0 \u00a0 \u00a0 \u00a0 \u00a0 <a href=\"https:\/\/welcome-ontour.de\/wordpress\/index.php\/reiseberichte\/\">Reiseberichte &gt;<\/a><\/span><\/p>\n","protected":false},"excerpt":{"rendered":"<p>Prolog\u00a0 \u00a0 \u00a0 \u00a0Anreise\u00a0 \u00a0 \u00a0 \u00a0San Diego\u00a0 \u00a0 \u00a0 \u00a0Borrego Springs\u00a0 \u00a0 \u00a0 \u00a0Gila Bend\u00a0 \u00a0 \u00a0\u00a0Organ Pipe\u00a0 \u00a0 \u00a0\u00a0Tucson\u00a0 \u00a0 \u00a0 Mesa \u00a0 \u00a0 Lost Dutchman\u00a0 \u00a0 \u00a0 First Water \u00a0 \u00a0 Los Angeles \u00a0 \u00a0 \u00a0R\u00fcckreise\u00a0 \u00a0 \u00a0 \u00a0Fazit &lt; zur\u00fcck\u00a0 \u00a0 \u00a0 \u00a0 \u00a0 \u00a0 \u00a0 \u00a0 \u00a0 \u00a0 \u00a0 \u00a0 \u00a0 \u00a0 \u00a0 \u00a0 \u00a0 \u00a0 \u00a0 \u00a0 \u00a0 \u00a0 \u00a0 \u00a0 \u00a0 \u00a0 \u00a0 \u00a0 \u00a0 \u00a0 \u00a0 \u00a0 \u00a0 \u00a0 \u00a0 \u00a0 \u00a0 \u00a0 \u00a0 \u00a0 \u00a0 \u00a0 \u00a0 \u00a0 \u00a0 \u00a0 \u00a0 \u00a0 \u00a0 \u00a0 \u00a0 \u00a0 \u00a0 \u00a0 \u00a0 \u00a0 \u00a0 \u00a0 \u00a0 \u00a0 \u00a0 \u00a0 \u00a0 \u00a0 \u00a0 \u00a0 \u00a0 \u00a0 \u00a0 \u00a0 \u00a0 \u00a0 \u00a0 \u00a0 \u00a0 \u00a0 \u00a0 \u00a0 \u00a0 \u00a0 \u00a0 \u00a0 \u00a0 \u00a0 \u00a0 \u00a0 \u00a0 \u00a0 \u00a0 \u00a0 \u00a0 \u00a0Reiseberichte &gt; Fazit \u00a0 \u00a0 Solch eine US-Tour haben wir noch nicht erlebt. Bis zum 11. Tag war es ein wunderbarer Urlaub. Zwar machte uns ab und an das Wetter einen Strich durch die Rechnung, aber im Gro\u00dfen und Ganzen konnten wir uns nicht beschweren. Als dann die allgemeine Alltagssituation immer mehr vom Corona-Virus beeintr\u00e4chtigt wurde, mussten wir handeln. Sind auch im Nachhinein heilfroh, noch mit einem der letzten Fl\u00fcge nach Europa gekommen zu sein. Ein Wort zur Fluggesellschaft dieses Urlaubs. Air France hat sich nicht gerade mit Ruhm bekleckert. Als es darauf ankam, Hilfestellung zu bekommen, waren wir auf uns allein gestellt. Nur Eigeninitiative und unendliche Diskussionen haben die Umbuchung der R\u00fcckfl\u00fcge erm\u00f6glicht. Wir waren mehrmals kurz davor, die Fl\u00fcge aus eigener Tasche zu bezahlen, um \u00fcberhaupt noch weg zu kommen. W\u00e4hrend wir bisher mit Air France zufrieden waren, so war es dieses Mal definitiv nicht der Fall. Die Unterk\u00fcnfte der Tour waren mehr als okay. Luxus Quartiere gab es keine, aber mit dem gebotenen Komfort konnten wir gut leben. Der Mietwagen war ein Volltreffer. Den gro\u00dfen Pick Up haben wir genossen. Gerade auf den l\u00e4ngeren Etappen war es sehr angenehm. \u00a0 \u00a0 Der gro\u00dfe V8 Motor hatte 420 PS und leichtes Spiel mit dem schweren Chevy. Da wir fast immer mit Cruise-Control unterwegs waren und auch keine Beschleunigungsrekorde gebrochen haben, war der Spritverbrauch erstaunlich gering. Der Bordcomputer hat zum Ende der Tour einen Durchschnittsverbrauch von 23,5 mpg angezeigt. Das sind umgerechnet 10 Liter auf 100 km. \u00a0 Die absoluten Zahlen dieser Tour sehen folgenderma\u00dfen aus. Der Flugpreis war der urspr\u00fcngliche Ausl\u00f6ser f\u00fcr diese Reise. Wir haben die Fl\u00fcge von Berlin nach Los Angeles und zur\u00fcck f\u00fcr 290 Euro pro Person bekommen. Da konnten wir nicht nein sagen. Das Auto hat f\u00fcr die geplanten 20 Tage 570 Dollar gekostet. Hotels gibt es zu dieser Reisezeit im S\u00fcden Kaliforniens oder Arizonas nicht zum Sonderpreis. Im Durchschnitt waren etwa 100 Dollar f\u00fcr eine \u00dcbernachtung f\u00e4llig. Alles in allem ein entspannter Trip. Bis zu dem Zeitpunkt, als uns zwischen den Kakteen die aktuelle Weltlage eingeholt hat. Beim Schreiben dieser Zeilen ist nicht absehbar, wie sich die Situation weiter entwickelt. War es unsere letzte USA Reise? Wollen wir \u00fcberhaupt noch solche langen Fl\u00fcge auf uns nehmen? Sollten wir generell unsere Reisegewohnheiten \u00fcberdenken? Ohne die inzwischen immens fortgeschrittene Globalisierung, zu der auch die mittlerweile allt\u00e4glichen Fernreisen geh\u00f6ren, h\u00e4tten es weltweite Pandemien erheblich schwerer. Wir denken dr\u00fcber nach. \u00a0 \u00a0 Bis dahin, macht\u2019s gut Leute. \u00a0 \u00a0 &lt; zur\u00fcck\u00a0 \u00a0 \u00a0 \u00a0\u00a0 \u00a0 \u00a0 \u00a0 \u00a0 \u00a0 \u00a0 \u00a0 \u00a0 \u00a0 \u00a0 \u00a0 \u00a0 \u00a0 \u00a0 \u00a0 \u00a0 \u00a0 \u00a0 \u00a0 \u00a0 \u00a0 \u00a0 \u00a0 \u00a0 \u00a0 \u00a0 \u00a0 \u00a0 \u00a0 \u00a0 \u00a0 \u00a0 \u00a0 \u00a0 \u00a0 \u00a0 \u00a0 \u00a0 \u00a0 \u00a0 \u00a0 \u00a0 \u00a0 \u00a0 \u00a0 \u00a0 \u00a0 \u00a0 \u00a0 \u00a0 \u00a0 \u00a0 \u00a0 \u00a0 \u00a0 \u00a0 \u00a0 \u00a0 \u00a0 \u00a0 \u00a0 \u00a0 \u00a0 \u00a0 \u00a0 \u00a0 \u00a0 \u00a0 \u00a0 \u00a0 \u00a0 \u00a0 \u00a0 \u00a0 \u00a0 \u00a0 \u00a0 \u00a0 \u00a0 \u00a0 \u00a0 \u00a0 \u00a0 \u00a0 \u00a0 \u00a0 \u00a0 Reiseberichte &gt;<\/p>\n","protected":false},"author":1,"featured_media":12931,"parent":0,"menu_order":0,"comment_status":"closed","ping_status":"closed","template":"","meta":{"footnotes":""},"class_list":["post-12935","page","type-page","status-publish","has-post-thumbnail","hentry"],"_links":{"self":[{"href":"https:\/\/welcome-ontour.de\/wordpress\/index.php\/wp-json\/wp\/v2\/pages\/12935","targetHints":{"allow":["GET"]}}],"collection":[{"href":"https:\/\/welcome-ontour.de\/wordpress\/index.php\/wp-json\/wp\/v2\/pages"}],"about":[{"href":"https:\/\/welcome-ontour.de\/wordpress\/index.php\/wp-json\/wp\/v2\/types\/page"}],"author":[{"embeddable":true,"href":"https:\/\/welcome-ontour.de\/wordpress\/index.php\/wp-json\/wp\/v2\/users\/1"}],"replies":[{"embeddable":true,"href":"https:\/\/welcome-ontour.de\/wordpress\/index.php\/wp-json\/wp\/v2\/comments?post=12935"}],"version-history":[{"count":4,"href":"https:\/\/welcome-ontour.de\/wordpress\/index.php\/wp-json\/wp\/v2\/pages\/12935\/revisions"}],"predecessor-version":[{"id":16962,"href":"https:\/\/welcome-ontour.de\/wordpress\/index.php\/wp-json\/wp\/v2\/pages\/12935\/revisions\/16962"}],"wp:featuredmedia":[{"embeddable":true,"href":"https:\/\/welcome-ontour.de\/wordpress\/index.php\/wp-json\/wp\/v2\/media\/12931"}],"wp:attachment":[{"href":"https:\/\/welcome-ontour.de\/wordpress\/index.php\/wp-json\/wp\/v2\/media?parent=12935"}],"curies":[{"name":"wp","href":"https:\/\/api.w.org\/{rel}","templated":true}]}}