{"id":1292,"date":"2012-09-08T14:22:52","date_gmt":"2012-09-08T14:22:52","guid":{"rendered":"https:\/\/welcome-ontour.de\/wordpress\/index.php\/2010-09-08-prolog\/"},"modified":"2022-06-30T23:06:16","modified_gmt":"2022-06-30T23:06:16","slug":"2010-09-08-prolog","status":"publish","type":"page","link":"https:\/\/welcome-ontour.de\/wordpress\/index.php\/2010-09-08-prolog\/","title":{"rendered":"2010 09 08 prolog"},"content":{"rendered":"<p style=\"text-align: center;\"><span style=\"font-family: arial, helvetica, sans-serif; font-size: x-small;\"><a href=\"https:\/\/welcome-ontour.de\/wordpress\/index.php\/2010-09-08-prolog\/\">prolog<\/a>\u00a0&#8211;\u00a0<a href=\"https:\/\/welcome-ontour.de\/wordpress\/index.php\/2010-09-09\/\">hinflug<\/a>\u00a0&#8211; <a href=\"https:\/\/welcome-ontour.de\/wordpress\/index.php\/2010-09-10\/\">rocky mts nationalpark<\/a>\u00a0&#8211; <a href=\"https:\/\/welcome-ontour.de\/wordpress\/index.php\/2010-09-11\/\">glenwood springs<\/a>\u00a0&#8211; <a href=\"https:\/\/welcome-ontour.de\/wordpress\/index.php\/2010-09-12\/\">san rafael swell<\/a>\u00a0&#8211; <a href=\"https:\/\/welcome-ontour.de\/wordpress\/index.php\/2010-09-13\/\">escalante<\/a>\u00a0&#8211; <a href=\"https:\/\/welcome-ontour.de\/wordpress\/index.php\/2010-09-17\/\">farmington<\/a>\u00a0&#8211; <a href=\"https:\/\/welcome-ontour.de\/wordpress\/index.php\/2010-09-18\/\">albuquerque<\/a>\u00a0&#8211; <a href=\"https:\/\/welcome-ontour.de\/wordpress\/index.php\/2010-09-19\/\">santa fe<\/a>\u00a0&#8211; <a href=\"https:\/\/welcome-ontour.de\/wordpress\/index.php\/2010-09-21\/\">taos<\/a> &#8211;\u00a0<a href=\"https:\/\/welcome-ontour.de\/wordpress\/index.php\/2010-09-22\/\">alamosa<\/a>\u00a0&#8211; <a href=\"https:\/\/welcome-ontour.de\/wordpress\/index.php\/2010-09-23\/\">royal gorge<\/a>\u00a0&#8211; <a href=\"https:\/\/welcome-ontour.de\/wordpress\/index.php\/2010-09-24\/\">victor<\/a> &#8211; <a href=\"https:\/\/welcome-ontour.de\/wordpress\/index.php\/2010-09-25\/\">colo springs<\/a> &#8211; <a href=\"https:\/\/welcome-ontour.de\/wordpress\/index.php\/2010-09-27\/\">denver&amp;r\u00fcckflug<\/a>\u00a0&#8211;\u00a0<a href=\"https:\/\/welcome-ontour.de\/wordpress\/index.php\/2010-09-29-fazit\/\">fazit<\/a><\/span><\/p>\n<p style=\"text-align: center;\"><span style=\"font-family: arial, helvetica, sans-serif; font-size: small;\">\u00a0<\/span><\/p>\n<p style=\"text-align: center;\"><span style=\"font-family: arial, helvetica, sans-serif; font-size: small;\"><a href=\"https:\/\/welcome-ontour.de\/wordpress\/index.php\/reiseberichte\/\">&lt; Reiseberichte<\/a>\u00a0\u00a0 \u00a0 \u00a0 \u00a0 \u00a0 \u00a0 \u00a0 \u00a0 \u00a0 \u00a0 \u00a0 \u00a0 \u00a0 \u00a0 \u00a0 \u00a0 \u00a0 \u00a0 \u00a0 \u00a0 \u00a0 \u00a0 \u00a0 \u00a0 \u00a0 \u00a0 \u00a0 \u00a0 \u00a0 \u00a0 \u00a0 \u00a0 \u00a0 \u00a0 \u00a0 \u00a0 \u00a0 \u00a0 \u00a0 \u00a0 \u00a0 \u00a0 \u00a0 \u00a0 \u00a0 \u00a0 \u00a0 \u00a0 \u00a0 \u00a0 \u00a0 \u00a0 \u00a0 \u00a0 \u00a0 \u00a0 \u00a0 \u00a0 \u00a0 \u00a0 \u00a0 \u00a0 \u00a0 \u00a0 \u00a0 \u00a0 \u00a0 \u00a0 \u00a0 \u00a0 \u00a0 \u00a0 \u00a0 \u00a0 \u00a0 \u00a0 \u00a0 \u00a0 \u00a0 \u00a0 \u00a0 \u00a0 \u00a0 \u00a0 \u00a0 \u00a0 \u00a0 \u00a0 \u00a0 \u00a0 \u00a0 \u00a0 \u00a0 \u00a0 \u00a0 \u00a0 \u00a0 \u00a0 \u00a0<a href=\"https:\/\/welcome-ontour.de\/wordpress\/index.php\/2010-09-09\/\">Weiter &gt;<\/a><\/span><\/p>\n<p style=\"text-align: center;\"><span style=\"font-family: arial, helvetica, sans-serif; font-size: x-large;\">\u00a0<\/span><\/p>\n<p style=\"text-align: center;\"><span style=\"font-family: arial, helvetica, sans-serif; font-size: x-large;\"><strong>Southwest 2010<\/strong>\u00a0<\/span><\/p>\n<p style=\"text-align: center;\"><span style=\"font-family: arial, helvetica, sans-serif; font-size: x-large;\">\u00a0<\/span><\/p>\n<p style=\"text-align: center;\"><span style=\"font-family: arial, helvetica, sans-serif; font-size: medium;\"><a href=\"https:\/\/welcome-ontour.de\/wordpress\/wp-content\/uploads\/2012\/09\/phoca_thumb_l_2010-09-08-01-onemore-pfeil-kopie.jpg\" target=\"_blank\" rel=\"noopener noreferrer\"><img decoding=\"async\" class=\" size-full wp-image-1289\" title=\"One More - Klick\" src=\"https:\/\/welcome-ontour.de\/wordpress\/wp-content\/uploads\/2012\/09\/phoca_thumb_l_2010-09-08-01-onemore-pfeil-kopie.jpg\" width=\"880\" height=\"557\" border=\"0\" srcset=\"https:\/\/welcome-ontour.de\/wordpress\/wp-content\/uploads\/2012\/09\/phoca_thumb_l_2010-09-08-01-onemore-pfeil-kopie.jpg 1581w, https:\/\/welcome-ontour.de\/wordpress\/wp-content\/uploads\/2012\/09\/phoca_thumb_l_2010-09-08-01-onemore-pfeil-kopie-300x190.jpg 300w, https:\/\/welcome-ontour.de\/wordpress\/wp-content\/uploads\/2012\/09\/phoca_thumb_l_2010-09-08-01-onemore-pfeil-kopie-1024x648.jpg 1024w, https:\/\/welcome-ontour.de\/wordpress\/wp-content\/uploads\/2012\/09\/phoca_thumb_l_2010-09-08-01-onemore-pfeil-kopie-768x486.jpg 768w, https:\/\/welcome-ontour.de\/wordpress\/wp-content\/uploads\/2012\/09\/phoca_thumb_l_2010-09-08-01-onemore-pfeil-kopie-1536x972.jpg 1536w, https:\/\/welcome-ontour.de\/wordpress\/wp-content\/uploads\/2012\/09\/phoca_thumb_l_2010-09-08-01-onemore-pfeil-kopie-1568x992.jpg 1568w\" sizes=\"(max-width: 880px) 100vw, 880px\" \/><\/a><\/span><\/p>\n<p style=\"text-align: center;\">\u00a0<\/p>\n<p style=\"text-align: center;\"><span style=\"font-family: arial, helvetica, sans-serif; font-size: medium;\">Im Fr\u00fchjahr 2010 kamen wir auf die Idee,<\/span><\/p>\n<p style=\"text-align: center;\"><span style=\"font-family: arial, helvetica, sans-serif; font-size: medium;\">eine Tour durch den S\u00fcdwesten mit Schwerpunkt Colorado und New Mexico zu unternehmen.<\/span><\/p>\n<p style=\"text-align: center;\"><span style=\"font-family: arial, helvetica, sans-serif; font-size: medium;\">Als Schwester und Schwager meinten, sie wollen auch mal wieder in den S\u00fcdwesten,<\/span><\/p>\n<p style=\"text-align: center;\"><span style=\"font-family: arial, helvetica, sans-serif; font-size: medium;\">wurde aus der Idee ein konkretes Vorhaben.<\/span><\/p>\n<p style=\"text-align: center;\"><span style=\"font-family: arial, helvetica, sans-serif; font-size: medium;\">Wir fliegen nach Denver, verbringen gemeinsam ein paar Tage in den Rockies und Utah,<\/span><\/p>\n<p style=\"text-align: center;\"><span style=\"font-family: arial, helvetica, sans-serif; font-size: medium;\">danach trennt sich die Routenf\u00fchrung.<\/span><\/p>\n<p style=\"text-align: center;\"><span style=\"font-family: arial, helvetica, sans-serif; font-size: medium;\">Lukrative Flug- und Mietwagenangebote waren schnell gefunden und gebucht.<\/span><\/p>\n<p style=\"text-align: center;\"><span style=\"font-family: arial, helvetica, sans-serif; font-size: medium;\"><a href=\"http:\/\/www.britishairways.com\/travel\/home\/public\/de_de\" target=\"_blank\" rel=\"noopener noreferrer\">British Airways<\/a>\u00a0und <a href=\"https:\/\/www.alamo.com\/\" target=\"_blank\" rel=\"noopener noreferrer\">Alamo<\/a>\u00a0waren, wie so oft in den letzten Jahren unsere Vertragspartner.<\/span><\/p>\n<p style=\"text-align: center;\"><span style=\"font-family: arial, helvetica, sans-serif; font-size: medium;\">Unterk\u00fcnfte f\u00fcr die gemeinsame Zeit haben wir gr\u00f6\u00dftenteils im Vorfeld fest gemacht.<\/span><\/p>\n<p style=\"text-align: center;\">\u00a0<\/p>\n<p style=\"text-align: center;\"><img decoding=\"async\" class=\" size-full wp-image-1290\" title=\"Spencer Vulcan, Escalante UT\" src=\"https:\/\/welcome-ontour.de\/wordpress\/wp-content\/uploads\/2012\/09\/phoca_thumb_l_2010-09-08-02-aq-01.jpg\" width=\"272\" height=\"202\" border=\"0\" \/>\u00a0<img decoding=\"async\" class=\" size-full wp-image-1291\" title=\"Broken Bow Arch, Escalante UT\" src=\"https:\/\/welcome-ontour.de\/wordpress\/wp-content\/uploads\/2012\/09\/phoca_thumb_l_2010-09-08-03-aq-02.jpg\" width=\"272\" height=\"202\" border=\"0\" \/><\/p>\n<p style=\"text-align: center;\"><span style=\"font-family: arial, helvetica, sans-serif; font-size: medium;\">\u00a0<\/span><\/p>\n<p style=\"text-align: center;\"><span style=\"font-family: arial, helvetica, sans-serif; font-size: medium;\">\u00a0<\/span><\/p>\n<p style=\"text-align: center;\"><strong><span style=\"font-family: arial, helvetica, sans-serif; font-size: medium;\">Mi 08.09.2010<\/span><\/strong><\/p>\n<p style=\"text-align: center;\"><span style=\"font-family: arial, helvetica, sans-serif; font-size: medium;\">\u00a0<\/span><\/p>\n<p style=\"text-align: center;\"><span style=\"font-family: arial, helvetica, sans-serif; font-size: medium;\">Am Vortag des Abreisedatums m\u00fcssen wir beide noch arbeiten.<\/span><\/p>\n<p style=\"text-align: center;\"><span style=\"font-family: arial, helvetica, sans-serif; font-size: medium;\">Den Online Check In erledige ich von unterwegs.<\/span><\/p>\n<p style=\"text-align: center;\"><span style=\"font-family: arial, helvetica, sans-serif; font-size: medium;\">Klappt ohne Probleme und mit 16 K und J gibt es auch noch gute Sitzpl\u00e4tze.<\/span><\/p>\n<p style=\"text-align: center;\"><span style=\"font-family: arial, helvetica, sans-serif; font-size: medium;\">Die Bordkarten lass ich mir per Email schicken und druck sie abends zu Hause aus.<\/span><\/p>\n<p style=\"text-align: center;\"><span style=\"font-family: arial, helvetica, sans-serif; font-size: medium;\">Danach hei\u00dft es Koffer packen, d<\/span><span style=\"font-family: arial, helvetica, sans-serif; font-size: medium;\">ank Packliste in einer Stunde erledigt.<\/span><\/p>\n<p style=\"text-align: center;\"><span style=\"font-family: arial, helvetica, sans-serif; font-size: medium;\">\u00a0<\/span><\/p>\n<p style=\"text-align: center;\"><span style=\"font-family: arial, helvetica, sans-serif; font-size: small;\"><a href=\"https:\/\/welcome-ontour.de\/wordpress\/index.php\/reiseberichte\/\">&lt; Reiseberichte<\/a>\u00a0\u00a0 \u00a0 \u00a0 \u00a0 \u00a0 \u00a0 \u00a0 \u00a0 \u00a0 \u00a0 \u00a0 \u00a0 \u00a0 \u00a0 \u00a0 \u00a0 \u00a0 \u00a0 \u00a0 \u00a0 \u00a0 \u00a0 \u00a0 \u00a0 \u00a0 \u00a0 \u00a0 \u00a0 \u00a0 \u00a0 \u00a0 \u00a0 \u00a0 \u00a0 \u00a0 \u00a0 \u00a0 \u00a0 \u00a0 \u00a0 \u00a0 \u00a0 \u00a0 \u00a0 \u00a0 \u00a0 \u00a0 \u00a0 \u00a0 \u00a0 \u00a0 \u00a0 \u00a0 \u00a0 \u00a0 \u00a0 \u00a0 \u00a0 \u00a0 \u00a0 \u00a0 \u00a0 \u00a0 \u00a0 \u00a0 \u00a0 \u00a0 \u00a0 \u00a0 \u00a0 \u00a0 \u00a0 \u00a0 \u00a0 \u00a0 \u00a0 \u00a0 \u00a0 \u00a0 \u00a0 \u00a0 \u00a0 \u00a0 \u00a0 \u00a0 \u00a0 \u00a0 \u00a0 \u00a0 \u00a0 \u00a0 \u00a0 \u00a0 \u00a0 \u00a0 \u00a0 \u00a0 \u00a0 \u00a0<a href=\"https:\/\/welcome-ontour.de\/wordpress\/index.php\/2010-09-09\/\">Weiter &gt;<\/a>\u00a0<\/span><\/p>\n","protected":false},"excerpt":{"rendered":"<p>prolog\u00a0&#8211;\u00a0hinflug\u00a0&#8211; rocky mts nationalpark\u00a0&#8211; glenwood springs\u00a0&#8211; san rafael swell\u00a0&#8211; escalante\u00a0&#8211; farmington\u00a0&#8211; albuquerque\u00a0&#8211; santa fe\u00a0&#8211; taos &#8211;\u00a0alamosa\u00a0&#8211; royal gorge\u00a0&#8211; victor &#8211; colo springs &#8211; denver&amp;r\u00fcckflug\u00a0&#8211;\u00a0fazit \u00a0 &lt; Reiseberichte\u00a0\u00a0 \u00a0 \u00a0 \u00a0 \u00a0 \u00a0 \u00a0 \u00a0 \u00a0 \u00a0 \u00a0 \u00a0 \u00a0 \u00a0 \u00a0 \u00a0 \u00a0 \u00a0 \u00a0 \u00a0 \u00a0 \u00a0 \u00a0 \u00a0 \u00a0 \u00a0 \u00a0 \u00a0 \u00a0 \u00a0 \u00a0 \u00a0 \u00a0 \u00a0 \u00a0 \u00a0 \u00a0 \u00a0 \u00a0 \u00a0 \u00a0 \u00a0 \u00a0 \u00a0 \u00a0 \u00a0 \u00a0 \u00a0 \u00a0 \u00a0 \u00a0 \u00a0 \u00a0 \u00a0 \u00a0 \u00a0 \u00a0 \u00a0 \u00a0 \u00a0 \u00a0 \u00a0 \u00a0 \u00a0 \u00a0 \u00a0 \u00a0 \u00a0 \u00a0 \u00a0 \u00a0 \u00a0 \u00a0 \u00a0 \u00a0 \u00a0 \u00a0 \u00a0 \u00a0 \u00a0 \u00a0 \u00a0 \u00a0 \u00a0 \u00a0 \u00a0 \u00a0 \u00a0 \u00a0 \u00a0 \u00a0 \u00a0 \u00a0 \u00a0 \u00a0 \u00a0 \u00a0 \u00a0 \u00a0Weiter &gt; \u00a0 Southwest 2010\u00a0 \u00a0 \u00a0 Im Fr\u00fchjahr 2010 kamen wir auf die Idee, eine Tour durch den S\u00fcdwesten mit Schwerpunkt Colorado und New Mexico zu unternehmen. Als Schwester und Schwager meinten, sie wollen auch mal wieder in den S\u00fcdwesten, wurde aus der Idee ein konkretes Vorhaben. Wir fliegen nach Denver, verbringen gemeinsam ein paar Tage in den Rockies und Utah, danach trennt sich die Routenf\u00fchrung. Lukrative Flug- und Mietwagenangebote waren schnell gefunden und gebucht. British Airways\u00a0und Alamo\u00a0waren, wie so oft in den letzten Jahren unsere Vertragspartner. Unterk\u00fcnfte f\u00fcr die gemeinsame Zeit haben wir gr\u00f6\u00dftenteils im Vorfeld fest gemacht. \u00a0 \u00a0 \u00a0 \u00a0 Mi 08.09.2010 \u00a0 Am Vortag des Abreisedatums m\u00fcssen wir beide noch arbeiten. Den Online Check In erledige ich von unterwegs. Klappt ohne Probleme und mit 16 K und J gibt es auch noch gute Sitzpl\u00e4tze. Die Bordkarten lass ich mir per Email schicken und druck sie abends zu Hause aus. Danach hei\u00dft es Koffer packen, dank Packliste in einer Stunde erledigt. \u00a0 &lt; Reiseberichte\u00a0\u00a0 \u00a0 \u00a0 \u00a0 \u00a0 \u00a0 \u00a0 \u00a0 \u00a0 \u00a0 \u00a0 \u00a0 \u00a0 \u00a0 \u00a0 \u00a0 \u00a0 \u00a0 \u00a0 \u00a0 \u00a0 \u00a0 \u00a0 \u00a0 \u00a0 \u00a0 \u00a0 \u00a0 \u00a0 \u00a0 \u00a0 \u00a0 \u00a0 \u00a0 \u00a0 \u00a0 \u00a0 \u00a0 \u00a0 \u00a0 \u00a0 \u00a0 \u00a0 \u00a0 \u00a0 \u00a0 \u00a0 \u00a0 \u00a0 \u00a0 \u00a0 \u00a0 \u00a0 \u00a0 \u00a0 \u00a0 \u00a0 \u00a0 \u00a0 \u00a0 \u00a0 \u00a0 \u00a0 \u00a0 \u00a0 \u00a0 \u00a0 \u00a0 \u00a0 \u00a0 \u00a0 \u00a0 \u00a0 \u00a0 \u00a0 \u00a0 \u00a0 \u00a0 \u00a0 \u00a0 \u00a0 \u00a0 \u00a0 \u00a0 \u00a0 \u00a0 \u00a0 \u00a0 \u00a0 \u00a0 \u00a0 \u00a0 \u00a0 \u00a0 \u00a0 \u00a0 \u00a0 \u00a0 \u00a0Weiter &gt;\u00a0<\/p>\n","protected":false},"author":1,"featured_media":1289,"parent":0,"menu_order":1,"comment_status":"closed","ping_status":"closed","template":"","meta":{"footnotes":""},"class_list":["post-1292","page","type-page","status-publish","has-post-thumbnail","hentry"],"_links":{"self":[{"href":"https:\/\/welcome-ontour.de\/wordpress\/index.php\/wp-json\/wp\/v2\/pages\/1292","targetHints":{"allow":["GET"]}}],"collection":[{"href":"https:\/\/welcome-ontour.de\/wordpress\/index.php\/wp-json\/wp\/v2\/pages"}],"about":[{"href":"https:\/\/welcome-ontour.de\/wordpress\/index.php\/wp-json\/wp\/v2\/types\/page"}],"author":[{"embeddable":true,"href":"https:\/\/welcome-ontour.de\/wordpress\/index.php\/wp-json\/wp\/v2\/users\/1"}],"replies":[{"embeddable":true,"href":"https:\/\/welcome-ontour.de\/wordpress\/index.php\/wp-json\/wp\/v2\/comments?post=1292"}],"version-history":[{"count":1,"href":"https:\/\/welcome-ontour.de\/wordpress\/index.php\/wp-json\/wp\/v2\/pages\/1292\/revisions"}],"predecessor-version":[{"id":2984,"href":"https:\/\/welcome-ontour.de\/wordpress\/index.php\/wp-json\/wp\/v2\/pages\/1292\/revisions\/2984"}],"wp:featuredmedia":[{"embeddable":true,"href":"https:\/\/welcome-ontour.de\/wordpress\/index.php\/wp-json\/wp\/v2\/media\/1289"}],"wp:attachment":[{"href":"https:\/\/welcome-ontour.de\/wordpress\/index.php\/wp-json\/wp\/v2\/media?parent=1292"}],"curies":[{"name":"wp","href":"https:\/\/api.w.org\/{rel}","templated":true}]}}