{"id":1279,"date":"2012-09-08T14:17:27","date_gmt":"2012-09-08T14:17:27","guid":{"rendered":"https:\/\/welcome-ontour.de\/wordpress\/index.php\/2011-06-08\/"},"modified":"2022-06-30T23:07:31","modified_gmt":"2022-06-30T23:07:31","slug":"2011-06-08","status":"publish","type":"page","link":"https:\/\/welcome-ontour.de\/wordpress\/index.php\/2011-06-08\/","title":{"rendered":"2011 06 08"},"content":{"rendered":"<p style=\"text-align: center;\">\u00a0<span style=\"font-family: arial, helvetica, sans-serif; font-size: small;\">\u00a0<\/span><span style=\"font-size: x-small;\"><a href=\"https:\/\/welcome-ontour.de\/wordpress\/index.php\/2011-05-10-prolog\/\">prolog<\/a>\u00a0&#8211;\u00a0<a href=\"https:\/\/welcome-ontour.de\/wordpress\/index.php\/2011-05-11\/\">hinflug<\/a>\u00a0&#8211;\u00a0<a href=\"https:\/\/welcome-ontour.de\/wordpress\/index.php\/2011-05-12\/\">las vegas 1<\/a>\u00a0&#8211;\u00a0<a href=\"https:\/\/welcome-ontour.de\/wordpress\/index.php\/2011-05-13\/\">oahu<\/a>\u00a0&#8211;\u00a0<a href=\"https:\/\/welcome-ontour.de\/wordpress\/index.php\/2011-05-14\/\">kauai<\/a>\u00a0&#8211;\u00a0<a href=\"https:\/\/welcome-ontour.de\/wordpress\/index.php\/2011-05-18\/\">big island<\/a>\u00a0&#8211;\u00a0<a href=\"https:\/\/welcome-ontour.de\/wordpress\/index.php\/2011-05-26\/\">maui<\/a>\u00a0&#8211;\u00a0<a href=\"https:\/\/welcome-ontour.de\/wordpress\/index.php\/2011-05-30\/\">las vegas 2<\/a>\u00a0&#8211;\u00a0<a href=\"https:\/\/welcome-ontour.de\/wordpress\/index.php\/2011-06-01\/\">zion<\/a>\u00a0&#8211;\u00a0<a href=\"https:\/\/welcome-ontour.de\/wordpress\/index.php\/2011-06-03\/\">page<\/a>\u00a0&#8211;\u00a0<a href=\"https:\/\/welcome-ontour.de\/wordpress\/index.php\/2011-06-05\/\">st.george<\/a>\u00a0&#8211;\u00a0<a href=\"https:\/\/welcome-ontour.de\/wordpress\/index.php\/2011-06-07\/\">r\u00fcckflug<\/a>\u00a0&#8211;\u00a0<a href=\"https:\/\/welcome-ontour.de\/wordpress\/index.php\/2011-06-09-fazit\/\">fazit<\/a><\/span><span style=\"font-family: arial, helvetica, sans-serif; font-size: small;\">\u00a0<\/span><\/p>\n<p style=\"text-align: center;\">\u00a0<span style=\"font-family: arial, helvetica, sans-serif; font-size: small;\">\u00a0<\/span><span style=\"font-family: arial, helvetica, sans-serif; font-size: small;\">\u00a0\u00a0<\/span><a style=\"font-family: arial, helvetica, sans-serif; font-size: small;\" href=\"https:\/\/welcome-ontour.de\/wordpress\/index.php\/2011-06-07\/\">&lt; Zur\u00fcck<\/a><span style=\"font-family: arial, helvetica, sans-serif; font-size: small;\">\u00a0\u00a0 \u00a0 \u00a0 \u00a0 \u00a0 \u00a0 \u00a0 \u00a0 \u00a0 \u00a0 \u00a0 \u00a0 \u00a0 \u00a0 \u00a0 \u00a0 \u00a0 \u00a0 \u00a0 \u00a0 \u00a0 \u00a0 \u00a0 \u00a0 \u00a0 \u00a0 \u00a0 \u00a0 \u00a0 \u00a0 \u00a0 \u00a0 \u00a0 \u00a0 \u00a0 \u00a0 \u00a0 \u00a0 \u00a0 \u00a0 \u00a0 \u00a0 \u00a0 \u00a0 \u00a0 \u00a0 \u00a0 \u00a0 \u00a0 \u00a0 \u00a0 \u00a0 \u00a0 \u00a0 \u00a0 \u00a0 \u00a0 \u00a0 \u00a0 \u00a0 \u00a0 \u00a0 \u00a0 \u00a0 \u00a0 \u00a0 \u00a0 \u00a0 \u00a0 \u00a0 \u00a0 \u00a0 \u00a0 \u00a0 \u00a0 \u00a0 \u00a0 \u00a0 \u00a0 \u00a0 \u00a0 \u00a0 \u00a0 \u00a0 \u00a0 \u00a0 \u00a0 \u00a0 \u00a0 \u00a0 \u00a0 \u00a0 \u00a0 \u00a0 \u00a0 \u00a0 \u00a0 \u00a0 \u00a0 \u00a0 \u00a0 \u00a0 \u00a0<\/span><a style=\"font-family: arial, helvetica, sans-serif; font-size: small;\" href=\"https:\/\/welcome-ontour.de\/wordpress\/index.php\/2011-06-09-fazit\/\">Weiter &gt;<\/a><\/p>\n<p style=\"text-align: center;\">\u00a0<\/p>\n<p style=\"text-align: center;\"><span style=\"font-family: arial, helvetica, sans-serif; font-size: medium;\">\u00a0<\/span><strong><span style=\"font-family: arial, helvetica, sans-serif; font-size: medium;\">Mi 08.06.2011, 5.Woche, 29.Tag<\/span><\/strong><\/p>\n<p style=\"text-align: center;\"><strong><span style=\"font-family: arial, helvetica, sans-serif; font-size: medium;\">R\u00fcckflug<\/span><\/strong><\/p>\n<p style=\"text-align: center;\"><span style=\"font-family: arial, helvetica, sans-serif; font-size: medium;\">\u00a0<\/span><\/p>\n<p style=\"text-align: center;\"><span style=\"font-family: arial, helvetica, sans-serif; font-size: medium;\">Ebenso \u00fcblich ist es f\u00fcr uns, danach in den wohlverdienten Schlaf zu gleiten.<\/span><\/p>\n<p style=\"text-align: center;\"><span style=\"font-family: arial, helvetica, sans-serif; font-size: medium;\">Geweckt werden wir 13:30 durch das Fr\u00fchst\u00fcck.<\/span><\/p>\n<p style=\"text-align: center;\"><span style=\"font-family: arial, helvetica, sans-serif; font-size: medium;\">BA serviert eine Stunde vor Landung ein Breakfast.<\/span><\/p>\n<p style=\"text-align: center;\"><span style=\"font-family: arial, helvetica, sans-serif; font-size: medium;\">Wir haben es wieder geschafft, sieben Stunden zu schlafen.<\/span><\/p>\n<p style=\"text-align: center;\"><span style=\"font-family: arial, helvetica, sans-serif; font-size: medium;\">F\u00fcr uns ein Riesen Vorteil der Nachtfl\u00fcge mit British Airways.<\/span><\/p>\n<p style=\"text-align: center;\"><span style=\"font-family: arial, helvetica, sans-serif; font-size: medium;\">Die geplante Ankunftszeit ist 14:30.<\/span><\/p>\n<p style=\"text-align: center;\"><span style=\"font-family: arial, helvetica, sans-serif; font-size: medium;\">Nach einem Rundflug \u00fcber das verregnete London setzen wir p\u00fcnktlich in Heathrow auf.<\/span><\/p>\n<p style=\"text-align: center;\"><span style=\"font-family: arial, helvetica, sans-serif; font-size: medium;\">Am Terminal 5 dauert es diesmal ewig, bis die gro\u00dfe 747 andockt.<\/span><\/p>\n<p style=\"text-align: center;\"><span style=\"font-family: arial, helvetica, sans-serif; font-size: medium;\">An den Security Kontrollen ist es sehr voll.<\/span><\/p>\n<p style=\"text-align: center;\"><span style=\"font-family: arial, helvetica, sans-serif; font-size: medium;\">Und ausgerechnet heute haben wir nur eine Stunde und vierzig Minuten Umsteigezeit.<\/span><\/p>\n<p style=\"text-align: center;\"><span style=\"font-family: arial, helvetica, sans-serif; font-size: medium;\">Die reichen gerade so aus.<\/span><\/p>\n<p style=\"text-align: center;\"><span style=\"font-family: arial, helvetica, sans-serif; font-size: medium;\">Als wir unser Gate A40 erreichen, wird es direkt hinter uns geschlossen.<\/span><\/p>\n<p style=\"text-align: center;\"><span style=\"font-family: arial, helvetica, sans-serif; font-size: medium;\">Zu der kleinen A319 werden wir mit dem Bus gefahren.<\/span><\/p>\n<p style=\"text-align: center;\"><span style=\"font-family: arial, helvetica, sans-serif; font-size: medium;\">Sitze 16 B\/C, aber das ist jetzt v\u00f6llig wurscht.<\/span><\/p>\n<p style=\"text-align: center;\"><span style=\"font-family: arial, helvetica, sans-serif; font-size: medium;\">W\u00e4hrend wir bisher immer gut bedient mit British Airways waren,<\/span><\/p>\n<p style=\"text-align: center;\"><span style=\"font-family: arial, helvetica, sans-serif; font-size: medium;\">war der Service auf dem Langstreckenflug und im T5 alles andere als zufriedenstellend.<\/span><\/p>\n<p style=\"text-align: center;\"><span style=\"font-family: arial, helvetica, sans-serif; font-size: medium;\">H\u00e4ngt letztendlich immer von einzelnen Personen ab.<\/span><\/p>\n<p style=\"text-align: center;\"><span style=\"font-family: arial, helvetica, sans-serif; font-size: medium;\">Unser Stewart im Jumbo war einfach nur unfreundlich und musste zudem laufend kontrollieren, ob man angegurtet ist.<\/span><\/p>\n<p style=\"text-align: center;\"><span style=\"font-family: arial, helvetica, sans-serif; font-size: medium;\">Egal, ob ich gerade schlafe oder nicht.<\/span><\/p>\n<p style=\"text-align: center;\"><span style=\"font-family: arial, helvetica, sans-serif; font-size: medium;\">Der Airbus ist total voll und wir haben wieder das Vergn\u00fcgen, uns zur Rush-Hour an der Startbahn anzustellen.<\/span><\/p>\n<p style=\"text-align: center;\"><span style=\"font-family: arial, helvetica, sans-serif; font-size: medium;\">Es dauert eine gef\u00fchlte Ewigkeit, bis wir 17:00 mit fast einer Stunde Versp\u00e4tung abheben.<\/span><\/p>\n<p style=\"text-align: center;\"><span style=\"font-family: arial, helvetica, sans-serif; font-size: medium;\">Flugzeit 90 min, Uhren nochmals eine Stunde vor.<\/span><\/p>\n<p style=\"text-align: center;\"><span style=\"font-family: arial, helvetica, sans-serif; font-size: medium;\">Halb acht sind wir in Tegel.<\/span><\/p>\n<p style=\"text-align: center;\"><span style=\"font-family: arial, helvetica, sans-serif; font-size: medium;\">\u00a0<\/span><\/p>\n<p style=\"text-align: center;\"><span style=\"font-family: arial, helvetica, sans-serif; font-size: medium;\"><img decoding=\"async\" class=\" size-full wp-image-1278\" title=\"Welcome\" src=\"https:\/\/welcome-ontour.de\/wordpress\/wp-content\/uploads\/2012\/09\/phoca_thumb_l_2011-06-08-01-img_5313.jpg\" width=\"600\" height=\"451\" border=\"0\" srcset=\"https:\/\/welcome-ontour.de\/wordpress\/wp-content\/uploads\/2012\/09\/phoca_thumb_l_2011-06-08-01-img_5313.jpg 600w, https:\/\/welcome-ontour.de\/wordpress\/wp-content\/uploads\/2012\/09\/phoca_thumb_l_2011-06-08-01-img_5313-300x226.jpg 300w\" sizes=\"(max-width: 600px) 100vw, 600px\" \/><\/span><\/p>\n<p style=\"text-align: center;\"><span style=\"font-family: arial, helvetica, sans-serif; font-size: medium;\">\u00a0<\/span><\/p>\n<p style=\"text-align: center;\"><span style=\"font-family: arial, helvetica, sans-serif; font-size: medium;\">Passkontrolle, Gep\u00e4ckband und eine fast schon erwartete \u00dcberraschung.<\/span><\/p>\n<p style=\"text-align: center;\"><span style=\"font-family: arial, helvetica, sans-serif; font-size: medium;\">F\u00fcr einen unserer Koffer war die Umsteigezeit in London zu kurz.<\/span><\/p>\n<p style=\"text-align: center;\"><span style=\"font-family: arial, helvetica, sans-serif; font-size: medium;\">Die Formalit\u00e4ten dauern 5 min, ist ja nicht das erste Mal \u2026<\/span><\/p>\n<p style=\"text-align: center;\"><span style=\"font-family: arial, helvetica, sans-serif; font-size: medium;\">Der fehlende Koffer wird uns am Freitag nach Hause gebracht.<\/span><\/p>\n<p style=\"text-align: center;\"><span style=\"font-family: arial, helvetica, sans-serif; font-size: medium;\">Matthies Shuttle bringt uns durch\u2019s regnerische Berlin nach Hause.<\/span><\/p>\n<p style=\"text-align: center;\"><span style=\"font-family: arial, helvetica, sans-serif; font-size: medium;\">Abends halb neun schlie\u00dft uns die Tochter in die Arme.<\/span><\/p>\n<p style=\"text-align: center;\"><span style=\"font-family: arial, helvetica, sans-serif; font-size: medium;\">Wir sind zu Hause, angekommen jedoch noch lange nicht.<\/span><\/p>\n<p style=\"text-align: center;\"><span style=\"font-family: arial, helvetica, sans-serif; font-size: medium;\"><span style=\"font-size: small;\">\u00a0<\/span><\/span><\/p>\n<p style=\"text-align: center;\"><span style=\"font-family: arial, helvetica, sans-serif; font-size: medium;\"><span style=\"font-size: small;\"><a href=\"https:\/\/welcome-ontour.de\/wordpress\/index.php\/2011-06-07\/\">&lt; Zur\u00fcck<\/a>\u00a0\u00a0 \u00a0 \u00a0 \u00a0 \u00a0 \u00a0 \u00a0 \u00a0 \u00a0 \u00a0 \u00a0 \u00a0 \u00a0 \u00a0 \u00a0 \u00a0 \u00a0 \u00a0 \u00a0 \u00a0 \u00a0 \u00a0 \u00a0 \u00a0 \u00a0 \u00a0 \u00a0 \u00a0 \u00a0 \u00a0 \u00a0 \u00a0 \u00a0 \u00a0 \u00a0 \u00a0 \u00a0 \u00a0 \u00a0 \u00a0 \u00a0 \u00a0 \u00a0 \u00a0 \u00a0 \u00a0 \u00a0 \u00a0 \u00a0 \u00a0 \u00a0 \u00a0 \u00a0 \u00a0 \u00a0 \u00a0 \u00a0 \u00a0 \u00a0 \u00a0 \u00a0 \u00a0 \u00a0 \u00a0 \u00a0 \u00a0 \u00a0 \u00a0 \u00a0 \u00a0 \u00a0 \u00a0 \u00a0 \u00a0 \u00a0 \u00a0 \u00a0 \u00a0 \u00a0 \u00a0 \u00a0 \u00a0 \u00a0 \u00a0 \u00a0 \u00a0 \u00a0 \u00a0 \u00a0 \u00a0 \u00a0 \u00a0 \u00a0 \u00a0 \u00a0 \u00a0 \u00a0 \u00a0 \u00a0 \u00a0 \u00a0 \u00a0 \u00a0<a href=\"https:\/\/welcome-ontour.de\/wordpress\/index.php\/2011-06-09-fazit\/\">Weiter &gt;<\/a><\/span>\u00a0<\/span><\/p>\n","protected":false},"excerpt":{"rendered":"<p>\u00a0\u00a0prolog\u00a0&#8211;\u00a0hinflug\u00a0&#8211;\u00a0las vegas 1\u00a0&#8211;\u00a0oahu\u00a0&#8211;\u00a0kauai\u00a0&#8211;\u00a0big island\u00a0&#8211;\u00a0maui\u00a0&#8211;\u00a0las vegas 2\u00a0&#8211;\u00a0zion\u00a0&#8211;\u00a0page\u00a0&#8211;\u00a0st.george\u00a0&#8211;\u00a0r\u00fcckflug\u00a0&#8211;\u00a0fazit\u00a0 \u00a0\u00a0\u00a0\u00a0&lt; Zur\u00fcck\u00a0\u00a0 \u00a0 \u00a0 \u00a0 \u00a0 \u00a0 \u00a0 \u00a0 \u00a0 \u00a0 \u00a0 \u00a0 \u00a0 \u00a0 \u00a0 \u00a0 \u00a0 \u00a0 \u00a0 \u00a0 \u00a0 \u00a0 \u00a0 \u00a0 \u00a0 \u00a0 \u00a0 \u00a0 \u00a0 \u00a0 \u00a0 \u00a0 \u00a0 \u00a0 \u00a0 \u00a0 \u00a0 \u00a0 \u00a0 \u00a0 \u00a0 \u00a0 \u00a0 \u00a0 \u00a0 \u00a0 \u00a0 \u00a0 \u00a0 \u00a0 \u00a0 \u00a0 \u00a0 \u00a0 \u00a0 \u00a0 \u00a0 \u00a0 \u00a0 \u00a0 \u00a0 \u00a0 \u00a0 \u00a0 \u00a0 \u00a0 \u00a0 \u00a0 \u00a0 \u00a0 \u00a0 \u00a0 \u00a0 \u00a0 \u00a0 \u00a0 \u00a0 \u00a0 \u00a0 \u00a0 \u00a0 \u00a0 \u00a0 \u00a0 \u00a0 \u00a0 \u00a0 \u00a0 \u00a0 \u00a0 \u00a0 \u00a0 \u00a0 \u00a0 \u00a0 \u00a0 \u00a0 \u00a0 \u00a0 \u00a0 \u00a0 \u00a0 \u00a0Weiter &gt; \u00a0 \u00a0Mi 08.06.2011, 5.Woche, 29.Tag R\u00fcckflug \u00a0 Ebenso \u00fcblich ist es f\u00fcr uns, danach in den wohlverdienten Schlaf zu gleiten. Geweckt werden wir 13:30 durch das Fr\u00fchst\u00fcck. BA serviert eine Stunde vor Landung ein Breakfast. Wir haben es wieder geschafft, sieben Stunden zu schlafen. F\u00fcr uns ein Riesen Vorteil der Nachtfl\u00fcge mit British Airways. Die geplante Ankunftszeit ist 14:30. Nach einem Rundflug \u00fcber das verregnete London setzen wir p\u00fcnktlich in Heathrow auf. Am Terminal 5 dauert es diesmal ewig, bis die gro\u00dfe 747 andockt. An den Security Kontrollen ist es sehr voll. Und ausgerechnet heute haben wir nur eine Stunde und vierzig Minuten Umsteigezeit. Die reichen gerade so aus. Als wir unser Gate A40 erreichen, wird es direkt hinter uns geschlossen. Zu der kleinen A319 werden wir mit dem Bus gefahren. Sitze 16 B\/C, aber das ist jetzt v\u00f6llig wurscht. W\u00e4hrend wir bisher immer gut bedient mit British Airways waren, war der Service auf dem Langstreckenflug und im T5 alles andere als zufriedenstellend. H\u00e4ngt letztendlich immer von einzelnen Personen ab. Unser Stewart im Jumbo war einfach nur unfreundlich und musste zudem laufend kontrollieren, ob man angegurtet ist. Egal, ob ich gerade schlafe oder nicht. Der Airbus ist total voll und wir haben wieder das Vergn\u00fcgen, uns zur Rush-Hour an der Startbahn anzustellen. Es dauert eine gef\u00fchlte Ewigkeit, bis wir 17:00 mit fast einer Stunde Versp\u00e4tung abheben. Flugzeit 90 min, Uhren nochmals eine Stunde vor. Halb acht sind wir in Tegel. \u00a0 \u00a0 Passkontrolle, Gep\u00e4ckband und eine fast schon erwartete \u00dcberraschung. F\u00fcr einen unserer Koffer war die Umsteigezeit in London zu kurz. Die Formalit\u00e4ten dauern 5 min, ist ja nicht das erste Mal \u2026 Der fehlende Koffer wird uns am Freitag nach Hause gebracht. Matthies Shuttle bringt uns durch\u2019s regnerische Berlin nach Hause. Abends halb neun schlie\u00dft uns die Tochter in die Arme. Wir sind zu Hause, angekommen jedoch noch lange nicht. \u00a0 &lt; Zur\u00fcck\u00a0\u00a0 \u00a0 \u00a0 \u00a0 \u00a0 \u00a0 \u00a0 \u00a0 \u00a0 \u00a0 \u00a0 \u00a0 \u00a0 \u00a0 \u00a0 \u00a0 \u00a0 \u00a0 \u00a0 \u00a0 \u00a0 \u00a0 \u00a0 \u00a0 \u00a0 \u00a0 \u00a0 \u00a0 \u00a0 \u00a0 \u00a0 \u00a0 \u00a0 \u00a0 \u00a0 \u00a0 \u00a0 \u00a0 \u00a0 \u00a0 \u00a0 \u00a0 \u00a0 \u00a0 \u00a0 \u00a0 \u00a0 \u00a0 \u00a0 \u00a0 \u00a0 \u00a0 \u00a0 \u00a0 \u00a0 \u00a0 \u00a0 \u00a0 \u00a0 \u00a0 \u00a0 \u00a0 \u00a0 \u00a0 \u00a0 \u00a0 \u00a0 \u00a0 \u00a0 \u00a0 \u00a0 \u00a0 \u00a0 \u00a0 \u00a0 \u00a0 \u00a0 \u00a0 \u00a0 \u00a0 \u00a0 \u00a0 \u00a0 \u00a0 \u00a0 \u00a0 \u00a0 \u00a0 \u00a0 \u00a0 \u00a0 \u00a0 \u00a0 \u00a0 \u00a0 \u00a0 \u00a0 \u00a0 \u00a0 \u00a0 \u00a0 \u00a0 \u00a0Weiter &gt;\u00a0<\/p>\n","protected":false},"author":1,"featured_media":1278,"parent":0,"menu_order":30,"comment_status":"closed","ping_status":"closed","template":"","meta":{"footnotes":""},"class_list":["post-1279","page","type-page","status-publish","has-post-thumbnail","hentry"],"_links":{"self":[{"href":"https:\/\/welcome-ontour.de\/wordpress\/index.php\/wp-json\/wp\/v2\/pages\/1279","targetHints":{"allow":["GET"]}}],"collection":[{"href":"https:\/\/welcome-ontour.de\/wordpress\/index.php\/wp-json\/wp\/v2\/pages"}],"about":[{"href":"https:\/\/welcome-ontour.de\/wordpress\/index.php\/wp-json\/wp\/v2\/types\/page"}],"author":[{"embeddable":true,"href":"https:\/\/welcome-ontour.de\/wordpress\/index.php\/wp-json\/wp\/v2\/users\/1"}],"replies":[{"embeddable":true,"href":"https:\/\/welcome-ontour.de\/wordpress\/index.php\/wp-json\/wp\/v2\/comments?post=1279"}],"version-history":[{"count":1,"href":"https:\/\/welcome-ontour.de\/wordpress\/index.php\/wp-json\/wp\/v2\/pages\/1279\/revisions"}],"predecessor-version":[{"id":2982,"href":"https:\/\/welcome-ontour.de\/wordpress\/index.php\/wp-json\/wp\/v2\/pages\/1279\/revisions\/2982"}],"wp:featuredmedia":[{"embeddable":true,"href":"https:\/\/welcome-ontour.de\/wordpress\/index.php\/wp-json\/wp\/v2\/media\/1278"}],"wp:attachment":[{"href":"https:\/\/welcome-ontour.de\/wordpress\/index.php\/wp-json\/wp\/v2\/media?parent=1279"}],"curies":[{"name":"wp","href":"https:\/\/api.w.org\/{rel}","templated":true}]}}