{"id":12552,"date":"2020-08-15T14:22:38","date_gmt":"2020-08-15T14:22:38","guid":{"rendered":"https:\/\/welcome-ontour.de\/wordpress\/index.php\/2020-03-06-prolog\/"},"modified":"2022-06-30T23:07:07","modified_gmt":"2022-06-30T23:07:07","slug":"2020-03-06-prolog","status":"publish","type":"page","link":"https:\/\/welcome-ontour.de\/wordpress\/index.php\/2020-03-06-prolog\/","title":{"rendered":"2020 03 06 prolog"},"content":{"rendered":"<p style=\"text-align: center;\"><span style=\"font-size: 8pt;\"><a href=\"https:\/\/welcome-ontour.de\/wordpress\/index.php\/2020-03-06-prolog\/3-california\/720-2020-03-06-prolog\"><span style=\"font-family: arial, helvetica, sans-serif; font-size: 8pt;\">Prolog<\/span><\/a><span style=\"font-family: arial, helvetica, sans-serif;\">\u00a0 \u00a0 \u00a0 \u00a0<a href=\"https:\/\/welcome-ontour.de\/wordpress\/index.php\/2020-03-07\">Anreise<\/a>\u00a0 \u00a0 \u00a0 \u00a0<a href=\"https:\/\/welcome-ontour.de\/wordpress\/index.php\/2020-03-08\">San Diego<\/a>\u00a0 \u00a0 \u00a0 \u00a0<a href=\"https:\/\/welcome-ontour.de\/wordpress\/index.php\/2020-03-10\">Borrego Springs<\/a>\u00a0 \u00a0 \u00a0 \u00a0<a href=\"https:\/\/welcome-ontour.de\/wordpress\/index.php\/2020-03-11\">Gila Bend<\/a>\u00a0 \u00a0 \u00a0\u00a0<a href=\"https:\/\/welcome-ontour.de\/wordpress\/index.php\/2020-03-12\">Organ Pipe<\/a>\u00a0 \u00a0 \u00a0\u00a0<a href=\"https:\/\/welcome-ontour.de\/wordpress\/index.php\/2020-03-13\">Tucson<\/a>\u00a0 \u00a0 \u00a0 <a href=\"https:\/\/welcome-ontour.de\/wordpress\/index.php\/2020-03-15\">Mesa<\/a> \u00a0 \u00a0 <a href=\"https:\/\/welcome-ontour.de\/wordpress\/index.php\/2020-03-16\">Lost Dutchman<\/a>\u00a0 \u00a0 \u00a0 <a href=\"https:\/\/welcome-ontour.de\/wordpress\/index.php\/2020-03-17\">First Water<\/a> \u00a0 \u00a0 <a href=\"https:\/\/welcome-ontour.de\/wordpress\/index.php\/2020-03-18\">Los Angeles<\/a> \u00a0 \u00a0 \u00a0<a href=\"https:\/\/welcome-ontour.de\/wordpress\/index.php\/2020-03-19\">R\u00fcckreise<\/a>\u00a0 \u00a0 \u00a0 \u00a0<a href=\"https:\/\/welcome-ontour.de\/wordpress\/index.php\/2020-03-21\">Fazit<\/a><\/span><\/span><\/p>\n<p style=\"text-align: center;\"><span style=\"font-family: arial, helvetica, sans-serif; font-size: 10pt;\"><a href=\"https:\/\/welcome-ontour.de\/wordpress\/index.php\/reiseberichte\/\">&lt; Reiseberichte<\/a>\u00a0 \u00a0 \u00a0 \u00a0 \u00a0 \u00a0 \u00a0 \u00a0 \u00a0 \u00a0 \u00a0 \u00a0 \u00a0 \u00a0 \u00a0 \u00a0 \u00a0 \u00a0 \u00a0 \u00a0 \u00a0 \u00a0 \u00a0 \u00a0 \u00a0 \u00a0 \u00a0 \u00a0 \u00a0 \u00a0 \u00a0 \u00a0 \u00a0 \u00a0 \u00a0 \u00a0 \u00a0 \u00a0 \u00a0 \u00a0 \u00a0 \u00a0 \u00a0 \u00a0 \u00a0 \u00a0 \u00a0 \u00a0 \u00a0 \u00a0 \u00a0 \u00a0 \u00a0 \u00a0 \u00a0 \u00a0 \u00a0 \u00a0 \u00a0 \u00a0 \u00a0 \u00a0 \u00a0 \u00a0 \u00a0 \u00a0 \u00a0 \u00a0 \u00a0 \u00a0 \u00a0 \u00a0 \u00a0 \u00a0 \u00a0 \u00a0 \u00a0 \u00a0 \u00a0 \u00a0 \u00a0 \u00a0 \u00a0 \u00a0 \u00a0 \u00a0 \u00a0 \u00a0 \u00a0 \u00a0 \u00a0 \u00a0<a href=\"https:\/\/welcome-ontour.de\/wordpress\/index.php\/2020-03-07\/\">weiter &gt;<\/a><\/span><\/p>\n<p style=\"text-align: center;\"><span style=\"font-size: 24pt;\"><strong><span style=\"font-family: arial, helvetica, sans-serif;\">Breakdown<\/span><\/strong><\/span><\/p>\n<p style=\"text-align: center;\"><span style=\"font-size: 18pt;\"><strong><span style=\"font-family: arial, helvetica, sans-serif;\">\u00a0<\/span><\/strong><\/span><\/p>\n<p style=\"text-align: center;\"><span style=\"font-size: 18pt;\"><strong><span style=\"font-family: arial, helvetica, sans-serif;\">USA 2020<\/span><\/strong><\/span><\/p>\n<p style=\"text-align: center;\"><span style=\"font-family: arial, helvetica, sans-serif; font-size: 12pt;\">\u00a0<\/span><\/p>\n<p style=\"text-align: center;\"><span style=\"font-family: arial, helvetica, sans-serif; font-size: 12pt;\"><a href=\"https:\/\/welcome-ontour.de\/wordpress\/wp-content\/uploads\/2012\/11\/phoca_thumb_l_2020-03-06-01.jpg\" target=\"_blank\" rel=\"noopener noreferrer\"><img decoding=\"async\" class=\" size-full wp-image-1587\" title=\"USA 2020\" src=\"https:\/\/welcome-ontour.de\/wordpress\/wp-content\/uploads\/2012\/11\/phoca_thumb_l_2020-03-06-01.jpg\" width=\"700\" height=\"247\" srcset=\"https:\/\/welcome-ontour.de\/wordpress\/wp-content\/uploads\/2012\/11\/phoca_thumb_l_2020-03-06-01.jpg 1606w, https:\/\/welcome-ontour.de\/wordpress\/wp-content\/uploads\/2012\/11\/phoca_thumb_l_2020-03-06-01-300x106.jpg 300w, https:\/\/welcome-ontour.de\/wordpress\/wp-content\/uploads\/2012\/11\/phoca_thumb_l_2020-03-06-01-1024x362.jpg 1024w, https:\/\/welcome-ontour.de\/wordpress\/wp-content\/uploads\/2012\/11\/phoca_thumb_l_2020-03-06-01-768x272.jpg 768w, https:\/\/welcome-ontour.de\/wordpress\/wp-content\/uploads\/2012\/11\/phoca_thumb_l_2020-03-06-01-1536x543.jpg 1536w, https:\/\/welcome-ontour.de\/wordpress\/wp-content\/uploads\/2012\/11\/phoca_thumb_l_2020-03-06-01-1568x555.jpg 1568w\" sizes=\"(max-width: 700px) 100vw, 700px\" \/><\/a><\/span><\/p>\n<p style=\"text-align: center;\"><span style=\"font-family: arial, helvetica, sans-serif; font-size: 12pt;\">\u00a0<\/span><\/p>\n<p style=\"text-align: center;\"><span style=\"font-size: 14pt;\"><strong><span style=\"font-family: arial, helvetica, sans-serif;\">Prolog<\/span><\/strong><\/span><\/p>\n<p style=\"text-align: center;\"><span style=\"font-family: arial, helvetica, sans-serif; font-size: 12pt;\">\u00a0<\/span><\/p>\n<p style=\"text-align: center;\"><span style=\"font-family: arial, helvetica, sans-serif; font-size: 12pt;\">Im Sommer 2019 stolper ich \u00fcber ein Sonderangebot der holl\u00e4ndischen Fluggesellschaft KLM.<\/span><\/p>\n<p style=\"text-align: center;\"><span style=\"font-family: arial, helvetica, sans-serif; font-size: 12pt;\">Langstreckenfl\u00fcge in die USA ab Berlin im M\u00e4rz 2020 f\u00fcr rund 300 Euro pro Person.<\/span><\/p>\n<p style=\"text-align: center;\"><span style=\"font-family: arial, helvetica, sans-serif; font-size: 12pt;\">Nach gr\u00fcnem Licht von unseren Arbeitgebern buchen wir Fl\u00fcge nach Los Angeles.<\/span><\/p>\n<p style=\"text-align: center;\"><span style=\"font-family: arial, helvetica, sans-serif; font-size: 12pt;\">Die angenehmste Verbindung f\u00fchrt \u00fcber Paris und wird vom KLM-Partner Air France durchgef\u00fchrt.<\/span><\/p>\n<p style=\"text-align: center;\"><span style=\"font-family: arial, helvetica, sans-serif; font-size: 12pt;\">Jeweils zwei Stunden Umsteigezeit in Paris und Transatlantikfl\u00fcge im A380, das passt.<\/span><\/p>\n<p style=\"text-align: center;\"><span style=\"font-family: arial, helvetica, sans-serif; font-size: 12pt;\">F\u00fcr einen \u00fcberschaubaren Roadtrip durch die s\u00fcdlichen Gegenden von Kalifornien und Arizona <\/span><\/p>\n<p style=\"text-align: center;\"><span style=\"font-family: arial, helvetica, sans-serif; font-size: 12pt;\">haben wir drei Wochen eingeplant.<\/span><\/p>\n<p style=\"text-align: center;\"><span style=\"font-family: arial, helvetica, sans-serif; font-size: 12pt;\">\u00a0<\/span><\/p>\n<p style=\"text-align: center;\"><span style=\"font-family: arial, helvetica, sans-serif; font-size: 12pt;\"><a href=\"https:\/\/welcome-ontour.de\/wordpress\/wp-content\/uploads\/2020\/08\/phoca_thumb_l_2020-03-06-02.jpg\" target=\"_blank\" rel=\"noopener noreferrer\"><img decoding=\"async\" class=\" size-full wp-image-12550\" title=\"California \/ Arizona\" src=\"https:\/\/welcome-ontour.de\/wordpress\/wp-content\/uploads\/2020\/08\/phoca_thumb_l_2020-03-06-02.jpg\" alt=\"\" width=\"700\" height=\"418\" srcset=\"https:\/\/welcome-ontour.de\/wordpress\/wp-content\/uploads\/2020\/08\/phoca_thumb_l_2020-03-06-02.jpg 785w, https:\/\/welcome-ontour.de\/wordpress\/wp-content\/uploads\/2020\/08\/phoca_thumb_l_2020-03-06-02-300x179.jpg 300w, https:\/\/welcome-ontour.de\/wordpress\/wp-content\/uploads\/2020\/08\/phoca_thumb_l_2020-03-06-02-768x459.jpg 768w\" sizes=\"(max-width: 700px) 100vw, 700px\" \/><\/a><\/span><\/p>\n<p style=\"text-align: center;\"><span style=\"font-family: arial, helvetica, sans-serif; font-size: 12pt;\">\u00a0<\/span><\/p>\n<p style=\"text-align: center;\"><span style=\"font-family: arial, helvetica, sans-serif; font-size: 12pt;\">Mietwagen und Unterk\u00fcnfte buchen wir im Voraus.<\/span><\/p>\n<p style=\"text-align: center;\"><span style=\"font-family: arial, helvetica, sans-serif; font-size: 12pt;\">Am Vortag gibt es den Online Check In f\u00fcr die Air France Fl\u00fcge.<\/span><\/p>\n<p style=\"text-align: center;\"><span style=\"font-family: arial, helvetica, sans-serif; font-size: 12pt;\">Abends werden die Handgep\u00e4ck-Trolleys gepackt.<\/span><\/p>\n<p style=\"text-align: center;\"><span style=\"font-family: arial, helvetica, sans-serif; font-size: 12pt;\">2 x 8 kg, mehr brauchen wir nicht.<\/span><\/p>\n<p style=\"text-align: center;\"><span style=\"font-family: arial, helvetica, sans-serif; font-size: 12pt;\">Wecker auf um drei und ab ins Bette.<\/span><\/p>\n<p style=\"text-align: center;\"><span style=\"font-family: arial, helvetica, sans-serif; font-size: 12pt;\">\u00a0<\/span><\/p>\n<p style=\"text-align: center;\"><span style=\"font-family: arial, helvetica, sans-serif; font-size: 12pt;\"><img decoding=\"async\" class=\" size-full wp-image-12551\" title=\"Arizona \/ California\" src=\"https:\/\/welcome-ontour.de\/wordpress\/wp-content\/uploads\/2020\/08\/phoca_thumb_l_2020-03-06-03.jpg\" width=\"180\" height=\"132\" srcset=\"https:\/\/welcome-ontour.de\/wordpress\/wp-content\/uploads\/2020\/08\/phoca_thumb_l_2020-03-06-03.jpg 360w, https:\/\/welcome-ontour.de\/wordpress\/wp-content\/uploads\/2020\/08\/phoca_thumb_l_2020-03-06-03-300x221.jpg 300w\" sizes=\"(max-width: 180px) 100vw, 180px\" \/><\/span><\/p>\n<p style=\"text-align: center;\"><span style=\"font-family: arial, helvetica, sans-serif; font-size: 10pt;\"><a href=\"https:\/\/welcome-ontour.de\/wordpress\/index.php\/reiseberichte\/\">&lt; Reiseberichte<\/a>\u00a0 \u00a0 \u00a0 \u00a0 \u00a0 \u00a0 \u00a0 \u00a0 \u00a0 \u00a0 \u00a0 \u00a0 \u00a0 \u00a0 \u00a0 \u00a0 \u00a0 \u00a0 \u00a0 \u00a0 \u00a0 \u00a0 \u00a0 \u00a0 \u00a0 \u00a0 \u00a0 \u00a0 \u00a0 \u00a0 \u00a0 \u00a0 \u00a0 \u00a0 \u00a0 \u00a0 \u00a0 \u00a0 \u00a0 \u00a0 \u00a0 \u00a0 \u00a0 \u00a0 \u00a0 \u00a0 \u00a0 \u00a0 \u00a0 \u00a0 \u00a0 \u00a0 \u00a0 \u00a0 \u00a0 \u00a0 \u00a0 \u00a0 \u00a0 \u00a0 \u00a0 \u00a0 \u00a0 \u00a0 \u00a0 \u00a0 \u00a0 \u00a0 \u00a0 \u00a0 \u00a0 \u00a0 \u00a0 \u00a0 \u00a0 \u00a0 \u00a0 \u00a0 \u00a0 \u00a0 \u00a0 \u00a0 \u00a0 \u00a0 \u00a0 \u00a0 \u00a0 \u00a0 \u00a0 \u00a0 \u00a0 \u00a0<a href=\"https:\/\/welcome-ontour.de\/wordpress\/index.php\/2020-03-07\/\">weiter &gt;<\/a><\/span><\/p>\n","protected":false},"excerpt":{"rendered":"<p>Prolog\u00a0 \u00a0 \u00a0 \u00a0Anreise\u00a0 \u00a0 \u00a0 \u00a0San Diego\u00a0 \u00a0 \u00a0 \u00a0Borrego Springs\u00a0 \u00a0 \u00a0 \u00a0Gila Bend\u00a0 \u00a0 \u00a0\u00a0Organ Pipe\u00a0 \u00a0 \u00a0\u00a0Tucson\u00a0 \u00a0 \u00a0 Mesa \u00a0 \u00a0 Lost Dutchman\u00a0 \u00a0 \u00a0 First Water \u00a0 \u00a0 Los Angeles \u00a0 \u00a0 \u00a0R\u00fcckreise\u00a0 \u00a0 \u00a0 \u00a0Fazit &lt; Reiseberichte\u00a0 \u00a0 \u00a0 \u00a0 \u00a0 \u00a0 \u00a0 \u00a0 \u00a0 \u00a0 \u00a0 \u00a0 \u00a0 \u00a0 \u00a0 \u00a0 \u00a0 \u00a0 \u00a0 \u00a0 \u00a0 \u00a0 \u00a0 \u00a0 \u00a0 \u00a0 \u00a0 \u00a0 \u00a0 \u00a0 \u00a0 \u00a0 \u00a0 \u00a0 \u00a0 \u00a0 \u00a0 \u00a0 \u00a0 \u00a0 \u00a0 \u00a0 \u00a0 \u00a0 \u00a0 \u00a0 \u00a0 \u00a0 \u00a0 \u00a0 \u00a0 \u00a0 \u00a0 \u00a0 \u00a0 \u00a0 \u00a0 \u00a0 \u00a0 \u00a0 \u00a0 \u00a0 \u00a0 \u00a0 \u00a0 \u00a0 \u00a0 \u00a0 \u00a0 \u00a0 \u00a0 \u00a0 \u00a0 \u00a0 \u00a0 \u00a0 \u00a0 \u00a0 \u00a0 \u00a0 \u00a0 \u00a0 \u00a0 \u00a0 \u00a0 \u00a0 \u00a0 \u00a0 \u00a0 \u00a0 \u00a0 \u00a0weiter &gt; Breakdown \u00a0 USA 2020 \u00a0 \u00a0 Prolog \u00a0 Im Sommer 2019 stolper ich \u00fcber ein Sonderangebot der holl\u00e4ndischen Fluggesellschaft KLM. Langstreckenfl\u00fcge in die USA ab Berlin im M\u00e4rz 2020 f\u00fcr rund 300 Euro pro Person. Nach gr\u00fcnem Licht von unseren Arbeitgebern buchen wir Fl\u00fcge nach Los Angeles. Die angenehmste Verbindung f\u00fchrt \u00fcber Paris und wird vom KLM-Partner Air France durchgef\u00fchrt. Jeweils zwei Stunden Umsteigezeit in Paris und Transatlantikfl\u00fcge im A380, das passt. F\u00fcr einen \u00fcberschaubaren Roadtrip durch die s\u00fcdlichen Gegenden von Kalifornien und Arizona haben wir drei Wochen eingeplant. \u00a0 \u00a0 Mietwagen und Unterk\u00fcnfte buchen wir im Voraus. Am Vortag gibt es den Online Check In f\u00fcr die Air France Fl\u00fcge. Abends werden die Handgep\u00e4ck-Trolleys gepackt. 2 x 8 kg, mehr brauchen wir nicht. Wecker auf um drei und ab ins Bette. \u00a0 &lt; Reiseberichte\u00a0 \u00a0 \u00a0 \u00a0 \u00a0 \u00a0 \u00a0 \u00a0 \u00a0 \u00a0 \u00a0 \u00a0 \u00a0 \u00a0 \u00a0 \u00a0 \u00a0 \u00a0 \u00a0 \u00a0 \u00a0 \u00a0 \u00a0 \u00a0 \u00a0 \u00a0 \u00a0 \u00a0 \u00a0 \u00a0 \u00a0 \u00a0 \u00a0 \u00a0 \u00a0 \u00a0 \u00a0 \u00a0 \u00a0 \u00a0 \u00a0 \u00a0 \u00a0 \u00a0 \u00a0 \u00a0 \u00a0 \u00a0 \u00a0 \u00a0 \u00a0 \u00a0 \u00a0 \u00a0 \u00a0 \u00a0 \u00a0 \u00a0 \u00a0 \u00a0 \u00a0 \u00a0 \u00a0 \u00a0 \u00a0 \u00a0 \u00a0 \u00a0 \u00a0 \u00a0 \u00a0 \u00a0 \u00a0 \u00a0 \u00a0 \u00a0 \u00a0 \u00a0 \u00a0 \u00a0 \u00a0 \u00a0 \u00a0 \u00a0 \u00a0 \u00a0 \u00a0 \u00a0 \u00a0 \u00a0 \u00a0 \u00a0weiter &gt;<\/p>\n","protected":false},"author":1,"featured_media":1587,"parent":0,"menu_order":15,"comment_status":"closed","ping_status":"closed","template":"","meta":{"footnotes":""},"class_list":["post-12552","page","type-page","status-publish","has-post-thumbnail","hentry"],"_links":{"self":[{"href":"https:\/\/welcome-ontour.de\/wordpress\/index.php\/wp-json\/wp\/v2\/pages\/12552","targetHints":{"allow":["GET"]}}],"collection":[{"href":"https:\/\/welcome-ontour.de\/wordpress\/index.php\/wp-json\/wp\/v2\/pages"}],"about":[{"href":"https:\/\/welcome-ontour.de\/wordpress\/index.php\/wp-json\/wp\/v2\/types\/page"}],"author":[{"embeddable":true,"href":"https:\/\/welcome-ontour.de\/wordpress\/index.php\/wp-json\/wp\/v2\/users\/1"}],"replies":[{"embeddable":true,"href":"https:\/\/welcome-ontour.de\/wordpress\/index.php\/wp-json\/wp\/v2\/comments?post=12552"}],"version-history":[{"count":4,"href":"https:\/\/welcome-ontour.de\/wordpress\/index.php\/wp-json\/wp\/v2\/pages\/12552\/revisions"}],"predecessor-version":[{"id":16935,"href":"https:\/\/welcome-ontour.de\/wordpress\/index.php\/wp-json\/wp\/v2\/pages\/12552\/revisions\/16935"}],"wp:featuredmedia":[{"embeddable":true,"href":"https:\/\/welcome-ontour.de\/wordpress\/index.php\/wp-json\/wp\/v2\/media\/1587"}],"wp:attachment":[{"href":"https:\/\/welcome-ontour.de\/wordpress\/index.php\/wp-json\/wp\/v2\/media?parent=12552"}],"curies":[{"name":"wp","href":"https:\/\/api.w.org\/{rel}","templated":true}]}}