{"id":12544,"date":"2020-08-10T09:37:57","date_gmt":"2020-08-10T09:37:57","guid":{"rendered":"https:\/\/welcome-ontour.de\/wordpress\/index.php\/2019-12-28\/"},"modified":"2022-06-30T23:06:17","modified_gmt":"2022-06-30T23:06:17","slug":"2019-12-28","status":"publish","type":"page","link":"https:\/\/welcome-ontour.de\/wordpress\/index.php\/2019-12-28\/","title":{"rendered":"2019 12 28"},"content":{"rendered":"<p style=\"text-align: center;\"><span style=\"font-size: 8pt; font-family: arial, helvetica, sans-serif;\"><a href=\"https:\/\/welcome-ontour.de\/wordpress\/index.php\/2019-12-21-prolog\/\">Prolog<\/a>\u00a0 \u00a0 \u00a0 \u00a0<a href=\"https:\/\/welcome-ontour.de\/wordpress\/index.php\/2019-12-22\">Anreise<\/a>\u00a0 \u00a0 \u00a0 \u00a0<a href=\"https:\/\/welcome-ontour.de\/wordpress\/index.php\/2019-12-23\">Caminito Del Rey<\/a>\u00a0 \u00a0 \u00a0 \u00a0<a title=\"Cruise\" href=\"https:\/\/welcome-ontour.de\/wordpress\/index.php\/2019-12-24\">El Torcal<\/a>\u00a0 \u00a0 \u00a0 \u00a0<a href=\"https:\/\/welcome-ontour.de\/wordpress\/index.php\/2019-12-25\">Ronda<\/a>\u00a0 \u00a0 \u00a0\u00a0<a href=\"https:\/\/welcome-ontour.de\/wordpress\/index.php\/2019-12-26\">Jardin Botanico<\/a>\u00a0 \u00a0 \u00a0\u00a0<a href=\"https:\/\/welcome-ontour.de\/wordpress\/index.php\/2019-12-27\">Malaga<\/a>\u00a0 \u00a0 \u00a0\u00a0<a href=\"https:\/\/welcome-ontour.de\/wordpress\/index.php\/2019-12-28\">R\u00fcckreise<\/a>\u00a0 \u00a0 \u00a0 \u00a0<a href=\"https:\/\/welcome-ontour.de\/wordpress\/index.php\/2019-12-29\">Fazit<\/a><\/span><\/p>\n<p style=\"text-align: center;\"><span style=\"font-family: arial, helvetica, sans-serif; font-size: 10pt;\"><a href=\"https:\/\/welcome-ontour.de\/wordpress\/index.php\/2019-12-27\">&lt; zur\u00fcck<\/a>\u00a0 \u00a0 \u00a0 \u00a0 \u00a0 \u00a0 \u00a0 \u00a0 \u00a0 \u00a0 \u00a0 \u00a0 \u00a0 \u00a0 \u00a0 \u00a0 \u00a0 \u00a0 \u00a0 \u00a0 \u00a0 \u00a0 \u00a0 \u00a0 \u00a0 \u00a0 \u00a0 \u00a0 \u00a0 \u00a0 \u00a0 \u00a0 \u00a0 \u00a0 \u00a0 \u00a0 \u00a0 \u00a0 \u00a0 \u00a0 \u00a0 \u00a0 \u00a0 \u00a0 \u00a0 \u00a0 \u00a0 \u00a0 \u00a0 \u00a0 \u00a0 \u00a0 \u00a0 \u00a0 \u00a0 \u00a0 \u00a0 \u00a0 \u00a0 \u00a0 \u00a0 \u00a0 \u00a0 \u00a0 \u00a0 \u00a0 \u00a0 \u00a0 \u00a0 \u00a0 \u00a0 \u00a0 \u00a0 \u00a0 \u00a0 \u00a0 \u00a0 \u00a0 \u00a0 \u00a0 \u00a0 \u00a0 \u00a0 \u00a0 \u00a0 \u00a0 \u00a0 \u00a0 \u00a0 \u00a0 \u00a0 \u00a0 \u00a0 \u00a0 \u00a0\u00a0<a href=\"https:\/\/welcome-ontour.de\/wordpress\/index.php\/2019-12-29\">weiter &gt;<\/a><\/span><\/p>\n<p style=\"text-align: center;\"><span style=\"font-size: 14pt;\"><strong><span style=\"font-family: arial, helvetica, sans-serif;\">Sa 28.12.<\/span><\/strong><\/span><\/p>\n<p style=\"text-align: center;\"><span style=\"font-size: 14pt;\"><strong><span style=\"font-family: arial, helvetica, sans-serif;\">\u00a0<\/span><\/strong><\/span><\/p>\n<p style=\"text-align: center;\"><span style=\"font-size: 14pt;\"><strong><span style=\"font-family: arial, helvetica, sans-serif;\">R\u00fcckreise<\/span><\/strong><\/span><\/p>\n<p style=\"text-align: center;\"><span style=\"font-family: arial, helvetica, sans-serif; font-size: 12pt;\">\u00a0<\/span><\/p>\n<p style=\"text-align: center;\"><span style=\"font-family: arial, helvetica, sans-serif; font-size: 12pt;\">Passend zum Abschied ist es heute anfangs bedeckt.<\/span><\/p>\n<p style=\"text-align: center;\"><span style=\"font-family: arial, helvetica, sans-serif; font-size: 12pt;\">\u00a0<\/span><\/p>\n<p style=\"text-align: center;\"><span style=\"font-family: arial, helvetica, sans-serif; font-size: 12pt;\"><img decoding=\"async\" class=\" size-full wp-image-12533\" title=\"Bedeckt\" src=\"https:\/\/welcome-ontour.de\/wordpress\/wp-content\/uploads\/2020\/08\/phoca_thumb_l_2019-12-28-01.jpg\" alt=\"\" width=\"600\" height=\"296\" srcset=\"https:\/\/welcome-ontour.de\/wordpress\/wp-content\/uploads\/2020\/08\/phoca_thumb_l_2019-12-28-01.jpg 810w, https:\/\/welcome-ontour.de\/wordpress\/wp-content\/uploads\/2020\/08\/phoca_thumb_l_2019-12-28-01-300x148.jpg 300w, https:\/\/welcome-ontour.de\/wordpress\/wp-content\/uploads\/2020\/08\/phoca_thumb_l_2019-12-28-01-768x378.jpg 768w\" sizes=\"(max-width: 600px) 100vw, 600px\" \/><\/span><\/p>\n<p style=\"text-align: center;\"><span style=\"font-family: arial, helvetica, sans-serif; font-size: 12pt;\">\u00a0<\/span><\/p>\n<p style=\"text-align: center;\"><span style=\"font-family: arial, helvetica, sans-serif; font-size: 12pt;\">Um acht sitzen wir beim Fr\u00fchst\u00fcck, <\/span><\/p>\n<p style=\"text-align: center;\"><span style=\"font-family: arial, helvetica, sans-serif; font-size: 12pt;\">froh wegen der R\u00fcckenschmerzen aus dem Bett zu kommen.<\/span><\/p>\n<p style=\"text-align: center;\"><span style=\"font-family: arial, helvetica, sans-serif; font-size: 12pt;\">Danach wandern die Klamotten in die Trolleys und wir verabschieden uns von den lieben Gastgebern.<\/span><\/p>\n<p style=\"text-align: center;\"><span style=\"font-family: arial, helvetica, sans-serif; font-size: 12pt;\">Der Weg zum Airport dauert 20 Minuten.<\/span><\/p>\n<p style=\"text-align: center;\"><span style=\"font-family: arial, helvetica, sans-serif; font-size: 12pt;\">Ein letztes Mal vorbei an den Orangenb\u00e4umen von Limonar und unterwegs das Auto volltanken.<\/span><\/p>\n<p style=\"text-align: center;\"><span style=\"font-family: arial, helvetica, sans-serif; font-size: 12pt;\">\u00a0<\/span><\/p>\n<p style=\"text-align: center;\"><span style=\"font-family: arial, helvetica, sans-serif; font-size: 12pt;\"><img decoding=\"async\" class=\" size-full wp-image-12534\" title=\"Orangenb\u00e4ume\" src=\"https:\/\/welcome-ontour.de\/wordpress\/wp-content\/uploads\/2020\/08\/phoca_thumb_l_2019-12-28-02.jpg\" alt=\"\" width=\"400\" height=\"219\" srcset=\"https:\/\/welcome-ontour.de\/wordpress\/wp-content\/uploads\/2020\/08\/phoca_thumb_l_2019-12-28-02.jpg 400w, https:\/\/welcome-ontour.de\/wordpress\/wp-content\/uploads\/2020\/08\/phoca_thumb_l_2019-12-28-02-300x164.jpg 300w\" sizes=\"(max-width: 400px) 100vw, 400px\" \/>\u00a0 <img decoding=\"async\" class=\" size-full wp-image-12535\" title=\"Tanken\" src=\"https:\/\/welcome-ontour.de\/wordpress\/wp-content\/uploads\/2020\/08\/phoca_thumb_l_2019-12-28-03.jpg\" alt=\"\" width=\"400\" height=\"219\" srcset=\"https:\/\/welcome-ontour.de\/wordpress\/wp-content\/uploads\/2020\/08\/phoca_thumb_l_2019-12-28-03.jpg 400w, https:\/\/welcome-ontour.de\/wordpress\/wp-content\/uploads\/2020\/08\/phoca_thumb_l_2019-12-28-03-300x164.jpg 300w\" sizes=\"(max-width: 400px) 100vw, 400px\" \/><\/span><\/p>\n<p style=\"text-align: center;\"><span style=\"font-family: arial, helvetica, sans-serif; font-size: 12pt;\">\u00a0<\/span><\/p>\n<p style=\"text-align: center;\"><span style=\"font-family: arial, helvetica, sans-serif; font-size: 12pt;\">Halb zehn sind wir bei der Mietwagenfirma Cargest.<\/span><\/p>\n<p style=\"text-align: center;\"><span style=\"font-family: arial, helvetica, sans-serif; font-size: 12pt;\">Die R\u00fcckgabe geht schnell und problemlos.<\/span><\/p>\n<p style=\"text-align: center;\"><span style=\"font-family: arial, helvetica, sans-serif; font-size: 12pt;\">Der Shuttledriver f\u00e4hrt uns zum Terminal des Flughafens.<\/span><\/p>\n<p style=\"text-align: center;\"><span style=\"font-family: arial, helvetica, sans-serif; font-size: 12pt;\">\u00a0<\/span><\/p>\n<p style=\"text-align: center;\"><span style=\"font-family: arial, helvetica, sans-serif; font-size: 12pt;\"><img decoding=\"async\" class=\" size-full wp-image-12536\" title=\"Airport\" src=\"https:\/\/welcome-ontour.de\/wordpress\/wp-content\/uploads\/2020\/08\/phoca_thumb_l_2019-12-28-04.jpg\" width=\"534\" height=\"357\" srcset=\"https:\/\/welcome-ontour.de\/wordpress\/wp-content\/uploads\/2020\/08\/phoca_thumb_l_2019-12-28-04.jpg 810w, https:\/\/welcome-ontour.de\/wordpress\/wp-content\/uploads\/2020\/08\/phoca_thumb_l_2019-12-28-04-300x201.jpg 300w, https:\/\/welcome-ontour.de\/wordpress\/wp-content\/uploads\/2020\/08\/phoca_thumb_l_2019-12-28-04-768x514.jpg 768w\" sizes=\"(max-width: 534px) 100vw, 534px\" \/>\u00a0 <img decoding=\"async\" class=\" size-full wp-image-12537\" title=\"Airport\" src=\"https:\/\/welcome-ontour.de\/wordpress\/wp-content\/uploads\/2020\/08\/phoca_thumb_l_2019-12-28-05.jpg\" width=\"269\" height=\"357\" srcset=\"https:\/\/welcome-ontour.de\/wordpress\/wp-content\/uploads\/2020\/08\/phoca_thumb_l_2019-12-28-05.jpg 302w, https:\/\/welcome-ontour.de\/wordpress\/wp-content\/uploads\/2020\/08\/phoca_thumb_l_2019-12-28-05-227x300.jpg 227w\" sizes=\"(max-width: 269px) 100vw, 269px\" \/><\/span><\/p>\n<p style=\"text-align: center;\"><span style=\"font-family: arial, helvetica, sans-serif; font-size: 12pt;\">\u00a0<\/span><\/p>\n<p style=\"text-align: center;\"><span style=\"font-family: arial, helvetica, sans-serif; font-size: 12pt;\">Hier ist so fr\u00fch nicht viel los.<\/span><\/p>\n<p style=\"text-align: center;\"><span style=\"font-family: arial, helvetica, sans-serif; font-size: 12pt;\">Gehen schnell durch die Sicherheitskontrollen und den gro\u00dfen Duty Free Bereich.<\/span><\/p>\n<p style=\"text-align: center;\"><span style=\"font-family: arial, helvetica, sans-serif; font-size: 12pt;\">\u00a0<\/span><\/p>\n<p style=\"text-align: center;\"><span style=\"font-family: arial, helvetica, sans-serif; font-size: 12pt;\"><img decoding=\"async\" class=\" size-full wp-image-12538\" title=\"Duty Free\" src=\"https:\/\/welcome-ontour.de\/wordpress\/wp-content\/uploads\/2020\/08\/phoca_thumb_l_2019-12-28-06.jpg\" alt=\"\" width=\"400\" height=\"269\" srcset=\"https:\/\/welcome-ontour.de\/wordpress\/wp-content\/uploads\/2020\/08\/phoca_thumb_l_2019-12-28-06.jpg 400w, https:\/\/welcome-ontour.de\/wordpress\/wp-content\/uploads\/2020\/08\/phoca_thumb_l_2019-12-28-06-300x202.jpg 300w\" sizes=\"(max-width: 400px) 100vw, 400px\" \/>\u00a0 <img decoding=\"async\" class=\" size-full wp-image-12539\" title=\"Kostproben\" src=\"https:\/\/welcome-ontour.de\/wordpress\/wp-content\/uploads\/2020\/08\/phoca_thumb_l_2019-12-28-07.jpg\" alt=\"\" width=\"400\" height=\"269\" srcset=\"https:\/\/welcome-ontour.de\/wordpress\/wp-content\/uploads\/2020\/08\/phoca_thumb_l_2019-12-28-07.jpg 400w, https:\/\/welcome-ontour.de\/wordpress\/wp-content\/uploads\/2020\/08\/phoca_thumb_l_2019-12-28-07-300x202.jpg 300w\" sizes=\"(max-width: 400px) 100vw, 400px\" \/><\/span><\/p>\n<p style=\"text-align: center;\"><span style=\"font-family: arial, helvetica, sans-serif; font-size: 12pt;\">\u00a0<\/span><\/p>\n<p style=\"text-align: center;\"><span style=\"font-family: arial, helvetica, sans-serif; font-size: 12pt;\">Anschlie\u00dfend suchen wir uns ein freies Pl\u00e4tzchen und warten bis unser Flug aufgerufen wird.<\/span><\/p>\n<p style=\"text-align: center;\"><span style=\"font-family: arial, helvetica, sans-serif; font-size: 12pt;\">Am Gate D42 wird halb zw\u00f6lf mit dem Boarding f\u00fcr Easyjet Flug 4522 begonnen.<\/span><\/p>\n<p style=\"text-align: center;\"><span style=\"font-family: arial, helvetica, sans-serif; font-size: 12pt;\">12:20 hebt der kleine Airbus 319 ab.<\/span><\/p>\n<p style=\"text-align: center;\"><span style=\"font-family: arial, helvetica, sans-serif; font-size: 12pt;\">\u00a0<\/span><\/p>\n<p style=\"text-align: center;\"><span style=\"font-family: arial, helvetica, sans-serif; font-size: 12pt;\"><img decoding=\"async\" class=\" size-full wp-image-12540\" title=\"Start\" src=\"https:\/\/welcome-ontour.de\/wordpress\/wp-content\/uploads\/2020\/08\/phoca_thumb_l_2019-12-28-08.jpg\" alt=\"\" width=\"400\" height=\"269\" srcset=\"https:\/\/welcome-ontour.de\/wordpress\/wp-content\/uploads\/2020\/08\/phoca_thumb_l_2019-12-28-08.jpg 400w, https:\/\/welcome-ontour.de\/wordpress\/wp-content\/uploads\/2020\/08\/phoca_thumb_l_2019-12-28-08-300x202.jpg 300w\" sizes=\"(max-width: 400px) 100vw, 400px\" \/>\u00a0 <img decoding=\"async\" class=\" size-full wp-image-12541\" title=\"Auf geht's\" src=\"https:\/\/welcome-ontour.de\/wordpress\/wp-content\/uploads\/2020\/08\/phoca_thumb_l_2019-12-28-09.jpg\" alt=\"\" width=\"400\" height=\"269\" srcset=\"https:\/\/welcome-ontour.de\/wordpress\/wp-content\/uploads\/2020\/08\/phoca_thumb_l_2019-12-28-09.jpg 400w, https:\/\/welcome-ontour.de\/wordpress\/wp-content\/uploads\/2020\/08\/phoca_thumb_l_2019-12-28-09-300x202.jpg 300w\" sizes=\"(max-width: 400px) 100vw, 400px\" \/><\/span><\/p>\n<p style=\"text-align: center;\"><span style=\"font-family: arial, helvetica, sans-serif; font-size: 12pt;\">\u00a0<\/span><\/p>\n<p style=\"text-align: center;\"><span style=\"font-family: arial, helvetica, sans-serif; font-size: 12pt;\">Wir sitzen am Notausgang auf den Pl\u00e4tzen 11A und C.<\/span><\/p>\n<p style=\"text-align: center;\"><span style=\"font-family: arial, helvetica, sans-serif; font-size: 12pt;\">B bleibt auch heute nicht leer, die Maschine ist bis auf den letzten Platz gef\u00fcllt.<\/span><\/p>\n<p style=\"text-align: center;\"><span style=\"font-family: arial, helvetica, sans-serif; font-size: 12pt;\">Flugzeit nach Berlin-Sch\u00f6nefeld sollen 3 Stunden und 40 Minuten sein, es wird viel Gegenwind erwartet.<\/span><\/p>\n<p style=\"text-align: center;\"><span style=\"font-family: arial, helvetica, sans-serif; font-size: 12pt;\">Fliegen \u00fcber Bordeaux, Paris und Frankfurt.<\/span><\/p>\n<p style=\"text-align: center;\"><span style=\"font-family: arial, helvetica, sans-serif; font-size: 12pt;\">Als wir\u00a0 15:40 in Berlin landen, wird es gerade dunkel, drei Stunden fr\u00fcher als in Malaga.<\/span><\/p>\n<p style=\"text-align: center;\"><span style=\"font-family: arial, helvetica, sans-serif; font-size: 12pt;\">Wir halten auf dem Vorfeld und schnell werden zwei Gangways an die Maschine geschoben und die T\u00fcren ge\u00f6ffnet.<\/span><\/p>\n<p style=\"text-align: center;\"><span style=\"font-family: arial, helvetica, sans-serif; font-size: 12pt;\">Dabei bleibt es aber auch.\u00a0<\/span><span style=\"font-family: arial, helvetica, sans-serif; font-size: 12pt;\">Nach 20 min Wartezeit informiert uns der Kapit\u00e4n, dass der Flughafen <\/span><\/p>\n<p style=\"text-align: center;\"><span style=\"font-family: arial, helvetica, sans-serif; font-size: 12pt;\">im Moment <\/span><span style=\"font-family: arial, helvetica, sans-serif; font-size: 12pt;\">keine freien Busse bereitstellen kann.\u00a0<\/span><span style=\"font-family: arial, helvetica, sans-serif; font-size: 12pt;\">10 min sp\u00e4ter ist es dann endlich soweit.<\/span><\/p>\n<p style=\"text-align: center;\"><span style=\"font-family: arial, helvetica, sans-serif; font-size: 12pt;\">Auf den Mc Parking Bus brauchen wir nicht lange zu warten <\/span><\/p>\n<p style=\"text-align: center;\"><span style=\"font-family: arial, helvetica, sans-serif; font-size: 12pt;\">und mit unserem eigenen Auto sind wir dann eine knappe Stunde unterwegs.<\/span><\/p>\n<p style=\"text-align: center;\"><span style=\"font-family: arial, helvetica, sans-serif; font-size: 12pt;\">\u00a0<\/span><\/p>\n<p style=\"text-align: center;\"><span style=\"font-family: arial, helvetica, sans-serif; font-size: 12pt;\"><img decoding=\"async\" class=\" size-full wp-image-12542\" title=\"Sch\u00f6nefeld\" src=\"https:\/\/welcome-ontour.de\/wordpress\/wp-content\/uploads\/2020\/08\/phoca_thumb_l_2019-12-28-10.jpg\" alt=\"\" width=\"400\" height=\"268\" srcset=\"https:\/\/welcome-ontour.de\/wordpress\/wp-content\/uploads\/2020\/08\/phoca_thumb_l_2019-12-28-10.jpg 400w, https:\/\/welcome-ontour.de\/wordpress\/wp-content\/uploads\/2020\/08\/phoca_thumb_l_2019-12-28-10-300x201.jpg 300w\" sizes=\"(max-width: 400px) 100vw, 400px\" \/>\u00a0 <img decoding=\"async\" class=\" size-full wp-image-12543\" title=\"Mc Parking\" src=\"https:\/\/welcome-ontour.de\/wordpress\/wp-content\/uploads\/2020\/08\/phoca_thumb_l_2019-12-28-11.jpg\" alt=\"\" width=\"399\" height=\"268\" srcset=\"https:\/\/welcome-ontour.de\/wordpress\/wp-content\/uploads\/2020\/08\/phoca_thumb_l_2019-12-28-11.jpg 400w, https:\/\/welcome-ontour.de\/wordpress\/wp-content\/uploads\/2020\/08\/phoca_thumb_l_2019-12-28-11-300x202.jpg 300w\" sizes=\"(max-width: 399px) 100vw, 399px\" \/><\/span><\/p>\n<p style=\"text-align: center;\"><span style=\"font-family: arial, helvetica, sans-serif; font-size: 12pt;\">\u00a0<\/span><\/p>\n<p style=\"text-align: center;\"><span style=\"font-family: arial, helvetica, sans-serif; font-size: 12pt;\">18 Uhr sind wir zu Hause, ziemlich kalt hier.<\/span><\/p>\n<p style=\"text-align: center;\"><span style=\"font-family: arial, helvetica, sans-serif; font-size: 12pt;\">\u00a0<\/span><\/p>\n<p style=\"text-align: center;\"><span style=\"font-family: arial, helvetica, sans-serif; font-size: 12pt;\">Gefahrene Kilometer: 20 \/ 85<\/span><\/p>\n<p style=\"text-align: center;\"><span style=\"font-size: 12pt; font-family: arial, helvetica, sans-serif;\">\u00a0<\/span><\/p>\n<p style=\"text-align: center;\"><span style=\"font-size: 12pt; font-family: arial, helvetica, sans-serif;\"><br \/>\n<img decoding=\"async\" class=\" size-full wp-image-12312\" style=\"display: block; margin-left: auto; margin-right: auto;\" title=\"Malaga\" src=\"https:\/\/welcome-ontour.de\/wordpress\/wp-content\/uploads\/2020\/08\/phoca_thumb_l_2019-12-21-02.jpg\" width=\"200\" height=\"185\" srcset=\"https:\/\/welcome-ontour.de\/wordpress\/wp-content\/uploads\/2020\/08\/phoca_thumb_l_2019-12-21-02.jpg 394w, https:\/\/welcome-ontour.de\/wordpress\/wp-content\/uploads\/2020\/08\/phoca_thumb_l_2019-12-21-02-300x277.jpg 300w\" sizes=\"(max-width: 200px) 100vw, 200px\" \/><\/span><\/p>\n<p style=\"text-align: center;\"><span style=\"font-family: arial, helvetica, sans-serif; font-size: 10pt;\"><a href=\"https:\/\/welcome-ontour.de\/wordpress\/index.php\/2019-12-27\">&lt; zur\u00fcck<\/a>\u00a0 \u00a0 \u00a0 \u00a0 \u00a0 \u00a0 \u00a0 \u00a0 \u00a0 \u00a0 \u00a0 \u00a0 \u00a0 \u00a0 \u00a0 \u00a0 \u00a0 \u00a0 \u00a0 \u00a0 \u00a0 \u00a0 \u00a0 \u00a0 \u00a0 \u00a0 \u00a0 \u00a0 \u00a0 \u00a0 \u00a0 \u00a0 \u00a0 \u00a0 \u00a0 \u00a0 \u00a0 \u00a0 \u00a0 \u00a0 \u00a0 \u00a0 \u00a0 \u00a0 \u00a0 \u00a0 \u00a0 \u00a0 \u00a0 \u00a0 \u00a0 \u00a0 \u00a0 \u00a0 \u00a0 \u00a0 \u00a0 \u00a0 \u00a0 \u00a0 \u00a0 \u00a0 \u00a0 \u00a0 \u00a0 \u00a0 \u00a0 \u00a0 \u00a0 \u00a0 \u00a0 \u00a0 \u00a0 \u00a0 \u00a0 \u00a0 \u00a0 \u00a0 \u00a0 \u00a0 \u00a0 \u00a0 \u00a0 \u00a0 \u00a0 \u00a0 \u00a0 \u00a0 \u00a0 \u00a0 \u00a0 \u00a0 \u00a0 \u00a0 \u00a0\u00a0<a href=\"https:\/\/welcome-ontour.de\/wordpress\/index.php\/2019-12-29\">weiter &gt;<\/a><\/span><\/p>\n","protected":false},"excerpt":{"rendered":"<p>Prolog\u00a0 \u00a0 \u00a0 \u00a0Anreise\u00a0 \u00a0 \u00a0 \u00a0Caminito Del Rey\u00a0 \u00a0 \u00a0 \u00a0El Torcal\u00a0 \u00a0 \u00a0 \u00a0Ronda\u00a0 \u00a0 \u00a0\u00a0Jardin Botanico\u00a0 \u00a0 \u00a0\u00a0Malaga\u00a0 \u00a0 \u00a0\u00a0R\u00fcckreise\u00a0 \u00a0 \u00a0 \u00a0Fazit &lt; zur\u00fcck\u00a0 \u00a0 \u00a0 \u00a0 \u00a0 \u00a0 \u00a0 \u00a0 \u00a0 \u00a0 \u00a0 \u00a0 \u00a0 \u00a0 \u00a0 \u00a0 \u00a0 \u00a0 \u00a0 \u00a0 \u00a0 \u00a0 \u00a0 \u00a0 \u00a0 \u00a0 \u00a0 \u00a0 \u00a0 \u00a0 \u00a0 \u00a0 \u00a0 \u00a0 \u00a0 \u00a0 \u00a0 \u00a0 \u00a0 \u00a0 \u00a0 \u00a0 \u00a0 \u00a0 \u00a0 \u00a0 \u00a0 \u00a0 \u00a0 \u00a0 \u00a0 \u00a0 \u00a0 \u00a0 \u00a0 \u00a0 \u00a0 \u00a0 \u00a0 \u00a0 \u00a0 \u00a0 \u00a0 \u00a0 \u00a0 \u00a0 \u00a0 \u00a0 \u00a0 \u00a0 \u00a0 \u00a0 \u00a0 \u00a0 \u00a0 \u00a0 \u00a0 \u00a0 \u00a0 \u00a0 \u00a0 \u00a0 \u00a0 \u00a0 \u00a0 \u00a0 \u00a0 \u00a0 \u00a0 \u00a0 \u00a0 \u00a0 \u00a0 \u00a0 \u00a0\u00a0weiter &gt; Sa 28.12. \u00a0 R\u00fcckreise \u00a0 Passend zum Abschied ist es heute anfangs bedeckt. \u00a0 \u00a0 Um acht sitzen wir beim Fr\u00fchst\u00fcck, froh wegen der R\u00fcckenschmerzen aus dem Bett zu kommen. Danach wandern die Klamotten in die Trolleys und wir verabschieden uns von den lieben Gastgebern. Der Weg zum Airport dauert 20 Minuten. Ein letztes Mal vorbei an den Orangenb\u00e4umen von Limonar und unterwegs das Auto volltanken. \u00a0 \u00a0 \u00a0 Halb zehn sind wir bei der Mietwagenfirma Cargest. Die R\u00fcckgabe geht schnell und problemlos. Der Shuttledriver f\u00e4hrt uns zum Terminal des Flughafens. \u00a0 \u00a0 \u00a0 Hier ist so fr\u00fch nicht viel los. Gehen schnell durch die Sicherheitskontrollen und den gro\u00dfen Duty Free Bereich. \u00a0 \u00a0 \u00a0 Anschlie\u00dfend suchen wir uns ein freies Pl\u00e4tzchen und warten bis unser Flug aufgerufen wird. Am Gate D42 wird halb zw\u00f6lf mit dem Boarding f\u00fcr Easyjet Flug 4522 begonnen. 12:20 hebt der kleine Airbus 319 ab. \u00a0 \u00a0 \u00a0 Wir sitzen am Notausgang auf den Pl\u00e4tzen 11A und C. B bleibt auch heute nicht leer, die Maschine ist bis auf den letzten Platz gef\u00fcllt. Flugzeit nach Berlin-Sch\u00f6nefeld sollen 3 Stunden und 40 Minuten sein, es wird viel Gegenwind erwartet. Fliegen \u00fcber Bordeaux, Paris und Frankfurt. Als wir\u00a0 15:40 in Berlin landen, wird es gerade dunkel, drei Stunden fr\u00fcher als in Malaga. Wir halten auf dem Vorfeld und schnell werden zwei Gangways an die Maschine geschoben und die T\u00fcren ge\u00f6ffnet. Dabei bleibt es aber auch.\u00a0Nach 20 min Wartezeit informiert uns der Kapit\u00e4n, dass der Flughafen im Moment keine freien Busse bereitstellen kann.\u00a010 min sp\u00e4ter ist es dann endlich soweit. Auf den Mc Parking Bus brauchen wir nicht lange zu warten und mit unserem eigenen Auto sind wir dann eine knappe Stunde unterwegs. \u00a0 \u00a0 \u00a0 18 Uhr sind wir zu Hause, ziemlich kalt hier. \u00a0 Gefahrene Kilometer: 20 \/ 85 \u00a0 &lt; zur\u00fcck\u00a0 \u00a0 \u00a0 \u00a0 \u00a0 \u00a0 \u00a0 \u00a0 \u00a0 \u00a0 \u00a0 \u00a0 \u00a0 \u00a0 \u00a0 \u00a0 \u00a0 \u00a0 \u00a0 \u00a0 \u00a0 \u00a0 \u00a0 \u00a0 \u00a0 \u00a0 \u00a0 \u00a0 \u00a0 \u00a0 \u00a0 \u00a0 \u00a0 \u00a0 \u00a0 \u00a0 \u00a0 \u00a0 \u00a0 \u00a0 \u00a0 \u00a0 \u00a0 \u00a0 \u00a0 \u00a0 \u00a0 \u00a0 \u00a0 \u00a0 \u00a0 \u00a0 \u00a0 \u00a0 \u00a0 \u00a0 \u00a0 \u00a0 \u00a0 \u00a0 \u00a0 \u00a0 \u00a0 \u00a0 \u00a0 \u00a0 \u00a0 \u00a0 \u00a0 \u00a0 \u00a0 \u00a0 \u00a0 \u00a0 \u00a0 \u00a0 \u00a0 \u00a0 \u00a0 \u00a0 \u00a0 \u00a0 \u00a0 \u00a0 \u00a0 \u00a0 \u00a0 \u00a0 \u00a0 \u00a0 \u00a0 \u00a0 \u00a0 \u00a0 \u00a0\u00a0weiter &gt;<\/p>\n","protected":false},"author":1,"featured_media":12533,"parent":0,"menu_order":2,"comment_status":"closed","ping_status":"closed","template":"","meta":{"footnotes":""},"class_list":["post-12544","page","type-page","status-publish","has-post-thumbnail","hentry"],"_links":{"self":[{"href":"https:\/\/welcome-ontour.de\/wordpress\/index.php\/wp-json\/wp\/v2\/pages\/12544","targetHints":{"allow":["GET"]}}],"collection":[{"href":"https:\/\/welcome-ontour.de\/wordpress\/index.php\/wp-json\/wp\/v2\/pages"}],"about":[{"href":"https:\/\/welcome-ontour.de\/wordpress\/index.php\/wp-json\/wp\/v2\/types\/page"}],"author":[{"embeddable":true,"href":"https:\/\/welcome-ontour.de\/wordpress\/index.php\/wp-json\/wp\/v2\/users\/1"}],"replies":[{"embeddable":true,"href":"https:\/\/welcome-ontour.de\/wordpress\/index.php\/wp-json\/wp\/v2\/comments?post=12544"}],"version-history":[{"count":2,"href":"https:\/\/welcome-ontour.de\/wordpress\/index.php\/wp-json\/wp\/v2\/pages\/12544\/revisions"}],"predecessor-version":[{"id":16977,"href":"https:\/\/welcome-ontour.de\/wordpress\/index.php\/wp-json\/wp\/v2\/pages\/12544\/revisions\/16977"}],"wp:featuredmedia":[{"embeddable":true,"href":"https:\/\/welcome-ontour.de\/wordpress\/index.php\/wp-json\/wp\/v2\/media\/12533"}],"wp:attachment":[{"href":"https:\/\/welcome-ontour.de\/wordpress\/index.php\/wp-json\/wp\/v2\/media?parent=12544"}],"curies":[{"name":"wp","href":"https:\/\/api.w.org\/{rel}","templated":true}]}}