{"id":12311,"date":"2020-07-25T08:42:11","date_gmt":"2020-07-25T08:42:11","guid":{"rendered":"https:\/\/welcome-ontour.de\/wordpress\/index.php\/2019-08-26-fazit\/"},"modified":"2022-06-30T23:06:16","modified_gmt":"2022-06-30T23:06:16","slug":"2019-08-26-fazit","status":"publish","type":"page","link":"https:\/\/welcome-ontour.de\/wordpress\/index.php\/2019-08-26-fazit\/","title":{"rendered":"2019 08 26 fazit"},"content":{"rendered":"<p style=\"text-align: center;\"><span style=\"font-size: 8pt; font-family: arial, helvetica, sans-serif;\"><a href=\"https:\/\/welcome-ontour.de\/wordpress\/index.php\/2019-08-17-prolog\/\">Prolog<\/a>\u00a0 \u00a0 \u00a0 \u00a0<a href=\"https:\/\/welcome-ontour.de\/wordpress\/index.php\/2019-08-18\">Anreise<\/a>\u00a0 \u00a0 \u00a0 \u00a0<a href=\"https:\/\/welcome-ontour.de\/wordpress\/index.php\/2019-08-19\">Dona Ana<\/a>\u00a0 \u00a0 \u00a0 \u00a0<a title=\"Cruise\" href=\"https:\/\/welcome-ontour.de\/wordpress\/index.php\/2019-08-20\">Cruise<\/a>\u00a0 \u00a0 \u00a0 \u00a0<a href=\"https:\/\/welcome-ontour.de\/wordpress\/index.php\/2019-08-21\">Sagres<\/a>\u00a0 \u00a0 \u00a0\u00a0<a href=\"https:\/\/welcome-ontour.de\/wordpress\/index.php\/2019-08-22\">Last Bratwurst<\/a>\u00a0 \u00a0 \u00a0\u00a0<a href=\"https:\/\/welcome-ontour.de\/wordpress\/index.php\/2019-08-23\">Zavial\/Bordeira<\/a>\u00a0 \u00a0 \u00a0\u00a0<a href=\"https:\/\/welcome-ontour.de\/wordpress\/index.php\/2019-08-24\">Furnas\/Piedade<\/a>\u00a0 \u00a0 \u00a0 \u00a0<a href=\"https:\/\/welcome-ontour.de\/wordpress\/index.php\/2019-08-25\">R\u00fcckreise<\/a>\u00a0 \u00a0 \u00a0 \u00a0<a href=\"https:\/\/welcome-ontour.de\/wordpress\/index.php\/2019-08-26\">Fazit<\/a><\/span><\/p>\n<p style=\"text-align: center;\"><span style=\"font-family: arial, helvetica, sans-serif; font-size: 10pt;\"><a href=\"https:\/\/welcome-ontour.de\/wordpress\/index.php\/2019-08-25\">&lt; zur\u00fcck<\/a>\u00a0 \u00a0 \u00a0 \u00a0 \u00a0 \u00a0 \u00a0 \u00a0 \u00a0 \u00a0 \u00a0 \u00a0 \u00a0 \u00a0 \u00a0 \u00a0 \u00a0 \u00a0 \u00a0 \u00a0 \u00a0 \u00a0 \u00a0 \u00a0 \u00a0 \u00a0 \u00a0 \u00a0 \u00a0 \u00a0 \u00a0 \u00a0 \u00a0 \u00a0 \u00a0 \u00a0 \u00a0 \u00a0 \u00a0 \u00a0 \u00a0 \u00a0 \u00a0 \u00a0 \u00a0 \u00a0 \u00a0 \u00a0 \u00a0 \u00a0 \u00a0 \u00a0 \u00a0 \u00a0 \u00a0 \u00a0 \u00a0 \u00a0 \u00a0 \u00a0 \u00a0 \u00a0 \u00a0 \u00a0 \u00a0 \u00a0 \u00a0 \u00a0 \u00a0 \u00a0 \u00a0 \u00a0 \u00a0 \u00a0 \u00a0 \u00a0 \u00a0 \u00a0 \u00a0 \u00a0 \u00a0 \u00a0 \u00a0 \u00a0 \u00a0 \u00a0 \u00a0 \u00a0 \u00a0 \u00a0 \u00a0 \u00a0 <a href=\"https:\/\/welcome-ontour.de\/wordpress\/index.php\/reiseberichte\/\">Reiseberichte &gt;<\/a><\/span><\/p>\n<p style=\"text-align: center;\"><span style=\"font-size: 14pt;\"><strong><span style=\"font-family: arial, helvetica, sans-serif;\">Fazit<\/span><\/strong><\/span><\/p>\n<p style=\"text-align: center;\"><span style=\"font-size: 12pt;\"><span style=\"font-family: arial, helvetica, sans-serif;\">\u00a0<\/span><\/span><\/p>\n<p style=\"text-align: center;\"><span style=\"font-size: 12pt;\"><span style=\"font-family: arial, helvetica, sans-serif;\">Zu keiner Zeit haben wir es bereut, eine Woche an die Algarve geflogen zu sein.<\/span><\/span><\/p>\n<p style=\"text-align: center;\"><span style=\"font-size: 12pt;\"><span style=\"font-family: arial, helvetica, sans-serif;\">Mit dem Wetter hatten wir Gl\u00fcck, was zu dieser Zeit aber v\u00f6llig normal ist.<\/span><\/span><\/p>\n<p style=\"text-align: center;\"><span style=\"font-size: 12pt;\"><span style=\"font-family: arial, helvetica, sans-serif;\">Es waren immer sonnige 25-30\u00b0C, manchmal auch etwas mehr.<\/span><\/span><\/p>\n<p style=\"text-align: center;\"><span style=\"font-size: 12pt;\"><span style=\"font-family: arial, helvetica, sans-serif;\">Anfangs waren wir etwas erschrocken, denn wir hatten den Eindruck, <\/span><\/span><\/p>\n<p style=\"text-align: center;\"><span style=\"font-size: 12pt;\"><span style=\"font-family: arial, helvetica, sans-serif;\">dass sich zwischen Faro und Lagos <\/span><\/span><span style=\"font-size: 12pt;\"><span style=\"font-family: arial, helvetica, sans-serif;\">ein Ferienort an den anderen reiht,<\/span><\/span><\/p>\n<p style=\"text-align: center;\"><span style=\"font-size: 12pt;\"><span style=\"font-family: arial, helvetica, sans-serif;\"> inklusive v\u00f6llig zugebauter Strandabschnitte.<\/span><\/span><\/p>\n<p style=\"text-align: center;\"><span style=\"font-size: 12pt;\"><span style=\"font-family: arial, helvetica, sans-serif;\">\u00a0<\/span><\/span><\/p>\n<p style=\"text-align: center;\"><span style=\"font-size: 12pt;\"><span style=\"font-family: arial, helvetica, sans-serif;\"><img decoding=\"async\" class=\" size-full wp-image-12067\" title=\"Algarve\" src=\"https:\/\/welcome-ontour.de\/wordpress\/wp-content\/uploads\/2020\/07\/phoca_thumb_l_2019-08-17-02.jpg\" alt=\"\" width=\"600\" height=\"345\" srcset=\"https:\/\/welcome-ontour.de\/wordpress\/wp-content\/uploads\/2020\/07\/phoca_thumb_l_2019-08-17-02.jpg 1484w, https:\/\/welcome-ontour.de\/wordpress\/wp-content\/uploads\/2020\/07\/phoca_thumb_l_2019-08-17-02-300x172.jpg 300w, https:\/\/welcome-ontour.de\/wordpress\/wp-content\/uploads\/2020\/07\/phoca_thumb_l_2019-08-17-02-1024x589.jpg 1024w, https:\/\/welcome-ontour.de\/wordpress\/wp-content\/uploads\/2020\/07\/phoca_thumb_l_2019-08-17-02-768x441.jpg 768w\" sizes=\"(max-width: 600px) 100vw, 600px\" \/><\/span><\/span><\/p>\n<p style=\"text-align: center;\"><span style=\"font-size: 12pt;\"><span style=\"font-family: arial, helvetica, sans-serif;\">\u00a0<\/span><\/span><\/p>\n<p style=\"text-align: center;\"><span style=\"font-size: 12pt;\"><span style=\"font-family: arial, helvetica, sans-serif;\">Ganz anders war es westlich von Lagos.<\/span><\/span><\/p>\n<p style=\"text-align: center;\"><span style=\"font-size: 12pt;\"><span style=\"font-family: arial, helvetica, sans-serif;\">Auf den knapp 30 km bis zur S\u00fcdwestspitze in Sagres <\/span><\/span><\/p>\n<p style=\"text-align: center;\"><span style=\"font-size: 12pt;\"><span style=\"font-family: arial, helvetica, sans-serif;\">haben wir unz\u00e4hlige gro\u00dfe und kleine Buchten mit fantastischen Str\u00e4nden f\u00fcr uns entdeckt.<\/span><\/span><\/p>\n<p style=\"text-align: center;\"><span style=\"font-size: 12pt;\"><span style=\"font-family: arial, helvetica, sans-serif;\">Meist nur ges\u00e4umt von einer Beachbar, sonst nichts.<\/span><\/span><\/p>\n<p style=\"text-align: center;\"><span style=\"font-size: 12pt;\"><span style=\"font-family: arial, helvetica, sans-serif;\">An der Westk\u00fcste war es dann ausgesprochen weitl\u00e4ufig, rau und windig.<\/span><\/span><\/p>\n<p style=\"text-align: center;\"><span style=\"font-size: 12pt;\"><span style=\"font-family: arial, helvetica, sans-serif;\">Dadurch bedingt immer wellig und deswegen gab es Surfer ohne Ende.<\/span><\/span><\/p>\n<p style=\"text-align: center;\"><span style=\"font-size: 12pt;\"><span style=\"font-family: arial, helvetica, sans-serif;\">Die Str\u00e4nde waren allesamt wunderbar steinfrei.<\/span><\/span><\/p>\n<p style=\"text-align: center;\"><span style=\"font-size: 12pt;\"><span style=\"font-family: arial, helvetica, sans-serif;\">Das Wasser des Atlantiks h\u00e4tte manchmal zwei Grad w\u00e4rmer sein d\u00fcrfen.<\/span><\/span><\/p>\n<p style=\"text-align: center;\"><span style=\"font-size: 12pt;\"><span style=\"font-family: arial, helvetica, sans-serif;\">\u00a0<\/span><\/span><\/p>\n<p style=\"text-align: center;\"><span style=\"font-size: 12pt;\"><span style=\"font-family: arial, helvetica, sans-serif;\"><img decoding=\"async\" class=\" size-full wp-image-12236\" title=\"Beliche\" src=\"https:\/\/welcome-ontour.de\/wordpress\/wp-content\/uploads\/2020\/07\/phoca_thumb_l_2019-08-22-07.jpg\" alt=\"\" width=\"380\" height=\"231\" srcset=\"https:\/\/welcome-ontour.de\/wordpress\/wp-content\/uploads\/2020\/07\/phoca_thumb_l_2019-08-22-07.jpg 600w, https:\/\/welcome-ontour.de\/wordpress\/wp-content\/uploads\/2020\/07\/phoca_thumb_l_2019-08-22-07-300x183.jpg 300w\" sizes=\"(max-width: 380px) 100vw, 380px\" \/><\/span><\/span><\/p>\n<p style=\"text-align: center;\"><span style=\"font-size: 12pt;\"><span style=\"font-family: arial, helvetica, sans-serif;\">\u00a0<\/span><\/span><\/p>\n<p style=\"text-align: center;\"><span style=\"font-size: 12pt;\"><span style=\"font-family: arial, helvetica, sans-serif;\">Mit unserer Unterkunft waren wir sehr zufrieden.<\/span><\/span><\/p>\n<p style=\"text-align: center;\"><span style=\"font-size: 12pt;\"><span style=\"font-family: arial, helvetica, sans-serif;\">Jedes Mal, wenn wir von Ausfl\u00fcgen zur\u00fcck kamen, hatten wir das angenehme Gef\u00fchl nach Hause zu kommen.<\/span><\/span><\/p>\n<p style=\"text-align: center;\"><span style=\"font-size: 12pt;\"><span style=\"font-family: arial, helvetica, sans-serif;\">Haben uns hier richtig wohl gef\u00fchlt und das bei der f\u00fcnf Sterne Einstufung auch nicht anders erwartet.<\/span><\/span><\/p>\n<p style=\"text-align: center;\"><span style=\"font-size: 12pt;\"><span style=\"font-family: arial, helvetica, sans-serif;\">Hoteleinrichtungen wie Pool oder Spa haben wir nicht genutzt, waren immer unterwegs.<\/span><\/span><\/p>\n<p style=\"text-align: center;\"><span style=\"font-size: 12pt;\"><span style=\"font-family: arial, helvetica, sans-serif;\">Daf\u00fcr war der Yaris f\u00fcr uns genau der richtige Mietwagen.<\/span><\/span><\/p>\n<p style=\"text-align: center;\"><span style=\"font-size: 12pt;\"><span style=\"font-family: arial, helvetica, sans-serif;\">Der silberne Toyota war gro\u00df genug, um zu zweit bequem zu sitzen.<\/span><\/span><\/p>\n<p style=\"text-align: center;\"><span style=\"font-size: 12pt;\"><span style=\"font-family: arial, helvetica, sans-serif;\">Mit seinen geringen Au\u00dfenma\u00dfen hat er in jede Parkl\u00fccke gepasst.<\/span><\/span><\/p>\n<p style=\"text-align: center;\"><span style=\"font-size: 12pt;\"><span style=\"font-family: arial, helvetica, sans-serif;\">Zuverl\u00e4ssig und gut gek\u00fchlt hat er uns insgesamt 620 km durch die Gegend gekutscht.<\/span><\/span><\/p>\n<p style=\"text-align: center;\"><span style=\"font-size: 12pt;\"><span style=\"font-family: arial, helvetica, sans-serif;\">Flugtechnisch war Easyjet wieder eine gute Wahl.<\/span><\/span><\/p>\n<p style=\"text-align: center;\"><span style=\"font-size: 12pt;\"><span style=\"font-family: arial, helvetica, sans-serif;\">P\u00fcnktlich, g\u00fcnstig, freundlich, hat auch auf dieser Tour gut funktioniert.<\/span><\/span><\/p>\n<p style=\"text-align: center;\"><span style=\"font-size: 12pt;\"><span style=\"font-family: arial, helvetica, sans-serif;\">Auf den Notausgangspl\u00e4tzen lie\u00df es sich auch dieses Mal gut aushalten.<\/span><\/span><\/p>\n<p style=\"text-align: center;\"><span style=\"font-size: 12pt;\"><span style=\"font-family: arial, helvetica, sans-serif;\">\u00a0<\/span><\/span><\/p>\n<p style=\"text-align: center;\"><span style=\"font-size: 12pt;\"><span style=\"font-family: arial, helvetica, sans-serif;\"><img decoding=\"async\" class=\" size-full wp-image-12256\" title=\"Zavial\" src=\"https:\/\/welcome-ontour.de\/wordpress\/wp-content\/uploads\/2020\/07\/phoca_thumb_l_2019-08-23-07.jpg\" alt=\"\" width=\"380\" height=\"230\" srcset=\"https:\/\/welcome-ontour.de\/wordpress\/wp-content\/uploads\/2020\/07\/phoca_thumb_l_2019-08-23-07.jpg 600w, https:\/\/welcome-ontour.de\/wordpress\/wp-content\/uploads\/2020\/07\/phoca_thumb_l_2019-08-23-07-300x182.jpg 300w\" sizes=\"(max-width: 380px) 100vw, 380px\" \/><\/span><\/span><\/p>\n<p style=\"text-align: center;\"><span style=\"font-size: 12pt;\"><span style=\"font-family: arial, helvetica, sans-serif;\">\u00a0<\/span><\/span><\/p>\n<p style=\"text-align: center;\"><span style=\"font-size: 12pt;\"><span style=\"font-family: arial, helvetica, sans-serif;\">Zum Schluss, wie immer der Zahlensalat.<\/span><\/span><\/p>\n<p style=\"text-align: center;\"><span style=\"font-size: 12pt;\"><span style=\"font-family: arial, helvetica, sans-serif;\">F\u00fcr die Direkt-Fl\u00fcge haben wir rund 100 Euro pro Person gezahlt, <\/span><\/span><\/p>\n<p style=\"text-align: center;\"><span style=\"font-size: 12pt;\"><span style=\"font-family: arial, helvetica, sans-serif;\">zuz\u00fcglich 50 Euro pro Person f\u00fcr die Notausgangspl\u00e4tze.<\/span><\/span><\/p>\n<p style=\"text-align: center;\"><span style=\"font-size: 12pt;\"><span style=\"font-family: arial, helvetica, sans-serif;\">Alles direkt gebucht bei Easyjet, etwa 2 Monate vor Reisebeginn.<\/span><\/span><\/p>\n<p style=\"text-align: center;\"><span style=\"font-size: 12pt;\"><span style=\"font-family: arial, helvetica, sans-serif;\">Quartiertechnisch wollten wir nicht unbedingt in einem gesichtslosen Betonbunker untergebracht sein.<\/span><\/span><\/p>\n<p style=\"text-align: center;\"><span style=\"font-size: 12pt;\"><span style=\"font-family: arial, helvetica, sans-serif;\">Haben uns deswegen bewusst f\u00fcr das Vila Valverde Design and Country Hotel entschieden.<\/span><\/span><\/p>\n<p style=\"text-align: center;\"><span style=\"font-size: 12pt;\"><span style=\"font-family: arial, helvetica, sans-serif;\">Eine Woche Gardenview Suite mit Fr\u00fchst\u00fcck hat als Angebot bei hotels.com 1250 Euro gekostet.<\/span><\/span><\/p>\n<p style=\"text-align: center;\"><span style=\"font-size: 12pt;\"><span style=\"font-family: arial, helvetica, sans-serif;\">Den Mietwagen gab es dieses Mal beim regionalen Anbieter AirAuto \u00fcber cardelmar.<\/span><\/span><\/p>\n<p style=\"text-align: center;\"><span style=\"font-size: 12pt;\"><span style=\"font-family: arial, helvetica, sans-serif;\">Inklusive aller notwendigen Versicherungen und abz\u00fcglich aller Discounts <\/span><\/span><\/p>\n<p style=\"text-align: center;\"><span style=\"font-size: 12pt;\"><span style=\"font-family: arial, helvetica, sans-serif;\">waren f\u00fcr eine Woche Kleinwagen 90 Euro zu \u00fcberweisen.<\/span><\/span><\/p>\n<p style=\"text-align: center;\"><span style=\"font-size: 12pt;\"><span style=\"font-family: arial, helvetica, sans-serif;\">Und last but not least waren f\u00fcr 7 Tage Mc Parking 35 Euro f\u00e4llig.<\/span><\/span><\/p>\n<p style=\"text-align: center;\"><span style=\"font-size: 12pt;\"><span style=\"font-family: arial, helvetica, sans-serif;\">Wie bereits gesagt, hat uns die S\u00fcdwestk\u00fcste Portugals super gefallen.<\/span><\/span><\/p>\n<p style=\"text-align: center;\"><span style=\"font-size: 12pt;\"><span style=\"font-family: arial, helvetica, sans-serif;\">Oftmals hat uns Kulisse und Meer an die Balearen denken lassen, <\/span><\/span><\/p>\n<p style=\"text-align: center;\"><span style=\"font-size: 12pt;\"><span style=\"font-family: arial, helvetica, sans-serif;\">manchmal in den Wellen sogar an Hawaii.<\/span><\/span><\/p>\n<p style=\"text-align: center;\"><span style=\"font-size: 12pt;\"><span style=\"font-family: arial, helvetica, sans-serif;\">K\u00f6nnte gut sein, dass wir wiederkommen.<\/span><\/span><\/p>\n<p style=\"text-align: center;\"><span style=\"font-size: 12pt;\"><span style=\"font-family: arial, helvetica, sans-serif;\">In diesem Sinne bis zum n\u00e4chsten Mal und<\/span><\/span><\/p>\n<p style=\"text-align: center;\"><span style=\"font-size: 12pt;\"><span style=\"font-family: arial, helvetica, sans-serif;\">Macht\u2019s gut Leute.<\/span><\/span><\/p>\n<p style=\"text-align: center;\"><span style=\"font-size: 12pt;\"><span style=\"font-family: arial, helvetica, sans-serif;\">\u00a0<\/span><\/span><\/p>\n<p style=\"text-align: center;\"><span style=\"font-size: 12pt;\"><span style=\"font-family: arial, helvetica, sans-serif;\">Ute &amp; Andie<\/span><\/span><\/p>\n<p style=\"text-align: center;\"><img decoding=\"async\" class=\" size-full wp-image-12068\" src=\"https:\/\/welcome-ontour.de\/wordpress\/wp-content\/uploads\/2020\/07\/phoca_thumb_l_2019-08-17-01.jpg\" width=\"150\" height=\"90\" srcset=\"https:\/\/welcome-ontour.de\/wordpress\/wp-content\/uploads\/2020\/07\/phoca_thumb_l_2019-08-17-01.jpg 600w, https:\/\/welcome-ontour.de\/wordpress\/wp-content\/uploads\/2020\/07\/phoca_thumb_l_2019-08-17-01-300x180.jpg 300w\" sizes=\"(max-width: 150px) 100vw, 150px\" \/><\/p>\n<p style=\"text-align: center;\"><span style=\"font-family: arial, helvetica, sans-serif; font-size: 10pt;\"><a href=\"https:\/\/welcome-ontour.de\/wordpress\/index.php\/2019-08-25\">&lt; zur\u00fcck<\/a>\u00a0 \u00a0 \u00a0 \u00a0 \u00a0 \u00a0 \u00a0 \u00a0 \u00a0 \u00a0 \u00a0 \u00a0 \u00a0 \u00a0 \u00a0 \u00a0 \u00a0 \u00a0 \u00a0 \u00a0 \u00a0 \u00a0 \u00a0 \u00a0 \u00a0 \u00a0 \u00a0 \u00a0 \u00a0 \u00a0 \u00a0 \u00a0 \u00a0 \u00a0 \u00a0 \u00a0 \u00a0 \u00a0 \u00a0 \u00a0 \u00a0 \u00a0 \u00a0 \u00a0 \u00a0 \u00a0 \u00a0 \u00a0 \u00a0 \u00a0 \u00a0 \u00a0 \u00a0 \u00a0 \u00a0 \u00a0 \u00a0 \u00a0 \u00a0 \u00a0 \u00a0 \u00a0 \u00a0 \u00a0 \u00a0 \u00a0 \u00a0 \u00a0 \u00a0 \u00a0 \u00a0 \u00a0 \u00a0 \u00a0 \u00a0 \u00a0 \u00a0 \u00a0 \u00a0 \u00a0 \u00a0 \u00a0 \u00a0 \u00a0 \u00a0 \u00a0 \u00a0 \u00a0 \u00a0 \u00a0 \u00a0 \u00a0 <a href=\"https:\/\/welcome-ontour.de\/wordpress\/index.php\/reiseberichte\/\">Reiseberichte &gt;<\/a><\/span><\/p>\n","protected":false},"excerpt":{"rendered":"<p>Prolog\u00a0 \u00a0 \u00a0 \u00a0Anreise\u00a0 \u00a0 \u00a0 \u00a0Dona Ana\u00a0 \u00a0 \u00a0 \u00a0Cruise\u00a0 \u00a0 \u00a0 \u00a0Sagres\u00a0 \u00a0 \u00a0\u00a0Last Bratwurst\u00a0 \u00a0 \u00a0\u00a0Zavial\/Bordeira\u00a0 \u00a0 \u00a0\u00a0Furnas\/Piedade\u00a0 \u00a0 \u00a0 \u00a0R\u00fcckreise\u00a0 \u00a0 \u00a0 \u00a0Fazit &lt; zur\u00fcck\u00a0 \u00a0 \u00a0 \u00a0 \u00a0 \u00a0 \u00a0 \u00a0 \u00a0 \u00a0 \u00a0 \u00a0 \u00a0 \u00a0 \u00a0 \u00a0 \u00a0 \u00a0 \u00a0 \u00a0 \u00a0 \u00a0 \u00a0 \u00a0 \u00a0 \u00a0 \u00a0 \u00a0 \u00a0 \u00a0 \u00a0 \u00a0 \u00a0 \u00a0 \u00a0 \u00a0 \u00a0 \u00a0 \u00a0 \u00a0 \u00a0 \u00a0 \u00a0 \u00a0 \u00a0 \u00a0 \u00a0 \u00a0 \u00a0 \u00a0 \u00a0 \u00a0 \u00a0 \u00a0 \u00a0 \u00a0 \u00a0 \u00a0 \u00a0 \u00a0 \u00a0 \u00a0 \u00a0 \u00a0 \u00a0 \u00a0 \u00a0 \u00a0 \u00a0 \u00a0 \u00a0 \u00a0 \u00a0 \u00a0 \u00a0 \u00a0 \u00a0 \u00a0 \u00a0 \u00a0 \u00a0 \u00a0 \u00a0 \u00a0 \u00a0 \u00a0 \u00a0 \u00a0 \u00a0 \u00a0 \u00a0 \u00a0 Reiseberichte &gt; Fazit \u00a0 Zu keiner Zeit haben wir es bereut, eine Woche an die Algarve geflogen zu sein. Mit dem Wetter hatten wir Gl\u00fcck, was zu dieser Zeit aber v\u00f6llig normal ist. Es waren immer sonnige 25-30\u00b0C, manchmal auch etwas mehr. Anfangs waren wir etwas erschrocken, denn wir hatten den Eindruck, dass sich zwischen Faro und Lagos ein Ferienort an den anderen reiht, inklusive v\u00f6llig zugebauter Strandabschnitte. \u00a0 \u00a0 Ganz anders war es westlich von Lagos. Auf den knapp 30 km bis zur S\u00fcdwestspitze in Sagres haben wir unz\u00e4hlige gro\u00dfe und kleine Buchten mit fantastischen Str\u00e4nden f\u00fcr uns entdeckt. Meist nur ges\u00e4umt von einer Beachbar, sonst nichts. An der Westk\u00fcste war es dann ausgesprochen weitl\u00e4ufig, rau und windig. Dadurch bedingt immer wellig und deswegen gab es Surfer ohne Ende. Die Str\u00e4nde waren allesamt wunderbar steinfrei. Das Wasser des Atlantiks h\u00e4tte manchmal zwei Grad w\u00e4rmer sein d\u00fcrfen. \u00a0 \u00a0 Mit unserer Unterkunft waren wir sehr zufrieden. Jedes Mal, wenn wir von Ausfl\u00fcgen zur\u00fcck kamen, hatten wir das angenehme Gef\u00fchl nach Hause zu kommen. Haben uns hier richtig wohl gef\u00fchlt und das bei der f\u00fcnf Sterne Einstufung auch nicht anders erwartet. Hoteleinrichtungen wie Pool oder Spa haben wir nicht genutzt, waren immer unterwegs. Daf\u00fcr war der Yaris f\u00fcr uns genau der richtige Mietwagen. Der silberne Toyota war gro\u00df genug, um zu zweit bequem zu sitzen. Mit seinen geringen Au\u00dfenma\u00dfen hat er in jede Parkl\u00fccke gepasst. Zuverl\u00e4ssig und gut gek\u00fchlt hat er uns insgesamt 620 km durch die Gegend gekutscht. Flugtechnisch war Easyjet wieder eine gute Wahl. P\u00fcnktlich, g\u00fcnstig, freundlich, hat auch auf dieser Tour gut funktioniert. Auf den Notausgangspl\u00e4tzen lie\u00df es sich auch dieses Mal gut aushalten. \u00a0 \u00a0 Zum Schluss, wie immer der Zahlensalat. F\u00fcr die Direkt-Fl\u00fcge haben wir rund 100 Euro pro Person gezahlt, zuz\u00fcglich 50 Euro pro Person f\u00fcr die Notausgangspl\u00e4tze. Alles direkt gebucht bei Easyjet, etwa 2 Monate vor Reisebeginn. Quartiertechnisch wollten wir nicht unbedingt in einem gesichtslosen Betonbunker untergebracht sein. Haben uns deswegen bewusst f\u00fcr das Vila Valverde Design and Country Hotel entschieden. Eine Woche Gardenview Suite mit Fr\u00fchst\u00fcck hat als Angebot bei hotels.com 1250 Euro gekostet. Den Mietwagen gab es dieses Mal beim regionalen Anbieter AirAuto \u00fcber cardelmar. Inklusive aller notwendigen Versicherungen und abz\u00fcglich aller Discounts waren f\u00fcr eine Woche Kleinwagen 90 Euro zu \u00fcberweisen. Und last but not least waren f\u00fcr 7 Tage Mc Parking 35 Euro f\u00e4llig. Wie bereits gesagt, hat uns die S\u00fcdwestk\u00fcste Portugals super gefallen. Oftmals hat uns Kulisse und Meer an die Balearen denken lassen, manchmal in den Wellen sogar an Hawaii. K\u00f6nnte gut sein, dass wir wiederkommen. In diesem Sinne bis zum n\u00e4chsten Mal und Macht\u2019s gut Leute. \u00a0 Ute &amp; Andie &lt; zur\u00fcck\u00a0 \u00a0 \u00a0 \u00a0 \u00a0 \u00a0 \u00a0 \u00a0 \u00a0 \u00a0 \u00a0 \u00a0 \u00a0 \u00a0 \u00a0 \u00a0 \u00a0 \u00a0 \u00a0 \u00a0 \u00a0 \u00a0 \u00a0 \u00a0 \u00a0 \u00a0 \u00a0 \u00a0 \u00a0 \u00a0 \u00a0 \u00a0 \u00a0 \u00a0 \u00a0 \u00a0 \u00a0 \u00a0 \u00a0 \u00a0 \u00a0 \u00a0 \u00a0 \u00a0 \u00a0 \u00a0 \u00a0 \u00a0 \u00a0 \u00a0 \u00a0 \u00a0 \u00a0 \u00a0 \u00a0 \u00a0 \u00a0 \u00a0 \u00a0 \u00a0 \u00a0 \u00a0 \u00a0 \u00a0 \u00a0 \u00a0 \u00a0 \u00a0 \u00a0 \u00a0 \u00a0 \u00a0 \u00a0 \u00a0 \u00a0 \u00a0 \u00a0 \u00a0 \u00a0 \u00a0 \u00a0 \u00a0 \u00a0 \u00a0 \u00a0 \u00a0 \u00a0 \u00a0 \u00a0 \u00a0 \u00a0 \u00a0 Reiseberichte &gt;<\/p>\n","protected":false},"author":1,"featured_media":12067,"parent":0,"menu_order":0,"comment_status":"closed","ping_status":"closed","template":"","meta":{"footnotes":""},"class_list":["post-12311","page","type-page","status-publish","has-post-thumbnail","hentry"],"_links":{"self":[{"href":"https:\/\/welcome-ontour.de\/wordpress\/index.php\/wp-json\/wp\/v2\/pages\/12311","targetHints":{"allow":["GET"]}}],"collection":[{"href":"https:\/\/welcome-ontour.de\/wordpress\/index.php\/wp-json\/wp\/v2\/pages"}],"about":[{"href":"https:\/\/welcome-ontour.de\/wordpress\/index.php\/wp-json\/wp\/v2\/types\/page"}],"author":[{"embeddable":true,"href":"https:\/\/welcome-ontour.de\/wordpress\/index.php\/wp-json\/wp\/v2\/users\/1"}],"replies":[{"embeddable":true,"href":"https:\/\/welcome-ontour.de\/wordpress\/index.php\/wp-json\/wp\/v2\/comments?post=12311"}],"version-history":[{"count":3,"href":"https:\/\/welcome-ontour.de\/wordpress\/index.php\/wp-json\/wp\/v2\/pages\/12311\/revisions"}],"predecessor-version":[{"id":17001,"href":"https:\/\/welcome-ontour.de\/wordpress\/index.php\/wp-json\/wp\/v2\/pages\/12311\/revisions\/17001"}],"wp:featuredmedia":[{"embeddable":true,"href":"https:\/\/welcome-ontour.de\/wordpress\/index.php\/wp-json\/wp\/v2\/media\/12067"}],"wp:attachment":[{"href":"https:\/\/welcome-ontour.de\/wordpress\/index.php\/wp-json\/wp\/v2\/media?parent=12311"}],"curies":[{"name":"wp","href":"https:\/\/api.w.org\/{rel}","templated":true}]}}