{"id":12069,"date":"2020-07-25T08:39:50","date_gmt":"2020-07-25T08:39:50","guid":{"rendered":"https:\/\/welcome-ontour.de\/wordpress\/index.php\/2019-08-17-prolog\/"},"modified":"2022-06-30T23:07:04","modified_gmt":"2022-06-30T23:07:04","slug":"2019-08-17-prolog","status":"publish","type":"page","link":"https:\/\/welcome-ontour.de\/wordpress\/index.php\/2019-08-17-prolog\/","title":{"rendered":"2019 08 17 prolog"},"content":{"rendered":"<p style=\"text-align: center;\"><span style=\"font-size: 8pt; font-family: arial, helvetica, sans-serif;\"><a href=\"https:\/\/welcome-ontour.de\/wordpress\/index.php\/2019-08-17-prolog\/\">Prolog<\/a>\u00a0 \u00a0 \u00a0 \u00a0<a href=\"https:\/\/welcome-ontour.de\/wordpress\/index.php\/2019-08-18\">Anreise<\/a>\u00a0 \u00a0 \u00a0 \u00a0<a href=\"https:\/\/welcome-ontour.de\/wordpress\/index.php\/2019-08-19\">Dona Ana<\/a>\u00a0 \u00a0 \u00a0 \u00a0<a title=\"Cruise\" href=\"https:\/\/welcome-ontour.de\/wordpress\/index.php\/2019-08-20\">Cruise<\/a>\u00a0 \u00a0 \u00a0 \u00a0<a href=\"https:\/\/welcome-ontour.de\/wordpress\/index.php\/2019-08-21\">Sagres<\/a>\u00a0 \u00a0 \u00a0\u00a0<a href=\"https:\/\/welcome-ontour.de\/wordpress\/index.php\/2019-08-22\">Last Bratwurst<\/a>\u00a0 \u00a0 \u00a0\u00a0<a href=\"https:\/\/welcome-ontour.de\/wordpress\/index.php\/2019-08-23\">Zavial\/Bordeira<\/a>\u00a0 \u00a0 \u00a0\u00a0<a href=\"https:\/\/welcome-ontour.de\/wordpress\/index.php\/2019-08-24\">Furnas\/Piedade<\/a>\u00a0 \u00a0 \u00a0 \u00a0<a href=\"https:\/\/welcome-ontour.de\/wordpress\/index.php\/2019-08-25\">R\u00fcckreise<\/a>\u00a0 \u00a0 \u00a0 \u00a0<a href=\"https:\/\/welcome-ontour.de\/wordpress\/index.php\/2019-08-26\">Fazit<\/a><\/span><\/p>\n<p style=\"text-align: center;\"><span style=\"font-family: arial, helvetica, sans-serif; font-size: 10pt;\"><a href=\"https:\/\/welcome-ontour.de\/wordpress\/index.php\/reiseberichte\/\">&lt; Reiseberichte<\/a>\u00a0 \u00a0 \u00a0 \u00a0 \u00a0 \u00a0 \u00a0 \u00a0 \u00a0 \u00a0 \u00a0 \u00a0 \u00a0 \u00a0 \u00a0 \u00a0 \u00a0 \u00a0 \u00a0 \u00a0 \u00a0 \u00a0 \u00a0 \u00a0 \u00a0 \u00a0 \u00a0 \u00a0 \u00a0 \u00a0 \u00a0 \u00a0 \u00a0 \u00a0 \u00a0 \u00a0 \u00a0 \u00a0 \u00a0 \u00a0 \u00a0 \u00a0 \u00a0 \u00a0 \u00a0 \u00a0 \u00a0 \u00a0 \u00a0 \u00a0 \u00a0 \u00a0 \u00a0 \u00a0 \u00a0 \u00a0 \u00a0 \u00a0 \u00a0 \u00a0 \u00a0 \u00a0 \u00a0 \u00a0 \u00a0 \u00a0 \u00a0 \u00a0 \u00a0 \u00a0 \u00a0 \u00a0 \u00a0 \u00a0 \u00a0 \u00a0 \u00a0 \u00a0 \u00a0 \u00a0 \u00a0 \u00a0 \u00a0 \u00a0 \u00a0 \u00a0 \u00a0 \u00a0 \u00a0 \u00a0 \u00a0 \u00a0<a href=\"https:\/\/welcome-ontour.de\/wordpress\/index.php\/2019-08-18\">weiter &gt;<\/a><\/span><\/p>\n<p style=\"text-align: center;\"><span style=\"font-size: 24pt;\"><strong><span style=\"font-family: arial, helvetica, sans-serif;\">Catch The Wind<\/span><\/strong><\/span><\/p>\n<p style=\"text-align: center;\"><span style=\"font-size: 18pt;\"><strong><span style=\"font-family: arial, helvetica, sans-serif;\">Algarve\u00a02019<\/span><\/strong><\/span><\/p>\n<p style=\"text-align: center;\"><img decoding=\"async\" class=\" size-full wp-image-1590\" title=\"Algarve 2019\" src=\"https:\/\/welcome-ontour.de\/wordpress\/wp-content\/uploads\/2012\/11\/phoca_thumb_l_2019-08-17-zz1.jpg\" width=\"600\" height=\"302\" srcset=\"https:\/\/welcome-ontour.de\/wordpress\/wp-content\/uploads\/2012\/11\/phoca_thumb_l_2019-08-17-zz1.jpg 810w, https:\/\/welcome-ontour.de\/wordpress\/wp-content\/uploads\/2012\/11\/phoca_thumb_l_2019-08-17-zz1-300x151.jpg 300w, https:\/\/welcome-ontour.de\/wordpress\/wp-content\/uploads\/2012\/11\/phoca_thumb_l_2019-08-17-zz1-768x387.jpg 768w\" sizes=\"(max-width: 600px) 100vw, 600px\" \/><\/p>\n<p style=\"text-align: center;\"><span style=\"font-size: 14pt; font-family: arial, helvetica, sans-serif;\"><strong>Prolog<\/strong><\/span><\/p>\n<p style=\"text-align: center;\"><span style=\"font-size: 12pt; font-family: arial, helvetica, sans-serif;\">\u00a0<\/span><\/p>\n<p style=\"text-align: center;\"><span style=\"font-size: 12pt; font-family: arial, helvetica, sans-serif;\">F\u00fcr unsere Verh\u00e4ltnisse recht kurzfristig (8 Wochen vorher) hat es sich ergeben, <\/span><\/p>\n<p style=\"text-align: center;\"><span style=\"font-size: 12pt; font-family: arial, helvetica, sans-serif;\">dass wir Ende August eine Woche Urlaub nehmen k\u00f6nnen.<\/span><\/p>\n<p style=\"text-align: center;\"><span style=\"font-size: 12pt; font-family: arial, helvetica, sans-serif;\">An die Algarve, im S\u00fcden Portugals wollten wir schon immer mal.<\/span><\/p>\n<p style=\"text-align: center;\"><span style=\"font-size: 12pt; font-family: arial, helvetica, sans-serif;\">Easyjet fliegt g\u00fcnstig und direkt von Berlin nach Faro.<\/span><\/p>\n<p style=\"text-align: center;\"><span style=\"font-size: 12pt; font-family: arial, helvetica, sans-serif;\">F\u00fcr den knapp vierst\u00fcndigen Flug g\u00f6nnen wir uns wieder Sitze mit mehr Beinfreiheit am Notausgang.<\/span><\/p>\n<p style=\"text-align: center;\"><span style=\"font-size: 12pt; font-family: arial, helvetica, sans-serif;\">Vier Wochen vor Abflug checken wir online ein und drucken die Bordkarten f\u00fcr Hin- und R\u00fcckfl\u00fcge.<\/span><\/p>\n<p style=\"text-align: center;\"><span style=\"font-size: 12pt; font-family: arial, helvetica, sans-serif;\">Geeignete Unterkunft und Mietwagen f\u00fcr die gesamte Reisezeit sind ebenfalls schnell gebucht.<\/span><\/p>\n<p style=\"text-align: center;\"><span style=\"font-size: 12pt; font-family: arial, helvetica, sans-serif;\"><img decoding=\"async\" class=\" size-full wp-image-12067\" title=\"Unser Quartier wird in der N\u00e4he von Lagos sein.\" src=\"https:\/\/welcome-ontour.de\/wordpress\/wp-content\/uploads\/2020\/07\/phoca_thumb_l_2019-08-17-02.jpg\" width=\"600\" height=\"345\" srcset=\"https:\/\/welcome-ontour.de\/wordpress\/wp-content\/uploads\/2020\/07\/phoca_thumb_l_2019-08-17-02.jpg 1484w, https:\/\/welcome-ontour.de\/wordpress\/wp-content\/uploads\/2020\/07\/phoca_thumb_l_2019-08-17-02-300x172.jpg 300w, https:\/\/welcome-ontour.de\/wordpress\/wp-content\/uploads\/2020\/07\/phoca_thumb_l_2019-08-17-02-1024x589.jpg 1024w, https:\/\/welcome-ontour.de\/wordpress\/wp-content\/uploads\/2020\/07\/phoca_thumb_l_2019-08-17-02-768x441.jpg 768w\" sizes=\"(max-width: 600px) 100vw, 600px\" \/><\/span><\/p>\n<p style=\"text-align: center;\"><span style=\"font-size: 12pt; font-family: arial, helvetica, sans-serif;\">Am Vorabend werden die Handgep\u00e4cktrolleys gepackt, <\/span><\/p>\n<p style=\"text-align: center;\"><span style=\"font-size: 12pt; font-family: arial, helvetica, sans-serif;\">Wecker gestellt und sich zeitig ins Bett verabschiedet.<\/span><\/p>\n<p style=\"text-align: center;\"><span style=\"font-size: 12pt;\">\u00a0<\/span><\/p>\n<p style=\"text-align: center;\"><img decoding=\"async\" class=\" size-full wp-image-12068\" src=\"https:\/\/welcome-ontour.de\/wordpress\/wp-content\/uploads\/2020\/07\/phoca_thumb_l_2019-08-17-01.jpg\" width=\"150\" height=\"90\" srcset=\"https:\/\/welcome-ontour.de\/wordpress\/wp-content\/uploads\/2020\/07\/phoca_thumb_l_2019-08-17-01.jpg 600w, https:\/\/welcome-ontour.de\/wordpress\/wp-content\/uploads\/2020\/07\/phoca_thumb_l_2019-08-17-01-300x180.jpg 300w\" sizes=\"(max-width: 150px) 100vw, 150px\" \/><\/p>\n<p style=\"text-align: center;\"><span style=\"font-family: arial, helvetica, sans-serif; font-size: 10pt;\"><a href=\"https:\/\/welcome-ontour.de\/wordpress\/index.php\/reiseberichte\/\">&lt; Reiseberichte<\/a>\u00a0 \u00a0 \u00a0 \u00a0 \u00a0 \u00a0 \u00a0 \u00a0 \u00a0 \u00a0 \u00a0 \u00a0 \u00a0 \u00a0 \u00a0 \u00a0 \u00a0 \u00a0 \u00a0 \u00a0 \u00a0 \u00a0 \u00a0 \u00a0 \u00a0 \u00a0 \u00a0 \u00a0 \u00a0 \u00a0 \u00a0 \u00a0 \u00a0 \u00a0 \u00a0 \u00a0 \u00a0 \u00a0 \u00a0 \u00a0 \u00a0 \u00a0 \u00a0 \u00a0 \u00a0 \u00a0 \u00a0 \u00a0 \u00a0 \u00a0 \u00a0 \u00a0 \u00a0 \u00a0 \u00a0 \u00a0 \u00a0 \u00a0 \u00a0 \u00a0 \u00a0 \u00a0 \u00a0 \u00a0 \u00a0 \u00a0 \u00a0 \u00a0 \u00a0 \u00a0 \u00a0 \u00a0 \u00a0 \u00a0 \u00a0 \u00a0 \u00a0 \u00a0 \u00a0 \u00a0 \u00a0 \u00a0 \u00a0 \u00a0 \u00a0 \u00a0 \u00a0 \u00a0 \u00a0 \u00a0 \u00a0 \u00a0<a href=\"https:\/\/welcome-ontour.de\/wordpress\/index.php\/2019-08-18\">weiter &gt;<\/a>\u00a0<\/span><\/p>\n","protected":false},"excerpt":{"rendered":"<p>Prolog\u00a0 \u00a0 \u00a0 \u00a0Anreise\u00a0 \u00a0 \u00a0 \u00a0Dona Ana\u00a0 \u00a0 \u00a0 \u00a0Cruise\u00a0 \u00a0 \u00a0 \u00a0Sagres\u00a0 \u00a0 \u00a0\u00a0Last Bratwurst\u00a0 \u00a0 \u00a0\u00a0Zavial\/Bordeira\u00a0 \u00a0 \u00a0\u00a0Furnas\/Piedade\u00a0 \u00a0 \u00a0 \u00a0R\u00fcckreise\u00a0 \u00a0 \u00a0 \u00a0Fazit &lt; Reiseberichte\u00a0 \u00a0 \u00a0 \u00a0 \u00a0 \u00a0 \u00a0 \u00a0 \u00a0 \u00a0 \u00a0 \u00a0 \u00a0 \u00a0 \u00a0 \u00a0 \u00a0 \u00a0 \u00a0 \u00a0 \u00a0 \u00a0 \u00a0 \u00a0 \u00a0 \u00a0 \u00a0 \u00a0 \u00a0 \u00a0 \u00a0 \u00a0 \u00a0 \u00a0 \u00a0 \u00a0 \u00a0 \u00a0 \u00a0 \u00a0 \u00a0 \u00a0 \u00a0 \u00a0 \u00a0 \u00a0 \u00a0 \u00a0 \u00a0 \u00a0 \u00a0 \u00a0 \u00a0 \u00a0 \u00a0 \u00a0 \u00a0 \u00a0 \u00a0 \u00a0 \u00a0 \u00a0 \u00a0 \u00a0 \u00a0 \u00a0 \u00a0 \u00a0 \u00a0 \u00a0 \u00a0 \u00a0 \u00a0 \u00a0 \u00a0 \u00a0 \u00a0 \u00a0 \u00a0 \u00a0 \u00a0 \u00a0 \u00a0 \u00a0 \u00a0 \u00a0 \u00a0 \u00a0 \u00a0 \u00a0 \u00a0 \u00a0weiter &gt; Catch The Wind Algarve\u00a02019 Prolog \u00a0 F\u00fcr unsere Verh\u00e4ltnisse recht kurzfristig (8 Wochen vorher) hat es sich ergeben, dass wir Ende August eine Woche Urlaub nehmen k\u00f6nnen. An die Algarve, im S\u00fcden Portugals wollten wir schon immer mal. Easyjet fliegt g\u00fcnstig und direkt von Berlin nach Faro. F\u00fcr den knapp vierst\u00fcndigen Flug g\u00f6nnen wir uns wieder Sitze mit mehr Beinfreiheit am Notausgang. Vier Wochen vor Abflug checken wir online ein und drucken die Bordkarten f\u00fcr Hin- und R\u00fcckfl\u00fcge. Geeignete Unterkunft und Mietwagen f\u00fcr die gesamte Reisezeit sind ebenfalls schnell gebucht. Am Vorabend werden die Handgep\u00e4cktrolleys gepackt, Wecker gestellt und sich zeitig ins Bett verabschiedet. \u00a0 &lt; Reiseberichte\u00a0 \u00a0 \u00a0 \u00a0 \u00a0 \u00a0 \u00a0 \u00a0 \u00a0 \u00a0 \u00a0 \u00a0 \u00a0 \u00a0 \u00a0 \u00a0 \u00a0 \u00a0 \u00a0 \u00a0 \u00a0 \u00a0 \u00a0 \u00a0 \u00a0 \u00a0 \u00a0 \u00a0 \u00a0 \u00a0 \u00a0 \u00a0 \u00a0 \u00a0 \u00a0 \u00a0 \u00a0 \u00a0 \u00a0 \u00a0 \u00a0 \u00a0 \u00a0 \u00a0 \u00a0 \u00a0 \u00a0 \u00a0 \u00a0 \u00a0 \u00a0 \u00a0 \u00a0 \u00a0 \u00a0 \u00a0 \u00a0 \u00a0 \u00a0 \u00a0 \u00a0 \u00a0 \u00a0 \u00a0 \u00a0 \u00a0 \u00a0 \u00a0 \u00a0 \u00a0 \u00a0 \u00a0 \u00a0 \u00a0 \u00a0 \u00a0 \u00a0 \u00a0 \u00a0 \u00a0 \u00a0 \u00a0 \u00a0 \u00a0 \u00a0 \u00a0 \u00a0 \u00a0 \u00a0 \u00a0 \u00a0 \u00a0weiter &gt;\u00a0<\/p>\n","protected":false},"author":1,"featured_media":1590,"parent":0,"menu_order":9,"comment_status":"closed","ping_status":"closed","template":"","meta":{"footnotes":""},"class_list":["post-12069","page","type-page","status-publish","has-post-thumbnail","hentry"],"_links":{"self":[{"href":"https:\/\/welcome-ontour.de\/wordpress\/index.php\/wp-json\/wp\/v2\/pages\/12069","targetHints":{"allow":["GET"]}}],"collection":[{"href":"https:\/\/welcome-ontour.de\/wordpress\/index.php\/wp-json\/wp\/v2\/pages"}],"about":[{"href":"https:\/\/welcome-ontour.de\/wordpress\/index.php\/wp-json\/wp\/v2\/types\/page"}],"author":[{"embeddable":true,"href":"https:\/\/welcome-ontour.de\/wordpress\/index.php\/wp-json\/wp\/v2\/users\/1"}],"replies":[{"embeddable":true,"href":"https:\/\/welcome-ontour.de\/wordpress\/index.php\/wp-json\/wp\/v2\/comments?post=12069"}],"version-history":[{"count":5,"href":"https:\/\/welcome-ontour.de\/wordpress\/index.php\/wp-json\/wp\/v2\/pages\/12069\/revisions"}],"predecessor-version":[{"id":16984,"href":"https:\/\/welcome-ontour.de\/wordpress\/index.php\/wp-json\/wp\/v2\/pages\/12069\/revisions\/16984"}],"wp:featuredmedia":[{"embeddable":true,"href":"https:\/\/welcome-ontour.de\/wordpress\/index.php\/wp-json\/wp\/v2\/media\/1590"}],"wp:attachment":[{"href":"https:\/\/welcome-ontour.de\/wordpress\/index.php\/wp-json\/wp\/v2\/media?parent=12069"}],"curies":[{"name":"wp","href":"https:\/\/api.w.org\/{rel}","templated":true}]}}