{"id":12066,"date":"2020-07-14T09:51:55","date_gmt":"2020-07-14T09:51:55","guid":{"rendered":"https:\/\/welcome-ontour.de\/wordpress\/index.php\/2019-07-05\/"},"modified":"2022-06-30T23:06:16","modified_gmt":"2022-06-30T23:06:16","slug":"2019-07-05","status":"publish","type":"page","link":"https:\/\/welcome-ontour.de\/wordpress\/index.php\/2019-07-05\/","title":{"rendered":"2019 07 05 fazit"},"content":{"rendered":"<p style=\"text-align: center;\"><span style=\"font-size: 8pt; font-family: arial, helvetica, sans-serif;\"><a href=\"https:\/\/welcome-ontour.de\/wordpress\/index.php\/2019-06-22-prolog\/\">Prolog<\/a>\u00a0 \u00a0 \u00a0 \u00a0<a href=\"https:\/\/welcome-ontour.de\/wordpress\/index.php\/2019-06-23\">Anreise<\/a>\u00a0 \u00a0 \u00a0 \u00a0<a href=\"https:\/\/welcome-ontour.de\/wordpress\/index.php\/2019-06-24\">La Maddalena<\/a>\u00a0\u00a0 \u00a0 \u00a0\u00a0<a href=\"https:\/\/welcome-ontour.de\/wordpress\/index.php\/2019-06-27\">Parco Degli Olivi<\/a>\u00a0 \u00a0 \u00a0 \u00a0<a href=\"https:\/\/welcome-ontour.de\/wordpress\/index.php\/2019-06-28\">Cannigione<\/a>\u00a0 \u00a0 \u00a0 \u00a0<a href=\"https:\/\/welcome-ontour.de\/wordpress\/index.php\/2019-06-29\">Costa Smeralda<\/a>\u00a0 \u00a0 \u00a0 <a href=\"https:\/\/welcome-ontour.de\/wordpress\/index.php\/2019-06-30\">Porto Cervo<\/a>\u00a0 \u00a0 \u00a0 <a href=\"https:\/\/welcome-ontour.de\/wordpress\/index.php\/2019-07-01\">Capo D&#8217;Orso<\/a>\u00a0 \u00a0 \u00a0 <a href=\"https:\/\/welcome-ontour.de\/wordpress\/index.php\/2019-07-02\">Capriccioli\/Palau<\/a>\u00a0 \u00a0 \u00a0 <a href=\"https:\/\/welcome-ontour.de\/wordpress\/index.php\/2019-07-03\">Baia Sardinia<\/a> \u00a0 \u00a0 \u00a0\u00a0<a href=\"https:\/\/welcome-ontour.de\/wordpress\/index.php\/2019-07-04\">R\u00fcckreise<\/a>\u00a0 \u00a0 \u00a0 \u00a0<a href=\"https:\/\/welcome-ontour.de\/wordpress\/index.php\/2019-07-05\">Fazit<\/a><\/span><\/p>\n<p style=\"text-align: center;\"><span style=\"font-family: arial, helvetica, sans-serif; font-size: 10pt;\"><a href=\"https:\/\/welcome-ontour.de\/wordpress\/index.php\/2019-07-04\">&lt; zur\u00fcck<\/a>\u00a0 \u00a0 \u00a0 \u00a0 \u00a0 \u00a0 \u00a0 \u00a0 \u00a0 \u00a0 \u00a0 \u00a0 \u00a0 \u00a0 \u00a0 \u00a0 \u00a0 \u00a0 \u00a0 \u00a0 \u00a0 \u00a0 \u00a0 \u00a0 \u00a0 \u00a0 \u00a0 \u00a0 \u00a0 \u00a0 \u00a0 \u00a0 \u00a0 \u00a0 \u00a0 \u00a0 \u00a0 \u00a0 \u00a0 \u00a0 \u00a0 \u00a0 \u00a0 \u00a0 \u00a0 \u00a0 \u00a0 \u00a0 \u00a0 \u00a0 \u00a0 \u00a0 \u00a0 \u00a0 \u00a0 \u00a0 \u00a0 \u00a0 \u00a0 \u00a0 \u00a0 \u00a0 \u00a0 \u00a0 \u00a0 \u00a0 \u00a0 \u00a0 \u00a0 \u00a0 \u00a0 \u00a0 \u00a0 \u00a0 \u00a0 \u00a0 \u00a0 \u00a0 \u00a0 \u00a0 \u00a0 \u00a0 \u00a0 \u00a0 \u00a0 \u00a0 \u00a0 \u00a0 \u00a0 \u00a0 \u00a0 \u00a0 <a href=\"https:\/\/welcome-ontour.de\/wordpress\/index.php\/reiseberichte\/\">Reiseberichte &gt;<\/a><\/span><\/p>\n<p style=\"text-align: center;\"><span style=\"font-size: 14pt;\"><strong><span style=\"font-family: arial, helvetica, sans-serif;\">Fazit<\/span><\/strong><\/span><\/p>\n<p style=\"text-align: center;\"><span style=\"font-family: arial, helvetica, sans-serif; font-size: 12pt;\">\u00a0<\/span><\/p>\n<p style=\"text-align: center;\"><span style=\"font-family: arial, helvetica, sans-serif; font-size: 12pt;\"><a href=\"https:\/\/welcome-ontour.de\/wordpress\/wp-content\/uploads\/2020\/07\/phoca_thumb_l_2019-07-05-01.jpg\" target=\"_blank\" rel=\"noopener noreferrer\"><img decoding=\"async\" class=\" size-full wp-image-12061\" title=\"Summertime 2019\" src=\"https:\/\/welcome-ontour.de\/wordpress\/wp-content\/uploads\/2020\/07\/phoca_thumb_l_2019-07-05-01.jpg\" alt=\"\" width=\"810\" height=\"363\" srcset=\"https:\/\/welcome-ontour.de\/wordpress\/wp-content\/uploads\/2020\/07\/phoca_thumb_l_2019-07-05-01.jpg 1606w, https:\/\/welcome-ontour.de\/wordpress\/wp-content\/uploads\/2020\/07\/phoca_thumb_l_2019-07-05-01-300x134.jpg 300w, https:\/\/welcome-ontour.de\/wordpress\/wp-content\/uploads\/2020\/07\/phoca_thumb_l_2019-07-05-01-1024x459.jpg 1024w, https:\/\/welcome-ontour.de\/wordpress\/wp-content\/uploads\/2020\/07\/phoca_thumb_l_2019-07-05-01-768x344.jpg 768w, https:\/\/welcome-ontour.de\/wordpress\/wp-content\/uploads\/2020\/07\/phoca_thumb_l_2019-07-05-01-1536x689.jpg 1536w, https:\/\/welcome-ontour.de\/wordpress\/wp-content\/uploads\/2020\/07\/phoca_thumb_l_2019-07-05-01-1568x703.jpg 1568w\" sizes=\"(max-width: 810px) 100vw, 810px\" \/><\/a><\/span><\/p>\n<p style=\"text-align: center;\"><span style=\"font-family: arial, helvetica, sans-serif; font-size: 12pt;\">\u00a0<\/span><\/p>\n<p style=\"text-align: center;\"><span style=\"font-family: arial, helvetica, sans-serif; font-size: 12pt;\">Seitdem wir vor Jahren Bilder von Sardinien und insbesondere des Maddalena Archipels gesehen haben,<\/span><\/p>\n<p style=\"text-align: center;\"><span style=\"font-family: arial, helvetica, sans-serif; font-size: 12pt;\"> war klar, dass wir da irgendwann mal hin wollten.<\/span><\/p>\n<p style=\"text-align: center;\"><span style=\"font-family: arial, helvetica, sans-serif; font-size: 12pt;\">Und um an den Traumstr\u00e4nden auch einen Badeurlaub verbringen zu k\u00f6nnen, <\/span><\/p>\n<p style=\"text-align: center;\"><span style=\"font-family: arial, helvetica, sans-serif; font-size: 12pt;\">haben wir als Reisezeit Ende Juni bis Anfang Juli gew\u00e4hlt.<\/span><\/p>\n<p style=\"text-align: center;\"><span style=\"font-family: arial, helvetica, sans-serif; font-size: 12pt;\">Um den Nordosten Sardiniens zu besuchen, bietet sich Olbia als Flughafen an.<\/span><\/p>\n<p style=\"text-align: center;\"><span style=\"font-family: arial, helvetica, sans-serif; font-size: 12pt;\">Easyjet hat Direktfl\u00fcge von Berlin im Flugplan, zu Saisonzeiten leider nicht gerade super g\u00fcnstig.<\/span><\/p>\n<p style=\"text-align: center;\"><span style=\"font-family: arial, helvetica, sans-serif; font-size: 12pt;\">Auch beim Thema Mietwagen bedurfte es einiges an Recherche, um auf einen akzeptablen Preis zu kommen.<\/span><\/p>\n<p style=\"text-align: center;\"><span style=\"font-family: arial, helvetica, sans-serif; font-size: 12pt;\">Unterk\u00fcnfte gibt es auf Italiens gr\u00f6\u00dfter Insel zahlreich und in allen Qualit\u00e4ts- und Preisklassen.<\/span><\/p>\n<p style=\"text-align: center;\"><span style=\"font-family: arial, helvetica, sans-serif; font-size: 12pt;\">Wir haben uns dieses Mal etwas Luxus geg\u00f6nnt und daf\u00fcr auch bewusst tiefer in die Tasche gegriffen.<\/span><\/p>\n<p style=\"text-align: center;\"><span style=\"font-family: arial, helvetica, sans-serif; font-size: 12pt;\">Und wurden nicht entt\u00e4uscht.<\/span><\/p>\n<p style=\"text-align: center;\"><span style=\"font-family: arial, helvetica, sans-serif; font-size: 12pt;\">Besonders unsere zweite Unterkunft k\u00f6nnen wir uneingeschr\u00e4nkt weiter empfehlen.<\/span><\/p>\n<p style=\"text-align: center;\"><span style=\"font-family: arial, helvetica, sans-serif; font-size: 12pt;\">Service, Komfort und Qualit\u00e4t waren im Parco Degli Ulivi erstklassig.<\/span><\/p>\n<p style=\"text-align: center;\"><span style=\"font-family: arial, helvetica, sans-serif; font-size: 12pt;\">Im Nachhinein k\u00f6nnen wir sagen, dass wir die bereiste Gegend bezaubernd fanden.<\/span><\/p>\n<p style=\"text-align: center;\"><span style=\"font-family: arial, helvetica, sans-serif; font-size: 12pt;\">Relativ leere Buchten, ein t\u00fcrkis schimmerndes Mittelmeer, kristallklares Wasser <\/span><\/p>\n<p style=\"text-align: center;\"><span style=\"font-family: arial, helvetica, sans-serif; font-size: 12pt;\">und eine gut funktionierende Infrastruktur haben uns einen wunderbaren Urlaub verleben lassen.<\/span><\/p>\n<p style=\"text-align: center;\"><span style=\"font-family: arial, helvetica, sans-serif; font-size: 12pt;\">Nicht unwesentlich dazu beigetragen hat die herrlich entspannte italienische Leichtigkeit.<\/span><\/p>\n<p style=\"text-align: center;\"><span style=\"font-family: arial, helvetica, sans-serif; font-size: 12pt;\">Wir sprechen zwar beide kein Wort italienisch und verstehen auch \u00fcberhaupt nichts, <\/span><\/p>\n<p style=\"text-align: center;\"><span style=\"font-family: arial, helvetica, sans-serif; font-size: 12pt;\">aber allein schon der Klang der Sprache war oftmals wie eine Melodie.<\/span><\/p>\n<p style=\"text-align: center;\"><span style=\"font-family: arial, helvetica, sans-serif; font-size: 12pt;\">\u00a0<\/span><\/p>\n<p style=\"text-align: center;\"><span style=\"font-family: arial, helvetica, sans-serif; font-size: 12pt;\"><img decoding=\"async\" class=\" size-full wp-image-12062\" title=\"Tancamanna\" src=\"https:\/\/welcome-ontour.de\/wordpress\/wp-content\/uploads\/2020\/07\/phoca_thumb_l_2019-07-05-02.jpg\" alt=\"\" width=\"380\" height=\"253\" srcset=\"https:\/\/welcome-ontour.de\/wordpress\/wp-content\/uploads\/2020\/07\/phoca_thumb_l_2019-07-05-02.jpg 450w, https:\/\/welcome-ontour.de\/wordpress\/wp-content\/uploads\/2020\/07\/phoca_thumb_l_2019-07-05-02-300x200.jpg 300w\" sizes=\"(max-width: 380px) 100vw, 380px\" \/><\/span><\/p>\n<p style=\"text-align: center;\"><span style=\"font-family: arial, helvetica, sans-serif; font-size: 12pt;\">\u00a0<\/span><\/p>\n<p style=\"text-align: center;\"><span style=\"font-family: arial, helvetica, sans-serif; font-size: 12pt;\">Und dann nat\u00fcrlich das Wetter.<\/span><\/p>\n<p style=\"text-align: center;\"><span style=\"font-family: arial, helvetica, sans-serif; font-size: 12pt;\">Haben wir auf sommerliche Temperaturen gehofft, <\/span><\/p>\n<p style=\"text-align: center;\"><span style=\"font-family: arial, helvetica, sans-serif; font-size: 12pt;\">waren die permanenten H\u00f6chsttemperaturen von 35-38\u00b0C manchmal zu viel des guten.<\/span><\/p>\n<p style=\"text-align: center;\"><span style=\"font-family: arial, helvetica, sans-serif; font-size: 12pt;\">Im Wasser waren es 24-28\u00b0, je nach Lage. Das war sehr angenehm.<\/span><\/p>\n<p style=\"text-align: center;\"><span style=\"font-family: arial, helvetica, sans-serif; font-size: 12pt;\">Der kleine Ford Fiesta hat f\u00fcr unsere Zwecke v\u00f6llig ausgereicht.<\/span><\/p>\n<p style=\"text-align: center;\"><span style=\"font-family: arial, helvetica, sans-serif; font-size: 12pt;\">Bei den engen Gassen und kleinen Parkpl\u00e4tzen ist ein kleiner Mietwagen hier sogar von Vorteil.<\/span><\/p>\n<p style=\"text-align: center;\"><span style=\"font-family: arial, helvetica, sans-serif; font-size: 12pt;\">Mit easyJet fliegen wir mittlerweile recht h\u00e4ufig, zuverl\u00e4ssig, p\u00fcnktlich und servicefreundlich.<\/span><\/p>\n<p style=\"text-align: center;\"><span style=\"font-family: arial, helvetica, sans-serif; font-size: 12pt;\">Dazu kommt, dass man 30 Tage vor Abflug f\u00fcr Hin- und R\u00fcckflug einchecken und Bordkarten ausdrucken kann.<\/span><\/p>\n<p style=\"text-align: center;\"><span style=\"font-family: arial, helvetica, sans-serif; font-size: 12pt;\">Wir haben uns angew\u00f6hnt, Notausgangspl\u00e4tze zu buchen und daf\u00fcr Zusatzkosten in Kauf zu nehmen.<\/span><\/p>\n<p style=\"text-align: center;\"><span style=\"font-family: arial, helvetica, sans-serif; font-size: 12pt;\">Hat neben dem Mehr an Platz den Vorteil, dass man dank Speedy Boarding <\/span><span style=\"font-family: arial, helvetica, sans-serif; font-size: 12pt;\">als erster <\/span><\/p>\n<p style=\"text-align: center;\"><span style=\"font-family: arial, helvetica, sans-serif; font-size: 12pt;\">die Maschine betreten kann und auf jeden Fall sein Handgep\u00e4ck in die Overhead Locker bekommt.<\/span><\/p>\n<p style=\"text-align: center;\"><span style=\"font-family: arial, helvetica, sans-serif; font-size: 12pt;\">\u00a0<\/span><\/p>\n<p style=\"text-align: center;\"><span style=\"font-family: arial, helvetica, sans-serif; font-size: 12pt;\"><img decoding=\"async\" class=\" size-full wp-image-12063\" title=\"Arzachena\" src=\"https:\/\/welcome-ontour.de\/wordpress\/wp-content\/uploads\/2020\/07\/phoca_thumb_l_2019-07-05-03.jpg\" alt=\"\" width=\"380\" height=\"253\" srcset=\"https:\/\/welcome-ontour.de\/wordpress\/wp-content\/uploads\/2020\/07\/phoca_thumb_l_2019-07-05-03.jpg 450w, https:\/\/welcome-ontour.de\/wordpress\/wp-content\/uploads\/2020\/07\/phoca_thumb_l_2019-07-05-03-300x200.jpg 300w\" sizes=\"(max-width: 380px) 100vw, 380px\" \/><\/span><\/p>\n<p style=\"text-align: center;\"><span style=\"font-family: arial, helvetica, sans-serif; font-size: 12pt;\">\u00a0<\/span><\/p>\n<p style=\"text-align: center;\"><span style=\"font-family: arial, helvetica, sans-serif; font-size: 12pt;\">Zum Schluss wie immer der Zahlensalat<\/span><\/p>\n<p style=\"text-align: center;\"><span style=\"font-family: arial, helvetica, sans-serif; font-size: 12pt;\">Gleich vorneweg, g\u00fcnstig ist solch eine Reise in der Hauptsaison nicht.<\/span><\/p>\n<p style=\"text-align: center;\"><span style=\"font-family: arial, helvetica, sans-serif; font-size: 12pt;\">Die Fl\u00fcge haben wir direkt bei easyJet gebucht.<\/span><\/p>\n<p style=\"text-align: center;\"><span style=\"font-family: arial, helvetica, sans-serif; font-size: 12pt;\">F\u00fcr die Nonstopverbindung von Berlin-Tegel nach Olbia und zur\u00fcck waren 252 Euro pro Person f\u00e4llig, <\/span><\/p>\n<p style=\"text-align: center;\"><span style=\"font-family: arial, helvetica, sans-serif; font-size: 12pt;\">zuz\u00fcglich rund 40 Euro pro Person f\u00fcr Notausgangssitze.<\/span><\/p>\n<p style=\"text-align: center;\"><span style=\"font-family: arial, helvetica, sans-serif; font-size: 12pt;\">Das g\u00fcnstigste Mietwagenangebot gab es \u00fcber Car Del Mar bei Alamo.<\/span><\/p>\n<p style=\"text-align: center;\"><span style=\"font-family: arial, helvetica, sans-serif; font-size: 12pt;\">F\u00fcr den Kleinwagen, der vom \u00f6rtlichen Vermieter Locautos bereitgestellt wurde, haben wir 255 Euro bezahlt.<\/span><\/p>\n<p style=\"text-align: center;\"><span style=\"font-family: arial, helvetica, sans-serif; font-size: 12pt;\">Vier N\u00e4chte im Hotel Excelsior auf La Maddalena haben 455 Euro gekostet, <\/span><\/p>\n<p style=\"text-align: center;\"><span style=\"font-family: arial, helvetica, sans-serif; font-size: 12pt;\">eine Woche im Parco Degli Ulivi 1040 Euro.<\/span><\/p>\n<p style=\"text-align: center;\"><span style=\"font-family: arial, helvetica, sans-serif; font-size: 12pt;\">Beide Aufenthalte jeweils mit Fr\u00fchst\u00fcck und gebucht bei hotels.com.<\/span><\/p>\n<p style=\"text-align: center;\"><span style=\"font-family: arial, helvetica, sans-serif; font-size: 12pt;\">\u00a0<\/span><\/p>\n<p style=\"text-align: center;\"><span style=\"font-family: arial, helvetica, sans-serif; font-size: 12pt;\"><img decoding=\"async\" class=\" size-full wp-image-12064\" title=\"Monti Arena\" src=\"https:\/\/welcome-ontour.de\/wordpress\/wp-content\/uploads\/2020\/07\/phoca_thumb_l_2019-07-05-04.jpg\" width=\"380\" height=\"253\" srcset=\"https:\/\/welcome-ontour.de\/wordpress\/wp-content\/uploads\/2020\/07\/phoca_thumb_l_2019-07-05-04.jpg 450w, https:\/\/welcome-ontour.de\/wordpress\/wp-content\/uploads\/2020\/07\/phoca_thumb_l_2019-07-05-04-300x200.jpg 300w\" sizes=\"(max-width: 380px) 100vw, 380px\" \/><\/span><\/p>\n<p style=\"text-align: center;\"><span style=\"font-family: arial, helvetica, sans-serif; font-size: 12pt;\">\u00a0<\/span><\/p>\n<p style=\"text-align: center;\"><span style=\"font-family: arial, helvetica, sans-serif; font-size: 12pt;\">Zusammenfassend bleibt festzuhalten.<\/span><\/p>\n<p style=\"text-align: center;\"><span style=\"font-family: arial, helvetica, sans-serif; font-size: 12pt;\">Wollt ihr gern mal in die Karibik, ist Euch aber die Flugzeit zu lang?<\/span><\/p>\n<p style=\"text-align: center;\"><span style=\"font-family: arial, helvetica, sans-serif; font-size: 12pt;\">Dann denkt mal \u00fcber Sardinien nach!<\/span><\/p>\n<p style=\"text-align: center;\"><span style=\"font-family: arial, helvetica, sans-serif; font-size: 12pt;\">Zumindest der Maddalena Archipel und die Costa Smeralda bieten \u00e4hnliches Feeling, <\/span><\/p>\n<p style=\"text-align: center;\"><span style=\"font-family: arial, helvetica, sans-serif; font-size: 12pt;\">liegen aber nur zwei Flugstunden entfernt.<\/span><\/p>\n<p style=\"text-align: center;\"><span style=\"font-family: arial, helvetica, sans-serif; font-size: 12pt;\">\u00a0<\/span><\/p>\n<p style=\"text-align: center;\"><span style=\"font-family: arial, helvetica, sans-serif; font-size: 12pt;\"><img decoding=\"async\" class=\" size-full wp-image-12065\" title=\"Maddalena Sunset\" src=\"https:\/\/welcome-ontour.de\/wordpress\/wp-content\/uploads\/2020\/07\/phoca_thumb_l_2019-07-05-05.jpg\" alt=\"\" width=\"810\" height=\"522\" srcset=\"https:\/\/welcome-ontour.de\/wordpress\/wp-content\/uploads\/2020\/07\/phoca_thumb_l_2019-07-05-05.jpg 810w, https:\/\/welcome-ontour.de\/wordpress\/wp-content\/uploads\/2020\/07\/phoca_thumb_l_2019-07-05-05-300x193.jpg 300w, https:\/\/welcome-ontour.de\/wordpress\/wp-content\/uploads\/2020\/07\/phoca_thumb_l_2019-07-05-05-768x495.jpg 768w\" sizes=\"(max-width: 810px) 100vw, 810px\" \/><\/span><\/p>\n<p style=\"text-align: center;\"><span style=\"font-family: arial, helvetica, sans-serif; font-size: 12pt;\">\u00a0<\/span><\/p>\n<p style=\"text-align: center;\"><span style=\"font-family: arial, helvetica, sans-serif; font-size: 12pt;\">Uns hat es hervorragend gefallen und wir haben nach elf Tagen sehr entspannt wieder die Heimreise angetreten.<\/span><\/p>\n<p style=\"text-align: center;\"><span style=\"font-family: arial, helvetica, sans-serif; font-size: 12pt;\">W\u00fcrden gern irgendwann nochmal hier her kommen.<\/span><\/p>\n<p style=\"text-align: center;\"><span style=\"font-family: arial, helvetica, sans-serif; font-size: 12pt;\">Ob und wann es was werden k\u00f6nnte? Keine Ahnung.<\/span><\/p>\n<p style=\"text-align: center;\"><span style=\"font-family: arial, helvetica, sans-serif; font-size: 12pt;\">In diesem Sinne bis zum n\u00e4chsten Mal und<\/span><\/p>\n<p style=\"text-align: center;\"><span style=\"font-family: arial, helvetica, sans-serif; font-size: 12pt;\">Macht\u2019s gut Leute.<\/span><\/p>\n<p style=\"text-align: center;\"><img decoding=\"async\" class=\" size-full wp-image-11737\" src=\"https:\/\/welcome-ontour.de\/wordpress\/wp-content\/uploads\/2020\/07\/phoca_thumb_l_2019-06-22-02.jpg\" alt=\"\" width=\"249\" height=\"298\" \/><\/p>\n<p style=\"text-align: center;\"><span style=\"font-family: arial, helvetica, sans-serif; font-size: 10pt;\"><a href=\"https:\/\/welcome-ontour.de\/wordpress\/index.php\/2019-07-04\">&lt; zur\u00fcck<\/a>\u00a0 \u00a0 \u00a0 \u00a0 \u00a0 \u00a0 \u00a0 \u00a0 \u00a0 \u00a0 \u00a0 \u00a0 \u00a0 \u00a0 \u00a0 \u00a0 \u00a0 \u00a0 \u00a0 \u00a0 \u00a0 \u00a0 \u00a0 \u00a0 \u00a0 \u00a0 \u00a0 \u00a0 \u00a0 \u00a0 \u00a0 \u00a0 \u00a0 \u00a0 \u00a0 \u00a0 \u00a0 \u00a0 \u00a0 \u00a0 \u00a0 \u00a0 \u00a0 \u00a0 \u00a0 \u00a0 \u00a0 \u00a0 \u00a0 \u00a0 \u00a0 \u00a0 \u00a0 \u00a0 \u00a0 \u00a0 \u00a0 \u00a0 \u00a0 \u00a0 \u00a0 \u00a0 \u00a0 \u00a0 \u00a0 \u00a0 \u00a0 \u00a0 \u00a0 \u00a0 \u00a0 \u00a0 \u00a0 \u00a0 \u00a0 \u00a0 \u00a0 \u00a0 \u00a0 \u00a0 \u00a0 \u00a0 \u00a0 \u00a0 \u00a0 \u00a0 \u00a0 \u00a0 \u00a0 \u00a0 \u00a0 \u00a0 <a href=\"https:\/\/welcome-ontour.de\/wordpress\/index.php\/reiseberichte\/\">Reiseberichte &gt;<\/a><\/span><\/p>\n","protected":false},"excerpt":{"rendered":"<p>Prolog\u00a0 \u00a0 \u00a0 \u00a0Anreise\u00a0 \u00a0 \u00a0 \u00a0La Maddalena\u00a0\u00a0 \u00a0 \u00a0\u00a0Parco Degli Olivi\u00a0 \u00a0 \u00a0 \u00a0Cannigione\u00a0 \u00a0 \u00a0 \u00a0Costa Smeralda\u00a0 \u00a0 \u00a0 Porto Cervo\u00a0 \u00a0 \u00a0 Capo D&#8217;Orso\u00a0 \u00a0 \u00a0 Capriccioli\/Palau\u00a0 \u00a0 \u00a0 Baia Sardinia \u00a0 \u00a0 \u00a0\u00a0R\u00fcckreise\u00a0 \u00a0 \u00a0 \u00a0Fazit &lt; zur\u00fcck\u00a0 \u00a0 \u00a0 \u00a0 \u00a0 \u00a0 \u00a0 \u00a0 \u00a0 \u00a0 \u00a0 \u00a0 \u00a0 \u00a0 \u00a0 \u00a0 \u00a0 \u00a0 \u00a0 \u00a0 \u00a0 \u00a0 \u00a0 \u00a0 \u00a0 \u00a0 \u00a0 \u00a0 \u00a0 \u00a0 \u00a0 \u00a0 \u00a0 \u00a0 \u00a0 \u00a0 \u00a0 \u00a0 \u00a0 \u00a0 \u00a0 \u00a0 \u00a0 \u00a0 \u00a0 \u00a0 \u00a0 \u00a0 \u00a0 \u00a0 \u00a0 \u00a0 \u00a0 \u00a0 \u00a0 \u00a0 \u00a0 \u00a0 \u00a0 \u00a0 \u00a0 \u00a0 \u00a0 \u00a0 \u00a0 \u00a0 \u00a0 \u00a0 \u00a0 \u00a0 \u00a0 \u00a0 \u00a0 \u00a0 \u00a0 \u00a0 \u00a0 \u00a0 \u00a0 \u00a0 \u00a0 \u00a0 \u00a0 \u00a0 \u00a0 \u00a0 \u00a0 \u00a0 \u00a0 \u00a0 \u00a0 \u00a0 Reiseberichte &gt; Fazit \u00a0 \u00a0 Seitdem wir vor Jahren Bilder von Sardinien und insbesondere des Maddalena Archipels gesehen haben, war klar, dass wir da irgendwann mal hin wollten. Und um an den Traumstr\u00e4nden auch einen Badeurlaub verbringen zu k\u00f6nnen, haben wir als Reisezeit Ende Juni bis Anfang Juli gew\u00e4hlt. Um den Nordosten Sardiniens zu besuchen, bietet sich Olbia als Flughafen an. Easyjet hat Direktfl\u00fcge von Berlin im Flugplan, zu Saisonzeiten leider nicht gerade super g\u00fcnstig. Auch beim Thema Mietwagen bedurfte es einiges an Recherche, um auf einen akzeptablen Preis zu kommen. Unterk\u00fcnfte gibt es auf Italiens gr\u00f6\u00dfter Insel zahlreich und in allen Qualit\u00e4ts- und Preisklassen. Wir haben uns dieses Mal etwas Luxus geg\u00f6nnt und daf\u00fcr auch bewusst tiefer in die Tasche gegriffen. Und wurden nicht entt\u00e4uscht. Besonders unsere zweite Unterkunft k\u00f6nnen wir uneingeschr\u00e4nkt weiter empfehlen. Service, Komfort und Qualit\u00e4t waren im Parco Degli Ulivi erstklassig. Im Nachhinein k\u00f6nnen wir sagen, dass wir die bereiste Gegend bezaubernd fanden. Relativ leere Buchten, ein t\u00fcrkis schimmerndes Mittelmeer, kristallklares Wasser und eine gut funktionierende Infrastruktur haben uns einen wunderbaren Urlaub verleben lassen. Nicht unwesentlich dazu beigetragen hat die herrlich entspannte italienische Leichtigkeit. Wir sprechen zwar beide kein Wort italienisch und verstehen auch \u00fcberhaupt nichts, aber allein schon der Klang der Sprache war oftmals wie eine Melodie. \u00a0 \u00a0 Und dann nat\u00fcrlich das Wetter. Haben wir auf sommerliche Temperaturen gehofft, waren die permanenten H\u00f6chsttemperaturen von 35-38\u00b0C manchmal zu viel des guten. Im Wasser waren es 24-28\u00b0, je nach Lage. Das war sehr angenehm. Der kleine Ford Fiesta hat f\u00fcr unsere Zwecke v\u00f6llig ausgereicht. Bei den engen Gassen und kleinen Parkpl\u00e4tzen ist ein kleiner Mietwagen hier sogar von Vorteil. Mit easyJet fliegen wir mittlerweile recht h\u00e4ufig, zuverl\u00e4ssig, p\u00fcnktlich und servicefreundlich. Dazu kommt, dass man 30 Tage vor Abflug f\u00fcr Hin- und R\u00fcckflug einchecken und Bordkarten ausdrucken kann. Wir haben uns angew\u00f6hnt, Notausgangspl\u00e4tze zu buchen und daf\u00fcr Zusatzkosten in Kauf zu nehmen. Hat neben dem Mehr an Platz den Vorteil, dass man dank Speedy Boarding als erster die Maschine betreten kann und auf jeden Fall sein Handgep\u00e4ck in die Overhead Locker bekommt. \u00a0 \u00a0 Zum Schluss wie immer der Zahlensalat Gleich vorneweg, g\u00fcnstig ist solch eine Reise in der Hauptsaison nicht. Die Fl\u00fcge haben wir direkt bei easyJet gebucht. F\u00fcr die Nonstopverbindung von Berlin-Tegel nach Olbia und zur\u00fcck waren 252 Euro pro Person f\u00e4llig, zuz\u00fcglich rund 40 Euro pro Person f\u00fcr Notausgangssitze. Das g\u00fcnstigste Mietwagenangebot gab es \u00fcber Car Del Mar bei Alamo. F\u00fcr den Kleinwagen, der vom \u00f6rtlichen Vermieter Locautos bereitgestellt wurde, haben wir 255 Euro bezahlt. Vier N\u00e4chte im Hotel Excelsior auf La Maddalena haben 455 Euro gekostet, eine Woche im Parco Degli Ulivi 1040 Euro. Beide Aufenthalte jeweils mit Fr\u00fchst\u00fcck und gebucht bei hotels.com. \u00a0 \u00a0 Zusammenfassend bleibt festzuhalten. Wollt ihr gern mal in die Karibik, ist Euch aber die Flugzeit zu lang? Dann denkt mal \u00fcber Sardinien nach! Zumindest der Maddalena Archipel und die Costa Smeralda bieten \u00e4hnliches Feeling, liegen aber nur zwei Flugstunden entfernt. \u00a0 \u00a0 Uns hat es hervorragend gefallen und wir haben nach elf Tagen sehr entspannt wieder die Heimreise angetreten. W\u00fcrden gern irgendwann nochmal hier her kommen. Ob und wann es was werden k\u00f6nnte? Keine Ahnung. In diesem Sinne bis zum n\u00e4chsten Mal und Macht\u2019s gut Leute. &lt; zur\u00fcck\u00a0 \u00a0 \u00a0 \u00a0 \u00a0 \u00a0 \u00a0 \u00a0 \u00a0 \u00a0 \u00a0 \u00a0 \u00a0 \u00a0 \u00a0 \u00a0 \u00a0 \u00a0 \u00a0 \u00a0 \u00a0 \u00a0 \u00a0 \u00a0 \u00a0 \u00a0 \u00a0 \u00a0 \u00a0 \u00a0 \u00a0 \u00a0 \u00a0 \u00a0 \u00a0 \u00a0 \u00a0 \u00a0 \u00a0 \u00a0 \u00a0 \u00a0 \u00a0 \u00a0 \u00a0 \u00a0 \u00a0 \u00a0 \u00a0 \u00a0 \u00a0 \u00a0 \u00a0 \u00a0 \u00a0 \u00a0 \u00a0 \u00a0 \u00a0 \u00a0 \u00a0 \u00a0 \u00a0 \u00a0 \u00a0 \u00a0 \u00a0 \u00a0 \u00a0 \u00a0 \u00a0 \u00a0 \u00a0 \u00a0 \u00a0 \u00a0 \u00a0 \u00a0 \u00a0 \u00a0 \u00a0 \u00a0 \u00a0 \u00a0 \u00a0 \u00a0 \u00a0 \u00a0 \u00a0 \u00a0 \u00a0 \u00a0 Reiseberichte &gt;<\/p>\n","protected":false},"author":1,"featured_media":12061,"parent":0,"menu_order":0,"comment_status":"closed","ping_status":"closed","template":"","meta":{"footnotes":""},"class_list":["post-12066","page","type-page","status-publish","has-post-thumbnail","hentry"],"_links":{"self":[{"href":"https:\/\/welcome-ontour.de\/wordpress\/index.php\/wp-json\/wp\/v2\/pages\/12066","targetHints":{"allow":["GET"]}}],"collection":[{"href":"https:\/\/welcome-ontour.de\/wordpress\/index.php\/wp-json\/wp\/v2\/pages"}],"about":[{"href":"https:\/\/welcome-ontour.de\/wordpress\/index.php\/wp-json\/wp\/v2\/types\/page"}],"author":[{"embeddable":true,"href":"https:\/\/welcome-ontour.de\/wordpress\/index.php\/wp-json\/wp\/v2\/users\/1"}],"replies":[{"embeddable":true,"href":"https:\/\/welcome-ontour.de\/wordpress\/index.php\/wp-json\/wp\/v2\/comments?post=12066"}],"version-history":[{"count":2,"href":"https:\/\/welcome-ontour.de\/wordpress\/index.php\/wp-json\/wp\/v2\/pages\/12066\/revisions"}],"predecessor-version":[{"id":17023,"href":"https:\/\/welcome-ontour.de\/wordpress\/index.php\/wp-json\/wp\/v2\/pages\/12066\/revisions\/17023"}],"wp:featuredmedia":[{"embeddable":true,"href":"https:\/\/welcome-ontour.de\/wordpress\/index.php\/wp-json\/wp\/v2\/media\/12061"}],"wp:attachment":[{"href":"https:\/\/welcome-ontour.de\/wordpress\/index.php\/wp-json\/wp\/v2\/media?parent=12066"}],"curies":[{"name":"wp","href":"https:\/\/api.w.org\/{rel}","templated":true}]}}