{"id":12060,"date":"2020-07-14T09:51:35","date_gmt":"2020-07-14T09:51:35","guid":{"rendered":"https:\/\/welcome-ontour.de\/wordpress\/index.php\/2019-07-04\/"},"modified":"2022-06-30T23:06:17","modified_gmt":"2022-06-30T23:06:17","slug":"2019-07-04","status":"publish","type":"page","link":"https:\/\/welcome-ontour.de\/wordpress\/index.php\/2019-07-04\/","title":{"rendered":"2019 07 04"},"content":{"rendered":"<p style=\"text-align: center;\"><span style=\"font-size: 8pt; font-family: arial, helvetica, sans-serif;\"><a href=\"https:\/\/welcome-ontour.de\/wordpress\/index.php\/2019-06-22-prolog\/\">Prolog<\/a>\u00a0 \u00a0 \u00a0 \u00a0<a href=\"https:\/\/welcome-ontour.de\/wordpress\/index.php\/2019-06-23\">Anreise<\/a>\u00a0 \u00a0 \u00a0 \u00a0<a href=\"https:\/\/welcome-ontour.de\/wordpress\/index.php\/2019-06-24\">La Maddalena<\/a>\u00a0\u00a0 \u00a0 \u00a0\u00a0<a href=\"https:\/\/welcome-ontour.de\/wordpress\/index.php\/2019-06-27\">Parco Degli Olivi<\/a>\u00a0 \u00a0 \u00a0 \u00a0<a href=\"https:\/\/welcome-ontour.de\/wordpress\/index.php\/2019-06-28\">Cannigione<\/a>\u00a0 \u00a0 \u00a0 \u00a0<a href=\"https:\/\/welcome-ontour.de\/wordpress\/index.php\/2019-06-29\">Costa Smeralda<\/a>\u00a0 \u00a0 \u00a0 <a href=\"https:\/\/welcome-ontour.de\/wordpress\/index.php\/2019-06-30\">Porto Cervo<\/a>\u00a0 \u00a0 \u00a0 <a href=\"https:\/\/welcome-ontour.de\/wordpress\/index.php\/2019-07-01\">Capo D&#8217;Orso<\/a>\u00a0 \u00a0 \u00a0 <a href=\"https:\/\/welcome-ontour.de\/wordpress\/index.php\/2019-07-02\">Capriccioli\/Palau<\/a>\u00a0 \u00a0 \u00a0 <a href=\"https:\/\/welcome-ontour.de\/wordpress\/index.php\/2019-07-03\">Baia Sardinia<\/a> \u00a0 \u00a0 \u00a0\u00a0<a href=\"https:\/\/welcome-ontour.de\/wordpress\/index.php\/2019-07-04\">R\u00fcckreise<\/a>\u00a0 \u00a0 \u00a0 \u00a0<a href=\"https:\/\/welcome-ontour.de\/wordpress\/index.php\/2019-07-05\">Fazit<\/a><\/span><\/p>\n<p style=\"text-align: center;\"><span style=\"font-family: arial, helvetica, sans-serif; font-size: 10pt;\"><a href=\"https:\/\/welcome-ontour.de\/wordpress\/index.php\/2019-07-03\">&lt; zur\u00fcck<\/a>\u00a0 \u00a0 \u00a0 \u00a0 \u00a0 \u00a0 \u00a0 \u00a0 \u00a0 \u00a0 \u00a0 \u00a0 \u00a0 \u00a0 \u00a0 \u00a0 \u00a0 \u00a0 \u00a0 \u00a0 \u00a0 \u00a0 \u00a0 \u00a0 \u00a0 \u00a0 \u00a0 \u00a0 \u00a0 \u00a0 \u00a0 \u00a0 \u00a0 \u00a0 \u00a0 \u00a0 \u00a0 \u00a0 \u00a0 \u00a0 \u00a0 \u00a0 \u00a0 \u00a0 \u00a0 \u00a0 \u00a0 \u00a0 \u00a0 \u00a0 \u00a0 \u00a0 \u00a0 \u00a0 \u00a0 \u00a0 \u00a0 \u00a0 \u00a0 \u00a0 \u00a0 \u00a0 \u00a0 \u00a0 \u00a0 \u00a0 \u00a0 \u00a0 \u00a0 \u00a0 \u00a0 \u00a0 \u00a0 \u00a0 \u00a0 \u00a0 \u00a0 \u00a0 \u00a0 \u00a0 \u00a0 \u00a0 \u00a0 \u00a0 \u00a0 \u00a0 \u00a0 \u00a0 \u00a0 \u00a0 \u00a0 \u00a0 \u00a0 \u00a0 \u00a0 <a href=\"https:\/\/welcome-ontour.de\/wordpress\/index.php\/2019-07-05\">weiter &gt;<\/a><\/span><\/p>\n<p style=\"text-align: center;\"><span style=\"font-size: 14pt;\"><strong><span style=\"font-family: arial, helvetica, sans-serif;\">Do 4.7.<\/span><\/strong><\/span><\/p>\n<p style=\"text-align: center;\"><span style=\"font-size: 14pt;\"><strong><span style=\"font-family: arial, helvetica, sans-serif;\">\u00a0<\/span><\/strong><\/span><\/p>\n<p style=\"text-align: center;\"><span style=\"font-size: 14pt;\"><strong><span style=\"font-family: arial, helvetica, sans-serif;\">R\u00fcckreise<\/span><\/strong><\/span><\/p>\n<p style=\"text-align: center;\"><span style=\"font-family: arial, helvetica, sans-serif; font-size: 12pt;\">\u00a0<\/span><\/p>\n<p style=\"text-align: center;\"><span style=\"font-family: arial, helvetica, sans-serif; font-size: 12pt;\">Wir schlafen richtig aus und genie\u00dfen unser letztes Fr\u00fchst\u00fcck hier lange und ganz besonders.<\/span><\/p>\n<p style=\"text-align: center;\"><span style=\"font-family: arial, helvetica, sans-serif; font-size: 12pt;\">\u00a0<\/span><\/p>\n<p style=\"text-align: center;\"><span style=\"font-family: arial, helvetica, sans-serif; font-size: 12pt;\"><img decoding=\"async\" class=\" size-full wp-image-12045\" title=\"Fr\u00fchst\u00fcck\" src=\"https:\/\/welcome-ontour.de\/wordpress\/wp-content\/uploads\/2020\/07\/phoca_thumb_l_2019-07-04-01.jpg\" width=\"352\" height=\"211\" srcset=\"https:\/\/welcome-ontour.de\/wordpress\/wp-content\/uploads\/2020\/07\/phoca_thumb_l_2019-07-04-01.jpg 400w, https:\/\/welcome-ontour.de\/wordpress\/wp-content\/uploads\/2020\/07\/phoca_thumb_l_2019-07-04-01-300x180.jpg 300w\" sizes=\"(max-width: 352px) 100vw, 352px\" \/>\u00a0 <img decoding=\"async\" class=\" size-full wp-image-12046\" title=\"Fr\u00fchst\u00fcck\" src=\"https:\/\/welcome-ontour.de\/wordpress\/wp-content\/uploads\/2020\/07\/phoca_thumb_l_2019-07-04-02.jpg\" width=\"159\" height=\"211\" srcset=\"https:\/\/welcome-ontour.de\/wordpress\/wp-content\/uploads\/2020\/07\/phoca_thumb_l_2019-07-04-02.jpg 302w, https:\/\/welcome-ontour.de\/wordpress\/wp-content\/uploads\/2020\/07\/phoca_thumb_l_2019-07-04-02-227x300.jpg 227w\" sizes=\"(max-width: 159px) 100vw, 159px\" \/>\u00a0 <img decoding=\"async\" class=\" size-full wp-image-12047\" title=\"Fr\u00fchst\u00fcck\" src=\"https:\/\/welcome-ontour.de\/wordpress\/wp-content\/uploads\/2020\/07\/phoca_thumb_l_2019-07-04-03.jpg\" width=\"280\" height=\"211\" srcset=\"https:\/\/welcome-ontour.de\/wordpress\/wp-content\/uploads\/2020\/07\/phoca_thumb_l_2019-07-04-03.jpg 400w, https:\/\/welcome-ontour.de\/wordpress\/wp-content\/uploads\/2020\/07\/phoca_thumb_l_2019-07-04-03-300x226.jpg 300w\" sizes=\"(max-width: 280px) 100vw, 280px\" \/><\/span><\/p>\n<p style=\"text-align: center;\"><span style=\"font-family: arial, helvetica, sans-serif; font-size: 12pt;\">\u00a0<\/span><\/p>\n<p style=\"text-align: center;\"><span style=\"font-family: arial, helvetica, sans-serif; font-size: 12pt;\">Das anschlie\u00dfende Kofferpacken dauert zehn Minuten, <\/span><\/p>\n<p style=\"text-align: center;\"><span style=\"font-family: arial, helvetica, sans-serif; font-size: 12pt;\">einer der Vorteile, wenn man sich auf das Handgep\u00e4ck beschr\u00e4nken kann.<\/span><\/p>\n<p style=\"text-align: center;\"><span style=\"font-family: arial, helvetica, sans-serif; font-size: 12pt;\">Beim Check Out wird die Rechnung f\u00fcr die Pooldrinks f\u00e4llig.<\/span><\/p>\n<p style=\"text-align: center;\"><span style=\"font-family: arial, helvetica, sans-serif; font-size: 12pt;\">H\u00e4lt sich mit 90 Euro in Grenzen, hier h\u00e4tten wir mit mehr gerechnet.<\/span><\/p>\n<p style=\"text-align: center;\"><span style=\"font-family: arial, helvetica, sans-serif; font-size: 12pt;\">\u00a0<\/span><\/p>\n<p style=\"text-align: center;\"><span style=\"font-family: arial, helvetica, sans-serif; font-size: 12pt;\"><img decoding=\"async\" class=\" size-full wp-image-12048\" title=\"Parco Degli Ulivi\" src=\"https:\/\/welcome-ontour.de\/wordpress\/wp-content\/uploads\/2020\/07\/phoca_thumb_l_2019-07-04-04.jpg\" alt=\"\" width=\"810\" height=\"542\" srcset=\"https:\/\/welcome-ontour.de\/wordpress\/wp-content\/uploads\/2020\/07\/phoca_thumb_l_2019-07-04-04.jpg 810w, https:\/\/welcome-ontour.de\/wordpress\/wp-content\/uploads\/2020\/07\/phoca_thumb_l_2019-07-04-04-300x201.jpg 300w, https:\/\/welcome-ontour.de\/wordpress\/wp-content\/uploads\/2020\/07\/phoca_thumb_l_2019-07-04-04-768x514.jpg 768w\" sizes=\"(max-width: 810px) 100vw, 810px\" \/><\/span><\/p>\n<p style=\"text-align: center;\"><span style=\"font-family: arial, helvetica, sans-serif; font-size: 12pt;\">\u00a0<\/span><\/p>\n<p style=\"text-align: center;\"><span style=\"font-family: arial, helvetica, sans-serif; font-size: 12pt;\">Kurz nach elf verlassen wir die wunderbare Herberge, war fantastisch.<\/span><\/p>\n<p style=\"text-align: center;\"><span style=\"font-family: arial, helvetica, sans-serif; font-size: 12pt;\">\u00a0<\/span><\/p>\n<p style=\"text-align: center;\"><span style=\"font-family: arial, helvetica, sans-serif; font-size: 12pt;\"><img decoding=\"async\" class=\" size-full wp-image-12049\" title=\"Parco Degli Ulivi\" src=\"https:\/\/welcome-ontour.de\/wordpress\/wp-content\/uploads\/2020\/07\/phoca_thumb_l_2019-07-04-05.jpg\" alt=\"\" width=\"810\" height=\"542\" srcset=\"https:\/\/welcome-ontour.de\/wordpress\/wp-content\/uploads\/2020\/07\/phoca_thumb_l_2019-07-04-05.jpg 810w, https:\/\/welcome-ontour.de\/wordpress\/wp-content\/uploads\/2020\/07\/phoca_thumb_l_2019-07-04-05-300x201.jpg 300w, https:\/\/welcome-ontour.de\/wordpress\/wp-content\/uploads\/2020\/07\/phoca_thumb_l_2019-07-04-05-768x514.jpg 768w\" sizes=\"(max-width: 810px) 100vw, 810px\" \/><\/span><\/p>\n<p style=\"text-align: center;\"><span style=\"font-family: arial, helvetica, sans-serif; font-size: 12pt;\">\u00a0<\/span><\/p>\n<p style=\"text-align: center;\"><span style=\"font-family: arial, helvetica, sans-serif; font-size: 12pt;\">An der Q8 Tankstelle in Arzachena f\u00fcllen wir den Fiesta Tank wieder auf.<\/span><\/p>\n<p style=\"text-align: center;\"><span style=\"font-family: arial, helvetica, sans-serif; font-size: 12pt;\">Die Fahrt \u00fcber die Berge und durch Olbia zum Flughafen dauert 40 Minuten.<\/span><\/p>\n<p style=\"text-align: center;\"><span style=\"font-family: arial, helvetica, sans-serif; font-size: 12pt;\">Um zw\u00f6lf geben wir das Auto zur\u00fcck und gehen die 100m zum Terminal.<\/span><\/p>\n<p style=\"text-align: center;\"><span style=\"font-family: arial, helvetica, sans-serif; font-size: 12pt;\">Der Costa Smeralda Airport Olbia ist ziemlich neu und sehr \u00fcbersichtlich.<\/span><\/p>\n<p style=\"text-align: center;\"><span style=\"font-family: arial, helvetica, sans-serif; font-size: 12pt;\">\u00a0<\/span><\/p>\n<p style=\"text-align: center;\"><span style=\"font-family: arial, helvetica, sans-serif; font-size: 12pt;\"><img decoding=\"async\" class=\" size-full wp-image-12050\" title=\"Olbia Airport\" src=\"https:\/\/welcome-ontour.de\/wordpress\/wp-content\/uploads\/2020\/07\/phoca_thumb_l_2019-07-04-06.jpg\" width=\"400\" height=\"269\" srcset=\"https:\/\/welcome-ontour.de\/wordpress\/wp-content\/uploads\/2020\/07\/phoca_thumb_l_2019-07-04-06.jpg 400w, https:\/\/welcome-ontour.de\/wordpress\/wp-content\/uploads\/2020\/07\/phoca_thumb_l_2019-07-04-06-300x202.jpg 300w\" sizes=\"(max-width: 400px) 100vw, 400px\" \/>\u00a0 <img decoding=\"async\" class=\" size-full wp-image-12051\" title=\"Olbia Airport\" src=\"https:\/\/welcome-ontour.de\/wordpress\/wp-content\/uploads\/2020\/07\/phoca_thumb_l_2019-07-04-07.jpg\" alt=\"\" width=\"400\" height=\"269\" srcset=\"https:\/\/welcome-ontour.de\/wordpress\/wp-content\/uploads\/2020\/07\/phoca_thumb_l_2019-07-04-07.jpg 400w, https:\/\/welcome-ontour.de\/wordpress\/wp-content\/uploads\/2020\/07\/phoca_thumb_l_2019-07-04-07-300x202.jpg 300w\" sizes=\"(max-width: 400px) 100vw, 400px\" \/><\/span><\/p>\n<p style=\"text-align: center;\"><span style=\"font-family: arial, helvetica, sans-serif; font-size: 12pt;\">\u00a0<\/span><\/p>\n<p style=\"text-align: center;\"><span style=\"font-family: arial, helvetica, sans-serif; font-size: 12pt;\">Eingecheckt und im Besitz von Bordkarten sind wir seit vier Wochen.<\/span><\/p>\n<p style=\"text-align: center;\"><span style=\"font-family: arial, helvetica, sans-serif; font-size: 12pt;\">Trinken unsere letzten Wasserflaschen aus und gehen dann durch die Sicherheitskontrollen.<\/span><\/p>\n<p style=\"text-align: center;\"><span style=\"font-family: arial, helvetica, sans-serif; font-size: 12pt;\">\u00a0<\/span><\/p>\n<p style=\"text-align: center;\"><span style=\"font-family: arial, helvetica, sans-serif; font-size: 12pt;\"><a href=\"https:\/\/welcome-ontour.de\/wordpress\/wp-content\/uploads\/2020\/07\/phoca_thumb_l_2019-07-04-08.jpg\" target=\"_blank\" rel=\"noopener noreferrer\"><img decoding=\"async\" class=\" size-full wp-image-12052\" title=\"Olbia Airport\" src=\"https:\/\/welcome-ontour.de\/wordpress\/wp-content\/uploads\/2020\/07\/phoca_thumb_l_2019-07-04-08.jpg\" alt=\"\" width=\"211\" height=\"279\" srcset=\"https:\/\/welcome-ontour.de\/wordpress\/wp-content\/uploads\/2020\/07\/phoca_thumb_l_2019-07-04-08.jpg 302w, https:\/\/welcome-ontour.de\/wordpress\/wp-content\/uploads\/2020\/07\/phoca_thumb_l_2019-07-04-08-227x300.jpg 227w\" sizes=\"(max-width: 211px) 100vw, 211px\" \/><\/a>\u00a0 <img decoding=\"async\" class=\" size-full wp-image-12053\" title=\"Olbia Airport\" src=\"https:\/\/welcome-ontour.de\/wordpress\/wp-content\/uploads\/2020\/07\/phoca_thumb_l_2019-07-04-09.jpg\" alt=\"\" width=\"370\" height=\"279\" srcset=\"https:\/\/welcome-ontour.de\/wordpress\/wp-content\/uploads\/2020\/07\/phoca_thumb_l_2019-07-04-09.jpg 400w, https:\/\/welcome-ontour.de\/wordpress\/wp-content\/uploads\/2020\/07\/phoca_thumb_l_2019-07-04-09-300x227.jpg 300w\" sizes=\"(max-width: 370px) 100vw, 370px\" \/>\u00a0 <img decoding=\"async\" class=\" size-full wp-image-12054\" title=\"Die letzten Ichnusa\" src=\"https:\/\/welcome-ontour.de\/wordpress\/wp-content\/uploads\/2020\/07\/phoca_thumb_l_2019-07-04-10.jpg\" alt=\"\" width=\"211\" height=\"279\" srcset=\"https:\/\/welcome-ontour.de\/wordpress\/wp-content\/uploads\/2020\/07\/phoca_thumb_l_2019-07-04-10.jpg 302w, https:\/\/welcome-ontour.de\/wordpress\/wp-content\/uploads\/2020\/07\/phoca_thumb_l_2019-07-04-10-227x300.jpg 227w\" sizes=\"(max-width: 211px) 100vw, 211px\" \/><\/span><\/p>\n<p style=\"text-align: center;\"><span style=\"font-family: arial, helvetica, sans-serif; font-size: 12pt;\">\u00a0<\/span><\/p>\n<p style=\"text-align: center;\"><span style=\"font-family: arial, helvetica, sans-serif; font-size: 12pt;\">In den Duty Free Stores finden wir noch ein paar Mitbringsel <\/span><\/p>\n<p style=\"text-align: center;\"><span style=\"font-family: arial, helvetica, sans-serif; font-size: 12pt;\">und genie\u00dfen anschlie\u00dfend die letzten eiskalten Ichnusas Non Filtrata.<\/span><\/p>\n<p style=\"text-align: center;\"><span style=\"font-family: arial, helvetica, sans-serif; font-size: 12pt;\">Um eins werden die Passagiere in den Airbus gelassen, mit Speedy Boarding d\u00fcrfen wir wieder als erste rein.<\/span><\/p>\n<p style=\"text-align: center;\"><span style=\"font-family: arial, helvetica, sans-serif; font-size: 12pt;\">\u00a0<\/span><\/p>\n<p style=\"text-align: center;\"><span style=\"font-family: arial, helvetica, sans-serif; font-size: 12pt;\"><img decoding=\"async\" class=\" size-full wp-image-12055\" title=\"Olbia Airport\" src=\"https:\/\/welcome-ontour.de\/wordpress\/wp-content\/uploads\/2020\/07\/phoca_thumb_l_2019-07-04-11.jpg\" alt=\"\" width=\"400\" height=\"302\" srcset=\"https:\/\/welcome-ontour.de\/wordpress\/wp-content\/uploads\/2020\/07\/phoca_thumb_l_2019-07-04-11.jpg 400w, https:\/\/welcome-ontour.de\/wordpress\/wp-content\/uploads\/2020\/07\/phoca_thumb_l_2019-07-04-11-300x227.jpg 300w\" sizes=\"(max-width: 400px) 100vw, 400px\" \/>\u00a0 <img decoding=\"async\" class=\" size-full wp-image-12056\" title=\"13:40 nach Berlino Tegel\" src=\"https:\/\/welcome-ontour.de\/wordpress\/wp-content\/uploads\/2020\/07\/phoca_thumb_l_2019-07-04-12.jpg\" alt=\"\" width=\"400\" height=\"302\" srcset=\"https:\/\/welcome-ontour.de\/wordpress\/wp-content\/uploads\/2020\/07\/phoca_thumb_l_2019-07-04-12.jpg 400w, https:\/\/welcome-ontour.de\/wordpress\/wp-content\/uploads\/2020\/07\/phoca_thumb_l_2019-07-04-12-300x227.jpg 300w\" sizes=\"(max-width: 400px) 100vw, 400px\" \/><\/span><\/p>\n<p style=\"text-align: center;\"><span style=\"font-family: arial, helvetica, sans-serif; font-size: 12pt;\">\u00a0<\/span><\/p>\n<p style=\"text-align: center;\"><span style=\"font-family: arial, helvetica, sans-serif; font-size: 12pt;\">Unsere Pl\u00e4tze 12D und F sind Notausgangspl\u00e4tze und zu unserer Freude bleibt 12E leer.<\/span><\/p>\n<p style=\"text-align: center;\"><span style=\"font-family: arial, helvetica, sans-serif; font-size: 12pt;\">So l\u00e4sst es sich auf einer 3er Reihe mit viel Beinfreiheit zu zweit gut aushalten.<\/span><\/p>\n<p style=\"text-align: center;\"><span style=\"font-family: arial, helvetica, sans-serif; font-size: 12pt;\">13:45 hebt die auch sonst recht leere Easyjet A320 ab.<\/span><\/p>\n<p style=\"text-align: center;\"><span style=\"font-family: arial, helvetica, sans-serif; font-size: 12pt;\">\u00a0<\/span><\/p>\n<p style=\"text-align: center;\"><span style=\"font-family: arial, helvetica, sans-serif; font-size: 12pt;\"><img decoding=\"async\" class=\" size-full wp-image-12057\" title=\"Ein letzter Blick\" src=\"https:\/\/welcome-ontour.de\/wordpress\/wp-content\/uploads\/2020\/07\/phoca_thumb_l_2019-07-04-13.jpg\" alt=\"\" width=\"810\" height=\"372\" srcset=\"https:\/\/welcome-ontour.de\/wordpress\/wp-content\/uploads\/2020\/07\/phoca_thumb_l_2019-07-04-13.jpg 810w, https:\/\/welcome-ontour.de\/wordpress\/wp-content\/uploads\/2020\/07\/phoca_thumb_l_2019-07-04-13-300x138.jpg 300w, https:\/\/welcome-ontour.de\/wordpress\/wp-content\/uploads\/2020\/07\/phoca_thumb_l_2019-07-04-13-768x353.jpg 768w\" sizes=\"(max-width: 810px) 100vw, 810px\" \/><\/span><\/p>\n<p style=\"text-align: center;\"><span style=\"font-family: arial, helvetica, sans-serif; font-size: 12pt;\">\u00a0<\/span><\/p>\n<p style=\"text-align: center;\"><span style=\"font-family: arial, helvetica, sans-serif; font-size: 12pt;\">Flug f\u00fchrt \u00fcber Venedig und Prag nach Berlin und dauert zwei Stunden.<\/span><\/p>\n<p style=\"text-align: center;\"><span style=\"font-family: arial, helvetica, sans-serif; font-size: 12pt;\">\u00a0<\/span><\/p>\n<p style=\"text-align: center;\"><span style=\"font-family: arial, helvetica, sans-serif; font-size: 12pt;\"><img decoding=\"async\" class=\" size-full wp-image-12058\" title=\"Easy\" src=\"https:\/\/welcome-ontour.de\/wordpress\/wp-content\/uploads\/2020\/07\/phoca_thumb_l_2019-07-04-14.jpg\" alt=\"\" width=\"810\" height=\"390\" srcset=\"https:\/\/welcome-ontour.de\/wordpress\/wp-content\/uploads\/2020\/07\/phoca_thumb_l_2019-07-04-14.jpg 810w, https:\/\/welcome-ontour.de\/wordpress\/wp-content\/uploads\/2020\/07\/phoca_thumb_l_2019-07-04-14-300x144.jpg 300w, https:\/\/welcome-ontour.de\/wordpress\/wp-content\/uploads\/2020\/07\/phoca_thumb_l_2019-07-04-14-768x370.jpg 768w\" sizes=\"(max-width: 810px) 100vw, 810px\" \/><\/span><\/p>\n<p style=\"text-align: center;\"><span style=\"font-family: arial, helvetica, sans-serif; font-size: 12pt;\">\u00a0<\/span><\/p>\n<p style=\"text-align: center;\"><span style=\"font-family: arial, helvetica, sans-serif; font-size: 12pt;\">Und so landen wir 15:45 butterweich in Tegel.<\/span><\/p>\n<p style=\"text-align: center;\"><span style=\"font-family: arial, helvetica, sans-serif; font-size: 12pt;\">\u00a0<\/span><\/p>\n<p style=\"text-align: center;\"><span style=\"font-family: arial, helvetica, sans-serif; font-size: 12pt;\"><img decoding=\"async\" class=\" size-full wp-image-12059\" title=\"Tegel\" src=\"https:\/\/welcome-ontour.de\/wordpress\/wp-content\/uploads\/2020\/07\/phoca_thumb_l_2019-07-04-15.jpg\" alt=\"\" width=\"400\" height=\"532\" srcset=\"https:\/\/welcome-ontour.de\/wordpress\/wp-content\/uploads\/2020\/07\/phoca_thumb_l_2019-07-04-15.jpg 609w, https:\/\/welcome-ontour.de\/wordpress\/wp-content\/uploads\/2020\/07\/phoca_thumb_l_2019-07-04-15-226x300.jpg 226w\" sizes=\"(max-width: 400px) 100vw, 400px\" \/><\/span><\/p>\n<p style=\"text-align: center;\"><span style=\"font-family: arial, helvetica, sans-serif; font-size: 12pt;\">\u00a0<\/span><\/p>\n<p style=\"text-align: center;\"><span style=\"font-family: arial, helvetica, sans-serif; font-size: 12pt;\">Berlin empf\u00e4ngt uns mit sonnigen 20\u00b0C.<\/span><\/p>\n<p style=\"text-align: center;\"><span style=\"font-family: arial, helvetica, sans-serif; font-size: 12pt;\">Der Mc Parking Shuttle bringt uns zu unserem Auto.<\/span><\/p>\n<p style=\"text-align: center;\"><span style=\"font-family: arial, helvetica, sans-serif; font-size: 12pt;\">Kaufen noch etwas ein und sind halb sechs zu Hause.<\/span><\/p>\n<p style=\"text-align: center;\"><span style=\"font-family: arial, helvetica, sans-serif; font-size: 12pt;\">Entspannt und gut erholt.<\/span><\/p>\n<p style=\"text-align: center;\"><span style=\"font-family: arial, helvetica, sans-serif; font-size: 12pt;\">\u00a0<\/span><\/p>\n<p style=\"text-align: center;\"><span style=\"font-family: arial, helvetica, sans-serif; font-size: 12pt;\">Gefahrene Kilometer: 33<\/span><\/p>\n<p style=\"text-align: center;\"><img decoding=\"async\" class=\" size-full wp-image-11737\" src=\"https:\/\/welcome-ontour.de\/wordpress\/wp-content\/uploads\/2020\/07\/phoca_thumb_l_2019-06-22-02.jpg\" alt=\"\" width=\"249\" height=\"298\" \/><\/p>\n<p style=\"text-align: center;\"><span style=\"font-family: arial, helvetica, sans-serif; font-size: 10pt;\"><a href=\"https:\/\/welcome-ontour.de\/wordpress\/index.php\/2019-07-03\">&lt; zur\u00fcck<\/a>\u00a0 \u00a0 \u00a0 \u00a0 \u00a0 \u00a0 \u00a0 \u00a0 \u00a0 \u00a0 \u00a0 \u00a0 \u00a0 \u00a0 \u00a0 \u00a0 \u00a0 \u00a0 \u00a0 \u00a0 \u00a0 \u00a0 \u00a0 \u00a0 \u00a0 \u00a0 \u00a0 \u00a0 \u00a0 \u00a0 \u00a0 \u00a0 \u00a0 \u00a0 \u00a0 \u00a0 \u00a0 \u00a0 \u00a0 \u00a0 \u00a0 \u00a0 \u00a0 \u00a0 \u00a0 \u00a0 \u00a0 \u00a0 \u00a0 \u00a0 \u00a0 \u00a0 \u00a0 \u00a0 \u00a0 \u00a0 \u00a0 \u00a0 \u00a0 \u00a0 \u00a0 \u00a0 \u00a0 \u00a0 \u00a0 \u00a0 \u00a0 \u00a0 \u00a0 \u00a0 \u00a0 \u00a0 \u00a0 \u00a0 \u00a0 \u00a0 \u00a0 \u00a0 \u00a0 \u00a0 \u00a0 \u00a0 \u00a0 \u00a0 \u00a0 \u00a0 \u00a0 \u00a0 \u00a0 \u00a0 \u00a0 \u00a0 \u00a0 \u00a0 \u00a0 <a href=\"https:\/\/welcome-ontour.de\/wordpress\/index.php\/2019-07-05\">weiter &gt;<\/a><\/span><\/p>\n","protected":false},"excerpt":{"rendered":"<p>Prolog\u00a0 \u00a0 \u00a0 \u00a0Anreise\u00a0 \u00a0 \u00a0 \u00a0La Maddalena\u00a0\u00a0 \u00a0 \u00a0\u00a0Parco Degli Olivi\u00a0 \u00a0 \u00a0 \u00a0Cannigione\u00a0 \u00a0 \u00a0 \u00a0Costa Smeralda\u00a0 \u00a0 \u00a0 Porto Cervo\u00a0 \u00a0 \u00a0 Capo D&#8217;Orso\u00a0 \u00a0 \u00a0 Capriccioli\/Palau\u00a0 \u00a0 \u00a0 Baia Sardinia \u00a0 \u00a0 \u00a0\u00a0R\u00fcckreise\u00a0 \u00a0 \u00a0 \u00a0Fazit &lt; zur\u00fcck\u00a0 \u00a0 \u00a0 \u00a0 \u00a0 \u00a0 \u00a0 \u00a0 \u00a0 \u00a0 \u00a0 \u00a0 \u00a0 \u00a0 \u00a0 \u00a0 \u00a0 \u00a0 \u00a0 \u00a0 \u00a0 \u00a0 \u00a0 \u00a0 \u00a0 \u00a0 \u00a0 \u00a0 \u00a0 \u00a0 \u00a0 \u00a0 \u00a0 \u00a0 \u00a0 \u00a0 \u00a0 \u00a0 \u00a0 \u00a0 \u00a0 \u00a0 \u00a0 \u00a0 \u00a0 \u00a0 \u00a0 \u00a0 \u00a0 \u00a0 \u00a0 \u00a0 \u00a0 \u00a0 \u00a0 \u00a0 \u00a0 \u00a0 \u00a0 \u00a0 \u00a0 \u00a0 \u00a0 \u00a0 \u00a0 \u00a0 \u00a0 \u00a0 \u00a0 \u00a0 \u00a0 \u00a0 \u00a0 \u00a0 \u00a0 \u00a0 \u00a0 \u00a0 \u00a0 \u00a0 \u00a0 \u00a0 \u00a0 \u00a0 \u00a0 \u00a0 \u00a0 \u00a0 \u00a0 \u00a0 \u00a0 \u00a0 \u00a0 \u00a0 \u00a0 weiter &gt; Do 4.7. \u00a0 R\u00fcckreise \u00a0 Wir schlafen richtig aus und genie\u00dfen unser letztes Fr\u00fchst\u00fcck hier lange und ganz besonders. \u00a0 \u00a0 \u00a0 \u00a0 Das anschlie\u00dfende Kofferpacken dauert zehn Minuten, einer der Vorteile, wenn man sich auf das Handgep\u00e4ck beschr\u00e4nken kann. Beim Check Out wird die Rechnung f\u00fcr die Pooldrinks f\u00e4llig. H\u00e4lt sich mit 90 Euro in Grenzen, hier h\u00e4tten wir mit mehr gerechnet. \u00a0 \u00a0 Kurz nach elf verlassen wir die wunderbare Herberge, war fantastisch. \u00a0 \u00a0 An der Q8 Tankstelle in Arzachena f\u00fcllen wir den Fiesta Tank wieder auf. Die Fahrt \u00fcber die Berge und durch Olbia zum Flughafen dauert 40 Minuten. Um zw\u00f6lf geben wir das Auto zur\u00fcck und gehen die 100m zum Terminal. Der Costa Smeralda Airport Olbia ist ziemlich neu und sehr \u00fcbersichtlich. \u00a0 \u00a0 \u00a0 Eingecheckt und im Besitz von Bordkarten sind wir seit vier Wochen. Trinken unsere letzten Wasserflaschen aus und gehen dann durch die Sicherheitskontrollen. \u00a0 \u00a0 \u00a0 \u00a0 In den Duty Free Stores finden wir noch ein paar Mitbringsel und genie\u00dfen anschlie\u00dfend die letzten eiskalten Ichnusas Non Filtrata. Um eins werden die Passagiere in den Airbus gelassen, mit Speedy Boarding d\u00fcrfen wir wieder als erste rein. \u00a0 \u00a0 \u00a0 Unsere Pl\u00e4tze 12D und F sind Notausgangspl\u00e4tze und zu unserer Freude bleibt 12E leer. So l\u00e4sst es sich auf einer 3er Reihe mit viel Beinfreiheit zu zweit gut aushalten. 13:45 hebt die auch sonst recht leere Easyjet A320 ab. \u00a0 \u00a0 Flug f\u00fchrt \u00fcber Venedig und Prag nach Berlin und dauert zwei Stunden. \u00a0 \u00a0 Und so landen wir 15:45 butterweich in Tegel. \u00a0 \u00a0 Berlin empf\u00e4ngt uns mit sonnigen 20\u00b0C. Der Mc Parking Shuttle bringt uns zu unserem Auto. Kaufen noch etwas ein und sind halb sechs zu Hause. Entspannt und gut erholt. \u00a0 Gefahrene Kilometer: 33 &lt; zur\u00fcck\u00a0 \u00a0 \u00a0 \u00a0 \u00a0 \u00a0 \u00a0 \u00a0 \u00a0 \u00a0 \u00a0 \u00a0 \u00a0 \u00a0 \u00a0 \u00a0 \u00a0 \u00a0 \u00a0 \u00a0 \u00a0 \u00a0 \u00a0 \u00a0 \u00a0 \u00a0 \u00a0 \u00a0 \u00a0 \u00a0 \u00a0 \u00a0 \u00a0 \u00a0 \u00a0 \u00a0 \u00a0 \u00a0 \u00a0 \u00a0 \u00a0 \u00a0 \u00a0 \u00a0 \u00a0 \u00a0 \u00a0 \u00a0 \u00a0 \u00a0 \u00a0 \u00a0 \u00a0 \u00a0 \u00a0 \u00a0 \u00a0 \u00a0 \u00a0 \u00a0 \u00a0 \u00a0 \u00a0 \u00a0 \u00a0 \u00a0 \u00a0 \u00a0 \u00a0 \u00a0 \u00a0 \u00a0 \u00a0 \u00a0 \u00a0 \u00a0 \u00a0 \u00a0 \u00a0 \u00a0 \u00a0 \u00a0 \u00a0 \u00a0 \u00a0 \u00a0 \u00a0 \u00a0 \u00a0 \u00a0 \u00a0 \u00a0 \u00a0 \u00a0 \u00a0 weiter &gt;<\/p>\n","protected":false},"author":1,"featured_media":12045,"parent":0,"menu_order":1,"comment_status":"closed","ping_status":"closed","template":"","meta":{"footnotes":""},"class_list":["post-12060","page","type-page","status-publish","has-post-thumbnail","hentry"],"_links":{"self":[{"href":"https:\/\/welcome-ontour.de\/wordpress\/index.php\/wp-json\/wp\/v2\/pages\/12060","targetHints":{"allow":["GET"]}}],"collection":[{"href":"https:\/\/welcome-ontour.de\/wordpress\/index.php\/wp-json\/wp\/v2\/pages"}],"about":[{"href":"https:\/\/welcome-ontour.de\/wordpress\/index.php\/wp-json\/wp\/v2\/types\/page"}],"author":[{"embeddable":true,"href":"https:\/\/welcome-ontour.de\/wordpress\/index.php\/wp-json\/wp\/v2\/users\/1"}],"replies":[{"embeddable":true,"href":"https:\/\/welcome-ontour.de\/wordpress\/index.php\/wp-json\/wp\/v2\/comments?post=12060"}],"version-history":[{"count":2,"href":"https:\/\/welcome-ontour.de\/wordpress\/index.php\/wp-json\/wp\/v2\/pages\/12060\/revisions"}],"predecessor-version":[{"id":17022,"href":"https:\/\/welcome-ontour.de\/wordpress\/index.php\/wp-json\/wp\/v2\/pages\/12060\/revisions\/17022"}],"wp:featuredmedia":[{"embeddable":true,"href":"https:\/\/welcome-ontour.de\/wordpress\/index.php\/wp-json\/wp\/v2\/media\/12045"}],"wp:attachment":[{"href":"https:\/\/welcome-ontour.de\/wordpress\/index.php\/wp-json\/wp\/v2\/media?parent=12060"}],"curies":[{"name":"wp","href":"https:\/\/api.w.org\/{rel}","templated":true}]}}