{"id":12044,"date":"2020-07-14T09:51:10","date_gmt":"2020-07-14T09:51:10","guid":{"rendered":"https:\/\/welcome-ontour.de\/wordpress\/index.php\/2019-07-03\/"},"modified":"2022-06-30T23:06:17","modified_gmt":"2022-06-30T23:06:17","slug":"2019-07-03","status":"publish","type":"page","link":"https:\/\/welcome-ontour.de\/wordpress\/index.php\/2019-07-03\/","title":{"rendered":"2019 07 03"},"content":{"rendered":"<p style=\"text-align: center;\"><span style=\"font-size: 8pt; font-family: arial, helvetica, sans-serif;\"><a href=\"https:\/\/welcome-ontour.de\/wordpress\/index.php\/2019-06-22-prolog\/\">Prolog<\/a>\u00a0 \u00a0 \u00a0 \u00a0<a href=\"https:\/\/welcome-ontour.de\/wordpress\/index.php\/2019-06-23\">Anreise<\/a>\u00a0 \u00a0 \u00a0 \u00a0<a href=\"https:\/\/welcome-ontour.de\/wordpress\/index.php\/2019-06-24\">La Maddalena<\/a>\u00a0\u00a0 \u00a0 \u00a0\u00a0<a href=\"https:\/\/welcome-ontour.de\/wordpress\/index.php\/2019-06-27\">Parco Degli Olivi<\/a>\u00a0 \u00a0 \u00a0 \u00a0<a href=\"https:\/\/welcome-ontour.de\/wordpress\/index.php\/2019-06-28\">Cannigione<\/a>\u00a0 \u00a0 \u00a0 \u00a0<a href=\"https:\/\/welcome-ontour.de\/wordpress\/index.php\/2019-06-29\">Costa Smeralda<\/a>\u00a0 \u00a0 \u00a0 <a href=\"https:\/\/welcome-ontour.de\/wordpress\/index.php\/2019-06-30\">Porto Cervo<\/a>\u00a0 \u00a0 \u00a0 <a href=\"https:\/\/welcome-ontour.de\/wordpress\/index.php\/2019-07-01\">Capo D&#8217;Orso<\/a>\u00a0 \u00a0 \u00a0 <a href=\"https:\/\/welcome-ontour.de\/wordpress\/index.php\/2019-07-02\">Capriccioli\/Palau<\/a>\u00a0 \u00a0 \u00a0 <a href=\"https:\/\/welcome-ontour.de\/wordpress\/index.php\/2019-07-03\">Baia Sardinia<\/a> \u00a0 \u00a0 \u00a0\u00a0<a href=\"https:\/\/welcome-ontour.de\/wordpress\/index.php\/2019-07-04\">R\u00fcckreise<\/a>\u00a0 \u00a0 \u00a0 \u00a0<a href=\"https:\/\/welcome-ontour.de\/wordpress\/index.php\/2019-07-05\">Fazit<\/a><\/span><\/p>\n<p style=\"text-align: center;\"><span style=\"font-family: arial, helvetica, sans-serif; font-size: 10pt;\"><a href=\"https:\/\/welcome-ontour.de\/wordpress\/index.php\/2019-07-02\">&lt; zur\u00fcck<\/a>\u00a0 \u00a0 \u00a0 \u00a0 \u00a0 \u00a0 \u00a0 \u00a0 \u00a0 \u00a0 \u00a0 \u00a0 \u00a0 \u00a0 \u00a0 \u00a0 \u00a0 \u00a0 \u00a0 \u00a0 \u00a0 \u00a0 \u00a0 \u00a0 \u00a0 \u00a0 \u00a0 \u00a0 \u00a0 \u00a0 \u00a0 \u00a0 \u00a0 \u00a0 \u00a0 \u00a0 \u00a0 \u00a0 \u00a0 \u00a0 \u00a0 \u00a0 \u00a0 \u00a0 \u00a0 \u00a0 \u00a0 \u00a0 \u00a0 \u00a0 \u00a0 \u00a0 \u00a0 \u00a0 \u00a0 \u00a0 \u00a0 \u00a0 \u00a0 \u00a0 \u00a0 \u00a0 \u00a0 \u00a0 \u00a0 \u00a0 \u00a0 \u00a0 \u00a0 \u00a0 \u00a0 \u00a0 \u00a0 \u00a0 \u00a0 \u00a0 \u00a0 \u00a0 \u00a0 \u00a0 \u00a0 \u00a0 \u00a0 \u00a0 \u00a0 \u00a0 \u00a0 \u00a0 \u00a0 \u00a0 \u00a0 \u00a0 \u00a0 \u00a0 \u00a0 <a href=\"https:\/\/welcome-ontour.de\/wordpress\/index.php\/2019-07-04\">weiter &gt;<\/a><\/span><\/p>\n<p style=\"text-align: center;\"><span style=\"font-size: 14pt;\"><strong><span style=\"font-family: arial, helvetica, sans-serif;\">Mi 3.7.<\/span><\/strong><\/span><\/p>\n<p style=\"text-align: center;\"><span style=\"font-size: 14pt;\"><strong><span style=\"font-family: arial, helvetica, sans-serif;\">\u00a0<\/span><\/strong><\/span><\/p>\n<p style=\"text-align: center;\"><span style=\"font-size: 14pt;\"><strong><span style=\"font-family: arial, helvetica, sans-serif;\">Baia Sardinia<\/span><\/strong><\/span><\/p>\n<p style=\"text-align: center;\"><span style=\"font-family: arial, helvetica, sans-serif; font-size: 12pt;\">\u00a0<\/span><\/p>\n<p style=\"text-align: center;\"><span style=\"font-family: arial, helvetica, sans-serif; font-size: 12pt;\">Heute werden wieder 37\u00b0C erwartet.<\/span><\/p>\n<p style=\"text-align: center;\"><span style=\"font-family: arial, helvetica, sans-serif; font-size: 12pt;\">Wir werden die Str\u00e4nde um Baia Sardinia besuchen.<\/span><\/p>\n<p style=\"text-align: center;\"><span style=\"font-family: arial, helvetica, sans-serif; font-size: 12pt;\">Nach einem wiederum langen Fr\u00fchst\u00fcck geht es runter nach Cannigione und einmal um die Bucht von Arzachena.<\/span><\/p>\n<p style=\"text-align: center;\"><span style=\"font-family: arial, helvetica, sans-serif; font-size: 12pt;\">Immer geradeaus kommen wir direkt zum wirklich sch\u00f6nen Stadtstrand.<\/span><\/p>\n<p style=\"text-align: center;\"><span style=\"font-family: arial, helvetica, sans-serif; font-size: 12pt;\">\u00a0<\/span><\/p>\n<p style=\"text-align: center;\"><span style=\"font-family: arial, helvetica, sans-serif; font-size: 12pt;\"><img decoding=\"async\" class=\" size-full wp-image-12031\" title=\"Sardegna\" src=\"https:\/\/welcome-ontour.de\/wordpress\/wp-content\/uploads\/2020\/07\/phoca_thumb_l_2019-07-03-01.jpg\" alt=\"\" width=\"810\" height=\"435\" srcset=\"https:\/\/welcome-ontour.de\/wordpress\/wp-content\/uploads\/2020\/07\/phoca_thumb_l_2019-07-03-01.jpg 810w, https:\/\/welcome-ontour.de\/wordpress\/wp-content\/uploads\/2020\/07\/phoca_thumb_l_2019-07-03-01-300x161.jpg 300w, https:\/\/welcome-ontour.de\/wordpress\/wp-content\/uploads\/2020\/07\/phoca_thumb_l_2019-07-03-01-768x412.jpg 768w\" sizes=\"(max-width: 810px) 100vw, 810px\" \/><\/span><\/p>\n<p style=\"text-align: center;\"><span style=\"font-family: arial, helvetica, sans-serif; font-size: 12pt;\">\u00a0<\/span><\/p>\n<p style=\"text-align: center;\"><span style=\"font-family: arial, helvetica, sans-serif; font-size: 12pt;\">Ein Parkplatz ist schnell gefunden, ebenso ein freier Platz am noch recht leeren Strand.<\/span><\/p>\n<p style=\"text-align: center;\"><span style=\"font-family: arial, helvetica, sans-serif; font-size: 12pt;\">\u00a0<\/span><\/p>\n<p style=\"text-align: center;\"><span style=\"font-family: arial, helvetica, sans-serif; font-size: 12pt;\"><img decoding=\"async\" class=\" size-full wp-image-12032\" title=\"Sardegna\" src=\"https:\/\/welcome-ontour.de\/wordpress\/wp-content\/uploads\/2020\/07\/phoca_thumb_l_2019-07-03-02.jpg\" width=\"400\" height=\"268\" srcset=\"https:\/\/welcome-ontour.de\/wordpress\/wp-content\/uploads\/2020\/07\/phoca_thumb_l_2019-07-03-02.jpg 400w, https:\/\/welcome-ontour.de\/wordpress\/wp-content\/uploads\/2020\/07\/phoca_thumb_l_2019-07-03-02-300x201.jpg 300w\" sizes=\"(max-width: 400px) 100vw, 400px\" \/>\u00a0 <img decoding=\"async\" class=\" size-full wp-image-12033\" title=\"Sardegna\" src=\"https:\/\/welcome-ontour.de\/wordpress\/wp-content\/uploads\/2020\/07\/phoca_thumb_l_2019-07-03-03.jpg\" width=\"399\" height=\"268\" srcset=\"https:\/\/welcome-ontour.de\/wordpress\/wp-content\/uploads\/2020\/07\/phoca_thumb_l_2019-07-03-03.jpg 400w, https:\/\/welcome-ontour.de\/wordpress\/wp-content\/uploads\/2020\/07\/phoca_thumb_l_2019-07-03-03-300x202.jpg 300w\" sizes=\"(max-width: 399px) 100vw, 399px\" \/><\/span><\/p>\n<p style=\"text-align: center;\"><span style=\"font-family: arial, helvetica, sans-serif; font-size: 12pt;\">\u00a0<\/span><\/p>\n<p style=\"text-align: center;\"><span style=\"font-family: arial, helvetica, sans-serif; font-size: 12pt;\">Das \u00e4ndert sich jedoch schnell und schon wenig sp\u00e4ter ist es uns zu voll.<\/span><\/p>\n<p style=\"text-align: center;\"><span style=\"font-family: arial, helvetica, sans-serif; font-size: 12pt;\">Rein ins Auto und wenige Minuten weiter sind wir an der Spiaggia Tre Monti.<\/span><\/p>\n<p style=\"text-align: center;\"><span style=\"font-family: arial, helvetica, sans-serif; font-size: 12pt;\">Die Zufahrt ist verboten, vielleicht ist es deswegen so leer hier.<\/span><\/p>\n<p style=\"text-align: center;\"><span style=\"font-family: arial, helvetica, sans-serif; font-size: 12pt;\">\u00a0<\/span><\/p>\n<p style=\"text-align: center;\"><span style=\"font-family: arial, helvetica, sans-serif; font-size: 12pt;\"><img decoding=\"async\" class=\" size-full wp-image-12034\" title=\"Tremonti\" src=\"https:\/\/welcome-ontour.de\/wordpress\/wp-content\/uploads\/2020\/07\/phoca_thumb_l_2019-07-03-04.jpg\" alt=\"\" width=\"400\" height=\"269\" srcset=\"https:\/\/welcome-ontour.de\/wordpress\/wp-content\/uploads\/2020\/07\/phoca_thumb_l_2019-07-03-04.jpg 400w, https:\/\/welcome-ontour.de\/wordpress\/wp-content\/uploads\/2020\/07\/phoca_thumb_l_2019-07-03-04-300x202.jpg 300w\" sizes=\"(max-width: 400px) 100vw, 400px\" \/>\u00a0 <img decoding=\"async\" class=\" size-full wp-image-12035\" title=\"Tremonti\" src=\"https:\/\/welcome-ontour.de\/wordpress\/wp-content\/uploads\/2020\/07\/phoca_thumb_l_2019-07-03-05.jpg\" alt=\"\" width=\"400\" height=\"269\" srcset=\"https:\/\/welcome-ontour.de\/wordpress\/wp-content\/uploads\/2020\/07\/phoca_thumb_l_2019-07-03-05.jpg 400w, https:\/\/welcome-ontour.de\/wordpress\/wp-content\/uploads\/2020\/07\/phoca_thumb_l_2019-07-03-05-300x202.jpg 300w\" sizes=\"(max-width: 400px) 100vw, 400px\" \/><\/span><\/p>\n<p style=\"text-align: center;\"><span style=\"font-family: arial, helvetica, sans-serif; font-size: 12pt;\">\u00a0<\/span><\/p>\n<p style=\"text-align: center;\"><span style=\"font-family: arial, helvetica, sans-serif; font-size: 12pt;\">Es gibt zahlreiche kleine Sandbuchten, wo maximal 2-3 Strandt\u00fccher Platz haben.<\/span><\/p>\n<p style=\"text-align: center;\"><span style=\"font-family: arial, helvetica, sans-serif; font-size: 12pt;\">\u00a0<\/span><\/p>\n<p style=\"text-align: center;\"><span style=\"font-family: arial, helvetica, sans-serif; font-size: 12pt;\"><a href=\"https:\/\/welcome-ontour.de\/wordpress\/wp-content\/uploads\/2020\/07\/phoca_thumb_l_2019-07-03-06.jpg\" target=\"_blank\" rel=\"noopener noreferrer\"><img decoding=\"async\" class=\" size-full wp-image-12036\" title=\"Tremonti\" src=\"https:\/\/welcome-ontour.de\/wordpress\/wp-content\/uploads\/2020\/07\/phoca_thumb_l_2019-07-03-06.jpg\" alt=\"\" width=\"289\" height=\"384\" srcset=\"https:\/\/welcome-ontour.de\/wordpress\/wp-content\/uploads\/2020\/07\/phoca_thumb_l_2019-07-03-06.jpg 456w, https:\/\/welcome-ontour.de\/wordpress\/wp-content\/uploads\/2020\/07\/phoca_thumb_l_2019-07-03-06-226x300.jpg 226w\" sizes=\"(max-width: 289px) 100vw, 289px\" \/><\/a>\u00a0 <img decoding=\"async\" class=\" size-full wp-image-12037\" title=\"Tremonti\" src=\"https:\/\/welcome-ontour.de\/wordpress\/wp-content\/uploads\/2020\/07\/phoca_thumb_l_2019-07-03-07.jpg\" alt=\"\" width=\"509\" height=\"384\" srcset=\"https:\/\/welcome-ontour.de\/wordpress\/wp-content\/uploads\/2020\/07\/phoca_thumb_l_2019-07-03-07.jpg 606w, https:\/\/welcome-ontour.de\/wordpress\/wp-content\/uploads\/2020\/07\/phoca_thumb_l_2019-07-03-07-300x226.jpg 300w\" sizes=\"(max-width: 509px) 100vw, 509px\" \/><\/span><\/p>\n<p style=\"text-align: center;\"><span style=\"font-family: arial, helvetica, sans-serif; font-size: 12pt;\">\u00a0<\/span><\/p>\n<p style=\"text-align: center;\"><span style=\"font-family: arial, helvetica, sans-serif; font-size: 12pt;\">Bei den heutigen hei\u00dfen Temperaturen ist das Baden im warmen Meerwasser auch fast keine Abk\u00fchlung mehr.<\/span><\/p>\n<p style=\"text-align: center;\"><span style=\"font-family: arial, helvetica, sans-serif; font-size: 12pt;\">\u00a0<\/span><\/p>\n<p style=\"text-align: center;\"><span style=\"font-family: arial, helvetica, sans-serif; font-size: 12pt;\"><a href=\"https:\/\/welcome-ontour.de\/wordpress\/wp-content\/uploads\/2020\/07\/phoca_thumb_l_2019-07-03-08.jpg\" target=\"_blank\" rel=\"noopener noreferrer\"><img decoding=\"async\" class=\" size-full wp-image-12038\" title=\"Tremonti\" src=\"https:\/\/welcome-ontour.de\/wordpress\/wp-content\/uploads\/2020\/07\/phoca_thumb_l_2019-07-03-08.jpg\" alt=\"\" width=\"810\" height=\"366\" srcset=\"https:\/\/welcome-ontour.de\/wordpress\/wp-content\/uploads\/2020\/07\/phoca_thumb_l_2019-07-03-08.jpg 1606w, https:\/\/welcome-ontour.de\/wordpress\/wp-content\/uploads\/2020\/07\/phoca_thumb_l_2019-07-03-08-300x136.jpg 300w, https:\/\/welcome-ontour.de\/wordpress\/wp-content\/uploads\/2020\/07\/phoca_thumb_l_2019-07-03-08-1024x463.jpg 1024w, https:\/\/welcome-ontour.de\/wordpress\/wp-content\/uploads\/2020\/07\/phoca_thumb_l_2019-07-03-08-768x347.jpg 768w, https:\/\/welcome-ontour.de\/wordpress\/wp-content\/uploads\/2020\/07\/phoca_thumb_l_2019-07-03-08-1536x694.jpg 1536w, https:\/\/welcome-ontour.de\/wordpress\/wp-content\/uploads\/2020\/07\/phoca_thumb_l_2019-07-03-08-1568x709.jpg 1568w\" sizes=\"(max-width: 810px) 100vw, 810px\" \/><\/a><\/span><\/p>\n<p style=\"text-align: center;\"><span style=\"font-family: arial, helvetica, sans-serif; font-size: 12pt;\">\u00a0<\/span><\/p>\n<p style=\"text-align: center;\"><span style=\"font-family: arial, helvetica, sans-serif; font-size: 12pt;\">Bleiben bis um zwei hier und machen uns anschlie\u00dfend auf den R\u00fcckweg.<\/span><\/p>\n<p style=\"text-align: center;\"><span style=\"font-family: arial, helvetica, sans-serif; font-size: 12pt;\">Im MD Supermarkt in Arzachena holen wir noch ein paar Souvenirs f\u00fcr zu Hause.<\/span><\/p>\n<p style=\"text-align: center;\"><span style=\"font-family: arial, helvetica, sans-serif; font-size: 12pt;\">Und sind um drei in unserer frisch gereinigten, gek\u00fchlten Suite im Parco di Ulivi.<\/span><\/p>\n<p style=\"text-align: center;\"><span style=\"font-family: arial, helvetica, sans-serif; font-size: 12pt;\">So einladend Balkon und Ausblick auch sind, die T\u00fcr bleibt zu, es ist schlicht zu hei\u00df drau\u00dfen.<\/span><\/p>\n<p style=\"text-align: center;\"><span style=\"font-family: arial, helvetica, sans-serif; font-size: 12pt;\">Nach einer kleinen Siesta verbringen wir die Zeit bis zum Abend wieder am Pool.<\/span><\/p>\n<p style=\"text-align: center;\"><span style=\"font-family: arial, helvetica, sans-serif; font-size: 12pt;\">Zu unserem letzten Dinner geht es wieder ins Tavola Blue nach Cannigione.<\/span><\/p>\n<p style=\"text-align: center;\"><span style=\"font-family: arial, helvetica, sans-serif; font-size: 12pt;\">\u00a0<\/span><\/p>\n<p style=\"text-align: center;\"><span style=\"font-family: arial, helvetica, sans-serif; font-size: 12pt;\"><img decoding=\"async\" class=\" size-full wp-image-12039\" title=\"Nach Cannigione\" src=\"https:\/\/welcome-ontour.de\/wordpress\/wp-content\/uploads\/2020\/07\/phoca_thumb_l_2019-07-03-09.jpg\" alt=\"\" width=\"810\" height=\"328\" srcset=\"https:\/\/welcome-ontour.de\/wordpress\/wp-content\/uploads\/2020\/07\/phoca_thumb_l_2019-07-03-09.jpg 810w, https:\/\/welcome-ontour.de\/wordpress\/wp-content\/uploads\/2020\/07\/phoca_thumb_l_2019-07-03-09-300x121.jpg 300w, https:\/\/welcome-ontour.de\/wordpress\/wp-content\/uploads\/2020\/07\/phoca_thumb_l_2019-07-03-09-768x311.jpg 768w\" sizes=\"(max-width: 810px) 100vw, 810px\" \/><\/span><\/p>\n<p style=\"text-align: center;\"><span style=\"font-family: arial, helvetica, sans-serif; font-size: 12pt;\">\u00a0<\/span><\/p>\n<p style=\"text-align: center;\"><span style=\"font-family: arial, helvetica, sans-serif; font-size: 12pt;\">Heute werden die Preise mal au\u00dfer Acht gelassen.<\/span><\/p>\n<p style=\"text-align: center;\"><span style=\"font-family: arial, helvetica, sans-serif; font-size: 12pt;\">\u00a0<\/span><\/p>\n<p style=\"text-align: center;\"><span style=\"font-family: arial, helvetica, sans-serif; font-size: 12pt;\"><img decoding=\"async\" class=\" size-full wp-image-12040\" title=\"Mix Marinati\" src=\"https:\/\/welcome-ontour.de\/wordpress\/wp-content\/uploads\/2020\/07\/phoca_thumb_l_2019-07-03-10.jpg\" alt=\"\" width=\"400\" height=\"232\" srcset=\"https:\/\/welcome-ontour.de\/wordpress\/wp-content\/uploads\/2020\/07\/phoca_thumb_l_2019-07-03-10.jpg 400w, https:\/\/welcome-ontour.de\/wordpress\/wp-content\/uploads\/2020\/07\/phoca_thumb_l_2019-07-03-10-300x174.jpg 300w\" sizes=\"(max-width: 400px) 100vw, 400px\" \/>\u00a0 <img decoding=\"async\" class=\" size-full wp-image-12041\" title=\"Tonno Grigliati &amp; Fritto Misto\" src=\"https:\/\/welcome-ontour.de\/wordpress\/wp-content\/uploads\/2020\/07\/phoca_thumb_l_2019-07-03-11.jpg\" alt=\"\" width=\"400\" height=\"232\" srcset=\"https:\/\/welcome-ontour.de\/wordpress\/wp-content\/uploads\/2020\/07\/phoca_thumb_l_2019-07-03-11.jpg 400w, https:\/\/welcome-ontour.de\/wordpress\/wp-content\/uploads\/2020\/07\/phoca_thumb_l_2019-07-03-11-300x174.jpg 300w\" sizes=\"(max-width: 400px) 100vw, 400px\" \/><\/span><\/p>\n<p style=\"text-align: center;\"><span style=\"font-family: arial, helvetica, sans-serif; font-size: 12pt;\">\u00a0<\/span><\/p>\n<p style=\"text-align: center;\"><span style=\"font-family: arial, helvetica, sans-serif; font-size: 12pt;\"><img decoding=\"async\" class=\" size-full wp-image-12042\" title=\"Fritto Misto, Caponata, Tonno Grigliati\" src=\"https:\/\/welcome-ontour.de\/wordpress\/wp-content\/uploads\/2020\/07\/phoca_thumb_l_2019-07-03-12.jpg\" alt=\"\" width=\"400\" height=\"232\" srcset=\"https:\/\/welcome-ontour.de\/wordpress\/wp-content\/uploads\/2020\/07\/phoca_thumb_l_2019-07-03-12.jpg 400w, https:\/\/welcome-ontour.de\/wordpress\/wp-content\/uploads\/2020\/07\/phoca_thumb_l_2019-07-03-12-300x174.jpg 300w\" sizes=\"(max-width: 400px) 100vw, 400px\" \/>\u00a0 <img decoding=\"async\" class=\" size-full wp-image-12043\" title=\"Medium gegrillter Thunfisch\" src=\"https:\/\/welcome-ontour.de\/wordpress\/wp-content\/uploads\/2020\/07\/phoca_thumb_l_2019-07-03-13.jpg\" alt=\"\" width=\"400\" height=\"232\" srcset=\"https:\/\/welcome-ontour.de\/wordpress\/wp-content\/uploads\/2020\/07\/phoca_thumb_l_2019-07-03-13.jpg 400w, https:\/\/welcome-ontour.de\/wordpress\/wp-content\/uploads\/2020\/07\/phoca_thumb_l_2019-07-03-13-300x174.jpg 300w\" sizes=\"(max-width: 400px) 100vw, 400px\" \/><\/span><\/p>\n<p style=\"text-align: center;\"><span style=\"font-family: arial, helvetica, sans-serif; font-size: 12pt;\">\u00a0<\/span><\/p>\n<p style=\"text-align: center;\"><span style=\"font-family: arial, helvetica, sans-serif; font-size: 12pt;\">Und so werden f\u00fcr Mix Marinati, Caponata, Tonno Grigliati, Fritto Misto und Getr\u00e4nken knapp 70 Euro f\u00e4llig.<\/span><\/p>\n<p style=\"text-align: center;\"><span style=\"font-family: arial, helvetica, sans-serif; font-size: 12pt;\">\u00a0<\/span><\/p>\n<p style=\"text-align: center;\"><span style=\"font-family: arial, helvetica, sans-serif; font-size: 12pt;\">Gefahrene Kilometer: 50<\/span><\/p>\n<p style=\"text-align: center;\"><span style=\"font-family: arial, helvetica, sans-serif; font-size: 12pt;\">\u00a0<\/span><\/p>\n<p style=\"text-align: center;\"><span style=\"font-family: arial, helvetica, sans-serif; font-size: 12pt;\">Unterkunft: Parco Degli Ulivi, Arzachene, 148\u20ac *****<\/span><\/p>\n<p style=\"text-align: center;\"><img decoding=\"async\" class=\" size-full wp-image-11737\" src=\"https:\/\/welcome-ontour.de\/wordpress\/wp-content\/uploads\/2020\/07\/phoca_thumb_l_2019-06-22-02.jpg\" alt=\"\" width=\"249\" height=\"298\" \/><\/p>\n<p style=\"text-align: center;\"><span style=\"font-family: arial, helvetica, sans-serif; font-size: 10pt;\"><a href=\"https:\/\/welcome-ontour.de\/wordpress\/index.php\/2019-07-02\">&lt; zur\u00fcck<\/a>\u00a0 \u00a0 \u00a0 \u00a0 \u00a0 \u00a0 \u00a0 \u00a0 \u00a0 \u00a0 \u00a0 \u00a0 \u00a0 \u00a0 \u00a0 \u00a0 \u00a0 \u00a0 \u00a0 \u00a0 \u00a0 \u00a0 \u00a0 \u00a0 \u00a0 \u00a0 \u00a0 \u00a0 \u00a0 \u00a0 \u00a0 \u00a0 \u00a0 \u00a0 \u00a0 \u00a0 \u00a0 \u00a0 \u00a0 \u00a0 \u00a0 \u00a0 \u00a0 \u00a0 \u00a0 \u00a0 \u00a0 \u00a0 \u00a0 \u00a0 \u00a0 \u00a0 \u00a0 \u00a0 \u00a0 \u00a0 \u00a0 \u00a0 \u00a0 \u00a0 \u00a0 \u00a0 \u00a0 \u00a0 \u00a0 \u00a0 \u00a0 \u00a0 \u00a0 \u00a0 \u00a0 \u00a0 \u00a0 \u00a0 \u00a0 \u00a0 \u00a0 \u00a0 \u00a0 \u00a0 \u00a0 \u00a0 \u00a0 \u00a0 \u00a0 \u00a0 \u00a0 \u00a0 \u00a0 \u00a0 \u00a0 \u00a0 \u00a0 \u00a0 \u00a0 <a href=\"https:\/\/welcome-ontour.de\/wordpress\/index.php\/2019-07-04\">weiter &gt;<\/a><\/span><\/p>\n","protected":false},"excerpt":{"rendered":"<p>Prolog\u00a0 \u00a0 \u00a0 \u00a0Anreise\u00a0 \u00a0 \u00a0 \u00a0La Maddalena\u00a0\u00a0 \u00a0 \u00a0\u00a0Parco Degli Olivi\u00a0 \u00a0 \u00a0 \u00a0Cannigione\u00a0 \u00a0 \u00a0 \u00a0Costa Smeralda\u00a0 \u00a0 \u00a0 Porto Cervo\u00a0 \u00a0 \u00a0 Capo D&#8217;Orso\u00a0 \u00a0 \u00a0 Capriccioli\/Palau\u00a0 \u00a0 \u00a0 Baia Sardinia \u00a0 \u00a0 \u00a0\u00a0R\u00fcckreise\u00a0 \u00a0 \u00a0 \u00a0Fazit &lt; zur\u00fcck\u00a0 \u00a0 \u00a0 \u00a0 \u00a0 \u00a0 \u00a0 \u00a0 \u00a0 \u00a0 \u00a0 \u00a0 \u00a0 \u00a0 \u00a0 \u00a0 \u00a0 \u00a0 \u00a0 \u00a0 \u00a0 \u00a0 \u00a0 \u00a0 \u00a0 \u00a0 \u00a0 \u00a0 \u00a0 \u00a0 \u00a0 \u00a0 \u00a0 \u00a0 \u00a0 \u00a0 \u00a0 \u00a0 \u00a0 \u00a0 \u00a0 \u00a0 \u00a0 \u00a0 \u00a0 \u00a0 \u00a0 \u00a0 \u00a0 \u00a0 \u00a0 \u00a0 \u00a0 \u00a0 \u00a0 \u00a0 \u00a0 \u00a0 \u00a0 \u00a0 \u00a0 \u00a0 \u00a0 \u00a0 \u00a0 \u00a0 \u00a0 \u00a0 \u00a0 \u00a0 \u00a0 \u00a0 \u00a0 \u00a0 \u00a0 \u00a0 \u00a0 \u00a0 \u00a0 \u00a0 \u00a0 \u00a0 \u00a0 \u00a0 \u00a0 \u00a0 \u00a0 \u00a0 \u00a0 \u00a0 \u00a0 \u00a0 \u00a0 \u00a0 \u00a0 weiter &gt; Mi 3.7. \u00a0 Baia Sardinia \u00a0 Heute werden wieder 37\u00b0C erwartet. Wir werden die Str\u00e4nde um Baia Sardinia besuchen. Nach einem wiederum langen Fr\u00fchst\u00fcck geht es runter nach Cannigione und einmal um die Bucht von Arzachena. Immer geradeaus kommen wir direkt zum wirklich sch\u00f6nen Stadtstrand. \u00a0 \u00a0 Ein Parkplatz ist schnell gefunden, ebenso ein freier Platz am noch recht leeren Strand. \u00a0 \u00a0 \u00a0 Das \u00e4ndert sich jedoch schnell und schon wenig sp\u00e4ter ist es uns zu voll. Rein ins Auto und wenige Minuten weiter sind wir an der Spiaggia Tre Monti. Die Zufahrt ist verboten, vielleicht ist es deswegen so leer hier. \u00a0 \u00a0 \u00a0 Es gibt zahlreiche kleine Sandbuchten, wo maximal 2-3 Strandt\u00fccher Platz haben. \u00a0 \u00a0 \u00a0 Bei den heutigen hei\u00dfen Temperaturen ist das Baden im warmen Meerwasser auch fast keine Abk\u00fchlung mehr. \u00a0 \u00a0 Bleiben bis um zwei hier und machen uns anschlie\u00dfend auf den R\u00fcckweg. Im MD Supermarkt in Arzachena holen wir noch ein paar Souvenirs f\u00fcr zu Hause. Und sind um drei in unserer frisch gereinigten, gek\u00fchlten Suite im Parco di Ulivi. So einladend Balkon und Ausblick auch sind, die T\u00fcr bleibt zu, es ist schlicht zu hei\u00df drau\u00dfen. Nach einer kleinen Siesta verbringen wir die Zeit bis zum Abend wieder am Pool. Zu unserem letzten Dinner geht es wieder ins Tavola Blue nach Cannigione. \u00a0 \u00a0 Heute werden die Preise mal au\u00dfer Acht gelassen. \u00a0 \u00a0 \u00a0 \u00a0 \u00a0 Und so werden f\u00fcr Mix Marinati, Caponata, Tonno Grigliati, Fritto Misto und Getr\u00e4nken knapp 70 Euro f\u00e4llig. \u00a0 Gefahrene Kilometer: 50 \u00a0 Unterkunft: Parco Degli Ulivi, Arzachene, 148\u20ac ***** &lt; zur\u00fcck\u00a0 \u00a0 \u00a0 \u00a0 \u00a0 \u00a0 \u00a0 \u00a0 \u00a0 \u00a0 \u00a0 \u00a0 \u00a0 \u00a0 \u00a0 \u00a0 \u00a0 \u00a0 \u00a0 \u00a0 \u00a0 \u00a0 \u00a0 \u00a0 \u00a0 \u00a0 \u00a0 \u00a0 \u00a0 \u00a0 \u00a0 \u00a0 \u00a0 \u00a0 \u00a0 \u00a0 \u00a0 \u00a0 \u00a0 \u00a0 \u00a0 \u00a0 \u00a0 \u00a0 \u00a0 \u00a0 \u00a0 \u00a0 \u00a0 \u00a0 \u00a0 \u00a0 \u00a0 \u00a0 \u00a0 \u00a0 \u00a0 \u00a0 \u00a0 \u00a0 \u00a0 \u00a0 \u00a0 \u00a0 \u00a0 \u00a0 \u00a0 \u00a0 \u00a0 \u00a0 \u00a0 \u00a0 \u00a0 \u00a0 \u00a0 \u00a0 \u00a0 \u00a0 \u00a0 \u00a0 \u00a0 \u00a0 \u00a0 \u00a0 \u00a0 \u00a0 \u00a0 \u00a0 \u00a0 \u00a0 \u00a0 \u00a0 \u00a0 \u00a0 \u00a0 weiter &gt;<\/p>\n","protected":false},"author":1,"featured_media":12031,"parent":0,"menu_order":2,"comment_status":"closed","ping_status":"closed","template":"","meta":{"footnotes":""},"class_list":["post-12044","page","type-page","status-publish","has-post-thumbnail","hentry"],"_links":{"self":[{"href":"https:\/\/welcome-ontour.de\/wordpress\/index.php\/wp-json\/wp\/v2\/pages\/12044","targetHints":{"allow":["GET"]}}],"collection":[{"href":"https:\/\/welcome-ontour.de\/wordpress\/index.php\/wp-json\/wp\/v2\/pages"}],"about":[{"href":"https:\/\/welcome-ontour.de\/wordpress\/index.php\/wp-json\/wp\/v2\/types\/page"}],"author":[{"embeddable":true,"href":"https:\/\/welcome-ontour.de\/wordpress\/index.php\/wp-json\/wp\/v2\/users\/1"}],"replies":[{"embeddable":true,"href":"https:\/\/welcome-ontour.de\/wordpress\/index.php\/wp-json\/wp\/v2\/comments?post=12044"}],"version-history":[{"count":2,"href":"https:\/\/welcome-ontour.de\/wordpress\/index.php\/wp-json\/wp\/v2\/pages\/12044\/revisions"}],"predecessor-version":[{"id":17021,"href":"https:\/\/welcome-ontour.de\/wordpress\/index.php\/wp-json\/wp\/v2\/pages\/12044\/revisions\/17021"}],"wp:featuredmedia":[{"embeddable":true,"href":"https:\/\/welcome-ontour.de\/wordpress\/index.php\/wp-json\/wp\/v2\/media\/12031"}],"wp:attachment":[{"href":"https:\/\/welcome-ontour.de\/wordpress\/index.php\/wp-json\/wp\/v2\/media?parent=12044"}],"curies":[{"name":"wp","href":"https:\/\/api.w.org\/{rel}","templated":true}]}}