{"id":11255,"date":"2020-06-12T07:59:17","date_gmt":"2020-06-12T07:59:17","guid":{"rendered":"https:\/\/welcome-ontour.de\/wordpress\/index.php\/2018-10-04\/"},"modified":"2022-06-30T23:07:29","modified_gmt":"2022-06-30T23:07:29","slug":"2018-10-04","status":"publish","type":"page","link":"https:\/\/welcome-ontour.de\/wordpress\/index.php\/2018-10-04\/","title":{"rendered":"2018 10 04"},"content":{"rendered":"<p style=\"text-align: center;\"><span style=\"font-size: 8pt; font-family: arial, helvetica, sans-serif;\"><a href=\"https:\/\/welcome-ontour.de\/wordpress\/index.php\/2018-09-26-prolog\/\">Prolog<\/a>\u00a0\u00a0 \u00a0 \u00a0\u00a0<a href=\"https:\/\/welcome-ontour.de\/wordpress\/index.php\/2018-09-27\">Anreise<\/a>\u00a0 \u00a0 \u00a0 \u00a0 \u00a0\u00a0<a href=\"https:\/\/welcome-ontour.de\/wordpress\/index.php\/2018-09-28\">Maui<\/a>\u00a0 \u00a0 \u00a0 <a href=\"https:\/\/welcome-ontour.de\/wordpress\/index.php\/2018-10-05\">Big Island<\/a> \u00a0 \u00a0 \u00a0 <a href=\"https:\/\/welcome-ontour.de\/wordpress\/index.php\/2018-10-09\">Molokai<\/a>\u00a0 \u00a0 \u00a0 \u00a0 \u00a0<a href=\"https:\/\/welcome-ontour.de\/wordpress\/index.php\/2018-10-13\">Oahu<\/a>\u00a0 \u00a0 \u00a0 \u00a0 \u00a0\u00a0<a href=\"https:\/\/welcome-ontour.de\/wordpress\/index.php\/2018-10-18\">R\u00fcckreise<\/a>\u00a0\u00a0 \u00a0 \u00a0 \u00a0\u00a0<a href=\"https:\/\/welcome-ontour.de\/wordpress\/index.php\/2018-10-21\">Fazit<\/a><\/span><\/p>\n<p style=\"text-align: center;\"><span style=\"font-family: arial, helvetica, sans-serif; font-size: 10pt;\"><a href=\"https:\/\/welcome-ontour.de\/wordpress\/index.php\/2018-10-03\">&lt; zur\u00fcck<\/a>\u00a0 \u00a0 \u00a0 \u00a0 \u00a0 \u00a0 \u00a0 \u00a0 \u00a0 \u00a0 \u00a0 \u00a0 \u00a0 \u00a0 \u00a0 \u00a0 \u00a0 \u00a0 \u00a0 \u00a0 \u00a0 \u00a0 \u00a0 \u00a0 \u00a0 \u00a0 \u00a0 \u00a0 \u00a0 \u00a0 \u00a0 \u00a0 \u00a0 \u00a0 \u00a0 \u00a0 \u00a0 \u00a0 \u00a0 \u00a0 \u00a0 \u00a0 \u00a0 \u00a0 \u00a0 \u00a0 \u00a0 \u00a0 \u00a0 \u00a0 \u00a0 \u00a0 \u00a0 \u00a0 \u00a0 \u00a0 \u00a0 \u00a0 \u00a0 \u00a0 \u00a0 \u00a0 \u00a0 \u00a0 \u00a0 \u00a0 \u00a0 \u00a0 \u00a0 \u00a0 \u00a0 \u00a0 \u00a0 \u00a0 \u00a0 \u00a0 \u00a0 \u00a0 \u00a0 \u00a0 \u00a0 \u00a0 \u00a0 \u00a0 \u00a0 \u00a0 \u00a0 \u00a0 \u00a0 \u00a0 \u00a0 \u00a0 \u00a0 \u00a0 \u00a0 <a href=\"https:\/\/welcome-ontour.de\/wordpress\/index.php\/2018-10-05\">weiter &gt;<\/a><\/span><\/p>\n<p style=\"text-align: center;\"><span style=\"font-size: 14pt;\"><strong><span style=\"font-family: arial, helvetica, sans-serif;\">Donnerstag, 4.10.<\/span><\/strong><\/span><\/p>\n<p style=\"text-align: center;\"><span style=\"font-size: 14pt;\"><strong><span style=\"font-family: arial, helvetica, sans-serif;\">\u00a0<\/span><\/strong><\/span><\/p>\n<p style=\"text-align: center;\"><span style=\"font-size: 14pt;\"><strong><span style=\"font-family: arial, helvetica, sans-serif;\">Last Maui Day<\/span><\/strong><\/span><\/p>\n<p style=\"text-align: center;\"><span style=\"font-family: arial, helvetica, sans-serif; font-size: 12pt;\">\u00a0<\/span><\/p>\n<p style=\"text-align: center;\"><span style=\"font-family: arial, helvetica, sans-serif; font-size: 12pt;\">Wir schlafen heute ewig lange.<\/span><\/p>\n<p style=\"text-align: center;\"><span style=\"font-family: arial, helvetica, sans-serif; font-size: 12pt;\">Ein Blick nach drau\u00dfen, es nieselt bei sch\u00f6nstem Sonnenschein.<\/span><\/p>\n<p style=\"text-align: center;\"><span style=\"font-family: arial, helvetica, sans-serif; font-size: 12pt;\">Fr\u00fchst\u00fcck vorbei, Nieselregen vorbei, fast wie programmiert.<\/span><\/p>\n<p style=\"text-align: center;\"><span style=\"font-family: arial, helvetica, sans-serif; font-size: 12pt;\">Also K\u00fchltasche und Badeklamotten ins Auto und ab an den n\u00e4chsten Strand.<\/span><\/p>\n<p style=\"text-align: center;\"><span style=\"font-family: arial, helvetica, sans-serif; font-size: 12pt;\">Halten am Pohaku Park und ich geh auch ins Wasser.<\/span><\/p>\n<p style=\"text-align: center;\"><span style=\"font-family: arial, helvetica, sans-serif; font-size: 12pt;\">\u00a0<\/span><\/p>\n<p style=\"text-align: center;\"><span style=\"font-family: arial, helvetica, sans-serif; font-size: 12pt;\"><img decoding=\"async\" class=\" size-full wp-image-11247\" title=\"Pohaku\" src=\"https:\/\/welcome-ontour.de\/wordpress\/wp-content\/uploads\/2020\/06\/phoca_thumb_l_2018-10-04-01.jpg\" width=\"399\" height=\"268\" srcset=\"https:\/\/welcome-ontour.de\/wordpress\/wp-content\/uploads\/2020\/06\/phoca_thumb_l_2018-10-04-01.jpg 406w, https:\/\/welcome-ontour.de\/wordpress\/wp-content\/uploads\/2020\/06\/phoca_thumb_l_2018-10-04-01-300x202.jpg 300w\" sizes=\"(max-width: 399px) 100vw, 399px\" \/>\u00a0 <img decoding=\"async\" class=\" size-full wp-image-11248\" title=\"Pohaku\" src=\"https:\/\/welcome-ontour.de\/wordpress\/wp-content\/uploads\/2020\/06\/phoca_thumb_l_2018-10-04-02.jpg\" alt=\"\" width=\"400\" height=\"268\" srcset=\"https:\/\/welcome-ontour.de\/wordpress\/wp-content\/uploads\/2020\/06\/phoca_thumb_l_2018-10-04-02.jpg 406w, https:\/\/welcome-ontour.de\/wordpress\/wp-content\/uploads\/2020\/06\/phoca_thumb_l_2018-10-04-02-300x201.jpg 300w\" sizes=\"(max-width: 400px) 100vw, 400px\" \/><\/span><\/p>\n<p style=\"text-align: center;\"><span style=\"font-family: arial, helvetica, sans-serif; font-size: 12pt;\">\u00a0<\/span><\/p>\n<p style=\"text-align: center;\"><span style=\"font-family: arial, helvetica, sans-serif; font-size: 12pt;\">Muss aber aufpassen, von den Wellen nicht auf die vorhandenen Steine gedr\u00fcckt zu werden.<\/span><\/p>\n<p style=\"text-align: center;\"><span style=\"font-family: arial, helvetica, sans-serif; font-size: 12pt;\">Als wir am Napili Beach unverhofft einen freien Parkplatz ergattern, ist es bereits halb zwei.<\/span><\/p>\n<p style=\"text-align: center;\"><span style=\"font-family: arial, helvetica, sans-serif; font-size: 12pt;\"><img decoding=\"async\" class=\" size-full wp-image-11249\" title=\"Napili\" src=\"https:\/\/welcome-ontour.de\/wordpress\/wp-content\/uploads\/2020\/06\/phoca_thumb_l_2018-10-04-04a.jpg\" alt=\"\" width=\"210\" height=\"279\" srcset=\"https:\/\/welcome-ontour.de\/wordpress\/wp-content\/uploads\/2020\/06\/phoca_thumb_l_2018-10-04-04a.jpg 306w, https:\/\/welcome-ontour.de\/wordpress\/wp-content\/uploads\/2020\/06\/phoca_thumb_l_2018-10-04-04a-226x300.jpg 226w\" sizes=\"(max-width: 210px) 100vw, 210px\" \/>\u00a0\u00a0<img decoding=\"async\" class=\" size-full wp-image-11250\" src=\"https:\/\/welcome-ontour.de\/wordpress\/wp-content\/uploads\/2020\/06\/phoca_thumb_l_2018-10-04-04b.jpg\" alt=\"\" width=\"370\" height=\"279\" srcset=\"https:\/\/welcome-ontour.de\/wordpress\/wp-content\/uploads\/2020\/06\/phoca_thumb_l_2018-10-04-04b.jpg 406w, https:\/\/welcome-ontour.de\/wordpress\/wp-content\/uploads\/2020\/06\/phoca_thumb_l_2018-10-04-04b-300x226.jpg 300w\" sizes=\"(max-width: 370px) 100vw, 370px\" \/>\u00a0\u00a0<img decoding=\"async\" class=\" size-full wp-image-11251\" title=\"Napili\" src=\"https:\/\/welcome-ontour.de\/wordpress\/wp-content\/uploads\/2020\/06\/phoca_thumb_l_2018-10-04-04c.jpg\" alt=\"\" width=\"210\" height=\"279\" srcset=\"https:\/\/welcome-ontour.de\/wordpress\/wp-content\/uploads\/2020\/06\/phoca_thumb_l_2018-10-04-04c.jpg 306w, https:\/\/welcome-ontour.de\/wordpress\/wp-content\/uploads\/2020\/06\/phoca_thumb_l_2018-10-04-04c-226x300.jpg 226w\" sizes=\"(max-width: 210px) 100vw, 210px\" \/><\/span><\/p>\n<p style=\"text-align: center;\"><span style=\"font-family: arial, helvetica, sans-serif; font-size: 12pt;\">Der Strand gef\u00e4llt uns ausgezeichnet und in unseren bequemen Beach Chairs\u00a0<\/span><span style=\"font-family: arial, helvetica, sans-serif; font-size: 12pt;\">l\u00e4sst es sich prima aushalten.<\/span><\/p>\n<p style=\"text-align: center;\"><span style=\"font-family: arial, helvetica, sans-serif; font-size: 12pt;\">Anfangs gibt es recht starke Wellen, in denen es richtig Spa\u00df macht umher zu toben.<\/span><\/p>\n<p style=\"text-align: center;\"><span style=\"font-size: 12pt;\">Am sp\u00e4teren Nachmittag lassen Wind und Wellen nach.<\/span><\/p>\n<p style=\"text-align: center;\"><span style=\"font-family: arial, helvetica, sans-serif; font-size: 12pt;\">\u00a0<\/span><\/p>\n<p style=\"text-align: center;\"><span style=\"font-family: arial, helvetica, sans-serif; font-size: 12pt;\"><img decoding=\"async\" class=\" size-full wp-image-11252\" title=\"Napili\" src=\"https:\/\/welcome-ontour.de\/wordpress\/wp-content\/uploads\/2020\/06\/phoca_thumb_l_2018-10-04-03.jpg\" width=\"400\" height=\"226\" srcset=\"https:\/\/welcome-ontour.de\/wordpress\/wp-content\/uploads\/2020\/06\/phoca_thumb_l_2018-10-04-03.jpg 606w, https:\/\/welcome-ontour.de\/wordpress\/wp-content\/uploads\/2020\/06\/phoca_thumb_l_2018-10-04-03-300x169.jpg 300w\" sizes=\"(max-width: 400px) 100vw, 400px\" \/>\u00a0\u00a0<\/span><span style=\"font-family: arial, helvetica, sans-serif; font-size: 12pt;\"><img decoding=\"async\" class=\" size-full wp-image-11253\" title=\"Napili\" src=\"https:\/\/welcome-ontour.de\/wordpress\/wp-content\/uploads\/2020\/06\/phoca_thumb_l_2018-10-04-04.jpg\" width=\"398\" height=\"226\" srcset=\"https:\/\/welcome-ontour.de\/wordpress\/wp-content\/uploads\/2020\/06\/phoca_thumb_l_2018-10-04-04.jpg 606w, https:\/\/welcome-ontour.de\/wordpress\/wp-content\/uploads\/2020\/06\/phoca_thumb_l_2018-10-04-04-300x170.jpg 300w\" sizes=\"(max-width: 398px) 100vw, 398px\" \/><\/span><\/p>\n<p style=\"text-align: center;\"><span style=\"font-family: arial, helvetica, sans-serif; font-size: 12pt;\">\u00a0<\/span><\/p>\n<p style=\"text-align: center;\"><span style=\"font-family: arial, helvetica, sans-serif; font-size: 12pt;\">Als unsere K\u00fchltasche leer ist, erleben wir bei v\u00f6lliger Windstille einen unserer sch\u00f6nsten Sonnenunterg\u00e4nge.<\/span><\/p>\n<p style=\"text-align: center;\"><span style=\"font-family: arial, helvetica, sans-serif; font-size: 12pt;\">\u00a0<\/span><\/p>\n<p style=\"text-align: center;\"><span style=\"font-family: arial, helvetica, sans-serif; font-size: 12pt;\"><img decoding=\"async\" class=\" size-full wp-image-11254\" title=\"Sunset\" src=\"https:\/\/welcome-ontour.de\/wordpress\/wp-content\/uploads\/2020\/06\/phoca_thumb_l_2018-10-04-05.jpg\" alt=\"\" width=\"810\" height=\"257\" srcset=\"https:\/\/welcome-ontour.de\/wordpress\/wp-content\/uploads\/2020\/06\/phoca_thumb_l_2018-10-04-05.jpg 810w, https:\/\/welcome-ontour.de\/wordpress\/wp-content\/uploads\/2020\/06\/phoca_thumb_l_2018-10-04-05-300x95.jpg 300w, https:\/\/welcome-ontour.de\/wordpress\/wp-content\/uploads\/2020\/06\/phoca_thumb_l_2018-10-04-05-768x244.jpg 768w\" sizes=\"(max-width: 810px) 100vw, 810px\" \/><\/span><\/p>\n<p style=\"text-align: center;\"><span style=\"font-family: arial, helvetica, sans-serif; font-size: 12pt;\">\u00a0<\/span><\/p>\n<p style=\"text-align: center;\"><span style=\"font-family: arial, helvetica, sans-serif; font-size: 12pt;\">Zur\u00fcck im Quartier futtern und trinken wir unsere letzten Vorr\u00e4te.<\/span><\/p>\n<p style=\"text-align: center;\"><span style=\"font-family: arial, helvetica, sans-serif; font-size: 12pt;\">Es ist schon eine kleine Herausforderung, nicht zu viel einzukaufen.<\/span><\/p>\n<p style=\"text-align: center;\"><span style=\"font-family: arial, helvetica, sans-serif; font-size: 12pt;\">Denn da wir ausschlie\u00dflich mit Handgep\u00e4ck reisen, k\u00f6nnen wir auch auf den Inselfl\u00fcgen kaum etwas mitnehmen.<\/span><\/p>\n<p style=\"text-align: center;\"><span style=\"font-family: arial, helvetica, sans-serif; font-size: 12pt;\">Ich check online f\u00fcr unsere morgigen Fl\u00fcge nach Kona ein <\/span><\/p>\n<p style=\"text-align: center;\"><span style=\"font-family: arial, helvetica, sans-serif; font-size: 12pt;\">und druck die Bordkarten im Business-Center des Resorts aus.<\/span><\/p>\n<p style=\"text-align: center;\"><span style=\"font-family: arial, helvetica, sans-serif; font-size: 12pt;\">Unseren letzten Tag in dieser wundervollen Umgebung <\/span><\/p>\n<p style=\"text-align: center;\"><span style=\"font-family: arial, helvetica, sans-serif; font-size: 12pt;\">beenden wir mit leckeren Mai Tais.<\/span><\/p>\n<p style=\"text-align: center;\"><span style=\"font-family: arial, helvetica, sans-serif; font-size: 12pt;\">\u00a0<\/span><\/p>\n<p style=\"text-align: center;\"><span style=\"font-family: arial, helvetica, sans-serif; font-size: 12pt;\">Gefahrene Meilen \/ Kilometer: 15 \/ 24<\/span><\/p>\n<p style=\"text-align: center;\"><span style=\"font-family: arial, helvetica, sans-serif; font-size: 12pt;\">\u00a0<\/span><\/p>\n<p style=\"text-align: center;\"><span style=\"font-family: arial, helvetica, sans-serif; font-size: 12pt;\">Unterkunft: Aston Maui Kaanapali Villas, Kaanapali, Maui, Hawaii $166 *****<\/span><\/p>\n<p><span style=\"font-family: arial, helvetica, sans-serif; font-size: 12pt;\"><img decoding=\"async\" class=\" size-full wp-image-11003\" style=\"display: block; margin-left: auto; margin-right: auto;\" title=\"Hawaii 2018\" src=\"https:\/\/welcome-ontour.de\/wordpress\/wp-content\/uploads\/2020\/06\/phoca_thumb_l_2018-09-26-04.jpg\" width=\"350\" height=\"237\" srcset=\"https:\/\/welcome-ontour.de\/wordpress\/wp-content\/uploads\/2020\/06\/phoca_thumb_l_2018-09-26-04.jpg 600w, https:\/\/welcome-ontour.de\/wordpress\/wp-content\/uploads\/2020\/06\/phoca_thumb_l_2018-09-26-04-300x203.jpg 300w\" sizes=\"(max-width: 350px) 100vw, 350px\" \/><\/span><\/p>\n<p style=\"text-align: center;\"><span style=\"font-family: arial, helvetica, sans-serif; font-size: 12pt;\">\u00a0<\/span><\/p>\n<p style=\"text-align: center;\"><span style=\"font-family: arial, helvetica, sans-serif; font-size: 10pt;\"><a href=\"https:\/\/welcome-ontour.de\/wordpress\/index.php\/2018-10-03\">&lt; zur\u00fcck<\/a>\u00a0 \u00a0 \u00a0 \u00a0 \u00a0 \u00a0 \u00a0 \u00a0 \u00a0 \u00a0 \u00a0 \u00a0 \u00a0 \u00a0 \u00a0 \u00a0 \u00a0 \u00a0 \u00a0 \u00a0 \u00a0 \u00a0 \u00a0 \u00a0 \u00a0 \u00a0 \u00a0 \u00a0 \u00a0 \u00a0 \u00a0 \u00a0 \u00a0 \u00a0 \u00a0 \u00a0 \u00a0 \u00a0 \u00a0 \u00a0 \u00a0 \u00a0 \u00a0 \u00a0 \u00a0 \u00a0 \u00a0 \u00a0 \u00a0 \u00a0 \u00a0 \u00a0 \u00a0 \u00a0 \u00a0 \u00a0 \u00a0 \u00a0 \u00a0 \u00a0 \u00a0 \u00a0 \u00a0 \u00a0 \u00a0 \u00a0 \u00a0 \u00a0 \u00a0 \u00a0 \u00a0 \u00a0 \u00a0 \u00a0 \u00a0 \u00a0 \u00a0 \u00a0 \u00a0 \u00a0 \u00a0 \u00a0 \u00a0 \u00a0 \u00a0 \u00a0 \u00a0 \u00a0 \u00a0 \u00a0 \u00a0 \u00a0 \u00a0 \u00a0 \u00a0 <a href=\"https:\/\/welcome-ontour.de\/wordpress\/index.php\/2018-10-05\">weiter &gt;<\/a><\/span><\/p>\n","protected":false},"excerpt":{"rendered":"<p>Prolog\u00a0\u00a0 \u00a0 \u00a0\u00a0Anreise\u00a0 \u00a0 \u00a0 \u00a0 \u00a0\u00a0Maui\u00a0 \u00a0 \u00a0 Big Island \u00a0 \u00a0 \u00a0 Molokai\u00a0 \u00a0 \u00a0 \u00a0 \u00a0Oahu\u00a0 \u00a0 \u00a0 \u00a0 \u00a0\u00a0R\u00fcckreise\u00a0\u00a0 \u00a0 \u00a0 \u00a0\u00a0Fazit &lt; zur\u00fcck\u00a0 \u00a0 \u00a0 \u00a0 \u00a0 \u00a0 \u00a0 \u00a0 \u00a0 \u00a0 \u00a0 \u00a0 \u00a0 \u00a0 \u00a0 \u00a0 \u00a0 \u00a0 \u00a0 \u00a0 \u00a0 \u00a0 \u00a0 \u00a0 \u00a0 \u00a0 \u00a0 \u00a0 \u00a0 \u00a0 \u00a0 \u00a0 \u00a0 \u00a0 \u00a0 \u00a0 \u00a0 \u00a0 \u00a0 \u00a0 \u00a0 \u00a0 \u00a0 \u00a0 \u00a0 \u00a0 \u00a0 \u00a0 \u00a0 \u00a0 \u00a0 \u00a0 \u00a0 \u00a0 \u00a0 \u00a0 \u00a0 \u00a0 \u00a0 \u00a0 \u00a0 \u00a0 \u00a0 \u00a0 \u00a0 \u00a0 \u00a0 \u00a0 \u00a0 \u00a0 \u00a0 \u00a0 \u00a0 \u00a0 \u00a0 \u00a0 \u00a0 \u00a0 \u00a0 \u00a0 \u00a0 \u00a0 \u00a0 \u00a0 \u00a0 \u00a0 \u00a0 \u00a0 \u00a0 \u00a0 \u00a0 \u00a0 \u00a0 \u00a0 \u00a0 weiter &gt; Donnerstag, 4.10. \u00a0 Last Maui Day \u00a0 Wir schlafen heute ewig lange. Ein Blick nach drau\u00dfen, es nieselt bei sch\u00f6nstem Sonnenschein. Fr\u00fchst\u00fcck vorbei, Nieselregen vorbei, fast wie programmiert. Also K\u00fchltasche und Badeklamotten ins Auto und ab an den n\u00e4chsten Strand. Halten am Pohaku Park und ich geh auch ins Wasser. \u00a0 \u00a0 \u00a0 Muss aber aufpassen, von den Wellen nicht auf die vorhandenen Steine gedr\u00fcckt zu werden. Als wir am Napili Beach unverhofft einen freien Parkplatz ergattern, ist es bereits halb zwei. \u00a0\u00a0\u00a0\u00a0 Der Strand gef\u00e4llt uns ausgezeichnet und in unseren bequemen Beach Chairs\u00a0l\u00e4sst es sich prima aushalten. Anfangs gibt es recht starke Wellen, in denen es richtig Spa\u00df macht umher zu toben. Am sp\u00e4teren Nachmittag lassen Wind und Wellen nach. \u00a0 \u00a0\u00a0 \u00a0 Als unsere K\u00fchltasche leer ist, erleben wir bei v\u00f6lliger Windstille einen unserer sch\u00f6nsten Sonnenunterg\u00e4nge. \u00a0 \u00a0 Zur\u00fcck im Quartier futtern und trinken wir unsere letzten Vorr\u00e4te. Es ist schon eine kleine Herausforderung, nicht zu viel einzukaufen. Denn da wir ausschlie\u00dflich mit Handgep\u00e4ck reisen, k\u00f6nnen wir auch auf den Inselfl\u00fcgen kaum etwas mitnehmen. Ich check online f\u00fcr unsere morgigen Fl\u00fcge nach Kona ein und druck die Bordkarten im Business-Center des Resorts aus. Unseren letzten Tag in dieser wundervollen Umgebung beenden wir mit leckeren Mai Tais. \u00a0 Gefahrene Meilen \/ Kilometer: 15 \/ 24 \u00a0 Unterkunft: Aston Maui Kaanapali Villas, Kaanapali, Maui, Hawaii $166 ***** \u00a0 &lt; zur\u00fcck\u00a0 \u00a0 \u00a0 \u00a0 \u00a0 \u00a0 \u00a0 \u00a0 \u00a0 \u00a0 \u00a0 \u00a0 \u00a0 \u00a0 \u00a0 \u00a0 \u00a0 \u00a0 \u00a0 \u00a0 \u00a0 \u00a0 \u00a0 \u00a0 \u00a0 \u00a0 \u00a0 \u00a0 \u00a0 \u00a0 \u00a0 \u00a0 \u00a0 \u00a0 \u00a0 \u00a0 \u00a0 \u00a0 \u00a0 \u00a0 \u00a0 \u00a0 \u00a0 \u00a0 \u00a0 \u00a0 \u00a0 \u00a0 \u00a0 \u00a0 \u00a0 \u00a0 \u00a0 \u00a0 \u00a0 \u00a0 \u00a0 \u00a0 \u00a0 \u00a0 \u00a0 \u00a0 \u00a0 \u00a0 \u00a0 \u00a0 \u00a0 \u00a0 \u00a0 \u00a0 \u00a0 \u00a0 \u00a0 \u00a0 \u00a0 \u00a0 \u00a0 \u00a0 \u00a0 \u00a0 \u00a0 \u00a0 \u00a0 \u00a0 \u00a0 \u00a0 \u00a0 \u00a0 \u00a0 \u00a0 \u00a0 \u00a0 \u00a0 \u00a0 \u00a0 weiter &gt;<\/p>\n","protected":false},"author":1,"featured_media":11247,"parent":0,"menu_order":17,"comment_status":"closed","ping_status":"closed","template":"","meta":{"footnotes":""},"class_list":["post-11255","page","type-page","status-publish","has-post-thumbnail","hentry"],"_links":{"self":[{"href":"https:\/\/welcome-ontour.de\/wordpress\/index.php\/wp-json\/wp\/v2\/pages\/11255","targetHints":{"allow":["GET"]}}],"collection":[{"href":"https:\/\/welcome-ontour.de\/wordpress\/index.php\/wp-json\/wp\/v2\/pages"}],"about":[{"href":"https:\/\/welcome-ontour.de\/wordpress\/index.php\/wp-json\/wp\/v2\/types\/page"}],"author":[{"embeddable":true,"href":"https:\/\/welcome-ontour.de\/wordpress\/index.php\/wp-json\/wp\/v2\/users\/1"}],"replies":[{"embeddable":true,"href":"https:\/\/welcome-ontour.de\/wordpress\/index.php\/wp-json\/wp\/v2\/comments?post=11255"}],"version-history":[{"count":2,"href":"https:\/\/welcome-ontour.de\/wordpress\/index.php\/wp-json\/wp\/v2\/pages\/11255\/revisions"}],"predecessor-version":[{"id":17055,"href":"https:\/\/welcome-ontour.de\/wordpress\/index.php\/wp-json\/wp\/v2\/pages\/11255\/revisions\/17055"}],"wp:featuredmedia":[{"embeddable":true,"href":"https:\/\/welcome-ontour.de\/wordpress\/index.php\/wp-json\/wp\/v2\/media\/11247"}],"wp:attachment":[{"href":"https:\/\/welcome-ontour.de\/wordpress\/index.php\/wp-json\/wp\/v2\/media?parent=11255"}],"curies":[{"name":"wp","href":"https:\/\/api.w.org\/{rel}","templated":true}]}}