{"id":11156,"date":"2020-06-12T07:58:28","date_gmt":"2020-06-12T07:58:28","guid":{"rendered":"https:\/\/welcome-ontour.de\/wordpress\/index.php\/2018-09-29\/"},"modified":"2022-06-30T23:07:31","modified_gmt":"2022-06-30T23:07:31","slug":"2018-09-29","status":"publish","type":"page","link":"https:\/\/welcome-ontour.de\/wordpress\/index.php\/2018-09-29\/","title":{"rendered":"2018 09 29"},"content":{"rendered":"<p style=\"text-align: center;\"><span style=\"font-size: 8pt; font-family: arial, helvetica, sans-serif;\"><a href=\"https:\/\/welcome-ontour.de\/wordpress\/index.php\/2018-09-26-prolog\/\">Prolog<\/a>\u00a0\u00a0 \u00a0 \u00a0\u00a0<a href=\"https:\/\/welcome-ontour.de\/wordpress\/index.php\/2018-09-27\">Anreise<\/a>\u00a0 \u00a0 \u00a0 \u00a0 \u00a0\u00a0<a href=\"https:\/\/welcome-ontour.de\/wordpress\/index.php\/2018-09-28\">Maui<\/a>\u00a0 \u00a0 \u00a0 <a href=\"https:\/\/welcome-ontour.de\/wordpress\/index.php\/2018-10-05\">Big Island<\/a> \u00a0 \u00a0 \u00a0 <a href=\"https:\/\/welcome-ontour.de\/wordpress\/index.php\/2018-10-09\">Molokai<\/a>\u00a0 \u00a0 \u00a0 \u00a0 \u00a0<a href=\"https:\/\/welcome-ontour.de\/wordpress\/index.php\/2018-10-13\">Oahu<\/a>\u00a0 \u00a0 \u00a0 \u00a0 \u00a0\u00a0<a href=\"https:\/\/welcome-ontour.de\/wordpress\/index.php\/2018-10-18\">R\u00fcckreise<\/a>\u00a0\u00a0 \u00a0 \u00a0 \u00a0\u00a0<a href=\"https:\/\/welcome-ontour.de\/wordpress\/index.php\/2018-10-21\">Fazit<\/a><\/span><\/p>\n<p style=\"text-align: center;\"><span style=\"font-family: arial, helvetica, sans-serif; font-size: 10pt;\"><a href=\"https:\/\/welcome-ontour.de\/wordpress\/index.php\/2018-09-28\">&lt; zur\u00fcck<\/a>\u00a0 \u00a0 \u00a0 \u00a0 \u00a0 \u00a0 \u00a0 \u00a0 \u00a0 \u00a0 \u00a0 \u00a0 \u00a0 \u00a0 \u00a0 \u00a0 \u00a0 \u00a0 \u00a0 \u00a0 \u00a0 \u00a0 \u00a0 \u00a0 \u00a0 \u00a0 \u00a0 \u00a0 \u00a0 \u00a0 \u00a0 \u00a0 \u00a0 \u00a0 \u00a0 \u00a0 \u00a0 \u00a0 \u00a0 \u00a0 \u00a0 \u00a0 \u00a0 \u00a0 \u00a0 \u00a0 \u00a0 \u00a0 \u00a0 \u00a0 \u00a0 \u00a0 \u00a0 \u00a0 \u00a0 \u00a0 \u00a0 \u00a0 \u00a0 \u00a0 \u00a0 \u00a0 \u00a0 \u00a0 \u00a0 \u00a0 \u00a0 \u00a0 \u00a0 \u00a0 \u00a0 \u00a0 \u00a0 \u00a0 \u00a0 \u00a0 \u00a0 \u00a0 \u00a0 \u00a0 \u00a0 \u00a0 \u00a0 \u00a0 \u00a0 \u00a0 \u00a0 \u00a0 \u00a0 \u00a0 \u00a0 \u00a0 \u00a0 \u00a0 \u00a0 <a href=\"https:\/\/welcome-ontour.de\/wordpress\/index.php\/2018-09-30\">weiter &gt;<\/a><\/span><\/p>\n<p style=\"text-align: center;\"><span style=\"font-size: 14pt;\"><strong><span style=\"font-family: arial, helvetica, sans-serif;\">Samstag, 29.9.<\/span><\/strong><\/span><\/p>\n<p style=\"text-align: center;\"><span style=\"font-size: 14pt;\"><strong><span style=\"font-family: arial, helvetica, sans-serif;\">\u00a0<\/span><\/strong><\/span><\/p>\n<p style=\"text-align: center;\"><span style=\"font-size: 14pt;\"><strong><span style=\"font-family: arial, helvetica, sans-serif;\">Flemming Beach \/ Kahekili Beach<\/span><\/strong><\/span><\/p>\n<p style=\"text-align: center;\"><span style=\"font-family: arial, helvetica, sans-serif; font-size: 12pt;\">\u00a0<\/span><\/p>\n<p style=\"text-align: center;\"><span style=\"font-family: arial, helvetica, sans-serif; font-size: 12pt;\">Um sieben sind wir ausgeschlafen.<\/span><\/p>\n<p style=\"text-align: center;\"><span style=\"font-family: arial, helvetica, sans-serif; font-size: 12pt;\">Unser erstes Hawaii Breakfast besteht aus einer Pfanne mit Tomaten, Zwiebeln, Knoblauch und Spiegeleiern.<\/span><\/p>\n<p style=\"text-align: center;\"><span style=\"font-family: arial, helvetica, sans-serif; font-size: 12pt;\">Dazu gibt es Toasties, Jelly, Chickenbreast, Hot Salsa, Guave-Lilikoi Saft, Maui Kaffee <\/span><\/p>\n<p style=\"text-align: center;\"><span style=\"font-family: arial, helvetica, sans-serif; font-size: 12pt;\">und jede Menge frisches Obst.<\/span><\/p>\n<p style=\"text-align: center;\"><span style=\"font-family: arial, helvetica, sans-serif; font-size: 12pt;\">\u00a0<\/span><\/p>\n<p style=\"text-align: center;\"><span style=\"font-family: arial, helvetica, sans-serif; font-size: 12pt;\"><a href=\"https:\/\/welcome-ontour.de\/wordpress\/wp-content\/uploads\/2020\/06\/phoca_thumb_l_2018-09-29-01.jpg\" target=\"_blank\" rel=\"noopener noreferrer\"><img decoding=\"async\" class=\" size-full wp-image-11088\" title=\"Breakfast\" src=\"https:\/\/welcome-ontour.de\/wordpress\/wp-content\/uploads\/2020\/06\/phoca_thumb_l_2018-09-29-01.jpg\" alt=\"\" width=\"500\" height=\"376\" srcset=\"https:\/\/welcome-ontour.de\/wordpress\/wp-content\/uploads\/2020\/06\/phoca_thumb_l_2018-09-29-01.jpg 606w, https:\/\/welcome-ontour.de\/wordpress\/wp-content\/uploads\/2020\/06\/phoca_thumb_l_2018-09-29-01-300x226.jpg 300w\" sizes=\"(max-width: 500px) 100vw, 500px\" \/><\/a><\/span><\/p>\n<p style=\"text-align: center;\"><span style=\"font-family: arial, helvetica, sans-serif; font-size: 12pt;\">\u00a0<\/span><\/p>\n<p style=\"text-align: center;\"><span style=\"font-family: arial, helvetica, sans-serif; font-size: 12pt;\">Papaya, Ananas, Mango, Guaven oder Carambole-Sternfrucht, alles schmeckt k\u00f6stlich.<\/span><\/p>\n<p style=\"text-align: center;\"><span style=\"font-family: arial, helvetica, sans-serif; font-size: 12pt;\">W\u00e4hrend des Fr\u00fchst\u00fccks m\u00fcssen wir die Balkont\u00fcr schlie\u00dfen und die Klimaanlage starten.<\/span><\/p>\n<p style=\"text-align: center;\"><span style=\"font-family: arial, helvetica, sans-serif; font-size: 12pt;\">Die Hitze von drau\u00dfen ist schon wieder fast zu viel des Guten.<\/span><\/p>\n<p style=\"text-align: center;\"><span style=\"font-family: arial, helvetica, sans-serif; font-size: 12pt;\">Unser erstes Ziel f\u00fcr heute soll der Flemming Beach sein.<\/span><\/p>\n<p style=\"text-align: center;\"><span style=\"font-family: arial, helvetica, sans-serif; font-size: 12pt;\">Als wir etwa halb zehn runter zum Auto gehen, sind es schon 32\u00b0C.<\/span><\/p>\n<p style=\"text-align: center;\"><span style=\"font-family: arial, helvetica, sans-serif; font-size: 12pt;\">\u00a0<\/span><\/p>\n<p style=\"text-align: center;\"><span style=\"font-family: arial, helvetica, sans-serif; font-size: 12pt;\"><a href=\"https:\/\/welcome-ontour.de\/wordpress\/wp-content\/uploads\/2020\/06\/phoca_thumb_l_2018-09-29-02.jpg\" target=\"_blank\" rel=\"noopener noreferrer\"><img decoding=\"async\" class=\" size-full wp-image-11089\" title=\"32\u00b0C\" src=\"https:\/\/welcome-ontour.de\/wordpress\/wp-content\/uploads\/2020\/06\/phoca_thumb_l_2018-09-29-02.jpg\" alt=\"\" width=\"175\" height=\"232\" srcset=\"https:\/\/welcome-ontour.de\/wordpress\/wp-content\/uploads\/2020\/06\/phoca_thumb_l_2018-09-29-02.jpg 381w, https:\/\/welcome-ontour.de\/wordpress\/wp-content\/uploads\/2020\/06\/phoca_thumb_l_2018-09-29-02-226x300.jpg 226w\" sizes=\"(max-width: 175px) 100vw, 175px\" \/><\/a>\u00a0 <a href=\"https:\/\/welcome-ontour.de\/wordpress\/wp-content\/uploads\/2020\/06\/phoca_thumb_l_2018-09-29-03.jpg\" target=\"_blank\" rel=\"noopener noreferrer\"><img decoding=\"async\" class=\" size-full wp-image-11090\" title=\"Unterwegs\" src=\"https:\/\/welcome-ontour.de\/wordpress\/wp-content\/uploads\/2020\/06\/phoca_thumb_l_2018-09-29-03.jpg\" width=\"308\" height=\"232\" srcset=\"https:\/\/welcome-ontour.de\/wordpress\/wp-content\/uploads\/2020\/06\/phoca_thumb_l_2018-09-29-03.jpg 606w, https:\/\/welcome-ontour.de\/wordpress\/wp-content\/uploads\/2020\/06\/phoca_thumb_l_2018-09-29-03-300x226.jpg 300w\" sizes=\"(max-width: 308px) 100vw, 308px\" \/><\/a>\u00a0 <a href=\"https:\/\/welcome-ontour.de\/wordpress\/wp-content\/uploads\/2020\/06\/phoca_thumb_l_2018-09-29-04.jpg\" target=\"_blank\" rel=\"noopener noreferrer\"><img decoding=\"async\" class=\" size-full wp-image-11091\" title=\"Wir\" src=\"https:\/\/welcome-ontour.de\/wordpress\/wp-content\/uploads\/2020\/06\/phoca_thumb_l_2018-09-29-04.jpg\" alt=\"\" width=\"308\" height=\"232\" srcset=\"https:\/\/welcome-ontour.de\/wordpress\/wp-content\/uploads\/2020\/06\/phoca_thumb_l_2018-09-29-04.jpg 606w, https:\/\/welcome-ontour.de\/wordpress\/wp-content\/uploads\/2020\/06\/phoca_thumb_l_2018-09-29-04-300x226.jpg 300w\" sizes=\"(max-width: 308px) 100vw, 308px\" \/><\/a><\/span><\/p>\n<p style=\"text-align: center;\"><span style=\"font-family: arial, helvetica, sans-serif; font-size: 12pt;\">\u00a0<\/span><\/p>\n<p style=\"text-align: center;\"><span style=\"font-family: arial, helvetica, sans-serif; font-size: 12pt;\">Wir brauchen ein paar Tage bis wir mit den hei\u00dfen Sommertemperaturen zurechtkommen.<\/span><\/p>\n<p style=\"text-align: center;\"><span style=\"font-family: arial, helvetica, sans-serif; font-size: 12pt;\">Im ge\u00f6ffneten Cabrio ist die Fahrt ein Genuss.<\/span><\/p>\n<p style=\"text-align: center;\"><span style=\"font-family: arial, helvetica, sans-serif; font-size: 12pt;\">Am Strand angekommen merken wir dann, wie windig es heute ist.<\/span><\/p>\n<p style=\"text-align: center;\"><span style=\"font-family: arial, helvetica, sans-serif; font-size: 12pt;\">\u00a0<\/span><\/p>\n<p style=\"text-align: center;\"><span style=\"font-family: arial, helvetica, sans-serif; font-size: 12pt;\"><img decoding=\"async\" class=\" size-full wp-image-11092\" title=\"Flemming Beach\" src=\"https:\/\/welcome-ontour.de\/wordpress\/wp-content\/uploads\/2020\/06\/phoca_thumb_l_2018-09-29-05.jpg\" alt=\"\" width=\"810\" height=\"458\" srcset=\"https:\/\/welcome-ontour.de\/wordpress\/wp-content\/uploads\/2020\/06\/phoca_thumb_l_2018-09-29-05.jpg 810w, https:\/\/welcome-ontour.de\/wordpress\/wp-content\/uploads\/2020\/06\/phoca_thumb_l_2018-09-29-05-300x170.jpg 300w, https:\/\/welcome-ontour.de\/wordpress\/wp-content\/uploads\/2020\/06\/phoca_thumb_l_2018-09-29-05-768x434.jpg 768w\" sizes=\"(max-width: 810px) 100vw, 810px\" \/><\/span><\/p>\n<p style=\"text-align: center;\"><span style=\"font-family: arial, helvetica, sans-serif; font-size: 12pt;\">\u00a0<\/span><\/p>\n<p style=\"text-align: center;\"><span style=\"font-family: arial, helvetica, sans-serif; font-size: 12pt;\">Flemming Beach ist zwar sch\u00f6n anzusehen, aber an Baden ist aufgrund der Wellen nicht zu denken.<\/span><\/p>\n<p style=\"text-align: center;\"><span style=\"font-family: arial, helvetica, sans-serif; font-size: 12pt;\">Wir machen einen Spaziergang zu den Drachenz\u00e4hnen und Kapalua Labyrinth.<\/span><\/p>\n<p style=\"text-align: center;\"><span style=\"font-family: arial, helvetica, sans-serif; font-size: 12pt;\">\u00a0<\/span><\/p>\n<p style=\"text-align: center;\"><span style=\"font-family: arial, helvetica, sans-serif; font-size: 12pt;\"><img decoding=\"async\" class=\" size-full wp-image-11093\" title=\"Drachenz\u00e4hne\" src=\"https:\/\/welcome-ontour.de\/wordpress\/wp-content\/uploads\/2020\/06\/phoca_thumb_l_2018-09-29-06.jpg\" width=\"400\" height=\"268\" srcset=\"https:\/\/welcome-ontour.de\/wordpress\/wp-content\/uploads\/2020\/06\/phoca_thumb_l_2018-09-29-06.jpg 606w, https:\/\/welcome-ontour.de\/wordpress\/wp-content\/uploads\/2020\/06\/phoca_thumb_l_2018-09-29-06-300x201.jpg 300w\" sizes=\"(max-width: 400px) 100vw, 400px\" \/>\u00a0 <img decoding=\"async\" class=\" size-full wp-image-11104\" title=\"Labyrinth\" src=\"https:\/\/welcome-ontour.de\/wordpress\/wp-content\/uploads\/2020\/06\/phoca_thumb_l_2018-09-29-07.jpg\" alt=\"\" width=\"400\" height=\"268\" srcset=\"https:\/\/welcome-ontour.de\/wordpress\/wp-content\/uploads\/2020\/06\/phoca_thumb_l_2018-09-29-07.jpg 606w, https:\/\/welcome-ontour.de\/wordpress\/wp-content\/uploads\/2020\/06\/phoca_thumb_l_2018-09-29-07-300x201.jpg 300w\" sizes=\"(max-width: 400px) 100vw, 400px\" \/><\/span><\/p>\n<p style=\"text-align: center;\"><span style=\"font-family: arial, helvetica, sans-serif; font-size: 12pt;\">\u00a0<\/span><\/p>\n<p style=\"text-align: center;\"><span style=\"font-family: arial, helvetica, sans-serif; font-size: 12pt;\">Fahren dann zur\u00fcck zu unserem Hausstrand, dem Kahekili Beach.<\/span><\/p>\n<p style=\"text-align: center;\"><span style=\"font-family: arial, helvetica, sans-serif; font-size: 12pt;\">\u00a0<\/span><\/p>\n<p style=\"text-align: center;\"><span style=\"font-family: arial, helvetica, sans-serif; font-size: 12pt;\"><img decoding=\"async\" class=\" size-full wp-image-11115\" title=\"Kaanapali Villas Resort\" src=\"https:\/\/welcome-ontour.de\/wordpress\/wp-content\/uploads\/2020\/06\/phoca_thumb_l_2018-09-29-08.jpg\" width=\"400\" height=\"268\" srcset=\"https:\/\/welcome-ontour.de\/wordpress\/wp-content\/uploads\/2020\/06\/phoca_thumb_l_2018-09-29-08.jpg 606w, https:\/\/welcome-ontour.de\/wordpress\/wp-content\/uploads\/2020\/06\/phoca_thumb_l_2018-09-29-08-300x201.jpg 300w\" sizes=\"(max-width: 400px) 100vw, 400px\" \/>\u00a0 <img decoding=\"async\" class=\" size-full wp-image-11126\" title=\"Kaanapali Villas Resort\" src=\"https:\/\/welcome-ontour.de\/wordpress\/wp-content\/uploads\/2020\/06\/phoca_thumb_l_2018-09-29-09.jpg\" alt=\"\" width=\"400\" height=\"268\" srcset=\"https:\/\/welcome-ontour.de\/wordpress\/wp-content\/uploads\/2020\/06\/phoca_thumb_l_2018-09-29-09.jpg 606w, https:\/\/welcome-ontour.de\/wordpress\/wp-content\/uploads\/2020\/06\/phoca_thumb_l_2018-09-29-09-300x201.jpg 300w\" sizes=\"(max-width: 400px) 100vw, 400px\" \/><\/span><\/p>\n<p style=\"text-align: center;\"><span style=\"font-family: arial, helvetica, sans-serif; font-size: 12pt;\">\u00a0<\/span><\/p>\n<p style=\"text-align: center;\"><span style=\"font-family: arial, helvetica, sans-serif; font-size: 12pt;\"><img decoding=\"async\" class=\" size-full wp-image-11133\" title=\"Kaanapali Villas resort\" src=\"https:\/\/welcome-ontour.de\/wordpress\/wp-content\/uploads\/2020\/06\/phoca_thumb_l_2018-09-29-10.jpg\" alt=\"\" width=\"399\" height=\"268\" srcset=\"https:\/\/welcome-ontour.de\/wordpress\/wp-content\/uploads\/2020\/06\/phoca_thumb_l_2018-09-29-10.jpg 506w, https:\/\/welcome-ontour.de\/wordpress\/wp-content\/uploads\/2020\/06\/phoca_thumb_l_2018-09-29-10-300x202.jpg 300w\" sizes=\"(max-width: 399px) 100vw, 399px\" \/>\u00a0 <img decoding=\"async\" class=\" size-full wp-image-11141\" title=\"Kahekili Beach\" src=\"https:\/\/welcome-ontour.de\/wordpress\/wp-content\/uploads\/2020\/06\/phoca_thumb_l_2018-09-29-11.jpg\" alt=\"\" width=\"400\" height=\"268\" srcset=\"https:\/\/welcome-ontour.de\/wordpress\/wp-content\/uploads\/2020\/06\/phoca_thumb_l_2018-09-29-11.jpg 506w, https:\/\/welcome-ontour.de\/wordpress\/wp-content\/uploads\/2020\/06\/phoca_thumb_l_2018-09-29-11-300x201.jpg 300w\" sizes=\"(max-width: 400px) 100vw, 400px\" \/><\/span><\/p>\n<p style=\"text-align: center;\"><span style=\"font-family: arial, helvetica, sans-serif; font-size: 12pt;\">\u00a0<\/span><\/p>\n<p style=\"text-align: center;\"><span style=\"font-family: arial, helvetica, sans-serif; font-size: 12pt;\">Je sp\u00e4ter der Tag, umso besser wird das Wetter.<\/span><\/p>\n<p style=\"text-align: center;\"><span style=\"font-family: arial, helvetica, sans-serif; font-size: 12pt;\">\u00a0<\/span><\/p>\n<p style=\"text-align: center;\"><span style=\"font-family: arial, helvetica, sans-serif; font-size: 12pt;\"><a href=\"https:\/\/welcome-ontour.de\/wordpress\/wp-content\/uploads\/2020\/06\/phoca_thumb_l_2018-09-29-12.jpg\" target=\"_blank\" rel=\"noopener noreferrer\"><img decoding=\"async\" class=\" size-full wp-image-11150\" title=\"Am Beach\" src=\"https:\/\/welcome-ontour.de\/wordpress\/wp-content\/uploads\/2020\/06\/phoca_thumb_l_2018-09-29-12.jpg\" alt=\"\" width=\"400\" height=\"301\" srcset=\"https:\/\/welcome-ontour.de\/wordpress\/wp-content\/uploads\/2020\/06\/phoca_thumb_l_2018-09-29-12.jpg 606w, https:\/\/welcome-ontour.de\/wordpress\/wp-content\/uploads\/2020\/06\/phoca_thumb_l_2018-09-29-12-300x226.jpg 300w\" sizes=\"(max-width: 400px) 100vw, 400px\" \/><\/a>\u00a0 <a href=\"https:\/\/welcome-ontour.de\/wordpress\/wp-content\/uploads\/2020\/06\/phoca_thumb_l_2018-09-29-13.jpg\" target=\"_blank\" rel=\"noopener noreferrer\"><img decoding=\"async\" class=\" size-full wp-image-11151\" title=\"Am Beach\" src=\"https:\/\/welcome-ontour.de\/wordpress\/wp-content\/uploads\/2020\/06\/phoca_thumb_l_2018-09-29-13.jpg\" alt=\"\" width=\"400\" height=\"301\" srcset=\"https:\/\/welcome-ontour.de\/wordpress\/wp-content\/uploads\/2020\/06\/phoca_thumb_l_2018-09-29-13.jpg 606w, https:\/\/welcome-ontour.de\/wordpress\/wp-content\/uploads\/2020\/06\/phoca_thumb_l_2018-09-29-13-300x226.jpg 300w\" sizes=\"(max-width: 400px) 100vw, 400px\" \/><\/a><\/span><\/p>\n<p style=\"text-align: center;\"><span style=\"font-family: arial, helvetica, sans-serif; font-size: 12pt;\">\u00a0<\/span><\/p>\n<p style=\"text-align: center;\"><span style=\"font-family: arial, helvetica, sans-serif; font-size: 12pt;\"><a href=\"https:\/\/welcome-ontour.de\/wordpress\/wp-content\/uploads\/2020\/06\/phoca_thumb_l_2018-09-29-14.jpg\" target=\"_blank\" rel=\"noopener noreferrer\"><img decoding=\"async\" class=\" size-full wp-image-11152\" title=\"Am Beach\" src=\"https:\/\/welcome-ontour.de\/wordpress\/wp-content\/uploads\/2020\/06\/phoca_thumb_l_2018-09-29-14.jpg\" alt=\"\" width=\"400\" height=\"301\" srcset=\"https:\/\/welcome-ontour.de\/wordpress\/wp-content\/uploads\/2020\/06\/phoca_thumb_l_2018-09-29-14.jpg 606w, https:\/\/welcome-ontour.de\/wordpress\/wp-content\/uploads\/2020\/06\/phoca_thumb_l_2018-09-29-14-300x226.jpg 300w\" sizes=\"(max-width: 400px) 100vw, 400px\" \/><\/a>\u00a0 <a href=\"https:\/\/welcome-ontour.de\/wordpress\/wp-content\/uploads\/2020\/06\/phoca_thumb_l_2018-09-29-15.jpg\" target=\"_blank\" rel=\"noopener noreferrer\"><img decoding=\"async\" class=\" size-full wp-image-11153\" title=\"Am Beach\" src=\"https:\/\/welcome-ontour.de\/wordpress\/wp-content\/uploads\/2020\/06\/phoca_thumb_l_2018-09-29-15.jpg\" alt=\"\" width=\"400\" height=\"301\" srcset=\"https:\/\/welcome-ontour.de\/wordpress\/wp-content\/uploads\/2020\/06\/phoca_thumb_l_2018-09-29-15.jpg 606w, https:\/\/welcome-ontour.de\/wordpress\/wp-content\/uploads\/2020\/06\/phoca_thumb_l_2018-09-29-15-300x226.jpg 300w\" sizes=\"(max-width: 400px) 100vw, 400px\" \/><\/a><\/span><\/p>\n<p style=\"text-align: center;\"><span style=\"font-family: arial, helvetica, sans-serif; font-size: 12pt;\">\u00a0<\/span><\/p>\n<p style=\"text-align: center;\"><span style=\"font-family: arial, helvetica, sans-serif; font-size: 12pt;\"><a href=\"https:\/\/welcome-ontour.de\/wordpress\/wp-content\/uploads\/2020\/06\/phoca_thumb_l_2018-09-29-16.jpg\" target=\"_blank\" rel=\"noopener noreferrer\"><img decoding=\"async\" class=\" size-full wp-image-11154\" title=\"Kahekili Sunset\" src=\"https:\/\/welcome-ontour.de\/wordpress\/wp-content\/uploads\/2020\/06\/phoca_thumb_l_2018-09-29-16.jpg\" alt=\"\" width=\"810\" height=\"457\" srcset=\"https:\/\/welcome-ontour.de\/wordpress\/wp-content\/uploads\/2020\/06\/phoca_thumb_l_2018-09-29-16.jpg 1606w, https:\/\/welcome-ontour.de\/wordpress\/wp-content\/uploads\/2020\/06\/phoca_thumb_l_2018-09-29-16-300x169.jpg 300w, https:\/\/welcome-ontour.de\/wordpress\/wp-content\/uploads\/2020\/06\/phoca_thumb_l_2018-09-29-16-1024x578.jpg 1024w, https:\/\/welcome-ontour.de\/wordpress\/wp-content\/uploads\/2020\/06\/phoca_thumb_l_2018-09-29-16-768x433.jpg 768w, https:\/\/welcome-ontour.de\/wordpress\/wp-content\/uploads\/2020\/06\/phoca_thumb_l_2018-09-29-16-1536x867.jpg 1536w, https:\/\/welcome-ontour.de\/wordpress\/wp-content\/uploads\/2020\/06\/phoca_thumb_l_2018-09-29-16-1568x885.jpg 1568w\" sizes=\"(max-width: 810px) 100vw, 810px\" \/><\/a><\/span><\/p>\n<p style=\"text-align: center;\"><span style=\"font-family: arial, helvetica, sans-serif; font-size: 12pt;\">\u00a0<\/span><\/p>\n<p style=\"text-align: center;\"><span style=\"font-family: arial, helvetica, sans-serif; font-size: 12pt;\">Und so genie\u00dfen wir das 30\u00b0 warme Meerwasser und den Blick auf die Vulkaninseln Lanai und Molokai.<\/span><\/p>\n<p style=\"text-align: center;\"><span style=\"font-family: arial, helvetica, sans-serif; font-size: 12pt;\">\u00a0<\/span><\/p>\n<p style=\"text-align: center;\"><span style=\"font-family: arial, helvetica, sans-serif; font-size: 12pt;\"><img decoding=\"async\" class=\" size-full wp-image-11155\" title=\"Maui\" src=\"https:\/\/welcome-ontour.de\/wordpress\/wp-content\/uploads\/2020\/06\/phoca_thumb_l_2018-09-29-17.jpg\" width=\"380\" height=\"243\" srcset=\"https:\/\/welcome-ontour.de\/wordpress\/wp-content\/uploads\/2020\/06\/phoca_thumb_l_2018-09-29-17.jpg 450w, https:\/\/welcome-ontour.de\/wordpress\/wp-content\/uploads\/2020\/06\/phoca_thumb_l_2018-09-29-17-300x192.jpg 300w\" sizes=\"(max-width: 380px) 100vw, 380px\" \/><\/span><\/p>\n<p style=\"text-align: center;\"><span style=\"font-family: arial, helvetica, sans-serif; font-size: 12pt;\">\u00a0<\/span><\/p>\n<p style=\"text-align: center;\"><span style=\"font-family: arial, helvetica, sans-serif; font-size: 12pt;\">\u00a0<\/span><\/p>\n<p style=\"text-align: center;\"><span style=\"font-family: arial, helvetica, sans-serif; font-size: 12pt;\">Gefahrene Meilen \/ Kilometer: 16 \/ 28<\/span><\/p>\n<p style=\"text-align: center;\"><span style=\"font-family: arial, helvetica, sans-serif; font-size: 12pt;\">\u00a0<\/span><\/p>\n<p style=\"text-align: center;\"><span style=\"font-family: arial, helvetica, sans-serif; font-size: 12pt;\">Unterkunft: Aston Maui Kaanapali Villas, Kaanapali, Maui, Hawaii $166 *****<\/span><\/p>\n<p><span style=\"font-family: arial, helvetica, sans-serif; font-size: 12pt;\"><img decoding=\"async\" class=\" size-full wp-image-11003\" style=\"display: block; margin-left: auto; margin-right: auto;\" title=\"Hawaii 2018\" src=\"https:\/\/welcome-ontour.de\/wordpress\/wp-content\/uploads\/2020\/06\/phoca_thumb_l_2018-09-26-04.jpg\" width=\"350\" height=\"237\" srcset=\"https:\/\/welcome-ontour.de\/wordpress\/wp-content\/uploads\/2020\/06\/phoca_thumb_l_2018-09-26-04.jpg 600w, https:\/\/welcome-ontour.de\/wordpress\/wp-content\/uploads\/2020\/06\/phoca_thumb_l_2018-09-26-04-300x203.jpg 300w\" sizes=\"(max-width: 350px) 100vw, 350px\" \/><\/span><\/p>\n<p style=\"text-align: center;\"><span style=\"font-family: arial, helvetica, sans-serif; font-size: 12pt;\">\u00a0<\/span><\/p>\n<p style=\"text-align: center;\"><span style=\"font-family: arial, helvetica, sans-serif; font-size: 10pt;\"><a href=\"https:\/\/welcome-ontour.de\/wordpress\/index.php\/2018-09-28\">&lt; zur\u00fcck<\/a>\u00a0 \u00a0 \u00a0 \u00a0 \u00a0 \u00a0 \u00a0 \u00a0 \u00a0 \u00a0 \u00a0 \u00a0 \u00a0 \u00a0 \u00a0 \u00a0 \u00a0 \u00a0 \u00a0 \u00a0 \u00a0 \u00a0 \u00a0 \u00a0 \u00a0 \u00a0 \u00a0 \u00a0 \u00a0 \u00a0 \u00a0 \u00a0 \u00a0 \u00a0 \u00a0 \u00a0 \u00a0 \u00a0 \u00a0 \u00a0 \u00a0 \u00a0 \u00a0 \u00a0 \u00a0 \u00a0 \u00a0 \u00a0 \u00a0 \u00a0 \u00a0 \u00a0 \u00a0 \u00a0 \u00a0 \u00a0 \u00a0 \u00a0 \u00a0 \u00a0 \u00a0 \u00a0 \u00a0 \u00a0 \u00a0 \u00a0 \u00a0 \u00a0 \u00a0 \u00a0 \u00a0 \u00a0 \u00a0 \u00a0 \u00a0 \u00a0 \u00a0 \u00a0 \u00a0 \u00a0 \u00a0 \u00a0 \u00a0 \u00a0 \u00a0 \u00a0 \u00a0 \u00a0 \u00a0 \u00a0 \u00a0 \u00a0 \u00a0 \u00a0 \u00a0 <a href=\"https:\/\/welcome-ontour.de\/wordpress\/index.php\/2018-09-30\">weiter &gt;<\/a><\/span><\/p>\n","protected":false},"excerpt":{"rendered":"<p>Prolog\u00a0\u00a0 \u00a0 \u00a0\u00a0Anreise\u00a0 \u00a0 \u00a0 \u00a0 \u00a0\u00a0Maui\u00a0 \u00a0 \u00a0 Big Island \u00a0 \u00a0 \u00a0 Molokai\u00a0 \u00a0 \u00a0 \u00a0 \u00a0Oahu\u00a0 \u00a0 \u00a0 \u00a0 \u00a0\u00a0R\u00fcckreise\u00a0\u00a0 \u00a0 \u00a0 \u00a0\u00a0Fazit &lt; zur\u00fcck\u00a0 \u00a0 \u00a0 \u00a0 \u00a0 \u00a0 \u00a0 \u00a0 \u00a0 \u00a0 \u00a0 \u00a0 \u00a0 \u00a0 \u00a0 \u00a0 \u00a0 \u00a0 \u00a0 \u00a0 \u00a0 \u00a0 \u00a0 \u00a0 \u00a0 \u00a0 \u00a0 \u00a0 \u00a0 \u00a0 \u00a0 \u00a0 \u00a0 \u00a0 \u00a0 \u00a0 \u00a0 \u00a0 \u00a0 \u00a0 \u00a0 \u00a0 \u00a0 \u00a0 \u00a0 \u00a0 \u00a0 \u00a0 \u00a0 \u00a0 \u00a0 \u00a0 \u00a0 \u00a0 \u00a0 \u00a0 \u00a0 \u00a0 \u00a0 \u00a0 \u00a0 \u00a0 \u00a0 \u00a0 \u00a0 \u00a0 \u00a0 \u00a0 \u00a0 \u00a0 \u00a0 \u00a0 \u00a0 \u00a0 \u00a0 \u00a0 \u00a0 \u00a0 \u00a0 \u00a0 \u00a0 \u00a0 \u00a0 \u00a0 \u00a0 \u00a0 \u00a0 \u00a0 \u00a0 \u00a0 \u00a0 \u00a0 \u00a0 \u00a0 \u00a0 weiter &gt; Samstag, 29.9. \u00a0 Flemming Beach \/ Kahekili Beach \u00a0 Um sieben sind wir ausgeschlafen. Unser erstes Hawaii Breakfast besteht aus einer Pfanne mit Tomaten, Zwiebeln, Knoblauch und Spiegeleiern. Dazu gibt es Toasties, Jelly, Chickenbreast, Hot Salsa, Guave-Lilikoi Saft, Maui Kaffee und jede Menge frisches Obst. \u00a0 \u00a0 Papaya, Ananas, Mango, Guaven oder Carambole-Sternfrucht, alles schmeckt k\u00f6stlich. W\u00e4hrend des Fr\u00fchst\u00fccks m\u00fcssen wir die Balkont\u00fcr schlie\u00dfen und die Klimaanlage starten. Die Hitze von drau\u00dfen ist schon wieder fast zu viel des Guten. Unser erstes Ziel f\u00fcr heute soll der Flemming Beach sein. Als wir etwa halb zehn runter zum Auto gehen, sind es schon 32\u00b0C. \u00a0 \u00a0 \u00a0 \u00a0 Wir brauchen ein paar Tage bis wir mit den hei\u00dfen Sommertemperaturen zurechtkommen. Im ge\u00f6ffneten Cabrio ist die Fahrt ein Genuss. Am Strand angekommen merken wir dann, wie windig es heute ist. \u00a0 \u00a0 Flemming Beach ist zwar sch\u00f6n anzusehen, aber an Baden ist aufgrund der Wellen nicht zu denken. Wir machen einen Spaziergang zu den Drachenz\u00e4hnen und Kapalua Labyrinth. \u00a0 \u00a0 \u00a0 Fahren dann zur\u00fcck zu unserem Hausstrand, dem Kahekili Beach. \u00a0 \u00a0 \u00a0 \u00a0 \u00a0 Je sp\u00e4ter der Tag, umso besser wird das Wetter. \u00a0 \u00a0 \u00a0 \u00a0 \u00a0 \u00a0 Und so genie\u00dfen wir das 30\u00b0 warme Meerwasser und den Blick auf die Vulkaninseln Lanai und Molokai. \u00a0 \u00a0 \u00a0 Gefahrene Meilen \/ Kilometer: 16 \/ 28 \u00a0 Unterkunft: Aston Maui Kaanapali Villas, Kaanapali, Maui, Hawaii $166 ***** \u00a0 &lt; zur\u00fcck\u00a0 \u00a0 \u00a0 \u00a0 \u00a0 \u00a0 \u00a0 \u00a0 \u00a0 \u00a0 \u00a0 \u00a0 \u00a0 \u00a0 \u00a0 \u00a0 \u00a0 \u00a0 \u00a0 \u00a0 \u00a0 \u00a0 \u00a0 \u00a0 \u00a0 \u00a0 \u00a0 \u00a0 \u00a0 \u00a0 \u00a0 \u00a0 \u00a0 \u00a0 \u00a0 \u00a0 \u00a0 \u00a0 \u00a0 \u00a0 \u00a0 \u00a0 \u00a0 \u00a0 \u00a0 \u00a0 \u00a0 \u00a0 \u00a0 \u00a0 \u00a0 \u00a0 \u00a0 \u00a0 \u00a0 \u00a0 \u00a0 \u00a0 \u00a0 \u00a0 \u00a0 \u00a0 \u00a0 \u00a0 \u00a0 \u00a0 \u00a0 \u00a0 \u00a0 \u00a0 \u00a0 \u00a0 \u00a0 \u00a0 \u00a0 \u00a0 \u00a0 \u00a0 \u00a0 \u00a0 \u00a0 \u00a0 \u00a0 \u00a0 \u00a0 \u00a0 \u00a0 \u00a0 \u00a0 \u00a0 \u00a0 \u00a0 \u00a0 \u00a0 \u00a0 weiter &gt;<\/p>\n","protected":false},"author":1,"featured_media":11088,"parent":0,"menu_order":22,"comment_status":"closed","ping_status":"closed","template":"","meta":{"footnotes":""},"class_list":["post-11156","page","type-page","status-publish","has-post-thumbnail","hentry"],"_links":{"self":[{"href":"https:\/\/welcome-ontour.de\/wordpress\/index.php\/wp-json\/wp\/v2\/pages\/11156","targetHints":{"allow":["GET"]}}],"collection":[{"href":"https:\/\/welcome-ontour.de\/wordpress\/index.php\/wp-json\/wp\/v2\/pages"}],"about":[{"href":"https:\/\/welcome-ontour.de\/wordpress\/index.php\/wp-json\/wp\/v2\/types\/page"}],"author":[{"embeddable":true,"href":"https:\/\/welcome-ontour.de\/wordpress\/index.php\/wp-json\/wp\/v2\/users\/1"}],"replies":[{"embeddable":true,"href":"https:\/\/welcome-ontour.de\/wordpress\/index.php\/wp-json\/wp\/v2\/comments?post=11156"}],"version-history":[{"count":2,"href":"https:\/\/welcome-ontour.de\/wordpress\/index.php\/wp-json\/wp\/v2\/pages\/11156\/revisions"}],"predecessor-version":[{"id":17047,"href":"https:\/\/welcome-ontour.de\/wordpress\/index.php\/wp-json\/wp\/v2\/pages\/11156\/revisions\/17047"}],"wp:featuredmedia":[{"embeddable":true,"href":"https:\/\/welcome-ontour.de\/wordpress\/index.php\/wp-json\/wp\/v2\/media\/11088"}],"wp:attachment":[{"href":"https:\/\/welcome-ontour.de\/wordpress\/index.php\/wp-json\/wp\/v2\/media?parent=11156"}],"curies":[{"name":"wp","href":"https:\/\/api.w.org\/{rel}","templated":true}]}}