{"id":11,"date":"2012-08-11T07:25:58","date_gmt":"2012-08-11T07:25:58","guid":{"rendered":"https:\/\/welcome-ontour.de\/wordpress\/index.php\/linkse\/"},"modified":"2022-06-30T23:06:39","modified_gmt":"2022-06-30T23:06:39","slug":"links","status":"publish","type":"page","link":"https:\/\/welcome-ontour.de\/wordpress\/index.php\/links\/","title":{"rendered":"Links"},"content":{"rendered":"\n<p class=\"has-text-align-center\"><span style=\"font-family: arial, helvetica, sans-serif; font-size: medium;\">&nbsp;<\/span><\/p>\n\n\n\n<p class=\"has-text-align-center\"><span style=\"font-family: arial, helvetica, sans-serif; font-size: medium;\">&nbsp;<\/span><\/p>\n\n\n\n<div class=\"wp-block-image\"><figure class=\"aligncenter\"><a href=\"http:\/\/www.usa-stammtisch.net\/\" target=\"_blank\" rel=\"noopener noreferrer\"><img decoding=\"async\" width=\"488\" height=\"79\" src=\"https:\/\/welcome-ontour.de\/wordpress\/wp-content\/uploads\/2012\/08\/phoca_thumb_l_stammnett_2.png\" alt=\"\" class=\"wp-image-5\" srcset=\"https:\/\/welcome-ontour.de\/wordpress\/wp-content\/uploads\/2012\/08\/phoca_thumb_l_stammnett_2.png 488w, https:\/\/welcome-ontour.de\/wordpress\/wp-content\/uploads\/2012\/08\/phoca_thumb_l_stammnett_2-300x49.png 300w\" sizes=\"(max-width: 488px) 100vw, 488px\" \/><\/a><\/figure><\/div>\n\n\n\n<p class=\"has-text-align-center\"><span style=\"font-family: arial, helvetica, sans-serif; font-size: medium;\"><\/span><\/p>\n\n\n\n<p class=\"has-text-align-center\"><span style=\"font-size: medium; font-family: arial, helvetica, sans-serif;\">Hier werden alle Fragen bzgl. USA-Reisen beantwortet. Klein, fein, mein Heimat-Forum.<\/span><\/p>\n\n\n\n<p class=\"has-text-align-center\"><span style=\"font-size: medium; font-family: arial, helvetica, sans-serif;\">&nbsp;<\/span><\/p>\n\n\n\n<p class=\"has-text-align-center\"><span style=\"font-size: medium; font-family: arial, helvetica, sans-serif;\">&nbsp;<\/span><\/p>\n\n\n\n<figure class=\"wp-block-image\"><img decoding=\"async\" src=\"http:\/\/www.besserbieten.de\/wcf\/images\/logo.jpg\" alt=\"\"\/><\/figure>\n\n\n\n<p class=\"has-text-align-center\"><a href=\"http:\/\/www.besserbieten.de\/\" target=\"_blank\" rel=\"noopener noreferrer\"><span style=\"font-size: medium; font-family: arial, helvetica, sans-serif;\"><\/span><\/a><\/p>\n\n\n\n<p class=\"has-text-align-center\"><span style=\"font-size: medium; font-family: arial, helvetica, sans-serif;\">G\u00fcnstige Zimmer in noblen Hotels? Priceline-Bucher tauschen ihre Erfahrungen aus.<\/span><\/p>\n\n\n\n<p class=\"has-text-align-center\">&nbsp;<\/p>\n\n\n\n<p class=\"has-text-align-center\"><span style=\"font-size: medium; font-family: arial, helvetica, sans-serif;\">&nbsp;<\/span><\/p>\n\n\n\n<p class=\"has-text-align-center\"><span style=\"font-family: arial, helvetica, sans-serif; font-size: medium;\">&nbsp;<\/span><\/p>\n\n\n\n<div class=\"wp-block-image\"><figure class=\"aligncenter\"><a href=\"http:\/\/www.lalasreisen.de\/\" target=\"_blank\" rel=\"noopener noreferrer\"><img decoding=\"async\" width=\"650\" height=\"115\" src=\"https:\/\/welcome-ontour.de\/wordpress\/wp-content\/uploads\/2012\/08\/phoca_thumb_l_lalasreisen.jpg\" alt=\"\" class=\"wp-image-6\" srcset=\"https:\/\/welcome-ontour.de\/wordpress\/wp-content\/uploads\/2012\/08\/phoca_thumb_l_lalasreisen.jpg 650w, https:\/\/welcome-ontour.de\/wordpress\/wp-content\/uploads\/2012\/08\/phoca_thumb_l_lalasreisen-300x53.jpg 300w\" sizes=\"(max-width: 650px) 100vw, 650px\" \/><\/a><\/figure><\/div>\n\n\n\n<p class=\"has-text-align-center\"><span style=\"font-family: arial, helvetica, sans-serif; font-size: medium;\"><\/span><\/p>\n\n\n\n<p class=\"has-text-align-center\"><span style=\"font-family: arial, helvetica, sans-serif; font-size: medium;\">&nbsp;Volkers Geschichten, Infos ohne Ende, immer humorvoll, niemals langweilig.<\/span><\/p>\n\n\n\n<p class=\"has-text-align-center\"><span style=\"font-family: arial, helvetica, sans-serif; font-size: medium;\">&nbsp;<\/span><\/p>\n\n\n\n<p class=\"has-text-align-center\"><span style=\"font-family: arial, helvetica, sans-serif; font-size: medium;\">&nbsp;<\/span><\/p>\n\n\n\n<div class=\"wp-block-image\"><figure class=\"aligncenter\"><a href=\"http:\/\/www.wernthaler.de\/\" target=\"_blank\" rel=\"noopener noreferrer\"><img decoding=\"async\" src=\"http:\/\/t0.gstatic.com\/images?q=tbn:ANd9GcQNg8hiJGDqhCL7zPrGDKnT4fzXeNZIpvSdZRyM4IbR0gBvP3A2\" alt=\"\"\/><\/a><\/figure><\/div>\n\n\n\n<p class=\"has-text-align-center\"><span style=\"font-family: arial, helvetica, sans-serif; font-size: medium;\"><\/span><\/p>\n\n\n\n<p class=\"has-text-align-center\"><span style=\"font-family: arial, helvetica, sans-serif; font-size: medium;\">So in etwa sieht eine perfekt gestaltete Homepage aus.<\/span><\/p>\n\n\n\n<p class=\"has-text-align-center\"><span style=\"font-family: arial, helvetica, sans-serif; font-size: medium;\">&nbsp;<\/span><\/p>\n\n\n\n<div class=\"wp-block-image\"><figure class=\"aligncenter\"><a href=\"http:\/\/www.zehrer-online.de\/\" target=\"_blank\" rel=\"noopener noreferrer\"><img decoding=\"async\" width=\"800\" height=\"169\" src=\"https:\/\/welcome-ontour.de\/wordpress\/wp-content\/uploads\/2012\/08\/phoca_thumb_l_zehrersplace.png\" alt=\"\" class=\"wp-image-7\" srcset=\"https:\/\/welcome-ontour.de\/wordpress\/wp-content\/uploads\/2012\/08\/phoca_thumb_l_zehrersplace.png 800w, https:\/\/welcome-ontour.de\/wordpress\/wp-content\/uploads\/2012\/08\/phoca_thumb_l_zehrersplace-300x63.png 300w, https:\/\/welcome-ontour.de\/wordpress\/wp-content\/uploads\/2012\/08\/phoca_thumb_l_zehrersplace-768x162.png 768w\" sizes=\"(max-width: 800px) 100vw, 800px\" \/><\/a><\/figure><\/div>\n\n\n\n<p class=\"has-text-align-center\"><span style=\"font-family: arial, helvetica, sans-serif; font-size: medium;\">&nbsp;<\/span><\/p>\n\n\n\n<p class=\"has-text-align-center\"><span style=\"font-family: arial, helvetica, sans-serif; font-size: medium;\">Unendliche Fundgrube f\u00fcr Wanderv\u00f6gel.<\/span><\/p>\n\n\n\n<p class=\"has-text-align-center\"><span style=\"font-family: arial, helvetica, sans-serif; font-size: medium;\">&nbsp;<\/span><\/p>\n\n\n\n<div class=\"wp-block-image\"><figure class=\"aligncenter\"><a href=\"http:\/\/www.andree-neumann.de\/\" target=\"_blank\" rel=\"noopener noreferrer\"><img decoding=\"async\" src=\"http:\/\/www.wernthaler.de\/Links\/Andree.png\" alt=\"\"\/><\/a><\/figure><\/div>\n\n\n\n<p class=\"has-text-align-center\">&nbsp;<span style=\"font-family: arial, helvetica, sans-serif; font-size: medium;\">&nbsp;<\/span><\/p>\n\n\n\n<p class=\"has-text-align-center\"><span style=\"font-family: arial, helvetica, sans-serif; font-size: medium;\">Mit Andree und Rosi unterwegs.<\/span><\/p>\n\n\n\n<p class=\"has-text-align-center\"><span style=\"font-family: arial, helvetica, sans-serif; font-size: medium;\">&nbsp;<\/span><\/p>\n\n\n\n<p class=\"has-text-align-center\">&nbsp;<\/p>\n\n\n\n<div class=\"wp-block-image\"><figure class=\"aligncenter\"><a href=\"http:\/\/www.kalle-jaeck.de\/\" target=\"_blank\" rel=\"noopener noreferrer\"><img decoding=\"async\" src=\"http:\/\/www.kalle-jaeck.de\/KalleJaeck2.png\" alt=\"\"\/><\/a><\/figure><\/div>\n\n\n\n<p class=\"has-text-align-center\"><span style=\"font-family: arial, helvetica, sans-serif; font-size: medium;\"><\/span><\/p>\n\n\n\n<p class=\"has-text-align-center\"><span style=\"font-family: arial, helvetica, sans-serif; font-size: medium;\">Viel Wissenswertes \u00fcber Bike Touren in den USA, aber auch andere Storys.<\/span><\/p>\n\n\n\n<p class=\"has-text-align-center\"><span style=\"font-family: arial, helvetica, sans-serif; font-size: medium;\">&nbsp;<\/span><\/p>\n\n\n\n<p class=\"has-text-align-center\">&nbsp;<\/p>\n\n\n\n<p class=\"has-text-align-center\">&nbsp;<\/p>\n\n\n\n<figure class=\"wp-block-image\"><img decoding=\"async\" src=\"http:\/\/www.galenbeck.de\/Links\/res\/banner.gif\" alt=\"\" title=\"galenbeck.de\"\/><\/figure>\n\n\n\n<p class=\"has-text-align-center\"><a href=\"http:\/\/www.galenbeck.de\/\" target=\"_blank\" rel=\"noopener noreferrer\"><span style=\"font-family: arial, helvetica, sans-serif; font-size: medium;\"><\/span><\/a><\/p>\n\n\n\n<p class=\"has-text-align-center\"><span style=\"font-family: arial, helvetica, sans-serif; font-size: medium;\">Lustiger Typ, der Thomas. Knochentrockene Reiseberichte oder so \u00e4hnlich \ud83d\ude09<\/span><\/p>\n\n\n\n<p class=\"has-text-align-center\"><span style=\"font-family: arial, helvetica, sans-serif; font-size: medium;\">&nbsp;<\/span><\/p>\n\n\n\n<p class=\"has-text-align-center\"><span style=\"font-family: arial, helvetica, sans-serif; font-size: medium;\">&nbsp;<\/span><\/p>\n\n\n\n<p class=\"has-text-align-center\"><span style=\"font-family: arial, helvetica, sans-serif; font-size: medium;\">&nbsp;<\/span><\/p>\n\n\n\n<figure class=\"wp-block-image\"><img decoding=\"async\" src=\"http:\/\/sylwiabuch.net\/technik\/Bilder\/banner_klein.png\" alt=\"\" title=\"muhtsch\"\/><\/figure>\n\n\n\n<p class=\"has-text-align-center\"><a href=\"http:\/\/www.sylwiabuch.de\/\" target=\"_blank\" rel=\"noopener noreferrer\"><span style=\"font-family: arial, helvetica, sans-serif; font-size: medium;\"><\/span><\/a><\/p>\n\n\n\n<p class=\"has-text-align-center\"><span style=\"font-family: arial, helvetica, sans-serif; font-size: medium;\">Viel Hawaii, aber auch diverse Fernost Reiseziele.<\/span><\/p>\n\n\n\n<p class=\"has-text-align-center\"><span style=\"font-family: arial, helvetica, sans-serif; font-size: medium;\">&nbsp;<\/span><\/p>\n\n\n\n<p class=\"has-text-align-center\"><span style=\"font-family: arial, helvetica, sans-serif; font-size: medium;\">&nbsp;<\/span><\/p>\n\n\n\n<p class=\"has-text-align-center\"><span style=\"font-family: arial, helvetica, sans-serif; font-size: medium;\">&nbsp;<\/span><\/p>\n\n\n\n<figure class=\"wp-block-image\"><img decoding=\"async\" src=\"http:\/\/reisekaterkatze.de\/Images\/Allgemein\/Banner_fuer_Links\/Reisekaterkatze.png\" alt=\"\" title=\"kater\"\/><\/figure>\n\n\n\n<p class=\"has-text-align-center\"><a href=\"http:\/\/reisekaterkatze.de\/\" target=\"_blank\" rel=\"noopener noreferrer\"><span style=\"font-family: arial, helvetica, sans-serif; font-size: medium;\"><\/span><\/a><\/p>\n\n\n\n<p class=\"has-text-align-center\"><span style=\"font-family: arial, helvetica, sans-serif; font-size: medium;\">Auch Katzen reisen &#8230;<\/span><\/p>\n\n\n\n<p class=\"has-text-align-center\"><span style=\"font-family: arial, helvetica, sans-serif; font-size: medium;\">&nbsp;<\/span><\/p>\n\n\n\n<p class=\"has-text-align-center\"><span style=\"font-family: arial, helvetica, sans-serif; font-size: medium;\">&nbsp;<\/span><\/p>\n\n\n\n<p class=\"has-text-align-center\"><span style=\"font-family: arial, helvetica, sans-serif; font-size: medium;\">&nbsp;<\/span><\/p>\n\n\n\n<div class=\"wp-block-image\"><figure class=\"aligncenter\"><img decoding=\"async\" src=\"http:\/\/www.seppesser.de\/banner-sepp-klein.jpg\" alt=\"\" title=\"seppulla\"\/><\/figure><\/div>\n\n\n\n<p class=\"has-text-align-center\"><a href=\"http:\/\/www.seppesser.de\/reisen.html\" target=\"_blank\" rel=\"noopener noreferrer\"><span style=\"font-family: arial, helvetica, sans-serif; font-size: medium;\"><\/span><\/a><\/p>\n\n\n\n<p class=\"has-text-align-center\"><span style=\"font-family: arial, helvetica, sans-serif; font-size: medium;\">Unterwegs mit Sepp und Ulla<\/span><\/p>\n\n\n\n<p class=\"has-text-align-center\"><span style=\"font-family: arial, helvetica, sans-serif; font-size: medium;\">&nbsp;<\/span><\/p>\n\n\n\n<p class=\"has-text-align-center\"><span style=\"font-family: arial, helvetica, sans-serif; font-size: medium;\">&nbsp;<\/span><\/p>\n\n\n\n<p class=\"has-text-align-center\"><span style=\"font-family: arial, helvetica, sans-serif; font-size: medium;\">&nbsp;<\/span><\/p>\n\n\n\n<div class=\"wp-block-image\"><figure class=\"aligncenter\"><img decoding=\"async\" src=\"http:\/\/666kb.com\/i\/cdn4p58lky17zhm4w.jpg\" alt=\"\" title=\"sn\"\/><\/figure><\/div>\n\n\n\n<p class=\"has-text-align-center\"><a href=\"http:\/\/www.sn-reisewelt.de\/cms\/\" target=\"_blank\" rel=\"noopener noreferrer\"><span style=\"font-family: arial, helvetica, sans-serif; font-size: medium;\"><\/span><\/a><\/p>\n\n\n\n<p class=\"has-text-align-center\"><span style=\"font-family: arial, helvetica, sans-serif; font-size: medium;\">Mademoiselle Severin und Niklas mit vielen detailierten Infos.<\/span><\/p>\n\n\n\n<p class=\"has-text-align-center\"><span style=\"font-family: arial, helvetica, sans-serif; font-size: medium;\">&nbsp;<\/span><\/p>\n\n\n\n<p class=\"has-text-align-center\"><span style=\"font-family: arial, helvetica, sans-serif; font-size: medium;\">&nbsp;<\/span><\/p>\n\n\n\n<p class=\"has-text-align-center\"><span style=\"font-family: arial, helvetica, sans-serif; font-size: medium;\">&nbsp;<\/span><\/p>\n\n\n\n<figure class=\"wp-block-image\"><img decoding=\"async\" src=\"http:\/\/home.mnet-online.de\/meinlschmidt\/USA-Banner.jpg\" alt=\"\" title=\"sm\"\/><\/figure>\n\n\n\n<p class=\"has-text-align-center\"><a href=\"http:\/\/www.michael-meinlschmidt.de\/USA.htm\" target=\"_blank\" rel=\"noopener noreferrer\"><span style=\"font-family: arial, helvetica, sans-serif; font-size: medium;\"><\/span><\/a><\/p>\n\n\n\n<p class=\"has-text-align-center\"><span style=\"font-family: arial, helvetica, sans-serif; font-size: medium;\">Zwei Bayern out of Bavaria.<\/span><\/p>\n\n\n\n<p class=\"has-text-align-center\"><span style=\"font-family: arial, helvetica, sans-serif; font-size: medium;\">&nbsp;<\/span><\/p>\n\n\n\n<p class=\"has-text-align-center\"><span style=\"font-family: arial, helvetica, sans-serif; font-size: medium;\">&nbsp;<\/span><\/p>\n\n\n\n<div class=\"wp-block-image\"><figure class=\"aligncenter\"><img decoding=\"async\" src=\"http:\/\/www.usaletsgo.de\/images\/usaletsgo_banner.jpg\" alt=\"\" title=\"let's go\"\/><\/figure><\/div>\n\n\n\n<p class=\"has-text-align-center\"><span style=\"font-family: arial, helvetica, sans-serif; font-size: medium;\">&nbsp;<\/span><a href=\"http:\/\/www.usaletsgo.de\/\" target=\"_blank\" rel=\"noopener noreferrer\"><span style=\"font-family: arial, helvetica, sans-serif; font-size: medium;\"><\/span><\/a><\/p>\n\n\n\n<p class=\"has-text-align-center\"><span style=\"font-family: arial, helvetica, sans-serif; font-size: medium;\">Dirk berichtet \u00fcber seine Reisen und hat viele Infos inkl. Routentipps in petto.<\/span><\/p>\n\n\n\n<p class=\"has-text-align-center\">&nbsp;<\/p>\n\n\n\n<p class=\"has-text-align-center\"><span style=\"font-family: arial, helvetica, sans-serif; font-size: medium;\">&nbsp;<\/span><\/p>\n\n\n\n<p class=\"has-text-align-center\"><span style=\"font-family: arial, helvetica, sans-serif; font-size: medium;\">&nbsp;<\/span><\/p>\n\n\n\n<p class=\"has-text-align-center\"><span style=\"font-family: arial, helvetica, sans-serif; font-size: medium;\">&nbsp;<\/span><\/p>\n\n\n\n<p class=\"has-text-align-center\"><span style=\"font-family: arial, helvetica, sans-serif; font-size: medium;\">&nbsp;<\/span><\/p>\n\n\n\n<p class=\"has-text-align-center\"><span style=\"font-family: arial, helvetica, sans-serif; font-size: medium;\">&nbsp;<\/span><\/p>\n\n\n\n<p class=\"has-text-align-center\"><span style=\"font-family: arial, helvetica, sans-serif; font-size: medium;\">Falls jemand ein Banner ben\u00f6tigt, bittesch\u00f6n:<\/span><\/p>\n\n\n\n<p class=\"has-text-align-center\"><span style=\"font-family: arial, helvetica, sans-serif; font-size: medium;\">&nbsp;<\/span><\/p>\n\n\n\n<div class=\"wp-block-image\"><figure class=\"aligncenter\"><img decoding=\"async\" width=\"200\" height=\"50\" src=\"https:\/\/welcome-ontour.de\/wordpress\/wp-content\/uploads\/2012\/08\/phoca_thumb_l_wotbanner_200px.png\" alt=\"\" class=\"wp-image-8\" title=\"welcome 200\"\/><\/figure><\/div>\n\n\n\n<p class=\"has-text-align-center\"><span style=\"font-family: arial, helvetica, sans-serif; font-size: medium;\"><\/span><\/p>\n\n\n\n<div class=\"wp-block-image\"><figure class=\"aligncenter\"><img decoding=\"async\" width=\"400\" height=\"100\" src=\"https:\/\/welcome-ontour.de\/wordpress\/wp-content\/uploads\/2012\/08\/phoca_thumb_l_wotbanner_400px.png\" alt=\"\" class=\"wp-image-9\" title=\"welcome 400\" srcset=\"https:\/\/welcome-ontour.de\/wordpress\/wp-content\/uploads\/2012\/08\/phoca_thumb_l_wotbanner_400px.png 400w, https:\/\/welcome-ontour.de\/wordpress\/wp-content\/uploads\/2012\/08\/phoca_thumb_l_wotbanner_400px-300x75.png 300w\" sizes=\"(max-width: 400px) 100vw, 400px\" \/><\/figure><\/div>\n\n\n\n<p class=\"has-text-align-center\"><span style=\"font-family: arial, helvetica, sans-serif; font-size: medium;\"><\/span><\/p>\n\n\n\n<div class=\"wp-block-image\"><figure class=\"aligncenter\"><img decoding=\"async\" width=\"600\" height=\"150\" src=\"https:\/\/welcome-ontour.de\/wordpress\/wp-content\/uploads\/2012\/08\/phoca_thumb_l_wotbanner_600px.png\" alt=\"\" class=\"wp-image-10\" title=\"welcome 600\" srcset=\"https:\/\/welcome-ontour.de\/wordpress\/wp-content\/uploads\/2012\/08\/phoca_thumb_l_wotbanner_600px.png 600w, https:\/\/welcome-ontour.de\/wordpress\/wp-content\/uploads\/2012\/08\/phoca_thumb_l_wotbanner_600px-300x75.png 300w\" sizes=\"(max-width: 600px) 100vw, 600px\" \/><\/figure><\/div>\n\n\n\n<p class=\"has-text-align-center\"><span style=\"font-family: arial, helvetica, sans-serif; font-size: medium;\"><\/span><\/p>\n\n\n\n<p class=\"has-text-align-center\"><span style=\"font-family: arial, helvetica, sans-serif; font-size: medium;\">&nbsp;<\/span><\/p>\n","protected":false},"excerpt":{"rendered":"<p>&nbsp; &nbsp; Hier werden alle Fragen bzgl. USA-Reisen beantwortet. Klein, fein, mein Heimat-Forum. &nbsp; &nbsp; G\u00fcnstige Zimmer in noblen Hotels? Priceline-Bucher tauschen ihre Erfahrungen aus. &nbsp; &nbsp; &nbsp; &nbsp;Volkers Geschichten, Infos ohne Ende, immer humorvoll, niemals langweilig. &nbsp; &nbsp; So in etwa sieht eine perfekt gestaltete Homepage aus. &nbsp; &nbsp; Unendliche Fundgrube f\u00fcr Wanderv\u00f6gel. &nbsp; &nbsp;&nbsp; Mit Andree und Rosi unterwegs. &nbsp; &nbsp; Viel Wissenswertes \u00fcber Bike Touren in den USA, aber auch andere Storys. &nbsp; &nbsp; &nbsp; Lustiger Typ, der Thomas. Knochentrockene Reiseberichte oder so \u00e4hnlich \ud83d\ude09 &nbsp; &nbsp; &nbsp; Viel Hawaii, aber auch diverse Fernost Reiseziele. &nbsp; &nbsp; &nbsp; Auch Katzen reisen &#8230; &nbsp; &nbsp; &nbsp; Unterwegs mit Sepp und Ulla &nbsp; &nbsp; &nbsp; Mademoiselle Severin und Niklas mit vielen detailierten Infos. &nbsp; &nbsp; &nbsp; Zwei Bayern out of Bavaria. &nbsp; &nbsp; &nbsp; Dirk berichtet \u00fcber seine Reisen und hat viele Infos inkl. Routentipps in petto. &nbsp; &nbsp; &nbsp; &nbsp; &nbsp; &nbsp; Falls jemand ein Banner ben\u00f6tigt, bittesch\u00f6n: &nbsp; &nbsp;<\/p>\n","protected":false},"author":1,"featured_media":0,"parent":0,"menu_order":7,"comment_status":"closed","ping_status":"closed","template":"","meta":{"footnotes":""},"class_list":["post-11","page","type-page","status-publish","hentry"],"_links":{"self":[{"href":"https:\/\/welcome-ontour.de\/wordpress\/index.php\/wp-json\/wp\/v2\/pages\/11","targetHints":{"allow":["GET"]}}],"collection":[{"href":"https:\/\/welcome-ontour.de\/wordpress\/index.php\/wp-json\/wp\/v2\/pages"}],"about":[{"href":"https:\/\/welcome-ontour.de\/wordpress\/index.php\/wp-json\/wp\/v2\/types\/page"}],"author":[{"embeddable":true,"href":"https:\/\/welcome-ontour.de\/wordpress\/index.php\/wp-json\/wp\/v2\/users\/1"}],"replies":[{"embeddable":true,"href":"https:\/\/welcome-ontour.de\/wordpress\/index.php\/wp-json\/wp\/v2\/comments?post=11"}],"version-history":[{"count":6,"href":"https:\/\/welcome-ontour.de\/wordpress\/index.php\/wp-json\/wp\/v2\/pages\/11\/revisions"}],"predecessor-version":[{"id":17724,"href":"https:\/\/welcome-ontour.de\/wordpress\/index.php\/wp-json\/wp\/v2\/pages\/11\/revisions\/17724"}],"wp:attachment":[{"href":"https:\/\/welcome-ontour.de\/wordpress\/index.php\/wp-json\/wp\/v2\/media?parent=11"}],"curies":[{"name":"wp","href":"https:\/\/api.w.org\/{rel}","templated":true}]}}