{"id":10999,"date":"2020-06-12T07:54:49","date_gmt":"2020-06-12T07:54:49","guid":{"rendered":"https:\/\/welcome-ontour.de\/wordpress\/index.php\/2018-08-26-fazit\/"},"modified":"2022-06-30T23:06:16","modified_gmt":"2022-06-30T23:06:16","slug":"2018-08-26-fazit","status":"publish","type":"page","link":"https:\/\/welcome-ontour.de\/wordpress\/index.php\/2018-08-26-fazit\/","title":{"rendered":"2018 08 26 fazit"},"content":{"rendered":"<p style=\"text-align: center;\"><span style=\"font-size: 8pt; font-family: arial, helvetica, sans-serif;\"><a href=\"https:\/\/welcome-ontour.de\/wordpress\/index.php\/2018-08-17-prolog\/\">Prolog<\/a>\u00a0 \u00a0 \u00a0 \u00a0<a href=\"https:\/\/welcome-ontour.de\/wordpress\/index.php\/2018-08-18\">Anreise<\/a>\u00a0 \u00a0 \u00a0 \u00a0<a href=\"https:\/\/welcome-ontour.de\/wordpress\/index.php\/2018-08-19\">Algaiarens<\/a>\u00a0 \u00a0 \u00a0 \u00a0<a title=\"Cruise\" href=\"https:\/\/welcome-ontour.de\/wordpress\/index.php\/2018-08-20\">Macarella<\/a>\u00a0 \u00a0 \u00a0 \u00a0<a href=\"https:\/\/welcome-ontour.de\/wordpress\/index.php\/2018-08-21\">Bosc\/Xoriguer<\/a>\u00a0 \u00a0 \u00a0\u00a0<a href=\"https:\/\/welcome-ontour.de\/wordpress\/index.php\/2018-08-22\">Son Saura<\/a>\u00a0 \u00a0 \u00a0\u00a0<a href=\"https:\/\/welcome-ontour.de\/wordpress\/index.php\/2018-08-23\">Turqueta<\/a>\u00a0 \u00a0 \u00a0\u00a0<a href=\"https:\/\/welcome-ontour.de\/wordpress\/index.php\/2018-08-24\">Mitjana<\/a>\u00a0 \u00a0 \u00a0 \u00a0<a href=\"https:\/\/welcome-ontour.de\/wordpress\/index.php\/2018-08-25\">R\u00fcckreise<\/a>\u00a0 \u00a0 \u00a0 \u00a0<a href=\"https:\/\/welcome-ontour.de\/wordpress\/index.php\/2018-08-26\">Fazit<\/a><\/span><\/p>\n<p style=\"text-align: center;\"><span style=\"font-family: arial, helvetica, sans-serif; font-size: 10pt;\"><a href=\"https:\/\/welcome-ontour.de\/wordpress\/index.php\/2018-08-25\">&lt; zur\u00fcck<\/a>\u00a0 \u00a0 \u00a0 \u00a0 \u00a0 \u00a0 \u00a0 \u00a0 \u00a0 \u00a0 \u00a0 \u00a0 \u00a0 \u00a0 \u00a0 \u00a0 \u00a0 \u00a0 \u00a0 \u00a0 \u00a0 \u00a0 \u00a0 \u00a0 \u00a0 \u00a0 \u00a0 \u00a0 \u00a0 \u00a0 \u00a0 \u00a0 \u00a0 \u00a0 \u00a0 \u00a0 \u00a0 \u00a0 \u00a0 \u00a0 \u00a0 \u00a0 \u00a0 \u00a0 \u00a0 \u00a0 \u00a0 \u00a0 \u00a0 \u00a0 \u00a0 \u00a0 \u00a0 \u00a0 \u00a0 \u00a0 \u00a0 \u00a0 \u00a0 \u00a0 \u00a0 \u00a0 \u00a0 \u00a0 \u00a0 \u00a0 \u00a0 \u00a0 \u00a0 \u00a0 \u00a0 \u00a0 \u00a0 \u00a0 \u00a0 \u00a0 \u00a0 \u00a0 \u00a0 \u00a0 \u00a0 \u00a0 \u00a0 \u00a0 \u00a0 \u00a0 \u00a0 \u00a0 \u00a0 \u00a0 \u00a0 \u00a0 <a href=\"https:\/\/welcome-ontour.de\/wordpress\/index.php\/reiseberichte\/\">Reiseberichte &gt;<\/a><\/span><\/p>\n<p style=\"text-align: center;\"><span style=\"font-size: 14pt;\"><strong><span style=\"font-family: arial, helvetica, sans-serif;\">Fazit<\/span><\/strong><\/span><\/p>\n<p style=\"text-align: center;\"><span style=\"font-size: 12pt; font-family: arial, helvetica, sans-serif;\">\u00a0<\/span><\/p>\n<p style=\"text-align: center;\"><span style=\"font-size: 12pt; font-family: arial, helvetica, sans-serif;\">Wir h\u00e4tten nicht gedacht, dass uns Menorca so gut gefallen w\u00fcrde.<\/span><\/p>\n<p style=\"text-align: center;\"><span style=\"font-size: 12pt; font-family: arial, helvetica, sans-serif;\">Nirgendwo in Europa haben wir bisher sch\u00f6nere Str\u00e4nde erlebt.<\/span><\/p>\n<p style=\"text-align: center;\"><span style=\"font-size: 12pt; font-family: arial, helvetica, sans-serif;\">\u00a0<\/span><\/p>\n<p style=\"text-align: center;\"><span style=\"font-size: 12pt; font-family: arial, helvetica, sans-serif;\"><a href=\"https:\/\/welcome-ontour.de\/wordpress\/wp-content\/uploads\/2020\/06\/phoca_thumb_l_2018-08-26-01.jpg\" target=\"_blank\" rel=\"noopener noreferrer\"><img decoding=\"async\" class=\" size-full wp-image-10994\" title=\"Menorca 2018\" src=\"https:\/\/welcome-ontour.de\/wordpress\/wp-content\/uploads\/2020\/06\/phoca_thumb_l_2018-08-26-01.jpg\" alt=\"\" width=\"700\" height=\"297\" srcset=\"https:\/\/welcome-ontour.de\/wordpress\/wp-content\/uploads\/2020\/06\/phoca_thumb_l_2018-08-26-01.jpg 1206w, https:\/\/welcome-ontour.de\/wordpress\/wp-content\/uploads\/2020\/06\/phoca_thumb_l_2018-08-26-01-300x127.jpg 300w, https:\/\/welcome-ontour.de\/wordpress\/wp-content\/uploads\/2020\/06\/phoca_thumb_l_2018-08-26-01-1024x435.jpg 1024w, https:\/\/welcome-ontour.de\/wordpress\/wp-content\/uploads\/2020\/06\/phoca_thumb_l_2018-08-26-01-768x326.jpg 768w\" sizes=\"(max-width: 700px) 100vw, 700px\" \/><\/a><\/span><\/p>\n<p style=\"text-align: center;\"><span style=\"font-size: 12pt; font-family: arial, helvetica, sans-serif;\">\u00a0<\/span><\/p>\n<p style=\"text-align: center;\"><span style=\"font-size: 12pt; font-family: arial, helvetica, sans-serif;\">Der Urlaub hatte nichts anderes als Erholung zum Thema und genau das ist uns gut gelungen.<\/span><\/p>\n<p style=\"text-align: center;\"><span style=\"font-size: 12pt; font-family: arial, helvetica, sans-serif;\">K\u00f6nnen hier nur f\u00fcr\u00a0den Westen der Insel sprechen, aber diesen uneingeschr\u00e4nkt empfehlen.<\/span><\/p>\n<p style=\"text-align: center;\"><span style=\"font-size: 12pt; font-family: arial, helvetica, sans-serif;\">Wenn, dann aber bitte mit einem Mietwagen.<\/span><\/p>\n<p style=\"text-align: center;\"><span style=\"font-size: 12pt; font-family: arial, helvetica, sans-serif;\">Uns hat der kleine Citroen C3 v\u00f6llig ausgereicht.<\/span><\/p>\n<p style=\"text-align: center;\"><span style=\"font-size: 12pt; font-family: arial, helvetica, sans-serif;\">Er war komfortabel, sparsam und hat uns zuverl\u00e4ssig \u00fcberall hingebracht.<\/span><\/p>\n<p style=\"text-align: center;\"><span style=\"font-size: 12pt; font-family: arial, helvetica, sans-serif;\">Als Tip: Wer sich nicht davor scheut, fr\u00fch aufzustehen, sollte das hier auch tun.<\/span><\/p>\n<p style=\"text-align: center;\"><span style=\"font-size: 12pt; font-family: arial, helvetica, sans-serif;\">Bis zum sp\u00e4ten Vormittag sind die Str\u00e4nde einmalig.<\/span><\/p>\n<p style=\"text-align: center;\"><span style=\"font-size: 12pt; font-family: arial, helvetica, sans-serif;\">Wenn es sp\u00e4ter voll wird, eher weniger.<\/span><\/p>\n<p style=\"text-align: center;\"><span style=\"font-size: 12pt; font-family: arial, helvetica, sans-serif;\">\u00a0<\/span><\/p>\n<p style=\"text-align: center;\"><span style=\"font-size: 12pt; font-family: arial, helvetica, sans-serif;\"><img decoding=\"async\" class=\" size-full wp-image-10995\" title=\"Macarella\" src=\"https:\/\/welcome-ontour.de\/wordpress\/wp-content\/uploads\/2020\/06\/phoca_thumb_l_2018-08-26-02.jpg\" width=\"380\" height=\"240\" srcset=\"https:\/\/welcome-ontour.de\/wordpress\/wp-content\/uploads\/2020\/06\/phoca_thumb_l_2018-08-26-02.jpg 450w, https:\/\/welcome-ontour.de\/wordpress\/wp-content\/uploads\/2020\/06\/phoca_thumb_l_2018-08-26-02-300x189.jpg 300w\" sizes=\"(max-width: 380px) 100vw, 380px\" \/><img decoding=\"async\" class=\" size-full wp-image-10996\" title=\"Mitjana\" src=\"https:\/\/welcome-ontour.de\/wordpress\/wp-content\/uploads\/2020\/06\/phoca_thumb_l_2018-08-26-03.jpg\" alt=\"\" width=\"380\" height=\"241\" srcset=\"https:\/\/welcome-ontour.de\/wordpress\/wp-content\/uploads\/2020\/06\/phoca_thumb_l_2018-08-26-03.jpg 450w, https:\/\/welcome-ontour.de\/wordpress\/wp-content\/uploads\/2020\/06\/phoca_thumb_l_2018-08-26-03-300x190.jpg 300w\" sizes=\"(max-width: 380px) 100vw, 380px\" \/><\/span><\/p>\n<p style=\"text-align: center;\"><span style=\"font-size: 12pt; font-family: arial, helvetica, sans-serif;\">\u00a0<\/span><\/p>\n<p style=\"text-align: center;\"><span style=\"font-size: 12pt; font-family: arial, helvetica, sans-serif;\">Fl\u00fcge mit easyjet waren f\u00fcr uns Neuland.<\/span><\/p>\n<p style=\"text-align: center;\"><span style=\"font-size: 12pt; font-family: arial, helvetica, sans-serif;\">Waren echt \u00fcberrascht, wie professionell bei denen alles abl\u00e4uft.<\/span><\/p>\n<p style=\"text-align: center;\"><span style=\"font-size: 12pt; font-family: arial, helvetica, sans-serif;\">Die Sitze am Notausgang waren hervorragend, Service und Freundlichkeit des Personals ebenfalls.<\/span><\/p>\n<p style=\"text-align: center;\"><span style=\"font-size: 12pt; font-family: arial, helvetica, sans-serif;\">Gut hat mir gefallen, dass wir schon 4 Wochen vor Anreise online einchecken konnten, f\u00fcr Hin- und R\u00fcckflug.<\/span><\/p>\n<p style=\"text-align: center;\"><span style=\"font-size: 12pt; font-family: arial, helvetica, sans-serif;\">Mit Speedy Boarding spart man sich das Risiko, f\u00fcr\u2019s Handgep\u00e4ck keinen Platz mehr zu finden.<\/span><\/p>\n<p style=\"text-align: center;\"><span style=\"font-size: 12pt; font-family: arial, helvetica, sans-serif;\">\u00a0<\/span><\/p>\n<p style=\"text-align: center;\"><span style=\"font-size: 12pt; font-family: arial, helvetica, sans-serif;\"><img decoding=\"async\" class=\" size-full wp-image-10997\" title=\"Menorca\" src=\"https:\/\/welcome-ontour.de\/wordpress\/wp-content\/uploads\/2020\/06\/phoca_thumb_l_2018-08-26-04.jpg\" alt=\"\" width=\"600\" height=\"400\" srcset=\"https:\/\/welcome-ontour.de\/wordpress\/wp-content\/uploads\/2020\/06\/phoca_thumb_l_2018-08-26-04.jpg 804w, https:\/\/welcome-ontour.de\/wordpress\/wp-content\/uploads\/2020\/06\/phoca_thumb_l_2018-08-26-04-300x200.jpg 300w, https:\/\/welcome-ontour.de\/wordpress\/wp-content\/uploads\/2020\/06\/phoca_thumb_l_2018-08-26-04-768x512.jpg 768w\" sizes=\"(max-width: 600px) 100vw, 600px\" \/><\/span><\/p>\n<p style=\"text-align: center;\"><span style=\"font-size: 12pt; font-family: arial, helvetica, sans-serif;\">\u00a0<\/span><\/p>\n<p style=\"text-align: center;\"><span style=\"font-size: 12pt;\"><strong><span style=\"font-family: arial, helvetica, sans-serif;\">Zahlen<\/span><\/strong><\/span><\/p>\n<p style=\"text-align: center;\"><span style=\"font-size: 12pt; font-family: arial, helvetica, sans-serif;\">Flug und Hotel gab es bei X-Air, einer Tochter von Airmarin f\u00fcr 600 Euro pro Person, inklusive Halbpension.<\/span><\/p>\n<p style=\"text-align: center;\"><span style=\"font-size: 12pt; font-family: arial, helvetica, sans-serif;\">Den Mietwagen haben wir bei Sunnycars f\u00fcr rund 300 Euro pro Woche bekommen.<\/span><\/p>\n<p style=\"text-align: center;\"><span style=\"font-size: 12pt; font-family: arial, helvetica, sans-serif;\">Autos sind auf Menorca erheblich teurer als auf der gro\u00dfen Schwesterinsel.<\/span><\/p>\n<p style=\"text-align: center;\"><span style=\"font-size: 12pt; font-family: arial, helvetica, sans-serif;\">Gebucht haben wir die Kategorie Kleinwagen, bekommen den Citroen C3.<\/span><\/p>\n<p style=\"text-align: center;\"><span style=\"font-size: 12pt; font-family: arial, helvetica, sans-serif;\">\u00a0<\/span><\/p>\n<p style=\"text-align: center;\"><span style=\"font-size: 12pt; font-family: arial, helvetica, sans-serif;\"><a href=\"https:\/\/welcome-ontour.de\/wordpress\/wp-content\/uploads\/2020\/06\/phoca_thumb_l_2018-08-26-05.jpg\" target=\"_blank\" rel=\"noopener noreferrer\"><img decoding=\"async\" class=\" size-full wp-image-10998\" title=\"Menorca Sunset\" src=\"https:\/\/welcome-ontour.de\/wordpress\/wp-content\/uploads\/2020\/06\/phoca_thumb_l_2018-08-26-05.jpg\" alt=\"\" width=\"810\" height=\"368\" srcset=\"https:\/\/welcome-ontour.de\/wordpress\/wp-content\/uploads\/2020\/06\/phoca_thumb_l_2018-08-26-05.jpg 1806w, https:\/\/welcome-ontour.de\/wordpress\/wp-content\/uploads\/2020\/06\/phoca_thumb_l_2018-08-26-05-300x136.jpg 300w, https:\/\/welcome-ontour.de\/wordpress\/wp-content\/uploads\/2020\/06\/phoca_thumb_l_2018-08-26-05-1024x466.jpg 1024w, https:\/\/welcome-ontour.de\/wordpress\/wp-content\/uploads\/2020\/06\/phoca_thumb_l_2018-08-26-05-768x349.jpg 768w, https:\/\/welcome-ontour.de\/wordpress\/wp-content\/uploads\/2020\/06\/phoca_thumb_l_2018-08-26-05-1536x698.jpg 1536w, https:\/\/welcome-ontour.de\/wordpress\/wp-content\/uploads\/2020\/06\/phoca_thumb_l_2018-08-26-05-1568x713.jpg 1568w\" sizes=\"(max-width: 810px) 100vw, 810px\" \/><\/a><\/span><\/p>\n<p style=\"text-align: center;\"><span style=\"font-size: 12pt; font-family: arial, helvetica, sans-serif;\">\u00a0<\/span><\/p>\n<p style=\"text-align: center;\"><span style=\"font-size: 12pt; font-family: arial, helvetica, sans-serif;\">Alles in allem ein sehr erholsamer Urlaub an faszinierenden Str\u00e4nden zwei Flugstunden von zu Hause.<\/span><\/p>\n<p style=\"text-align: center;\"><span style=\"font-size: 12pt; font-family: arial, helvetica, sans-serif;\">K\u00f6nnten uns vorstellen, dass es nicht unser letzter Besuch auf Menorca war.<\/span><\/p>\n<p style=\"text-align: center;\"><span style=\"font-size: 12pt; font-family: arial, helvetica, sans-serif;\">In diesem Sinne bis zum n\u00e4chsten Mal und<\/span><\/p>\n<p style=\"text-align: center;\"><span style=\"font-size: 12pt; font-family: arial, helvetica, sans-serif;\">Macht\u2019s gut Leute.<\/span><\/p>\n<p style=\"text-align: center;\"><span style=\"font-family: arial, helvetica, sans-serif; font-size: 12pt;\">\u00a0<\/span><\/p>\n<p style=\"text-align: center;\"><span style=\"font-family: arial, helvetica, sans-serif; font-size: 12pt;\"><img decoding=\"async\" class=\" size-full wp-image-10796\" title=\"Balearen\" src=\"https:\/\/welcome-ontour.de\/wordpress\/wp-content\/uploads\/2020\/06\/phoca_thumb_l_2018-08-17-03.jpg\" width=\"210\" height=\"142\" \/><\/span><\/p>\n<p style=\"text-align: center;\"><span style=\"font-family: arial, helvetica, sans-serif; font-size: 10pt;\"><a href=\"https:\/\/welcome-ontour.de\/wordpress\/index.php\/2018-08-25\">&lt; zur\u00fcck<\/a>\u00a0 \u00a0 \u00a0 \u00a0 \u00a0 \u00a0 \u00a0 \u00a0 \u00a0 \u00a0 \u00a0 \u00a0 \u00a0 \u00a0 \u00a0 \u00a0 \u00a0 \u00a0 \u00a0 \u00a0 \u00a0 \u00a0 \u00a0 \u00a0 \u00a0 \u00a0 \u00a0 \u00a0 \u00a0 \u00a0 \u00a0 \u00a0 \u00a0 \u00a0 \u00a0 \u00a0 \u00a0 \u00a0 \u00a0 \u00a0 \u00a0 \u00a0 \u00a0 \u00a0 \u00a0 \u00a0 \u00a0 \u00a0 \u00a0 \u00a0 \u00a0 \u00a0 \u00a0 \u00a0 \u00a0 \u00a0 \u00a0 \u00a0 \u00a0 \u00a0 \u00a0 \u00a0 \u00a0 \u00a0 \u00a0 \u00a0 \u00a0 \u00a0 \u00a0 \u00a0 \u00a0 \u00a0 \u00a0 \u00a0 \u00a0 \u00a0 \u00a0 \u00a0 \u00a0 \u00a0 \u00a0 \u00a0 \u00a0 \u00a0 \u00a0 \u00a0 \u00a0 \u00a0 \u00a0 \u00a0 \u00a0 \u00a0 <a href=\"https:\/\/welcome-ontour.de\/wordpress\/index.php\/reiseberichte\/\">Reiseberichte &gt;<\/a><\/span><\/p>\n","protected":false},"excerpt":{"rendered":"<p>Prolog\u00a0 \u00a0 \u00a0 \u00a0Anreise\u00a0 \u00a0 \u00a0 \u00a0Algaiarens\u00a0 \u00a0 \u00a0 \u00a0Macarella\u00a0 \u00a0 \u00a0 \u00a0Bosc\/Xoriguer\u00a0 \u00a0 \u00a0\u00a0Son Saura\u00a0 \u00a0 \u00a0\u00a0Turqueta\u00a0 \u00a0 \u00a0\u00a0Mitjana\u00a0 \u00a0 \u00a0 \u00a0R\u00fcckreise\u00a0 \u00a0 \u00a0 \u00a0Fazit &lt; zur\u00fcck\u00a0 \u00a0 \u00a0 \u00a0 \u00a0 \u00a0 \u00a0 \u00a0 \u00a0 \u00a0 \u00a0 \u00a0 \u00a0 \u00a0 \u00a0 \u00a0 \u00a0 \u00a0 \u00a0 \u00a0 \u00a0 \u00a0 \u00a0 \u00a0 \u00a0 \u00a0 \u00a0 \u00a0 \u00a0 \u00a0 \u00a0 \u00a0 \u00a0 \u00a0 \u00a0 \u00a0 \u00a0 \u00a0 \u00a0 \u00a0 \u00a0 \u00a0 \u00a0 \u00a0 \u00a0 \u00a0 \u00a0 \u00a0 \u00a0 \u00a0 \u00a0 \u00a0 \u00a0 \u00a0 \u00a0 \u00a0 \u00a0 \u00a0 \u00a0 \u00a0 \u00a0 \u00a0 \u00a0 \u00a0 \u00a0 \u00a0 \u00a0 \u00a0 \u00a0 \u00a0 \u00a0 \u00a0 \u00a0 \u00a0 \u00a0 \u00a0 \u00a0 \u00a0 \u00a0 \u00a0 \u00a0 \u00a0 \u00a0 \u00a0 \u00a0 \u00a0 \u00a0 \u00a0 \u00a0 \u00a0 \u00a0 \u00a0 Reiseberichte &gt; Fazit \u00a0 Wir h\u00e4tten nicht gedacht, dass uns Menorca so gut gefallen w\u00fcrde. Nirgendwo in Europa haben wir bisher sch\u00f6nere Str\u00e4nde erlebt. \u00a0 \u00a0 Der Urlaub hatte nichts anderes als Erholung zum Thema und genau das ist uns gut gelungen. K\u00f6nnen hier nur f\u00fcr\u00a0den Westen der Insel sprechen, aber diesen uneingeschr\u00e4nkt empfehlen. Wenn, dann aber bitte mit einem Mietwagen. Uns hat der kleine Citroen C3 v\u00f6llig ausgereicht. Er war komfortabel, sparsam und hat uns zuverl\u00e4ssig \u00fcberall hingebracht. Als Tip: Wer sich nicht davor scheut, fr\u00fch aufzustehen, sollte das hier auch tun. Bis zum sp\u00e4ten Vormittag sind die Str\u00e4nde einmalig. Wenn es sp\u00e4ter voll wird, eher weniger. \u00a0 \u00a0 Fl\u00fcge mit easyjet waren f\u00fcr uns Neuland. Waren echt \u00fcberrascht, wie professionell bei denen alles abl\u00e4uft. Die Sitze am Notausgang waren hervorragend, Service und Freundlichkeit des Personals ebenfalls. Gut hat mir gefallen, dass wir schon 4 Wochen vor Anreise online einchecken konnten, f\u00fcr Hin- und R\u00fcckflug. Mit Speedy Boarding spart man sich das Risiko, f\u00fcr\u2019s Handgep\u00e4ck keinen Platz mehr zu finden. \u00a0 \u00a0 Zahlen Flug und Hotel gab es bei X-Air, einer Tochter von Airmarin f\u00fcr 600 Euro pro Person, inklusive Halbpension. Den Mietwagen haben wir bei Sunnycars f\u00fcr rund 300 Euro pro Woche bekommen. Autos sind auf Menorca erheblich teurer als auf der gro\u00dfen Schwesterinsel. Gebucht haben wir die Kategorie Kleinwagen, bekommen den Citroen C3. \u00a0 \u00a0 Alles in allem ein sehr erholsamer Urlaub an faszinierenden Str\u00e4nden zwei Flugstunden von zu Hause. K\u00f6nnten uns vorstellen, dass es nicht unser letzter Besuch auf Menorca war. In diesem Sinne bis zum n\u00e4chsten Mal und Macht\u2019s gut Leute. \u00a0 &lt; zur\u00fcck\u00a0 \u00a0 \u00a0 \u00a0 \u00a0 \u00a0 \u00a0 \u00a0 \u00a0 \u00a0 \u00a0 \u00a0 \u00a0 \u00a0 \u00a0 \u00a0 \u00a0 \u00a0 \u00a0 \u00a0 \u00a0 \u00a0 \u00a0 \u00a0 \u00a0 \u00a0 \u00a0 \u00a0 \u00a0 \u00a0 \u00a0 \u00a0 \u00a0 \u00a0 \u00a0 \u00a0 \u00a0 \u00a0 \u00a0 \u00a0 \u00a0 \u00a0 \u00a0 \u00a0 \u00a0 \u00a0 \u00a0 \u00a0 \u00a0 \u00a0 \u00a0 \u00a0 \u00a0 \u00a0 \u00a0 \u00a0 \u00a0 \u00a0 \u00a0 \u00a0 \u00a0 \u00a0 \u00a0 \u00a0 \u00a0 \u00a0 \u00a0 \u00a0 \u00a0 \u00a0 \u00a0 \u00a0 \u00a0 \u00a0 \u00a0 \u00a0 \u00a0 \u00a0 \u00a0 \u00a0 \u00a0 \u00a0 \u00a0 \u00a0 \u00a0 \u00a0 \u00a0 \u00a0 \u00a0 \u00a0 \u00a0 \u00a0 Reiseberichte &gt;<\/p>\n","protected":false},"author":1,"featured_media":10994,"parent":0,"menu_order":0,"comment_status":"closed","ping_status":"closed","template":"","meta":{"footnotes":""},"class_list":["post-10999","page","type-page","status-publish","has-post-thumbnail","hentry"],"_links":{"self":[{"href":"https:\/\/welcome-ontour.de\/wordpress\/index.php\/wp-json\/wp\/v2\/pages\/10999","targetHints":{"allow":["GET"]}}],"collection":[{"href":"https:\/\/welcome-ontour.de\/wordpress\/index.php\/wp-json\/wp\/v2\/pages"}],"about":[{"href":"https:\/\/welcome-ontour.de\/wordpress\/index.php\/wp-json\/wp\/v2\/types\/page"}],"author":[{"embeddable":true,"href":"https:\/\/welcome-ontour.de\/wordpress\/index.php\/wp-json\/wp\/v2\/users\/1"}],"replies":[{"embeddable":true,"href":"https:\/\/welcome-ontour.de\/wordpress\/index.php\/wp-json\/wp\/v2\/comments?post=10999"}],"version-history":[{"count":3,"href":"https:\/\/welcome-ontour.de\/wordpress\/index.php\/wp-json\/wp\/v2\/pages\/10999\/revisions"}],"predecessor-version":[{"id":17037,"href":"https:\/\/welcome-ontour.de\/wordpress\/index.php\/wp-json\/wp\/v2\/pages\/10999\/revisions\/17037"}],"wp:featuredmedia":[{"embeddable":true,"href":"https:\/\/welcome-ontour.de\/wordpress\/index.php\/wp-json\/wp\/v2\/media\/10994"}],"wp:attachment":[{"href":"https:\/\/welcome-ontour.de\/wordpress\/index.php\/wp-json\/wp\/v2\/media?parent=10999"}],"curies":[{"name":"wp","href":"https:\/\/api.w.org\/{rel}","templated":true}]}}