{"id":10785,"date":"2020-06-12T07:50:11","date_gmt":"2020-06-12T07:50:11","guid":{"rendered":"https:\/\/welcome-ontour.de\/wordpress\/index.php\/2018-02-14\/"},"modified":"2022-06-30T23:06:17","modified_gmt":"2022-06-30T23:06:17","slug":"2018-02-14","status":"publish","type":"page","link":"https:\/\/welcome-ontour.de\/wordpress\/index.php\/2018-02-14\/","title":{"rendered":"2018 02 14"},"content":{"rendered":"<p style=\"text-align: center;\"><span style=\"font-size: 8pt;\"><a href=\"https:\/\/welcome-ontour.de\/wordpress\/index.php\/2018-01-24-prolog\/\">Prolog<\/a>\u00a0 \u00a0 \u00a0 \u00a0<a href=\"https:\/\/welcome-ontour.de\/wordpress\/index.php\/2018-01-25\/\">Anreise<\/a>\u00a0 \u00a0 \u00a0 \u00a0<a href=\"https:\/\/welcome-ontour.de\/wordpress\/index.php\/2018-01-26\/\">Florida Keys<\/a>\u00a0 \u00a0 \u00a0 \u00a0<a href=\"https:\/\/welcome-ontour.de\/wordpress\/index.php\/2018-01-30\/\">Miami<\/a>\u00a0 \u00a0 \u00a0 \u00a0<a href=\"https:\/\/welcome-ontour.de\/wordpress\/index.php\/2018-02-01\/\">70.000 Tons Of Metal<\/a>\u00a0 \u00a0 \u00a0\u00a0<a href=\"https:\/\/welcome-ontour.de\/wordpress\/index.php\/2018-02-03\/\">Grand Turk<\/a>\u00a0 \u00a0 \u00a0\u00a0<a href=\"https:\/\/welcome-ontour.de\/wordpress\/index.php\/2018-02-05\/\">Sarasota<\/a>\u00a0 \u00a0 \u00a0\u00a0<a href=\"https:\/\/welcome-ontour.de\/wordpress\/index.php\/2018-02-09\/\">Sanibel<\/a>\u00a0 \u00a0 \u00a0<a href=\"https:\/\/welcome-ontour.de\/wordpress\/index.php\/2018-02-12\/\">Miami<\/a>\u00a0 \u00a0 \u00a0\u00a0<\/span><span style=\"font-size: 8pt;\"><a href=\"https:\/\/welcome-ontour.de\/wordpress\/index.php\/2018-02-13\/\">R\u00fcckreise<\/a>\u00a0 \u00a0 \u00a0 \u00a0<a href=\"https:\/\/welcome-ontour.de\/wordpress\/index.php\/2018-02-15-fazit\/\">Fazit<\/a><\/span><\/p>\n<p style=\"text-align: center;\">\u00a0<\/p>\n<p style=\"text-align: center;\"><a href=\"https:\/\/welcome-ontour.de\/wordpress\/index.php\/2018-02-13\/\">&lt; zur\u00fcck<\/a>\u00a0 \u00a0 \u00a0 \u00a0\u00a0 \u00a0 \u00a0 \u00a0 \u00a0 \u00a0 \u00a0 \u00a0 \u00a0 \u00a0 \u00a0 \u00a0 \u00a0 \u00a0 \u00a0 \u00a0 \u00a0 \u00a0 \u00a0 \u00a0 \u00a0 \u00a0 \u00a0 \u00a0 \u00a0 \u00a0 \u00a0 \u00a0 \u00a0 \u00a0 \u00a0 \u00a0 \u00a0 \u00a0 \u00a0 \u00a0 \u00a0 \u00a0 \u00a0 \u00a0 \u00a0 \u00a0 \u00a0 \u00a0 \u00a0 \u00a0 \u00a0 \u00a0 \u00a0 \u00a0 \u00a0 \u00a0 \u00a0 \u00a0 \u00a0 \u00a0 \u00a0 \u00a0 \u00a0 \u00a0 \u00a0 \u00a0 \u00a0 \u00a0 \u00a0 \u00a0 \u00a0 \u00a0 \u00a0 \u00a0 \u00a0 \u00a0 \u00a0 \u00a0 \u00a0 \u00a0 \u00a0 \u00a0 \u00a0 \u00a0 \u00a0 \u00a0 \u00a0 \u00a0 \u00a0 \u00a0 \u00a0 \u00a0 \u00a0 \u00a0 \u00a0 \u00a0<a href=\"https:\/\/welcome-ontour.de\/wordpress\/index.php\/2018-02-15-fazit\/\">weiter &gt;<\/a><\/p>\n<p style=\"text-align: center;\">\u00a0<\/p>\n<p style=\"text-align: center;\"><span style=\"font-size: 14pt;\"><strong><span style=\"font-family: arial, helvetica, sans-serif;\">Mi 14.2.<\/span><\/strong><\/span><\/p>\n<p style=\"text-align: center;\"><span style=\"font-size: 14pt;\"><strong><span style=\"font-family: arial, helvetica, sans-serif;\">\u00a0<\/span><\/strong><\/span><\/p>\n<p style=\"text-align: center;\"><span style=\"font-size: 14pt;\"><strong><span style=\"font-family: arial, helvetica, sans-serif;\">Immer noch Abreise<\/span><\/strong><\/span><\/p>\n<p style=\"text-align: center;\"><span style=\"font-size: 12pt; font-family: arial, helvetica, sans-serif;\">\u00a0<\/span><\/p>\n<p style=\"text-align: center;\"><span style=\"font-size: 12pt; font-family: arial, helvetica, sans-serif;\">An unserem Abfluggate J17 suchen wir uns eine freie Sitzbank, Ute legt sich davor auf den Teppich.<\/span><\/p>\n<p style=\"text-align: center;\"><span style=\"font-size: 12pt; font-family: arial, helvetica, sans-serif;\">\u00a0<\/span><\/p>\n<p style=\"text-align: center;\"><span style=\"font-size: 12pt; font-family: arial, helvetica, sans-serif;\"><a href=\"https:\/\/welcome-ontour.de\/wordpress\/wp-content\/uploads\/2020\/06\/phoca_thumb_l_2018-02-14-01.jpg\" target=\"_blank\" rel=\"noopener noreferrer\"><img decoding=\"async\" class=\" size-full wp-image-10778\" title=\"M\u00fcde Ute\" src=\"https:\/\/welcome-ontour.de\/wordpress\/wp-content\/uploads\/2020\/06\/phoca_thumb_l_2018-02-14-01.jpg\" alt=\"\" width=\"147\" height=\"232\" srcset=\"https:\/\/welcome-ontour.de\/wordpress\/wp-content\/uploads\/2020\/06\/phoca_thumb_l_2018-02-14-01.jpg 254w, https:\/\/welcome-ontour.de\/wordpress\/wp-content\/uploads\/2020\/06\/phoca_thumb_l_2018-02-14-01-191x300.jpg 191w\" sizes=\"(max-width: 147px) 100vw, 147px\" \/><\/a>\u00a0 <img decoding=\"async\" class=\" size-full wp-image-10779\" title=\"1:35 nach Paris\" src=\"https:\/\/welcome-ontour.de\/wordpress\/wp-content\/uploads\/2020\/06\/phoca_thumb_l_2018-02-14-02.jpg\" alt=\"\" width=\"308\" height=\"232\" srcset=\"https:\/\/welcome-ontour.de\/wordpress\/wp-content\/uploads\/2020\/06\/phoca_thumb_l_2018-02-14-02.jpg 400w, https:\/\/welcome-ontour.de\/wordpress\/wp-content\/uploads\/2020\/06\/phoca_thumb_l_2018-02-14-02-300x226.jpg 300w\" sizes=\"(max-width: 308px) 100vw, 308px\" \/>\u00a0 <img decoding=\"async\" class=\" size-full wp-image-10780\" title=\"Endlich Boarding\" src=\"https:\/\/welcome-ontour.de\/wordpress\/wp-content\/uploads\/2020\/06\/phoca_thumb_l_2018-02-14-03.jpg\" alt=\"\" width=\"307\" height=\"232\" srcset=\"https:\/\/welcome-ontour.de\/wordpress\/wp-content\/uploads\/2020\/06\/phoca_thumb_l_2018-02-14-03.jpg 400w, https:\/\/welcome-ontour.de\/wordpress\/wp-content\/uploads\/2020\/06\/phoca_thumb_l_2018-02-14-03-300x227.jpg 300w\" sizes=\"(max-width: 307px) 100vw, 307px\" \/><\/span><\/p>\n<p style=\"text-align: center;\"><span style=\"font-size: 12pt; font-family: arial, helvetica, sans-serif;\">\u00a0<\/span><\/p>\n<p style=\"text-align: center;\"><span style=\"font-size: 12pt; font-family: arial, helvetica, sans-serif;\">Die Warterei zieht sich ewig in die L\u00e4nge und nervt ungemein.<\/span><\/p>\n<p style=\"text-align: center;\"><span style=\"font-size: 12pt; font-family: arial, helvetica, sans-serif;\">Gegen Mitternacht landet der gro\u00dfe Airbus A380.<\/span><\/p>\n<p style=\"text-align: center;\"><span style=\"font-size: 12pt; font-family: arial, helvetica, sans-serif;\">Das Boarding beginnt um eins und bis der gro\u00dfe Airbus-Doppeldecker startet, ist es um zwei.<\/span><\/p>\n<p style=\"text-align: center;\"><span style=\"font-size: 12pt; font-family: arial, helvetica, sans-serif;\">Unsere Pl\u00e4tze 88 H und K sind sehr gut.<\/span><\/p>\n<p style=\"text-align: center;\"><span style=\"font-size: 12pt; font-family: arial, helvetica, sans-serif;\">Hier hinten in dem kleinen separaten Bereich am Ende des Oberdecks f\u00fchlen wir uns wohl.<\/span><\/p>\n<p style=\"text-align: center;\"><span style=\"font-size: 12pt; font-family: arial, helvetica, sans-serif;\">Uhren umstellen von 2 Uhr nachts auf 8 Uhr morgens, mitteleurop\u00e4ische Zeit.<\/span><\/p>\n<p style=\"text-align: center;\"><span style=\"font-size: 12pt; font-family: arial, helvetica, sans-serif;\">Flugzeit soll r\u00fcckenwindbedingt nur 7,5 Stunden sein.<\/span><\/p>\n<p style=\"text-align: center;\"><span style=\"font-size: 12pt; font-family: arial, helvetica, sans-serif;\">Die Crew gibt ihr Bestes, das Essen wird unverz\u00fcglich serviert.<\/span><\/p>\n<p style=\"text-align: center;\"><span style=\"font-size: 12pt; font-family: arial, helvetica, sans-serif;\">Nach der Mahlzeit schlafen wir beide schnell und fest ein.<\/span><\/p>\n<p style=\"text-align: center;\"><span style=\"font-size: 12pt; font-family: arial, helvetica, sans-serif;\">Eine Stunde vor der Landung werden wir geweckt, es gibt ein warmes Fr\u00fchst\u00fcck und hei\u00dfen Kaffee.<\/span><\/p>\n<p style=\"text-align: center;\"><span style=\"font-size: 12pt; font-family: arial, helvetica, sans-serif;\">15:30 landen wir auf dem Charles De Gaulles Airport in Paris.<\/span><\/p>\n<p style=\"text-align: center;\"><span style=\"font-size: 12pt; font-family: arial, helvetica, sans-serif;\">\u00a0<\/span><\/p>\n<p style=\"text-align: center;\"><span style=\"font-size: 12pt; font-family: arial, helvetica, sans-serif;\"><img decoding=\"async\" class=\" size-full wp-image-10781\" title=\"20:40 nach Berlin von Gate F30\" src=\"https:\/\/welcome-ontour.de\/wordpress\/wp-content\/uploads\/2020\/06\/phoca_thumb_l_2018-02-14-04.jpg\" width=\"500\" height=\"283\" srcset=\"https:\/\/welcome-ontour.de\/wordpress\/wp-content\/uploads\/2020\/06\/phoca_thumb_l_2018-02-14-04.jpg 810w, https:\/\/welcome-ontour.de\/wordpress\/wp-content\/uploads\/2020\/06\/phoca_thumb_l_2018-02-14-04-300x170.jpg 300w, https:\/\/welcome-ontour.de\/wordpress\/wp-content\/uploads\/2020\/06\/phoca_thumb_l_2018-02-14-04-768x434.jpg 768w\" sizes=\"(max-width: 500px) 100vw, 500px\" \/><\/span><\/p>\n<p style=\"text-align: center;\"><span style=\"font-size: 12pt; font-family: arial, helvetica, sans-serif;\">\u00a0<\/span><\/p>\n<p style=\"text-align: center;\"><span style=\"font-size: 12pt; font-family: arial, helvetica, sans-serif;\">Zu unserem Weiterflugterminal 2F k\u00f6nnen wir laufen.<\/span><\/p>\n<p style=\"text-align: center;\"><span style=\"font-size: 12pt; font-family: arial, helvetica, sans-serif;\">\u00a0<\/span><\/p>\n<p style=\"text-align: center;\"><span style=\"font-size: 12pt; font-family: arial, helvetica, sans-serif;\"><img decoding=\"async\" class=\" size-full wp-image-10782\" title=\"Paris Charles de Gaulle, Terminal 2F\" src=\"https:\/\/welcome-ontour.de\/wordpress\/wp-content\/uploads\/2020\/06\/phoca_thumb_l_2018-02-14-05.jpg\" alt=\"\" width=\"400\" height=\"279\" srcset=\"https:\/\/welcome-ontour.de\/wordpress\/wp-content\/uploads\/2020\/06\/phoca_thumb_l_2018-02-14-05.jpg 400w, https:\/\/welcome-ontour.de\/wordpress\/wp-content\/uploads\/2020\/06\/phoca_thumb_l_2018-02-14-05-300x209.jpg 300w\" sizes=\"(max-width: 400px) 100vw, 400px\" \/>\u00a0 <img decoding=\"async\" class=\" size-full wp-image-10783\" title=\"Am Abfluggate angekommen\" src=\"https:\/\/welcome-ontour.de\/wordpress\/wp-content\/uploads\/2020\/06\/phoca_thumb_l_2018-02-14-06.jpg\" alt=\"\" width=\"400\" height=\"279\" srcset=\"https:\/\/welcome-ontour.de\/wordpress\/wp-content\/uploads\/2020\/06\/phoca_thumb_l_2018-02-14-06.jpg 400w, https:\/\/welcome-ontour.de\/wordpress\/wp-content\/uploads\/2020\/06\/phoca_thumb_l_2018-02-14-06-300x209.jpg 300w\" sizes=\"(max-width: 400px) 100vw, 400px\" \/><\/span><\/p>\n<p style=\"text-align: center;\"><span style=\"font-size: 12pt; font-family: arial, helvetica, sans-serif;\">\u00a0<\/span><\/p>\n<p style=\"text-align: center;\"><span style=\"font-size: 12pt; font-family: arial, helvetica, sans-serif;\">Der Anschlussflug nach Berlin startet 21:00, die Uhr tickt in Zeitlupe.<\/span><\/p>\n<p style=\"text-align: center;\"><span style=\"font-size: 12pt; font-family: arial, helvetica, sans-serif;\">Habe ich eigentlich schon erw\u00e4hnt, dass ich morgen fr\u00fch zur Arbeit muss?<\/span><\/p>\n<p style=\"text-align: center;\"><span style=\"font-size: 12pt; font-family: arial, helvetica, sans-serif;\">Wir suchen uns einen Platz in einer der Bars und versuchen die Zeit mit Kaffee und Internet totzuschlagen.<\/span><\/p>\n<p style=\"text-align: center;\"><span style=\"font-size: 12pt; font-family: arial, helvetica, sans-serif;\">Halb neun wird zum Boarding f\u00fcr den Air France Flug 1134 aufgerufen.<\/span><\/p>\n<p style=\"text-align: center;\"><span style=\"font-size: 12pt; font-family: arial, helvetica, sans-serif;\">\u00a0<\/span><\/p>\n<p style=\"text-align: center;\"><span style=\"font-size: 12pt; font-family: arial, helvetica, sans-serif;\"><img decoding=\"async\" class=\" size-full wp-image-10784\" title=\"20:40 nach Berlin\" src=\"https:\/\/welcome-ontour.de\/wordpress\/wp-content\/uploads\/2020\/06\/phoca_thumb_l_2018-02-14-07.jpg\" width=\"400\" height=\"299\" srcset=\"https:\/\/welcome-ontour.de\/wordpress\/wp-content\/uploads\/2020\/06\/phoca_thumb_l_2018-02-14-07.jpg 810w, https:\/\/welcome-ontour.de\/wordpress\/wp-content\/uploads\/2020\/06\/phoca_thumb_l_2018-02-14-07-300x224.jpg 300w, https:\/\/welcome-ontour.de\/wordpress\/wp-content\/uploads\/2020\/06\/phoca_thumb_l_2018-02-14-07-768x575.jpg 768w\" sizes=\"(max-width: 400px) 100vw, 400px\" \/><\/span><\/p>\n<p style=\"text-align: center;\"><span style=\"font-size: 12pt; font-family: arial, helvetica, sans-serif;\">\u00a0<\/span><\/p>\n<p style=\"text-align: center;\"><span style=\"font-size: 12pt; font-family: arial, helvetica, sans-serif;\">Der Flug nach Berlin wird von Joon ausgef\u00fchrt, der Sitzabstand ist gering.<\/span><\/p>\n<p style=\"text-align: center;\"><span style=\"font-size: 12pt; font-family: arial, helvetica, sans-serif;\">Um neun startet der volle Airbus A320, Flugzeit eine Stunde.<\/span><\/p>\n<p style=\"text-align: center;\"><span style=\"font-size: 12pt; font-family: arial, helvetica, sans-serif;\">Wir schlafen die ganze Zeit.<\/span><\/p>\n<p style=\"text-align: center;\"><span style=\"font-size: 12pt; font-family: arial, helvetica, sans-serif;\">22:10 landen wir im -2\u00b0C kalten Tegel.<\/span><\/p>\n<p style=\"text-align: center;\"><span style=\"font-size: 12pt; font-family: arial, helvetica, sans-serif;\">Halb zw\u00f6lf werden wir von unserem Shuttle zu Hause abgesetzt.<\/span><\/p>\n<p style=\"text-align: center;\"><span style=\"font-size: 12pt; font-family: arial, helvetica, sans-serif;\">V\u00f6llig durch den Wind.<\/span><\/p>\n<p style=\"text-align: center;\"><span style=\"font-size: 12pt; font-family: arial, helvetica, sans-serif;\">\u00a0<\/span><\/p>\n<p><span style=\"font-size: 12pt; font-family: arial, helvetica, sans-serif;\"><img decoding=\"async\" class=\" size-full wp-image-10182\" style=\"display: block; margin-left: auto; margin-right: auto;\" title=\"Florida\" src=\"https:\/\/welcome-ontour.de\/wordpress\/wp-content\/uploads\/2020\/06\/phoca_thumb_l_2018-01-24-03.jpg\" alt=\"\" width=\"180\" height=\"162\" srcset=\"https:\/\/welcome-ontour.de\/wordpress\/wp-content\/uploads\/2020\/06\/phoca_thumb_l_2018-01-24-03.jpg 394w, https:\/\/welcome-ontour.de\/wordpress\/wp-content\/uploads\/2020\/06\/phoca_thumb_l_2018-01-24-03-300x270.jpg 300w\" sizes=\"(max-width: 180px) 100vw, 180px\" \/><\/span><\/p>\n<p style=\"text-align: center;\">\u00a0<\/p>\n<p style=\"text-align: center;\"><a href=\"https:\/\/welcome-ontour.de\/wordpress\/index.php\/2018-02-13\/\">&lt; zur\u00fcck<\/a>\u00a0 \u00a0 \u00a0 \u00a0\u00a0 \u00a0 \u00a0 \u00a0 \u00a0 \u00a0 \u00a0 \u00a0 \u00a0 \u00a0 \u00a0 \u00a0 \u00a0 \u00a0 \u00a0 \u00a0 \u00a0 \u00a0 \u00a0 \u00a0 \u00a0 \u00a0 \u00a0 \u00a0 \u00a0 \u00a0 \u00a0 \u00a0 \u00a0 \u00a0 \u00a0 \u00a0 \u00a0 \u00a0 \u00a0 \u00a0 \u00a0 \u00a0 \u00a0 \u00a0 \u00a0 \u00a0 \u00a0 \u00a0 \u00a0 \u00a0 \u00a0 \u00a0 \u00a0 \u00a0 \u00a0 \u00a0 \u00a0 \u00a0 \u00a0 \u00a0 \u00a0 \u00a0 \u00a0 \u00a0 \u00a0 \u00a0 \u00a0 \u00a0 \u00a0 \u00a0 \u00a0 \u00a0 \u00a0 \u00a0 \u00a0 \u00a0 \u00a0 \u00a0 \u00a0 \u00a0 \u00a0 \u00a0 \u00a0 \u00a0 \u00a0 \u00a0 \u00a0 \u00a0 \u00a0 \u00a0 \u00a0 \u00a0 \u00a0 \u00a0 \u00a0 \u00a0<a href=\"https:\/\/welcome-ontour.de\/wordpress\/index.php\/2018-02-15-fazit\/\">weiter &gt;<\/a>\u00a0<\/p>\n","protected":false},"excerpt":{"rendered":"<p>Prolog\u00a0 \u00a0 \u00a0 \u00a0Anreise\u00a0 \u00a0 \u00a0 \u00a0Florida Keys\u00a0 \u00a0 \u00a0 \u00a0Miami\u00a0 \u00a0 \u00a0 \u00a070.000 Tons Of Metal\u00a0 \u00a0 \u00a0\u00a0Grand Turk\u00a0 \u00a0 \u00a0\u00a0Sarasota\u00a0 \u00a0 \u00a0\u00a0Sanibel\u00a0 \u00a0 \u00a0Miami\u00a0 \u00a0 \u00a0\u00a0R\u00fcckreise\u00a0 \u00a0 \u00a0 \u00a0Fazit \u00a0 &lt; zur\u00fcck\u00a0 \u00a0 \u00a0 \u00a0\u00a0 \u00a0 \u00a0 \u00a0 \u00a0 \u00a0 \u00a0 \u00a0 \u00a0 \u00a0 \u00a0 \u00a0 \u00a0 \u00a0 \u00a0 \u00a0 \u00a0 \u00a0 \u00a0 \u00a0 \u00a0 \u00a0 \u00a0 \u00a0 \u00a0 \u00a0 \u00a0 \u00a0 \u00a0 \u00a0 \u00a0 \u00a0 \u00a0 \u00a0 \u00a0 \u00a0 \u00a0 \u00a0 \u00a0 \u00a0 \u00a0 \u00a0 \u00a0 \u00a0 \u00a0 \u00a0 \u00a0 \u00a0 \u00a0 \u00a0 \u00a0 \u00a0 \u00a0 \u00a0 \u00a0 \u00a0 \u00a0 \u00a0 \u00a0 \u00a0 \u00a0 \u00a0 \u00a0 \u00a0 \u00a0 \u00a0 \u00a0 \u00a0 \u00a0 \u00a0 \u00a0 \u00a0 \u00a0 \u00a0 \u00a0 \u00a0 \u00a0 \u00a0 \u00a0 \u00a0 \u00a0 \u00a0 \u00a0 \u00a0 \u00a0 \u00a0 \u00a0 \u00a0 \u00a0 \u00a0 \u00a0 \u00a0weiter &gt; \u00a0 Mi 14.2. \u00a0 Immer noch Abreise \u00a0 An unserem Abfluggate J17 suchen wir uns eine freie Sitzbank, Ute legt sich davor auf den Teppich. \u00a0 \u00a0 \u00a0 \u00a0 Die Warterei zieht sich ewig in die L\u00e4nge und nervt ungemein. Gegen Mitternacht landet der gro\u00dfe Airbus A380. Das Boarding beginnt um eins und bis der gro\u00dfe Airbus-Doppeldecker startet, ist es um zwei. Unsere Pl\u00e4tze 88 H und K sind sehr gut. Hier hinten in dem kleinen separaten Bereich am Ende des Oberdecks f\u00fchlen wir uns wohl. Uhren umstellen von 2 Uhr nachts auf 8 Uhr morgens, mitteleurop\u00e4ische Zeit. Flugzeit soll r\u00fcckenwindbedingt nur 7,5 Stunden sein. Die Crew gibt ihr Bestes, das Essen wird unverz\u00fcglich serviert. Nach der Mahlzeit schlafen wir beide schnell und fest ein. Eine Stunde vor der Landung werden wir geweckt, es gibt ein warmes Fr\u00fchst\u00fcck und hei\u00dfen Kaffee. 15:30 landen wir auf dem Charles De Gaulles Airport in Paris. \u00a0 \u00a0 Zu unserem Weiterflugterminal 2F k\u00f6nnen wir laufen. \u00a0 \u00a0 \u00a0 Der Anschlussflug nach Berlin startet 21:00, die Uhr tickt in Zeitlupe. Habe ich eigentlich schon erw\u00e4hnt, dass ich morgen fr\u00fch zur Arbeit muss? Wir suchen uns einen Platz in einer der Bars und versuchen die Zeit mit Kaffee und Internet totzuschlagen. Halb neun wird zum Boarding f\u00fcr den Air France Flug 1134 aufgerufen. \u00a0 \u00a0 Der Flug nach Berlin wird von Joon ausgef\u00fchrt, der Sitzabstand ist gering. Um neun startet der volle Airbus A320, Flugzeit eine Stunde. Wir schlafen die ganze Zeit. 22:10 landen wir im -2\u00b0C kalten Tegel. Halb zw\u00f6lf werden wir von unserem Shuttle zu Hause abgesetzt. V\u00f6llig durch den Wind. \u00a0 \u00a0 &lt; zur\u00fcck\u00a0 \u00a0 \u00a0 \u00a0\u00a0 \u00a0 \u00a0 \u00a0 \u00a0 \u00a0 \u00a0 \u00a0 \u00a0 \u00a0 \u00a0 \u00a0 \u00a0 \u00a0 \u00a0 \u00a0 \u00a0 \u00a0 \u00a0 \u00a0 \u00a0 \u00a0 \u00a0 \u00a0 \u00a0 \u00a0 \u00a0 \u00a0 \u00a0 \u00a0 \u00a0 \u00a0 \u00a0 \u00a0 \u00a0 \u00a0 \u00a0 \u00a0 \u00a0 \u00a0 \u00a0 \u00a0 \u00a0 \u00a0 \u00a0 \u00a0 \u00a0 \u00a0 \u00a0 \u00a0 \u00a0 \u00a0 \u00a0 \u00a0 \u00a0 \u00a0 \u00a0 \u00a0 \u00a0 \u00a0 \u00a0 \u00a0 \u00a0 \u00a0 \u00a0 \u00a0 \u00a0 \u00a0 \u00a0 \u00a0 \u00a0 \u00a0 \u00a0 \u00a0 \u00a0 \u00a0 \u00a0 \u00a0 \u00a0 \u00a0 \u00a0 \u00a0 \u00a0 \u00a0 \u00a0 \u00a0 \u00a0 \u00a0 \u00a0 \u00a0 \u00a0 \u00a0weiter &gt;\u00a0<\/p>\n","protected":false},"author":1,"featured_media":10778,"parent":0,"menu_order":1,"comment_status":"closed","ping_status":"closed","template":"","meta":{"footnotes":""},"class_list":["post-10785","page","type-page","status-publish","has-post-thumbnail","hentry"],"_links":{"self":[{"href":"https:\/\/welcome-ontour.de\/wordpress\/index.php\/wp-json\/wp\/v2\/pages\/10785","targetHints":{"allow":["GET"]}}],"collection":[{"href":"https:\/\/welcome-ontour.de\/wordpress\/index.php\/wp-json\/wp\/v2\/pages"}],"about":[{"href":"https:\/\/welcome-ontour.de\/wordpress\/index.php\/wp-json\/wp\/v2\/types\/page"}],"author":[{"embeddable":true,"href":"https:\/\/welcome-ontour.de\/wordpress\/index.php\/wp-json\/wp\/v2\/users\/1"}],"replies":[{"embeddable":true,"href":"https:\/\/welcome-ontour.de\/wordpress\/index.php\/wp-json\/wp\/v2\/comments?post=10785"}],"version-history":[{"count":1,"href":"https:\/\/welcome-ontour.de\/wordpress\/index.php\/wp-json\/wp\/v2\/pages\/10785\/revisions"}],"predecessor-version":[{"id":14942,"href":"https:\/\/welcome-ontour.de\/wordpress\/index.php\/wp-json\/wp\/v2\/pages\/10785\/revisions\/14942"}],"wp:featuredmedia":[{"embeddable":true,"href":"https:\/\/welcome-ontour.de\/wordpress\/index.php\/wp-json\/wp\/v2\/media\/10778"}],"wp:attachment":[{"href":"https:\/\/welcome-ontour.de\/wordpress\/index.php\/wp-json\/wp\/v2\/media?parent=10785"}],"curies":[{"name":"wp","href":"https:\/\/api.w.org\/{rel}","templated":true}]}}