{"id":10183,"date":"2020-06-12T07:31:45","date_gmt":"2020-06-12T07:31:45","guid":{"rendered":"https:\/\/welcome-ontour.de\/wordpress\/index.php\/2018-01-24-prolog\/"},"modified":"2022-06-30T23:07:31","modified_gmt":"2022-06-30T23:07:31","slug":"2018-01-24-prolog","status":"publish","type":"page","link":"https:\/\/welcome-ontour.de\/wordpress\/index.php\/2018-01-24-prolog\/","title":{"rendered":"2018 01 24 prolog"},"content":{"rendered":"<p style=\"text-align: center;\"><span style=\"font-size: 8pt;\"><a href=\"https:\/\/welcome-ontour.de\/wordpress\/index.php\/2018-01-24-prolog\/\">Prolog<\/a>&nbsp; &nbsp; &nbsp; &nbsp;<a href=\"https:\/\/welcome-ontour.de\/wordpress\/index.php\/2018-01-25\/\">Anreise<\/a>&nbsp; &nbsp; &nbsp; &nbsp;<a href=\"https:\/\/welcome-ontour.de\/wordpress\/index.php\/2018-01-26\/\">Florida Keys<\/a>&nbsp; &nbsp; &nbsp; &nbsp;<a href=\"https:\/\/welcome-ontour.de\/wordpress\/index.php\/2018-01-30\/\">Miami<\/a>&nbsp; &nbsp; &nbsp; &nbsp;<a href=\"https:\/\/welcome-ontour.de\/wordpress\/index.php\/2018-02-01\/\">70.000 Tons Of Metal<\/a>&nbsp; &nbsp; &nbsp;&nbsp;<a href=\"https:\/\/welcome-ontour.de\/wordpress\/index.php\/2018-02-03\/\">Grand Turk<\/a>&nbsp; &nbsp; &nbsp;&nbsp;<a href=\"https:\/\/welcome-ontour.de\/wordpress\/index.php\/2018-02-05\/\">Sarasota<\/a>&nbsp; &nbsp; &nbsp;&nbsp;<a href=\"https:\/\/welcome-ontour.de\/wordpress\/index.php\/2018-02-09\/\">Sanibel<\/a>&nbsp; &nbsp; &nbsp;<a href=\"https:\/\/welcome-ontour.de\/wordpress\/index.php\/2018-02-12\/\">Miami<\/a>&nbsp; &nbsp; &nbsp;&nbsp;<\/span><span style=\"font-size: 8pt;\"><a href=\"https:\/\/welcome-ontour.de\/wordpress\/index.php\/2018-02-13\/\">R\u00fcckreise<\/a>&nbsp; &nbsp; &nbsp; &nbsp;<a href=\"https:\/\/welcome-ontour.de\/wordpress\/index.php\/2018-02-15-fazit\/\">Fazit<\/a><\/span><\/p>\n<p style=\"text-align: center;\">\n<p style=\"text-align: center;\"><a href=\"https:\/\/welcome-ontour.de\/wordpress\/index.php\/reiseberichte\/\">&lt; Reiseberichte<\/a>&nbsp; &nbsp; &nbsp; &nbsp; &nbsp; &nbsp; &nbsp; &nbsp; &nbsp; &nbsp; &nbsp; &nbsp; &nbsp; &nbsp; &nbsp; &nbsp; &nbsp; &nbsp; &nbsp; &nbsp; &nbsp; &nbsp; &nbsp; &nbsp; &nbsp; &nbsp; &nbsp; &nbsp; &nbsp; &nbsp; &nbsp; &nbsp; &nbsp; &nbsp; &nbsp; &nbsp; &nbsp; &nbsp; &nbsp; &nbsp; &nbsp; &nbsp; &nbsp; &nbsp; &nbsp; &nbsp; &nbsp; &nbsp; &nbsp; &nbsp; &nbsp; &nbsp; &nbsp; &nbsp; &nbsp; &nbsp; &nbsp; &nbsp; &nbsp; &nbsp; &nbsp; &nbsp; &nbsp; &nbsp; &nbsp; &nbsp; &nbsp; &nbsp; &nbsp; &nbsp; &nbsp; &nbsp; &nbsp; &nbsp; &nbsp; &nbsp; &nbsp; &nbsp; &nbsp; &nbsp; &nbsp; &nbsp; &nbsp; &nbsp; &nbsp; &nbsp; &nbsp; &nbsp; &nbsp; &nbsp; &nbsp; &nbsp;<a href=\"https:\/\/welcome-ontour.de\/wordpress\/index.php\/2018-01-25\/\">weiter &gt;<\/a><\/p>\n<p style=\"text-align: center;\">\n<p style=\"text-align: center;\"><span style=\"font-size: 24pt;\"><strong><span style=\"font-family: arial, helvetica, sans-serif;\">A Winter&#8217;s Tale<\/span><\/strong><\/span><\/p>\n<p style=\"text-align: center;\"><span style=\"font-size: 12pt; font-family: arial, helvetica, sans-serif;\">&nbsp;<\/span><\/p>\n<p style=\"text-align: center;\"><span style=\"font-size: 18pt;\"><strong><span style=\"font-family: arial, helvetica, sans-serif;\">Florida 2018<\/span><\/strong><\/span><\/p>\n<p style=\"text-align: center;\"><span style=\"font-size: 12pt; font-family: arial, helvetica, sans-serif;\">&nbsp;<\/span><\/p>\n<p style=\"text-align: center;\"><span style=\"font-size: 12pt; font-family: arial, helvetica, sans-serif;\"><a href=\"https:\/\/welcome-ontour.de\/wordpress\/wp-content\/uploads\/2012\/11\/phoca_thumb_l_2018-01-24-01.jpg\" target=\"_blank\" rel=\"noopener noreferrer\"><img decoding=\"async\" class=\" size-full wp-image-1597\" title=\"Florida 2018\" src=\"https:\/\/welcome-ontour.de\/wordpress\/wp-content\/uploads\/2012\/11\/phoca_thumb_l_2018-01-24-01.jpg\" alt=\"\" width=\"810\" height=\"189\" srcset=\"https:\/\/welcome-ontour.de\/wordpress\/wp-content\/uploads\/2012\/11\/phoca_thumb_l_2018-01-24-01.jpg 2000w, https:\/\/welcome-ontour.de\/wordpress\/wp-content\/uploads\/2012\/11\/phoca_thumb_l_2018-01-24-01-300x70.jpg 300w, https:\/\/welcome-ontour.de\/wordpress\/wp-content\/uploads\/2012\/11\/phoca_thumb_l_2018-01-24-01-1024x239.jpg 1024w, https:\/\/welcome-ontour.de\/wordpress\/wp-content\/uploads\/2012\/11\/phoca_thumb_l_2018-01-24-01-768x179.jpg 768w, https:\/\/welcome-ontour.de\/wordpress\/wp-content\/uploads\/2012\/11\/phoca_thumb_l_2018-01-24-01-1536x359.jpg 1536w, https:\/\/welcome-ontour.de\/wordpress\/wp-content\/uploads\/2012\/11\/phoca_thumb_l_2018-01-24-01-1568x366.jpg 1568w\" sizes=\"(max-width: 810px) 100vw, 810px\" \/><\/a><\/span><\/p>\n<p style=\"text-align: center;\"><span style=\"font-size: 12pt; font-family: arial, helvetica, sans-serif;\">&nbsp;<\/span><\/p>\n<p style=\"text-align: center;\"><span style=\"font-size: 14pt;\"><strong><span style=\"font-family: arial, helvetica, sans-serif;\">Prolog<\/span><\/strong><\/span><\/p>\n<p style=\"text-align: center;\"><span style=\"font-size: 12pt; font-family: arial, helvetica, sans-serif;\">&nbsp;<\/span><\/p>\n<p style=\"text-align: center;\"><span style=\"font-size: 12pt; font-family: arial, helvetica, sans-serif;\">Wenn Mitteleuropa im Winterschlaf versinkt, fliegen wir gern nach Florida.<\/span><\/p>\n<p style=\"text-align: center;\"><span style=\"font-size: 12pt; font-family: arial, helvetica, sans-serif;\">So auch in diesem Jahr und so auch wieder, um an der 70.000 Tons Of Metal Kreuzfahrt teilzunehmen.<\/span><\/p>\n<p style=\"text-align: center;\"><span style=\"font-size: 12pt; font-family: arial, helvetica, sans-serif;\">Vor der Cruise geht es f\u00fcr ein paar Tage auf die Florida Keys, <\/span><\/p>\n<p style=\"text-align: center;\"><span style=\"font-size: 12pt; font-family: arial, helvetica, sans-serif;\">nach der Cruise wollen wir uns acht Tage an der Golfk\u00fcste erholen.<\/span><\/p>\n<p style=\"text-align: center;\"><span style=\"font-size: 12pt; font-family: arial, helvetica, sans-serif;\">Fl\u00fcge, Quartiere und Mietwagen buchen wir im Laufe der Wartezeit bis zum Abflug.<\/span><\/p>\n<p style=\"text-align: center;\"><span style=\"font-size: 12pt; font-family: arial, helvetica, sans-serif;\">&nbsp;<\/span><\/p>\n<p style=\"text-align: center;\"><span style=\"font-size: 12pt; font-family: arial, helvetica, sans-serif;\"><img decoding=\"async\" class=\" size-full wp-image-10181\" title=\"Florida Keys\" src=\"https:\/\/welcome-ontour.de\/wordpress\/wp-content\/uploads\/2020\/06\/phoca_thumb_l_2018-01-24-02.jpg\" alt=\"\" width=\"300\" height=\"195\" srcset=\"https:\/\/welcome-ontour.de\/wordpress\/wp-content\/uploads\/2020\/06\/phoca_thumb_l_2018-01-24-02.jpg 394w, https:\/\/welcome-ontour.de\/wordpress\/wp-content\/uploads\/2020\/06\/phoca_thumb_l_2018-01-24-02-300x195.jpg 300w\" sizes=\"(max-width: 300px) 100vw, 300px\" \/><\/span><\/p>\n<p style=\"text-align: center;\"><span style=\"font-size: 12pt; font-family: arial, helvetica, sans-serif;\">&nbsp;<\/span><\/p>\n<p style=\"text-align: center;\"><span style=\"font-size: 14pt;\"><strong><span style=\"font-family: arial, helvetica, sans-serif;\">Mi 24.1.18<\/span><\/strong><\/span><\/p>\n<p style=\"text-align: center;\"><span style=\"font-size: 12pt; font-family: arial, helvetica, sans-serif;\">&nbsp;<\/span><\/p>\n<p style=\"text-align: center;\"><span style=\"font-size: 12pt; font-family: arial, helvetica, sans-serif;\">Online Check In f\u00fcr unsere Hinfl\u00fcge mit KLM ist bereits seit Mitternacht (30 Stunden vor Abflug) m\u00f6glich.<\/span><\/p>\n<p style=\"text-align: center;\"><span style=\"font-size: 12pt; font-family: arial, helvetica, sans-serif;\">Also check ich uns fr\u00fch um f\u00fcnf ein, druck die Bordkarten und fahr beruhigt zum letzten Arbeitstag.<\/span><\/p>\n<p style=\"text-align: center;\"><span style=\"font-size: 12pt; font-family: arial, helvetica, sans-serif;\">Abends werden ein paar Klamotten gepackt und alle n\u00f6tigen Papiere (Fl\u00fcge, Autos, Hotels, Cruise) einget\u00fctet.<\/span><\/p>\n<p style=\"text-align: center;\"><span style=\"font-size: 12pt; font-family: arial, helvetica, sans-serif;\">Auch dieses Mal werden wir ausschlie\u00dflich mit Handgep\u00e4ck unterwegs sein.<\/span><\/p>\n<p style=\"text-align: center;\"><span style=\"font-size: 12pt; font-family: arial, helvetica, sans-serif;\">Beide Kabinentrolleys bringen jeweils 8kg auf die Waage.<\/span><\/p>\n<p style=\"text-align: center;\"><span style=\"font-size: 12pt; font-family: arial, helvetica, sans-serif;\">Wecker gestellt und zeitig in die Falle.<\/span><\/p>\n<p style=\"text-align: center;\"><span style=\"font-size: 12pt; font-family: arial, helvetica, sans-serif;\">&nbsp;<\/span><\/p>\n<p><span style=\"font-size: 12pt; font-family: arial, helvetica, sans-serif;\"><img decoding=\"async\" class=\" size-full wp-image-10182\" style=\"display: block; margin-left: auto; margin-right: auto;\" title=\"Florida\" src=\"https:\/\/welcome-ontour.de\/wordpress\/wp-content\/uploads\/2020\/06\/phoca_thumb_l_2018-01-24-03.jpg\" alt=\"\" width=\"180\" height=\"162\" srcset=\"https:\/\/welcome-ontour.de\/wordpress\/wp-content\/uploads\/2020\/06\/phoca_thumb_l_2018-01-24-03.jpg 394w, https:\/\/welcome-ontour.de\/wordpress\/wp-content\/uploads\/2020\/06\/phoca_thumb_l_2018-01-24-03-300x270.jpg 300w\" sizes=\"(max-width: 180px) 100vw, 180px\" \/><\/span><\/p>\n<p style=\"text-align: center;\">\n<p style=\"text-align: center;\"><a href=\"https:\/\/welcome-ontour.de\/wordpress\/index.php\/reiseberichte\/\">&lt; Reiseberichte<\/a>&nbsp; &nbsp; &nbsp; &nbsp; &nbsp; &nbsp; &nbsp; &nbsp; &nbsp; &nbsp; &nbsp; &nbsp; &nbsp; &nbsp; &nbsp; &nbsp; &nbsp; &nbsp; &nbsp; &nbsp; &nbsp; &nbsp; &nbsp; &nbsp; &nbsp; &nbsp; &nbsp; &nbsp; &nbsp; &nbsp; &nbsp; &nbsp; &nbsp; &nbsp; &nbsp; &nbsp; &nbsp; &nbsp; &nbsp; &nbsp; &nbsp; &nbsp; &nbsp; &nbsp; &nbsp; &nbsp; &nbsp; &nbsp; &nbsp; &nbsp; &nbsp; &nbsp; &nbsp; &nbsp; &nbsp; &nbsp; &nbsp; &nbsp; &nbsp; &nbsp; &nbsp; &nbsp; &nbsp; &nbsp; &nbsp; &nbsp; &nbsp; &nbsp; &nbsp; &nbsp; &nbsp; &nbsp; &nbsp; &nbsp; &nbsp; &nbsp; &nbsp; &nbsp; &nbsp; &nbsp; &nbsp; &nbsp; &nbsp; &nbsp; &nbsp; &nbsp; &nbsp; &nbsp; &nbsp; &nbsp; &nbsp; &nbsp;<a href=\"https:\/\/welcome-ontour.de\/wordpress\/index.php\/2018-01-25\/\">weiter &gt;<\/a><\/p>\n","protected":false},"excerpt":{"rendered":"<p>Prolog&nbsp; &nbsp; &nbsp; &nbsp;Anreise&nbsp; &nbsp; &nbsp; &nbsp;Florida Keys&nbsp; &nbsp; &nbsp; &nbsp;Miami&nbsp; &nbsp; &nbsp; &nbsp;70.000 Tons Of Metal&nbsp; &nbsp; &nbsp;&nbsp;Grand Turk&nbsp; &nbsp; &nbsp;&nbsp;Sarasota&nbsp; &nbsp; &nbsp;&nbsp;Sanibel&nbsp; &nbsp; &nbsp;Miami&nbsp; &nbsp; &nbsp;&nbsp;R\u00fcckreise&nbsp; &nbsp; &nbsp; &nbsp;Fazit &lt; Reiseberichte&nbsp; &nbsp; &nbsp; &nbsp; &nbsp; &nbsp; &nbsp; &nbsp; &nbsp; &nbsp; &nbsp; &nbsp; &nbsp; &nbsp; &nbsp; &nbsp; &nbsp; &nbsp; &nbsp; &nbsp; &nbsp; &nbsp; &nbsp; &nbsp; &nbsp; &nbsp; &nbsp; &nbsp; &nbsp; &nbsp; &nbsp; &nbsp; &nbsp; &nbsp; &nbsp; &nbsp; &nbsp; &nbsp; &nbsp; &nbsp; &nbsp; &nbsp; &nbsp; &nbsp; &nbsp; &nbsp; &nbsp; &nbsp; &nbsp; &nbsp; &nbsp; &nbsp; &nbsp; &nbsp; &nbsp; &nbsp; &nbsp; &nbsp; &nbsp; &nbsp; &nbsp; &nbsp; &nbsp; &nbsp; &nbsp; &nbsp; &nbsp; &nbsp; &nbsp; &nbsp; &nbsp; &nbsp; &nbsp; &nbsp; &nbsp; &nbsp; &nbsp; &nbsp; &nbsp; &nbsp; &nbsp; &nbsp; &nbsp; &nbsp; &nbsp; &nbsp; &nbsp; &nbsp; &nbsp; &nbsp; &nbsp; &nbsp;weiter &gt; A Winter&#8217;s Tale &nbsp; Florida 2018 &nbsp; &nbsp; Prolog &nbsp; Wenn Mitteleuropa im Winterschlaf versinkt, fliegen wir gern nach Florida. So auch in diesem Jahr und so auch wieder, um an der 70.000 Tons Of Metal Kreuzfahrt teilzunehmen. Vor der Cruise geht es f\u00fcr ein paar Tage auf die Florida Keys, nach der Cruise wollen wir uns acht Tage an der Golfk\u00fcste erholen. Fl\u00fcge, Quartiere und Mietwagen buchen wir im Laufe der Wartezeit bis zum Abflug. &nbsp; &nbsp; Mi 24.1.18 &nbsp; Online Check In f\u00fcr unsere Hinfl\u00fcge mit KLM ist bereits seit Mitternacht (30 Stunden vor Abflug) m\u00f6glich. Also check ich uns fr\u00fch um f\u00fcnf ein, druck die Bordkarten und fahr beruhigt zum letzten Arbeitstag. Abends werden ein paar Klamotten gepackt und alle n\u00f6tigen Papiere (Fl\u00fcge, Autos, Hotels, Cruise) einget\u00fctet. Auch dieses Mal werden wir ausschlie\u00dflich mit Handgep\u00e4ck unterwegs sein. Beide Kabinentrolleys bringen jeweils 8kg auf die Waage. Wecker gestellt und zeitig in die Falle. &nbsp; &lt; Reiseberichte&nbsp; &nbsp; &nbsp; &nbsp; &nbsp; &nbsp; &nbsp; &nbsp; &nbsp; &nbsp; &nbsp; &nbsp; &nbsp; &nbsp; &nbsp; &nbsp; &nbsp; &nbsp; &nbsp; &nbsp; &nbsp; &nbsp; &nbsp; &nbsp; &nbsp; &nbsp; &nbsp; &nbsp; &nbsp; &nbsp; &nbsp; &nbsp; &nbsp; &nbsp; &nbsp; &nbsp; &nbsp; &nbsp; &nbsp; &nbsp; &nbsp; &nbsp; &nbsp; &nbsp; &nbsp; &nbsp; &nbsp; &nbsp; &nbsp; &nbsp; &nbsp; &nbsp; &nbsp; &nbsp; &nbsp; &nbsp; &nbsp; &nbsp; &nbsp; &nbsp; &nbsp; &nbsp; &nbsp; &nbsp; &nbsp; &nbsp; &nbsp; &nbsp; &nbsp; &nbsp; &nbsp; &nbsp; &nbsp; &nbsp; &nbsp; &nbsp; &nbsp; &nbsp; &nbsp; &nbsp; &nbsp; &nbsp; &nbsp; &nbsp; &nbsp; &nbsp; &nbsp; &nbsp; &nbsp; &nbsp; &nbsp; &nbsp;weiter &gt;<\/p>\n","protected":false},"author":1,"featured_media":1597,"parent":0,"menu_order":22,"comment_status":"closed","ping_status":"closed","template":"","meta":{"footnotes":""},"class_list":["post-10183","page","type-page","status-publish","has-post-thumbnail","hentry"],"_links":{"self":[{"href":"https:\/\/welcome-ontour.de\/wordpress\/index.php\/wp-json\/wp\/v2\/pages\/10183","targetHints":{"allow":["GET"]}}],"collection":[{"href":"https:\/\/welcome-ontour.de\/wordpress\/index.php\/wp-json\/wp\/v2\/pages"}],"about":[{"href":"https:\/\/welcome-ontour.de\/wordpress\/index.php\/wp-json\/wp\/v2\/types\/page"}],"author":[{"embeddable":true,"href":"https:\/\/welcome-ontour.de\/wordpress\/index.php\/wp-json\/wp\/v2\/users\/1"}],"replies":[{"embeddable":true,"href":"https:\/\/welcome-ontour.de\/wordpress\/index.php\/wp-json\/wp\/v2\/comments?post=10183"}],"version-history":[{"count":3,"href":"https:\/\/welcome-ontour.de\/wordpress\/index.php\/wp-json\/wp\/v2\/pages\/10183\/revisions"}],"predecessor-version":[{"id":16813,"href":"https:\/\/welcome-ontour.de\/wordpress\/index.php\/wp-json\/wp\/v2\/pages\/10183\/revisions\/16813"}],"wp:featuredmedia":[{"embeddable":true,"href":"https:\/\/welcome-ontour.de\/wordpress\/index.php\/wp-json\/wp\/v2\/media\/1597"}],"wp:attachment":[{"href":"https:\/\/welcome-ontour.de\/wordpress\/index.php\/wp-json\/wp\/v2\/media?parent=10183"}],"curies":[{"name":"wp","href":"https:\/\/api.w.org\/{rel}","templated":true}]}}