{"id":10174,"date":"2020-05-14T14:05:11","date_gmt":"2020-05-14T14:05:11","guid":{"rendered":"https:\/\/welcome-ontour.de\/wordpress\/index.php\/2017-10-17\/"},"modified":"2022-06-30T23:06:17","modified_gmt":"2022-06-30T23:06:17","slug":"2017-10-17","status":"publish","type":"page","link":"https:\/\/welcome-ontour.de\/wordpress\/index.php\/2017-10-17\/","title":{"rendered":"2017 10 17"},"content":{"rendered":"<p style=\"text-align: center;\"><span style=\"font-size: 8pt; font-family: arial, helvetica, sans-serif;\"><a href=\"https:\/\/welcome-ontour.de\/wordpress\/index.php\/2017-09-26-prolog\/\">Prolog<\/a> \u00a0 \u00a0 \u00a0 <a href=\"https:\/\/welcome-ontour.de\/wordpress\/index.php\/2017-09-27\">Anreise<\/a>\u00a0 \u00a0 \u00a0 \u00a0 \u00a0 <a href=\"https:\/\/welcome-ontour.de\/wordpress\/index.php\/2017-09-29\">Kauai<\/a> \u00a0 \u00a0 \u00a0 \u00a0 <a href=\"https:\/\/welcome-ontour.de\/wordpress\/index.php\/2017-10-08\">Oahu<\/a>\u00a0 \u00a0 \u00a0 \u00a0 \u00a0 <a href=\"https:\/\/welcome-ontour.de\/wordpress\/index.php\/2017-10-15\">R\u00fcckreise<\/a> \u00a0 \u00a0 \u00a0 \u00a0 <a href=\"https:\/\/welcome-ontour.de\/wordpress\/index.php\/2017-10-18\">Fazit<\/a><\/span><\/p>\n<p style=\"text-align: center;\"><span style=\"font-family: arial, helvetica, sans-serif; font-size: 10pt;\"><a href=\"https:\/\/welcome-ontour.de\/wordpress\/index.php\/2017-10-16\">&lt; zur\u00fcck<\/a>\u00a0 \u00a0 \u00a0 \u00a0 \u00a0 \u00a0 \u00a0 \u00a0 \u00a0 \u00a0 \u00a0 \u00a0 \u00a0 \u00a0 \u00a0 \u00a0 \u00a0 \u00a0 \u00a0 \u00a0 \u00a0 \u00a0 \u00a0 \u00a0 \u00a0 \u00a0 \u00a0 \u00a0 \u00a0 \u00a0 \u00a0 \u00a0 \u00a0 \u00a0 \u00a0 \u00a0 \u00a0 \u00a0 \u00a0 \u00a0 \u00a0 \u00a0 \u00a0 \u00a0 \u00a0 \u00a0 \u00a0 \u00a0 \u00a0 \u00a0 \u00a0 \u00a0 \u00a0 \u00a0 \u00a0 \u00a0 \u00a0 \u00a0 \u00a0 \u00a0 \u00a0 \u00a0 \u00a0 \u00a0 \u00a0 \u00a0 \u00a0 \u00a0 \u00a0 \u00a0 \u00a0 \u00a0 \u00a0 \u00a0 \u00a0 \u00a0 \u00a0 \u00a0 \u00a0 \u00a0 \u00a0 \u00a0 \u00a0 \u00a0 \u00a0 \u00a0 \u00a0 \u00a0 \u00a0 \u00a0 \u00a0 \u00a0 \u00a0 \u00a0 \u00a0 <a href=\"https:\/\/welcome-ontour.de\/wordpress\/index.php\/2017-10-18\">weiter &gt;<\/a><\/span><\/p>\n<p style=\"text-align: center;\"><span style=\"font-size: 14pt;\"><strong><span style=\"font-family: arial, helvetica, sans-serif;\">Dienstag, 17.10.<\/span><\/strong><\/span><\/p>\n<p style=\"text-align: center;\"><span style=\"font-size: 14pt;\"><strong><span style=\"font-family: arial, helvetica, sans-serif;\">\u00a0<\/span><\/strong><\/span><\/p>\n<p style=\"text-align: center;\"><span style=\"font-size: 14pt;\"><strong><span style=\"font-family: arial, helvetica, sans-serif;\">Ankunft Berlin<\/span><\/strong><\/span><\/p>\n<p style=\"text-align: center;\"><span style=\"font-size: 12pt; font-family: arial, helvetica, sans-serif;\">\u00a0<\/span><\/p>\n<p style=\"text-align: center;\"><span style=\"font-size: 12pt; font-family: arial, helvetica, sans-serif;\">Das moderne Entertainment hilft gegen die Langeweile, viele Filme sind auch in deutscher Sprache verf\u00fcgbar <\/span><\/p>\n<p style=\"text-align: center;\"><span style=\"font-size: 12pt; font-family: arial, helvetica, sans-serif;\">und die ausgegebenen B\u00fcgelkopfh\u00f6rer sind besser als sie aussehen.<\/span><\/p>\n<p style=\"text-align: center;\"><span style=\"font-size: 12pt; font-family: arial, helvetica, sans-serif;\">Auch die Verpflegung \u00fcberrascht uns angenehm.<\/span><\/p>\n<p style=\"text-align: center;\"><span style=\"font-size: 12pt; font-family: arial, helvetica, sans-serif;\">Frische Salate, leckere Dressings und gratis Champagner in der Economy Class.<\/span><\/p>\n<p style=\"text-align: center;\"><span style=\"font-size: 12pt; font-family: arial, helvetica, sans-serif;\">Ansonsten verl\u00e4uft der Flug fast bewegungs- und lautlos.<\/span><\/p>\n<p style=\"text-align: center;\"><span style=\"font-size: 12pt; font-family: arial, helvetica, sans-serif;\">Nach zwei Filmen schaffe ich es, vier Stunden zu schlafen.<\/span><\/p>\n<p style=\"text-align: center;\"><span style=\"font-size: 12pt; font-family: arial, helvetica, sans-serif;\">P\u00fcnktlich zum Fr\u00fchst\u00fcck bin ich wieder wach, auch Ute konnte ein paar Stunden schlafen.<\/span><\/p>\n<p style=\"text-align: center;\"><span style=\"font-size: 12pt; font-family: arial, helvetica, sans-serif;\">10:40 setzen wir mit einem gewaltigen Rumms in Paris auf.<\/span><\/p>\n<p style=\"text-align: center;\"><span style=\"font-size: 12pt; font-family: arial, helvetica, sans-serif;\">F\u00fcr den Weg von unserem Ankunfts Gate M46\u00a0 zum Weiterflug F33 brauchen wir 40 Minuten <\/span><\/p>\n<p style=\"text-align: center;\"><span style=\"font-size: 12pt; font-family: arial, helvetica, sans-serif;\">und passieren dabei Pass- und Sicherheitskontrolle.<\/span><\/p>\n<p style=\"text-align: center;\"><span style=\"font-size: 12pt; font-family: arial, helvetica, sans-serif;\">Charles De Gaulle International Airport gef\u00e4llt uns gut, modern, stylish und trotzdem \u00fcbersichtlich.<\/span><\/p>\n<p style=\"text-align: center;\"><span style=\"font-size: 12pt; font-family: arial, helvetica, sans-serif;\">\u00a0<\/span><\/p>\n<p style=\"text-align: center;\"><span style=\"font-size: 12pt; font-family: arial, helvetica, sans-serif;\"><a href=\"https:\/\/welcome-ontour.de\/wordpress\/wp-content\/uploads\/2020\/05\/phoca_thumb_l_2017-10-17-01.jpg\" target=\"_blank\" rel=\"noopener noreferrer\"><img decoding=\"async\" class=\" size-full wp-image-10170\" title=\"12:45 nach Berlin Tegel\" src=\"https:\/\/welcome-ontour.de\/wordpress\/wp-content\/uploads\/2020\/05\/phoca_thumb_l_2017-10-17-01.jpg\" alt=\"\" width=\"264\" height=\"177\" srcset=\"https:\/\/welcome-ontour.de\/wordpress\/wp-content\/uploads\/2020\/05\/phoca_thumb_l_2017-10-17-01.jpg 606w, https:\/\/welcome-ontour.de\/wordpress\/wp-content\/uploads\/2020\/05\/phoca_thumb_l_2017-10-17-01-300x201.jpg 300w\" sizes=\"(max-width: 264px) 100vw, 264px\" \/><\/a>\u00a0 <img decoding=\"async\" class=\" size-full wp-image-10171\" title=\"Paris CDG Terminal F\" src=\"https:\/\/welcome-ontour.de\/wordpress\/wp-content\/uploads\/2020\/05\/phoca_thumb_l_2017-10-17-02.jpg\" alt=\"\" width=\"263\" height=\"177\" srcset=\"https:\/\/welcome-ontour.de\/wordpress\/wp-content\/uploads\/2020\/05\/phoca_thumb_l_2017-10-17-02.jpg 406w, https:\/\/welcome-ontour.de\/wordpress\/wp-content\/uploads\/2020\/05\/phoca_thumb_l_2017-10-17-02-300x202.jpg 300w\" sizes=\"(max-width: 263px) 100vw, 263px\" \/>\u00a0 <img decoding=\"async\" class=\" size-full wp-image-10172\" title=\"12:45 nach Berlin Tegel\" src=\"https:\/\/welcome-ontour.de\/wordpress\/wp-content\/uploads\/2020\/05\/phoca_thumb_l_2017-10-17-03.jpg\" alt=\"\" width=\"264\" height=\"177\" srcset=\"https:\/\/welcome-ontour.de\/wordpress\/wp-content\/uploads\/2020\/05\/phoca_thumb_l_2017-10-17-03.jpg 606w, https:\/\/welcome-ontour.de\/wordpress\/wp-content\/uploads\/2020\/05\/phoca_thumb_l_2017-10-17-03-300x201.jpg 300w\" sizes=\"(max-width: 264px) 100vw, 264px\" \/><\/span><\/p>\n<p style=\"text-align: center;\"><span style=\"font-size: 12pt; font-family: arial, helvetica, sans-serif;\">\u00a0<\/span><\/p>\n<p style=\"text-align: center;\"><span style=\"font-size: 12pt; font-family: arial, helvetica, sans-serif;\">Der Weiterflug nach Berlin startet 12:45, die A321 ist bis auf den letzten Platz voll.<\/span><\/p>\n<p style=\"text-align: center;\"><span style=\"font-size: 12pt; font-family: arial, helvetica, sans-serif;\">Wir sitzen auf 24 B und C, sehr eng, aber f\u00fcr den kurzen Flug verschmerzbar.<\/span><\/p>\n<p style=\"text-align: center;\"><span style=\"font-size: 12pt; font-family: arial, helvetica, sans-serif;\">Nach einer guten Stunde Flug landen wir in Berlin Tegel.<\/span><\/p>\n<p style=\"text-align: center;\"><span style=\"font-size: 12pt; font-family: arial, helvetica, sans-serif;\">\u00a0<\/span><\/p>\n<p style=\"text-align: center;\"><span style=\"font-size: 12pt; font-family: arial, helvetica, sans-serif;\"><img decoding=\"async\" class=\" size-full wp-image-10173\" title=\"Berlin Tegel\" src=\"https:\/\/welcome-ontour.de\/wordpress\/wp-content\/uploads\/2020\/05\/phoca_thumb_l_2017-10-17-04.jpg\" alt=\"\" width=\"606\" height=\"312\" srcset=\"https:\/\/welcome-ontour.de\/wordpress\/wp-content\/uploads\/2020\/05\/phoca_thumb_l_2017-10-17-04.jpg 606w, https:\/\/welcome-ontour.de\/wordpress\/wp-content\/uploads\/2020\/05\/phoca_thumb_l_2017-10-17-04-300x154.jpg 300w\" sizes=\"(max-width: 606px) 100vw, 606px\" \/><\/span><\/p>\n<p style=\"text-align: center;\"><span style=\"font-size: 12pt; font-family: arial, helvetica, sans-serif;\">\u00a0<\/span><\/p>\n<p style=\"text-align: center;\"><span style=\"font-size: 12pt; font-family: arial, helvetica, sans-serif;\">Unser Shuttle erwartet uns bereits und halb vier sind wir zu Hause.<\/span><\/p>\n<p style=\"text-align: center;\"><span style=\"font-size: 12pt; font-family: arial, helvetica, sans-serif;\">Obwohl zwischen\u00fcbernachtet steckt uns die R\u00fcckflug-Orgie merklich in den Knochen.<\/span><\/p>\n<p style=\"text-align: center;\"><span style=\"font-size: 12pt; font-family: arial, helvetica, sans-serif;\">Trotzdem sind wir gut erholt und voll mit Eindr\u00fccken aus unvergesslichen drei Wochen.<\/span><\/p>\n<p style=\"text-align: center;\"><span style=\"font-family: arial, helvetica, sans-serif; font-size: 12pt;\"><img decoding=\"async\" class=\" size-full wp-image-9647\" title=\"Kauai &amp; Oahu\" src=\"https:\/\/welcome-ontour.de\/wordpress\/wp-content\/uploads\/2020\/05\/phoca_thumb_l_2017-09-26-02-hangloose.jpg\" width=\"280\" height=\"189\" srcset=\"https:\/\/welcome-ontour.de\/wordpress\/wp-content\/uploads\/2020\/05\/phoca_thumb_l_2017-09-26-02-hangloose.jpg 400w, https:\/\/welcome-ontour.de\/wordpress\/wp-content\/uploads\/2020\/05\/phoca_thumb_l_2017-09-26-02-hangloose-300x203.jpg 300w\" sizes=\"(max-width: 280px) 100vw, 280px\" \/><\/span><\/p>\n<p style=\"text-align: center;\"><span style=\"font-family: arial, helvetica, sans-serif; font-size: 10pt;\"><a href=\"https:\/\/welcome-ontour.de\/wordpress\/index.php\/2017-10-16\">&lt; zur\u00fcck<\/a>\u00a0 \u00a0 \u00a0 \u00a0 \u00a0 \u00a0 \u00a0 \u00a0 \u00a0 \u00a0 \u00a0 \u00a0 \u00a0 \u00a0 \u00a0 \u00a0 \u00a0 \u00a0 \u00a0 \u00a0 \u00a0 \u00a0 \u00a0 \u00a0 \u00a0 \u00a0 \u00a0 \u00a0 \u00a0 \u00a0 \u00a0 \u00a0 \u00a0 \u00a0 \u00a0 \u00a0 \u00a0 \u00a0 \u00a0 \u00a0 \u00a0 \u00a0 \u00a0 \u00a0 \u00a0 \u00a0 \u00a0 \u00a0 \u00a0 \u00a0 \u00a0 \u00a0 \u00a0 \u00a0 \u00a0 \u00a0 \u00a0 \u00a0 \u00a0 \u00a0 \u00a0 \u00a0 \u00a0 \u00a0 \u00a0 \u00a0 \u00a0 \u00a0 \u00a0 \u00a0 \u00a0 \u00a0 \u00a0 \u00a0 \u00a0 \u00a0 \u00a0 \u00a0 \u00a0 \u00a0 \u00a0 \u00a0 \u00a0 \u00a0 \u00a0 \u00a0 \u00a0 \u00a0 \u00a0 \u00a0 \u00a0 \u00a0 \u00a0 \u00a0 \u00a0 <a href=\"https:\/\/welcome-ontour.de\/wordpress\/index.php\/2017-10-18\">weiter &gt;<\/a><\/span><\/p>\n","protected":false},"excerpt":{"rendered":"<p>Prolog \u00a0 \u00a0 \u00a0 Anreise\u00a0 \u00a0 \u00a0 \u00a0 \u00a0 Kauai \u00a0 \u00a0 \u00a0 \u00a0 Oahu\u00a0 \u00a0 \u00a0 \u00a0 \u00a0 R\u00fcckreise \u00a0 \u00a0 \u00a0 \u00a0 Fazit &lt; zur\u00fcck\u00a0 \u00a0 \u00a0 \u00a0 \u00a0 \u00a0 \u00a0 \u00a0 \u00a0 \u00a0 \u00a0 \u00a0 \u00a0 \u00a0 \u00a0 \u00a0 \u00a0 \u00a0 \u00a0 \u00a0 \u00a0 \u00a0 \u00a0 \u00a0 \u00a0 \u00a0 \u00a0 \u00a0 \u00a0 \u00a0 \u00a0 \u00a0 \u00a0 \u00a0 \u00a0 \u00a0 \u00a0 \u00a0 \u00a0 \u00a0 \u00a0 \u00a0 \u00a0 \u00a0 \u00a0 \u00a0 \u00a0 \u00a0 \u00a0 \u00a0 \u00a0 \u00a0 \u00a0 \u00a0 \u00a0 \u00a0 \u00a0 \u00a0 \u00a0 \u00a0 \u00a0 \u00a0 \u00a0 \u00a0 \u00a0 \u00a0 \u00a0 \u00a0 \u00a0 \u00a0 \u00a0 \u00a0 \u00a0 \u00a0 \u00a0 \u00a0 \u00a0 \u00a0 \u00a0 \u00a0 \u00a0 \u00a0 \u00a0 \u00a0 \u00a0 \u00a0 \u00a0 \u00a0 \u00a0 \u00a0 \u00a0 \u00a0 \u00a0 \u00a0 \u00a0 weiter &gt; Dienstag, 17.10. \u00a0 Ankunft Berlin \u00a0 Das moderne Entertainment hilft gegen die Langeweile, viele Filme sind auch in deutscher Sprache verf\u00fcgbar und die ausgegebenen B\u00fcgelkopfh\u00f6rer sind besser als sie aussehen. Auch die Verpflegung \u00fcberrascht uns angenehm. Frische Salate, leckere Dressings und gratis Champagner in der Economy Class. Ansonsten verl\u00e4uft der Flug fast bewegungs- und lautlos. Nach zwei Filmen schaffe ich es, vier Stunden zu schlafen. P\u00fcnktlich zum Fr\u00fchst\u00fcck bin ich wieder wach, auch Ute konnte ein paar Stunden schlafen. 10:40 setzen wir mit einem gewaltigen Rumms in Paris auf. F\u00fcr den Weg von unserem Ankunfts Gate M46\u00a0 zum Weiterflug F33 brauchen wir 40 Minuten und passieren dabei Pass- und Sicherheitskontrolle. Charles De Gaulle International Airport gef\u00e4llt uns gut, modern, stylish und trotzdem \u00fcbersichtlich. \u00a0 \u00a0 \u00a0 \u00a0 Der Weiterflug nach Berlin startet 12:45, die A321 ist bis auf den letzten Platz voll. Wir sitzen auf 24 B und C, sehr eng, aber f\u00fcr den kurzen Flug verschmerzbar. Nach einer guten Stunde Flug landen wir in Berlin Tegel. \u00a0 \u00a0 Unser Shuttle erwartet uns bereits und halb vier sind wir zu Hause. Obwohl zwischen\u00fcbernachtet steckt uns die R\u00fcckflug-Orgie merklich in den Knochen. Trotzdem sind wir gut erholt und voll mit Eindr\u00fccken aus unvergesslichen drei Wochen. &lt; zur\u00fcck\u00a0 \u00a0 \u00a0 \u00a0 \u00a0 \u00a0 \u00a0 \u00a0 \u00a0 \u00a0 \u00a0 \u00a0 \u00a0 \u00a0 \u00a0 \u00a0 \u00a0 \u00a0 \u00a0 \u00a0 \u00a0 \u00a0 \u00a0 \u00a0 \u00a0 \u00a0 \u00a0 \u00a0 \u00a0 \u00a0 \u00a0 \u00a0 \u00a0 \u00a0 \u00a0 \u00a0 \u00a0 \u00a0 \u00a0 \u00a0 \u00a0 \u00a0 \u00a0 \u00a0 \u00a0 \u00a0 \u00a0 \u00a0 \u00a0 \u00a0 \u00a0 \u00a0 \u00a0 \u00a0 \u00a0 \u00a0 \u00a0 \u00a0 \u00a0 \u00a0 \u00a0 \u00a0 \u00a0 \u00a0 \u00a0 \u00a0 \u00a0 \u00a0 \u00a0 \u00a0 \u00a0 \u00a0 \u00a0 \u00a0 \u00a0 \u00a0 \u00a0 \u00a0 \u00a0 \u00a0 \u00a0 \u00a0 \u00a0 \u00a0 \u00a0 \u00a0 \u00a0 \u00a0 \u00a0 \u00a0 \u00a0 \u00a0 \u00a0 \u00a0 \u00a0 weiter &gt;<\/p>\n","protected":false},"author":1,"featured_media":10170,"parent":0,"menu_order":1,"comment_status":"closed","ping_status":"closed","template":"","meta":{"footnotes":""},"class_list":["post-10174","page","type-page","status-publish","has-post-thumbnail","hentry"],"_links":{"self":[{"href":"https:\/\/welcome-ontour.de\/wordpress\/index.php\/wp-json\/wp\/v2\/pages\/10174","targetHints":{"allow":["GET"]}}],"collection":[{"href":"https:\/\/welcome-ontour.de\/wordpress\/index.php\/wp-json\/wp\/v2\/pages"}],"about":[{"href":"https:\/\/welcome-ontour.de\/wordpress\/index.php\/wp-json\/wp\/v2\/types\/page"}],"author":[{"embeddable":true,"href":"https:\/\/welcome-ontour.de\/wordpress\/index.php\/wp-json\/wp\/v2\/users\/1"}],"replies":[{"embeddable":true,"href":"https:\/\/welcome-ontour.de\/wordpress\/index.php\/wp-json\/wp\/v2\/comments?post=10174"}],"version-history":[{"count":2,"href":"https:\/\/welcome-ontour.de\/wordpress\/index.php\/wp-json\/wp\/v2\/pages\/10174\/revisions"}],"predecessor-version":[{"id":17129,"href":"https:\/\/welcome-ontour.de\/wordpress\/index.php\/wp-json\/wp\/v2\/pages\/10174\/revisions\/17129"}],"wp:featuredmedia":[{"embeddable":true,"href":"https:\/\/welcome-ontour.de\/wordpress\/index.php\/wp-json\/wp\/v2\/media\/10170"}],"wp:attachment":[{"href":"https:\/\/welcome-ontour.de\/wordpress\/index.php\/wp-json\/wp\/v2\/media?parent=10174"}],"curies":[{"name":"wp","href":"https:\/\/api.w.org\/{rel}","templated":true}]}}