{"id":10169,"date":"2020-05-14T14:05:06","date_gmt":"2020-05-14T14:05:06","guid":{"rendered":"https:\/\/welcome-ontour.de\/wordpress\/index.php\/2017-10-16\/"},"modified":"2022-06-30T23:06:17","modified_gmt":"2022-06-30T23:06:17","slug":"2017-10-16","status":"publish","type":"page","link":"https:\/\/welcome-ontour.de\/wordpress\/index.php\/2017-10-16\/","title":{"rendered":"2017 10 16"},"content":{"rendered":"<p style=\"text-align: center;\"><span style=\"font-size: 8pt; font-family: arial, helvetica, sans-serif;\"><a href=\"https:\/\/welcome-ontour.de\/wordpress\/index.php\/2017-09-26-prolog\/\">Prolog<\/a> \u00a0 \u00a0 \u00a0 <a href=\"https:\/\/welcome-ontour.de\/wordpress\/index.php\/2017-09-27\">Anreise<\/a>\u00a0 \u00a0 \u00a0 \u00a0 \u00a0 <a href=\"https:\/\/welcome-ontour.de\/wordpress\/index.php\/2017-09-29\">Kauai<\/a> \u00a0 \u00a0 \u00a0 \u00a0 <a href=\"https:\/\/welcome-ontour.de\/wordpress\/index.php\/2017-10-08\">Oahu<\/a>\u00a0 \u00a0 \u00a0 \u00a0 \u00a0 <a href=\"https:\/\/welcome-ontour.de\/wordpress\/index.php\/2017-10-15\">R\u00fcckreise<\/a> \u00a0 \u00a0 \u00a0 \u00a0 <a href=\"https:\/\/welcome-ontour.de\/wordpress\/index.php\/2017-10-18\">Fazit<\/a><\/span><\/p>\n<p style=\"text-align: center;\"><span style=\"font-family: arial, helvetica, sans-serif; font-size: 10pt;\"><a href=\"https:\/\/welcome-ontour.de\/wordpress\/index.php\/2017-10-15\">&lt; zur\u00fcck<\/a>\u00a0 \u00a0 \u00a0 \u00a0 \u00a0 \u00a0 \u00a0 \u00a0 \u00a0 \u00a0 \u00a0 \u00a0 \u00a0 \u00a0 \u00a0 \u00a0 \u00a0 \u00a0 \u00a0 \u00a0 \u00a0 \u00a0 \u00a0 \u00a0 \u00a0 \u00a0 \u00a0 \u00a0 \u00a0 \u00a0 \u00a0 \u00a0 \u00a0 \u00a0 \u00a0 \u00a0 \u00a0 \u00a0 \u00a0 \u00a0 \u00a0 \u00a0 \u00a0 \u00a0 \u00a0 \u00a0 \u00a0 \u00a0 \u00a0 \u00a0 \u00a0 \u00a0 \u00a0 \u00a0 \u00a0 \u00a0 \u00a0 \u00a0 \u00a0 \u00a0 \u00a0 \u00a0 \u00a0 \u00a0 \u00a0 \u00a0 \u00a0 \u00a0 \u00a0 \u00a0 \u00a0 \u00a0 \u00a0 \u00a0 \u00a0 \u00a0 \u00a0 \u00a0 \u00a0 \u00a0 \u00a0 \u00a0 \u00a0 \u00a0 \u00a0 \u00a0 \u00a0 \u00a0 \u00a0 \u00a0 \u00a0 \u00a0 \u00a0 \u00a0 \u00a0 <a href=\"https:\/\/welcome-ontour.de\/wordpress\/index.php\/2017-10-17\">weiter &gt;<\/a><\/span><\/p>\n<p style=\"text-align: center;\"><span style=\"font-size: 14pt;\"><strong><span style=\"font-family: arial, helvetica, sans-serif;\">Montag, 16.10.<\/span><\/strong><\/span><\/p>\n<p style=\"text-align: center;\"><span style=\"font-size: 14pt;\"><strong><span style=\"font-family: arial, helvetica, sans-serif;\">\u00a0<\/span><\/strong><\/span><\/p>\n<p style=\"text-align: center;\"><span style=\"font-size: 14pt;\"><strong><span style=\"font-family: arial, helvetica, sans-serif;\">San Francisco \u2013 Paris<\/span><\/strong><\/span><\/p>\n<p style=\"text-align: center;\"><span style=\"font-size: 12pt; font-family: arial, helvetica, sans-serif;\">\u00a0<\/span><\/p>\n<p style=\"text-align: center;\"><span style=\"font-size: 12pt; font-family: arial, helvetica, sans-serif;\">Gut und fest bis um zehn geschlafen.<\/span><\/p>\n<p style=\"text-align: center;\"><span style=\"font-size: 12pt; font-family: arial, helvetica, sans-serif;\">\u00a0<\/span><\/p>\n<p style=\"text-align: center;\"><span style=\"font-size: 12pt; font-family: arial, helvetica, sans-serif;\"><a href=\"https:\/\/welcome-ontour.de\/wordpress\/wp-content\/uploads\/2020\/05\/phoca_thumb_l_2017-10-16-01.jpg\" target=\"_blank\" rel=\"noopener noreferrer\"><img decoding=\"async\" class=\" size-full wp-image-10160\" title=\"Hilton SFO\" src=\"https:\/\/welcome-ontour.de\/wordpress\/wp-content\/uploads\/2020\/05\/phoca_thumb_l_2017-10-16-01.jpg\" alt=\"\" width=\"308\" height=\"232\" srcset=\"https:\/\/welcome-ontour.de\/wordpress\/wp-content\/uploads\/2020\/05\/phoca_thumb_l_2017-10-16-01.jpg 606w, https:\/\/welcome-ontour.de\/wordpress\/wp-content\/uploads\/2020\/05\/phoca_thumb_l_2017-10-16-01-300x226.jpg 300w\" sizes=\"(max-width: 308px) 100vw, 308px\" \/><\/a>\u00a0 <img decoding=\"async\" class=\" size-full wp-image-10161\" title=\"Breakfast\" src=\"https:\/\/welcome-ontour.de\/wordpress\/wp-content\/uploads\/2020\/05\/phoca_thumb_l_2017-10-16-02.jpg\" alt=\"\" width=\"175\" height=\"232\" srcset=\"https:\/\/welcome-ontour.de\/wordpress\/wp-content\/uploads\/2020\/05\/phoca_thumb_l_2017-10-16-02.jpg 456w, https:\/\/welcome-ontour.de\/wordpress\/wp-content\/uploads\/2020\/05\/phoca_thumb_l_2017-10-16-02-226x300.jpg 226w\" sizes=\"(max-width: 175px) 100vw, 175px\" \/>\u00a0\u00a0<a href=\"https:\/\/welcome-ontour.de\/wordpress\/wp-content\/uploads\/2020\/05\/phoca_thumb_l_2017-10-16-03.jpg\" target=\"_blank\" rel=\"noopener noreferrer\"><img decoding=\"async\" class=\" size-full wp-image-10162\" title=\"Clamchowder zum Fr\u00fchst\u00fcck\" src=\"https:\/\/welcome-ontour.de\/wordpress\/wp-content\/uploads\/2020\/05\/phoca_thumb_l_2017-10-16-03.jpg\" alt=\"\" width=\"308\" height=\"232\" srcset=\"https:\/\/welcome-ontour.de\/wordpress\/wp-content\/uploads\/2020\/05\/phoca_thumb_l_2017-10-16-03.jpg 606w, https:\/\/welcome-ontour.de\/wordpress\/wp-content\/uploads\/2020\/05\/phoca_thumb_l_2017-10-16-03-300x226.jpg 300w\" sizes=\"(max-width: 308px) 100vw, 308px\" \/><\/a><\/span><\/p>\n<p style=\"text-align: center;\"><span style=\"font-size: 12pt; font-family: arial, helvetica, sans-serif;\">\u00a0<\/span><\/p>\n<p style=\"text-align: center;\"><span style=\"font-size: 12pt; font-family: arial, helvetica, sans-serif;\">Nach dem Wachwerden und einem gen\u00fcsslichen Lunch im Hotelrestaurant <\/span><\/p>\n<p style=\"text-align: center;\"><span style=\"font-size: 12pt; font-family: arial, helvetica, sans-serif;\">checken wir halb eins aus und lassen uns vom Hotelshuttle zum Airport fahren.<\/span><\/p>\n<p style=\"text-align: center;\"><span style=\"font-size: 12pt; font-family: arial, helvetica, sans-serif;\">\u00a0<\/span><\/p>\n<p style=\"text-align: center;\"><span style=\"font-size: 12pt; font-family: arial, helvetica, sans-serif;\"><a href=\"https:\/\/welcome-ontour.de\/wordpress\/wp-content\/uploads\/2020\/05\/phoca_thumb_l_2017-10-16-04.jpg\" target=\"_blank\" rel=\"noopener noreferrer\"><img decoding=\"async\" class=\" size-full wp-image-10163\" title=\"Hilton SFO\" src=\"https:\/\/welcome-ontour.de\/wordpress\/wp-content\/uploads\/2020\/05\/phoca_thumb_l_2017-10-16-04.jpg\" alt=\"\" width=\"264\" height=\"177\" srcset=\"https:\/\/welcome-ontour.de\/wordpress\/wp-content\/uploads\/2020\/05\/phoca_thumb_l_2017-10-16-04.jpg 606w, https:\/\/welcome-ontour.de\/wordpress\/wp-content\/uploads\/2020\/05\/phoca_thumb_l_2017-10-16-04-300x201.jpg 300w\" sizes=\"(max-width: 264px) 100vw, 264px\" \/><\/a>\u00a0 <a href=\"https:\/\/welcome-ontour.de\/wordpress\/wp-content\/uploads\/2020\/05\/phoca_thumb_l_2017-10-16-05.jpg\" target=\"_blank\" rel=\"noopener noreferrer\"><img decoding=\"async\" class=\" size-full wp-image-10164\" title=\"Abflugtafel im Hotel\" src=\"https:\/\/welcome-ontour.de\/wordpress\/wp-content\/uploads\/2020\/05\/phoca_thumb_l_2017-10-16-05.jpg\" alt=\"\" width=\"266\" height=\"177\" srcset=\"https:\/\/welcome-ontour.de\/wordpress\/wp-content\/uploads\/2020\/05\/phoca_thumb_l_2017-10-16-05.jpg 1496w, https:\/\/welcome-ontour.de\/wordpress\/wp-content\/uploads\/2020\/05\/phoca_thumb_l_2017-10-16-05-300x201.jpg 300w, https:\/\/welcome-ontour.de\/wordpress\/wp-content\/uploads\/2020\/05\/phoca_thumb_l_2017-10-16-05-1024x684.jpg 1024w, https:\/\/welcome-ontour.de\/wordpress\/wp-content\/uploads\/2020\/05\/phoca_thumb_l_2017-10-16-05-768x513.jpg 768w\" sizes=\"(max-width: 266px) 100vw, 266px\" \/><\/a>\u00a0 <a href=\"https:\/\/welcome-ontour.de\/wordpress\/wp-content\/uploads\/2020\/05\/phoca_thumb_l_2017-10-16-06.jpg\" target=\"_blank\" rel=\"noopener noreferrer\"><img decoding=\"async\" class=\" size-full wp-image-10165\" title=\"Hotelshuttle\" src=\"https:\/\/welcome-ontour.de\/wordpress\/wp-content\/uploads\/2020\/05\/phoca_thumb_l_2017-10-16-06.jpg\" alt=\"\" width=\"264\" height=\"177\" srcset=\"https:\/\/welcome-ontour.de\/wordpress\/wp-content\/uploads\/2020\/05\/phoca_thumb_l_2017-10-16-06.jpg 606w, https:\/\/welcome-ontour.de\/wordpress\/wp-content\/uploads\/2020\/05\/phoca_thumb_l_2017-10-16-06-300x201.jpg 300w\" sizes=\"(max-width: 264px) 100vw, 264px\" \/><\/a><\/span><\/p>\n<p style=\"text-align: center;\"><span style=\"font-size: 12pt; font-family: arial, helvetica, sans-serif;\">\u00a0<\/span><\/p>\n<p style=\"text-align: center;\"><span style=\"font-size: 12pt; font-family: arial, helvetica, sans-serif;\">Nur mit Handgep\u00e4ck und bereits online eingecheckt, gehen wir gleich durch die Security.<\/span><\/p>\n<p style=\"text-align: center;\"><span style=\"font-size: 12pt; font-family: arial, helvetica, sans-serif;\">Unser Abfluggate ist A1.<\/span><\/p>\n<p style=\"text-align: center;\"><span style=\"font-size: 12pt; font-family: arial, helvetica, sans-serif;\">Also gibt es gleich nebenan im Firewood Grill die letzten Bierchen auf amerikanischem Hoheitsgebiet.<\/span><\/p>\n<p style=\"text-align: center;\"><span style=\"font-size: 12pt; font-family: arial, helvetica, sans-serif;\">\u00a0<\/span><\/p>\n<p style=\"text-align: center;\"><span style=\"font-size: 12pt; font-family: arial, helvetica, sans-serif;\"><a href=\"https:\/\/welcome-ontour.de\/wordpress\/wp-content\/uploads\/2020\/05\/phoca_thumb_l_2017-10-16-07.jpg\" target=\"_blank\" rel=\"noopener noreferrer\"><img decoding=\"async\" class=\" size-full wp-image-10166\" title=\"San Francisco International Airport\" src=\"https:\/\/welcome-ontour.de\/wordpress\/wp-content\/uploads\/2020\/05\/phoca_thumb_l_2017-10-16-07.jpg\" width=\"230\" height=\"154\" srcset=\"https:\/\/welcome-ontour.de\/wordpress\/wp-content\/uploads\/2020\/05\/phoca_thumb_l_2017-10-16-07.jpg 606w, https:\/\/welcome-ontour.de\/wordpress\/wp-content\/uploads\/2020\/05\/phoca_thumb_l_2017-10-16-07-300x201.jpg 300w\" sizes=\"(max-width: 230px) 100vw, 230px\" \/><\/a>\u00a0 <a href=\"https:\/\/welcome-ontour.de\/wordpress\/wp-content\/uploads\/2020\/05\/phoca_thumb_l_2017-10-16-08.jpg\" target=\"_blank\" rel=\"noopener noreferrer\"><img decoding=\"async\" class=\" size-full wp-image-10167\" title=\"Unser Flieger\" src=\"https:\/\/welcome-ontour.de\/wordpress\/wp-content\/uploads\/2020\/05\/phoca_thumb_l_2017-10-16-08.jpg\" width=\"338\" height=\"154\" srcset=\"https:\/\/welcome-ontour.de\/wordpress\/wp-content\/uploads\/2020\/05\/phoca_thumb_l_2017-10-16-08.jpg 606w, https:\/\/welcome-ontour.de\/wordpress\/wp-content\/uploads\/2020\/05\/phoca_thumb_l_2017-10-16-08-300x137.jpg 300w\" sizes=\"(max-width: 338px) 100vw, 338px\" \/><\/a>\u00a0 <a href=\"https:\/\/welcome-ontour.de\/wordpress\/wp-content\/uploads\/2020\/05\/phoca_thumb_l_2017-10-16-09.jpg\" target=\"_blank\" rel=\"noopener noreferrer\"><img decoding=\"async\" class=\" size-full wp-image-10168\" title=\"Die letzten Bierchen\" src=\"https:\/\/welcome-ontour.de\/wordpress\/wp-content\/uploads\/2020\/05\/phoca_thumb_l_2017-10-16-09.jpg\" width=\"230\" height=\"154\" srcset=\"https:\/\/welcome-ontour.de\/wordpress\/wp-content\/uploads\/2020\/05\/phoca_thumb_l_2017-10-16-09.jpg 606w, https:\/\/welcome-ontour.de\/wordpress\/wp-content\/uploads\/2020\/05\/phoca_thumb_l_2017-10-16-09-300x201.jpg 300w\" sizes=\"(max-width: 230px) 100vw, 230px\" \/><\/a><\/span><\/p>\n<p style=\"text-align: center;\"><span style=\"font-size: 12pt; font-family: arial, helvetica, sans-serif;\">\u00a0<\/span><\/p>\n<p style=\"text-align: center;\"><span style=\"font-size: 12pt; font-family: arial, helvetica, sans-serif;\">Die eiskalten Napa Smith und IPA schmecken super, bevor wir uns am Gate in die Warteschlange einreihen.<\/span><\/p>\n<p style=\"text-align: center;\"><span style=\"font-size: 12pt; font-family: arial, helvetica, sans-serif;\">Halb drei werden die ersten in den Air France Doppeldecker Airbus A380 eingelassen.<\/span><\/p>\n<p style=\"text-align: center;\"><span style=\"font-size: 12pt; font-family: arial, helvetica, sans-serif;\">Ich hab uns ins Oberdeck ganz hinten auf zwei von vier Mittelpl\u00e4tzen einquartiert.<\/span><\/p>\n<p style=\"text-align: center;\"><span style=\"font-size: 12pt; font-family: arial, helvetica, sans-serif;\">Von den Zweiern war nichts mehr frei, aber wir sind mit 90 F und G sehr zufrieden.<\/span><\/p>\n<p style=\"text-align: center;\"><span style=\"font-size: 12pt; font-family: arial, helvetica, sans-serif;\">Die Beinfreiheit zur n\u00e4chsten Sitzreihe betr\u00e4gt \u00fcber einen Meter und auf Fenster k\u00f6nnen wir nachts verzichten.<\/span><\/p>\n<p style=\"text-align: center;\"><span style=\"font-size: 12pt; font-family: arial, helvetica, sans-serif;\">15:45 rollt der volle Airbus in Richtung Startbahn und um vier hebt AF83 mit fast einer Stunde Versp\u00e4tung ab.<\/span><\/p>\n<p style=\"text-align: center;\"><span style=\"font-size: 12pt; font-family: arial, helvetica, sans-serif;\">Wir haben R\u00fcckenwind, die Flugzeit verk\u00fcrzt sich auf \u201enur\u201c 9,5 Stunden und wir werden Paris p\u00fcnktlich erreichen.<\/span><\/p>\n<p style=\"text-align: center;\"><span style=\"font-size: 12pt; font-family: arial, helvetica, sans-serif;\">Als n\u00e4chstes folgt die n\u00e4chste Uhrenumstellung.\u00a0<\/span><span style=\"font-size: 12pt; font-family: arial, helvetica, sans-serif;\">Neun Stunden vor, von 16 Uhr auf ein Uhr nachts.<\/span><\/p>\n<p style=\"text-align: center;\"><span style=\"font-family: arial, helvetica, sans-serif; font-size: 12pt;\"><img decoding=\"async\" class=\" size-full wp-image-9647\" title=\"Kauai &amp; Oahu\" src=\"https:\/\/welcome-ontour.de\/wordpress\/wp-content\/uploads\/2020\/05\/phoca_thumb_l_2017-09-26-02-hangloose.jpg\" width=\"280\" height=\"189\" srcset=\"https:\/\/welcome-ontour.de\/wordpress\/wp-content\/uploads\/2020\/05\/phoca_thumb_l_2017-09-26-02-hangloose.jpg 400w, https:\/\/welcome-ontour.de\/wordpress\/wp-content\/uploads\/2020\/05\/phoca_thumb_l_2017-09-26-02-hangloose-300x203.jpg 300w\" sizes=\"(max-width: 280px) 100vw, 280px\" \/><\/span><\/p>\n<p style=\"text-align: center;\"><span style=\"font-family: arial, helvetica, sans-serif; font-size: 10pt;\"><a href=\"https:\/\/welcome-ontour.de\/wordpress\/index.php\/2017-10-15\">&lt; zur\u00fcck<\/a>\u00a0 \u00a0 \u00a0 \u00a0 \u00a0 \u00a0 \u00a0 \u00a0 \u00a0 \u00a0 \u00a0 \u00a0 \u00a0 \u00a0 \u00a0 \u00a0 \u00a0 \u00a0 \u00a0 \u00a0 \u00a0 \u00a0 \u00a0 \u00a0 \u00a0 \u00a0 \u00a0 \u00a0 \u00a0 \u00a0 \u00a0 \u00a0 \u00a0 \u00a0 \u00a0 \u00a0 \u00a0 \u00a0 \u00a0 \u00a0 \u00a0 \u00a0 \u00a0 \u00a0 \u00a0 \u00a0 \u00a0 \u00a0 \u00a0 \u00a0 \u00a0 \u00a0 \u00a0 \u00a0 \u00a0 \u00a0 \u00a0 \u00a0 \u00a0 \u00a0 \u00a0 \u00a0 \u00a0 \u00a0 \u00a0 \u00a0 \u00a0 \u00a0 \u00a0 \u00a0 \u00a0 \u00a0 \u00a0 \u00a0 \u00a0 \u00a0 \u00a0 \u00a0 \u00a0 \u00a0 \u00a0 \u00a0 \u00a0 \u00a0 \u00a0 \u00a0 \u00a0 \u00a0 \u00a0 \u00a0 \u00a0 \u00a0 \u00a0 \u00a0 \u00a0 <a href=\"https:\/\/welcome-ontour.de\/wordpress\/index.php\/2017-10-17\">weiter &gt;<\/a><\/span><\/p>\n","protected":false},"excerpt":{"rendered":"<p>Prolog \u00a0 \u00a0 \u00a0 Anreise\u00a0 \u00a0 \u00a0 \u00a0 \u00a0 Kauai \u00a0 \u00a0 \u00a0 \u00a0 Oahu\u00a0 \u00a0 \u00a0 \u00a0 \u00a0 R\u00fcckreise \u00a0 \u00a0 \u00a0 \u00a0 Fazit &lt; zur\u00fcck\u00a0 \u00a0 \u00a0 \u00a0 \u00a0 \u00a0 \u00a0 \u00a0 \u00a0 \u00a0 \u00a0 \u00a0 \u00a0 \u00a0 \u00a0 \u00a0 \u00a0 \u00a0 \u00a0 \u00a0 \u00a0 \u00a0 \u00a0 \u00a0 \u00a0 \u00a0 \u00a0 \u00a0 \u00a0 \u00a0 \u00a0 \u00a0 \u00a0 \u00a0 \u00a0 \u00a0 \u00a0 \u00a0 \u00a0 \u00a0 \u00a0 \u00a0 \u00a0 \u00a0 \u00a0 \u00a0 \u00a0 \u00a0 \u00a0 \u00a0 \u00a0 \u00a0 \u00a0 \u00a0 \u00a0 \u00a0 \u00a0 \u00a0 \u00a0 \u00a0 \u00a0 \u00a0 \u00a0 \u00a0 \u00a0 \u00a0 \u00a0 \u00a0 \u00a0 \u00a0 \u00a0 \u00a0 \u00a0 \u00a0 \u00a0 \u00a0 \u00a0 \u00a0 \u00a0 \u00a0 \u00a0 \u00a0 \u00a0 \u00a0 \u00a0 \u00a0 \u00a0 \u00a0 \u00a0 \u00a0 \u00a0 \u00a0 \u00a0 \u00a0 \u00a0 weiter &gt; Montag, 16.10. \u00a0 San Francisco \u2013 Paris \u00a0 Gut und fest bis um zehn geschlafen. \u00a0 \u00a0 \u00a0\u00a0 \u00a0 Nach dem Wachwerden und einem gen\u00fcsslichen Lunch im Hotelrestaurant checken wir halb eins aus und lassen uns vom Hotelshuttle zum Airport fahren. \u00a0 \u00a0 \u00a0 \u00a0 Nur mit Handgep\u00e4ck und bereits online eingecheckt, gehen wir gleich durch die Security. Unser Abfluggate ist A1. Also gibt es gleich nebenan im Firewood Grill die letzten Bierchen auf amerikanischem Hoheitsgebiet. \u00a0 \u00a0 \u00a0 \u00a0 Die eiskalten Napa Smith und IPA schmecken super, bevor wir uns am Gate in die Warteschlange einreihen. Halb drei werden die ersten in den Air France Doppeldecker Airbus A380 eingelassen. Ich hab uns ins Oberdeck ganz hinten auf zwei von vier Mittelpl\u00e4tzen einquartiert. Von den Zweiern war nichts mehr frei, aber wir sind mit 90 F und G sehr zufrieden. Die Beinfreiheit zur n\u00e4chsten Sitzreihe betr\u00e4gt \u00fcber einen Meter und auf Fenster k\u00f6nnen wir nachts verzichten. 15:45 rollt der volle Airbus in Richtung Startbahn und um vier hebt AF83 mit fast einer Stunde Versp\u00e4tung ab. Wir haben R\u00fcckenwind, die Flugzeit verk\u00fcrzt sich auf \u201enur\u201c 9,5 Stunden und wir werden Paris p\u00fcnktlich erreichen. Als n\u00e4chstes folgt die n\u00e4chste Uhrenumstellung.\u00a0Neun Stunden vor, von 16 Uhr auf ein Uhr nachts. &lt; zur\u00fcck\u00a0 \u00a0 \u00a0 \u00a0 \u00a0 \u00a0 \u00a0 \u00a0 \u00a0 \u00a0 \u00a0 \u00a0 \u00a0 \u00a0 \u00a0 \u00a0 \u00a0 \u00a0 \u00a0 \u00a0 \u00a0 \u00a0 \u00a0 \u00a0 \u00a0 \u00a0 \u00a0 \u00a0 \u00a0 \u00a0 \u00a0 \u00a0 \u00a0 \u00a0 \u00a0 \u00a0 \u00a0 \u00a0 \u00a0 \u00a0 \u00a0 \u00a0 \u00a0 \u00a0 \u00a0 \u00a0 \u00a0 \u00a0 \u00a0 \u00a0 \u00a0 \u00a0 \u00a0 \u00a0 \u00a0 \u00a0 \u00a0 \u00a0 \u00a0 \u00a0 \u00a0 \u00a0 \u00a0 \u00a0 \u00a0 \u00a0 \u00a0 \u00a0 \u00a0 \u00a0 \u00a0 \u00a0 \u00a0 \u00a0 \u00a0 \u00a0 \u00a0 \u00a0 \u00a0 \u00a0 \u00a0 \u00a0 \u00a0 \u00a0 \u00a0 \u00a0 \u00a0 \u00a0 \u00a0 \u00a0 \u00a0 \u00a0 \u00a0 \u00a0 \u00a0 weiter &gt;<\/p>\n","protected":false},"author":1,"featured_media":10160,"parent":0,"menu_order":2,"comment_status":"closed","ping_status":"closed","template":"","meta":{"footnotes":""},"class_list":["post-10169","page","type-page","status-publish","has-post-thumbnail","hentry"],"_links":{"self":[{"href":"https:\/\/welcome-ontour.de\/wordpress\/index.php\/wp-json\/wp\/v2\/pages\/10169","targetHints":{"allow":["GET"]}}],"collection":[{"href":"https:\/\/welcome-ontour.de\/wordpress\/index.php\/wp-json\/wp\/v2\/pages"}],"about":[{"href":"https:\/\/welcome-ontour.de\/wordpress\/index.php\/wp-json\/wp\/v2\/types\/page"}],"author":[{"embeddable":true,"href":"https:\/\/welcome-ontour.de\/wordpress\/index.php\/wp-json\/wp\/v2\/users\/1"}],"replies":[{"embeddable":true,"href":"https:\/\/welcome-ontour.de\/wordpress\/index.php\/wp-json\/wp\/v2\/comments?post=10169"}],"version-history":[{"count":2,"href":"https:\/\/welcome-ontour.de\/wordpress\/index.php\/wp-json\/wp\/v2\/pages\/10169\/revisions"}],"predecessor-version":[{"id":17128,"href":"https:\/\/welcome-ontour.de\/wordpress\/index.php\/wp-json\/wp\/v2\/pages\/10169\/revisions\/17128"}],"wp:featuredmedia":[{"embeddable":true,"href":"https:\/\/welcome-ontour.de\/wordpress\/index.php\/wp-json\/wp\/v2\/media\/10160"}],"wp:attachment":[{"href":"https:\/\/welcome-ontour.de\/wordpress\/index.php\/wp-json\/wp\/v2\/media?parent=10169"}],"curies":[{"name":"wp","href":"https:\/\/api.w.org\/{rel}","templated":true}]}}