{"id":10016,"date":"2020-05-14T14:04:32","date_gmt":"2020-05-14T14:04:32","guid":{"rendered":"https:\/\/welcome-ontour.de\/wordpress\/index.php\/2017-10-09\/"},"modified":"2022-06-30T23:07:04","modified_gmt":"2022-06-30T23:07:04","slug":"2017-10-09","status":"publish","type":"page","link":"https:\/\/welcome-ontour.de\/wordpress\/index.php\/2017-10-09\/","title":{"rendered":"2017 10 09"},"content":{"rendered":"<p style=\"text-align: center;\"><span style=\"font-size: 8pt; font-family: arial, helvetica, sans-serif;\"><a href=\"https:\/\/welcome-ontour.de\/wordpress\/index.php\/2017-09-26-prolog\/\">Prolog<\/a> \u00a0 \u00a0 \u00a0 <a href=\"https:\/\/welcome-ontour.de\/wordpress\/index.php\/2017-09-27\">Anreise<\/a>\u00a0 \u00a0 \u00a0 \u00a0 \u00a0 <a href=\"https:\/\/welcome-ontour.de\/wordpress\/index.php\/2017-09-29\">Kauai<\/a> \u00a0 \u00a0 \u00a0 \u00a0 <a href=\"https:\/\/welcome-ontour.de\/wordpress\/index.php\/2017-10-08\">Oahu<\/a>\u00a0 \u00a0 \u00a0 \u00a0 \u00a0 <a href=\"https:\/\/welcome-ontour.de\/wordpress\/index.php\/2017-10-15\">R\u00fcckreise<\/a> \u00a0 \u00a0 \u00a0 \u00a0 <a href=\"https:\/\/welcome-ontour.de\/wordpress\/index.php\/2017-10-18\">Fazit<\/a><\/span><\/p>\n<p style=\"text-align: center;\"><span style=\"font-family: arial, helvetica, sans-serif; font-size: 10pt;\"><a href=\"https:\/\/welcome-ontour.de\/wordpress\/index.php\/2017-10-08\">&lt; zur\u00fcck<\/a>\u00a0 \u00a0 \u00a0 \u00a0 \u00a0 \u00a0 \u00a0 \u00a0 \u00a0 \u00a0 \u00a0 \u00a0 \u00a0 \u00a0 \u00a0 \u00a0 \u00a0 \u00a0 \u00a0 \u00a0 \u00a0 \u00a0 \u00a0 \u00a0 \u00a0 \u00a0 \u00a0 \u00a0 \u00a0 \u00a0 \u00a0 \u00a0 \u00a0 \u00a0 \u00a0 \u00a0 \u00a0 \u00a0 \u00a0 \u00a0 \u00a0 \u00a0 \u00a0 \u00a0 \u00a0 \u00a0 \u00a0 \u00a0 \u00a0 \u00a0 \u00a0 \u00a0 \u00a0 \u00a0 \u00a0 \u00a0 \u00a0 \u00a0 \u00a0 \u00a0 \u00a0 \u00a0 \u00a0 \u00a0 \u00a0 \u00a0 \u00a0 \u00a0 \u00a0 \u00a0 \u00a0 \u00a0 \u00a0 \u00a0 \u00a0 \u00a0 \u00a0 \u00a0 \u00a0 \u00a0 \u00a0 \u00a0 \u00a0 \u00a0 \u00a0 \u00a0 \u00a0 \u00a0 \u00a0 \u00a0 \u00a0 \u00a0 \u00a0 \u00a0 \u00a0 <a href=\"https:\/\/welcome-ontour.de\/wordpress\/index.php\/2017-10-10\">weiter &gt;<\/a><\/span><\/p>\n<p style=\"text-align: center;\"><span style=\"font-size: 14pt;\"><strong><span style=\"font-family: arial, helvetica, sans-serif;\">Montag, 9.10.<\/span><\/strong><\/span><\/p>\n<p style=\"text-align: center;\"><span style=\"font-size: 14pt;\"><strong><span style=\"font-family: arial, helvetica, sans-serif;\">\u00a0<\/span><\/strong><\/span><\/p>\n<p style=\"text-align: center;\"><span style=\"font-size: 14pt;\"><strong><span style=\"font-family: arial, helvetica, sans-serif;\">Windward Coast<\/span><\/strong><\/span><\/p>\n<p style=\"text-align: center;\"><span style=\"font-family: arial, helvetica, sans-serif; font-size: 12pt;\">\u00a0<\/span><\/p>\n<p style=\"text-align: center;\"><span style=\"font-family: arial, helvetica, sans-serif; font-size: 12pt;\">Die Strahlen der aufgehenden Sonne scheinen direkt ins Schlafzimmer und so werden wir halb sieben geweckt.<\/span><\/p>\n<p style=\"text-align: center;\"><span style=\"font-family: arial, helvetica, sans-serif; font-size: 12pt;\">Nach einem ausf\u00fchrlichen gem\u00fctlichen Breakfast machen wir uns um neun auf die Socken.<\/span><\/p>\n<p style=\"text-align: center;\"><span style=\"font-family: arial, helvetica, sans-serif; font-size: 12pt;\">Zehn Schritte zum Lift, zwanzig Etagen runter und zehn Schritte zum Auto, viel besser geht\u2019s nicht.<\/span><\/p>\n<p style=\"text-align: center;\"><span style=\"font-family: arial, helvetica, sans-serif; font-size: 12pt;\">Zur Interstate sind es f\u00fcnf Minuten Fahrt und bei sch\u00f6nem Sommerwetter <\/span><\/p>\n<p style=\"text-align: center;\"><span style=\"font-family: arial, helvetica, sans-serif; font-size: 12pt;\">fahren wir auf der recht vollen Autobahn westw\u00e4rts bis zum Abzweig Pali Highway.<\/span><\/p>\n<p style=\"text-align: center;\"><span style=\"font-family: arial, helvetica, sans-serif; font-size: 12pt;\">Auf diesem durchqueren wir die Koolau Range.<\/span><\/p>\n<p style=\"text-align: center;\"><span style=\"font-family: arial, helvetica, sans-serif; font-size: 12pt;\">\u00a0<\/span><\/p>\n<p style=\"text-align: center;\"><span style=\"font-family: arial, helvetica, sans-serif; font-size: 12pt;\"><img decoding=\"async\" class=\" size-full wp-image-10005\" title=\"Pali Highway rechts\" src=\"https:\/\/welcome-ontour.de\/wordpress\/wp-content\/uploads\/2020\/05\/phoca_thumb_l_2017-10-09-01.jpg\" alt=\"\" width=\"264\" height=\"199\" srcset=\"https:\/\/welcome-ontour.de\/wordpress\/wp-content\/uploads\/2020\/05\/phoca_thumb_l_2017-10-09-01.jpg 304w, https:\/\/welcome-ontour.de\/wordpress\/wp-content\/uploads\/2020\/05\/phoca_thumb_l_2017-10-09-01-300x226.jpg 300w\" sizes=\"(max-width: 264px) 100vw, 264px\" \/>\u00a0 <img decoding=\"async\" class=\" size-full wp-image-10006\" title=\"Pali Highway\" src=\"https:\/\/welcome-ontour.de\/wordpress\/wp-content\/uploads\/2020\/05\/phoca_thumb_l_2017-10-09-02.jpg\" alt=\"\" width=\"264\" height=\"199\" srcset=\"https:\/\/welcome-ontour.de\/wordpress\/wp-content\/uploads\/2020\/05\/phoca_thumb_l_2017-10-09-02.jpg 304w, https:\/\/welcome-ontour.de\/wordpress\/wp-content\/uploads\/2020\/05\/phoca_thumb_l_2017-10-09-02-300x226.jpg 300w\" sizes=\"(max-width: 264px) 100vw, 264px\" \/>\u00a0 <img decoding=\"async\" class=\" size-full wp-image-10007\" title=\"Tunnel\" src=\"https:\/\/welcome-ontour.de\/wordpress\/wp-content\/uploads\/2020\/05\/phoca_thumb_l_2017-10-09-03.jpg\" alt=\"\" width=\"264\" height=\"199\" srcset=\"https:\/\/welcome-ontour.de\/wordpress\/wp-content\/uploads\/2020\/05\/phoca_thumb_l_2017-10-09-03.jpg 304w, https:\/\/welcome-ontour.de\/wordpress\/wp-content\/uploads\/2020\/05\/phoca_thumb_l_2017-10-09-03-300x226.jpg 300w\" sizes=\"(max-width: 264px) 100vw, 264px\" \/><\/span><\/p>\n<p style=\"text-align: center;\"><span style=\"font-family: arial, helvetica, sans-serif; font-size: 12pt;\">\u00a0<\/span><\/p>\n<p style=\"text-align: center;\"><span style=\"font-family: arial, helvetica, sans-serif; font-size: 12pt;\">Die Gipfel des Gebirgszuges stecken in dicken Regenwolken <\/span><\/p>\n<p style=\"text-align: center;\"><span style=\"font-family: arial, helvetica, sans-serif; font-size: 12pt;\">und kurz vorm Tunnel kommen wir in einen Regenschauer.<\/span><\/p>\n<p style=\"text-align: center;\"><span style=\"font-family: arial, helvetica, sans-serif; font-size: 12pt;\">F\u00e4hrt man schnell genug, bleibt man trocken und das Verdeck kann offen bleiben.<\/span><\/p>\n<p style=\"text-align: center;\"><span style=\"font-family: arial, helvetica, sans-serif; font-size: 12pt;\">Wieder raus aus dem Tunnel sind wir in einer anderen Klimazone.<\/span><\/p>\n<p style=\"text-align: center;\"><span style=\"font-family: arial, helvetica, sans-serif; font-size: 12pt;\">Hier scheint die Sonne und von Regen keine Spur.<\/span><\/p>\n<p style=\"text-align: center;\"><span style=\"font-family: arial, helvetica, sans-serif; font-size: 12pt;\">\u00a0<\/span><\/p>\n<p style=\"text-align: center;\"><span style=\"font-family: arial, helvetica, sans-serif; font-size: 12pt;\"><img decoding=\"async\" class=\" size-full wp-image-10008\" title=\"Windward Coast\" src=\"https:\/\/welcome-ontour.de\/wordpress\/wp-content\/uploads\/2020\/05\/phoca_thumb_l_2017-10-09-04.jpg\" alt=\"\" width=\"400\" height=\"269\" srcset=\"https:\/\/welcome-ontour.de\/wordpress\/wp-content\/uploads\/2020\/05\/phoca_thumb_l_2017-10-09-04.jpg 406w, https:\/\/welcome-ontour.de\/wordpress\/wp-content\/uploads\/2020\/05\/phoca_thumb_l_2017-10-09-04-300x202.jpg 300w\" sizes=\"(max-width: 400px) 100vw, 400px\" \/>\u00a0 <img decoding=\"async\" class=\" size-full wp-image-10009\" title=\"Windward Coast\" src=\"https:\/\/welcome-ontour.de\/wordpress\/wp-content\/uploads\/2020\/05\/phoca_thumb_l_2017-10-09-05.jpg\" alt=\"\" width=\"400\" height=\"269\" srcset=\"https:\/\/welcome-ontour.de\/wordpress\/wp-content\/uploads\/2020\/05\/phoca_thumb_l_2017-10-09-05.jpg 406w, https:\/\/welcome-ontour.de\/wordpress\/wp-content\/uploads\/2020\/05\/phoca_thumb_l_2017-10-09-05-300x202.jpg 300w\" sizes=\"(max-width: 400px) 100vw, 400px\" \/><\/span><\/p>\n<p style=\"text-align: center;\"><span style=\"font-family: arial, helvetica, sans-serif; font-size: 12pt;\">\u00a0<\/span><\/p>\n<p style=\"text-align: center;\"><span style=\"font-family: arial, helvetica, sans-serif; font-size: 12pt;\">An unserem heutigen ersten Strand, dem Kalama Beach bleiben wir etwa eine Stunde.<\/span><\/p>\n<p style=\"text-align: center;\"><span style=\"font-family: arial, helvetica, sans-serif; font-size: 12pt;\">\u00a0<\/span><\/p>\n<p style=\"text-align: center;\"><span style=\"font-family: arial, helvetica, sans-serif; font-size: 12pt;\"><img decoding=\"async\" class=\" size-full wp-image-10010\" title=\"Kalama Beach\" src=\"https:\/\/welcome-ontour.de\/wordpress\/wp-content\/uploads\/2020\/05\/phoca_thumb_l_2017-10-09-06.jpg\" width=\"400\" height=\"269\" srcset=\"https:\/\/welcome-ontour.de\/wordpress\/wp-content\/uploads\/2020\/05\/phoca_thumb_l_2017-10-09-06.jpg 506w, https:\/\/welcome-ontour.de\/wordpress\/wp-content\/uploads\/2020\/05\/phoca_thumb_l_2017-10-09-06-300x202.jpg 300w\" sizes=\"(max-width: 400px) 100vw, 400px\" \/>\u00a0 <img decoding=\"async\" class=\" size-full wp-image-10011\" title=\"Kalama Beach\" src=\"https:\/\/welcome-ontour.de\/wordpress\/wp-content\/uploads\/2020\/05\/phoca_thumb_l_2017-10-09-07.jpg\" alt=\"\" width=\"401\" height=\"269\" srcset=\"https:\/\/welcome-ontour.de\/wordpress\/wp-content\/uploads\/2020\/05\/phoca_thumb_l_2017-10-09-07.jpg 506w, https:\/\/welcome-ontour.de\/wordpress\/wp-content\/uploads\/2020\/05\/phoca_thumb_l_2017-10-09-07-300x201.jpg 300w\" sizes=\"(max-width: 401px) 100vw, 401px\" \/><\/span><\/p>\n<p style=\"text-align: center;\"><span style=\"font-family: arial, helvetica, sans-serif; font-size: 12pt;\">\u00a0<\/span><\/p>\n<p style=\"text-align: center;\"><span style=\"font-family: arial, helvetica, sans-serif; font-size: 12pt;\">Hier an der S\u00fcdostk\u00fcste Oahus, der Windward Coast, ist das Wasser oftmals t\u00fcrkisblau.<\/span><\/p>\n<p style=\"text-align: center;\"><span style=\"font-family: arial, helvetica, sans-serif; font-size: 12pt;\">Danach fahren wir zu einem unserer Lieblingsstr\u00e4nde der Insel.<\/span><\/p>\n<p style=\"text-align: center;\"><span style=\"font-family: arial, helvetica, sans-serif; font-size: 12pt;\">Waimanalo Beach liegt fast nebenan und hier passt so ziemlich alles.<\/span><\/p>\n<p style=\"text-align: center;\"><span style=\"font-family: arial, helvetica, sans-serif; font-size: 12pt;\">\u00a0<\/span><\/p>\n<p style=\"text-align: center;\"><span style=\"font-family: arial, helvetica, sans-serif; font-size: 12pt;\"><img decoding=\"async\" class=\" size-full wp-image-10012\" title=\"Waimanalo\" src=\"https:\/\/welcome-ontour.de\/wordpress\/wp-content\/uploads\/2020\/05\/phoca_thumb_l_2017-10-09-08.jpg\" alt=\"\" width=\"810\" height=\"340\" srcset=\"https:\/\/welcome-ontour.de\/wordpress\/wp-content\/uploads\/2020\/05\/phoca_thumb_l_2017-10-09-08.jpg 810w, https:\/\/welcome-ontour.de\/wordpress\/wp-content\/uploads\/2020\/05\/phoca_thumb_l_2017-10-09-08-300x126.jpg 300w, https:\/\/welcome-ontour.de\/wordpress\/wp-content\/uploads\/2020\/05\/phoca_thumb_l_2017-10-09-08-768x322.jpg 768w\" sizes=\"(max-width: 810px) 100vw, 810px\" \/><\/span><\/p>\n<p style=\"text-align: center;\"><span style=\"font-family: arial, helvetica, sans-serif; font-size: 12pt;\">\u00a0<\/span><\/p>\n<p style=\"text-align: center;\"><span style=\"font-family: arial, helvetica, sans-serif; font-size: 12pt;\">Wir bekommen einen Parkplatz 50 Meter vom Wasser, der Pazifik schimmert einladend, <\/span><\/p>\n<p style=\"text-align: center;\"><span style=\"font-family: arial, helvetica, sans-serif; font-size: 12pt;\">der feinsandige Strand bietet viele schattige Abschnitte und es ist fast windstill.<\/span><\/p>\n<p style=\"text-align: center;\"><span style=\"font-family: arial, helvetica, sans-serif; font-size: 12pt;\">Bleiben drei Stunden hier und genie\u00dfen einfach nur die wunderbare Stimmung.<\/span><\/p>\n<p style=\"text-align: center;\"><span style=\"font-family: arial, helvetica, sans-serif; font-size: 12pt;\">\u00a0<\/span><\/p>\n<p style=\"text-align: center;\"><span style=\"font-family: arial, helvetica, sans-serif; font-size: 12pt;\"><img decoding=\"async\" class=\" size-full wp-image-10013\" title=\"Waimanalo\" src=\"https:\/\/welcome-ontour.de\/wordpress\/wp-content\/uploads\/2020\/05\/phoca_thumb_l_2017-10-09-09.jpg\" alt=\"\" width=\"400\" height=\"268\" srcset=\"https:\/\/welcome-ontour.de\/wordpress\/wp-content\/uploads\/2020\/05\/phoca_thumb_l_2017-10-09-09.jpg 506w, https:\/\/welcome-ontour.de\/wordpress\/wp-content\/uploads\/2020\/05\/phoca_thumb_l_2017-10-09-09-300x201.jpg 300w\" sizes=\"(max-width: 400px) 100vw, 400px\" \/>\u00a0 <img decoding=\"async\" class=\" size-full wp-image-10014\" title=\"Waimanalo\" src=\"https:\/\/welcome-ontour.de\/wordpress\/wp-content\/uploads\/2020\/05\/phoca_thumb_l_2017-10-09-10.jpg\" alt=\"\" width=\"400\" height=\"268\" srcset=\"https:\/\/welcome-ontour.de\/wordpress\/wp-content\/uploads\/2020\/05\/phoca_thumb_l_2017-10-09-10.jpg 506w, https:\/\/welcome-ontour.de\/wordpress\/wp-content\/uploads\/2020\/05\/phoca_thumb_l_2017-10-09-10-300x201.jpg 300w\" sizes=\"(max-width: 400px) 100vw, 400px\" \/><\/span><\/p>\n<p style=\"text-align: center;\"><span style=\"font-family: arial, helvetica, sans-serif; font-size: 12pt;\">\u00a0<\/span><\/p>\n<p style=\"text-align: center;\"><span style=\"font-family: arial, helvetica, sans-serif; font-size: 12pt;\">Das Meer hat 30\u00b0C und es gibt keine Steine im Wasser.<\/span><\/p>\n<p style=\"text-align: center;\"><span style=\"font-family: arial, helvetica, sans-serif; font-size: 12pt;\">Der R\u00fcckweg nach Honolulu f\u00fchrt uns an der S\u00fcdk\u00fcste entlang.<\/span><\/p>\n<p style=\"text-align: center;\"><span style=\"font-family: arial, helvetica, sans-serif; font-size: 12pt;\">\u00a0<\/span><\/p>\n<p style=\"text-align: center;\"><span style=\"font-family: arial, helvetica, sans-serif; font-size: 12pt;\"><img decoding=\"async\" class=\" size-full wp-image-10015\" title=\"Bikini Atoll\" src=\"https:\/\/welcome-ontour.de\/wordpress\/wp-content\/uploads\/2020\/05\/phoca_thumb_l_2017-10-09-11.jpg\" alt=\"\" width=\"500\" height=\"284\" srcset=\"https:\/\/welcome-ontour.de\/wordpress\/wp-content\/uploads\/2020\/05\/phoca_thumb_l_2017-10-09-11.jpg 606w, https:\/\/welcome-ontour.de\/wordpress\/wp-content\/uploads\/2020\/05\/phoca_thumb_l_2017-10-09-11-300x170.jpg 300w\" sizes=\"(max-width: 500px) 100vw, 500px\" \/><\/span><\/p>\n<p style=\"text-align: center;\"><span style=\"font-family: arial, helvetica, sans-serif; font-size: 12pt;\">\u00a0<\/span><\/p>\n<p style=\"text-align: center;\"><span style=\"font-family: arial, helvetica, sans-serif; font-size: 12pt;\">Vorbei am Makapuu Lighthouse und dem Koko Krater sind wir um sechs wieder in Waikiki.<\/span><\/p>\n<p style=\"text-align: center;\"><span style=\"font-family: arial, helvetica, sans-serif; font-size: 12pt;\">Der Hunger l\u00e4sst uns an der Interstate Abfahrt halten.<\/span><\/p>\n<p style=\"text-align: center;\"><span style=\"font-family: arial, helvetica, sans-serif; font-size: 12pt;\">In dem kleinen Thai Restaurant von Gestern schmecken Spicy Seafood und Red Curry hervorragend.<\/span><\/p>\n<p style=\"text-align: center;\"><span style=\"font-family: arial, helvetica, sans-serif; font-size: 12pt;\">Wir m\u00f6gen den Geschmack von Lemongrass, Ginger und frischem Koriander.<\/span><\/p>\n<p style=\"text-align: center;\"><span style=\"font-family: arial, helvetica, sans-serif; font-size: 12pt;\">Unser Tag endet mit leckeren Mai Tais auf dem Balkon.<\/span><\/p>\n<p style=\"text-align: center;\"><span style=\"font-family: arial, helvetica, sans-serif; font-size: 12pt;\">\u00a0<\/span><\/p>\n<p style=\"text-align: center;\"><span style=\"font-family: arial, helvetica, sans-serif; font-size: 12pt;\">Gefahrene Meilen \/ Kilometer: 44 \/ 70<\/span><\/p>\n<p style=\"text-align: center;\"><span style=\"font-family: arial, helvetica, sans-serif; font-size: 12pt;\">\u00a0<\/span><\/p>\n<p style=\"text-align: center;\"><span style=\"font-family: arial, helvetica, sans-serif; font-size: 12pt;\">Unterkunft: Aston At The Waikiki Banyan, Honolulu Oahu, Hawaii $135 ****<\/span><\/p>\n<p style=\"text-align: center;\"><span style=\"font-family: arial, helvetica, sans-serif; font-size: 12pt;\"><img decoding=\"async\" class=\" size-full wp-image-9647\" title=\"Kauai &amp; Oahu\" src=\"https:\/\/welcome-ontour.de\/wordpress\/wp-content\/uploads\/2020\/05\/phoca_thumb_l_2017-09-26-02-hangloose.jpg\" width=\"280\" height=\"189\" srcset=\"https:\/\/welcome-ontour.de\/wordpress\/wp-content\/uploads\/2020\/05\/phoca_thumb_l_2017-09-26-02-hangloose.jpg 400w, https:\/\/welcome-ontour.de\/wordpress\/wp-content\/uploads\/2020\/05\/phoca_thumb_l_2017-09-26-02-hangloose-300x203.jpg 300w\" sizes=\"(max-width: 280px) 100vw, 280px\" \/><\/span><\/p>\n<p style=\"text-align: center;\"><span style=\"font-family: arial, helvetica, sans-serif; font-size: 10pt;\"><a href=\"https:\/\/welcome-ontour.de\/wordpress\/index.php\/2017-10-08\">&lt; zur\u00fcck<\/a>\u00a0 \u00a0 \u00a0 \u00a0 \u00a0 \u00a0 \u00a0 \u00a0 \u00a0 \u00a0 \u00a0 \u00a0 \u00a0 \u00a0 \u00a0 \u00a0 \u00a0 \u00a0 \u00a0 \u00a0 \u00a0 \u00a0 \u00a0 \u00a0 \u00a0 \u00a0 \u00a0 \u00a0 \u00a0 \u00a0 \u00a0 \u00a0 \u00a0 \u00a0 \u00a0 \u00a0 \u00a0 \u00a0 \u00a0 \u00a0 \u00a0 \u00a0 \u00a0 \u00a0 \u00a0 \u00a0 \u00a0 \u00a0 \u00a0 \u00a0 \u00a0 \u00a0 \u00a0 \u00a0 \u00a0 \u00a0 \u00a0 \u00a0 \u00a0 \u00a0 \u00a0 \u00a0 \u00a0 \u00a0 \u00a0 \u00a0 \u00a0 \u00a0 \u00a0 \u00a0 \u00a0 \u00a0 \u00a0 \u00a0 \u00a0 \u00a0 \u00a0 \u00a0 \u00a0 \u00a0 \u00a0 \u00a0 \u00a0 \u00a0 \u00a0 \u00a0 \u00a0 \u00a0 \u00a0 \u00a0 \u00a0 \u00a0 \u00a0 \u00a0 \u00a0 <a href=\"https:\/\/welcome-ontour.de\/wordpress\/index.php\/2017-10-10\">weiter &gt;<\/a><\/span><\/p>\n","protected":false},"excerpt":{"rendered":"<p>Prolog \u00a0 \u00a0 \u00a0 Anreise\u00a0 \u00a0 \u00a0 \u00a0 \u00a0 Kauai \u00a0 \u00a0 \u00a0 \u00a0 Oahu\u00a0 \u00a0 \u00a0 \u00a0 \u00a0 R\u00fcckreise \u00a0 \u00a0 \u00a0 \u00a0 Fazit &lt; zur\u00fcck\u00a0 \u00a0 \u00a0 \u00a0 \u00a0 \u00a0 \u00a0 \u00a0 \u00a0 \u00a0 \u00a0 \u00a0 \u00a0 \u00a0 \u00a0 \u00a0 \u00a0 \u00a0 \u00a0 \u00a0 \u00a0 \u00a0 \u00a0 \u00a0 \u00a0 \u00a0 \u00a0 \u00a0 \u00a0 \u00a0 \u00a0 \u00a0 \u00a0 \u00a0 \u00a0 \u00a0 \u00a0 \u00a0 \u00a0 \u00a0 \u00a0 \u00a0 \u00a0 \u00a0 \u00a0 \u00a0 \u00a0 \u00a0 \u00a0 \u00a0 \u00a0 \u00a0 \u00a0 \u00a0 \u00a0 \u00a0 \u00a0 \u00a0 \u00a0 \u00a0 \u00a0 \u00a0 \u00a0 \u00a0 \u00a0 \u00a0 \u00a0 \u00a0 \u00a0 \u00a0 \u00a0 \u00a0 \u00a0 \u00a0 \u00a0 \u00a0 \u00a0 \u00a0 \u00a0 \u00a0 \u00a0 \u00a0 \u00a0 \u00a0 \u00a0 \u00a0 \u00a0 \u00a0 \u00a0 \u00a0 \u00a0 \u00a0 \u00a0 \u00a0 \u00a0 weiter &gt; Montag, 9.10. \u00a0 Windward Coast \u00a0 Die Strahlen der aufgehenden Sonne scheinen direkt ins Schlafzimmer und so werden wir halb sieben geweckt. Nach einem ausf\u00fchrlichen gem\u00fctlichen Breakfast machen wir uns um neun auf die Socken. Zehn Schritte zum Lift, zwanzig Etagen runter und zehn Schritte zum Auto, viel besser geht\u2019s nicht. Zur Interstate sind es f\u00fcnf Minuten Fahrt und bei sch\u00f6nem Sommerwetter fahren wir auf der recht vollen Autobahn westw\u00e4rts bis zum Abzweig Pali Highway. Auf diesem durchqueren wir die Koolau Range. \u00a0 \u00a0 \u00a0 \u00a0 Die Gipfel des Gebirgszuges stecken in dicken Regenwolken und kurz vorm Tunnel kommen wir in einen Regenschauer. F\u00e4hrt man schnell genug, bleibt man trocken und das Verdeck kann offen bleiben. Wieder raus aus dem Tunnel sind wir in einer anderen Klimazone. Hier scheint die Sonne und von Regen keine Spur. \u00a0 \u00a0 \u00a0 An unserem heutigen ersten Strand, dem Kalama Beach bleiben wir etwa eine Stunde. \u00a0 \u00a0 \u00a0 Hier an der S\u00fcdostk\u00fcste Oahus, der Windward Coast, ist das Wasser oftmals t\u00fcrkisblau. Danach fahren wir zu einem unserer Lieblingsstr\u00e4nde der Insel. Waimanalo Beach liegt fast nebenan und hier passt so ziemlich alles. \u00a0 \u00a0 Wir bekommen einen Parkplatz 50 Meter vom Wasser, der Pazifik schimmert einladend, der feinsandige Strand bietet viele schattige Abschnitte und es ist fast windstill. Bleiben drei Stunden hier und genie\u00dfen einfach nur die wunderbare Stimmung. \u00a0 \u00a0 \u00a0 Das Meer hat 30\u00b0C und es gibt keine Steine im Wasser. Der R\u00fcckweg nach Honolulu f\u00fchrt uns an der S\u00fcdk\u00fcste entlang. \u00a0 \u00a0 Vorbei am Makapuu Lighthouse und dem Koko Krater sind wir um sechs wieder in Waikiki. Der Hunger l\u00e4sst uns an der Interstate Abfahrt halten. In dem kleinen Thai Restaurant von Gestern schmecken Spicy Seafood und Red Curry hervorragend. Wir m\u00f6gen den Geschmack von Lemongrass, Ginger und frischem Koriander. Unser Tag endet mit leckeren Mai Tais auf dem Balkon. \u00a0 Gefahrene Meilen \/ Kilometer: 44 \/ 70 \u00a0 Unterkunft: Aston At The Waikiki Banyan, Honolulu Oahu, Hawaii $135 **** &lt; zur\u00fcck\u00a0 \u00a0 \u00a0 \u00a0 \u00a0 \u00a0 \u00a0 \u00a0 \u00a0 \u00a0 \u00a0 \u00a0 \u00a0 \u00a0 \u00a0 \u00a0 \u00a0 \u00a0 \u00a0 \u00a0 \u00a0 \u00a0 \u00a0 \u00a0 \u00a0 \u00a0 \u00a0 \u00a0 \u00a0 \u00a0 \u00a0 \u00a0 \u00a0 \u00a0 \u00a0 \u00a0 \u00a0 \u00a0 \u00a0 \u00a0 \u00a0 \u00a0 \u00a0 \u00a0 \u00a0 \u00a0 \u00a0 \u00a0 \u00a0 \u00a0 \u00a0 \u00a0 \u00a0 \u00a0 \u00a0 \u00a0 \u00a0 \u00a0 \u00a0 \u00a0 \u00a0 \u00a0 \u00a0 \u00a0 \u00a0 \u00a0 \u00a0 \u00a0 \u00a0 \u00a0 \u00a0 \u00a0 \u00a0 \u00a0 \u00a0 \u00a0 \u00a0 \u00a0 \u00a0 \u00a0 \u00a0 \u00a0 \u00a0 \u00a0 \u00a0 \u00a0 \u00a0 \u00a0 \u00a0 \u00a0 \u00a0 \u00a0 \u00a0 \u00a0 \u00a0 weiter &gt;<\/p>\n","protected":false},"author":1,"featured_media":10005,"parent":0,"menu_order":9,"comment_status":"closed","ping_status":"closed","template":"","meta":{"footnotes":""},"class_list":["post-10016","page","type-page","status-publish","has-post-thumbnail","hentry"],"_links":{"self":[{"href":"https:\/\/welcome-ontour.de\/wordpress\/index.php\/wp-json\/wp\/v2\/pages\/10016","targetHints":{"allow":["GET"]}}],"collection":[{"href":"https:\/\/welcome-ontour.de\/wordpress\/index.php\/wp-json\/wp\/v2\/pages"}],"about":[{"href":"https:\/\/welcome-ontour.de\/wordpress\/index.php\/wp-json\/wp\/v2\/types\/page"}],"author":[{"embeddable":true,"href":"https:\/\/welcome-ontour.de\/wordpress\/index.php\/wp-json\/wp\/v2\/users\/1"}],"replies":[{"embeddable":true,"href":"https:\/\/welcome-ontour.de\/wordpress\/index.php\/wp-json\/wp\/v2\/comments?post=10016"}],"version-history":[{"count":2,"href":"https:\/\/welcome-ontour.de\/wordpress\/index.php\/wp-json\/wp\/v2\/pages\/10016\/revisions"}],"predecessor-version":[{"id":17121,"href":"https:\/\/welcome-ontour.de\/wordpress\/index.php\/wp-json\/wp\/v2\/pages\/10016\/revisions\/17121"}],"wp:featuredmedia":[{"embeddable":true,"href":"https:\/\/welcome-ontour.de\/wordpress\/index.php\/wp-json\/wp\/v2\/media\/10005"}],"wp:attachment":[{"href":"https:\/\/welcome-ontour.de\/wordpress\/index.php\/wp-json\/wp\/v2\/media?parent=10016"}],"curies":[{"name":"wp","href":"https:\/\/api.w.org\/{rel}","templated":true}]}}